{"id":1536,"date":"2021-07-14T09:09:18","date_gmt":"2021-07-14T07:09:18","guid":{"rendered":"https:\/\/www.danosa.com\/fr-fr\/?page_id=1536"},"modified":"2025-10-09T10:09:09","modified_gmt":"2025-10-09T08:09:09","slug":"reseau-commercial","status":"publish","type":"page","link":"https:\/\/www.danosa.com\/fr-fr\/contact\/reseau-commercial\/","title":{"rendered":"R\u00e9seau commercial"},"content":{"rendered":"\n<div class=\"wp-block-cover alignfull page-header\" id=\"jobs-header\"><span aria-hidden=\"true\" class=\"wp-block-cover__gradient-background has-background-dim\"><\/span><img loading=\"lazy\" width=\"1920\" height=\"404\" class=\"wp-block-cover__image-background wp-image-6970\" alt=\"\" src=\"https:\/\/www.danosa.com\/fr-fr\/wp-content\/uploads\/sites\/4\/2021\/09\/Danosa-contacto-1.jpg\" data-object-fit=\"cover\" srcset=\"https:\/\/www.danosa.com\/fr-fr\/wp-content\/uploads\/sites\/4\/2021\/09\/Danosa-contacto-1.jpg 1920w, https:\/\/www.danosa.com\/fr-fr\/wp-content\/uploads\/sites\/4\/2021\/09\/Danosa-contacto-1-300x63.jpg 300w, https:\/\/www.danosa.com\/fr-fr\/wp-content\/uploads\/sites\/4\/2021\/09\/Danosa-contacto-1-1024x215.jpg 1024w, https:\/\/www.danosa.com\/fr-fr\/wp-content\/uploads\/sites\/4\/2021\/09\/Danosa-contacto-1-768x162.jpg 768w, https:\/\/www.danosa.com\/fr-fr\/wp-content\/uploads\/sites\/4\/2021\/09\/Danosa-contacto-1-1536x323.jpg 1536w\" sizes=\"(max-width: 1920px) 100vw, 1920px\" \/><div class=\"wp-block-cover__inner-container\">\n<h1 class=\"has-white-color has-text-color\">R\u00e9seau commercial<\/h1>\n\n\n\n<p class=\"has-white-color has-text-color\"><\/p>\n<\/div><\/div>\n\n\n<div class=\"menu-contact-container\"><ul id=\"menu-contact\" class=\"menu contact-menu\"><li id=\"menu-item-1534\" class=\"menu-item menu-item-type-post_type menu-item-object-page menu-item-1534\"><a href=\"https:\/\/www.danosa.com\/fr-fr\/contact\/\" class=\"menu-link\">Formulaire de contact<\/a><\/li>\n<li id=\"menu-item-1539\" class=\"menu-item menu-item-type-post_type menu-item-object-page menu-item-1539\"><a href=\"https:\/\/www.danosa.com\/fr-fr\/contact\/adresses\/\" class=\"menu-link\">Adresses<\/a><\/li>\n<li id=\"menu-item-1540\" class=\"menu-item menu-item-type-post_type menu-item-object-page menu-item-1540\"><a href=\"https:\/\/www.danosa.com\/fr-fr\/contact\/reseau-commercial\/\" class=\"menu-link\">R\u00e9seau commercial &#8211; DANOSA FRANCE S.A.<\/a><\/li>\n<\/ul><\/div>\n\n\n\n<h2 class=\"delegaciones-title\">Carte commerciaux Danosa France<\/h2>\n\n\n\n<div class=\"wp-container-1 wp-block-group alignfull sales-row sales-row-white\"><div class=\"wp-block-group__inner-container\">\n<div class=\"wp-block-columns sales-cols\">\n<div class=\"wp-block-column\"><div id=\"sales-block_05eb7661b32a7b55862902dac006da5b\" class=\"sales fade-top\">\r\n\r\n\t\t<div>\r\n\t        <h4 class=\"sales-city\">Nord-Ouest (14-16-17-22-29-35-37-44-49-50-53-56-61-72-79-85-86)<\/h4>\r\n\t        \r\n\t        \t<div class=\"sales-photo\" alt=\"Kevin BRACAT\">KB<\/div>\r\n\t    \t\r\n\t        <span class=\"sales-name\">Kevin BRACAT<\/span>\r\n\r\n\t        \t        <span class=\"sales-phone\">Tel: <span>07 88 26 87 86<\/span><\/span>\r\n\t    \t\r\n\r\n\t        \t        <span class=\"sales-email\">Email: <a href=\"mailto:kbracat@danosa.com\">kbracat@danosa.com<\/a><\/span>\r\n\t        \t    <\/div>\r\n\r\n\r\n\r\n<\/div><\/div>\n\n\n\n<div class=\"wp-block-column\"><div id=\"sales-block_f043bd6d63e5008a927e680ea6d6eb95\" class=\"sales fade-top\">\r\n\r\n\t\t<div>\r\n\t        <h4 class=\"sales-city\">IDF et Nord (02-27-59-60-62-75-76-78-80-92-93-95)<\/h4>\r\n\t        \r\n\t        \t<div class=\"sales-photo\" alt=\"Slavicha DRUMIC \">SD<\/div>\r\n\t    \t\r\n\t        <span class=\"sales-name\">Slavicha DRUMIC <\/span>\r\n\r\n\t        \t        <span class=\"sales-phone\">Tel: <span>06 42 81 39 39<\/span><\/span>\r\n\t    \t\r\n\r\n\t        \t        <span class=\"sales-email\">Email: <a href=\"mailto:sdrumic@danosa.com\">sdrumic@danosa.com<\/a><\/span>\r\n\t        \t    <\/div>\r\n\r\n\r\n\r\n<\/div><\/div>\n\n\n\n<div class=\"wp-block-column\"><div id=\"sales-block_7b3f252e165beed79f18d7d176238494\" class=\"sales fade-top\">\r\n\r\n\t\t<div>\r\n\t        <h4 class=\"sales-city\">Est (08-10-21-25-39-51-52-54-55-57-70-88-67-68-90)<\/h4>\r\n\t        \r\n\t        \t<div class=\"sales-photo\" alt=\"Marc BIRGEL\">MB<\/div>\r\n\t    \t\r\n\t        <span class=\"sales-name\">Marc BIRGEL<\/span>\r\n\r\n\t        \t        <span class=\"sales-phone\">Tel: <span>06 01 41 36 68 <\/span><\/span>\r\n\t    \t\r\n\r\n\t        \t        <span class=\"sales-email\">Email: <a href=\"mailto:mbirgel@danosa.com\">mbirgel@danosa.com<\/a><\/span>\r\n\t        \t    <\/div>\r\n\r\n\r\n\r\n<\/div><\/div>\n<\/div>\n<\/div><\/div>\n\n\n\n<div class=\"wp-container-2 wp-block-group alignfull sales-row sales-row-white has-background\" style=\"background-color:#eef3f6\"><div class=\"wp-block-group__inner-container\">\n<div class=\"wp-block-columns sales-cols\">\n<div class=\"wp-block-column\"><div id=\"sales-block_b14f076e9081b5bfdd3cbc9fbf567e16\" class=\"sales fade-top\">\r\n\r\n\t\t<div>\r\n\t        <h4 class=\"sales-city\">PACA &#038; Corse (04-05-06-2A-2B-13-83-84)<\/h4>\r\n\t        \r\n\t        \t<div class=\"sales-photo\" alt=\"Anthony ROMEO \">AR<\/div>\r\n\t    \t\r\n\t        <span class=\"sales-name\">Anthony ROMEO <\/span>\r\n\r\n\t        \t        <span class=\"sales-phone\">Tel: <span>07 89 24 93 52<\/span><\/span>\r\n\t    \t\r\n\r\n\t        \t        <span class=\"sales-email\">Email: <a href=\"mailto:aromeo@danosa.com\">aromeo@danosa.com<\/a><\/span>\r\n\t        \t    <\/div>\r\n\r\n\r\n\r\n<\/div><\/div>\n\n\n\n<div class=\"wp-block-column\"><div id=\"sales-block_020cede46b3c56c68f36bb47852e38cc\" class=\"sales fade-top\">\r\n\r\n\t\t<div>\r\n\t        <h4 class=\"sales-city\">Nouvelle Aquitaine (24-32-33-40-47-64-65-87-31)<\/h4>\r\n\t        \r\n\t        \t<div class=\"sales-photo\" alt=\"Ivan GON\u00c7ALVES\">IG<\/div>\r\n\t    \t\r\n\t        <span class=\"sales-name\">Ivan GON\u00c7ALVES<\/span>\r\n\r\n\t        \t        <span class=\"sales-phone\">Tel: <span>06 08 26 98 35<\/span><\/span>\r\n\t    \t\r\n\r\n\t        \t        <span class=\"sales-email\">Email: <a href=\"mailto:igoncalves@danosa.com\">igoncalves@danosa.com<\/a><\/span>\r\n\t        \t    <\/div>\r\n\r\n\r\n\r\n<\/div><\/div>\n\n\n\n<div class=\"wp-block-column\"><div id=\"sales-block_bfe2a7853b030c8fb00388bcb41a04e4\" class=\"sales fade-top\">\r\n\r\n\t\t<div>\r\n\t        <h4 class=\"sales-city\">Auvergne \u2013Rh\u00f4ne-Alpes (01-03-07-15-19-23-26-38-42-43-63-69-71-73-74)<\/h4>\r\n\t        \r\n\t        \t<div class=\"sales-photo\" alt=\"Laurent LEMAITRE\">LL<\/div>\r\n\t    \t\r\n\t        <span class=\"sales-name\">Laurent LEMAITRE<\/span>\r\n\r\n\t        \t        <span class=\"sales-phone\">Tel: <span>06 82 83 63 00<\/span><\/span>\r\n\t    \t\r\n\r\n\t        \t        <span class=\"sales-email\">Email: <a href=\"mailto:llemaitre@danosa.com\">llemaitre@danosa.com<\/a><\/span>\r\n\t        \t    <\/div>\r\n\r\n\r\n\r\n<\/div><\/div>\n<\/div>\n\n\n\n<p><\/p>\n<\/div><\/div>\n\n\n\n<div class=\"wp-container-3 wp-block-group alignfull sales-row sales-row-white\"><div class=\"wp-block-group__inner-container\">\n<div class=\"wp-block-columns sales-cols\">\n<div class=\"wp-block-column\"><div id=\"sales-block_82338f5f30d5e589574b70c7e7b9936d\" class=\"sales fade-top\">\r\n\r\n\t\t<div>\r\n\t        <h4 class=\"sales-city\">Responsable Technique<\/h4>\r\n\t        \r\n\t        \t<div class=\"sales-photo\" alt=\"Francisco SANCHEZ\">FS<\/div>\r\n\t    \t\r\n\t        <span class=\"sales-name\">Francisco SANCHEZ<\/span>\r\n\r\n\t        \r\n\r\n\t        \t        <span class=\"sales-email\">Email: <a href=\"mailto:fsanchez@danosa.com\">fsanchez@danosa.com<\/a><\/span>\r\n\t        \t    <\/div>\r\n\r\n\r\n\r\n<\/div><\/div>\n\n\n\n<div class=\"wp-block-column\"><div id=\"sales-block_82ea4958bc7a63e82295418638fee3f6\" class=\"sales fade-top\">\r\n\r\n\t\t<div>\r\n\t        <h4 class=\"sales-city\">Ing\u00e9nieur Technique<\/h4>\r\n\t        \r\n\t        \t<div class=\"sales-photo\" alt=\"Tidiane MAMBOU\">TM<\/div>\r\n\t    \t\r\n\t        <span class=\"sales-name\">Tidiane MAMBOU<\/span>\r\n\r\n\t        \r\n\r\n\t        \t        <span class=\"sales-email\">Email: <a href=\"mailto:tmambou@danosa.com\">tmambou@danosa.com<\/a><\/span>\r\n\t        \t    <\/div>\r\n\r\n\r\n\r\n<\/div><\/div>\n\n\n\n<div class=\"wp-block-column\"><\/div>\n<\/div>\n<\/div><\/div>\n\n\n\n<div class=\"wp-block-image\"><figure class=\"aligncenter size-full\"><img loading=\"lazy\" width=\"768\" height=\"682\" src=\"https:\/\/www.danosa.com\/fr-fr\/wp-content\/uploads\/sites\/4\/2024\/03\/fr_MOD.png\" alt=\"\" class=\"wp-image-9165\" srcset=\"https:\/\/www.danosa.com\/fr-fr\/wp-content\/uploads\/sites\/4\/2024\/03\/fr_MOD.png 768w, https:\/\/www.danosa.com\/fr-fr\/wp-content\/uploads\/sites\/4\/2024\/03\/fr_MOD-300x266.png 300w\" sizes=\"(max-width: 768px) 100vw, 768px\" \/><\/figure><\/div>\n","protected":false},"excerpt":{"rendered":"<p>Carte commerciaux Danosa France<\/p>\n","protected":false},"author":1,"featured_media":0,"parent":90,"menu_order":0,"comment_status":"closed","ping_status":"closed","template":"","meta":{"inline_featured_image":false,"site-sidebar-layout":"default","site-content-layout":"default","ast-main-header-display":"","ast-hfb-above-header-display":"","ast-hfb-below-header-display":"","ast-hfb-mobile-header-display":"","site-post-title":"disabled","ast-breadcrumbs-content":"","ast-featured-img":"","footer-sml-layout":"","theme-transparent-header-meta":"default","adv-header-id-meta":"","stick-header-meta":"default","header-above-stick-meta":"","header-main-stick-meta":"","header-below-stick-meta":""},"acf":[],"yoast_head":"<!-- This site is optimized with the Yoast SEO plugin v18.1 - https:\/\/yoast.com\/wordpress\/plugins\/seo\/ -->\n<title>R\u00e9seau de vente Danosa | Repr\u00e9sentants commerciaux et coordonn\u00e9es<\/title>\n<meta name=\"description\" content=\"Rencontrez les repr\u00e9sentants commerciaux de Danosa dans les diff\u00e9rentes r\u00e9gions de France. Ainsi que leurs coordonn\u00e9es (t\u00e9l\u00e9phone \/ e-mail).\" \/>\n<meta name=\"robots\" content=\"index, follow, max-snippet:-1, max-image-preview:large, max-video-preview:-1\" \/>\n<link rel=\"canonical\" href=\"https:\/\/www.danosa.com\/fr-fr\/contact\/reseau-commercial\/\" \/>\n<meta property=\"og:locale\" content=\"fr_FR\" \/>\n<meta property=\"og:type\" content=\"article\" \/>\n<meta property=\"og:title\" content=\"R\u00e9seau de vente Danosa | Repr\u00e9sentants commerciaux et coordonn\u00e9es\" \/>\n<meta property=\"og:description\" content=\"Rencontrez les repr\u00e9sentants commerciaux de Danosa dans les diff\u00e9rentes r\u00e9gions de France. Ainsi que leurs coordonn\u00e9es (t\u00e9l\u00e9phone \/ e-mail).\" \/>\n<meta property=\"og:url\" content=\"https:\/\/www.danosa.com\/fr-fr\/contact\/reseau-commercial\/\" \/>\n<meta property=\"og:site_name\" content=\"Produits pour la construction | Danosa France\" \/>\n<meta property=\"article:modified_time\" content=\"2025-10-09T08:09:09+00:00\" \/>\n<meta property=\"og:image\" content=\"https:\/\/www.danosa.com\/fr-fr\/wp-content\/uploads\/sites\/4\/2021\/09\/Danosa-contacto-1.jpg\" \/>\n<meta name=\"twitter:card\" content=\"summary_large_image\" \/>\n<meta name=\"twitter:label1\" content=\"Dur\u00e9e de lecture estim\u00e9e\" \/>\n\t<meta name=\"twitter:data1\" content=\"1 minute\" \/>\n<script type=\"application\/ld+json\" class=\"yoast-schema-graph\">{\"@context\":\"https:\/\/schema.org\",\"@graph\":[{\"@type\":\"WebSite\",\"@id\":\"https:\/\/www.danosa.com\/fr-fr\/#website\",\"url\":\"https:\/\/www.danosa.com\/fr-fr\/\",\"name\":\"Produits pour la construction | Danosa France\",\"description\":\"Fabricant de produits, syst\u00e8mes et solutions pour la construction\",\"potentialAction\":[{\"@type\":\"SearchAction\",\"target\":{\"@type\":\"EntryPoint\",\"urlTemplate\":\"https:\/\/www.danosa.com\/fr-fr\/?s={search_term_string}\"},\"query-input\":\"required name=search_term_string\"}],\"inLanguage\":\"fr-FR\"},{\"@type\":\"ImageObject\",\"@id\":\"https:\/\/www.danosa.com\/fr-fr\/contact\/reseau-commercial\/#primaryimage\",\"inLanguage\":\"fr-FR\",\"url\":\"https:\/\/www.danosa.com\/fr-fr\/wp-content\/uploads\/sites\/4\/2021\/09\/Danosa-contacto-1.jpg\",\"contentUrl\":\"https:\/\/www.danosa.com\/fr-fr\/wp-content\/uploads\/sites\/4\/2021\/09\/Danosa-contacto-1.jpg\",\"width\":1920,\"height\":404},{\"@type\":\"WebPage\",\"@id\":\"https:\/\/www.danosa.com\/fr-fr\/contact\/reseau-commercial\/#webpage\",\"url\":\"https:\/\/www.danosa.com\/fr-fr\/contact\/reseau-commercial\/\",\"name\":\"R\u00e9seau de vente Danosa | Repr\u00e9sentants commerciaux et coordonn\u00e9es\",\"isPartOf\":{\"@id\":\"https:\/\/www.danosa.com\/fr-fr\/#website\"},\"primaryImageOfPage\":{\"@id\":\"https:\/\/www.danosa.com\/fr-fr\/contact\/reseau-commercial\/#primaryimage\"},\"datePublished\":\"2021-07-14T07:09:18+00:00\",\"dateModified\":\"2025-10-09T08:09:09+00:00\",\"description\":\"Rencontrez les repr\u00e9sentants commerciaux de Danosa dans les diff\u00e9rentes r\u00e9gions de France. Ainsi que leurs coordonn\u00e9es (t\u00e9l\u00e9phone \/ e-mail).\",\"breadcrumb\":{\"@id\":\"https:\/\/www.danosa.com\/fr-fr\/contact\/reseau-commercial\/#breadcrumb\"},\"inLanguage\":\"fr-FR\",\"potentialAction\":[{\"@type\":\"ReadAction\",\"target\":[\"https:\/\/www.danosa.com\/fr-fr\/contact\/reseau-commercial\/\"]}]},{\"@type\":\"BreadcrumbList\",\"@id\":\"https:\/\/www.danosa.com\/fr-fr\/contact\/reseau-commercial\/#breadcrumb\",\"itemListElement\":[{\"@type\":\"ListItem\",\"position\":1,\"name\":\"Portada\",\"item\":\"https:\/\/www.danosa.com\/fr-fr\/\"},{\"@type\":\"ListItem\",\"position\":2,\"name\":\"Contact\",\"item\":\"https:\/\/www.danosa.com\/fr-fr\/contact\/\"},{\"@type\":\"ListItem\",\"position\":3,\"name\":\"R\u00e9seau commercial\"}]}]}<\/script>\n<!-- \/ Yoast SEO plugin. -->","yoast_head_json":{"title":"R\u00e9seau de vente Danosa | Repr\u00e9sentants commerciaux et coordonn\u00e9es","description":"Rencontrez les repr\u00e9sentants commerciaux de Danosa dans les diff\u00e9rentes r\u00e9gions de France. Ainsi que leurs coordonn\u00e9es (t\u00e9l\u00e9phone \/ e-mail).","robots":{"index":"index","follow":"follow","max-snippet":"max-snippet:-1","max-image-preview":"max-image-preview:large","max-video-preview":"max-video-preview:-1"},"canonical":"https:\/\/www.danosa.com\/fr-fr\/contact\/reseau-commercial\/","og_locale":"fr_FR","og_type":"article","og_title":"R\u00e9seau de vente Danosa | Repr\u00e9sentants commerciaux et coordonn\u00e9es","og_description":"Rencontrez les repr\u00e9sentants commerciaux de Danosa dans les diff\u00e9rentes r\u00e9gions de France. Ainsi que leurs coordonn\u00e9es (t\u00e9l\u00e9phone \/ e-mail).","og_url":"https:\/\/www.danosa.com\/fr-fr\/contact\/reseau-commercial\/","og_site_name":"Produits pour la construction | Danosa France","article_modified_time":"2025-10-09T08:09:09+00:00","og_image":[{"url":"https:\/\/www.danosa.com\/fr-fr\/wp-content\/uploads\/sites\/4\/2021\/09\/Danosa-contacto-1.jpg"}],"twitter_card":"summary_large_image","twitter_misc":{"Dur\u00e9e de lecture estim\u00e9e":"1 minute"},"schema":{"@context":"https:\/\/schema.org","@graph":[{"@type":"WebSite","@id":"https:\/\/www.danosa.com\/fr-fr\/#website","url":"https:\/\/www.danosa.com\/fr-fr\/","name":"Produits pour la construction | Danosa France","description":"Fabricant de produits, syst\u00e8mes et solutions pour la construction","potentialAction":[{"@type":"SearchAction","target":{"@type":"EntryPoint","urlTemplate":"https:\/\/www.danosa.com\/fr-fr\/?s={search_term_string}"},"query-input":"required name=search_term_string"}],"inLanguage":"fr-FR"},{"@type":"ImageObject","@id":"https:\/\/www.danosa.com\/fr-fr\/contact\/reseau-commercial\/#primaryimage","inLanguage":"fr-FR","url":"https:\/\/www.danosa.com\/fr-fr\/wp-content\/uploads\/sites\/4\/2021\/09\/Danosa-contacto-1.jpg","contentUrl":"https:\/\/www.danosa.com\/fr-fr\/wp-content\/uploads\/sites\/4\/2021\/09\/Danosa-contacto-1.jpg","width":1920,"height":404},{"@type":"WebPage","@id":"https:\/\/www.danosa.com\/fr-fr\/contact\/reseau-commercial\/#webpage","url":"https:\/\/www.danosa.com\/fr-fr\/contact\/reseau-commercial\/","name":"R\u00e9seau de vente Danosa | Repr\u00e9sentants commerciaux et coordonn\u00e9es","isPartOf":{"@id":"https:\/\/www.danosa.com\/fr-fr\/#website"},"primaryImageOfPage":{"@id":"https:\/\/www.danosa.com\/fr-fr\/contact\/reseau-commercial\/#primaryimage"},"datePublished":"2021-07-14T07:09:18+00:00","dateModified":"2025-10-09T08:09:09+00:00","description":"Rencontrez les repr\u00e9sentants commerciaux de Danosa dans les diff\u00e9rentes r\u00e9gions de France. Ainsi que leurs coordonn\u00e9es (t\u00e9l\u00e9phone \/ e-mail).","breadcrumb":{"@id":"https:\/\/www.danosa.com\/fr-fr\/contact\/reseau-commercial\/#breadcrumb"},"inLanguage":"fr-FR","potentialAction":[{"@type":"ReadAction","target":["https:\/\/www.danosa.com\/fr-fr\/contact\/reseau-commercial\/"]}]},{"@type":"BreadcrumbList","@id":"https:\/\/www.danosa.com\/fr-fr\/contact\/reseau-commercial\/#breadcrumb","itemListElement":[{"@type":"ListItem","position":1,"name":"Portada","item":"https:\/\/www.danosa.com\/fr-fr\/"},{"@type":"ListItem","position":2,"name":"Contact","item":"https:\/\/www.danosa.com\/fr-fr\/contact\/"},{"@type":"ListItem","position":3,"name":"R\u00e9seau commercial"}]}]}},"_links":{"self":[{"href":"https:\/\/www.danosa.com\/fr-fr\/wp-json\/wp\/v2\/pages\/1536"}],"collection":[{"href":"https:\/\/www.danosa.com\/fr-fr\/wp-json\/wp\/v2\/pages"}],"about":[{"href":"https:\/\/www.danosa.com\/fr-fr\/wp-json\/wp\/v2\/types\/page"}],"author":[{"embeddable":true,"href":"https:\/\/www.danosa.com\/fr-fr\/wp-json\/wp\/v2\/users\/1"}],"replies":[{"embeddable":true,"href":"https:\/\/www.danosa.com\/fr-fr\/wp-json\/wp\/v2\/comments?post=1536"}],"version-history":[{"count":102,"href":"https:\/\/www.danosa.com\/fr-fr\/wp-json\/wp\/v2\/pages\/1536\/revisions"}],"predecessor-version":[{"id":9494,"href":"https:\/\/www.danosa.com\/fr-fr\/wp-json\/wp\/v2\/pages\/1536\/revisions\/9494"}],"up":[{"embeddable":true,"href":"https:\/\/www.danosa.com\/fr-fr\/wp-json\/wp\/v2\/pages\/90"}],"wp:attachment":[{"href":"https:\/\/www.danosa.com\/fr-fr\/wp-json\/wp\/v2\/media?parent=1536"}],"curies":[{"name":"wp","href":"https:\/\/api.w.org\/{rel}","templated":true}]}}