{"id":190,"date":"2021-06-30T09:44:32","date_gmt":"2021-06-30T07:44:32","guid":{"rendered":"https:\/\/www.danosa.com\/fr-fr\/?page_id=190"},"modified":"2023-09-15T23:42:03","modified_gmt":"2023-09-15T21:42:03","slug":"politique-de-qualite","status":"publish","type":"page","link":"https:\/\/www.danosa.com\/fr-fr\/sur-danosa\/politique-de-qualite\/","title":{"rendered":"Politique de qualit\u00e9"},"content":{"rendered":"\n<div style=\"height:50px\" aria-hidden=\"true\" class=\"wp-block-spacer\"><\/div>\n\n\n\n<h2>Politique de qualit\u00e9<\/h2>\n\n\n\n<p>DANOSA s\u2019engage fermement en faveur de la qualit\u00e9, sur la base des principes suivants :<\/p>\n\n\n\n<ul><li>La qualit\u00e9 est un pilier fondamental de la comp\u00e9titivit\u00e9, qui est elle-m\u00eame indispensable \u00e0 la r\u00e9ussite des entreprises. Ces r\u00e9sultats sont la raison d\u2019\u00eatre de nos Entreprises et l\u2019avenir de nous tous.<\/li><li>La Qualit\u00e9 suppose avant tout de r\u00e9pondre aux exigences, pour satisfaire nos Clients ; sa satisfaction est la meilleure mesure de notre qualit\u00e9.<\/li><li>La Qualit\u00e9 est l\u2019affaire de tous, Tous, \u00e0 notre place, nous avons beaucoup \u00e0 faire et \u00e0 dire pour atteindre les objectifs de qualit\u00e9.<\/li><li>La Qualit\u00e9 est le r\u00e9sultat de notre gestion. C\u2019est pourquoi l\u2019am\u00e9lioration continue de notre Syst\u00e8me de Gestion est la meilleure voie vers la qualit\u00e9. Et pour cela, notre mod\u00e8le de gestion est structur\u00e9 et dirig\u00e9 par des Processus, et vise \u00e0 saisir les opportunit\u00e9s et \u00e0 pr\u00e9venir les risques d\u2019un contexte complexe et changeant.<\/li><\/ul>\n\n\n\n<figure class=\"wp-block-image size-large is-resized\"><img loading=\"lazy\" src=\"https:\/\/www.danosa.com\/fr-fr\/wp-content\/uploads\/sites\/4\/2021\/10\/Danosa-politica-calidad-1024x274.jpg\" alt=\"\" class=\"wp-image-7442\" width=\"1120\" height=\"300\" srcset=\"https:\/\/www.danosa.com\/fr-fr\/wp-content\/uploads\/sites\/4\/2021\/10\/Danosa-politica-calidad-1024x274.jpg 1024w, https:\/\/www.danosa.com\/fr-fr\/wp-content\/uploads\/sites\/4\/2021\/10\/Danosa-politica-calidad-300x80.jpg 300w, https:\/\/www.danosa.com\/fr-fr\/wp-content\/uploads\/sites\/4\/2021\/10\/Danosa-politica-calidad-768x206.jpg 768w, https:\/\/www.danosa.com\/fr-fr\/wp-content\/uploads\/sites\/4\/2021\/10\/Danosa-politica-calidad.jpg 1120w\" sizes=\"(max-width: 1120px) 100vw, 1120px\" \/><\/figure>\n\n\n\n<p>Cette politique et le syst\u00e8me de gestion y aff\u00e9rent s\u2019appliquent au sein du groupe DANOSA pour toute l\u2019activit\u00e9 industrielle et commerciale dans tous ses sites, consistant de mani\u00e8re g\u00e9n\u00e9rale dans la fabrication et la distribution de produits et de mat\u00e9riaux d\u2019\u00e9tanch\u00e9it\u00e9 et d\u2019isolation destin\u00e9s au secteur de la construction.<\/p>\n\n\n\n<p>Cette politique est \u00e0 la disposition des parties prenantes concern\u00e9es.<\/p>\n\n\n\n<figure class=\"wp-block-image size-full\"><img loading=\"lazy\" width=\"247\" height=\"400\" src=\"https:\/\/www.danosa.com\/fr-fr\/wp-content\/uploads\/sites\/4\/2021\/10\/Danosa-documento-politica-calidad-1.jpg\" alt=\"\" class=\"wp-image-7447\" srcset=\"https:\/\/www.danosa.com\/fr-fr\/wp-content\/uploads\/sites\/4\/2021\/10\/Danosa-documento-politica-calidad-1.jpg 247w, https:\/\/www.danosa.com\/fr-fr\/wp-content\/uploads\/sites\/4\/2021\/10\/Danosa-documento-politica-calidad-1-185x300.jpg 185w\" sizes=\"(max-width: 247px) 100vw, 247px\" \/><figcaption><a href=\"https:\/\/www.danosa.com\/fr-fr\/wp-content\/uploads\/sites\/4\/2021\/10\/DANOSA-politica-calidad.pdf\" target=\"_blank\" rel=\"noreferrer noopener\">DANOSA-politique de qualit\u00e9<\/a><\/figcaption><\/figure>\n","protected":false},"excerpt":{"rendered":"<p>Politique de qualit\u00e9 DANOSA s\u2019engage fermement en faveur de la qualit\u00e9, sur la base des principes suivants : La qualit\u00e9 est un pilier fondamental de la comp\u00e9titivit\u00e9, qui est elle-m\u00eame indispensable \u00e0 la r\u00e9ussite des entreprises. Ces r\u00e9sultats sont la raison d\u2019\u00eatre de nos Entreprises et l\u2019avenir de nous tous. La Qualit\u00e9 suppose avant tout&#8230;<\/p>\n","protected":false},"author":1,"featured_media":0,"parent":36,"menu_order":0,"comment_status":"closed","ping_status":"closed","template":"","meta":{"inline_featured_image":false,"site-sidebar-layout":"default","site-content-layout":"default","ast-main-header-display":"","ast-hfb-above-header-display":"","ast-hfb-below-header-display":"","ast-hfb-mobile-header-display":"","site-post-title":"disabled","ast-breadcrumbs-content":"","ast-featured-img":"","footer-sml-layout":"","theme-transparent-header-meta":"default","adv-header-id-meta":"","stick-header-meta":"default","header-above-stick-meta":"","header-main-stick-meta":"","header-below-stick-meta":""},"acf":[],"yoast_head":"<!-- This site is optimized with the Yoast SEO plugin v18.1 - https:\/\/yoast.com\/wordpress\/plugins\/seo\/ -->\n<title>Politique de qualit\u00e9, de durabilit\u00e9 et politiques environnementales | Danosa<\/title>\n<meta name=\"description\" content=\"Danosa s&#039;engage fermement en faveur de la qualit\u00e9, de la durabilit\u00e9 et de l&#039;environnement, ce qui se refl\u00e8te dans ses politiques d&#039;action.\" \/>\n<meta name=\"robots\" content=\"index, follow, max-snippet:-1, max-image-preview:large, max-video-preview:-1\" \/>\n<link rel=\"canonical\" href=\"https:\/\/www.danosa.com\/fr-fr\/sur-danosa\/politique-de-qualite\/\" \/>\n<meta property=\"og:locale\" content=\"fr_FR\" \/>\n<meta property=\"og:type\" content=\"article\" \/>\n<meta property=\"og:title\" content=\"Politique de qualit\u00e9, de durabilit\u00e9 et politiques environnementales | Danosa\" \/>\n<meta property=\"og:description\" content=\"Danosa s&#039;engage fermement en faveur de la qualit\u00e9, de la durabilit\u00e9 et de l&#039;environnement, ce qui se refl\u00e8te dans ses politiques d&#039;action.\" \/>\n<meta property=\"og:url\" content=\"https:\/\/www.danosa.com\/fr-fr\/sur-danosa\/politique-de-qualite\/\" \/>\n<meta property=\"og:site_name\" content=\"Produits pour la construction | Danosa France\" \/>\n<meta property=\"article:modified_time\" content=\"2023-09-15T21:42:03+00:00\" \/>\n<meta property=\"og:image\" content=\"https:\/\/www.danosa.com\/fr-fr\/wp-content\/uploads\/sites\/4\/2021\/10\/Danosa-politica-calidad-1024x274.jpg\" \/>\n<meta name=\"twitter:card\" content=\"summary_large_image\" \/>\n<meta name=\"twitter:label1\" content=\"Dur\u00e9e de lecture estim\u00e9e\" \/>\n\t<meta name=\"twitter:data1\" content=\"2 minutes\" \/>\n<script type=\"application\/ld+json\" class=\"yoast-schema-graph\">{\"@context\":\"https:\/\/schema.org\",\"@graph\":[{\"@type\":\"WebSite\",\"@id\":\"https:\/\/www.danosa.com\/fr-fr\/#website\",\"url\":\"https:\/\/www.danosa.com\/fr-fr\/\",\"name\":\"Produits pour la construction | Danosa France\",\"description\":\"Fabricant de produits, syst\u00e8mes et solutions pour la construction\",\"potentialAction\":[{\"@type\":\"SearchAction\",\"target\":{\"@type\":\"EntryPoint\",\"urlTemplate\":\"https:\/\/www.danosa.com\/fr-fr\/?s={search_term_string}\"},\"query-input\":\"required name=search_term_string\"}],\"inLanguage\":\"fr-FR\"},{\"@type\":\"ImageObject\",\"@id\":\"https:\/\/www.danosa.com\/fr-fr\/sur-danosa\/politique-de-qualite\/#primaryimage\",\"inLanguage\":\"fr-FR\",\"url\":\"https:\/\/www.danosa.com\/fr-fr\/wp-content\/uploads\/sites\/4\/2021\/10\/Danosa-politica-calidad.jpg\",\"contentUrl\":\"https:\/\/www.danosa.com\/fr-fr\/wp-content\/uploads\/sites\/4\/2021\/10\/Danosa-politica-calidad.jpg\",\"width\":1120,\"height\":300},{\"@type\":\"WebPage\",\"@id\":\"https:\/\/www.danosa.com\/fr-fr\/sur-danosa\/politique-de-qualite\/#webpage\",\"url\":\"https:\/\/www.danosa.com\/fr-fr\/sur-danosa\/politique-de-qualite\/\",\"name\":\"Politique de qualit\u00e9, de durabilit\u00e9 et politiques environnementales | Danosa\",\"isPartOf\":{\"@id\":\"https:\/\/www.danosa.com\/fr-fr\/#website\"},\"primaryImageOfPage\":{\"@id\":\"https:\/\/www.danosa.com\/fr-fr\/sur-danosa\/politique-de-qualite\/#primaryimage\"},\"datePublished\":\"2021-06-30T07:44:32+00:00\",\"dateModified\":\"2023-09-15T21:42:03+00:00\",\"description\":\"Danosa s'engage fermement en faveur de la qualit\u00e9, de la durabilit\u00e9 et de l'environnement, ce qui se refl\u00e8te dans ses politiques d'action.\",\"breadcrumb\":{\"@id\":\"https:\/\/www.danosa.com\/fr-fr\/sur-danosa\/politique-de-qualite\/#breadcrumb\"},\"inLanguage\":\"fr-FR\",\"potentialAction\":[{\"@type\":\"ReadAction\",\"target\":[\"https:\/\/www.danosa.com\/fr-fr\/sur-danosa\/politique-de-qualite\/\"]}]},{\"@type\":\"BreadcrumbList\",\"@id\":\"https:\/\/www.danosa.com\/fr-fr\/sur-danosa\/politique-de-qualite\/#breadcrumb\",\"itemListElement\":[{\"@type\":\"ListItem\",\"position\":1,\"name\":\"Portada\",\"item\":\"https:\/\/www.danosa.com\/fr-fr\/\"},{\"@type\":\"ListItem\",\"position\":2,\"name\":\"Sur Danosa\",\"item\":\"https:\/\/www.danosa.com\/fr-fr\/sur-danosa\/\"},{\"@type\":\"ListItem\",\"position\":3,\"name\":\"Politique de qualit\u00e9\"}]}]}<\/script>\n<!-- \/ Yoast SEO plugin. -->","yoast_head_json":{"title":"Politique de qualit\u00e9, de durabilit\u00e9 et politiques environnementales | Danosa","description":"Danosa s'engage fermement en faveur de la qualit\u00e9, de la durabilit\u00e9 et de l'environnement, ce qui se refl\u00e8te dans ses politiques d'action.","robots":{"index":"index","follow":"follow","max-snippet":"max-snippet:-1","max-image-preview":"max-image-preview:large","max-video-preview":"max-video-preview:-1"},"canonical":"https:\/\/www.danosa.com\/fr-fr\/sur-danosa\/politique-de-qualite\/","og_locale":"fr_FR","og_type":"article","og_title":"Politique de qualit\u00e9, de durabilit\u00e9 et politiques environnementales | Danosa","og_description":"Danosa s'engage fermement en faveur de la qualit\u00e9, de la durabilit\u00e9 et de l'environnement, ce qui se refl\u00e8te dans ses politiques d'action.","og_url":"https:\/\/www.danosa.com\/fr-fr\/sur-danosa\/politique-de-qualite\/","og_site_name":"Produits pour la construction | Danosa France","article_modified_time":"2023-09-15T21:42:03+00:00","og_image":[{"url":"https:\/\/www.danosa.com\/fr-fr\/wp-content\/uploads\/sites\/4\/2021\/10\/Danosa-politica-calidad-1024x274.jpg"}],"twitter_card":"summary_large_image","twitter_misc":{"Dur\u00e9e de lecture estim\u00e9e":"2 minutes"},"schema":{"@context":"https:\/\/schema.org","@graph":[{"@type":"WebSite","@id":"https:\/\/www.danosa.com\/fr-fr\/#website","url":"https:\/\/www.danosa.com\/fr-fr\/","name":"Produits pour la construction | Danosa France","description":"Fabricant de produits, syst\u00e8mes et solutions pour la construction","potentialAction":[{"@type":"SearchAction","target":{"@type":"EntryPoint","urlTemplate":"https:\/\/www.danosa.com\/fr-fr\/?s={search_term_string}"},"query-input":"required name=search_term_string"}],"inLanguage":"fr-FR"},{"@type":"ImageObject","@id":"https:\/\/www.danosa.com\/fr-fr\/sur-danosa\/politique-de-qualite\/#primaryimage","inLanguage":"fr-FR","url":"https:\/\/www.danosa.com\/fr-fr\/wp-content\/uploads\/sites\/4\/2021\/10\/Danosa-politica-calidad.jpg","contentUrl":"https:\/\/www.danosa.com\/fr-fr\/wp-content\/uploads\/sites\/4\/2021\/10\/Danosa-politica-calidad.jpg","width":1120,"height":300},{"@type":"WebPage","@id":"https:\/\/www.danosa.com\/fr-fr\/sur-danosa\/politique-de-qualite\/#webpage","url":"https:\/\/www.danosa.com\/fr-fr\/sur-danosa\/politique-de-qualite\/","name":"Politique de qualit\u00e9, de durabilit\u00e9 et politiques environnementales | Danosa","isPartOf":{"@id":"https:\/\/www.danosa.com\/fr-fr\/#website"},"primaryImageOfPage":{"@id":"https:\/\/www.danosa.com\/fr-fr\/sur-danosa\/politique-de-qualite\/#primaryimage"},"datePublished":"2021-06-30T07:44:32+00:00","dateModified":"2023-09-15T21:42:03+00:00","description":"Danosa s'engage fermement en faveur de la qualit\u00e9, de la durabilit\u00e9 et de l'environnement, ce qui se refl\u00e8te dans ses politiques d'action.","breadcrumb":{"@id":"https:\/\/www.danosa.com\/fr-fr\/sur-danosa\/politique-de-qualite\/#breadcrumb"},"inLanguage":"fr-FR","potentialAction":[{"@type":"ReadAction","target":["https:\/\/www.danosa.com\/fr-fr\/sur-danosa\/politique-de-qualite\/"]}]},{"@type":"BreadcrumbList","@id":"https:\/\/www.danosa.com\/fr-fr\/sur-danosa\/politique-de-qualite\/#breadcrumb","itemListElement":[{"@type":"ListItem","position":1,"name":"Portada","item":"https:\/\/www.danosa.com\/fr-fr\/"},{"@type":"ListItem","position":2,"name":"Sur Danosa","item":"https:\/\/www.danosa.com\/fr-fr\/sur-danosa\/"},{"@type":"ListItem","position":3,"name":"Politique de qualit\u00e9"}]}]}},"_links":{"self":[{"href":"https:\/\/www.danosa.com\/fr-fr\/wp-json\/wp\/v2\/pages\/190"}],"collection":[{"href":"https:\/\/www.danosa.com\/fr-fr\/wp-json\/wp\/v2\/pages"}],"about":[{"href":"https:\/\/www.danosa.com\/fr-fr\/wp-json\/wp\/v2\/types\/page"}],"author":[{"embeddable":true,"href":"https:\/\/www.danosa.com\/fr-fr\/wp-json\/wp\/v2\/users\/1"}],"replies":[{"embeddable":true,"href":"https:\/\/www.danosa.com\/fr-fr\/wp-json\/wp\/v2\/comments?post=190"}],"version-history":[{"count":15,"href":"https:\/\/www.danosa.com\/fr-fr\/wp-json\/wp\/v2\/pages\/190\/revisions"}],"predecessor-version":[{"id":9068,"href":"https:\/\/www.danosa.com\/fr-fr\/wp-json\/wp\/v2\/pages\/190\/revisions\/9068"}],"up":[{"embeddable":true,"href":"https:\/\/www.danosa.com\/fr-fr\/wp-json\/wp\/v2\/pages\/36"}],"wp:attachment":[{"href":"https:\/\/www.danosa.com\/fr-fr\/wp-json\/wp\/v2\/media?parent=190"}],"curies":[{"name":"wp","href":"https:\/\/api.w.org\/{rel}","templated":true}]}}