{"id":191,"date":"2021-06-30T09:44:35","date_gmt":"2021-06-30T07:44:35","guid":{"rendered":"https:\/\/www.danosa.com\/fr-fr\/?page_id=191"},"modified":"2025-04-11T13:41:18","modified_gmt":"2025-04-11T11:41:18","slug":"certificados","status":"publish","type":"page","link":"https:\/\/www.danosa.com\/fr-fr\/sur-danosa\/certificados\/","title":{"rendered":"Certifications d\u00b4entreprises"},"content":{"rendered":"\n<div style=\"height:50px\" aria-hidden=\"true\" class=\"wp-block-spacer\"><\/div>\n\n\n\n<h2>Certificats d&rsquo;entreprise<\/h2>\n\n\n\n<p>Nous sommes une entreprise engag\u00e9e dans la qualit\u00e9 et l\u2019environnement.<br>Les certifications obtenues renforcent notre engagement \u00e0 prot\u00e9ger l\u2019environnement et \u00e0 am\u00e9liorer notre efficacit\u00e9 op\u00e9rationnelle.<\/p>\n\n\n\n<figure class=\"wp-block-image size-large is-resized\"><img loading=\"lazy\" src=\"https:\/\/www.danosa.com\/fr-fr\/wp-content\/uploads\/sites\/4\/2021\/10\/Danosa-fabrica-fontanar-1-1024x358.jpg\" alt=\"\" class=\"wp-image-7459\" width=\"1120\" height=\"392\" srcset=\"https:\/\/www.danosa.com\/fr-fr\/wp-content\/uploads\/sites\/4\/2021\/10\/Danosa-fabrica-fontanar-1-1024x358.jpg 1024w, https:\/\/www.danosa.com\/fr-fr\/wp-content\/uploads\/sites\/4\/2021\/10\/Danosa-fabrica-fontanar-1-300x105.jpg 300w, https:\/\/www.danosa.com\/fr-fr\/wp-content\/uploads\/sites\/4\/2021\/10\/Danosa-fabrica-fontanar-1-768x269.jpg 768w, https:\/\/www.danosa.com\/fr-fr\/wp-content\/uploads\/sites\/4\/2021\/10\/Danosa-fabrica-fontanar-1.jpg 1120w\" sizes=\"(max-width: 1120px) 100vw, 1120px\" \/><figcaption>Usine de Fontanar, Guadalajara<\/figcaption><\/figure>\n\n\n\n<p>Certifications<\/p>\n\n\n\n<div class=\"wp-block-columns\">\n<div class=\"wp-block-column\" style=\"flex-basis:320px\">\n<div class=\"wp-block-image\"><figure class=\"aligncenter size-full\"><img loading=\"lazy\" width=\"284\" height=\"400\" src=\"https:\/\/www.danosa.com\/fr-fr\/wp-content\/uploads\/sites\/4\/2024\/04\/Danosa_9001_2015_ENG.png\" alt=\"\" class=\"wp-image-9197\" srcset=\"https:\/\/www.danosa.com\/fr-fr\/wp-content\/uploads\/sites\/4\/2024\/04\/Danosa_9001_2015_ENG.png 284w, https:\/\/www.danosa.com\/fr-fr\/wp-content\/uploads\/sites\/4\/2024\/04\/Danosa_9001_2015_ENG-213x300.png 213w\" sizes=\"(max-width: 284px) 100vw, 284px\" \/><figcaption><a href=\"https:\/\/www.danosa.com\/fr-fr\/wp-content\/uploads\/sites\/4\/2023\/10\/18496479-BUP-GRUPO-DANOSA-FR.pdf\" target=\"_blank\" rel=\"noreferrer noopener\">ISO 9001 Grupo Danosa<\/a><\/figcaption><\/figure><\/div>\n<\/div>\n\n\n\n<div class=\"wp-block-column\" style=\"flex-basis:320px\">\n<div class=\"wp-block-image\"><figure class=\"aligncenter size-full is-resized\"><img loading=\"lazy\" src=\"https:\/\/www.danosa.com\/fr-fr\/wp-content\/uploads\/sites\/4\/2024\/05\/DANOSA-ISO14001-FRANCES.jpg\" alt=\"\" class=\"wp-image-9208\" width=\"284\" height=\"400\"\/><figcaption><a href=\"https:\/\/www.danosa.com\/fr-fr\/wp-content\/uploads\/sites\/4\/2024\/05\/DANOSA-ISO14001-FRANCES.pdf\" target=\"_blank\" rel=\"noreferrer noopener\">Bureau Veritas Certification ES144052 \u2013 1<\/a><\/figcaption><\/figure><\/div>\n<\/div>\n\n\n\n<div class=\"wp-block-column\" style=\"flex-basis:320px\">\n<div class=\"wp-block-image\"><figure class=\"aligncenter size-large\"><img src=\"https:\/\/www.danosa.com\/global\/wp-content\/uploads\/sites\/9\/2025\/04\/Captura.jpg\" alt=\"\"\/><figcaption><a href=\"https:\/\/www.danosa.com\/global\/wp-content\/uploads\/sites\/9\/2025\/04\/Certificacion-SOSTENIBILIDAD-ODS-ing.pdf\">Bureau Veritas Certification ES153663-1<\/a><\/figcaption><\/figure><\/div>\n\n\n\n<p><\/p>\n<\/div>\n<\/div>\n\n\n\n<div class=\"wp-block-columns\">\n<div class=\"wp-block-column\" style=\"flex-basis:320px\">\n<div class=\"wp-block-image\"><figure class=\"aligncenter size-full is-resized\"><img loading=\"lazy\" src=\"https:\/\/www.danosa.com\/es-es\/wp-content\/uploads\/sites\/2\/2024\/06\/Captura-1.jpg\" alt=\"\" class=\"wp-image-12966\" width=\"282\" height=\"400\"\/><figcaption><a href=\"https:\/\/www.danosa.com\/es-es\/wp-content\/uploads\/sites\/2\/2024\/06\/Danosa-ISO-50001-Jun2024.pdf\" target=\"_blank\" rel=\"noreferrer noopener\">ISO 5001:2018<\/a><\/figcaption><\/figure><\/div>\n<\/div>\n\n\n\n<div class=\"wp-block-column\" style=\"flex-basis:320px\"><\/div>\n\n\n\n<div class=\"wp-block-column\" style=\"flex-basis:320px\">\n<p><\/p>\n<\/div>\n<\/div>\n","protected":false},"excerpt":{"rendered":"<p>Certificats d&rsquo;entreprise Nous sommes une entreprise engag\u00e9e dans la qualit\u00e9 et l\u2019environnement.Les certifications obtenues renforcent notre engagement \u00e0 prot\u00e9ger l\u2019environnement et \u00e0 am\u00e9liorer notre efficacit\u00e9 op\u00e9rationnelle. Certifications<\/p>\n","protected":false},"author":1,"featured_media":0,"parent":36,"menu_order":0,"comment_status":"closed","ping_status":"closed","template":"","meta":{"inline_featured_image":false,"site-sidebar-layout":"default","site-content-layout":"default","ast-main-header-display":"","ast-hfb-above-header-display":"","ast-hfb-below-header-display":"","ast-hfb-mobile-header-display":"","site-post-title":"disabled","ast-breadcrumbs-content":"","ast-featured-img":"","footer-sml-layout":"","theme-transparent-header-meta":"default","adv-header-id-meta":"","stick-header-meta":"default","header-above-stick-meta":"","header-main-stick-meta":"","header-below-stick-meta":""},"acf":[],"yoast_head":"<!-- This site is optimized with the Yoast SEO plugin v18.1 - https:\/\/yoast.com\/wordpress\/plugins\/seo\/ -->\n<title>Certificats de qualit\u00e9, d&#039;environnement et de d\u00e9veloppement durable<\/title>\n<meta name=\"description\" content=\"Nous nous engageons en faveur de la qualit\u00e9, de l&#039;environnement et du d\u00e9veloppement durable. Nos certifications renforcent cet engagement.\" \/>\n<meta name=\"robots\" content=\"index, follow, max-snippet:-1, max-image-preview:large, max-video-preview:-1\" \/>\n<link rel=\"canonical\" href=\"https:\/\/www.danosa.com\/fr-fr\/sur-danosa\/certificados\/\" \/>\n<meta property=\"og:locale\" content=\"fr_FR\" \/>\n<meta property=\"og:type\" content=\"article\" \/>\n<meta property=\"og:title\" content=\"Certificats de qualit\u00e9, d&#039;environnement et de d\u00e9veloppement durable\" \/>\n<meta property=\"og:description\" content=\"Nous nous engageons en faveur de la qualit\u00e9, de l&#039;environnement et du d\u00e9veloppement durable. Nos certifications renforcent cet engagement.\" \/>\n<meta property=\"og:url\" content=\"https:\/\/www.danosa.com\/fr-fr\/sur-danosa\/certificados\/\" \/>\n<meta property=\"og:site_name\" content=\"Produits pour la construction | Danosa France\" \/>\n<meta property=\"article:modified_time\" content=\"2025-04-11T11:41:18+00:00\" \/>\n<meta property=\"og:image\" content=\"https:\/\/www.danosa.com\/fr-fr\/wp-content\/uploads\/sites\/4\/2021\/10\/Danosa-fabrica-fontanar-1-1024x358.jpg\" \/>\n<meta name=\"twitter:card\" content=\"summary_large_image\" \/>\n<meta name=\"twitter:label1\" content=\"Dur\u00e9e de lecture estim\u00e9e\" \/>\n\t<meta name=\"twitter:data1\" content=\"2 minutes\" \/>\n<script type=\"application\/ld+json\" class=\"yoast-schema-graph\">{\"@context\":\"https:\/\/schema.org\",\"@graph\":[{\"@type\":\"WebSite\",\"@id\":\"https:\/\/www.danosa.com\/fr-fr\/#website\",\"url\":\"https:\/\/www.danosa.com\/fr-fr\/\",\"name\":\"Produits pour la construction | Danosa France\",\"description\":\"Fabricant de produits, syst\u00e8mes et solutions pour la construction\",\"potentialAction\":[{\"@type\":\"SearchAction\",\"target\":{\"@type\":\"EntryPoint\",\"urlTemplate\":\"https:\/\/www.danosa.com\/fr-fr\/?s={search_term_string}\"},\"query-input\":\"required name=search_term_string\"}],\"inLanguage\":\"fr-FR\"},{\"@type\":\"ImageObject\",\"@id\":\"https:\/\/www.danosa.com\/fr-fr\/sur-danosa\/certificados\/#primaryimage\",\"inLanguage\":\"fr-FR\",\"url\":\"https:\/\/www.danosa.com\/fr-fr\/wp-content\/uploads\/sites\/4\/2021\/10\/Danosa-fabrica-fontanar-1.jpg\",\"contentUrl\":\"https:\/\/www.danosa.com\/fr-fr\/wp-content\/uploads\/sites\/4\/2021\/10\/Danosa-fabrica-fontanar-1.jpg\",\"width\":1120,\"height\":392},{\"@type\":\"WebPage\",\"@id\":\"https:\/\/www.danosa.com\/fr-fr\/sur-danosa\/certificados\/#webpage\",\"url\":\"https:\/\/www.danosa.com\/fr-fr\/sur-danosa\/certificados\/\",\"name\":\"Certificats de qualit\u00e9, d'environnement et de d\u00e9veloppement durable\",\"isPartOf\":{\"@id\":\"https:\/\/www.danosa.com\/fr-fr\/#website\"},\"primaryImageOfPage\":{\"@id\":\"https:\/\/www.danosa.com\/fr-fr\/sur-danosa\/certificados\/#primaryimage\"},\"datePublished\":\"2021-06-30T07:44:35+00:00\",\"dateModified\":\"2025-04-11T11:41:18+00:00\",\"description\":\"Nous nous engageons en faveur de la qualit\u00e9, de l'environnement et du d\u00e9veloppement durable. Nos certifications renforcent cet engagement.\",\"breadcrumb\":{\"@id\":\"https:\/\/www.danosa.com\/fr-fr\/sur-danosa\/certificados\/#breadcrumb\"},\"inLanguage\":\"fr-FR\",\"potentialAction\":[{\"@type\":\"ReadAction\",\"target\":[\"https:\/\/www.danosa.com\/fr-fr\/sur-danosa\/certificados\/\"]}]},{\"@type\":\"BreadcrumbList\",\"@id\":\"https:\/\/www.danosa.com\/fr-fr\/sur-danosa\/certificados\/#breadcrumb\",\"itemListElement\":[{\"@type\":\"ListItem\",\"position\":1,\"name\":\"Portada\",\"item\":\"https:\/\/www.danosa.com\/fr-fr\/\"},{\"@type\":\"ListItem\",\"position\":2,\"name\":\"Sur Danosa\",\"item\":\"https:\/\/www.danosa.com\/fr-fr\/sur-danosa\/\"},{\"@type\":\"ListItem\",\"position\":3,\"name\":\"Certifications d\u00b4entreprises\"}]}]}<\/script>\n<!-- \/ Yoast SEO plugin. -->","yoast_head_json":{"title":"Certificats de qualit\u00e9, d'environnement et de d\u00e9veloppement durable","description":"Nous nous engageons en faveur de la qualit\u00e9, de l'environnement et du d\u00e9veloppement durable. Nos certifications renforcent cet engagement.","robots":{"index":"index","follow":"follow","max-snippet":"max-snippet:-1","max-image-preview":"max-image-preview:large","max-video-preview":"max-video-preview:-1"},"canonical":"https:\/\/www.danosa.com\/fr-fr\/sur-danosa\/certificados\/","og_locale":"fr_FR","og_type":"article","og_title":"Certificats de qualit\u00e9, d'environnement et de d\u00e9veloppement durable","og_description":"Nous nous engageons en faveur de la qualit\u00e9, de l'environnement et du d\u00e9veloppement durable. Nos certifications renforcent cet engagement.","og_url":"https:\/\/www.danosa.com\/fr-fr\/sur-danosa\/certificados\/","og_site_name":"Produits pour la construction | Danosa France","article_modified_time":"2025-04-11T11:41:18+00:00","og_image":[{"url":"https:\/\/www.danosa.com\/fr-fr\/wp-content\/uploads\/sites\/4\/2021\/10\/Danosa-fabrica-fontanar-1-1024x358.jpg"}],"twitter_card":"summary_large_image","twitter_misc":{"Dur\u00e9e de lecture estim\u00e9e":"2 minutes"},"schema":{"@context":"https:\/\/schema.org","@graph":[{"@type":"WebSite","@id":"https:\/\/www.danosa.com\/fr-fr\/#website","url":"https:\/\/www.danosa.com\/fr-fr\/","name":"Produits pour la construction | Danosa France","description":"Fabricant de produits, syst\u00e8mes et solutions pour la construction","potentialAction":[{"@type":"SearchAction","target":{"@type":"EntryPoint","urlTemplate":"https:\/\/www.danosa.com\/fr-fr\/?s={search_term_string}"},"query-input":"required name=search_term_string"}],"inLanguage":"fr-FR"},{"@type":"ImageObject","@id":"https:\/\/www.danosa.com\/fr-fr\/sur-danosa\/certificados\/#primaryimage","inLanguage":"fr-FR","url":"https:\/\/www.danosa.com\/fr-fr\/wp-content\/uploads\/sites\/4\/2021\/10\/Danosa-fabrica-fontanar-1.jpg","contentUrl":"https:\/\/www.danosa.com\/fr-fr\/wp-content\/uploads\/sites\/4\/2021\/10\/Danosa-fabrica-fontanar-1.jpg","width":1120,"height":392},{"@type":"WebPage","@id":"https:\/\/www.danosa.com\/fr-fr\/sur-danosa\/certificados\/#webpage","url":"https:\/\/www.danosa.com\/fr-fr\/sur-danosa\/certificados\/","name":"Certificats de qualit\u00e9, d'environnement et de d\u00e9veloppement durable","isPartOf":{"@id":"https:\/\/www.danosa.com\/fr-fr\/#website"},"primaryImageOfPage":{"@id":"https:\/\/www.danosa.com\/fr-fr\/sur-danosa\/certificados\/#primaryimage"},"datePublished":"2021-06-30T07:44:35+00:00","dateModified":"2025-04-11T11:41:18+00:00","description":"Nous nous engageons en faveur de la qualit\u00e9, de l'environnement et du d\u00e9veloppement durable. Nos certifications renforcent cet engagement.","breadcrumb":{"@id":"https:\/\/www.danosa.com\/fr-fr\/sur-danosa\/certificados\/#breadcrumb"},"inLanguage":"fr-FR","potentialAction":[{"@type":"ReadAction","target":["https:\/\/www.danosa.com\/fr-fr\/sur-danosa\/certificados\/"]}]},{"@type":"BreadcrumbList","@id":"https:\/\/www.danosa.com\/fr-fr\/sur-danosa\/certificados\/#breadcrumb","itemListElement":[{"@type":"ListItem","position":1,"name":"Portada","item":"https:\/\/www.danosa.com\/fr-fr\/"},{"@type":"ListItem","position":2,"name":"Sur Danosa","item":"https:\/\/www.danosa.com\/fr-fr\/sur-danosa\/"},{"@type":"ListItem","position":3,"name":"Certifications d\u00b4entreprises"}]}]}},"_links":{"self":[{"href":"https:\/\/www.danosa.com\/fr-fr\/wp-json\/wp\/v2\/pages\/191"}],"collection":[{"href":"https:\/\/www.danosa.com\/fr-fr\/wp-json\/wp\/v2\/pages"}],"about":[{"href":"https:\/\/www.danosa.com\/fr-fr\/wp-json\/wp\/v2\/types\/page"}],"author":[{"embeddable":true,"href":"https:\/\/www.danosa.com\/fr-fr\/wp-json\/wp\/v2\/users\/1"}],"replies":[{"embeddable":true,"href":"https:\/\/www.danosa.com\/fr-fr\/wp-json\/wp\/v2\/comments?post=191"}],"version-history":[{"count":25,"href":"https:\/\/www.danosa.com\/fr-fr\/wp-json\/wp\/v2\/pages\/191\/revisions"}],"predecessor-version":[{"id":9434,"href":"https:\/\/www.danosa.com\/fr-fr\/wp-json\/wp\/v2\/pages\/191\/revisions\/9434"}],"up":[{"embeddable":true,"href":"https:\/\/www.danosa.com\/fr-fr\/wp-json\/wp\/v2\/pages\/36"}],"wp:attachment":[{"href":"https:\/\/www.danosa.com\/fr-fr\/wp-json\/wp\/v2\/media?parent=191"}],"curies":[{"name":"wp","href":"https:\/\/api.w.org\/{rel}","templated":true}]}}