{"id":2,"date":"2021-06-08T08:15:03","date_gmt":"2021-06-08T06:15:03","guid":{"rendered":"https:\/\/www.danosa.com\/fr-fr\/?page_id=2"},"modified":"2023-09-15T23:32:43","modified_gmt":"2023-09-15T21:32:43","slug":"produits","status":"publish","type":"page","link":"https:\/\/www.danosa.com\/fr-fr\/produits\/","title":{"rendered":"Produits"},"content":{"rendered":"\n<div class=\"wp-block-columns\">\n<div class=\"wp-block-column\" style=\"flex-basis:33.34%\">\n<figure class=\"wp-block-image size-large is-style-default\"><img loading=\"lazy\" width=\"1024\" height=\"402\" src=\"https:\/\/www.danosa.com\/fr-fr\/wp-content\/uploads\/sites\/4\/2021\/07\/Rectangle-86-1024x402.jpg\" alt=\"\" class=\"wp-image-3348\" srcset=\"https:\/\/www.danosa.com\/fr-fr\/wp-content\/uploads\/sites\/4\/2021\/07\/Rectangle-86-1024x402.jpg 1024w, https:\/\/www.danosa.com\/fr-fr\/wp-content\/uploads\/sites\/4\/2021\/07\/Rectangle-86-300x118.jpg 300w, https:\/\/www.danosa.com\/fr-fr\/wp-content\/uploads\/sites\/4\/2021\/07\/Rectangle-86-768x302.jpg 768w, https:\/\/www.danosa.com\/fr-fr\/wp-content\/uploads\/sites\/4\/2021\/07\/Rectangle-86.jpg 1120w\" sizes=\"(max-width: 1024px) 100vw, 1024px\" \/><\/figure>\n\n\n\n<h2>Estanqueidad al agua<\/h2>\n\n\n\n<p>Lorem ipsum dolor sit amet, consectetur adipiscing elit. Fusce ex nisi, commodo sit amet nunc sit amet, porttitor iaculis dolor. Integer vehicula velit vitae lectus.<\/p>\n<\/div>\n\n\n\n<div class=\"wp-block-column\" style=\"flex-basis:33.34%\">\n<figure class=\"wp-block-image size-large\"><img loading=\"lazy\" width=\"1024\" height=\"402\" src=\"https:\/\/www.danosa.com\/fr-fr\/wp-content\/uploads\/sites\/4\/2021\/07\/Rectangle-86-1024x402.jpg\" alt=\"\" class=\"wp-image-3348\" srcset=\"https:\/\/www.danosa.com\/fr-fr\/wp-content\/uploads\/sites\/4\/2021\/07\/Rectangle-86-1024x402.jpg 1024w, https:\/\/www.danosa.com\/fr-fr\/wp-content\/uploads\/sites\/4\/2021\/07\/Rectangle-86-300x118.jpg 300w, https:\/\/www.danosa.com\/fr-fr\/wp-content\/uploads\/sites\/4\/2021\/07\/Rectangle-86-768x302.jpg 768w, https:\/\/www.danosa.com\/fr-fr\/wp-content\/uploads\/sites\/4\/2021\/07\/Rectangle-86.jpg 1120w\" sizes=\"(max-width: 1024px) 100vw, 1024px\" \/><\/figure>\n<\/div>\n\n\n\n<div class=\"wp-block-column\" style=\"flex-basis:33.33%\">\n<figure class=\"wp-block-image size-large\"><img loading=\"lazy\" width=\"1024\" height=\"402\" src=\"https:\/\/www.danosa.com\/fr-fr\/wp-content\/uploads\/sites\/4\/2021\/07\/Rectangle-86-1024x402.jpg\" alt=\"\" class=\"wp-image-3348\" srcset=\"https:\/\/www.danosa.com\/fr-fr\/wp-content\/uploads\/sites\/4\/2021\/07\/Rectangle-86-1024x402.jpg 1024w, https:\/\/www.danosa.com\/fr-fr\/wp-content\/uploads\/sites\/4\/2021\/07\/Rectangle-86-300x118.jpg 300w, https:\/\/www.danosa.com\/fr-fr\/wp-content\/uploads\/sites\/4\/2021\/07\/Rectangle-86-768x302.jpg 768w, https:\/\/www.danosa.com\/fr-fr\/wp-content\/uploads\/sites\/4\/2021\/07\/Rectangle-86.jpg 1120w\" sizes=\"(max-width: 1024px) 100vw, 1024px\" \/><\/figure>\n<\/div>\n<\/div>\n\n\n\n<p><\/p>\n","protected":false},"excerpt":{"rendered":"<p>Estanqueidad al agua Lorem ipsum dolor sit amet, consectetur adipiscing elit. Fusce ex nisi, commodo sit amet nunc sit amet, porttitor iaculis dolor. Integer vehicula velit vitae lectus.<\/p>\n","protected":false},"author":1,"featured_media":0,"parent":0,"menu_order":0,"comment_status":"closed","ping_status":"closed","template":"tp-products.php","meta":{"inline_featured_image":false,"site-sidebar-layout":"no-sidebar","site-content-layout":"plain-container","ast-main-header-display":"","ast-hfb-above-header-display":"","ast-hfb-below-header-display":"","ast-hfb-mobile-header-display":"","site-post-title":"","ast-breadcrumbs-content":"","ast-featured-img":"","footer-sml-layout":"","theme-transparent-header-meta":"default","adv-header-id-meta":"","stick-header-meta":"default","header-above-stick-meta":"","header-main-stick-meta":"","header-below-stick-meta":""},"acf":[],"yoast_head":"<!-- This site is optimized with the Yoast SEO plugin v18.1 - https:\/\/yoast.com\/wordpress\/plugins\/seo\/ -->\n<title>Produits \u00e9tanch\u00e9it\u00e9, isolation thermique et phonique, et drainage | Danosa<\/title>\n<meta name=\"description\" content=\"D\u00e9couvrez notre gamme professionnelle d&#039;\u00e9tanch\u00e9it\u00e9, d&#039;isolation acoustique, d&#039;isolation thermique, de drainage, de g\u00e9otextiles et de mortiers\" \/>\n<meta name=\"robots\" content=\"index, follow, max-snippet:-1, max-image-preview:large, max-video-preview:-1\" \/>\n<link rel=\"canonical\" href=\"https:\/\/www.danosa.com\/fr-fr\/produits\/\" \/>\n<meta property=\"og:locale\" content=\"fr_FR\" \/>\n<meta property=\"og:type\" content=\"article\" \/>\n<meta property=\"og:title\" content=\"Produits \u00e9tanch\u00e9it\u00e9, isolation thermique et phonique, et drainage | Danosa\" \/>\n<meta property=\"og:description\" content=\"D\u00e9couvrez notre gamme professionnelle d&#039;\u00e9tanch\u00e9it\u00e9, d&#039;isolation acoustique, d&#039;isolation thermique, de drainage, de g\u00e9otextiles et de mortiers\" \/>\n<meta property=\"og:url\" content=\"https:\/\/www.danosa.com\/fr-fr\/produits\/\" \/>\n<meta property=\"og:site_name\" content=\"Produits pour la construction | Danosa France\" \/>\n<meta property=\"article:modified_time\" content=\"2023-09-15T21:32:43+00:00\" \/>\n<meta property=\"og:image\" content=\"https:\/\/www.danosa.com\/fr-fr\/wp-content\/uploads\/sites\/4\/2021\/07\/Rectangle-86-1024x402.jpg\" \/>\n<meta name=\"twitter:card\" content=\"summary_large_image\" \/>\n<meta name=\"twitter:label1\" content=\"Dur\u00e9e de lecture estim\u00e9e\" \/>\n\t<meta name=\"twitter:data1\" content=\"1 minute\" \/>\n<script type=\"application\/ld+json\" class=\"yoast-schema-graph\">{\"@context\":\"https:\/\/schema.org\",\"@graph\":[{\"@type\":\"WebSite\",\"@id\":\"https:\/\/www.danosa.com\/fr-fr\/#website\",\"url\":\"https:\/\/www.danosa.com\/fr-fr\/\",\"name\":\"Produits pour la construction | Danosa France\",\"description\":\"Fabricant de produits, syst\u00e8mes et solutions pour la construction\",\"potentialAction\":[{\"@type\":\"SearchAction\",\"target\":{\"@type\":\"EntryPoint\",\"urlTemplate\":\"https:\/\/www.danosa.com\/fr-fr\/?s={search_term_string}\"},\"query-input\":\"required name=search_term_string\"}],\"inLanguage\":\"fr-FR\"},{\"@type\":\"ImageObject\",\"@id\":\"https:\/\/www.danosa.com\/fr-fr\/produits\/#primaryimage\",\"inLanguage\":\"fr-FR\",\"url\":\"https:\/\/www.danosa.com\/fr-fr\/wp-content\/uploads\/sites\/4\/2021\/07\/Rectangle-86.jpg\",\"contentUrl\":\"https:\/\/www.danosa.com\/fr-fr\/wp-content\/uploads\/sites\/4\/2021\/07\/Rectangle-86.jpg\",\"width\":1120,\"height\":440},{\"@type\":\"WebPage\",\"@id\":\"https:\/\/www.danosa.com\/fr-fr\/produits\/#webpage\",\"url\":\"https:\/\/www.danosa.com\/fr-fr\/produits\/\",\"name\":\"Produits \u00e9tanch\u00e9it\u00e9, isolation thermique et phonique, et drainage | Danosa\",\"isPartOf\":{\"@id\":\"https:\/\/www.danosa.com\/fr-fr\/#website\"},\"primaryImageOfPage\":{\"@id\":\"https:\/\/www.danosa.com\/fr-fr\/produits\/#primaryimage\"},\"datePublished\":\"2021-06-08T06:15:03+00:00\",\"dateModified\":\"2023-09-15T21:32:43+00:00\",\"description\":\"D\u00e9couvrez notre gamme professionnelle d'\u00e9tanch\u00e9it\u00e9, d'isolation acoustique, d'isolation thermique, de drainage, de g\u00e9otextiles et de mortiers\",\"breadcrumb\":{\"@id\":\"https:\/\/www.danosa.com\/fr-fr\/produits\/#breadcrumb\"},\"inLanguage\":\"fr-FR\",\"potentialAction\":[{\"@type\":\"ReadAction\",\"target\":[\"https:\/\/www.danosa.com\/fr-fr\/produits\/\"]}]},{\"@type\":\"BreadcrumbList\",\"@id\":\"https:\/\/www.danosa.com\/fr-fr\/produits\/#breadcrumb\",\"itemListElement\":[{\"@type\":\"ListItem\",\"position\":1,\"name\":\"Portada\",\"item\":\"https:\/\/www.danosa.com\/fr-fr\/\"},{\"@type\":\"ListItem\",\"position\":2,\"name\":\"Produits\"}]}]}<\/script>\n<!-- \/ Yoast SEO plugin. -->","yoast_head_json":{"title":"Produits \u00e9tanch\u00e9it\u00e9, isolation thermique et phonique, et drainage | Danosa","description":"D\u00e9couvrez notre gamme professionnelle d'\u00e9tanch\u00e9it\u00e9, d'isolation acoustique, d'isolation thermique, de drainage, de g\u00e9otextiles et de mortiers","robots":{"index":"index","follow":"follow","max-snippet":"max-snippet:-1","max-image-preview":"max-image-preview:large","max-video-preview":"max-video-preview:-1"},"canonical":"https:\/\/www.danosa.com\/fr-fr\/produits\/","og_locale":"fr_FR","og_type":"article","og_title":"Produits \u00e9tanch\u00e9it\u00e9, isolation thermique et phonique, et drainage | Danosa","og_description":"D\u00e9couvrez notre gamme professionnelle d'\u00e9tanch\u00e9it\u00e9, d'isolation acoustique, d'isolation thermique, de drainage, de g\u00e9otextiles et de mortiers","og_url":"https:\/\/www.danosa.com\/fr-fr\/produits\/","og_site_name":"Produits pour la construction | Danosa France","article_modified_time":"2023-09-15T21:32:43+00:00","og_image":[{"url":"https:\/\/www.danosa.com\/fr-fr\/wp-content\/uploads\/sites\/4\/2021\/07\/Rectangle-86-1024x402.jpg"}],"twitter_card":"summary_large_image","twitter_misc":{"Dur\u00e9e de lecture estim\u00e9e":"1 minute"},"schema":{"@context":"https:\/\/schema.org","@graph":[{"@type":"WebSite","@id":"https:\/\/www.danosa.com\/fr-fr\/#website","url":"https:\/\/www.danosa.com\/fr-fr\/","name":"Produits pour la construction | Danosa France","description":"Fabricant de produits, syst\u00e8mes et solutions pour la construction","potentialAction":[{"@type":"SearchAction","target":{"@type":"EntryPoint","urlTemplate":"https:\/\/www.danosa.com\/fr-fr\/?s={search_term_string}"},"query-input":"required name=search_term_string"}],"inLanguage":"fr-FR"},{"@type":"ImageObject","@id":"https:\/\/www.danosa.com\/fr-fr\/produits\/#primaryimage","inLanguage":"fr-FR","url":"https:\/\/www.danosa.com\/fr-fr\/wp-content\/uploads\/sites\/4\/2021\/07\/Rectangle-86.jpg","contentUrl":"https:\/\/www.danosa.com\/fr-fr\/wp-content\/uploads\/sites\/4\/2021\/07\/Rectangle-86.jpg","width":1120,"height":440},{"@type":"WebPage","@id":"https:\/\/www.danosa.com\/fr-fr\/produits\/#webpage","url":"https:\/\/www.danosa.com\/fr-fr\/produits\/","name":"Produits \u00e9tanch\u00e9it\u00e9, isolation thermique et phonique, et drainage | Danosa","isPartOf":{"@id":"https:\/\/www.danosa.com\/fr-fr\/#website"},"primaryImageOfPage":{"@id":"https:\/\/www.danosa.com\/fr-fr\/produits\/#primaryimage"},"datePublished":"2021-06-08T06:15:03+00:00","dateModified":"2023-09-15T21:32:43+00:00","description":"D\u00e9couvrez notre gamme professionnelle d'\u00e9tanch\u00e9it\u00e9, d'isolation acoustique, d'isolation thermique, de drainage, de g\u00e9otextiles et de mortiers","breadcrumb":{"@id":"https:\/\/www.danosa.com\/fr-fr\/produits\/#breadcrumb"},"inLanguage":"fr-FR","potentialAction":[{"@type":"ReadAction","target":["https:\/\/www.danosa.com\/fr-fr\/produits\/"]}]},{"@type":"BreadcrumbList","@id":"https:\/\/www.danosa.com\/fr-fr\/produits\/#breadcrumb","itemListElement":[{"@type":"ListItem","position":1,"name":"Portada","item":"https:\/\/www.danosa.com\/fr-fr\/"},{"@type":"ListItem","position":2,"name":"Produits"}]}]}},"_links":{"self":[{"href":"https:\/\/www.danosa.com\/fr-fr\/wp-json\/wp\/v2\/pages\/2"}],"collection":[{"href":"https:\/\/www.danosa.com\/fr-fr\/wp-json\/wp\/v2\/pages"}],"about":[{"href":"https:\/\/www.danosa.com\/fr-fr\/wp-json\/wp\/v2\/types\/page"}],"author":[{"embeddable":true,"href":"https:\/\/www.danosa.com\/fr-fr\/wp-json\/wp\/v2\/users\/1"}],"replies":[{"embeddable":true,"href":"https:\/\/www.danosa.com\/fr-fr\/wp-json\/wp\/v2\/comments?post=2"}],"version-history":[{"count":15,"href":"https:\/\/www.danosa.com\/fr-fr\/wp-json\/wp\/v2\/pages\/2\/revisions"}],"predecessor-version":[{"id":8441,"href":"https:\/\/www.danosa.com\/fr-fr\/wp-json\/wp\/v2\/pages\/2\/revisions\/8441"}],"wp:attachment":[{"href":"https:\/\/www.danosa.com\/fr-fr\/wp-json\/wp\/v2\/media?parent=2"}],"curies":[{"name":"wp","href":"https:\/\/api.w.org\/{rel}","templated":true}]}}