{"id":4800,"date":"2026-04-08T04:21:45","date_gmt":"2026-04-08T02:21:45","guid":{"rendered":"https:\/\/www.danosa.com\/fr-fr\/blog\/product\/danofelt-pp-200\/"},"modified":"2026-04-08T04:21:46","modified_gmt":"2026-04-08T02:21:46","slug":"danofelt-pp-200","status":"publish","type":"product","link":"https:\/\/www.danosa.com\/fr-fr\/produit\/danofelt-pp-200\/","title":{"rendered":"DANOFELT PP 200"},"content":{"rendered":"<p>Le DANOFELT PP 200 est un g\u00e9otextile non tiss\u00e9 , form\u00e9 par 100% polypropyl\u00e8ne . Il poss\u00e8de le marquage CE.<\/p>\n","protected":false},"excerpt":{"rendered":"<p>G\u00e9otextile non tiss\u00e9 de 200, \u00b110% g\/m\u00b2 de 100% polypropyl\u00e8ne .<\/p>\n","protected":false},"featured_media":0,"parent":0,"menu_order":0,"template":"","meta":{"inline_featured_image":false,"site-sidebar-layout":"default","site-content-layout":"default","ast-main-header-display":"","ast-hfb-above-header-display":"","ast-hfb-below-header-display":"","ast-hfb-mobile-header-display":"","site-post-title":"","ast-breadcrumbs-content":"","ast-featured-img":"","footer-sml-layout":"","theme-transparent-header-meta":"","adv-header-id-meta":"","stick-header-meta":"","header-above-stick-meta":"","header-main-stick-meta":"","header-below-stick-meta":""},"family":[6725],"product_notice":[247208],"product_icon":[],"product_application":[245820,246036],"product_standards_certification":[247079],"product_benefits":[247540,247686,247748,247763,247820,247871,247914],"product_support":[],"product_substrate_preparation":[],"product_important_indications":[246338,246345,246353,246436,246438,246440,246463,246472,246485],"product_conservation":[246567,246595,246597,246644,246752,246753,246755],"product_warning":[],"product_safety_hygiene":[],"system_certification":[],"product_maintenance":[],"product_safety_datasheet":[],"filter_special_uses":[],"acf":[],"yoast_head":"<!-- This site is optimized with the Yoast SEO plugin v18.1 - https:\/\/yoast.com\/wordpress\/plugins\/seo\/ -->\n<title>DANOFELT PP 200 - Produits pour la construction | Danosa France<\/title>\n<meta name=\"robots\" content=\"index, follow, max-snippet:-1, max-image-preview:large, max-video-preview:-1\" \/>\n<link rel=\"canonical\" href=\"https:\/\/www.danosa.com\/fr-fr\/produit\/danofelt-pp-200\/\" \/>\n<meta property=\"og:locale\" content=\"fr_FR\" \/>\n<meta property=\"og:type\" content=\"article\" \/>\n<meta property=\"og:title\" content=\"DANOFELT PP 200 - Produits pour la construction | Danosa France\" \/>\n<meta property=\"og:description\" content=\"G\u00e9otextile non tiss\u00e9 de 200, \u00b110% g\/m\u00b2 de 100% polypropyl\u00e8ne .\" \/>\n<meta property=\"og:url\" content=\"https:\/\/www.danosa.com\/fr-fr\/produit\/danofelt-pp-200\/\" \/>\n<meta property=\"og:site_name\" content=\"Produits pour la construction | Danosa France\" \/>\n<meta property=\"article:modified_time\" content=\"2026-04-08T02:21:46+00:00\" \/>\n<meta name=\"twitter:card\" content=\"summary_large_image\" \/>\n<script type=\"application\/ld+json\" class=\"yoast-schema-graph\">{\"@context\":\"https:\/\/schema.org\",\"@graph\":[{\"@type\":\"WebSite\",\"@id\":\"https:\/\/www.danosa.com\/fr-fr\/#website\",\"url\":\"https:\/\/www.danosa.com\/fr-fr\/\",\"name\":\"Produits pour la construction | Danosa France\",\"description\":\"Fabricant de produits, syst\u00e8mes et solutions pour la construction\",\"potentialAction\":[{\"@type\":\"SearchAction\",\"target\":{\"@type\":\"EntryPoint\",\"urlTemplate\":\"https:\/\/www.danosa.com\/fr-fr\/?s={search_term_string}\"},\"query-input\":\"required name=search_term_string\"}],\"inLanguage\":\"fr-FR\"},{\"@type\":\"WebPage\",\"@id\":\"https:\/\/www.danosa.com\/fr-fr\/produit\/danofelt-pp-200\/#webpage\",\"url\":\"https:\/\/www.danosa.com\/fr-fr\/produit\/danofelt-pp-200\/\",\"name\":\"DANOFELT PP 200 - Produits pour la construction | Danosa France\",\"isPartOf\":{\"@id\":\"https:\/\/www.danosa.com\/fr-fr\/#website\"},\"datePublished\":\"2026-04-08T02:21:45+00:00\",\"dateModified\":\"2026-04-08T02:21:46+00:00\",\"breadcrumb\":{\"@id\":\"https:\/\/www.danosa.com\/fr-fr\/produit\/danofelt-pp-200\/#breadcrumb\"},\"inLanguage\":\"fr-FR\",\"potentialAction\":[{\"@type\":\"ReadAction\",\"target\":[\"https:\/\/www.danosa.com\/fr-fr\/produit\/danofelt-pp-200\/\"]}]},{\"@type\":\"BreadcrumbList\",\"@id\":\"https:\/\/www.danosa.com\/fr-fr\/produit\/danofelt-pp-200\/#breadcrumb\",\"itemListElement\":[{\"@type\":\"ListItem\",\"position\":1,\"name\":\"Portada\",\"item\":\"https:\/\/www.danosa.com\/fr-fr\/\"},{\"@type\":\"ListItem\",\"position\":2,\"name\":\"DANOFELT PP 200\"}]}]}<\/script>\n<!-- \/ Yoast SEO plugin. -->","yoast_head_json":{"title":"DANOFELT PP 200 - Produits pour la construction | Danosa France","robots":{"index":"index","follow":"follow","max-snippet":"max-snippet:-1","max-image-preview":"max-image-preview:large","max-video-preview":"max-video-preview:-1"},"canonical":"https:\/\/www.danosa.com\/fr-fr\/produit\/danofelt-pp-200\/","og_locale":"fr_FR","og_type":"article","og_title":"DANOFELT PP 200 - Produits pour la construction | Danosa France","og_description":"G\u00e9otextile non tiss\u00e9 de 200, \u00b110% g\/m\u00b2 de 100% polypropyl\u00e8ne .","og_url":"https:\/\/www.danosa.com\/fr-fr\/produit\/danofelt-pp-200\/","og_site_name":"Produits pour la construction | Danosa France","article_modified_time":"2026-04-08T02:21:46+00:00","twitter_card":"summary_large_image","schema":{"@context":"https:\/\/schema.org","@graph":[{"@type":"WebSite","@id":"https:\/\/www.danosa.com\/fr-fr\/#website","url":"https:\/\/www.danosa.com\/fr-fr\/","name":"Produits pour la construction | Danosa France","description":"Fabricant de produits, syst\u00e8mes et solutions pour la construction","potentialAction":[{"@type":"SearchAction","target":{"@type":"EntryPoint","urlTemplate":"https:\/\/www.danosa.com\/fr-fr\/?s={search_term_string}"},"query-input":"required name=search_term_string"}],"inLanguage":"fr-FR"},{"@type":"WebPage","@id":"https:\/\/www.danosa.com\/fr-fr\/produit\/danofelt-pp-200\/#webpage","url":"https:\/\/www.danosa.com\/fr-fr\/produit\/danofelt-pp-200\/","name":"DANOFELT PP 200 - Produits pour la construction | Danosa France","isPartOf":{"@id":"https:\/\/www.danosa.com\/fr-fr\/#website"},"datePublished":"2026-04-08T02:21:45+00:00","dateModified":"2026-04-08T02:21:46+00:00","breadcrumb":{"@id":"https:\/\/www.danosa.com\/fr-fr\/produit\/danofelt-pp-200\/#breadcrumb"},"inLanguage":"fr-FR","potentialAction":[{"@type":"ReadAction","target":["https:\/\/www.danosa.com\/fr-fr\/produit\/danofelt-pp-200\/"]}]},{"@type":"BreadcrumbList","@id":"https:\/\/www.danosa.com\/fr-fr\/produit\/danofelt-pp-200\/#breadcrumb","itemListElement":[{"@type":"ListItem","position":1,"name":"Portada","item":"https:\/\/www.danosa.com\/fr-fr\/"},{"@type":"ListItem","position":2,"name":"DANOFELT PP 200"}]}]}},"_links":{"self":[{"href":"https:\/\/www.danosa.com\/fr-fr\/wp-json\/wp\/v2\/product\/4800"}],"collection":[{"href":"https:\/\/www.danosa.com\/fr-fr\/wp-json\/wp\/v2\/product"}],"about":[{"href":"https:\/\/www.danosa.com\/fr-fr\/wp-json\/wp\/v2\/types\/product"}],"wp:attachment":[{"href":"https:\/\/www.danosa.com\/fr-fr\/wp-json\/wp\/v2\/media?parent=4800"}],"wp:term":[{"taxonomy":"family","embeddable":true,"href":"https:\/\/www.danosa.com\/fr-fr\/wp-json\/wp\/v2\/family?post=4800"},{"taxonomy":"product_notice","embeddable":true,"href":"https:\/\/www.danosa.com\/fr-fr\/wp-json\/wp\/v2\/product_notice?post=4800"},{"taxonomy":"product_icon","embeddable":true,"href":"https:\/\/www.danosa.com\/fr-fr\/wp-json\/wp\/v2\/product_icon?post=4800"},{"taxonomy":"product_application","embeddable":true,"href":"https:\/\/www.danosa.com\/fr-fr\/wp-json\/wp\/v2\/product_application?post=4800"},{"taxonomy":"product_standards_certification","embeddable":true,"href":"https:\/\/www.danosa.com\/fr-fr\/wp-json\/wp\/v2\/product_standards_certification?post=4800"},{"taxonomy":"product_benefits","embeddable":true,"href":"https:\/\/www.danosa.com\/fr-fr\/wp-json\/wp\/v2\/product_benefits?post=4800"},{"taxonomy":"product_support","embeddable":true,"href":"https:\/\/www.danosa.com\/fr-fr\/wp-json\/wp\/v2\/product_support?post=4800"},{"taxonomy":"product_substrate_preparation","embeddable":true,"href":"https:\/\/www.danosa.com\/fr-fr\/wp-json\/wp\/v2\/product_substrate_preparation?post=4800"},{"taxonomy":"product_important_indications","embeddable":true,"href":"https:\/\/www.danosa.com\/fr-fr\/wp-json\/wp\/v2\/product_important_indications?post=4800"},{"taxonomy":"product_conservation","embeddable":true,"href":"https:\/\/www.danosa.com\/fr-fr\/wp-json\/wp\/v2\/product_conservation?post=4800"},{"taxonomy":"product_warning","embeddable":true,"href":"https:\/\/www.danosa.com\/fr-fr\/wp-json\/wp\/v2\/product_warning?post=4800"},{"taxonomy":"product_safety_hygiene","embeddable":true,"href":"https:\/\/www.danosa.com\/fr-fr\/wp-json\/wp\/v2\/product_safety_hygiene?post=4800"},{"taxonomy":"system_certification","embeddable":true,"href":"https:\/\/www.danosa.com\/fr-fr\/wp-json\/wp\/v2\/system_certification?post=4800"},{"taxonomy":"product_maintenance","embeddable":true,"href":"https:\/\/www.danosa.com\/fr-fr\/wp-json\/wp\/v2\/product_maintenance?post=4800"},{"taxonomy":"product_safety_datasheet","embeddable":true,"href":"https:\/\/www.danosa.com\/fr-fr\/wp-json\/wp\/v2\/product_safety_datasheet?post=4800"},{"taxonomy":"filter_special_uses","embeddable":true,"href":"https:\/\/www.danosa.com\/fr-fr\/wp-json\/wp\/v2\/filter_special_uses?post=4800"}],"curies":[{"name":"wp","href":"https:\/\/api.w.org\/{rel}","templated":true}]}}