{"id":8049,"date":"2026-04-04T16:21:21","date_gmt":"2026-04-04T14:21:21","guid":{"rendered":"https:\/\/www.danosa.com\/fr-fr\/product\/glasdan-al-80-50-gp-2\/"},"modified":"2026-04-04T16:21:22","modified_gmt":"2026-04-04T14:21:22","slug":"glasdan-al-80-50-gp","status":"publish","type":"product","link":"https:\/\/www.danosa.com\/fr-fr\/produit\/glasdan-al-80-50-gp\/","title":{"rendered":"GLASDAN AL-80-50\/GP"},"content":{"rendered":"<p>GLASDAN AL-80-50\/GP est une membrane d\u2019\u00e9tanch\u00e9it\u00e9 \u00e0 base de bitume \u00e9lastom\u00e9rique, \u00e0 armature polyester stabilis\u00e9 et aluminium, avec autoprotection min\u00e9rale en surface. La largeur minimale du galon servant de recouvrement est de 70mm.<br \/>\nGLASDAN AL-80-50\/GP s\u2019utilise comme 2nde couche de relev\u00e9s autoprot\u00e9g\u00e9s ainsi que comme pare-vapeur sur support ma\u00e7onnerie selon la norme NF P 84-204 (DTU 43.1).rGLASDAN AL-80-50\/GP r\u00e9pond aux exigences de l\u2019arr\u00eat\u00e9 du 14 f\u00e9vrier 2003 relatif \u00e0 \u00ab la performance des toitures et couvertures de toitures expos\u00e9es \u00e0 un incendie ext\u00e9rieur \u00bb. Le classement au feu \u00ab A2 s1 do \u00bb la feuille m\u00e9tallique d\u2019aluminium de protection de surface permet de justifier son utilisation comme bande de protection de part et d\u2019autre des murs coupe-feu en toiture au sens des arr\u00eat\u00e9s relatifs aux Installations Class\u00e9es pour la Protection de l\u2019Environnement (ICPE).<\/p>\n","protected":false},"excerpt":{"rendered":"<p>Membrane d&rsquo;\u00e9tanch\u00e9it\u00e9 en bitume \u00e9lastom\u00e9rique avec autoprotection min\u00e9rale.<\/p>\n","protected":false},"featured_media":0,"parent":0,"menu_order":0,"template":"","meta":{"inline_featured_image":false,"site-sidebar-layout":"default","site-content-layout":"default","ast-main-header-display":"","ast-hfb-above-header-display":"","ast-hfb-below-header-display":"","ast-hfb-mobile-header-display":"","site-post-title":"","ast-breadcrumbs-content":"","ast-featured-img":"","footer-sml-layout":"","theme-transparent-header-meta":"","adv-header-id-meta":"","stick-header-meta":"","header-above-stick-meta":"","header-main-stick-meta":"","header-below-stick-meta":""},"family":[6672],"product_notice":[247208],"product_icon":[],"product_application":[245801,245983],"product_standards_certification":[256194],"product_benefits":[],"product_support":[],"product_substrate_preparation":[],"product_important_indications":[246314,246315,246319,246345,246366,246367,246368,246391,246398,246411,246450,246466],"product_conservation":[246563,246589,246596,246597,246624,246625,246669,246674,246685,246686,246752,246753],"product_warning":[],"product_safety_hygiene":[],"system_certification":[2448,6777,220070],"product_maintenance":[],"product_safety_datasheet":[2693],"filter_special_uses":[],"acf":[],"yoast_head":"<!-- This site is optimized with the Yoast SEO plugin v18.1 - https:\/\/yoast.com\/wordpress\/plugins\/seo\/ -->\n<title>GLASDAN AL-80-50\/GP - Produits pour la construction | Danosa France<\/title>\n<meta name=\"robots\" content=\"index, follow, max-snippet:-1, max-image-preview:large, max-video-preview:-1\" \/>\n<link rel=\"canonical\" href=\"https:\/\/www.danosa.com\/fr-fr\/produit\/glasdan-al-80-50-gp\/\" \/>\n<meta property=\"og:locale\" content=\"fr_FR\" \/>\n<meta property=\"og:type\" content=\"article\" \/>\n<meta property=\"og:title\" content=\"GLASDAN AL-80-50\/GP - Produits pour la construction | Danosa France\" \/>\n<meta property=\"og:description\" content=\"Membrane d&#039;\u00e9tanch\u00e9it\u00e9 en bitume \u00e9lastom\u00e9rique avec autoprotection min\u00e9rale.\" \/>\n<meta property=\"og:url\" content=\"https:\/\/www.danosa.com\/fr-fr\/produit\/glasdan-al-80-50-gp\/\" \/>\n<meta property=\"og:site_name\" content=\"Produits pour la construction | Danosa France\" \/>\n<meta property=\"article:modified_time\" content=\"2026-04-04T14:21:22+00:00\" \/>\n<meta name=\"twitter:card\" content=\"summary_large_image\" \/>\n<meta name=\"twitter:label1\" content=\"Dur\u00e9e de lecture estim\u00e9e\" \/>\n\t<meta name=\"twitter:data1\" content=\"1 minute\" \/>\n<script type=\"application\/ld+json\" class=\"yoast-schema-graph\">{\"@context\":\"https:\/\/schema.org\",\"@graph\":[{\"@type\":\"WebSite\",\"@id\":\"https:\/\/www.danosa.com\/fr-fr\/#website\",\"url\":\"https:\/\/www.danosa.com\/fr-fr\/\",\"name\":\"Produits pour la construction | Danosa France\",\"description\":\"Fabricant de produits, syst\u00e8mes et solutions pour la construction\",\"potentialAction\":[{\"@type\":\"SearchAction\",\"target\":{\"@type\":\"EntryPoint\",\"urlTemplate\":\"https:\/\/www.danosa.com\/fr-fr\/?s={search_term_string}\"},\"query-input\":\"required name=search_term_string\"}],\"inLanguage\":\"fr-FR\"},{\"@type\":\"WebPage\",\"@id\":\"https:\/\/www.danosa.com\/fr-fr\/produit\/glasdan-al-80-50-gp\/#webpage\",\"url\":\"https:\/\/www.danosa.com\/fr-fr\/produit\/glasdan-al-80-50-gp\/\",\"name\":\"GLASDAN AL-80-50\/GP - Produits pour la construction | Danosa France\",\"isPartOf\":{\"@id\":\"https:\/\/www.danosa.com\/fr-fr\/#website\"},\"datePublished\":\"2026-04-04T14:21:21+00:00\",\"dateModified\":\"2026-04-04T14:21:22+00:00\",\"breadcrumb\":{\"@id\":\"https:\/\/www.danosa.com\/fr-fr\/produit\/glasdan-al-80-50-gp\/#breadcrumb\"},\"inLanguage\":\"fr-FR\",\"potentialAction\":[{\"@type\":\"ReadAction\",\"target\":[\"https:\/\/www.danosa.com\/fr-fr\/produit\/glasdan-al-80-50-gp\/\"]}]},{\"@type\":\"BreadcrumbList\",\"@id\":\"https:\/\/www.danosa.com\/fr-fr\/produit\/glasdan-al-80-50-gp\/#breadcrumb\",\"itemListElement\":[{\"@type\":\"ListItem\",\"position\":1,\"name\":\"Portada\",\"item\":\"https:\/\/www.danosa.com\/fr-fr\/\"},{\"@type\":\"ListItem\",\"position\":2,\"name\":\"GLASDAN AL-80-50\/GP\"}]}]}<\/script>\n<!-- \/ Yoast SEO plugin. -->","yoast_head_json":{"title":"GLASDAN AL-80-50\/GP - Produits pour la construction | Danosa France","robots":{"index":"index","follow":"follow","max-snippet":"max-snippet:-1","max-image-preview":"max-image-preview:large","max-video-preview":"max-video-preview:-1"},"canonical":"https:\/\/www.danosa.com\/fr-fr\/produit\/glasdan-al-80-50-gp\/","og_locale":"fr_FR","og_type":"article","og_title":"GLASDAN AL-80-50\/GP - Produits pour la construction | Danosa France","og_description":"Membrane d'\u00e9tanch\u00e9it\u00e9 en bitume \u00e9lastom\u00e9rique avec autoprotection min\u00e9rale.","og_url":"https:\/\/www.danosa.com\/fr-fr\/produit\/glasdan-al-80-50-gp\/","og_site_name":"Produits pour la construction | Danosa France","article_modified_time":"2026-04-04T14:21:22+00:00","twitter_card":"summary_large_image","twitter_misc":{"Dur\u00e9e de lecture estim\u00e9e":"1 minute"},"schema":{"@context":"https:\/\/schema.org","@graph":[{"@type":"WebSite","@id":"https:\/\/www.danosa.com\/fr-fr\/#website","url":"https:\/\/www.danosa.com\/fr-fr\/","name":"Produits pour la construction | Danosa France","description":"Fabricant de produits, syst\u00e8mes et solutions pour la construction","potentialAction":[{"@type":"SearchAction","target":{"@type":"EntryPoint","urlTemplate":"https:\/\/www.danosa.com\/fr-fr\/?s={search_term_string}"},"query-input":"required name=search_term_string"}],"inLanguage":"fr-FR"},{"@type":"WebPage","@id":"https:\/\/www.danosa.com\/fr-fr\/produit\/glasdan-al-80-50-gp\/#webpage","url":"https:\/\/www.danosa.com\/fr-fr\/produit\/glasdan-al-80-50-gp\/","name":"GLASDAN AL-80-50\/GP - Produits pour la construction | Danosa France","isPartOf":{"@id":"https:\/\/www.danosa.com\/fr-fr\/#website"},"datePublished":"2026-04-04T14:21:21+00:00","dateModified":"2026-04-04T14:21:22+00:00","breadcrumb":{"@id":"https:\/\/www.danosa.com\/fr-fr\/produit\/glasdan-al-80-50-gp\/#breadcrumb"},"inLanguage":"fr-FR","potentialAction":[{"@type":"ReadAction","target":["https:\/\/www.danosa.com\/fr-fr\/produit\/glasdan-al-80-50-gp\/"]}]},{"@type":"BreadcrumbList","@id":"https:\/\/www.danosa.com\/fr-fr\/produit\/glasdan-al-80-50-gp\/#breadcrumb","itemListElement":[{"@type":"ListItem","position":1,"name":"Portada","item":"https:\/\/www.danosa.com\/fr-fr\/"},{"@type":"ListItem","position":2,"name":"GLASDAN AL-80-50\/GP"}]}]}},"_links":{"self":[{"href":"https:\/\/www.danosa.com\/fr-fr\/wp-json\/wp\/v2\/product\/8049"}],"collection":[{"href":"https:\/\/www.danosa.com\/fr-fr\/wp-json\/wp\/v2\/product"}],"about":[{"href":"https:\/\/www.danosa.com\/fr-fr\/wp-json\/wp\/v2\/types\/product"}],"wp:attachment":[{"href":"https:\/\/www.danosa.com\/fr-fr\/wp-json\/wp\/v2\/media?parent=8049"}],"wp:term":[{"taxonomy":"family","embeddable":true,"href":"https:\/\/www.danosa.com\/fr-fr\/wp-json\/wp\/v2\/family?post=8049"},{"taxonomy":"product_notice","embeddable":true,"href":"https:\/\/www.danosa.com\/fr-fr\/wp-json\/wp\/v2\/product_notice?post=8049"},{"taxonomy":"product_icon","embeddable":true,"href":"https:\/\/www.danosa.com\/fr-fr\/wp-json\/wp\/v2\/product_icon?post=8049"},{"taxonomy":"product_application","embeddable":true,"href":"https:\/\/www.danosa.com\/fr-fr\/wp-json\/wp\/v2\/product_application?post=8049"},{"taxonomy":"product_standards_certification","embeddable":true,"href":"https:\/\/www.danosa.com\/fr-fr\/wp-json\/wp\/v2\/product_standards_certification?post=8049"},{"taxonomy":"product_benefits","embeddable":true,"href":"https:\/\/www.danosa.com\/fr-fr\/wp-json\/wp\/v2\/product_benefits?post=8049"},{"taxonomy":"product_support","embeddable":true,"href":"https:\/\/www.danosa.com\/fr-fr\/wp-json\/wp\/v2\/product_support?post=8049"},{"taxonomy":"product_substrate_preparation","embeddable":true,"href":"https:\/\/www.danosa.com\/fr-fr\/wp-json\/wp\/v2\/product_substrate_preparation?post=8049"},{"taxonomy":"product_important_indications","embeddable":true,"href":"https:\/\/www.danosa.com\/fr-fr\/wp-json\/wp\/v2\/product_important_indications?post=8049"},{"taxonomy":"product_conservation","embeddable":true,"href":"https:\/\/www.danosa.com\/fr-fr\/wp-json\/wp\/v2\/product_conservation?post=8049"},{"taxonomy":"product_warning","embeddable":true,"href":"https:\/\/www.danosa.com\/fr-fr\/wp-json\/wp\/v2\/product_warning?post=8049"},{"taxonomy":"product_safety_hygiene","embeddable":true,"href":"https:\/\/www.danosa.com\/fr-fr\/wp-json\/wp\/v2\/product_safety_hygiene?post=8049"},{"taxonomy":"system_certification","embeddable":true,"href":"https:\/\/www.danosa.com\/fr-fr\/wp-json\/wp\/v2\/system_certification?post=8049"},{"taxonomy":"product_maintenance","embeddable":true,"href":"https:\/\/www.danosa.com\/fr-fr\/wp-json\/wp\/v2\/product_maintenance?post=8049"},{"taxonomy":"product_safety_datasheet","embeddable":true,"href":"https:\/\/www.danosa.com\/fr-fr\/wp-json\/wp\/v2\/product_safety_datasheet?post=8049"},{"taxonomy":"filter_special_uses","embeddable":true,"href":"https:\/\/www.danosa.com\/fr-fr\/wp-json\/wp\/v2\/filter_special_uses?post=8049"}],"curies":[{"name":"wp","href":"https:\/\/api.w.org\/{rel}","templated":true}]}}