{"id":8050,"date":"2026-04-08T04:21:27","date_gmt":"2026-04-08T02:21:27","guid":{"rendered":"https:\/\/www.danosa.com\/fr-fr\/product\/impridan-600\/"},"modified":"2026-04-08T04:21:29","modified_gmt":"2026-04-08T02:21:29","slug":"impridan-600","status":"publish","type":"product","link":"https:\/\/www.danosa.com\/fr-fr\/produit\/impridan-600\/","title":{"rendered":"IMPRIDAN 600"},"content":{"rendered":"<p>IMPRIDAN 600 est une colle expansive \u00e0 base de polyur\u00e9thane mono-composant et sans solvant, destin\u00e9e au collage des isolants thermiques tels que les polystyr\u00e8nes expans\u00e9s (PSE), polyur\u00e9thanes (PUR) et polyisocyanurates (PIR) recevant un rev\u00eatement d\u2019\u00e9tanch\u00e9it\u00e9 sous protection lourde ou autoprot\u00e9g\u00e9.<br \/>\nLe durcissement de la colle se fait par polym\u00e9risation avec l\u2019humidit\u00e9 de l\u2019air.<\/p>\n","protected":false},"excerpt":{"rendered":"<p>Colle mono-composante sans solvant \u00e0 base de polyur\u00e9thane<\/p>\n","protected":false},"featured_media":0,"parent":0,"menu_order":0,"template":"","meta":{"inline_featured_image":false,"site-sidebar-layout":"default","site-content-layout":"default","ast-main-header-display":"","ast-hfb-above-header-display":"","ast-hfb-below-header-display":"","ast-hfb-mobile-header-display":"","site-post-title":"","ast-breadcrumbs-content":"","ast-featured-img":"","footer-sml-layout":"","theme-transparent-header-meta":"","adv-header-id-meta":"","stick-header-meta":"","header-above-stick-meta":"","header-main-stick-meta":"","header-below-stick-meta":""},"family":[6674],"product_notice":[247208],"product_icon":[],"product_application":[246244],"product_standards_certification":[],"product_benefits":[],"product_support":[246968,246971,246978,247009,247033],"product_substrate_preparation":[],"product_important_indications":[],"product_conservation":[246589,246597,246752,246753],"product_warning":[246892],"product_safety_hygiene":[],"system_certification":[],"product_maintenance":[],"product_safety_datasheet":[59566],"filter_special_uses":[],"acf":[],"yoast_head":"<!-- This site is optimized with the Yoast SEO plugin v18.1 - https:\/\/yoast.com\/wordpress\/plugins\/seo\/ -->\n<title>IMPRIDAN 600 - Produits pour la construction | Danosa France<\/title>\n<meta name=\"robots\" content=\"index, follow, max-snippet:-1, max-image-preview:large, max-video-preview:-1\" \/>\n<link rel=\"canonical\" href=\"https:\/\/www.danosa.com\/fr-fr\/produit\/impridan-600\/\" \/>\n<meta property=\"og:locale\" content=\"fr_FR\" \/>\n<meta property=\"og:type\" content=\"article\" \/>\n<meta property=\"og:title\" content=\"IMPRIDAN 600 - Produits pour la construction | Danosa France\" \/>\n<meta property=\"og:description\" content=\"Colle mono-composante sans solvant \u00e0 base de polyur\u00e9thane\" \/>\n<meta property=\"og:url\" content=\"https:\/\/www.danosa.com\/fr-fr\/produit\/impridan-600\/\" \/>\n<meta property=\"og:site_name\" content=\"Produits pour la construction | Danosa France\" \/>\n<meta property=\"article:modified_time\" content=\"2026-04-08T02:21:29+00:00\" \/>\n<meta name=\"twitter:card\" content=\"summary_large_image\" \/>\n<script type=\"application\/ld+json\" class=\"yoast-schema-graph\">{\"@context\":\"https:\/\/schema.org\",\"@graph\":[{\"@type\":\"WebSite\",\"@id\":\"https:\/\/www.danosa.com\/fr-fr\/#website\",\"url\":\"https:\/\/www.danosa.com\/fr-fr\/\",\"name\":\"Produits pour la construction | Danosa France\",\"description\":\"Fabricant de produits, syst\u00e8mes et solutions pour la construction\",\"potentialAction\":[{\"@type\":\"SearchAction\",\"target\":{\"@type\":\"EntryPoint\",\"urlTemplate\":\"https:\/\/www.danosa.com\/fr-fr\/?s={search_term_string}\"},\"query-input\":\"required name=search_term_string\"}],\"inLanguage\":\"fr-FR\"},{\"@type\":\"WebPage\",\"@id\":\"https:\/\/www.danosa.com\/fr-fr\/produit\/impridan-600\/#webpage\",\"url\":\"https:\/\/www.danosa.com\/fr-fr\/produit\/impridan-600\/\",\"name\":\"IMPRIDAN 600 - Produits pour la construction | Danosa France\",\"isPartOf\":{\"@id\":\"https:\/\/www.danosa.com\/fr-fr\/#website\"},\"datePublished\":\"2026-04-08T02:21:27+00:00\",\"dateModified\":\"2026-04-08T02:21:29+00:00\",\"breadcrumb\":{\"@id\":\"https:\/\/www.danosa.com\/fr-fr\/produit\/impridan-600\/#breadcrumb\"},\"inLanguage\":\"fr-FR\",\"potentialAction\":[{\"@type\":\"ReadAction\",\"target\":[\"https:\/\/www.danosa.com\/fr-fr\/produit\/impridan-600\/\"]}]},{\"@type\":\"BreadcrumbList\",\"@id\":\"https:\/\/www.danosa.com\/fr-fr\/produit\/impridan-600\/#breadcrumb\",\"itemListElement\":[{\"@type\":\"ListItem\",\"position\":1,\"name\":\"Portada\",\"item\":\"https:\/\/www.danosa.com\/fr-fr\/\"},{\"@type\":\"ListItem\",\"position\":2,\"name\":\"IMPRIDAN 600\"}]}]}<\/script>\n<!-- \/ Yoast SEO plugin. -->","yoast_head_json":{"title":"IMPRIDAN 600 - Produits pour la construction | Danosa France","robots":{"index":"index","follow":"follow","max-snippet":"max-snippet:-1","max-image-preview":"max-image-preview:large","max-video-preview":"max-video-preview:-1"},"canonical":"https:\/\/www.danosa.com\/fr-fr\/produit\/impridan-600\/","og_locale":"fr_FR","og_type":"article","og_title":"IMPRIDAN 600 - Produits pour la construction | Danosa France","og_description":"Colle mono-composante sans solvant \u00e0 base de polyur\u00e9thane","og_url":"https:\/\/www.danosa.com\/fr-fr\/produit\/impridan-600\/","og_site_name":"Produits pour la construction | Danosa France","article_modified_time":"2026-04-08T02:21:29+00:00","twitter_card":"summary_large_image","schema":{"@context":"https:\/\/schema.org","@graph":[{"@type":"WebSite","@id":"https:\/\/www.danosa.com\/fr-fr\/#website","url":"https:\/\/www.danosa.com\/fr-fr\/","name":"Produits pour la construction | Danosa France","description":"Fabricant de produits, syst\u00e8mes et solutions pour la construction","potentialAction":[{"@type":"SearchAction","target":{"@type":"EntryPoint","urlTemplate":"https:\/\/www.danosa.com\/fr-fr\/?s={search_term_string}"},"query-input":"required name=search_term_string"}],"inLanguage":"fr-FR"},{"@type":"WebPage","@id":"https:\/\/www.danosa.com\/fr-fr\/produit\/impridan-600\/#webpage","url":"https:\/\/www.danosa.com\/fr-fr\/produit\/impridan-600\/","name":"IMPRIDAN 600 - Produits pour la construction | Danosa France","isPartOf":{"@id":"https:\/\/www.danosa.com\/fr-fr\/#website"},"datePublished":"2026-04-08T02:21:27+00:00","dateModified":"2026-04-08T02:21:29+00:00","breadcrumb":{"@id":"https:\/\/www.danosa.com\/fr-fr\/produit\/impridan-600\/#breadcrumb"},"inLanguage":"fr-FR","potentialAction":[{"@type":"ReadAction","target":["https:\/\/www.danosa.com\/fr-fr\/produit\/impridan-600\/"]}]},{"@type":"BreadcrumbList","@id":"https:\/\/www.danosa.com\/fr-fr\/produit\/impridan-600\/#breadcrumb","itemListElement":[{"@type":"ListItem","position":1,"name":"Portada","item":"https:\/\/www.danosa.com\/fr-fr\/"},{"@type":"ListItem","position":2,"name":"IMPRIDAN 600"}]}]}},"_links":{"self":[{"href":"https:\/\/www.danosa.com\/fr-fr\/wp-json\/wp\/v2\/product\/8050"}],"collection":[{"href":"https:\/\/www.danosa.com\/fr-fr\/wp-json\/wp\/v2\/product"}],"about":[{"href":"https:\/\/www.danosa.com\/fr-fr\/wp-json\/wp\/v2\/types\/product"}],"wp:attachment":[{"href":"https:\/\/www.danosa.com\/fr-fr\/wp-json\/wp\/v2\/media?parent=8050"}],"wp:term":[{"taxonomy":"family","embeddable":true,"href":"https:\/\/www.danosa.com\/fr-fr\/wp-json\/wp\/v2\/family?post=8050"},{"taxonomy":"product_notice","embeddable":true,"href":"https:\/\/www.danosa.com\/fr-fr\/wp-json\/wp\/v2\/product_notice?post=8050"},{"taxonomy":"product_icon","embeddable":true,"href":"https:\/\/www.danosa.com\/fr-fr\/wp-json\/wp\/v2\/product_icon?post=8050"},{"taxonomy":"product_application","embeddable":true,"href":"https:\/\/www.danosa.com\/fr-fr\/wp-json\/wp\/v2\/product_application?post=8050"},{"taxonomy":"product_standards_certification","embeddable":true,"href":"https:\/\/www.danosa.com\/fr-fr\/wp-json\/wp\/v2\/product_standards_certification?post=8050"},{"taxonomy":"product_benefits","embeddable":true,"href":"https:\/\/www.danosa.com\/fr-fr\/wp-json\/wp\/v2\/product_benefits?post=8050"},{"taxonomy":"product_support","embeddable":true,"href":"https:\/\/www.danosa.com\/fr-fr\/wp-json\/wp\/v2\/product_support?post=8050"},{"taxonomy":"product_substrate_preparation","embeddable":true,"href":"https:\/\/www.danosa.com\/fr-fr\/wp-json\/wp\/v2\/product_substrate_preparation?post=8050"},{"taxonomy":"product_important_indications","embeddable":true,"href":"https:\/\/www.danosa.com\/fr-fr\/wp-json\/wp\/v2\/product_important_indications?post=8050"},{"taxonomy":"product_conservation","embeddable":true,"href":"https:\/\/www.danosa.com\/fr-fr\/wp-json\/wp\/v2\/product_conservation?post=8050"},{"taxonomy":"product_warning","embeddable":true,"href":"https:\/\/www.danosa.com\/fr-fr\/wp-json\/wp\/v2\/product_warning?post=8050"},{"taxonomy":"product_safety_hygiene","embeddable":true,"href":"https:\/\/www.danosa.com\/fr-fr\/wp-json\/wp\/v2\/product_safety_hygiene?post=8050"},{"taxonomy":"system_certification","embeddable":true,"href":"https:\/\/www.danosa.com\/fr-fr\/wp-json\/wp\/v2\/system_certification?post=8050"},{"taxonomy":"product_maintenance","embeddable":true,"href":"https:\/\/www.danosa.com\/fr-fr\/wp-json\/wp\/v2\/product_maintenance?post=8050"},{"taxonomy":"product_safety_datasheet","embeddable":true,"href":"https:\/\/www.danosa.com\/fr-fr\/wp-json\/wp\/v2\/product_safety_datasheet?post=8050"},{"taxonomy":"filter_special_uses","embeddable":true,"href":"https:\/\/www.danosa.com\/fr-fr\/wp-json\/wp\/v2\/filter_special_uses?post=8050"}],"curies":[{"name":"wp","href":"https:\/\/api.w.org\/{rel}","templated":true}]}}