{"id":8114,"date":"2026-04-08T04:21:20","date_gmt":"2026-04-08T02:21:20","guid":{"rendered":"https:\/\/www.danosa.com\/fr-fr\/product\/fonodan-70-3\/"},"modified":"2026-04-08T04:21:23","modified_gmt":"2026-04-08T02:21:23","slug":"fonodan-70","status":"publish","type":"product","link":"https:\/\/www.danosa.com\/fr-fr\/produit\/fonodan-70\/","title":{"rendered":"FONODAN 70."},"content":{"rendered":"<p>FONODAN 70 est un produit bicouche form\u00e9 par une membrane auto-adh\u00e9sive de bitume de haute densit\u00e9 et un poly\u00e9thyl\u00e8ne chimiquement r\u00e9ticul\u00e9 thermo soud\u00e9 \u00e0 l\u2019ant\u00e9rieure. D\u2019un point de vue acoustique, le FONODAN 70 fonctionne comme un amortisseur entre le Placoplatre et le profil.<\/p>\n","protected":false},"excerpt":{"rendered":"<p>Bande auto-adh\u00e9sive pour le renfort du siphon.<\/p>\n","protected":false},"featured_media":0,"parent":0,"menu_order":0,"template":"","meta":{"inline_featured_image":false,"site-sidebar-layout":"default","site-content-layout":"default","ast-main-header-display":"","ast-hfb-above-header-display":"","ast-hfb-below-header-display":"","ast-hfb-mobile-header-display":"","site-post-title":"","ast-breadcrumbs-content":"","ast-featured-img":"","footer-sml-layout":"","theme-transparent-header-meta":"","adv-header-id-meta":"","stick-header-meta":"","header-above-stick-meta":"","header-main-stick-meta":"","header-below-stick-meta":""},"family":[6721],"product_notice":[247208],"product_icon":[],"product_application":[245845,246100],"product_standards_certification":[247127],"product_benefits":[247504,247514,247739,247764,247831,247837],"product_support":[],"product_substrate_preparation":[],"product_important_indications":[246309,246311,246365,246375,246429,246448,246454,246481,246494],"product_conservation":[246561,246573,246574,246598,246603,246605,246618,246622,246682,246753,246755],"product_warning":[],"product_safety_hygiene":[],"system_certification":[2462],"product_maintenance":[],"product_safety_datasheet":[],"filter_special_uses":[],"acf":[],"yoast_head":"<!-- This site is optimized with the Yoast SEO plugin v18.1 - https:\/\/yoast.com\/wordpress\/plugins\/seo\/ -->\n<title>FONODAN 70. - Produits pour la construction | Danosa France<\/title>\n<meta name=\"robots\" content=\"index, follow, max-snippet:-1, max-image-preview:large, max-video-preview:-1\" \/>\n<link rel=\"canonical\" href=\"https:\/\/www.danosa.com\/fr-fr\/produit\/fonodan-70\/\" \/>\n<meta property=\"og:locale\" content=\"fr_FR\" \/>\n<meta property=\"og:type\" content=\"article\" \/>\n<meta property=\"og:title\" content=\"FONODAN 70. - Produits pour la construction | Danosa France\" \/>\n<meta property=\"og:description\" content=\"Bande auto-adh\u00e9sive pour le renfort du siphon.\" \/>\n<meta property=\"og:url\" content=\"https:\/\/www.danosa.com\/fr-fr\/produit\/fonodan-70\/\" \/>\n<meta property=\"og:site_name\" content=\"Produits pour la construction | Danosa France\" \/>\n<meta property=\"article:modified_time\" content=\"2026-04-08T02:21:23+00:00\" \/>\n<meta name=\"twitter:card\" content=\"summary_large_image\" \/>\n<script type=\"application\/ld+json\" class=\"yoast-schema-graph\">{\"@context\":\"https:\/\/schema.org\",\"@graph\":[{\"@type\":\"WebSite\",\"@id\":\"https:\/\/www.danosa.com\/fr-fr\/#website\",\"url\":\"https:\/\/www.danosa.com\/fr-fr\/\",\"name\":\"Produits pour la construction | Danosa France\",\"description\":\"Fabricant de produits, syst\u00e8mes et solutions pour la construction\",\"potentialAction\":[{\"@type\":\"SearchAction\",\"target\":{\"@type\":\"EntryPoint\",\"urlTemplate\":\"https:\/\/www.danosa.com\/fr-fr\/?s={search_term_string}\"},\"query-input\":\"required name=search_term_string\"}],\"inLanguage\":\"fr-FR\"},{\"@type\":\"WebPage\",\"@id\":\"https:\/\/www.danosa.com\/fr-fr\/produit\/fonodan-70\/#webpage\",\"url\":\"https:\/\/www.danosa.com\/fr-fr\/produit\/fonodan-70\/\",\"name\":\"FONODAN 70. - Produits pour la construction | Danosa France\",\"isPartOf\":{\"@id\":\"https:\/\/www.danosa.com\/fr-fr\/#website\"},\"datePublished\":\"2026-04-08T02:21:20+00:00\",\"dateModified\":\"2026-04-08T02:21:23+00:00\",\"breadcrumb\":{\"@id\":\"https:\/\/www.danosa.com\/fr-fr\/produit\/fonodan-70\/#breadcrumb\"},\"inLanguage\":\"fr-FR\",\"potentialAction\":[{\"@type\":\"ReadAction\",\"target\":[\"https:\/\/www.danosa.com\/fr-fr\/produit\/fonodan-70\/\"]}]},{\"@type\":\"BreadcrumbList\",\"@id\":\"https:\/\/www.danosa.com\/fr-fr\/produit\/fonodan-70\/#breadcrumb\",\"itemListElement\":[{\"@type\":\"ListItem\",\"position\":1,\"name\":\"Portada\",\"item\":\"https:\/\/www.danosa.com\/fr-fr\/\"},{\"@type\":\"ListItem\",\"position\":2,\"name\":\"FONODAN 70.\"}]}]}<\/script>\n<!-- \/ Yoast SEO plugin. -->","yoast_head_json":{"title":"FONODAN 70. - Produits pour la construction | Danosa France","robots":{"index":"index","follow":"follow","max-snippet":"max-snippet:-1","max-image-preview":"max-image-preview:large","max-video-preview":"max-video-preview:-1"},"canonical":"https:\/\/www.danosa.com\/fr-fr\/produit\/fonodan-70\/","og_locale":"fr_FR","og_type":"article","og_title":"FONODAN 70. - Produits pour la construction | Danosa France","og_description":"Bande auto-adh\u00e9sive pour le renfort du siphon.","og_url":"https:\/\/www.danosa.com\/fr-fr\/produit\/fonodan-70\/","og_site_name":"Produits pour la construction | Danosa France","article_modified_time":"2026-04-08T02:21:23+00:00","twitter_card":"summary_large_image","schema":{"@context":"https:\/\/schema.org","@graph":[{"@type":"WebSite","@id":"https:\/\/www.danosa.com\/fr-fr\/#website","url":"https:\/\/www.danosa.com\/fr-fr\/","name":"Produits pour la construction | Danosa France","description":"Fabricant de produits, syst\u00e8mes et solutions pour la construction","potentialAction":[{"@type":"SearchAction","target":{"@type":"EntryPoint","urlTemplate":"https:\/\/www.danosa.com\/fr-fr\/?s={search_term_string}"},"query-input":"required name=search_term_string"}],"inLanguage":"fr-FR"},{"@type":"WebPage","@id":"https:\/\/www.danosa.com\/fr-fr\/produit\/fonodan-70\/#webpage","url":"https:\/\/www.danosa.com\/fr-fr\/produit\/fonodan-70\/","name":"FONODAN 70. - Produits pour la construction | Danosa France","isPartOf":{"@id":"https:\/\/www.danosa.com\/fr-fr\/#website"},"datePublished":"2026-04-08T02:21:20+00:00","dateModified":"2026-04-08T02:21:23+00:00","breadcrumb":{"@id":"https:\/\/www.danosa.com\/fr-fr\/produit\/fonodan-70\/#breadcrumb"},"inLanguage":"fr-FR","potentialAction":[{"@type":"ReadAction","target":["https:\/\/www.danosa.com\/fr-fr\/produit\/fonodan-70\/"]}]},{"@type":"BreadcrumbList","@id":"https:\/\/www.danosa.com\/fr-fr\/produit\/fonodan-70\/#breadcrumb","itemListElement":[{"@type":"ListItem","position":1,"name":"Portada","item":"https:\/\/www.danosa.com\/fr-fr\/"},{"@type":"ListItem","position":2,"name":"FONODAN 70."}]}]}},"_links":{"self":[{"href":"https:\/\/www.danosa.com\/fr-fr\/wp-json\/wp\/v2\/product\/8114"}],"collection":[{"href":"https:\/\/www.danosa.com\/fr-fr\/wp-json\/wp\/v2\/product"}],"about":[{"href":"https:\/\/www.danosa.com\/fr-fr\/wp-json\/wp\/v2\/types\/product"}],"wp:attachment":[{"href":"https:\/\/www.danosa.com\/fr-fr\/wp-json\/wp\/v2\/media?parent=8114"}],"wp:term":[{"taxonomy":"family","embeddable":true,"href":"https:\/\/www.danosa.com\/fr-fr\/wp-json\/wp\/v2\/family?post=8114"},{"taxonomy":"product_notice","embeddable":true,"href":"https:\/\/www.danosa.com\/fr-fr\/wp-json\/wp\/v2\/product_notice?post=8114"},{"taxonomy":"product_icon","embeddable":true,"href":"https:\/\/www.danosa.com\/fr-fr\/wp-json\/wp\/v2\/product_icon?post=8114"},{"taxonomy":"product_application","embeddable":true,"href":"https:\/\/www.danosa.com\/fr-fr\/wp-json\/wp\/v2\/product_application?post=8114"},{"taxonomy":"product_standards_certification","embeddable":true,"href":"https:\/\/www.danosa.com\/fr-fr\/wp-json\/wp\/v2\/product_standards_certification?post=8114"},{"taxonomy":"product_benefits","embeddable":true,"href":"https:\/\/www.danosa.com\/fr-fr\/wp-json\/wp\/v2\/product_benefits?post=8114"},{"taxonomy":"product_support","embeddable":true,"href":"https:\/\/www.danosa.com\/fr-fr\/wp-json\/wp\/v2\/product_support?post=8114"},{"taxonomy":"product_substrate_preparation","embeddable":true,"href":"https:\/\/www.danosa.com\/fr-fr\/wp-json\/wp\/v2\/product_substrate_preparation?post=8114"},{"taxonomy":"product_important_indications","embeddable":true,"href":"https:\/\/www.danosa.com\/fr-fr\/wp-json\/wp\/v2\/product_important_indications?post=8114"},{"taxonomy":"product_conservation","embeddable":true,"href":"https:\/\/www.danosa.com\/fr-fr\/wp-json\/wp\/v2\/product_conservation?post=8114"},{"taxonomy":"product_warning","embeddable":true,"href":"https:\/\/www.danosa.com\/fr-fr\/wp-json\/wp\/v2\/product_warning?post=8114"},{"taxonomy":"product_safety_hygiene","embeddable":true,"href":"https:\/\/www.danosa.com\/fr-fr\/wp-json\/wp\/v2\/product_safety_hygiene?post=8114"},{"taxonomy":"system_certification","embeddable":true,"href":"https:\/\/www.danosa.com\/fr-fr\/wp-json\/wp\/v2\/system_certification?post=8114"},{"taxonomy":"product_maintenance","embeddable":true,"href":"https:\/\/www.danosa.com\/fr-fr\/wp-json\/wp\/v2\/product_maintenance?post=8114"},{"taxonomy":"product_safety_datasheet","embeddable":true,"href":"https:\/\/www.danosa.com\/fr-fr\/wp-json\/wp\/v2\/product_safety_datasheet?post=8114"},{"taxonomy":"filter_special_uses","embeddable":true,"href":"https:\/\/www.danosa.com\/fr-fr\/wp-json\/wp\/v2\/filter_special_uses?post=8114"}],"curies":[{"name":"wp","href":"https:\/\/api.w.org\/{rel}","templated":true}]}}