{"id":8982,"date":"2026-04-06T16:20:58","date_gmt":"2026-04-06T14:20:58","guid":{"rendered":"https:\/\/www.danosa.com\/fr-fr\/produit\/danocret-protect-500-flex\/"},"modified":"2026-04-06T16:21:01","modified_gmt":"2026-04-06T14:21:01","slug":"danocret-protect-500-flex","status":"publish","type":"product","link":"https:\/\/www.danosa.com\/fr-fr\/produit\/danocret-protect-500-flex\/","title":{"rendered":"DANOCRET PROTECT 500 FLEX"},"content":{"rendered":"<p>DANOCRET Protect 500 Flex est une membrane cimentaire PCC flexible et \u00e9tanche bicomposant pour la protection superficielle et l\u2019imperm\u00e9abilisation du b\u00e9ton et du mortier. Formul\u00e9e avec des conglom\u00e9rats hydrauliques, des agr\u00e9gats s\u00e9lectionn\u00e9s et des polym\u00e8res qui offrent une excellente \u00e9lasticit\u00e9, adh\u00e9rence et capacit\u00e9 d\u2019imperm\u00e9abilisation.<\/p>\n","protected":false},"excerpt":{"rendered":"<p>Membrane cimentaire flexible pour l\u2019imperm\u00e9abilisation des cuves d\u2019eau potable, cages d\u2019ascenseur, piscines, terrasses, points particuliers et protection superficielle du b\u00e9ton. Bicomposant<\/p>\n","protected":false},"featured_media":0,"parent":0,"menu_order":0,"template":"","meta":{"inline_featured_image":false,"site-sidebar-layout":"default","site-content-layout":"default","ast-main-header-display":"","ast-hfb-above-header-display":"","ast-hfb-below-header-display":"","ast-hfb-mobile-header-display":"","site-post-title":"","ast-breadcrumbs-content":"","ast-featured-img":"","footer-sml-layout":"","theme-transparent-header-meta":"","adv-header-id-meta":"","stick-header-meta":"","header-above-stick-meta":"","header-main-stick-meta":"","header-below-stick-meta":""},"family":[146830,6705],"product_notice":[247208],"product_icon":[],"product_application":[245745,245776,245852,245898,245899,246038,246207],"product_standards_certification":[],"product_benefits":[247498,247534,247556,247586,247608,247646,247688,247689,279475,247752,247773,247930,247970,248056],"product_support":[246962,246971,246993,246995],"product_substrate_preparation":[],"product_important_indications":[],"product_conservation":[246571,246656],"product_warning":[246780,246793,246801,246823,246843,246871,246878,246884,246885],"product_safety_hygiene":[],"system_certification":[294022,6996,89742,118478],"product_maintenance":[],"product_safety_datasheet":[82443,82444],"filter_special_uses":[],"acf":[],"yoast_head":"<!-- This site is optimized with the Yoast SEO plugin v18.1 - https:\/\/yoast.com\/wordpress\/plugins\/seo\/ -->\n<title>DANOCRET PROTECT 500 FLEX - Produits pour la construction | Danosa France<\/title>\n<meta name=\"robots\" content=\"index, follow, max-snippet:-1, max-image-preview:large, max-video-preview:-1\" \/>\n<link rel=\"canonical\" href=\"https:\/\/www.danosa.com\/fr-fr\/produit\/danocret-protect-500-flex\/\" \/>\n<meta property=\"og:locale\" content=\"fr_FR\" \/>\n<meta property=\"og:type\" content=\"article\" \/>\n<meta property=\"og:title\" content=\"DANOCRET PROTECT 500 FLEX - Produits pour la construction | Danosa France\" \/>\n<meta property=\"og:description\" content=\"Membrane cimentaire flexible pour l\u2019imperm\u00e9abilisation des cuves d\u2019eau potable, cages d\u2019ascenseur, piscines, terrasses, points particuliers et protection superficielle du b\u00e9ton. Bicomposant\" \/>\n<meta property=\"og:url\" content=\"https:\/\/www.danosa.com\/fr-fr\/produit\/danocret-protect-500-flex\/\" \/>\n<meta property=\"og:site_name\" content=\"Produits pour la construction | Danosa France\" \/>\n<meta property=\"article:modified_time\" content=\"2026-04-06T14:21:01+00:00\" \/>\n<meta name=\"twitter:card\" content=\"summary_large_image\" \/>\n<script type=\"application\/ld+json\" class=\"yoast-schema-graph\">{\"@context\":\"https:\/\/schema.org\",\"@graph\":[{\"@type\":\"WebSite\",\"@id\":\"https:\/\/www.danosa.com\/fr-fr\/#website\",\"url\":\"https:\/\/www.danosa.com\/fr-fr\/\",\"name\":\"Produits pour la construction | Danosa France\",\"description\":\"Fabricant de produits, syst\u00e8mes et solutions pour la construction\",\"potentialAction\":[{\"@type\":\"SearchAction\",\"target\":{\"@type\":\"EntryPoint\",\"urlTemplate\":\"https:\/\/www.danosa.com\/fr-fr\/?s={search_term_string}\"},\"query-input\":\"required name=search_term_string\"}],\"inLanguage\":\"fr-FR\"},{\"@type\":\"WebPage\",\"@id\":\"https:\/\/www.danosa.com\/fr-fr\/produit\/danocret-protect-500-flex\/#webpage\",\"url\":\"https:\/\/www.danosa.com\/fr-fr\/produit\/danocret-protect-500-flex\/\",\"name\":\"DANOCRET PROTECT 500 FLEX - Produits pour la construction | Danosa France\",\"isPartOf\":{\"@id\":\"https:\/\/www.danosa.com\/fr-fr\/#website\"},\"datePublished\":\"2026-04-06T14:20:58+00:00\",\"dateModified\":\"2026-04-06T14:21:01+00:00\",\"breadcrumb\":{\"@id\":\"https:\/\/www.danosa.com\/fr-fr\/produit\/danocret-protect-500-flex\/#breadcrumb\"},\"inLanguage\":\"fr-FR\",\"potentialAction\":[{\"@type\":\"ReadAction\",\"target\":[\"https:\/\/www.danosa.com\/fr-fr\/produit\/danocret-protect-500-flex\/\"]}]},{\"@type\":\"BreadcrumbList\",\"@id\":\"https:\/\/www.danosa.com\/fr-fr\/produit\/danocret-protect-500-flex\/#breadcrumb\",\"itemListElement\":[{\"@type\":\"ListItem\",\"position\":1,\"name\":\"Portada\",\"item\":\"https:\/\/www.danosa.com\/fr-fr\/\"},{\"@type\":\"ListItem\",\"position\":2,\"name\":\"DANOCRET PROTECT 500 FLEX\"}]}]}<\/script>\n<!-- \/ Yoast SEO plugin. -->","yoast_head_json":{"title":"DANOCRET PROTECT 500 FLEX - Produits pour la construction | Danosa France","robots":{"index":"index","follow":"follow","max-snippet":"max-snippet:-1","max-image-preview":"max-image-preview:large","max-video-preview":"max-video-preview:-1"},"canonical":"https:\/\/www.danosa.com\/fr-fr\/produit\/danocret-protect-500-flex\/","og_locale":"fr_FR","og_type":"article","og_title":"DANOCRET PROTECT 500 FLEX - Produits pour la construction | Danosa France","og_description":"Membrane cimentaire flexible pour l\u2019imperm\u00e9abilisation des cuves d\u2019eau potable, cages d\u2019ascenseur, piscines, terrasses, points particuliers et protection superficielle du b\u00e9ton. Bicomposant","og_url":"https:\/\/www.danosa.com\/fr-fr\/produit\/danocret-protect-500-flex\/","og_site_name":"Produits pour la construction | Danosa France","article_modified_time":"2026-04-06T14:21:01+00:00","twitter_card":"summary_large_image","schema":{"@context":"https:\/\/schema.org","@graph":[{"@type":"WebSite","@id":"https:\/\/www.danosa.com\/fr-fr\/#website","url":"https:\/\/www.danosa.com\/fr-fr\/","name":"Produits pour la construction | Danosa France","description":"Fabricant de produits, syst\u00e8mes et solutions pour la construction","potentialAction":[{"@type":"SearchAction","target":{"@type":"EntryPoint","urlTemplate":"https:\/\/www.danosa.com\/fr-fr\/?s={search_term_string}"},"query-input":"required name=search_term_string"}],"inLanguage":"fr-FR"},{"@type":"WebPage","@id":"https:\/\/www.danosa.com\/fr-fr\/produit\/danocret-protect-500-flex\/#webpage","url":"https:\/\/www.danosa.com\/fr-fr\/produit\/danocret-protect-500-flex\/","name":"DANOCRET PROTECT 500 FLEX - Produits pour la construction | Danosa France","isPartOf":{"@id":"https:\/\/www.danosa.com\/fr-fr\/#website"},"datePublished":"2026-04-06T14:20:58+00:00","dateModified":"2026-04-06T14:21:01+00:00","breadcrumb":{"@id":"https:\/\/www.danosa.com\/fr-fr\/produit\/danocret-protect-500-flex\/#breadcrumb"},"inLanguage":"fr-FR","potentialAction":[{"@type":"ReadAction","target":["https:\/\/www.danosa.com\/fr-fr\/produit\/danocret-protect-500-flex\/"]}]},{"@type":"BreadcrumbList","@id":"https:\/\/www.danosa.com\/fr-fr\/produit\/danocret-protect-500-flex\/#breadcrumb","itemListElement":[{"@type":"ListItem","position":1,"name":"Portada","item":"https:\/\/www.danosa.com\/fr-fr\/"},{"@type":"ListItem","position":2,"name":"DANOCRET PROTECT 500 FLEX"}]}]}},"_links":{"self":[{"href":"https:\/\/www.danosa.com\/fr-fr\/wp-json\/wp\/v2\/product\/8982"}],"collection":[{"href":"https:\/\/www.danosa.com\/fr-fr\/wp-json\/wp\/v2\/product"}],"about":[{"href":"https:\/\/www.danosa.com\/fr-fr\/wp-json\/wp\/v2\/types\/product"}],"wp:attachment":[{"href":"https:\/\/www.danosa.com\/fr-fr\/wp-json\/wp\/v2\/media?parent=8982"}],"wp:term":[{"taxonomy":"family","embeddable":true,"href":"https:\/\/www.danosa.com\/fr-fr\/wp-json\/wp\/v2\/family?post=8982"},{"taxonomy":"product_notice","embeddable":true,"href":"https:\/\/www.danosa.com\/fr-fr\/wp-json\/wp\/v2\/product_notice?post=8982"},{"taxonomy":"product_icon","embeddable":true,"href":"https:\/\/www.danosa.com\/fr-fr\/wp-json\/wp\/v2\/product_icon?post=8982"},{"taxonomy":"product_application","embeddable":true,"href":"https:\/\/www.danosa.com\/fr-fr\/wp-json\/wp\/v2\/product_application?post=8982"},{"taxonomy":"product_standards_certification","embeddable":true,"href":"https:\/\/www.danosa.com\/fr-fr\/wp-json\/wp\/v2\/product_standards_certification?post=8982"},{"taxonomy":"product_benefits","embeddable":true,"href":"https:\/\/www.danosa.com\/fr-fr\/wp-json\/wp\/v2\/product_benefits?post=8982"},{"taxonomy":"product_support","embeddable":true,"href":"https:\/\/www.danosa.com\/fr-fr\/wp-json\/wp\/v2\/product_support?post=8982"},{"taxonomy":"product_substrate_preparation","embeddable":true,"href":"https:\/\/www.danosa.com\/fr-fr\/wp-json\/wp\/v2\/product_substrate_preparation?post=8982"},{"taxonomy":"product_important_indications","embeddable":true,"href":"https:\/\/www.danosa.com\/fr-fr\/wp-json\/wp\/v2\/product_important_indications?post=8982"},{"taxonomy":"product_conservation","embeddable":true,"href":"https:\/\/www.danosa.com\/fr-fr\/wp-json\/wp\/v2\/product_conservation?post=8982"},{"taxonomy":"product_warning","embeddable":true,"href":"https:\/\/www.danosa.com\/fr-fr\/wp-json\/wp\/v2\/product_warning?post=8982"},{"taxonomy":"product_safety_hygiene","embeddable":true,"href":"https:\/\/www.danosa.com\/fr-fr\/wp-json\/wp\/v2\/product_safety_hygiene?post=8982"},{"taxonomy":"system_certification","embeddable":true,"href":"https:\/\/www.danosa.com\/fr-fr\/wp-json\/wp\/v2\/system_certification?post=8982"},{"taxonomy":"product_maintenance","embeddable":true,"href":"https:\/\/www.danosa.com\/fr-fr\/wp-json\/wp\/v2\/product_maintenance?post=8982"},{"taxonomy":"product_safety_datasheet","embeddable":true,"href":"https:\/\/www.danosa.com\/fr-fr\/wp-json\/wp\/v2\/product_safety_datasheet?post=8982"},{"taxonomy":"filter_special_uses","embeddable":true,"href":"https:\/\/www.danosa.com\/fr-fr\/wp-json\/wp\/v2\/filter_special_uses?post=8982"}],"curies":[{"name":"wp","href":"https:\/\/api.w.org\/{rel}","templated":true}]}}