{"id":9278,"date":"2026-04-08T04:21:55","date_gmt":"2026-04-08T02:21:55","guid":{"rendered":"https:\/\/www.danosa.com\/fr-fr\/produit\/revestidan-protect-max-cool-roofing\/"},"modified":"2026-04-08T04:21:58","modified_gmt":"2026-04-08T02:21:58","slug":"revestidan-protect-max-cool-roofing","status":"publish","type":"product","link":"https:\/\/www.danosa.com\/fr-fr\/produit\/revestidan-protect-max-cool-roofing\/","title":{"rendered":"REVESTIDAN PROTECT MAX COOL ROOFING"},"content":{"rendered":"<p>R\u00e9sine liquide imperm\u00e9abilisante, en dispersion aqueuse, de technologie hybride polyur\u00e9thane acrylique monocomposant qui, une fois s\u00e8che, forme un film \u00e9lastique, imperm\u00e9able et r\u00e9sistant aux UV. Produit polyvalent, adapt\u00e9 \u00e0 l&rsquo;imperm\u00e9abilisation et au rev\u00eatement de protection, ultra-r\u00e9fl\u00e9chissant en blanc pour r\u00e9duire les \u00eelots de chaleur, apporter un confort thermique en \u00e9t\u00e9. Indice de R\u00e9flectance Solaire (IRS) de 106 sur b\u00e9ton et 102 sur membrane bitumineuse.<\/p>\n","protected":false},"excerpt":{"rendered":"<p>R\u00e9sine liquide pour l&rsquo;imperm\u00e9abilisation et la r\u00e9g\u00e9n\u00e9ration des toitures.<\/p>\n","protected":false},"featured_media":0,"parent":0,"menu_order":0,"template":"","meta":{"inline_featured_image":false,"site-sidebar-layout":"default","site-content-layout":"default","ast-main-header-display":"","ast-hfb-above-header-display":"","ast-hfb-below-header-display":"","ast-hfb-mobile-header-display":"","site-post-title":"","ast-breadcrumbs-content":"","ast-featured-img":"","footer-sml-layout":"","theme-transparent-header-meta":"","adv-header-id-meta":"","stick-header-meta":"","header-above-stick-meta":"","header-main-stick-meta":"","header-below-stick-meta":""},"family":[146625],"product_notice":[247208],"product_icon":[],"product_application":[245905,246072,246224,246225],"product_standards_certification":[],"product_benefits":[247529,247569,247570,247609,247691,247727,247840,247910,247934,247940],"product_support":[246937,246939,246948,246964,246968,246971,246972,246978,247014,247020],"product_substrate_preparation":[],"product_important_indications":[],"product_conservation":[246743],"product_warning":[246801,246830,246845,246847,246849,246859,246862,246872],"product_safety_hygiene":[],"system_certification":[],"product_maintenance":[],"product_safety_datasheet":[184806],"filter_special_uses":[],"acf":[],"yoast_head":"<!-- This site is optimized with the Yoast SEO plugin v18.1 - https:\/\/yoast.com\/wordpress\/plugins\/seo\/ -->\n<title>REVESTIDAN PROTECT MAX COOL ROOFING - Produits pour la construction | Danosa France<\/title>\n<meta name=\"robots\" content=\"index, follow, max-snippet:-1, max-image-preview:large, max-video-preview:-1\" \/>\n<link rel=\"canonical\" href=\"https:\/\/www.danosa.com\/fr-fr\/produit\/revestidan-protect-max-cool-roofing\/\" \/>\n<meta property=\"og:locale\" content=\"fr_FR\" \/>\n<meta property=\"og:type\" content=\"article\" \/>\n<meta property=\"og:title\" content=\"REVESTIDAN PROTECT MAX COOL ROOFING - Produits pour la construction | Danosa France\" \/>\n<meta property=\"og:description\" content=\"R\u00e9sine liquide pour l&#039;imperm\u00e9abilisation et la r\u00e9g\u00e9n\u00e9ration des toitures.\" \/>\n<meta property=\"og:url\" content=\"https:\/\/www.danosa.com\/fr-fr\/produit\/revestidan-protect-max-cool-roofing\/\" \/>\n<meta property=\"og:site_name\" content=\"Produits pour la construction | Danosa France\" \/>\n<meta property=\"article:modified_time\" content=\"2026-04-08T02:21:58+00:00\" \/>\n<meta name=\"twitter:card\" content=\"summary_large_image\" \/>\n<script type=\"application\/ld+json\" class=\"yoast-schema-graph\">{\"@context\":\"https:\/\/schema.org\",\"@graph\":[{\"@type\":\"WebSite\",\"@id\":\"https:\/\/www.danosa.com\/fr-fr\/#website\",\"url\":\"https:\/\/www.danosa.com\/fr-fr\/\",\"name\":\"Produits pour la construction | Danosa France\",\"description\":\"Fabricant de produits, syst\u00e8mes et solutions pour la construction\",\"potentialAction\":[{\"@type\":\"SearchAction\",\"target\":{\"@type\":\"EntryPoint\",\"urlTemplate\":\"https:\/\/www.danosa.com\/fr-fr\/?s={search_term_string}\"},\"query-input\":\"required name=search_term_string\"}],\"inLanguage\":\"fr-FR\"},{\"@type\":\"WebPage\",\"@id\":\"https:\/\/www.danosa.com\/fr-fr\/produit\/revestidan-protect-max-cool-roofing\/#webpage\",\"url\":\"https:\/\/www.danosa.com\/fr-fr\/produit\/revestidan-protect-max-cool-roofing\/\",\"name\":\"REVESTIDAN PROTECT MAX COOL ROOFING - Produits pour la construction | Danosa France\",\"isPartOf\":{\"@id\":\"https:\/\/www.danosa.com\/fr-fr\/#website\"},\"datePublished\":\"2026-04-08T02:21:55+00:00\",\"dateModified\":\"2026-04-08T02:21:58+00:00\",\"breadcrumb\":{\"@id\":\"https:\/\/www.danosa.com\/fr-fr\/produit\/revestidan-protect-max-cool-roofing\/#breadcrumb\"},\"inLanguage\":\"fr-FR\",\"potentialAction\":[{\"@type\":\"ReadAction\",\"target\":[\"https:\/\/www.danosa.com\/fr-fr\/produit\/revestidan-protect-max-cool-roofing\/\"]}]},{\"@type\":\"BreadcrumbList\",\"@id\":\"https:\/\/www.danosa.com\/fr-fr\/produit\/revestidan-protect-max-cool-roofing\/#breadcrumb\",\"itemListElement\":[{\"@type\":\"ListItem\",\"position\":1,\"name\":\"Portada\",\"item\":\"https:\/\/www.danosa.com\/fr-fr\/\"},{\"@type\":\"ListItem\",\"position\":2,\"name\":\"REVESTIDAN PROTECT MAX COOL ROOFING\"}]}]}<\/script>\n<!-- \/ Yoast SEO plugin. -->","yoast_head_json":{"title":"REVESTIDAN PROTECT MAX COOL ROOFING - Produits pour la construction | Danosa France","robots":{"index":"index","follow":"follow","max-snippet":"max-snippet:-1","max-image-preview":"max-image-preview:large","max-video-preview":"max-video-preview:-1"},"canonical":"https:\/\/www.danosa.com\/fr-fr\/produit\/revestidan-protect-max-cool-roofing\/","og_locale":"fr_FR","og_type":"article","og_title":"REVESTIDAN PROTECT MAX COOL ROOFING - Produits pour la construction | Danosa France","og_description":"R\u00e9sine liquide pour l'imperm\u00e9abilisation et la r\u00e9g\u00e9n\u00e9ration des toitures.","og_url":"https:\/\/www.danosa.com\/fr-fr\/produit\/revestidan-protect-max-cool-roofing\/","og_site_name":"Produits pour la construction | Danosa France","article_modified_time":"2026-04-08T02:21:58+00:00","twitter_card":"summary_large_image","schema":{"@context":"https:\/\/schema.org","@graph":[{"@type":"WebSite","@id":"https:\/\/www.danosa.com\/fr-fr\/#website","url":"https:\/\/www.danosa.com\/fr-fr\/","name":"Produits pour la construction | Danosa France","description":"Fabricant de produits, syst\u00e8mes et solutions pour la construction","potentialAction":[{"@type":"SearchAction","target":{"@type":"EntryPoint","urlTemplate":"https:\/\/www.danosa.com\/fr-fr\/?s={search_term_string}"},"query-input":"required name=search_term_string"}],"inLanguage":"fr-FR"},{"@type":"WebPage","@id":"https:\/\/www.danosa.com\/fr-fr\/produit\/revestidan-protect-max-cool-roofing\/#webpage","url":"https:\/\/www.danosa.com\/fr-fr\/produit\/revestidan-protect-max-cool-roofing\/","name":"REVESTIDAN PROTECT MAX COOL ROOFING - Produits pour la construction | Danosa France","isPartOf":{"@id":"https:\/\/www.danosa.com\/fr-fr\/#website"},"datePublished":"2026-04-08T02:21:55+00:00","dateModified":"2026-04-08T02:21:58+00:00","breadcrumb":{"@id":"https:\/\/www.danosa.com\/fr-fr\/produit\/revestidan-protect-max-cool-roofing\/#breadcrumb"},"inLanguage":"fr-FR","potentialAction":[{"@type":"ReadAction","target":["https:\/\/www.danosa.com\/fr-fr\/produit\/revestidan-protect-max-cool-roofing\/"]}]},{"@type":"BreadcrumbList","@id":"https:\/\/www.danosa.com\/fr-fr\/produit\/revestidan-protect-max-cool-roofing\/#breadcrumb","itemListElement":[{"@type":"ListItem","position":1,"name":"Portada","item":"https:\/\/www.danosa.com\/fr-fr\/"},{"@type":"ListItem","position":2,"name":"REVESTIDAN PROTECT MAX COOL ROOFING"}]}]}},"_links":{"self":[{"href":"https:\/\/www.danosa.com\/fr-fr\/wp-json\/wp\/v2\/product\/9278"}],"collection":[{"href":"https:\/\/www.danosa.com\/fr-fr\/wp-json\/wp\/v2\/product"}],"about":[{"href":"https:\/\/www.danosa.com\/fr-fr\/wp-json\/wp\/v2\/types\/product"}],"wp:attachment":[{"href":"https:\/\/www.danosa.com\/fr-fr\/wp-json\/wp\/v2\/media?parent=9278"}],"wp:term":[{"taxonomy":"family","embeddable":true,"href":"https:\/\/www.danosa.com\/fr-fr\/wp-json\/wp\/v2\/family?post=9278"},{"taxonomy":"product_notice","embeddable":true,"href":"https:\/\/www.danosa.com\/fr-fr\/wp-json\/wp\/v2\/product_notice?post=9278"},{"taxonomy":"product_icon","embeddable":true,"href":"https:\/\/www.danosa.com\/fr-fr\/wp-json\/wp\/v2\/product_icon?post=9278"},{"taxonomy":"product_application","embeddable":true,"href":"https:\/\/www.danosa.com\/fr-fr\/wp-json\/wp\/v2\/product_application?post=9278"},{"taxonomy":"product_standards_certification","embeddable":true,"href":"https:\/\/www.danosa.com\/fr-fr\/wp-json\/wp\/v2\/product_standards_certification?post=9278"},{"taxonomy":"product_benefits","embeddable":true,"href":"https:\/\/www.danosa.com\/fr-fr\/wp-json\/wp\/v2\/product_benefits?post=9278"},{"taxonomy":"product_support","embeddable":true,"href":"https:\/\/www.danosa.com\/fr-fr\/wp-json\/wp\/v2\/product_support?post=9278"},{"taxonomy":"product_substrate_preparation","embeddable":true,"href":"https:\/\/www.danosa.com\/fr-fr\/wp-json\/wp\/v2\/product_substrate_preparation?post=9278"},{"taxonomy":"product_important_indications","embeddable":true,"href":"https:\/\/www.danosa.com\/fr-fr\/wp-json\/wp\/v2\/product_important_indications?post=9278"},{"taxonomy":"product_conservation","embeddable":true,"href":"https:\/\/www.danosa.com\/fr-fr\/wp-json\/wp\/v2\/product_conservation?post=9278"},{"taxonomy":"product_warning","embeddable":true,"href":"https:\/\/www.danosa.com\/fr-fr\/wp-json\/wp\/v2\/product_warning?post=9278"},{"taxonomy":"product_safety_hygiene","embeddable":true,"href":"https:\/\/www.danosa.com\/fr-fr\/wp-json\/wp\/v2\/product_safety_hygiene?post=9278"},{"taxonomy":"system_certification","embeddable":true,"href":"https:\/\/www.danosa.com\/fr-fr\/wp-json\/wp\/v2\/system_certification?post=9278"},{"taxonomy":"product_maintenance","embeddable":true,"href":"https:\/\/www.danosa.com\/fr-fr\/wp-json\/wp\/v2\/product_maintenance?post=9278"},{"taxonomy":"product_safety_datasheet","embeddable":true,"href":"https:\/\/www.danosa.com\/fr-fr\/wp-json\/wp\/v2\/product_safety_datasheet?post=9278"},{"taxonomy":"filter_special_uses","embeddable":true,"href":"https:\/\/www.danosa.com\/fr-fr\/wp-json\/wp\/v2\/filter_special_uses?post=9278"}],"curies":[{"name":"wp","href":"https:\/\/api.w.org\/{rel}","templated":true}]}}