{"id":9450,"date":"2026-04-29T04:21:51","date_gmt":"2026-04-29T02:21:51","guid":{"rendered":"https:\/\/www.danosa.com\/fr-fr\/produit\/esterdan-plus-fm-30p-elast-2\/"},"modified":"2026-04-29T04:21:53","modified_gmt":"2026-04-29T02:21:53","slug":"esterdan-plus-fm-30p-elast","status":"publish","type":"product","link":"https:\/\/www.danosa.com\/fr-fr\/produit\/esterdan-plus-fm-30p-elast\/","title":{"rendered":"ESTERDAN PLUS FM 30P ELAST"},"content":{"rendered":"<p>Le ESTERDAN PLUS FM 30 P ELAST est une feuille de bitume \u00e9lastom\u00e8re SBS soudable,\u00a0avec armature de polyester non tiss\u00e9, et deux faces prot\u00e9g\u00e9es par un film de poly\u00e9thyl\u00e8ne. Elle se fixe m\u00e9caniquement conform\u00e9ment \u00e0 son DTA.<\/p>\n","protected":false},"excerpt":{"rendered":"<p>Membrane d&rsquo;\u00e9tanch\u00e9it\u00e9 en bitume modifi\u00e9 avec des \u00e9lastom\u00e8res (SBS) film\u00e9e deux faces.<\/p>\n","protected":false},"featured_media":0,"parent":0,"menu_order":0,"template":"","meta":{"inline_featured_image":false,"site-sidebar-layout":"default","site-content-layout":"default","ast-main-header-display":"","ast-hfb-above-header-display":"","ast-hfb-below-header-display":"","ast-hfb-mobile-header-display":"","site-post-title":"","ast-breadcrumbs-content":"","ast-featured-img":"","footer-sml-layout":"","theme-transparent-header-meta":"","adv-header-id-meta":"","stick-header-meta":"","header-above-stick-meta":"","header-main-stick-meta":"","header-below-stick-meta":""},"family":[6672],"product_notice":[247208],"product_icon":[],"product_application":[245959,246247],"product_standards_certification":[247065,247079,247087,247098],"product_benefits":[247540,247566,247761,247764,247770,247849,247871],"product_support":[],"product_substrate_preparation":[],"product_important_indications":[246313,246315,246317,246345,246411,246416,246450,246463,246466,246490,246550],"product_conservation":[246563,246681,246685,246686],"product_warning":[],"product_safety_hygiene":[],"system_certification":[6995,318390,6777],"product_maintenance":[100924],"product_safety_datasheet":[2693],"filter_special_uses":[],"acf":[],"yoast_head":"<!-- This site is optimized with the Yoast SEO plugin v18.1 - https:\/\/yoast.com\/wordpress\/plugins\/seo\/ -->\n<title>ESTERDAN PLUS FM 30P ELAST - Produits pour la construction | Danosa France<\/title>\n<meta name=\"robots\" content=\"index, follow, max-snippet:-1, max-image-preview:large, max-video-preview:-1\" \/>\n<link rel=\"canonical\" href=\"https:\/\/www.danosa.com\/fr-fr\/produit\/esterdan-plus-fm-30p-elast\/\" \/>\n<meta property=\"og:locale\" content=\"fr_FR\" \/>\n<meta property=\"og:type\" content=\"article\" \/>\n<meta property=\"og:title\" content=\"ESTERDAN PLUS FM 30P ELAST - Produits pour la construction | Danosa France\" \/>\n<meta property=\"og:description\" content=\"Membrane d&#039;\u00e9tanch\u00e9it\u00e9 en bitume modifi\u00e9 avec des \u00e9lastom\u00e8res (SBS) film\u00e9e deux faces.\" \/>\n<meta property=\"og:url\" content=\"https:\/\/www.danosa.com\/fr-fr\/produit\/esterdan-plus-fm-30p-elast\/\" \/>\n<meta property=\"og:site_name\" content=\"Produits pour la construction | Danosa France\" \/>\n<meta property=\"article:modified_time\" content=\"2026-04-29T02:21:53+00:00\" \/>\n<meta name=\"twitter:card\" content=\"summary_large_image\" \/>\n<script type=\"application\/ld+json\" class=\"yoast-schema-graph\">{\"@context\":\"https:\/\/schema.org\",\"@graph\":[{\"@type\":\"WebSite\",\"@id\":\"https:\/\/www.danosa.com\/fr-fr\/#website\",\"url\":\"https:\/\/www.danosa.com\/fr-fr\/\",\"name\":\"Produits pour la construction | Danosa France\",\"description\":\"Fabricant de produits, syst\u00e8mes et solutions pour la construction\",\"potentialAction\":[{\"@type\":\"SearchAction\",\"target\":{\"@type\":\"EntryPoint\",\"urlTemplate\":\"https:\/\/www.danosa.com\/fr-fr\/?s={search_term_string}\"},\"query-input\":\"required name=search_term_string\"}],\"inLanguage\":\"fr-FR\"},{\"@type\":\"WebPage\",\"@id\":\"https:\/\/www.danosa.com\/fr-fr\/produit\/esterdan-plus-fm-30p-elast\/#webpage\",\"url\":\"https:\/\/www.danosa.com\/fr-fr\/produit\/esterdan-plus-fm-30p-elast\/\",\"name\":\"ESTERDAN PLUS FM 30P ELAST - Produits pour la construction | Danosa France\",\"isPartOf\":{\"@id\":\"https:\/\/www.danosa.com\/fr-fr\/#website\"},\"datePublished\":\"2026-04-29T02:21:51+00:00\",\"dateModified\":\"2026-04-29T02:21:53+00:00\",\"breadcrumb\":{\"@id\":\"https:\/\/www.danosa.com\/fr-fr\/produit\/esterdan-plus-fm-30p-elast\/#breadcrumb\"},\"inLanguage\":\"fr-FR\",\"potentialAction\":[{\"@type\":\"ReadAction\",\"target\":[\"https:\/\/www.danosa.com\/fr-fr\/produit\/esterdan-plus-fm-30p-elast\/\"]}]},{\"@type\":\"BreadcrumbList\",\"@id\":\"https:\/\/www.danosa.com\/fr-fr\/produit\/esterdan-plus-fm-30p-elast\/#breadcrumb\",\"itemListElement\":[{\"@type\":\"ListItem\",\"position\":1,\"name\":\"Portada\",\"item\":\"https:\/\/www.danosa.com\/fr-fr\/\"},{\"@type\":\"ListItem\",\"position\":2,\"name\":\"ESTERDAN PLUS FM 30P ELAST\"}]}]}<\/script>\n<!-- \/ Yoast SEO plugin. -->","yoast_head_json":{"title":"ESTERDAN PLUS FM 30P ELAST - Produits pour la construction | Danosa France","robots":{"index":"index","follow":"follow","max-snippet":"max-snippet:-1","max-image-preview":"max-image-preview:large","max-video-preview":"max-video-preview:-1"},"canonical":"https:\/\/www.danosa.com\/fr-fr\/produit\/esterdan-plus-fm-30p-elast\/","og_locale":"fr_FR","og_type":"article","og_title":"ESTERDAN PLUS FM 30P ELAST - Produits pour la construction | Danosa France","og_description":"Membrane d'\u00e9tanch\u00e9it\u00e9 en bitume modifi\u00e9 avec des \u00e9lastom\u00e8res (SBS) film\u00e9e deux faces.","og_url":"https:\/\/www.danosa.com\/fr-fr\/produit\/esterdan-plus-fm-30p-elast\/","og_site_name":"Produits pour la construction | Danosa France","article_modified_time":"2026-04-29T02:21:53+00:00","twitter_card":"summary_large_image","schema":{"@context":"https:\/\/schema.org","@graph":[{"@type":"WebSite","@id":"https:\/\/www.danosa.com\/fr-fr\/#website","url":"https:\/\/www.danosa.com\/fr-fr\/","name":"Produits pour la construction | Danosa France","description":"Fabricant de produits, syst\u00e8mes et solutions pour la construction","potentialAction":[{"@type":"SearchAction","target":{"@type":"EntryPoint","urlTemplate":"https:\/\/www.danosa.com\/fr-fr\/?s={search_term_string}"},"query-input":"required name=search_term_string"}],"inLanguage":"fr-FR"},{"@type":"WebPage","@id":"https:\/\/www.danosa.com\/fr-fr\/produit\/esterdan-plus-fm-30p-elast\/#webpage","url":"https:\/\/www.danosa.com\/fr-fr\/produit\/esterdan-plus-fm-30p-elast\/","name":"ESTERDAN PLUS FM 30P ELAST - Produits pour la construction | Danosa France","isPartOf":{"@id":"https:\/\/www.danosa.com\/fr-fr\/#website"},"datePublished":"2026-04-29T02:21:51+00:00","dateModified":"2026-04-29T02:21:53+00:00","breadcrumb":{"@id":"https:\/\/www.danosa.com\/fr-fr\/produit\/esterdan-plus-fm-30p-elast\/#breadcrumb"},"inLanguage":"fr-FR","potentialAction":[{"@type":"ReadAction","target":["https:\/\/www.danosa.com\/fr-fr\/produit\/esterdan-plus-fm-30p-elast\/"]}]},{"@type":"BreadcrumbList","@id":"https:\/\/www.danosa.com\/fr-fr\/produit\/esterdan-plus-fm-30p-elast\/#breadcrumb","itemListElement":[{"@type":"ListItem","position":1,"name":"Portada","item":"https:\/\/www.danosa.com\/fr-fr\/"},{"@type":"ListItem","position":2,"name":"ESTERDAN PLUS FM 30P ELAST"}]}]}},"_links":{"self":[{"href":"https:\/\/www.danosa.com\/fr-fr\/wp-json\/wp\/v2\/product\/9450"}],"collection":[{"href":"https:\/\/www.danosa.com\/fr-fr\/wp-json\/wp\/v2\/product"}],"about":[{"href":"https:\/\/www.danosa.com\/fr-fr\/wp-json\/wp\/v2\/types\/product"}],"wp:attachment":[{"href":"https:\/\/www.danosa.com\/fr-fr\/wp-json\/wp\/v2\/media?parent=9450"}],"wp:term":[{"taxonomy":"family","embeddable":true,"href":"https:\/\/www.danosa.com\/fr-fr\/wp-json\/wp\/v2\/family?post=9450"},{"taxonomy":"product_notice","embeddable":true,"href":"https:\/\/www.danosa.com\/fr-fr\/wp-json\/wp\/v2\/product_notice?post=9450"},{"taxonomy":"product_icon","embeddable":true,"href":"https:\/\/www.danosa.com\/fr-fr\/wp-json\/wp\/v2\/product_icon?post=9450"},{"taxonomy":"product_application","embeddable":true,"href":"https:\/\/www.danosa.com\/fr-fr\/wp-json\/wp\/v2\/product_application?post=9450"},{"taxonomy":"product_standards_certification","embeddable":true,"href":"https:\/\/www.danosa.com\/fr-fr\/wp-json\/wp\/v2\/product_standards_certification?post=9450"},{"taxonomy":"product_benefits","embeddable":true,"href":"https:\/\/www.danosa.com\/fr-fr\/wp-json\/wp\/v2\/product_benefits?post=9450"},{"taxonomy":"product_support","embeddable":true,"href":"https:\/\/www.danosa.com\/fr-fr\/wp-json\/wp\/v2\/product_support?post=9450"},{"taxonomy":"product_substrate_preparation","embeddable":true,"href":"https:\/\/www.danosa.com\/fr-fr\/wp-json\/wp\/v2\/product_substrate_preparation?post=9450"},{"taxonomy":"product_important_indications","embeddable":true,"href":"https:\/\/www.danosa.com\/fr-fr\/wp-json\/wp\/v2\/product_important_indications?post=9450"},{"taxonomy":"product_conservation","embeddable":true,"href":"https:\/\/www.danosa.com\/fr-fr\/wp-json\/wp\/v2\/product_conservation?post=9450"},{"taxonomy":"product_warning","embeddable":true,"href":"https:\/\/www.danosa.com\/fr-fr\/wp-json\/wp\/v2\/product_warning?post=9450"},{"taxonomy":"product_safety_hygiene","embeddable":true,"href":"https:\/\/www.danosa.com\/fr-fr\/wp-json\/wp\/v2\/product_safety_hygiene?post=9450"},{"taxonomy":"system_certification","embeddable":true,"href":"https:\/\/www.danosa.com\/fr-fr\/wp-json\/wp\/v2\/system_certification?post=9450"},{"taxonomy":"product_maintenance","embeddable":true,"href":"https:\/\/www.danosa.com\/fr-fr\/wp-json\/wp\/v2\/product_maintenance?post=9450"},{"taxonomy":"product_safety_datasheet","embeddable":true,"href":"https:\/\/www.danosa.com\/fr-fr\/wp-json\/wp\/v2\/product_safety_datasheet?post=9450"},{"taxonomy":"filter_special_uses","embeddable":true,"href":"https:\/\/www.danosa.com\/fr-fr\/wp-json\/wp\/v2\/filter_special_uses?post=9450"}],"curies":[{"name":"wp","href":"https:\/\/api.w.org\/{rel}","templated":true}]}}