{"id":9477,"date":"2026-04-08T04:21:36","date_gmt":"2026-04-08T02:21:36","guid":{"rendered":"https:\/\/www.danosa.com\/fr-fr\/produit\/polydan-50-gp-elast-vert-jardin\/"},"modified":"2026-04-08T04:21:38","modified_gmt":"2026-04-08T02:21:38","slug":"polydan-50-gp-elast-vert-jardin","status":"publish","type":"product","link":"https:\/\/www.danosa.com\/fr-fr\/produit\/polydan-50-gp-elast-vert-jardin\/","title":{"rendered":"POLYDAN 50\/GP ELAST. VERT JARDIN"},"content":{"rendered":"<p>Le POLYDAN 50\/GP ELAST. VERT JARDIN est une chape de bitume \u00e9lastom\u00e8re SBS soudable, avec armature de polyester non tiss\u00e9. La masse bitumineuse contient des adjuvants antiracines qui emp\u00eachent la p\u00e9n\u00e9tration des racines \u00e0 travers l\u00b4\u00e9tanch\u00e9it\u00e9. Elle est surfac\u00e9e avec des paillettes d\u00b4ardoise de couleur verte.\u00a0La sous-face est constitu\u00e9e d\u00b4un film de poly\u00e9thyl\u00e8ne.<\/p>\n","protected":false},"excerpt":{"rendered":"<p>Membrane d&rsquo;\u00e9tanch\u00e9it\u00e9 en bitume modifi\u00e9 avec des \u00e9lastom\u00e8res (SBS) avec autoprotection min\u00e9rale.<\/p>\n","protected":false},"featured_media":0,"parent":0,"menu_order":0,"template":"","meta":{"inline_featured_image":false,"site-sidebar-layout":"default","site-content-layout":"default","ast-main-header-display":"","ast-hfb-above-header-display":"","ast-hfb-below-header-display":"","ast-hfb-mobile-header-display":"","site-post-title":"","ast-breadcrumbs-content":"","ast-featured-img":"","footer-sml-layout":"","theme-transparent-header-meta":"","adv-header-id-meta":"","stick-header-meta":"","header-above-stick-meta":"","header-main-stick-meta":"","header-below-stick-meta":""},"family":[6672],"product_notice":[247208],"product_icon":[],"product_application":[245955,245981,245985,257027],"product_standards_certification":[247051,247065,247079,256193],"product_benefits":[247540,247637,247760,247761,247764,247770,247777,247849,247871],"product_support":[259103,247008,247010],"product_substrate_preparation":[],"product_important_indications":[246313,246315,246317,246324,246345,246367,246391,246407,246421,246450,246461,246463,246466,246490,246550],"product_conservation":[246563,246589,246596,246648,246681],"product_warning":[246828],"product_safety_hygiene":[],"system_certification":[6929,6995,215625,2451,6777,220070],"product_maintenance":[100924],"product_safety_datasheet":[2693],"filter_special_uses":[6659,6661],"acf":[],"yoast_head":"<!-- This site is optimized with the Yoast SEO plugin v18.1 - https:\/\/yoast.com\/wordpress\/plugins\/seo\/ -->\n<title>POLYDAN 50\/GP ELAST. VERT JARDIN - Produits pour la construction | Danosa France<\/title>\n<meta name=\"robots\" content=\"index, follow, max-snippet:-1, max-image-preview:large, max-video-preview:-1\" \/>\n<link rel=\"canonical\" href=\"https:\/\/www.danosa.com\/fr-fr\/produit\/polydan-50-gp-elast-vert-jardin\/\" \/>\n<meta property=\"og:locale\" content=\"fr_FR\" \/>\n<meta property=\"og:type\" content=\"article\" \/>\n<meta property=\"og:title\" content=\"POLYDAN 50\/GP ELAST. VERT JARDIN - Produits pour la construction | Danosa France\" \/>\n<meta property=\"og:description\" content=\"Membrane d&#039;\u00e9tanch\u00e9it\u00e9 en bitume modifi\u00e9 avec des \u00e9lastom\u00e8res (SBS) avec autoprotection min\u00e9rale.\" \/>\n<meta property=\"og:url\" content=\"https:\/\/www.danosa.com\/fr-fr\/produit\/polydan-50-gp-elast-vert-jardin\/\" \/>\n<meta property=\"og:site_name\" content=\"Produits pour la construction | Danosa France\" \/>\n<meta property=\"article:modified_time\" content=\"2026-04-08T02:21:38+00:00\" \/>\n<meta name=\"twitter:card\" content=\"summary_large_image\" \/>\n<script type=\"application\/ld+json\" class=\"yoast-schema-graph\">{\"@context\":\"https:\/\/schema.org\",\"@graph\":[{\"@type\":\"WebSite\",\"@id\":\"https:\/\/www.danosa.com\/fr-fr\/#website\",\"url\":\"https:\/\/www.danosa.com\/fr-fr\/\",\"name\":\"Produits pour la construction | Danosa France\",\"description\":\"Fabricant de produits, syst\u00e8mes et solutions pour la construction\",\"potentialAction\":[{\"@type\":\"SearchAction\",\"target\":{\"@type\":\"EntryPoint\",\"urlTemplate\":\"https:\/\/www.danosa.com\/fr-fr\/?s={search_term_string}\"},\"query-input\":\"required name=search_term_string\"}],\"inLanguage\":\"fr-FR\"},{\"@type\":\"WebPage\",\"@id\":\"https:\/\/www.danosa.com\/fr-fr\/produit\/polydan-50-gp-elast-vert-jardin\/#webpage\",\"url\":\"https:\/\/www.danosa.com\/fr-fr\/produit\/polydan-50-gp-elast-vert-jardin\/\",\"name\":\"POLYDAN 50\/GP ELAST. VERT JARDIN - Produits pour la construction | Danosa France\",\"isPartOf\":{\"@id\":\"https:\/\/www.danosa.com\/fr-fr\/#website\"},\"datePublished\":\"2026-04-08T02:21:36+00:00\",\"dateModified\":\"2026-04-08T02:21:38+00:00\",\"breadcrumb\":{\"@id\":\"https:\/\/www.danosa.com\/fr-fr\/produit\/polydan-50-gp-elast-vert-jardin\/#breadcrumb\"},\"inLanguage\":\"fr-FR\",\"potentialAction\":[{\"@type\":\"ReadAction\",\"target\":[\"https:\/\/www.danosa.com\/fr-fr\/produit\/polydan-50-gp-elast-vert-jardin\/\"]}]},{\"@type\":\"BreadcrumbList\",\"@id\":\"https:\/\/www.danosa.com\/fr-fr\/produit\/polydan-50-gp-elast-vert-jardin\/#breadcrumb\",\"itemListElement\":[{\"@type\":\"ListItem\",\"position\":1,\"name\":\"Portada\",\"item\":\"https:\/\/www.danosa.com\/fr-fr\/\"},{\"@type\":\"ListItem\",\"position\":2,\"name\":\"POLYDAN 50\/GP ELAST. VERT JARDIN\"}]}]}<\/script>\n<!-- \/ Yoast SEO plugin. -->","yoast_head_json":{"title":"POLYDAN 50\/GP ELAST. VERT JARDIN - Produits pour la construction | Danosa France","robots":{"index":"index","follow":"follow","max-snippet":"max-snippet:-1","max-image-preview":"max-image-preview:large","max-video-preview":"max-video-preview:-1"},"canonical":"https:\/\/www.danosa.com\/fr-fr\/produit\/polydan-50-gp-elast-vert-jardin\/","og_locale":"fr_FR","og_type":"article","og_title":"POLYDAN 50\/GP ELAST. VERT JARDIN - Produits pour la construction | Danosa France","og_description":"Membrane d'\u00e9tanch\u00e9it\u00e9 en bitume modifi\u00e9 avec des \u00e9lastom\u00e8res (SBS) avec autoprotection min\u00e9rale.","og_url":"https:\/\/www.danosa.com\/fr-fr\/produit\/polydan-50-gp-elast-vert-jardin\/","og_site_name":"Produits pour la construction | Danosa France","article_modified_time":"2026-04-08T02:21:38+00:00","twitter_card":"summary_large_image","schema":{"@context":"https:\/\/schema.org","@graph":[{"@type":"WebSite","@id":"https:\/\/www.danosa.com\/fr-fr\/#website","url":"https:\/\/www.danosa.com\/fr-fr\/","name":"Produits pour la construction | Danosa France","description":"Fabricant de produits, syst\u00e8mes et solutions pour la construction","potentialAction":[{"@type":"SearchAction","target":{"@type":"EntryPoint","urlTemplate":"https:\/\/www.danosa.com\/fr-fr\/?s={search_term_string}"},"query-input":"required name=search_term_string"}],"inLanguage":"fr-FR"},{"@type":"WebPage","@id":"https:\/\/www.danosa.com\/fr-fr\/produit\/polydan-50-gp-elast-vert-jardin\/#webpage","url":"https:\/\/www.danosa.com\/fr-fr\/produit\/polydan-50-gp-elast-vert-jardin\/","name":"POLYDAN 50\/GP ELAST. VERT JARDIN - Produits pour la construction | Danosa France","isPartOf":{"@id":"https:\/\/www.danosa.com\/fr-fr\/#website"},"datePublished":"2026-04-08T02:21:36+00:00","dateModified":"2026-04-08T02:21:38+00:00","breadcrumb":{"@id":"https:\/\/www.danosa.com\/fr-fr\/produit\/polydan-50-gp-elast-vert-jardin\/#breadcrumb"},"inLanguage":"fr-FR","potentialAction":[{"@type":"ReadAction","target":["https:\/\/www.danosa.com\/fr-fr\/produit\/polydan-50-gp-elast-vert-jardin\/"]}]},{"@type":"BreadcrumbList","@id":"https:\/\/www.danosa.com\/fr-fr\/produit\/polydan-50-gp-elast-vert-jardin\/#breadcrumb","itemListElement":[{"@type":"ListItem","position":1,"name":"Portada","item":"https:\/\/www.danosa.com\/fr-fr\/"},{"@type":"ListItem","position":2,"name":"POLYDAN 50\/GP ELAST. VERT JARDIN"}]}]}},"_links":{"self":[{"href":"https:\/\/www.danosa.com\/fr-fr\/wp-json\/wp\/v2\/product\/9477"}],"collection":[{"href":"https:\/\/www.danosa.com\/fr-fr\/wp-json\/wp\/v2\/product"}],"about":[{"href":"https:\/\/www.danosa.com\/fr-fr\/wp-json\/wp\/v2\/types\/product"}],"wp:attachment":[{"href":"https:\/\/www.danosa.com\/fr-fr\/wp-json\/wp\/v2\/media?parent=9477"}],"wp:term":[{"taxonomy":"family","embeddable":true,"href":"https:\/\/www.danosa.com\/fr-fr\/wp-json\/wp\/v2\/family?post=9477"},{"taxonomy":"product_notice","embeddable":true,"href":"https:\/\/www.danosa.com\/fr-fr\/wp-json\/wp\/v2\/product_notice?post=9477"},{"taxonomy":"product_icon","embeddable":true,"href":"https:\/\/www.danosa.com\/fr-fr\/wp-json\/wp\/v2\/product_icon?post=9477"},{"taxonomy":"product_application","embeddable":true,"href":"https:\/\/www.danosa.com\/fr-fr\/wp-json\/wp\/v2\/product_application?post=9477"},{"taxonomy":"product_standards_certification","embeddable":true,"href":"https:\/\/www.danosa.com\/fr-fr\/wp-json\/wp\/v2\/product_standards_certification?post=9477"},{"taxonomy":"product_benefits","embeddable":true,"href":"https:\/\/www.danosa.com\/fr-fr\/wp-json\/wp\/v2\/product_benefits?post=9477"},{"taxonomy":"product_support","embeddable":true,"href":"https:\/\/www.danosa.com\/fr-fr\/wp-json\/wp\/v2\/product_support?post=9477"},{"taxonomy":"product_substrate_preparation","embeddable":true,"href":"https:\/\/www.danosa.com\/fr-fr\/wp-json\/wp\/v2\/product_substrate_preparation?post=9477"},{"taxonomy":"product_important_indications","embeddable":true,"href":"https:\/\/www.danosa.com\/fr-fr\/wp-json\/wp\/v2\/product_important_indications?post=9477"},{"taxonomy":"product_conservation","embeddable":true,"href":"https:\/\/www.danosa.com\/fr-fr\/wp-json\/wp\/v2\/product_conservation?post=9477"},{"taxonomy":"product_warning","embeddable":true,"href":"https:\/\/www.danosa.com\/fr-fr\/wp-json\/wp\/v2\/product_warning?post=9477"},{"taxonomy":"product_safety_hygiene","embeddable":true,"href":"https:\/\/www.danosa.com\/fr-fr\/wp-json\/wp\/v2\/product_safety_hygiene?post=9477"},{"taxonomy":"system_certification","embeddable":true,"href":"https:\/\/www.danosa.com\/fr-fr\/wp-json\/wp\/v2\/system_certification?post=9477"},{"taxonomy":"product_maintenance","embeddable":true,"href":"https:\/\/www.danosa.com\/fr-fr\/wp-json\/wp\/v2\/product_maintenance?post=9477"},{"taxonomy":"product_safety_datasheet","embeddable":true,"href":"https:\/\/www.danosa.com\/fr-fr\/wp-json\/wp\/v2\/product_safety_datasheet?post=9477"},{"taxonomy":"filter_special_uses","embeddable":true,"href":"https:\/\/www.danosa.com\/fr-fr\/wp-json\/wp\/v2\/filter_special_uses?post=9477"}],"curies":[{"name":"wp","href":"https:\/\/api.w.org\/{rel}","templated":true}]}}