{"id":9577,"date":"2026-04-23T04:25:28","date_gmt":"2026-04-23T02:25:28","guid":{"rendered":"https:\/\/www.danosa.com\/fr-fr\/produit\/nexalon-pasillo-tecnico\/"},"modified":"2026-04-23T04:25:30","modified_gmt":"2026-04-23T02:25:30","slug":"nexalon-pasillo-tecnico","status":"publish","type":"product","link":"https:\/\/www.danosa.com\/fr-fr\/produit\/nexalon-pasillo-tecnico\/","title":{"rendered":"NEXALON PASILLO T\u00c9CNICO"},"content":{"rendered":"<p>Chemin technique en TPO avec surface antid\u00e9rapante, destin\u00e9 \u00e0 \u00eatre soud\u00e9 sur la membrane d\u2019\u00e9tanch\u00e9it\u00e9 de partie courante, cr\u00e9ant des chemins techniques sur les toitures rev\u00eatues d\u2019une \u00e9tanch\u00e9it\u00e9 apparente en TPO.<\/p>\n","protected":false},"excerpt":{"rendered":"<p>Chemin technique antid\u00e9rapante en TPO<\/p>\n","protected":false},"featured_media":0,"parent":0,"menu_order":0,"template":"","meta":{"inline_featured_image":false,"site-sidebar-layout":"default","site-content-layout":"default","ast-main-header-display":"","ast-hfb-above-header-display":"","ast-hfb-below-header-display":"","ast-hfb-mobile-header-display":"","site-post-title":"","ast-breadcrumbs-content":"","ast-featured-img":"","footer-sml-layout":"","theme-transparent-header-meta":"","adv-header-id-meta":"","stick-header-meta":"","header-above-stick-meta":"","header-main-stick-meta":"","header-below-stick-meta":""},"family":[6692],"product_notice":[247208],"product_icon":[],"product_application":[265290],"product_standards_certification":[],"product_benefits":[247870,247912,265269,265270,265271],"product_support":[],"product_substrate_preparation":[],"product_important_indications":[265324,265325,265326],"product_conservation":[],"product_warning":[],"product_safety_hygiene":[],"system_certification":[],"product_maintenance":[],"product_safety_datasheet":[],"filter_special_uses":[],"acf":[],"yoast_head":"<!-- This site is optimized with the Yoast SEO plugin v18.1 - https:\/\/yoast.com\/wordpress\/plugins\/seo\/ -->\n<title>NEXALON PASILLO T\u00c9CNICO - Produits pour la construction | Danosa France<\/title>\n<meta name=\"robots\" content=\"index, follow, max-snippet:-1, max-image-preview:large, max-video-preview:-1\" \/>\n<link rel=\"canonical\" href=\"https:\/\/www.danosa.com\/fr-fr\/produit\/nexalon-pasillo-tecnico\/\" \/>\n<meta property=\"og:locale\" content=\"fr_FR\" \/>\n<meta property=\"og:type\" content=\"article\" \/>\n<meta property=\"og:title\" content=\"NEXALON PASILLO T\u00c9CNICO - Produits pour la construction | Danosa France\" \/>\n<meta property=\"og:description\" content=\"Chemin technique antid\u00e9rapante en TPO\" \/>\n<meta property=\"og:url\" content=\"https:\/\/www.danosa.com\/fr-fr\/produit\/nexalon-pasillo-tecnico\/\" \/>\n<meta property=\"og:site_name\" content=\"Produits pour la construction | Danosa France\" \/>\n<meta property=\"article:modified_time\" content=\"2026-04-23T02:25:30+00:00\" \/>\n<meta name=\"twitter:card\" content=\"summary_large_image\" \/>\n<script type=\"application\/ld+json\" class=\"yoast-schema-graph\">{\"@context\":\"https:\/\/schema.org\",\"@graph\":[{\"@type\":\"WebSite\",\"@id\":\"https:\/\/www.danosa.com\/fr-fr\/#website\",\"url\":\"https:\/\/www.danosa.com\/fr-fr\/\",\"name\":\"Produits pour la construction | Danosa France\",\"description\":\"Fabricant de produits, syst\u00e8mes et solutions pour la construction\",\"potentialAction\":[{\"@type\":\"SearchAction\",\"target\":{\"@type\":\"EntryPoint\",\"urlTemplate\":\"https:\/\/www.danosa.com\/fr-fr\/?s={search_term_string}\"},\"query-input\":\"required name=search_term_string\"}],\"inLanguage\":\"fr-FR\"},{\"@type\":\"WebPage\",\"@id\":\"https:\/\/www.danosa.com\/fr-fr\/produit\/nexalon-pasillo-tecnico\/#webpage\",\"url\":\"https:\/\/www.danosa.com\/fr-fr\/produit\/nexalon-pasillo-tecnico\/\",\"name\":\"NEXALON PASILLO T\u00c9CNICO - Produits pour la construction | Danosa France\",\"isPartOf\":{\"@id\":\"https:\/\/www.danosa.com\/fr-fr\/#website\"},\"datePublished\":\"2026-04-23T02:25:28+00:00\",\"dateModified\":\"2026-04-23T02:25:30+00:00\",\"breadcrumb\":{\"@id\":\"https:\/\/www.danosa.com\/fr-fr\/produit\/nexalon-pasillo-tecnico\/#breadcrumb\"},\"inLanguage\":\"fr-FR\",\"potentialAction\":[{\"@type\":\"ReadAction\",\"target\":[\"https:\/\/www.danosa.com\/fr-fr\/produit\/nexalon-pasillo-tecnico\/\"]}]},{\"@type\":\"BreadcrumbList\",\"@id\":\"https:\/\/www.danosa.com\/fr-fr\/produit\/nexalon-pasillo-tecnico\/#breadcrumb\",\"itemListElement\":[{\"@type\":\"ListItem\",\"position\":1,\"name\":\"Portada\",\"item\":\"https:\/\/www.danosa.com\/fr-fr\/\"},{\"@type\":\"ListItem\",\"position\":2,\"name\":\"NEXALON PASILLO T\u00c9CNICO\"}]}]}<\/script>\n<!-- \/ Yoast SEO plugin. -->","yoast_head_json":{"title":"NEXALON PASILLO T\u00c9CNICO - Produits pour la construction | Danosa France","robots":{"index":"index","follow":"follow","max-snippet":"max-snippet:-1","max-image-preview":"max-image-preview:large","max-video-preview":"max-video-preview:-1"},"canonical":"https:\/\/www.danosa.com\/fr-fr\/produit\/nexalon-pasillo-tecnico\/","og_locale":"fr_FR","og_type":"article","og_title":"NEXALON PASILLO T\u00c9CNICO - Produits pour la construction | Danosa France","og_description":"Chemin technique antid\u00e9rapante en TPO","og_url":"https:\/\/www.danosa.com\/fr-fr\/produit\/nexalon-pasillo-tecnico\/","og_site_name":"Produits pour la construction | Danosa France","article_modified_time":"2026-04-23T02:25:30+00:00","twitter_card":"summary_large_image","schema":{"@context":"https:\/\/schema.org","@graph":[{"@type":"WebSite","@id":"https:\/\/www.danosa.com\/fr-fr\/#website","url":"https:\/\/www.danosa.com\/fr-fr\/","name":"Produits pour la construction | Danosa France","description":"Fabricant de produits, syst\u00e8mes et solutions pour la construction","potentialAction":[{"@type":"SearchAction","target":{"@type":"EntryPoint","urlTemplate":"https:\/\/www.danosa.com\/fr-fr\/?s={search_term_string}"},"query-input":"required name=search_term_string"}],"inLanguage":"fr-FR"},{"@type":"WebPage","@id":"https:\/\/www.danosa.com\/fr-fr\/produit\/nexalon-pasillo-tecnico\/#webpage","url":"https:\/\/www.danosa.com\/fr-fr\/produit\/nexalon-pasillo-tecnico\/","name":"NEXALON PASILLO T\u00c9CNICO - Produits pour la construction | Danosa France","isPartOf":{"@id":"https:\/\/www.danosa.com\/fr-fr\/#website"},"datePublished":"2026-04-23T02:25:28+00:00","dateModified":"2026-04-23T02:25:30+00:00","breadcrumb":{"@id":"https:\/\/www.danosa.com\/fr-fr\/produit\/nexalon-pasillo-tecnico\/#breadcrumb"},"inLanguage":"fr-FR","potentialAction":[{"@type":"ReadAction","target":["https:\/\/www.danosa.com\/fr-fr\/produit\/nexalon-pasillo-tecnico\/"]}]},{"@type":"BreadcrumbList","@id":"https:\/\/www.danosa.com\/fr-fr\/produit\/nexalon-pasillo-tecnico\/#breadcrumb","itemListElement":[{"@type":"ListItem","position":1,"name":"Portada","item":"https:\/\/www.danosa.com\/fr-fr\/"},{"@type":"ListItem","position":2,"name":"NEXALON PASILLO T\u00c9CNICO"}]}]}},"_links":{"self":[{"href":"https:\/\/www.danosa.com\/fr-fr\/wp-json\/wp\/v2\/product\/9577"}],"collection":[{"href":"https:\/\/www.danosa.com\/fr-fr\/wp-json\/wp\/v2\/product"}],"about":[{"href":"https:\/\/www.danosa.com\/fr-fr\/wp-json\/wp\/v2\/types\/product"}],"wp:attachment":[{"href":"https:\/\/www.danosa.com\/fr-fr\/wp-json\/wp\/v2\/media?parent=9577"}],"wp:term":[{"taxonomy":"family","embeddable":true,"href":"https:\/\/www.danosa.com\/fr-fr\/wp-json\/wp\/v2\/family?post=9577"},{"taxonomy":"product_notice","embeddable":true,"href":"https:\/\/www.danosa.com\/fr-fr\/wp-json\/wp\/v2\/product_notice?post=9577"},{"taxonomy":"product_icon","embeddable":true,"href":"https:\/\/www.danosa.com\/fr-fr\/wp-json\/wp\/v2\/product_icon?post=9577"},{"taxonomy":"product_application","embeddable":true,"href":"https:\/\/www.danosa.com\/fr-fr\/wp-json\/wp\/v2\/product_application?post=9577"},{"taxonomy":"product_standards_certification","embeddable":true,"href":"https:\/\/www.danosa.com\/fr-fr\/wp-json\/wp\/v2\/product_standards_certification?post=9577"},{"taxonomy":"product_benefits","embeddable":true,"href":"https:\/\/www.danosa.com\/fr-fr\/wp-json\/wp\/v2\/product_benefits?post=9577"},{"taxonomy":"product_support","embeddable":true,"href":"https:\/\/www.danosa.com\/fr-fr\/wp-json\/wp\/v2\/product_support?post=9577"},{"taxonomy":"product_substrate_preparation","embeddable":true,"href":"https:\/\/www.danosa.com\/fr-fr\/wp-json\/wp\/v2\/product_substrate_preparation?post=9577"},{"taxonomy":"product_important_indications","embeddable":true,"href":"https:\/\/www.danosa.com\/fr-fr\/wp-json\/wp\/v2\/product_important_indications?post=9577"},{"taxonomy":"product_conservation","embeddable":true,"href":"https:\/\/www.danosa.com\/fr-fr\/wp-json\/wp\/v2\/product_conservation?post=9577"},{"taxonomy":"product_warning","embeddable":true,"href":"https:\/\/www.danosa.com\/fr-fr\/wp-json\/wp\/v2\/product_warning?post=9577"},{"taxonomy":"product_safety_hygiene","embeddable":true,"href":"https:\/\/www.danosa.com\/fr-fr\/wp-json\/wp\/v2\/product_safety_hygiene?post=9577"},{"taxonomy":"system_certification","embeddable":true,"href":"https:\/\/www.danosa.com\/fr-fr\/wp-json\/wp\/v2\/system_certification?post=9577"},{"taxonomy":"product_maintenance","embeddable":true,"href":"https:\/\/www.danosa.com\/fr-fr\/wp-json\/wp\/v2\/product_maintenance?post=9577"},{"taxonomy":"product_safety_datasheet","embeddable":true,"href":"https:\/\/www.danosa.com\/fr-fr\/wp-json\/wp\/v2\/product_safety_datasheet?post=9577"},{"taxonomy":"filter_special_uses","embeddable":true,"href":"https:\/\/www.danosa.com\/fr-fr\/wp-json\/wp\/v2\/filter_special_uses?post=9577"}],"curies":[{"name":"wp","href":"https:\/\/api.w.org\/{rel}","templated":true}]}}