{"id":192,"date":"2021-06-30T09:44:37","date_gmt":"2021-06-30T09:44:37","guid":{"rendered":"https:\/\/www.danosa.com\/fr-ma\/?page_id=192"},"modified":"2021-11-22T15:25:07","modified_gmt":"2021-11-22T14:25:07","slug":"codigo-etico","status":"publish","type":"page","link":"https:\/\/www.danosa.com\/fr-ma\/sur-danosa\/codigo-etico\/","title":{"rendered":"Code d\u00b4\u00c9thique"},"content":{"rendered":"\n<div style=\"height:100px\" aria-hidden=\"true\" class=\"wp-block-spacer\"><\/div>\n\n\n\n<h2>Code d\u00b4\u00c9thique<\/h2>\n\n\n\n<p>Le Code \u00e9tablit les crit\u00e8res qui doivent \u00eatre respect\u00e9s par <strong>DANOSA<\/strong>, dans l&rsquo;exercice de ses responsabilit\u00e9s en tant qu&rsquo;entreprise.<\/p>\n\n\n\n<figure class=\"wp-block-image size-large is-resized\"><img src=\"https:\/\/www.danosa.com\/fr-ma\/wp-content\/uploads\/sites\/6\/2021\/10\/Danosa-codigo-etico-2-1024x366.jpg\" alt=\"\" class=\"wp-image-7477\" width=\"1120\" srcset=\"https:\/\/www.danosa.com\/fr-ma\/wp-content\/uploads\/sites\/6\/2021\/10\/Danosa-codigo-etico-2-1024x366.jpg 1024w, https:\/\/www.danosa.com\/fr-ma\/wp-content\/uploads\/sites\/6\/2021\/10\/Danosa-codigo-etico-2-300x107.jpg 300w, https:\/\/www.danosa.com\/fr-ma\/wp-content\/uploads\/sites\/6\/2021\/10\/Danosa-codigo-etico-2-768x274.jpg 768w, https:\/\/www.danosa.com\/fr-ma\/wp-content\/uploads\/sites\/6\/2021\/10\/Danosa-codigo-etico-2.jpg 1120w\" sizes=\"(max-width: 1024px) 100vw, 1024px\" \/><\/figure>\n\n\n\n<p>L&rsquo;objectif du pr\u00e9sent Code est de fournir un comportement professionnel, \u00e9thique et responsable de DANOSA et \u00e0 tous ses employ\u00e9s, dans le d\u00e9veloppement de leurs activit\u00e9s, en tant qu&rsquo;\u00e9l\u00e9ment de base de sa culture d&rsquo;entreprise, sur laquelle se fonde la formation et le d\u00e9veloppement personnel et professionnel de ses employ\u00e9s.<br>Pour cela, sont d\u00e9finis les principes et les valeurs qui doivent r\u00e9gir les relations de DANOSA avec ses groupes d&rsquo;int\u00e9r\u00eat (employ\u00e9s, fournisseurs, clients, cadres, actionnaires, personnes et administrations de l&rsquo;entourage du d\u00e9veloppement de ses activit\u00e9s).<\/p>\n\n\n\n<figure class=\"wp-block-image size-full\"><img loading=\"lazy\" width=\"280\" height=\"400\" src=\"https:\/\/www.danosa.com\/fr-ma\/wp-content\/uploads\/sites\/6\/2021\/11\/Danosa_codigo_etico_FR.jpg\" alt=\"\" class=\"wp-image-8133\" srcset=\"https:\/\/www.danosa.com\/fr-ma\/wp-content\/uploads\/sites\/6\/2021\/11\/Danosa_codigo_etico_FR.jpg 280w, https:\/\/www.danosa.com\/fr-ma\/wp-content\/uploads\/sites\/6\/2021\/11\/Danosa_codigo_etico_FR-210x300.jpg 210w\" sizes=\"(max-width: 280px) 100vw, 280px\" \/><figcaption><a href=\"https:\/\/www.danosa.com\/fr-ma\/wp-content\/uploads\/sites\/6\/2021\/11\/Danosa_Code_d_Ethique.pdf\" target=\"_blank\" rel=\"noreferrer noopener\">Code d\u00b4\u00c9thique Danosa<\/a><\/figcaption><\/figure>\n","protected":false},"excerpt":{"rendered":"<p>Code d\u00b4\u00c9thique Le Code \u00e9tablit les crit\u00e8res qui doivent \u00eatre respect\u00e9s par DANOSA, dans l&rsquo;exercice de ses responsabilit\u00e9s en tant qu&rsquo;entreprise. L&rsquo;objectif du pr\u00e9sent Code est de fournir un comportement professionnel, \u00e9thique et responsable de DANOSA et \u00e0 tous ses employ\u00e9s, dans le d\u00e9veloppement de leurs activit\u00e9s, en tant qu&rsquo;\u00e9l\u00e9ment de base de sa culture&#8230;<\/p>\n","protected":false},"author":1,"featured_media":0,"parent":36,"menu_order":0,"comment_status":"closed","ping_status":"closed","template":"","meta":{"inline_featured_image":false,"site-sidebar-layout":"default","site-content-layout":"default","ast-main-header-display":"","ast-hfb-above-header-display":"","ast-hfb-below-header-display":"","ast-hfb-mobile-header-display":"","site-post-title":"disabled","ast-breadcrumbs-content":"","ast-featured-img":"","footer-sml-layout":"","theme-transparent-header-meta":"default","adv-header-id-meta":"","stick-header-meta":"default","header-above-stick-meta":"","header-main-stick-meta":"","header-below-stick-meta":""},"acf":[],"yoast_head":"<!-- This site is optimized with the Yoast SEO plugin v18.1 - https:\/\/yoast.com\/wordpress\/plugins\/seo\/ -->\n<title>Code d\u00b4\u00c9thique - Danosa Maroc<\/title>\n<meta name=\"robots\" content=\"index, follow, max-snippet:-1, max-image-preview:large, max-video-preview:-1\" \/>\n<link rel=\"canonical\" href=\"https:\/\/www.danosa.com\/fr-ma\/sur-danosa\/codigo-etico\/\" \/>\n<meta property=\"og:locale\" content=\"fr_FR\" \/>\n<meta property=\"og:type\" content=\"article\" \/>\n<meta property=\"og:title\" content=\"Code d\u00b4\u00c9thique - Danosa Maroc\" \/>\n<meta property=\"og:description\" content=\"Code d\u00b4\u00c9thique Le Code \u00e9tablit les crit\u00e8res qui doivent \u00eatre respect\u00e9s par DANOSA, dans l&rsquo;exercice de ses responsabilit\u00e9s en tant qu&rsquo;entreprise. L&rsquo;objectif du pr\u00e9sent Code est de fournir un comportement professionnel, \u00e9thique et responsable de DANOSA et \u00e0 tous ses employ\u00e9s, dans le d\u00e9veloppement de leurs activit\u00e9s, en tant qu&rsquo;\u00e9l\u00e9ment de base de sa culture...\" \/>\n<meta property=\"og:url\" content=\"https:\/\/www.danosa.com\/fr-ma\/sur-danosa\/codigo-etico\/\" \/>\n<meta property=\"og:site_name\" content=\"Danosa Maroc\" \/>\n<meta property=\"article:modified_time\" content=\"2021-11-22T14:25:07+00:00\" \/>\n<meta property=\"og:image\" content=\"https:\/\/www.danosa.com\/fr-ma\/wp-content\/uploads\/sites\/6\/2021\/10\/Danosa-codigo-etico-2-1024x366.jpg\" \/>\n<meta name=\"twitter:card\" content=\"summary_large_image\" \/>\n<meta name=\"twitter:label1\" content=\"Dur\u00e9e de lecture estim\u00e9e\" \/>\n\t<meta name=\"twitter:data1\" content=\"1 minute\" \/>\n<script type=\"application\/ld+json\" class=\"yoast-schema-graph\">{\"@context\":\"https:\/\/schema.org\",\"@graph\":[{\"@type\":\"WebSite\",\"@id\":\"https:\/\/www.danosa.com\/fr-ma\/#website\",\"url\":\"https:\/\/www.danosa.com\/fr-ma\/\",\"name\":\"Danosa Maroc\",\"description\":\"Danosa\",\"potentialAction\":[{\"@type\":\"SearchAction\",\"target\":{\"@type\":\"EntryPoint\",\"urlTemplate\":\"https:\/\/www.danosa.com\/fr-ma\/?s={search_term_string}\"},\"query-input\":\"required name=search_term_string\"}],\"inLanguage\":\"fr-FR\"},{\"@type\":\"ImageObject\",\"@id\":\"https:\/\/www.danosa.com\/fr-ma\/sur-danosa\/codigo-etico\/#primaryimage\",\"inLanguage\":\"fr-FR\",\"url\":\"https:\/\/www.danosa.com\/fr-ma\/wp-content\/uploads\/sites\/6\/2021\/10\/Danosa-codigo-etico-2.jpg\",\"contentUrl\":\"https:\/\/www.danosa.com\/fr-ma\/wp-content\/uploads\/sites\/6\/2021\/10\/Danosa-codigo-etico-2.jpg\",\"width\":1120,\"height\":400},{\"@type\":\"WebPage\",\"@id\":\"https:\/\/www.danosa.com\/fr-ma\/sur-danosa\/codigo-etico\/#webpage\",\"url\":\"https:\/\/www.danosa.com\/fr-ma\/sur-danosa\/codigo-etico\/\",\"name\":\"Code d\u00b4\u00c9thique - Danosa Maroc\",\"isPartOf\":{\"@id\":\"https:\/\/www.danosa.com\/fr-ma\/#website\"},\"primaryImageOfPage\":{\"@id\":\"https:\/\/www.danosa.com\/fr-ma\/sur-danosa\/codigo-etico\/#primaryimage\"},\"datePublished\":\"2021-06-30T09:44:37+00:00\",\"dateModified\":\"2021-11-22T14:25:07+00:00\",\"breadcrumb\":{\"@id\":\"https:\/\/www.danosa.com\/fr-ma\/sur-danosa\/codigo-etico\/#breadcrumb\"},\"inLanguage\":\"fr-FR\",\"potentialAction\":[{\"@type\":\"ReadAction\",\"target\":[\"https:\/\/www.danosa.com\/fr-ma\/sur-danosa\/codigo-etico\/\"]}]},{\"@type\":\"BreadcrumbList\",\"@id\":\"https:\/\/www.danosa.com\/fr-ma\/sur-danosa\/codigo-etico\/#breadcrumb\",\"itemListElement\":[{\"@type\":\"ListItem\",\"position\":1,\"name\":\"Portada\",\"item\":\"https:\/\/www.danosa.com\/fr-ma\/\"},{\"@type\":\"ListItem\",\"position\":2,\"name\":\"Sur Danosa\",\"item\":\"https:\/\/www.danosa.com\/fr-ma\/sur-danosa\/\"},{\"@type\":\"ListItem\",\"position\":3,\"name\":\"Code d\u00b4\u00c9thique\"}]}]}<\/script>\n<!-- \/ Yoast SEO plugin. -->","yoast_head_json":{"title":"Code d\u00b4\u00c9thique - Danosa Maroc","robots":{"index":"index","follow":"follow","max-snippet":"max-snippet:-1","max-image-preview":"max-image-preview:large","max-video-preview":"max-video-preview:-1"},"canonical":"https:\/\/www.danosa.com\/fr-ma\/sur-danosa\/codigo-etico\/","og_locale":"fr_FR","og_type":"article","og_title":"Code d\u00b4\u00c9thique - Danosa Maroc","og_description":"Code d\u00b4\u00c9thique Le Code \u00e9tablit les crit\u00e8res qui doivent \u00eatre respect\u00e9s par DANOSA, dans l&rsquo;exercice de ses responsabilit\u00e9s en tant qu&rsquo;entreprise. L&rsquo;objectif du pr\u00e9sent Code est de fournir un comportement professionnel, \u00e9thique et responsable de DANOSA et \u00e0 tous ses employ\u00e9s, dans le d\u00e9veloppement de leurs activit\u00e9s, en tant qu&rsquo;\u00e9l\u00e9ment de base de sa culture...","og_url":"https:\/\/www.danosa.com\/fr-ma\/sur-danosa\/codigo-etico\/","og_site_name":"Danosa Maroc","article_modified_time":"2021-11-22T14:25:07+00:00","og_image":[{"url":"https:\/\/www.danosa.com\/fr-ma\/wp-content\/uploads\/sites\/6\/2021\/10\/Danosa-codigo-etico-2-1024x366.jpg"}],"twitter_card":"summary_large_image","twitter_misc":{"Dur\u00e9e de lecture estim\u00e9e":"1 minute"},"schema":{"@context":"https:\/\/schema.org","@graph":[{"@type":"WebSite","@id":"https:\/\/www.danosa.com\/fr-ma\/#website","url":"https:\/\/www.danosa.com\/fr-ma\/","name":"Danosa Maroc","description":"Danosa","potentialAction":[{"@type":"SearchAction","target":{"@type":"EntryPoint","urlTemplate":"https:\/\/www.danosa.com\/fr-ma\/?s={search_term_string}"},"query-input":"required name=search_term_string"}],"inLanguage":"fr-FR"},{"@type":"ImageObject","@id":"https:\/\/www.danosa.com\/fr-ma\/sur-danosa\/codigo-etico\/#primaryimage","inLanguage":"fr-FR","url":"https:\/\/www.danosa.com\/fr-ma\/wp-content\/uploads\/sites\/6\/2021\/10\/Danosa-codigo-etico-2.jpg","contentUrl":"https:\/\/www.danosa.com\/fr-ma\/wp-content\/uploads\/sites\/6\/2021\/10\/Danosa-codigo-etico-2.jpg","width":1120,"height":400},{"@type":"WebPage","@id":"https:\/\/www.danosa.com\/fr-ma\/sur-danosa\/codigo-etico\/#webpage","url":"https:\/\/www.danosa.com\/fr-ma\/sur-danosa\/codigo-etico\/","name":"Code d\u00b4\u00c9thique - Danosa Maroc","isPartOf":{"@id":"https:\/\/www.danosa.com\/fr-ma\/#website"},"primaryImageOfPage":{"@id":"https:\/\/www.danosa.com\/fr-ma\/sur-danosa\/codigo-etico\/#primaryimage"},"datePublished":"2021-06-30T09:44:37+00:00","dateModified":"2021-11-22T14:25:07+00:00","breadcrumb":{"@id":"https:\/\/www.danosa.com\/fr-ma\/sur-danosa\/codigo-etico\/#breadcrumb"},"inLanguage":"fr-FR","potentialAction":[{"@type":"ReadAction","target":["https:\/\/www.danosa.com\/fr-ma\/sur-danosa\/codigo-etico\/"]}]},{"@type":"BreadcrumbList","@id":"https:\/\/www.danosa.com\/fr-ma\/sur-danosa\/codigo-etico\/#breadcrumb","itemListElement":[{"@type":"ListItem","position":1,"name":"Portada","item":"https:\/\/www.danosa.com\/fr-ma\/"},{"@type":"ListItem","position":2,"name":"Sur Danosa","item":"https:\/\/www.danosa.com\/fr-ma\/sur-danosa\/"},{"@type":"ListItem","position":3,"name":"Code d\u00b4\u00c9thique"}]}]}},"_links":{"self":[{"href":"https:\/\/www.danosa.com\/fr-ma\/wp-json\/wp\/v2\/pages\/192"}],"collection":[{"href":"https:\/\/www.danosa.com\/fr-ma\/wp-json\/wp\/v2\/pages"}],"about":[{"href":"https:\/\/www.danosa.com\/fr-ma\/wp-json\/wp\/v2\/types\/page"}],"author":[{"embeddable":true,"href":"https:\/\/www.danosa.com\/fr-ma\/wp-json\/wp\/v2\/users\/1"}],"replies":[{"embeddable":true,"href":"https:\/\/www.danosa.com\/fr-ma\/wp-json\/wp\/v2\/comments?post=192"}],"version-history":[{"count":8,"href":"https:\/\/www.danosa.com\/fr-ma\/wp-json\/wp\/v2\/pages\/192\/revisions"}],"predecessor-version":[{"id":8134,"href":"https:\/\/www.danosa.com\/fr-ma\/wp-json\/wp\/v2\/pages\/192\/revisions\/8134"}],"up":[{"embeddable":true,"href":"https:\/\/www.danosa.com\/fr-ma\/wp-json\/wp\/v2\/pages\/36"}],"wp:attachment":[{"href":"https:\/\/www.danosa.com\/fr-ma\/wp-json\/wp\/v2\/media?parent=192"}],"curies":[{"name":"wp","href":"https:\/\/api.w.org\/{rel}","templated":true}]}}