{"id":3973,"date":"2026-04-09T06:21:24","date_gmt":"2026-04-09T04:21:24","guid":{"rendered":"https:\/\/www.danosa.com\/fr-ma\/blog\/product\/danolosa\/"},"modified":"2026-04-09T06:21:25","modified_gmt":"2026-04-09T04:21:25","slug":"danolosa","status":"publish","type":"product","link":"https:\/\/www.danosa.com\/fr-ma\/produit\/danolosa\/","title":{"rendered":"DANOLOSA"},"content":{"rendered":"<p>DANOLOSA Grise est une dalle constitu\u00e9e d\u2019un pav\u00e9 de b\u00e9ton poreux, qui agit comme protection m\u00e9canique sur une base isolante de polystyr\u00e8ne extrud\u00e9.<\/p>\n","protected":false},"excerpt":{"rendered":"<p>Poreux dalle de b\u00e9ton sur la base de polystyr\u00e8ne extrud\u00e9 usinage.<\/p>\n","protected":false},"featured_media":0,"parent":0,"menu_order":0,"template":"","meta":{"inline_featured_image":false,"site-sidebar-layout":"default","site-content-layout":"default","ast-main-header-display":"","ast-hfb-above-header-display":"","ast-hfb-below-header-display":"","ast-hfb-mobile-header-display":"","site-post-title":"","ast-breadcrumbs-content":"","ast-featured-img":"","footer-sml-layout":"","theme-transparent-header-meta":"","adv-header-id-meta":"","stick-header-meta":"","header-above-stick-meta":"","header-main-stick-meta":"","header-below-stick-meta":""},"family":[6712],"product_notice":[248923],"product_icon":[],"product_application":[248325,248502,248616,248748,248749],"product_standards_certification":[248812,248813,248855],"product_benefits":[247643,247653,247686,247864,247974,247992,248030,248074,248078],"product_support":[],"product_substrate_preparation":[],"product_important_indications":[246501,246554,246575,246662,246694,246695,246696],"product_conservation":[246802,246816,246819,246832,246863],"product_warning":[],"product_safety_hygiene":[],"system_certification":[6764],"product_maintenance":[],"product_safety_datasheet":[115156],"filter_special_uses":[],"acf":[],"yoast_head":"<!-- This site is optimized with the Yoast SEO plugin v18.1 - https:\/\/yoast.com\/wordpress\/plugins\/seo\/ -->\n<title>DANOLOSA - Danosa Maroc<\/title>\n<meta name=\"robots\" content=\"index, follow, max-snippet:-1, max-image-preview:large, max-video-preview:-1\" \/>\n<link rel=\"canonical\" href=\"https:\/\/www.danosa.com\/fr-ma\/produit\/danolosa\/\" \/>\n<meta property=\"og:locale\" content=\"fr_FR\" \/>\n<meta property=\"og:type\" content=\"article\" \/>\n<meta property=\"og:title\" content=\"DANOLOSA - Danosa Maroc\" \/>\n<meta property=\"og:description\" content=\"Poreux dalle de b\u00e9ton sur la base de polystyr\u00e8ne extrud\u00e9 usinage.\" \/>\n<meta property=\"og:url\" content=\"https:\/\/www.danosa.com\/fr-ma\/produit\/danolosa\/\" \/>\n<meta property=\"og:site_name\" content=\"Danosa Maroc\" \/>\n<meta property=\"article:modified_time\" content=\"2026-04-09T04:21:25+00:00\" \/>\n<meta name=\"twitter:card\" content=\"summary_large_image\" \/>\n<script type=\"application\/ld+json\" class=\"yoast-schema-graph\">{\"@context\":\"https:\/\/schema.org\",\"@graph\":[{\"@type\":\"WebSite\",\"@id\":\"https:\/\/www.danosa.com\/fr-ma\/#website\",\"url\":\"https:\/\/www.danosa.com\/fr-ma\/\",\"name\":\"Danosa Maroc\",\"description\":\"Danosa\",\"potentialAction\":[{\"@type\":\"SearchAction\",\"target\":{\"@type\":\"EntryPoint\",\"urlTemplate\":\"https:\/\/www.danosa.com\/fr-ma\/?s={search_term_string}\"},\"query-input\":\"required name=search_term_string\"}],\"inLanguage\":\"fr-FR\"},{\"@type\":\"WebPage\",\"@id\":\"https:\/\/www.danosa.com\/fr-ma\/produit\/danolosa\/#webpage\",\"url\":\"https:\/\/www.danosa.com\/fr-ma\/produit\/danolosa\/\",\"name\":\"DANOLOSA - Danosa Maroc\",\"isPartOf\":{\"@id\":\"https:\/\/www.danosa.com\/fr-ma\/#website\"},\"datePublished\":\"2026-04-09T04:21:24+00:00\",\"dateModified\":\"2026-04-09T04:21:25+00:00\",\"breadcrumb\":{\"@id\":\"https:\/\/www.danosa.com\/fr-ma\/produit\/danolosa\/#breadcrumb\"},\"inLanguage\":\"fr-FR\",\"potentialAction\":[{\"@type\":\"ReadAction\",\"target\":[\"https:\/\/www.danosa.com\/fr-ma\/produit\/danolosa\/\"]}]},{\"@type\":\"BreadcrumbList\",\"@id\":\"https:\/\/www.danosa.com\/fr-ma\/produit\/danolosa\/#breadcrumb\",\"itemListElement\":[{\"@type\":\"ListItem\",\"position\":1,\"name\":\"Portada\",\"item\":\"https:\/\/www.danosa.com\/fr-ma\/\"},{\"@type\":\"ListItem\",\"position\":2,\"name\":\"DANOLOSA\"}]}]}<\/script>\n<!-- \/ Yoast SEO plugin. -->","yoast_head_json":{"title":"DANOLOSA - Danosa Maroc","robots":{"index":"index","follow":"follow","max-snippet":"max-snippet:-1","max-image-preview":"max-image-preview:large","max-video-preview":"max-video-preview:-1"},"canonical":"https:\/\/www.danosa.com\/fr-ma\/produit\/danolosa\/","og_locale":"fr_FR","og_type":"article","og_title":"DANOLOSA - Danosa Maroc","og_description":"Poreux dalle de b\u00e9ton sur la base de polystyr\u00e8ne extrud\u00e9 usinage.","og_url":"https:\/\/www.danosa.com\/fr-ma\/produit\/danolosa\/","og_site_name":"Danosa Maroc","article_modified_time":"2026-04-09T04:21:25+00:00","twitter_card":"summary_large_image","schema":{"@context":"https:\/\/schema.org","@graph":[{"@type":"WebSite","@id":"https:\/\/www.danosa.com\/fr-ma\/#website","url":"https:\/\/www.danosa.com\/fr-ma\/","name":"Danosa Maroc","description":"Danosa","potentialAction":[{"@type":"SearchAction","target":{"@type":"EntryPoint","urlTemplate":"https:\/\/www.danosa.com\/fr-ma\/?s={search_term_string}"},"query-input":"required name=search_term_string"}],"inLanguage":"fr-FR"},{"@type":"WebPage","@id":"https:\/\/www.danosa.com\/fr-ma\/produit\/danolosa\/#webpage","url":"https:\/\/www.danosa.com\/fr-ma\/produit\/danolosa\/","name":"DANOLOSA - Danosa Maroc","isPartOf":{"@id":"https:\/\/www.danosa.com\/fr-ma\/#website"},"datePublished":"2026-04-09T04:21:24+00:00","dateModified":"2026-04-09T04:21:25+00:00","breadcrumb":{"@id":"https:\/\/www.danosa.com\/fr-ma\/produit\/danolosa\/#breadcrumb"},"inLanguage":"fr-FR","potentialAction":[{"@type":"ReadAction","target":["https:\/\/www.danosa.com\/fr-ma\/produit\/danolosa\/"]}]},{"@type":"BreadcrumbList","@id":"https:\/\/www.danosa.com\/fr-ma\/produit\/danolosa\/#breadcrumb","itemListElement":[{"@type":"ListItem","position":1,"name":"Portada","item":"https:\/\/www.danosa.com\/fr-ma\/"},{"@type":"ListItem","position":2,"name":"DANOLOSA"}]}]}},"_links":{"self":[{"href":"https:\/\/www.danosa.com\/fr-ma\/wp-json\/wp\/v2\/product\/3973"}],"collection":[{"href":"https:\/\/www.danosa.com\/fr-ma\/wp-json\/wp\/v2\/product"}],"about":[{"href":"https:\/\/www.danosa.com\/fr-ma\/wp-json\/wp\/v2\/types\/product"}],"wp:attachment":[{"href":"https:\/\/www.danosa.com\/fr-ma\/wp-json\/wp\/v2\/media?parent=3973"}],"wp:term":[{"taxonomy":"family","embeddable":true,"href":"https:\/\/www.danosa.com\/fr-ma\/wp-json\/wp\/v2\/family?post=3973"},{"taxonomy":"product_notice","embeddable":true,"href":"https:\/\/www.danosa.com\/fr-ma\/wp-json\/wp\/v2\/product_notice?post=3973"},{"taxonomy":"product_icon","embeddable":true,"href":"https:\/\/www.danosa.com\/fr-ma\/wp-json\/wp\/v2\/product_icon?post=3973"},{"taxonomy":"product_application","embeddable":true,"href":"https:\/\/www.danosa.com\/fr-ma\/wp-json\/wp\/v2\/product_application?post=3973"},{"taxonomy":"product_standards_certification","embeddable":true,"href":"https:\/\/www.danosa.com\/fr-ma\/wp-json\/wp\/v2\/product_standards_certification?post=3973"},{"taxonomy":"product_benefits","embeddable":true,"href":"https:\/\/www.danosa.com\/fr-ma\/wp-json\/wp\/v2\/product_benefits?post=3973"},{"taxonomy":"product_support","embeddable":true,"href":"https:\/\/www.danosa.com\/fr-ma\/wp-json\/wp\/v2\/product_support?post=3973"},{"taxonomy":"product_substrate_preparation","embeddable":true,"href":"https:\/\/www.danosa.com\/fr-ma\/wp-json\/wp\/v2\/product_substrate_preparation?post=3973"},{"taxonomy":"product_important_indications","embeddable":true,"href":"https:\/\/www.danosa.com\/fr-ma\/wp-json\/wp\/v2\/product_important_indications?post=3973"},{"taxonomy":"product_conservation","embeddable":true,"href":"https:\/\/www.danosa.com\/fr-ma\/wp-json\/wp\/v2\/product_conservation?post=3973"},{"taxonomy":"product_warning","embeddable":true,"href":"https:\/\/www.danosa.com\/fr-ma\/wp-json\/wp\/v2\/product_warning?post=3973"},{"taxonomy":"product_safety_hygiene","embeddable":true,"href":"https:\/\/www.danosa.com\/fr-ma\/wp-json\/wp\/v2\/product_safety_hygiene?post=3973"},{"taxonomy":"system_certification","embeddable":true,"href":"https:\/\/www.danosa.com\/fr-ma\/wp-json\/wp\/v2\/system_certification?post=3973"},{"taxonomy":"product_maintenance","embeddable":true,"href":"https:\/\/www.danosa.com\/fr-ma\/wp-json\/wp\/v2\/product_maintenance?post=3973"},{"taxonomy":"product_safety_datasheet","embeddable":true,"href":"https:\/\/www.danosa.com\/fr-ma\/wp-json\/wp\/v2\/product_safety_datasheet?post=3973"},{"taxonomy":"filter_special_uses","embeddable":true,"href":"https:\/\/www.danosa.com\/fr-ma\/wp-json\/wp\/v2\/filter_special_uses?post=3973"}],"curies":[{"name":"wp","href":"https:\/\/api.w.org\/{rel}","templated":true}]}}