{"id":3997,"date":"2026-04-09T06:21:28","date_gmt":"2026-04-09T04:21:28","guid":{"rendered":"https:\/\/www.danosa.com\/fr-ma\/blog\/product\/danopren-tr\/"},"modified":"2026-04-09T06:21:30","modified_gmt":"2026-04-09T04:21:30","slug":"danopren-tr","status":"publish","type":"product","link":"https:\/\/www.danosa.com\/fr-ma\/produit\/danopren-tr\/","title":{"rendered":"DANOPREN TR"},"content":{"rendered":"<p>DANOPREN TR est un panneau rigide en mousse de polystyr\u00e8ne extrud\u00e9 (XPS) en diverses \u00e9paisseurs et \u00e0 bords feuillur\u00e9s par usinage. Fabriqu\u00e9 sans CFC&rsquo;s, HCFC&rsquo;s ni HFC&rsquo;s.<\/p>\n","protected":false},"excerpt":{"rendered":"<p>DANOPREN TR 40\u00a0est un panneau rigide en mousse de polystyr\u00e8ne extrud\u00e9 (XPS) en diverses \u00e9paisseurs et \u00e0 bords feuillur\u00e9s par usinage. Fabriqu\u00e9 sans CFC&rsquo;s, HCFC&rsquo;s ni HFC&rsquo;s. Code de d\u00e9signation pour le Marquage CE: XPS-EN13164-T1-<\/p>\n","protected":false},"featured_media":0,"parent":0,"menu_order":0,"template":"","meta":{"inline_featured_image":false,"site-sidebar-layout":"default","site-content-layout":"default","ast-main-header-display":"","ast-hfb-above-header-display":"","ast-hfb-below-header-display":"","ast-hfb-mobile-header-display":"","site-post-title":"","ast-breadcrumbs-content":"","ast-featured-img":"","footer-sml-layout":"","theme-transparent-header-meta":"","adv-header-id-meta":"","stick-header-meta":"","header-above-stick-meta":"","header-main-stick-meta":"","header-below-stick-meta":""},"family":[6711],"product_notice":[248923],"product_icon":[],"product_application":[248244,248247],"product_standards_certification":[248784,248791,248809,248819,248838,248839,248840,248843],"product_benefits":[247614,247770,247803,247936,248015,248075],"product_support":[],"product_substrate_preparation":[],"product_important_indications":[246449,246450,246451,246453,246454,246455,246456],"product_conservation":[246888,246889,246890,246891,246919],"product_warning":[],"product_safety_hygiene":[],"system_certification":[30340,6734,16859,249124,222047,6732],"product_maintenance":[],"product_safety_datasheet":[2707],"filter_special_uses":[],"acf":[],"yoast_head":"<!-- This site is optimized with the Yoast SEO plugin v18.1 - https:\/\/yoast.com\/wordpress\/plugins\/seo\/ -->\n<title>DANOPREN TR - Danosa Maroc<\/title>\n<meta name=\"robots\" content=\"index, follow, max-snippet:-1, max-image-preview:large, max-video-preview:-1\" \/>\n<link rel=\"canonical\" href=\"https:\/\/www.danosa.com\/fr-ma\/produit\/danopren-tr\/\" \/>\n<meta property=\"og:locale\" content=\"fr_FR\" \/>\n<meta property=\"og:type\" content=\"article\" \/>\n<meta property=\"og:title\" content=\"DANOPREN TR - Danosa Maroc\" \/>\n<meta property=\"og:description\" content=\"DANOPREN TR 40\u00a0est un panneau rigide en mousse de polystyr\u00e8ne extrud\u00e9 (XPS) en diverses \u00e9paisseurs et \u00e0 bords feuillur\u00e9s par usinage. Fabriqu\u00e9 sans CFC&#039;s, HCFC&#039;s ni HFC&#039;s. Code de d\u00e9signation pour le Marquage CE: XPS-EN13164-T1-\" \/>\n<meta property=\"og:url\" content=\"https:\/\/www.danosa.com\/fr-ma\/produit\/danopren-tr\/\" \/>\n<meta property=\"og:site_name\" content=\"Danosa Maroc\" \/>\n<meta property=\"article:modified_time\" content=\"2026-04-09T04:21:30+00:00\" \/>\n<meta name=\"twitter:card\" content=\"summary_large_image\" \/>\n<script type=\"application\/ld+json\" class=\"yoast-schema-graph\">{\"@context\":\"https:\/\/schema.org\",\"@graph\":[{\"@type\":\"WebSite\",\"@id\":\"https:\/\/www.danosa.com\/fr-ma\/#website\",\"url\":\"https:\/\/www.danosa.com\/fr-ma\/\",\"name\":\"Danosa Maroc\",\"description\":\"Danosa\",\"potentialAction\":[{\"@type\":\"SearchAction\",\"target\":{\"@type\":\"EntryPoint\",\"urlTemplate\":\"https:\/\/www.danosa.com\/fr-ma\/?s={search_term_string}\"},\"query-input\":\"required name=search_term_string\"}],\"inLanguage\":\"fr-FR\"},{\"@type\":\"WebPage\",\"@id\":\"https:\/\/www.danosa.com\/fr-ma\/produit\/danopren-tr\/#webpage\",\"url\":\"https:\/\/www.danosa.com\/fr-ma\/produit\/danopren-tr\/\",\"name\":\"DANOPREN TR - Danosa Maroc\",\"isPartOf\":{\"@id\":\"https:\/\/www.danosa.com\/fr-ma\/#website\"},\"datePublished\":\"2026-04-09T04:21:28+00:00\",\"dateModified\":\"2026-04-09T04:21:30+00:00\",\"breadcrumb\":{\"@id\":\"https:\/\/www.danosa.com\/fr-ma\/produit\/danopren-tr\/#breadcrumb\"},\"inLanguage\":\"fr-FR\",\"potentialAction\":[{\"@type\":\"ReadAction\",\"target\":[\"https:\/\/www.danosa.com\/fr-ma\/produit\/danopren-tr\/\"]}]},{\"@type\":\"BreadcrumbList\",\"@id\":\"https:\/\/www.danosa.com\/fr-ma\/produit\/danopren-tr\/#breadcrumb\",\"itemListElement\":[{\"@type\":\"ListItem\",\"position\":1,\"name\":\"Portada\",\"item\":\"https:\/\/www.danosa.com\/fr-ma\/\"},{\"@type\":\"ListItem\",\"position\":2,\"name\":\"DANOPREN TR\"}]}]}<\/script>\n<!-- \/ Yoast SEO plugin. -->","yoast_head_json":{"title":"DANOPREN TR - Danosa Maroc","robots":{"index":"index","follow":"follow","max-snippet":"max-snippet:-1","max-image-preview":"max-image-preview:large","max-video-preview":"max-video-preview:-1"},"canonical":"https:\/\/www.danosa.com\/fr-ma\/produit\/danopren-tr\/","og_locale":"fr_FR","og_type":"article","og_title":"DANOPREN TR - Danosa Maroc","og_description":"DANOPREN TR 40\u00a0est un panneau rigide en mousse de polystyr\u00e8ne extrud\u00e9 (XPS) en diverses \u00e9paisseurs et \u00e0 bords feuillur\u00e9s par usinage. Fabriqu\u00e9 sans CFC's, HCFC's ni HFC's. Code de d\u00e9signation pour le Marquage CE: XPS-EN13164-T1-","og_url":"https:\/\/www.danosa.com\/fr-ma\/produit\/danopren-tr\/","og_site_name":"Danosa Maroc","article_modified_time":"2026-04-09T04:21:30+00:00","twitter_card":"summary_large_image","schema":{"@context":"https:\/\/schema.org","@graph":[{"@type":"WebSite","@id":"https:\/\/www.danosa.com\/fr-ma\/#website","url":"https:\/\/www.danosa.com\/fr-ma\/","name":"Danosa Maroc","description":"Danosa","potentialAction":[{"@type":"SearchAction","target":{"@type":"EntryPoint","urlTemplate":"https:\/\/www.danosa.com\/fr-ma\/?s={search_term_string}"},"query-input":"required name=search_term_string"}],"inLanguage":"fr-FR"},{"@type":"WebPage","@id":"https:\/\/www.danosa.com\/fr-ma\/produit\/danopren-tr\/#webpage","url":"https:\/\/www.danosa.com\/fr-ma\/produit\/danopren-tr\/","name":"DANOPREN TR - Danosa Maroc","isPartOf":{"@id":"https:\/\/www.danosa.com\/fr-ma\/#website"},"datePublished":"2026-04-09T04:21:28+00:00","dateModified":"2026-04-09T04:21:30+00:00","breadcrumb":{"@id":"https:\/\/www.danosa.com\/fr-ma\/produit\/danopren-tr\/#breadcrumb"},"inLanguage":"fr-FR","potentialAction":[{"@type":"ReadAction","target":["https:\/\/www.danosa.com\/fr-ma\/produit\/danopren-tr\/"]}]},{"@type":"BreadcrumbList","@id":"https:\/\/www.danosa.com\/fr-ma\/produit\/danopren-tr\/#breadcrumb","itemListElement":[{"@type":"ListItem","position":1,"name":"Portada","item":"https:\/\/www.danosa.com\/fr-ma\/"},{"@type":"ListItem","position":2,"name":"DANOPREN TR"}]}]}},"_links":{"self":[{"href":"https:\/\/www.danosa.com\/fr-ma\/wp-json\/wp\/v2\/product\/3997"}],"collection":[{"href":"https:\/\/www.danosa.com\/fr-ma\/wp-json\/wp\/v2\/product"}],"about":[{"href":"https:\/\/www.danosa.com\/fr-ma\/wp-json\/wp\/v2\/types\/product"}],"wp:attachment":[{"href":"https:\/\/www.danosa.com\/fr-ma\/wp-json\/wp\/v2\/media?parent=3997"}],"wp:term":[{"taxonomy":"family","embeddable":true,"href":"https:\/\/www.danosa.com\/fr-ma\/wp-json\/wp\/v2\/family?post=3997"},{"taxonomy":"product_notice","embeddable":true,"href":"https:\/\/www.danosa.com\/fr-ma\/wp-json\/wp\/v2\/product_notice?post=3997"},{"taxonomy":"product_icon","embeddable":true,"href":"https:\/\/www.danosa.com\/fr-ma\/wp-json\/wp\/v2\/product_icon?post=3997"},{"taxonomy":"product_application","embeddable":true,"href":"https:\/\/www.danosa.com\/fr-ma\/wp-json\/wp\/v2\/product_application?post=3997"},{"taxonomy":"product_standards_certification","embeddable":true,"href":"https:\/\/www.danosa.com\/fr-ma\/wp-json\/wp\/v2\/product_standards_certification?post=3997"},{"taxonomy":"product_benefits","embeddable":true,"href":"https:\/\/www.danosa.com\/fr-ma\/wp-json\/wp\/v2\/product_benefits?post=3997"},{"taxonomy":"product_support","embeddable":true,"href":"https:\/\/www.danosa.com\/fr-ma\/wp-json\/wp\/v2\/product_support?post=3997"},{"taxonomy":"product_substrate_preparation","embeddable":true,"href":"https:\/\/www.danosa.com\/fr-ma\/wp-json\/wp\/v2\/product_substrate_preparation?post=3997"},{"taxonomy":"product_important_indications","embeddable":true,"href":"https:\/\/www.danosa.com\/fr-ma\/wp-json\/wp\/v2\/product_important_indications?post=3997"},{"taxonomy":"product_conservation","embeddable":true,"href":"https:\/\/www.danosa.com\/fr-ma\/wp-json\/wp\/v2\/product_conservation?post=3997"},{"taxonomy":"product_warning","embeddable":true,"href":"https:\/\/www.danosa.com\/fr-ma\/wp-json\/wp\/v2\/product_warning?post=3997"},{"taxonomy":"product_safety_hygiene","embeddable":true,"href":"https:\/\/www.danosa.com\/fr-ma\/wp-json\/wp\/v2\/product_safety_hygiene?post=3997"},{"taxonomy":"system_certification","embeddable":true,"href":"https:\/\/www.danosa.com\/fr-ma\/wp-json\/wp\/v2\/system_certification?post=3997"},{"taxonomy":"product_maintenance","embeddable":true,"href":"https:\/\/www.danosa.com\/fr-ma\/wp-json\/wp\/v2\/product_maintenance?post=3997"},{"taxonomy":"product_safety_datasheet","embeddable":true,"href":"https:\/\/www.danosa.com\/fr-ma\/wp-json\/wp\/v2\/product_safety_datasheet?post=3997"},{"taxonomy":"filter_special_uses","embeddable":true,"href":"https:\/\/www.danosa.com\/fr-ma\/wp-json\/wp\/v2\/filter_special_uses?post=3997"}],"curies":[{"name":"wp","href":"https:\/\/api.w.org\/{rel}","templated":true}]}}