{"id":3998,"date":"2026-04-09T06:21:28","date_gmt":"2026-04-09T04:21:28","guid":{"rendered":"https:\/\/www.danosa.com\/fr-ma\/blog\/product\/danoprimer-ep\/"},"modified":"2026-04-09T06:21:31","modified_gmt":"2026-04-09T04:21:31","slug":"danoprimer-ep","status":"publish","type":"product","link":"https:\/\/www.danosa.com\/fr-ma\/produit\/danoprimer-ep\/","title":{"rendered":"DANOPRIMER EP"},"content":{"rendered":"<p>DANOPRIMER\u00ae EP est un primaire \u00e9poxy bicomposant, sans solvants, avec haute adh\u00e9rence, cure rapide \u00e0 basse temp\u00e9rature, supportant des niveaux \u00e9lev\u00e9s d&rsquo;humidit\u00e9 du support (>75 %) et d\u2019application manuelle.<\/p>\n","protected":false},"excerpt":{"rendered":"<p>Primaire \u00e9poxy bicomposant sans solvants, appropri\u00e9 pour des supports poreux, compatible avec les syst\u00e8mes DANOCOAT\u00ae et DANOPUR\u00ae<\/p>\n","protected":false},"featured_media":0,"parent":0,"menu_order":0,"template":"","meta":{"inline_featured_image":false,"site-sidebar-layout":"default","site-content-layout":"default","ast-main-header-display":"","ast-hfb-above-header-display":"","ast-hfb-below-header-display":"","ast-hfb-mobile-header-display":"","site-post-title":"","ast-breadcrumbs-content":"","ast-featured-img":"","footer-sml-layout":"","theme-transparent-header-meta":"","adv-header-id-meta":"","stick-header-meta":"","header-above-stick-meta":"","header-main-stick-meta":"","header-below-stick-meta":""},"family":[147231],"product_notice":[248923],"product_icon":[],"product_application":[248415,248416,248430,248533],"product_standards_certification":[],"product_benefits":[247689,247691,247715,247730,247737,247766,247876,248189],"product_support":[247102,247133,247136,247149,247176],"product_substrate_preparation":[248874,248875,248876,248878,248884,248888,248889,248890,248901,248913],"product_important_indications":[],"product_conservation":[246822],"product_warning":[246942,246948,247001,247030],"product_safety_hygiene":[247366],"system_certification":[6762],"product_maintenance":[],"product_safety_datasheet":[4264,4265],"filter_special_uses":[],"acf":[],"yoast_head":"<!-- This site is optimized with the Yoast SEO plugin v18.1 - https:\/\/yoast.com\/wordpress\/plugins\/seo\/ -->\n<title>DANOPRIMER EP - Danosa Maroc<\/title>\n<meta name=\"robots\" content=\"index, follow, max-snippet:-1, max-image-preview:large, max-video-preview:-1\" \/>\n<link rel=\"canonical\" href=\"https:\/\/www.danosa.com\/fr-ma\/produit\/danoprimer-ep\/\" \/>\n<meta property=\"og:locale\" content=\"fr_FR\" \/>\n<meta property=\"og:type\" content=\"article\" \/>\n<meta property=\"og:title\" content=\"DANOPRIMER EP - Danosa Maroc\" \/>\n<meta property=\"og:description\" content=\"Primaire \u00e9poxy bicomposant sans solvants, appropri\u00e9 pour des supports poreux, compatible avec les syst\u00e8mes DANOCOAT\u00ae et DANOPUR\u00ae\" \/>\n<meta property=\"og:url\" content=\"https:\/\/www.danosa.com\/fr-ma\/produit\/danoprimer-ep\/\" \/>\n<meta property=\"og:site_name\" content=\"Danosa Maroc\" \/>\n<meta property=\"article:modified_time\" content=\"2026-04-09T04:21:31+00:00\" \/>\n<meta name=\"twitter:card\" content=\"summary_large_image\" \/>\n<script type=\"application\/ld+json\" class=\"yoast-schema-graph\">{\"@context\":\"https:\/\/schema.org\",\"@graph\":[{\"@type\":\"WebSite\",\"@id\":\"https:\/\/www.danosa.com\/fr-ma\/#website\",\"url\":\"https:\/\/www.danosa.com\/fr-ma\/\",\"name\":\"Danosa Maroc\",\"description\":\"Danosa\",\"potentialAction\":[{\"@type\":\"SearchAction\",\"target\":{\"@type\":\"EntryPoint\",\"urlTemplate\":\"https:\/\/www.danosa.com\/fr-ma\/?s={search_term_string}\"},\"query-input\":\"required name=search_term_string\"}],\"inLanguage\":\"fr-FR\"},{\"@type\":\"WebPage\",\"@id\":\"https:\/\/www.danosa.com\/fr-ma\/produit\/danoprimer-ep\/#webpage\",\"url\":\"https:\/\/www.danosa.com\/fr-ma\/produit\/danoprimer-ep\/\",\"name\":\"DANOPRIMER EP - Danosa Maroc\",\"isPartOf\":{\"@id\":\"https:\/\/www.danosa.com\/fr-ma\/#website\"},\"datePublished\":\"2026-04-09T04:21:28+00:00\",\"dateModified\":\"2026-04-09T04:21:31+00:00\",\"breadcrumb\":{\"@id\":\"https:\/\/www.danosa.com\/fr-ma\/produit\/danoprimer-ep\/#breadcrumb\"},\"inLanguage\":\"fr-FR\",\"potentialAction\":[{\"@type\":\"ReadAction\",\"target\":[\"https:\/\/www.danosa.com\/fr-ma\/produit\/danoprimer-ep\/\"]}]},{\"@type\":\"BreadcrumbList\",\"@id\":\"https:\/\/www.danosa.com\/fr-ma\/produit\/danoprimer-ep\/#breadcrumb\",\"itemListElement\":[{\"@type\":\"ListItem\",\"position\":1,\"name\":\"Portada\",\"item\":\"https:\/\/www.danosa.com\/fr-ma\/\"},{\"@type\":\"ListItem\",\"position\":2,\"name\":\"DANOPRIMER EP\"}]}]}<\/script>\n<!-- \/ Yoast SEO plugin. -->","yoast_head_json":{"title":"DANOPRIMER EP - Danosa Maroc","robots":{"index":"index","follow":"follow","max-snippet":"max-snippet:-1","max-image-preview":"max-image-preview:large","max-video-preview":"max-video-preview:-1"},"canonical":"https:\/\/www.danosa.com\/fr-ma\/produit\/danoprimer-ep\/","og_locale":"fr_FR","og_type":"article","og_title":"DANOPRIMER EP - Danosa Maroc","og_description":"Primaire \u00e9poxy bicomposant sans solvants, appropri\u00e9 pour des supports poreux, compatible avec les syst\u00e8mes DANOCOAT\u00ae et DANOPUR\u00ae","og_url":"https:\/\/www.danosa.com\/fr-ma\/produit\/danoprimer-ep\/","og_site_name":"Danosa Maroc","article_modified_time":"2026-04-09T04:21:31+00:00","twitter_card":"summary_large_image","schema":{"@context":"https:\/\/schema.org","@graph":[{"@type":"WebSite","@id":"https:\/\/www.danosa.com\/fr-ma\/#website","url":"https:\/\/www.danosa.com\/fr-ma\/","name":"Danosa Maroc","description":"Danosa","potentialAction":[{"@type":"SearchAction","target":{"@type":"EntryPoint","urlTemplate":"https:\/\/www.danosa.com\/fr-ma\/?s={search_term_string}"},"query-input":"required name=search_term_string"}],"inLanguage":"fr-FR"},{"@type":"WebPage","@id":"https:\/\/www.danosa.com\/fr-ma\/produit\/danoprimer-ep\/#webpage","url":"https:\/\/www.danosa.com\/fr-ma\/produit\/danoprimer-ep\/","name":"DANOPRIMER EP - Danosa Maroc","isPartOf":{"@id":"https:\/\/www.danosa.com\/fr-ma\/#website"},"datePublished":"2026-04-09T04:21:28+00:00","dateModified":"2026-04-09T04:21:31+00:00","breadcrumb":{"@id":"https:\/\/www.danosa.com\/fr-ma\/produit\/danoprimer-ep\/#breadcrumb"},"inLanguage":"fr-FR","potentialAction":[{"@type":"ReadAction","target":["https:\/\/www.danosa.com\/fr-ma\/produit\/danoprimer-ep\/"]}]},{"@type":"BreadcrumbList","@id":"https:\/\/www.danosa.com\/fr-ma\/produit\/danoprimer-ep\/#breadcrumb","itemListElement":[{"@type":"ListItem","position":1,"name":"Portada","item":"https:\/\/www.danosa.com\/fr-ma\/"},{"@type":"ListItem","position":2,"name":"DANOPRIMER EP"}]}]}},"_links":{"self":[{"href":"https:\/\/www.danosa.com\/fr-ma\/wp-json\/wp\/v2\/product\/3998"}],"collection":[{"href":"https:\/\/www.danosa.com\/fr-ma\/wp-json\/wp\/v2\/product"}],"about":[{"href":"https:\/\/www.danosa.com\/fr-ma\/wp-json\/wp\/v2\/types\/product"}],"wp:attachment":[{"href":"https:\/\/www.danosa.com\/fr-ma\/wp-json\/wp\/v2\/media?parent=3998"}],"wp:term":[{"taxonomy":"family","embeddable":true,"href":"https:\/\/www.danosa.com\/fr-ma\/wp-json\/wp\/v2\/family?post=3998"},{"taxonomy":"product_notice","embeddable":true,"href":"https:\/\/www.danosa.com\/fr-ma\/wp-json\/wp\/v2\/product_notice?post=3998"},{"taxonomy":"product_icon","embeddable":true,"href":"https:\/\/www.danosa.com\/fr-ma\/wp-json\/wp\/v2\/product_icon?post=3998"},{"taxonomy":"product_application","embeddable":true,"href":"https:\/\/www.danosa.com\/fr-ma\/wp-json\/wp\/v2\/product_application?post=3998"},{"taxonomy":"product_standards_certification","embeddable":true,"href":"https:\/\/www.danosa.com\/fr-ma\/wp-json\/wp\/v2\/product_standards_certification?post=3998"},{"taxonomy":"product_benefits","embeddable":true,"href":"https:\/\/www.danosa.com\/fr-ma\/wp-json\/wp\/v2\/product_benefits?post=3998"},{"taxonomy":"product_support","embeddable":true,"href":"https:\/\/www.danosa.com\/fr-ma\/wp-json\/wp\/v2\/product_support?post=3998"},{"taxonomy":"product_substrate_preparation","embeddable":true,"href":"https:\/\/www.danosa.com\/fr-ma\/wp-json\/wp\/v2\/product_substrate_preparation?post=3998"},{"taxonomy":"product_important_indications","embeddable":true,"href":"https:\/\/www.danosa.com\/fr-ma\/wp-json\/wp\/v2\/product_important_indications?post=3998"},{"taxonomy":"product_conservation","embeddable":true,"href":"https:\/\/www.danosa.com\/fr-ma\/wp-json\/wp\/v2\/product_conservation?post=3998"},{"taxonomy":"product_warning","embeddable":true,"href":"https:\/\/www.danosa.com\/fr-ma\/wp-json\/wp\/v2\/product_warning?post=3998"},{"taxonomy":"product_safety_hygiene","embeddable":true,"href":"https:\/\/www.danosa.com\/fr-ma\/wp-json\/wp\/v2\/product_safety_hygiene?post=3998"},{"taxonomy":"system_certification","embeddable":true,"href":"https:\/\/www.danosa.com\/fr-ma\/wp-json\/wp\/v2\/system_certification?post=3998"},{"taxonomy":"product_maintenance","embeddable":true,"href":"https:\/\/www.danosa.com\/fr-ma\/wp-json\/wp\/v2\/product_maintenance?post=3998"},{"taxonomy":"product_safety_datasheet","embeddable":true,"href":"https:\/\/www.danosa.com\/fr-ma\/wp-json\/wp\/v2\/product_safety_datasheet?post=3998"},{"taxonomy":"filter_special_uses","embeddable":true,"href":"https:\/\/www.danosa.com\/fr-ma\/wp-json\/wp\/v2\/filter_special_uses?post=3998"}],"curies":[{"name":"wp","href":"https:\/\/api.w.org\/{rel}","templated":true}]}}