{"id":8118,"date":"2026-04-05T06:21:36","date_gmt":"2026-04-05T04:21:36","guid":{"rendered":"https:\/\/www.danosa.com\/fr-ma\/product\/glue-dan-pvc-3\/"},"modified":"2026-04-05T06:21:36","modified_gmt":"2026-04-05T04:21:36","slug":"glue-dan-pvc","status":"publish","type":"product","link":"https:\/\/www.danosa.com\/fr-ma\/produit\/glue-dan-pvc\/","title":{"rendered":"GLUE-DAN PVC"},"content":{"rendered":"<p>Colle de contact liquide et transparente, sp\u00e9cialement indiqu\u00e9e pour le collage des membranes d\u2019\u00e9tanch\u00e9it\u00e9 \u00e0 base de PVC sur les mat\u00e9riaux de construction employ\u00e9s le plus fr\u00e9quemment (le b\u00e9ton, l&rsquo;acier et le bois).<\/p>\n","protected":false},"excerpt":{"rendered":"<p>Colle de contact liquide et transparente, sp\u00e9cialement indiqu\u00e9e pour le collage des membranes d\u2019\u00e9tanch\u00e9it\u00e9 \u00e0 base de PVC sur les mat\u00e9riaux de construction employ\u00e9s le plus fr\u00e9quemment (le b\u00e9ton, l&rsquo;acier et le bois).<\/p>\n","protected":false},"featured_media":0,"parent":0,"menu_order":0,"template":"","meta":{"inline_featured_image":false,"site-sidebar-layout":"default","site-content-layout":"default","ast-main-header-display":"","ast-hfb-above-header-display":"","ast-hfb-below-header-display":"","ast-hfb-mobile-header-display":"","site-post-title":"","ast-breadcrumbs-content":"","ast-featured-img":"","footer-sml-layout":"","theme-transparent-header-meta":"","adv-header-id-meta":"","stick-header-meta":"","header-above-stick-meta":"","header-main-stick-meta":"","header-below-stick-meta":""},"family":[6692],"product_notice":[248923],"product_icon":[],"product_application":[248504],"product_standards_certification":[],"product_benefits":[247729,247940,248001,248013,248027,248069],"product_support":[],"product_substrate_preparation":[],"product_important_indications":[246462,246597,246598,246636],"product_conservation":[246724,246729,246779,246829,246841,246856,246917,246918,246920],"product_warning":[],"product_safety_hygiene":[],"system_certification":[6726,6727],"product_maintenance":[],"product_safety_datasheet":[115158],"filter_special_uses":[],"acf":[],"yoast_head":"<!-- This site is optimized with the Yoast SEO plugin v18.1 - https:\/\/yoast.com\/wordpress\/plugins\/seo\/ -->\n<title>GLUE-DAN PVC - Danosa Maroc<\/title>\n<meta name=\"robots\" content=\"index, follow, max-snippet:-1, max-image-preview:large, max-video-preview:-1\" \/>\n<link rel=\"canonical\" href=\"https:\/\/www.danosa.com\/fr-ma\/produit\/glue-dan-pvc\/\" \/>\n<meta property=\"og:locale\" content=\"fr_FR\" \/>\n<meta property=\"og:type\" content=\"article\" \/>\n<meta property=\"og:title\" content=\"GLUE-DAN PVC - Danosa Maroc\" \/>\n<meta property=\"og:description\" content=\"Colle de contact liquide et transparente, sp\u00e9cialement indiqu\u00e9e pour le collage des membranes d\u2019\u00e9tanch\u00e9it\u00e9 \u00e0 base de PVC sur les mat\u00e9riaux de construction employ\u00e9s le plus fr\u00e9quemment (le b\u00e9ton, l&rsquo;acier et le bois).\" \/>\n<meta property=\"og:url\" content=\"https:\/\/www.danosa.com\/fr-ma\/produit\/glue-dan-pvc\/\" \/>\n<meta property=\"og:site_name\" content=\"Danosa Maroc\" \/>\n<meta name=\"twitter:card\" content=\"summary_large_image\" \/>\n<script type=\"application\/ld+json\" class=\"yoast-schema-graph\">{\"@context\":\"https:\/\/schema.org\",\"@graph\":[{\"@type\":\"WebSite\",\"@id\":\"https:\/\/www.danosa.com\/fr-ma\/#website\",\"url\":\"https:\/\/www.danosa.com\/fr-ma\/\",\"name\":\"Danosa Maroc\",\"description\":\"Danosa\",\"potentialAction\":[{\"@type\":\"SearchAction\",\"target\":{\"@type\":\"EntryPoint\",\"urlTemplate\":\"https:\/\/www.danosa.com\/fr-ma\/?s={search_term_string}\"},\"query-input\":\"required name=search_term_string\"}],\"inLanguage\":\"fr-FR\"},{\"@type\":\"WebPage\",\"@id\":\"https:\/\/www.danosa.com\/fr-ma\/produit\/glue-dan-pvc\/#webpage\",\"url\":\"https:\/\/www.danosa.com\/fr-ma\/produit\/glue-dan-pvc\/\",\"name\":\"GLUE-DAN PVC - Danosa Maroc\",\"isPartOf\":{\"@id\":\"https:\/\/www.danosa.com\/fr-ma\/#website\"},\"datePublished\":\"2026-04-05T04:21:36+00:00\",\"dateModified\":\"2026-04-05T04:21:36+00:00\",\"breadcrumb\":{\"@id\":\"https:\/\/www.danosa.com\/fr-ma\/produit\/glue-dan-pvc\/#breadcrumb\"},\"inLanguage\":\"fr-FR\",\"potentialAction\":[{\"@type\":\"ReadAction\",\"target\":[\"https:\/\/www.danosa.com\/fr-ma\/produit\/glue-dan-pvc\/\"]}]},{\"@type\":\"BreadcrumbList\",\"@id\":\"https:\/\/www.danosa.com\/fr-ma\/produit\/glue-dan-pvc\/#breadcrumb\",\"itemListElement\":[{\"@type\":\"ListItem\",\"position\":1,\"name\":\"Portada\",\"item\":\"https:\/\/www.danosa.com\/fr-ma\/\"},{\"@type\":\"ListItem\",\"position\":2,\"name\":\"GLUE-DAN PVC\"}]}]}<\/script>\n<!-- \/ Yoast SEO plugin. -->","yoast_head_json":{"title":"GLUE-DAN PVC - Danosa Maroc","robots":{"index":"index","follow":"follow","max-snippet":"max-snippet:-1","max-image-preview":"max-image-preview:large","max-video-preview":"max-video-preview:-1"},"canonical":"https:\/\/www.danosa.com\/fr-ma\/produit\/glue-dan-pvc\/","og_locale":"fr_FR","og_type":"article","og_title":"GLUE-DAN PVC - Danosa Maroc","og_description":"Colle de contact liquide et transparente, sp\u00e9cialement indiqu\u00e9e pour le collage des membranes d\u2019\u00e9tanch\u00e9it\u00e9 \u00e0 base de PVC sur les mat\u00e9riaux de construction employ\u00e9s le plus fr\u00e9quemment (le b\u00e9ton, l&rsquo;acier et le bois).","og_url":"https:\/\/www.danosa.com\/fr-ma\/produit\/glue-dan-pvc\/","og_site_name":"Danosa Maroc","twitter_card":"summary_large_image","schema":{"@context":"https:\/\/schema.org","@graph":[{"@type":"WebSite","@id":"https:\/\/www.danosa.com\/fr-ma\/#website","url":"https:\/\/www.danosa.com\/fr-ma\/","name":"Danosa Maroc","description":"Danosa","potentialAction":[{"@type":"SearchAction","target":{"@type":"EntryPoint","urlTemplate":"https:\/\/www.danosa.com\/fr-ma\/?s={search_term_string}"},"query-input":"required name=search_term_string"}],"inLanguage":"fr-FR"},{"@type":"WebPage","@id":"https:\/\/www.danosa.com\/fr-ma\/produit\/glue-dan-pvc\/#webpage","url":"https:\/\/www.danosa.com\/fr-ma\/produit\/glue-dan-pvc\/","name":"GLUE-DAN PVC - Danosa Maroc","isPartOf":{"@id":"https:\/\/www.danosa.com\/fr-ma\/#website"},"datePublished":"2026-04-05T04:21:36+00:00","dateModified":"2026-04-05T04:21:36+00:00","breadcrumb":{"@id":"https:\/\/www.danosa.com\/fr-ma\/produit\/glue-dan-pvc\/#breadcrumb"},"inLanguage":"fr-FR","potentialAction":[{"@type":"ReadAction","target":["https:\/\/www.danosa.com\/fr-ma\/produit\/glue-dan-pvc\/"]}]},{"@type":"BreadcrumbList","@id":"https:\/\/www.danosa.com\/fr-ma\/produit\/glue-dan-pvc\/#breadcrumb","itemListElement":[{"@type":"ListItem","position":1,"name":"Portada","item":"https:\/\/www.danosa.com\/fr-ma\/"},{"@type":"ListItem","position":2,"name":"GLUE-DAN PVC"}]}]}},"_links":{"self":[{"href":"https:\/\/www.danosa.com\/fr-ma\/wp-json\/wp\/v2\/product\/8118"}],"collection":[{"href":"https:\/\/www.danosa.com\/fr-ma\/wp-json\/wp\/v2\/product"}],"about":[{"href":"https:\/\/www.danosa.com\/fr-ma\/wp-json\/wp\/v2\/types\/product"}],"wp:attachment":[{"href":"https:\/\/www.danosa.com\/fr-ma\/wp-json\/wp\/v2\/media?parent=8118"}],"wp:term":[{"taxonomy":"family","embeddable":true,"href":"https:\/\/www.danosa.com\/fr-ma\/wp-json\/wp\/v2\/family?post=8118"},{"taxonomy":"product_notice","embeddable":true,"href":"https:\/\/www.danosa.com\/fr-ma\/wp-json\/wp\/v2\/product_notice?post=8118"},{"taxonomy":"product_icon","embeddable":true,"href":"https:\/\/www.danosa.com\/fr-ma\/wp-json\/wp\/v2\/product_icon?post=8118"},{"taxonomy":"product_application","embeddable":true,"href":"https:\/\/www.danosa.com\/fr-ma\/wp-json\/wp\/v2\/product_application?post=8118"},{"taxonomy":"product_standards_certification","embeddable":true,"href":"https:\/\/www.danosa.com\/fr-ma\/wp-json\/wp\/v2\/product_standards_certification?post=8118"},{"taxonomy":"product_benefits","embeddable":true,"href":"https:\/\/www.danosa.com\/fr-ma\/wp-json\/wp\/v2\/product_benefits?post=8118"},{"taxonomy":"product_support","embeddable":true,"href":"https:\/\/www.danosa.com\/fr-ma\/wp-json\/wp\/v2\/product_support?post=8118"},{"taxonomy":"product_substrate_preparation","embeddable":true,"href":"https:\/\/www.danosa.com\/fr-ma\/wp-json\/wp\/v2\/product_substrate_preparation?post=8118"},{"taxonomy":"product_important_indications","embeddable":true,"href":"https:\/\/www.danosa.com\/fr-ma\/wp-json\/wp\/v2\/product_important_indications?post=8118"},{"taxonomy":"product_conservation","embeddable":true,"href":"https:\/\/www.danosa.com\/fr-ma\/wp-json\/wp\/v2\/product_conservation?post=8118"},{"taxonomy":"product_warning","embeddable":true,"href":"https:\/\/www.danosa.com\/fr-ma\/wp-json\/wp\/v2\/product_warning?post=8118"},{"taxonomy":"product_safety_hygiene","embeddable":true,"href":"https:\/\/www.danosa.com\/fr-ma\/wp-json\/wp\/v2\/product_safety_hygiene?post=8118"},{"taxonomy":"system_certification","embeddable":true,"href":"https:\/\/www.danosa.com\/fr-ma\/wp-json\/wp\/v2\/system_certification?post=8118"},{"taxonomy":"product_maintenance","embeddable":true,"href":"https:\/\/www.danosa.com\/fr-ma\/wp-json\/wp\/v2\/product_maintenance?post=8118"},{"taxonomy":"product_safety_datasheet","embeddable":true,"href":"https:\/\/www.danosa.com\/fr-ma\/wp-json\/wp\/v2\/product_safety_datasheet?post=8118"},{"taxonomy":"filter_special_uses","embeddable":true,"href":"https:\/\/www.danosa.com\/fr-ma\/wp-json\/wp\/v2\/filter_special_uses?post=8118"}],"curies":[{"name":"wp","href":"https:\/\/api.w.org\/{rel}","templated":true}]}}