{"id":9497,"date":"2026-04-05T06:22:03","date_gmt":"2026-04-05T04:22:03","guid":{"rendered":"https:\/\/www.danosa.com\/fr-ma\/produit\/revestidan-water-stop\/"},"modified":"2026-04-05T06:22:05","modified_gmt":"2026-04-05T04:22:05","slug":"revestidan-water-stop","status":"publish","type":"product","link":"https:\/\/www.danosa.com\/fr-ma\/produit\/revestidan-water-stop\/","title":{"rendered":"REVESTIDAN WATER STOP"},"content":{"rendered":"<p>Rev\u00eatement d&rsquo;\u00e9tanch\u00e9it\u00e9 acrylique monocomposant \u00e0 base d&rsquo;eau \u00e0 haute \u00e9lasticit\u00e9 et flexibilit\u00e9, avec une excellente \u00e9tanch\u00e9it\u00e9 \u00e0 l&rsquo;eau et aux liquides en g\u00e9n\u00e9ral. Forte r\u00e9sistance \u00e0 la traction et \u00e0 l&rsquo;allongement \u00e0 la rupture. R\u00e9sistance extraordinaire au vieillissement, \u00e0 l&rsquo;abrasion et \u00e0 la perforation. Bonne homog\u00e9n\u00e9isation du produit et facilit\u00e9 d&rsquo;application. Film r\u00e9sistant aux intemp\u00e9ries et aux UV. Excellente r\u00e9sistance \u00e0 l&rsquo;abrasion. Bon remplissage des fissures et r\u00e9sistance aux microfissures. R\u00e9sistance m\u00e9canique accrue gr\u00e2ce \u00e0 l&rsquo;utilisation d&rsquo;un treillis en fibre de verre. Grande \u00e9lasticit\u00e9 et flexibilit\u00e9. Excellente durabilit\u00e9. Convient pour \u00e9viter les infiltrations d&rsquo;eau sur les terrasses, les toits-terrasses, les toits, les joints de dilatation, les tuyaux de descente, etc. Dans la r\u00e9paration de zones pr\u00e9sentant des fissures existantes ou ayant tendance \u00e0 se former.<\/p>\n","protected":false},"excerpt":{"rendered":"<p>Rev\u00eatement \u00e9lastique pour l&rsquo;\u00e9tanch\u00e9it\u00e9 de toitures r\u00e9sistant aux intemp\u00e9ries<\/p>\n","protected":false},"featured_media":0,"parent":0,"menu_order":0,"template":"","meta":{"inline_featured_image":false,"site-sidebar-layout":"default","site-content-layout":"default","ast-main-header-display":"","ast-hfb-above-header-display":"","ast-hfb-below-header-display":"","ast-hfb-mobile-header-display":"","site-post-title":"","ast-breadcrumbs-content":"","ast-featured-img":"","footer-sml-layout":"","theme-transparent-header-meta":"","adv-header-id-meta":"","stick-header-meta":"","header-above-stick-meta":"","header-main-stick-meta":"","header-below-stick-meta":""},"family":[147229],"product_notice":[248923],"product_icon":[],"product_application":[248623,248728],"product_standards_certification":[],"product_benefits":[247890,248197,248198,248199,248200,248201,248202],"product_support":[],"product_substrate_preparation":[248918],"product_important_indications":[],"product_conservation":[246907,246908],"product_warning":[246966,247021,247070,247087,247088],"product_safety_hygiene":[],"system_certification":[],"product_maintenance":[],"product_safety_datasheet":[143760],"filter_special_uses":[],"acf":[],"yoast_head":"<!-- This site is optimized with the Yoast SEO plugin v18.1 - https:\/\/yoast.com\/wordpress\/plugins\/seo\/ -->\n<title>REVESTIDAN WATER STOP - Danosa Maroc<\/title>\n<meta name=\"robots\" content=\"index, follow, max-snippet:-1, max-image-preview:large, max-video-preview:-1\" \/>\n<link rel=\"canonical\" href=\"https:\/\/www.danosa.com\/fr-ma\/produit\/revestidan-water-stop\/\" \/>\n<meta property=\"og:locale\" content=\"fr_FR\" \/>\n<meta property=\"og:type\" content=\"article\" \/>\n<meta property=\"og:title\" content=\"REVESTIDAN WATER STOP - Danosa Maroc\" \/>\n<meta property=\"og:description\" content=\"Rev\u00eatement \u00e9lastique pour l&#039;\u00e9tanch\u00e9it\u00e9 de toitures r\u00e9sistant aux intemp\u00e9ries\" \/>\n<meta property=\"og:url\" content=\"https:\/\/www.danosa.com\/fr-ma\/produit\/revestidan-water-stop\/\" \/>\n<meta property=\"og:site_name\" content=\"Danosa Maroc\" \/>\n<meta property=\"article:modified_time\" content=\"2026-04-05T04:22:05+00:00\" \/>\n<meta name=\"twitter:card\" content=\"summary_large_image\" \/>\n<meta name=\"twitter:label1\" content=\"Dur\u00e9e de lecture estim\u00e9e\" \/>\n\t<meta name=\"twitter:data1\" content=\"1 minute\" \/>\n<script type=\"application\/ld+json\" class=\"yoast-schema-graph\">{\"@context\":\"https:\/\/schema.org\",\"@graph\":[{\"@type\":\"WebSite\",\"@id\":\"https:\/\/www.danosa.com\/fr-ma\/#website\",\"url\":\"https:\/\/www.danosa.com\/fr-ma\/\",\"name\":\"Danosa Maroc\",\"description\":\"Danosa\",\"potentialAction\":[{\"@type\":\"SearchAction\",\"target\":{\"@type\":\"EntryPoint\",\"urlTemplate\":\"https:\/\/www.danosa.com\/fr-ma\/?s={search_term_string}\"},\"query-input\":\"required name=search_term_string\"}],\"inLanguage\":\"fr-FR\"},{\"@type\":\"WebPage\",\"@id\":\"https:\/\/www.danosa.com\/fr-ma\/produit\/revestidan-water-stop\/#webpage\",\"url\":\"https:\/\/www.danosa.com\/fr-ma\/produit\/revestidan-water-stop\/\",\"name\":\"REVESTIDAN WATER STOP - Danosa Maroc\",\"isPartOf\":{\"@id\":\"https:\/\/www.danosa.com\/fr-ma\/#website\"},\"datePublished\":\"2026-04-05T04:22:03+00:00\",\"dateModified\":\"2026-04-05T04:22:05+00:00\",\"breadcrumb\":{\"@id\":\"https:\/\/www.danosa.com\/fr-ma\/produit\/revestidan-water-stop\/#breadcrumb\"},\"inLanguage\":\"fr-FR\",\"potentialAction\":[{\"@type\":\"ReadAction\",\"target\":[\"https:\/\/www.danosa.com\/fr-ma\/produit\/revestidan-water-stop\/\"]}]},{\"@type\":\"BreadcrumbList\",\"@id\":\"https:\/\/www.danosa.com\/fr-ma\/produit\/revestidan-water-stop\/#breadcrumb\",\"itemListElement\":[{\"@type\":\"ListItem\",\"position\":1,\"name\":\"Portada\",\"item\":\"https:\/\/www.danosa.com\/fr-ma\/\"},{\"@type\":\"ListItem\",\"position\":2,\"name\":\"REVESTIDAN WATER STOP\"}]}]}<\/script>\n<!-- \/ Yoast SEO plugin. -->","yoast_head_json":{"title":"REVESTIDAN WATER STOP - Danosa Maroc","robots":{"index":"index","follow":"follow","max-snippet":"max-snippet:-1","max-image-preview":"max-image-preview:large","max-video-preview":"max-video-preview:-1"},"canonical":"https:\/\/www.danosa.com\/fr-ma\/produit\/revestidan-water-stop\/","og_locale":"fr_FR","og_type":"article","og_title":"REVESTIDAN WATER STOP - Danosa Maroc","og_description":"Rev\u00eatement \u00e9lastique pour l'\u00e9tanch\u00e9it\u00e9 de toitures r\u00e9sistant aux intemp\u00e9ries","og_url":"https:\/\/www.danosa.com\/fr-ma\/produit\/revestidan-water-stop\/","og_site_name":"Danosa Maroc","article_modified_time":"2026-04-05T04:22:05+00:00","twitter_card":"summary_large_image","twitter_misc":{"Dur\u00e9e de lecture estim\u00e9e":"1 minute"},"schema":{"@context":"https:\/\/schema.org","@graph":[{"@type":"WebSite","@id":"https:\/\/www.danosa.com\/fr-ma\/#website","url":"https:\/\/www.danosa.com\/fr-ma\/","name":"Danosa Maroc","description":"Danosa","potentialAction":[{"@type":"SearchAction","target":{"@type":"EntryPoint","urlTemplate":"https:\/\/www.danosa.com\/fr-ma\/?s={search_term_string}"},"query-input":"required name=search_term_string"}],"inLanguage":"fr-FR"},{"@type":"WebPage","@id":"https:\/\/www.danosa.com\/fr-ma\/produit\/revestidan-water-stop\/#webpage","url":"https:\/\/www.danosa.com\/fr-ma\/produit\/revestidan-water-stop\/","name":"REVESTIDAN WATER STOP - Danosa Maroc","isPartOf":{"@id":"https:\/\/www.danosa.com\/fr-ma\/#website"},"datePublished":"2026-04-05T04:22:03+00:00","dateModified":"2026-04-05T04:22:05+00:00","breadcrumb":{"@id":"https:\/\/www.danosa.com\/fr-ma\/produit\/revestidan-water-stop\/#breadcrumb"},"inLanguage":"fr-FR","potentialAction":[{"@type":"ReadAction","target":["https:\/\/www.danosa.com\/fr-ma\/produit\/revestidan-water-stop\/"]}]},{"@type":"BreadcrumbList","@id":"https:\/\/www.danosa.com\/fr-ma\/produit\/revestidan-water-stop\/#breadcrumb","itemListElement":[{"@type":"ListItem","position":1,"name":"Portada","item":"https:\/\/www.danosa.com\/fr-ma\/"},{"@type":"ListItem","position":2,"name":"REVESTIDAN WATER STOP"}]}]}},"_links":{"self":[{"href":"https:\/\/www.danosa.com\/fr-ma\/wp-json\/wp\/v2\/product\/9497"}],"collection":[{"href":"https:\/\/www.danosa.com\/fr-ma\/wp-json\/wp\/v2\/product"}],"about":[{"href":"https:\/\/www.danosa.com\/fr-ma\/wp-json\/wp\/v2\/types\/product"}],"wp:attachment":[{"href":"https:\/\/www.danosa.com\/fr-ma\/wp-json\/wp\/v2\/media?parent=9497"}],"wp:term":[{"taxonomy":"family","embeddable":true,"href":"https:\/\/www.danosa.com\/fr-ma\/wp-json\/wp\/v2\/family?post=9497"},{"taxonomy":"product_notice","embeddable":true,"href":"https:\/\/www.danosa.com\/fr-ma\/wp-json\/wp\/v2\/product_notice?post=9497"},{"taxonomy":"product_icon","embeddable":true,"href":"https:\/\/www.danosa.com\/fr-ma\/wp-json\/wp\/v2\/product_icon?post=9497"},{"taxonomy":"product_application","embeddable":true,"href":"https:\/\/www.danosa.com\/fr-ma\/wp-json\/wp\/v2\/product_application?post=9497"},{"taxonomy":"product_standards_certification","embeddable":true,"href":"https:\/\/www.danosa.com\/fr-ma\/wp-json\/wp\/v2\/product_standards_certification?post=9497"},{"taxonomy":"product_benefits","embeddable":true,"href":"https:\/\/www.danosa.com\/fr-ma\/wp-json\/wp\/v2\/product_benefits?post=9497"},{"taxonomy":"product_support","embeddable":true,"href":"https:\/\/www.danosa.com\/fr-ma\/wp-json\/wp\/v2\/product_support?post=9497"},{"taxonomy":"product_substrate_preparation","embeddable":true,"href":"https:\/\/www.danosa.com\/fr-ma\/wp-json\/wp\/v2\/product_substrate_preparation?post=9497"},{"taxonomy":"product_important_indications","embeddable":true,"href":"https:\/\/www.danosa.com\/fr-ma\/wp-json\/wp\/v2\/product_important_indications?post=9497"},{"taxonomy":"product_conservation","embeddable":true,"href":"https:\/\/www.danosa.com\/fr-ma\/wp-json\/wp\/v2\/product_conservation?post=9497"},{"taxonomy":"product_warning","embeddable":true,"href":"https:\/\/www.danosa.com\/fr-ma\/wp-json\/wp\/v2\/product_warning?post=9497"},{"taxonomy":"product_safety_hygiene","embeddable":true,"href":"https:\/\/www.danosa.com\/fr-ma\/wp-json\/wp\/v2\/product_safety_hygiene?post=9497"},{"taxonomy":"system_certification","embeddable":true,"href":"https:\/\/www.danosa.com\/fr-ma\/wp-json\/wp\/v2\/system_certification?post=9497"},{"taxonomy":"product_maintenance","embeddable":true,"href":"https:\/\/www.danosa.com\/fr-ma\/wp-json\/wp\/v2\/product_maintenance?post=9497"},{"taxonomy":"product_safety_datasheet","embeddable":true,"href":"https:\/\/www.danosa.com\/fr-ma\/wp-json\/wp\/v2\/product_safety_datasheet?post=9497"},{"taxonomy":"filter_special_uses","embeddable":true,"href":"https:\/\/www.danosa.com\/fr-ma\/wp-json\/wp\/v2\/filter_special_uses?post=9497"}],"curies":[{"name":"wp","href":"https:\/\/api.w.org\/{rel}","templated":true}]}}