{"id":9593,"date":"2026-04-09T06:25:51","date_gmt":"2026-04-09T04:25:51","guid":{"rendered":"https:\/\/www.danosa.com\/fr-ma\/produit\/acustidan-pro\/"},"modified":"2026-04-09T06:25:52","modified_gmt":"2026-04-09T04:25:52","slug":"acustidan-pro","status":"publish","type":"product","link":"https:\/\/www.danosa.com\/fr-ma\/produit\/acustidan-pro\/","title":{"rendered":"ACUSTIDAN PRO"},"content":{"rendered":"<p>ACUSTIDAN PRO est un compos\u00e9 tricouche constitu\u00e9 d&rsquo;une feuille \u00e9lastom\u00e9rique haute densit\u00e9, d&rsquo;un matelas compos\u00e9 de fibres de coton et de textiles recycl\u00e9s li\u00e9s avec de la r\u00e9sine ph\u00e9nolique, termin\u00e9 par un film aluminis\u00e9. Acoustiquement, ACUSTIDAN fonctionne comme un r\u00e9sonateur \u00e0 membrane (isolant basse fr\u00e9quence) avec un mat\u00e9riau poreux d&rsquo;un c\u00f4t\u00e9 (isolant moyennes et hautes fr\u00e9quences) et pr\u00e9sente une excellente r\u00e9sistance au feu.<\/p>\n","protected":false},"excerpt":{"rendered":"<p>Panneau multicouche \u00e0 haute r\u00e9sistance au feu pour l&rsquo;isolation acoustique de haute performance.<\/p>\n","protected":false},"featured_media":0,"parent":0,"menu_order":0,"template":"","meta":{"inline_featured_image":false,"site-sidebar-layout":"default","site-content-layout":"default","ast-main-header-display":"","ast-hfb-above-header-display":"","ast-hfb-below-header-display":"","ast-hfb-mobile-header-display":"","site-post-title":"","ast-breadcrumbs-content":"","ast-featured-img":"","footer-sml-layout":"","theme-transparent-header-meta":"","adv-header-id-meta":"","stick-header-meta":"","header-above-stick-meta":"","header-main-stick-meta":"","header-below-stick-meta":""},"family":[6719],"product_notice":[248923],"product_icon":[],"product_application":[248235,248238,248239,248550,248737,248738],"product_standards_certification":[248834,248846,248857],"product_benefits":[247626,247636,247649,247654,247725,247776,248003],"product_support":[],"product_substrate_preparation":[],"product_important_indications":[246476,246545,246566,246569,246592,246596,246645,246652,246657],"product_conservation":[246716,246717,246726,246739,246759,246784,246848,246882,246918,246920],"product_warning":[],"product_safety_hygiene":[],"system_certification":[],"product_maintenance":[],"product_safety_datasheet":[],"filter_special_uses":[],"acf":[],"yoast_head":"<!-- This site is optimized with the Yoast SEO plugin v18.1 - https:\/\/yoast.com\/wordpress\/plugins\/seo\/ -->\n<title>ACUSTIDAN PRO - Danosa Maroc<\/title>\n<meta name=\"robots\" content=\"index, follow, max-snippet:-1, max-image-preview:large, max-video-preview:-1\" \/>\n<link rel=\"canonical\" href=\"https:\/\/www.danosa.com\/fr-ma\/produit\/acustidan-pro\/\" \/>\n<meta property=\"og:locale\" content=\"fr_FR\" \/>\n<meta property=\"og:type\" content=\"article\" \/>\n<meta property=\"og:title\" content=\"ACUSTIDAN PRO - Danosa Maroc\" \/>\n<meta property=\"og:description\" content=\"Panneau multicouche \u00e0 haute r\u00e9sistance au feu pour l&#039;isolation acoustique de haute performance.\" \/>\n<meta property=\"og:url\" content=\"https:\/\/www.danosa.com\/fr-ma\/produit\/acustidan-pro\/\" \/>\n<meta property=\"og:site_name\" content=\"Danosa Maroc\" \/>\n<meta property=\"article:modified_time\" content=\"2026-04-09T04:25:52+00:00\" \/>\n<meta name=\"twitter:card\" content=\"summary_large_image\" \/>\n<script type=\"application\/ld+json\" class=\"yoast-schema-graph\">{\"@context\":\"https:\/\/schema.org\",\"@graph\":[{\"@type\":\"WebSite\",\"@id\":\"https:\/\/www.danosa.com\/fr-ma\/#website\",\"url\":\"https:\/\/www.danosa.com\/fr-ma\/\",\"name\":\"Danosa Maroc\",\"description\":\"Danosa\",\"potentialAction\":[{\"@type\":\"SearchAction\",\"target\":{\"@type\":\"EntryPoint\",\"urlTemplate\":\"https:\/\/www.danosa.com\/fr-ma\/?s={search_term_string}\"},\"query-input\":\"required name=search_term_string\"}],\"inLanguage\":\"fr-FR\"},{\"@type\":\"WebPage\",\"@id\":\"https:\/\/www.danosa.com\/fr-ma\/produit\/acustidan-pro\/#webpage\",\"url\":\"https:\/\/www.danosa.com\/fr-ma\/produit\/acustidan-pro\/\",\"name\":\"ACUSTIDAN PRO - Danosa Maroc\",\"isPartOf\":{\"@id\":\"https:\/\/www.danosa.com\/fr-ma\/#website\"},\"datePublished\":\"2026-04-09T04:25:51+00:00\",\"dateModified\":\"2026-04-09T04:25:52+00:00\",\"breadcrumb\":{\"@id\":\"https:\/\/www.danosa.com\/fr-ma\/produit\/acustidan-pro\/#breadcrumb\"},\"inLanguage\":\"fr-FR\",\"potentialAction\":[{\"@type\":\"ReadAction\",\"target\":[\"https:\/\/www.danosa.com\/fr-ma\/produit\/acustidan-pro\/\"]}]},{\"@type\":\"BreadcrumbList\",\"@id\":\"https:\/\/www.danosa.com\/fr-ma\/produit\/acustidan-pro\/#breadcrumb\",\"itemListElement\":[{\"@type\":\"ListItem\",\"position\":1,\"name\":\"Portada\",\"item\":\"https:\/\/www.danosa.com\/fr-ma\/\"},{\"@type\":\"ListItem\",\"position\":2,\"name\":\"ACUSTIDAN PRO\"}]}]}<\/script>\n<!-- \/ Yoast SEO plugin. -->","yoast_head_json":{"title":"ACUSTIDAN PRO - Danosa Maroc","robots":{"index":"index","follow":"follow","max-snippet":"max-snippet:-1","max-image-preview":"max-image-preview:large","max-video-preview":"max-video-preview:-1"},"canonical":"https:\/\/www.danosa.com\/fr-ma\/produit\/acustidan-pro\/","og_locale":"fr_FR","og_type":"article","og_title":"ACUSTIDAN PRO - Danosa Maroc","og_description":"Panneau multicouche \u00e0 haute r\u00e9sistance au feu pour l'isolation acoustique de haute performance.","og_url":"https:\/\/www.danosa.com\/fr-ma\/produit\/acustidan-pro\/","og_site_name":"Danosa Maroc","article_modified_time":"2026-04-09T04:25:52+00:00","twitter_card":"summary_large_image","schema":{"@context":"https:\/\/schema.org","@graph":[{"@type":"WebSite","@id":"https:\/\/www.danosa.com\/fr-ma\/#website","url":"https:\/\/www.danosa.com\/fr-ma\/","name":"Danosa Maroc","description":"Danosa","potentialAction":[{"@type":"SearchAction","target":{"@type":"EntryPoint","urlTemplate":"https:\/\/www.danosa.com\/fr-ma\/?s={search_term_string}"},"query-input":"required name=search_term_string"}],"inLanguage":"fr-FR"},{"@type":"WebPage","@id":"https:\/\/www.danosa.com\/fr-ma\/produit\/acustidan-pro\/#webpage","url":"https:\/\/www.danosa.com\/fr-ma\/produit\/acustidan-pro\/","name":"ACUSTIDAN PRO - Danosa Maroc","isPartOf":{"@id":"https:\/\/www.danosa.com\/fr-ma\/#website"},"datePublished":"2026-04-09T04:25:51+00:00","dateModified":"2026-04-09T04:25:52+00:00","breadcrumb":{"@id":"https:\/\/www.danosa.com\/fr-ma\/produit\/acustidan-pro\/#breadcrumb"},"inLanguage":"fr-FR","potentialAction":[{"@type":"ReadAction","target":["https:\/\/www.danosa.com\/fr-ma\/produit\/acustidan-pro\/"]}]},{"@type":"BreadcrumbList","@id":"https:\/\/www.danosa.com\/fr-ma\/produit\/acustidan-pro\/#breadcrumb","itemListElement":[{"@type":"ListItem","position":1,"name":"Portada","item":"https:\/\/www.danosa.com\/fr-ma\/"},{"@type":"ListItem","position":2,"name":"ACUSTIDAN PRO"}]}]}},"_links":{"self":[{"href":"https:\/\/www.danosa.com\/fr-ma\/wp-json\/wp\/v2\/product\/9593"}],"collection":[{"href":"https:\/\/www.danosa.com\/fr-ma\/wp-json\/wp\/v2\/product"}],"about":[{"href":"https:\/\/www.danosa.com\/fr-ma\/wp-json\/wp\/v2\/types\/product"}],"wp:attachment":[{"href":"https:\/\/www.danosa.com\/fr-ma\/wp-json\/wp\/v2\/media?parent=9593"}],"wp:term":[{"taxonomy":"family","embeddable":true,"href":"https:\/\/www.danosa.com\/fr-ma\/wp-json\/wp\/v2\/family?post=9593"},{"taxonomy":"product_notice","embeddable":true,"href":"https:\/\/www.danosa.com\/fr-ma\/wp-json\/wp\/v2\/product_notice?post=9593"},{"taxonomy":"product_icon","embeddable":true,"href":"https:\/\/www.danosa.com\/fr-ma\/wp-json\/wp\/v2\/product_icon?post=9593"},{"taxonomy":"product_application","embeddable":true,"href":"https:\/\/www.danosa.com\/fr-ma\/wp-json\/wp\/v2\/product_application?post=9593"},{"taxonomy":"product_standards_certification","embeddable":true,"href":"https:\/\/www.danosa.com\/fr-ma\/wp-json\/wp\/v2\/product_standards_certification?post=9593"},{"taxonomy":"product_benefits","embeddable":true,"href":"https:\/\/www.danosa.com\/fr-ma\/wp-json\/wp\/v2\/product_benefits?post=9593"},{"taxonomy":"product_support","embeddable":true,"href":"https:\/\/www.danosa.com\/fr-ma\/wp-json\/wp\/v2\/product_support?post=9593"},{"taxonomy":"product_substrate_preparation","embeddable":true,"href":"https:\/\/www.danosa.com\/fr-ma\/wp-json\/wp\/v2\/product_substrate_preparation?post=9593"},{"taxonomy":"product_important_indications","embeddable":true,"href":"https:\/\/www.danosa.com\/fr-ma\/wp-json\/wp\/v2\/product_important_indications?post=9593"},{"taxonomy":"product_conservation","embeddable":true,"href":"https:\/\/www.danosa.com\/fr-ma\/wp-json\/wp\/v2\/product_conservation?post=9593"},{"taxonomy":"product_warning","embeddable":true,"href":"https:\/\/www.danosa.com\/fr-ma\/wp-json\/wp\/v2\/product_warning?post=9593"},{"taxonomy":"product_safety_hygiene","embeddable":true,"href":"https:\/\/www.danosa.com\/fr-ma\/wp-json\/wp\/v2\/product_safety_hygiene?post=9593"},{"taxonomy":"system_certification","embeddable":true,"href":"https:\/\/www.danosa.com\/fr-ma\/wp-json\/wp\/v2\/system_certification?post=9593"},{"taxonomy":"product_maintenance","embeddable":true,"href":"https:\/\/www.danosa.com\/fr-ma\/wp-json\/wp\/v2\/product_maintenance?post=9593"},{"taxonomy":"product_safety_datasheet","embeddable":true,"href":"https:\/\/www.danosa.com\/fr-ma\/wp-json\/wp\/v2\/product_safety_datasheet?post=9593"},{"taxonomy":"filter_special_uses","embeddable":true,"href":"https:\/\/www.danosa.com\/fr-ma\/wp-json\/wp\/v2\/filter_special_uses?post=9593"}],"curies":[{"name":"wp","href":"https:\/\/api.w.org\/{rel}","templated":true}]}}