{"id":9729,"date":"2026-04-09T06:21:49","date_gmt":"2026-04-09T04:21:49","guid":{"rendered":"https:\/\/www.danosa.com\/fr-ma\/produit\/mad6\/"},"modified":"2026-04-09T06:21:50","modified_gmt":"2026-04-09T04:21:50","slug":"mad6","status":"publish","type":"product","link":"https:\/\/www.danosa.com\/fr-ma\/produit\/mad6\/","title":{"rendered":"MAD6"},"content":{"rendered":"<p>La Membrane acoustique Danosa M.A.D.6. est une membrane de haute densit\u00e9, en bitume modifi\u00e9, arm\u00e9e, et film\u00e9e sur les deux faces. <\/p>\n<p>D\u2019un point de vue acoustique, la Membrane acoustique Danosa M.A.D.6 fonctionne comme mat\u00e9riau anti-r\u00e9sonnant, et constitue un substitut efficace au plomb.<\/p>\n","protected":false},"excerpt":{"rendered":"<p>La Membrane acoustique Danosa M.A.D.6. est une membrane de haute densit\u00e9, en bitume modifi\u00e9, arm\u00e9e, et film\u00e9e sur les deux faces. <\/p>\n<p>D\u2019un point de vue acoustique, la Membrane acoustique Danosa M.A.D.6 fonctionne comme mat\u00e9riau anti-r\u00e9son<\/p>\n","protected":false},"featured_media":0,"parent":0,"menu_order":0,"template":"","meta":{"inline_featured_image":false,"site-sidebar-layout":"default","site-content-layout":"default","ast-main-header-display":"","ast-hfb-above-header-display":"","ast-hfb-below-header-display":"","ast-hfb-mobile-header-display":"","site-post-title":"","ast-breadcrumbs-content":"","ast-featured-img":"","footer-sml-layout":"","theme-transparent-header-meta":"","adv-header-id-meta":"","stick-header-meta":"","header-above-stick-meta":"","header-main-stick-meta":"","header-below-stick-meta":""},"family":[6718],"product_notice":[248923],"product_icon":[],"product_application":[248577,248590,248634],"product_standards_certification":[248834,248846,248857],"product_benefits":[247628,247629,247636,247741,247782,247850],"product_support":[],"product_substrate_preparation":[],"product_important_indications":[246440,246470,246476,246497,246536,246545,246566,246570,246621,246643,246652],"product_conservation":[246739,246743,246752,246764,246768,246771,246804,246807,246816,246858,246918,246920],"product_warning":[],"product_safety_hygiene":[],"system_certification":[2459],"product_maintenance":[],"product_safety_datasheet":[],"filter_special_uses":[],"acf":[],"yoast_head":"<!-- This site is optimized with the Yoast SEO plugin v18.1 - https:\/\/yoast.com\/wordpress\/plugins\/seo\/ -->\n<title>MAD6 - Danosa Maroc<\/title>\n<meta name=\"robots\" content=\"index, follow, max-snippet:-1, max-image-preview:large, max-video-preview:-1\" \/>\n<link rel=\"canonical\" href=\"https:\/\/www.danosa.com\/fr-ma\/produit\/mad6\/\" \/>\n<meta property=\"og:locale\" content=\"fr_FR\" \/>\n<meta property=\"og:type\" content=\"article\" \/>\n<meta property=\"og:title\" content=\"MAD6 - Danosa Maroc\" \/>\n<meta property=\"og:description\" content=\"La Membrane acoustique Danosa M.A.D.6. est une membrane de haute densit\u00e9, en bitume modifi\u00e9, arm\u00e9e, et film\u00e9e sur les deux faces. D\u2019un point de vue acoustique, la Membrane acoustique Danosa M.A.D.6 fonctionne comme mat\u00e9riau anti-r\u00e9son\" \/>\n<meta property=\"og:url\" content=\"https:\/\/www.danosa.com\/fr-ma\/produit\/mad6\/\" \/>\n<meta property=\"og:site_name\" content=\"Danosa Maroc\" \/>\n<meta property=\"article:modified_time\" content=\"2026-04-09T04:21:50+00:00\" \/>\n<meta name=\"twitter:card\" content=\"summary_large_image\" \/>\n<script type=\"application\/ld+json\" class=\"yoast-schema-graph\">{\"@context\":\"https:\/\/schema.org\",\"@graph\":[{\"@type\":\"WebSite\",\"@id\":\"https:\/\/www.danosa.com\/fr-ma\/#website\",\"url\":\"https:\/\/www.danosa.com\/fr-ma\/\",\"name\":\"Danosa Maroc\",\"description\":\"Danosa\",\"potentialAction\":[{\"@type\":\"SearchAction\",\"target\":{\"@type\":\"EntryPoint\",\"urlTemplate\":\"https:\/\/www.danosa.com\/fr-ma\/?s={search_term_string}\"},\"query-input\":\"required name=search_term_string\"}],\"inLanguage\":\"fr-FR\"},{\"@type\":\"WebPage\",\"@id\":\"https:\/\/www.danosa.com\/fr-ma\/produit\/mad6\/#webpage\",\"url\":\"https:\/\/www.danosa.com\/fr-ma\/produit\/mad6\/\",\"name\":\"MAD6 - Danosa Maroc\",\"isPartOf\":{\"@id\":\"https:\/\/www.danosa.com\/fr-ma\/#website\"},\"datePublished\":\"2026-04-09T04:21:49+00:00\",\"dateModified\":\"2026-04-09T04:21:50+00:00\",\"breadcrumb\":{\"@id\":\"https:\/\/www.danosa.com\/fr-ma\/produit\/mad6\/#breadcrumb\"},\"inLanguage\":\"fr-FR\",\"potentialAction\":[{\"@type\":\"ReadAction\",\"target\":[\"https:\/\/www.danosa.com\/fr-ma\/produit\/mad6\/\"]}]},{\"@type\":\"BreadcrumbList\",\"@id\":\"https:\/\/www.danosa.com\/fr-ma\/produit\/mad6\/#breadcrumb\",\"itemListElement\":[{\"@type\":\"ListItem\",\"position\":1,\"name\":\"Portada\",\"item\":\"https:\/\/www.danosa.com\/fr-ma\/\"},{\"@type\":\"ListItem\",\"position\":2,\"name\":\"MAD6\"}]}]}<\/script>\n<!-- \/ Yoast SEO plugin. -->","yoast_head_json":{"title":"MAD6 - Danosa Maroc","robots":{"index":"index","follow":"follow","max-snippet":"max-snippet:-1","max-image-preview":"max-image-preview:large","max-video-preview":"max-video-preview:-1"},"canonical":"https:\/\/www.danosa.com\/fr-ma\/produit\/mad6\/","og_locale":"fr_FR","og_type":"article","og_title":"MAD6 - Danosa Maroc","og_description":"La Membrane acoustique Danosa M.A.D.6. est une membrane de haute densit\u00e9, en bitume modifi\u00e9, arm\u00e9e, et film\u00e9e sur les deux faces. D\u2019un point de vue acoustique, la Membrane acoustique Danosa M.A.D.6 fonctionne comme mat\u00e9riau anti-r\u00e9son","og_url":"https:\/\/www.danosa.com\/fr-ma\/produit\/mad6\/","og_site_name":"Danosa Maroc","article_modified_time":"2026-04-09T04:21:50+00:00","twitter_card":"summary_large_image","schema":{"@context":"https:\/\/schema.org","@graph":[{"@type":"WebSite","@id":"https:\/\/www.danosa.com\/fr-ma\/#website","url":"https:\/\/www.danosa.com\/fr-ma\/","name":"Danosa Maroc","description":"Danosa","potentialAction":[{"@type":"SearchAction","target":{"@type":"EntryPoint","urlTemplate":"https:\/\/www.danosa.com\/fr-ma\/?s={search_term_string}"},"query-input":"required name=search_term_string"}],"inLanguage":"fr-FR"},{"@type":"WebPage","@id":"https:\/\/www.danosa.com\/fr-ma\/produit\/mad6\/#webpage","url":"https:\/\/www.danosa.com\/fr-ma\/produit\/mad6\/","name":"MAD6 - Danosa Maroc","isPartOf":{"@id":"https:\/\/www.danosa.com\/fr-ma\/#website"},"datePublished":"2026-04-09T04:21:49+00:00","dateModified":"2026-04-09T04:21:50+00:00","breadcrumb":{"@id":"https:\/\/www.danosa.com\/fr-ma\/produit\/mad6\/#breadcrumb"},"inLanguage":"fr-FR","potentialAction":[{"@type":"ReadAction","target":["https:\/\/www.danosa.com\/fr-ma\/produit\/mad6\/"]}]},{"@type":"BreadcrumbList","@id":"https:\/\/www.danosa.com\/fr-ma\/produit\/mad6\/#breadcrumb","itemListElement":[{"@type":"ListItem","position":1,"name":"Portada","item":"https:\/\/www.danosa.com\/fr-ma\/"},{"@type":"ListItem","position":2,"name":"MAD6"}]}]}},"_links":{"self":[{"href":"https:\/\/www.danosa.com\/fr-ma\/wp-json\/wp\/v2\/product\/9729"}],"collection":[{"href":"https:\/\/www.danosa.com\/fr-ma\/wp-json\/wp\/v2\/product"}],"about":[{"href":"https:\/\/www.danosa.com\/fr-ma\/wp-json\/wp\/v2\/types\/product"}],"wp:attachment":[{"href":"https:\/\/www.danosa.com\/fr-ma\/wp-json\/wp\/v2\/media?parent=9729"}],"wp:term":[{"taxonomy":"family","embeddable":true,"href":"https:\/\/www.danosa.com\/fr-ma\/wp-json\/wp\/v2\/family?post=9729"},{"taxonomy":"product_notice","embeddable":true,"href":"https:\/\/www.danosa.com\/fr-ma\/wp-json\/wp\/v2\/product_notice?post=9729"},{"taxonomy":"product_icon","embeddable":true,"href":"https:\/\/www.danosa.com\/fr-ma\/wp-json\/wp\/v2\/product_icon?post=9729"},{"taxonomy":"product_application","embeddable":true,"href":"https:\/\/www.danosa.com\/fr-ma\/wp-json\/wp\/v2\/product_application?post=9729"},{"taxonomy":"product_standards_certification","embeddable":true,"href":"https:\/\/www.danosa.com\/fr-ma\/wp-json\/wp\/v2\/product_standards_certification?post=9729"},{"taxonomy":"product_benefits","embeddable":true,"href":"https:\/\/www.danosa.com\/fr-ma\/wp-json\/wp\/v2\/product_benefits?post=9729"},{"taxonomy":"product_support","embeddable":true,"href":"https:\/\/www.danosa.com\/fr-ma\/wp-json\/wp\/v2\/product_support?post=9729"},{"taxonomy":"product_substrate_preparation","embeddable":true,"href":"https:\/\/www.danosa.com\/fr-ma\/wp-json\/wp\/v2\/product_substrate_preparation?post=9729"},{"taxonomy":"product_important_indications","embeddable":true,"href":"https:\/\/www.danosa.com\/fr-ma\/wp-json\/wp\/v2\/product_important_indications?post=9729"},{"taxonomy":"product_conservation","embeddable":true,"href":"https:\/\/www.danosa.com\/fr-ma\/wp-json\/wp\/v2\/product_conservation?post=9729"},{"taxonomy":"product_warning","embeddable":true,"href":"https:\/\/www.danosa.com\/fr-ma\/wp-json\/wp\/v2\/product_warning?post=9729"},{"taxonomy":"product_safety_hygiene","embeddable":true,"href":"https:\/\/www.danosa.com\/fr-ma\/wp-json\/wp\/v2\/product_safety_hygiene?post=9729"},{"taxonomy":"system_certification","embeddable":true,"href":"https:\/\/www.danosa.com\/fr-ma\/wp-json\/wp\/v2\/system_certification?post=9729"},{"taxonomy":"product_maintenance","embeddable":true,"href":"https:\/\/www.danosa.com\/fr-ma\/wp-json\/wp\/v2\/product_maintenance?post=9729"},{"taxonomy":"product_safety_datasheet","embeddable":true,"href":"https:\/\/www.danosa.com\/fr-ma\/wp-json\/wp\/v2\/product_safety_datasheet?post=9729"},{"taxonomy":"filter_special_uses","embeddable":true,"href":"https:\/\/www.danosa.com\/fr-ma\/wp-json\/wp\/v2\/filter_special_uses?post=9729"}],"curies":[{"name":"wp","href":"https:\/\/api.w.org\/{rel}","templated":true}]}}