{"id":36,"date":"2021-06-22T09:54:27","date_gmt":"2021-06-22T08:54:27","guid":{"rendered":"https:\/\/www.danosa.com\/global\/?page_id=36"},"modified":"2024-09-18T09:08:44","modified_gmt":"2024-09-18T08:08:44","slug":"about-danosa","status":"publish","type":"page","link":"https:\/\/www.danosa.com\/global\/about-danosa\/","title":{"rendered":"About Danosa"},"content":{"rendered":"\n<div class=\"wp-block-cover alignfull is-light\" style=\"min-height:590px\" id=\"about-us-header\"><span aria-hidden=\"true\" class=\"has-background-dim-40 wp-block-cover__gradient-background has-background-dim\"><\/span><img class=\"wp-block-cover__image-background wp-image-8302\" alt=\"\" src=\"https:\/\/www.danosa.com\/es-es\/wp-content\/uploads\/sites\/2\/2021\/11\/Danosa_confort_invisible.jpg\" data-object-fit=\"cover\"\/><div class=\"wp-block-cover__inner-container\">\n<div style=\"height:197px\" aria-hidden=\"true\" class=\"wp-block-spacer\"><\/div>\n\n\n\n<h1 class=\"has-white-color has-text-color has-huge-font-size\"><strong>WE ARE THE INVISIBLE COMFORT<\/strong><\/h1>\n<\/div><\/div>\n\n\n\n<div id=\"about-us-logo\" class=\"wp-block-image\"><figure class=\"aligncenter size-large is-resized\"><img src=\"https:\/\/www.danosa.com\/global\/wp-content\/uploads\/sites\/9\/2021\/06\/logo-danosa-2.svg\" alt=\"\" class=\"wp-image-110\" width=\"315\" title=\"\"\/><\/figure><\/div>\n\n\n\n<p id=\"about-us-text-1\">Danosa&#8217;s history dates back 60 years. Then Spain began a gradual modernization and opening to the outside and Manuel del R\u00edo Dominguez, a young entrepreneurial chemist, wanted to be an active part of this new Spain that was taking shape on the horizon. He knew that neither the cold nor the wind nor the rain could stop him. This is how Danosa was born, with its full name, Normalized Asphalt Derivatives, in 1964, offering innovative solutions in the construction sector that complied with the specific regulations, as its name indicates. Three pillars supported him: knowledge, courage, and enthusiasm. <br>Society increasingly demands a higher quality in buildings. This directly affects their structural safety and fire protection, but there are other aspects linked to people&#8217;s well-being, such as protection against noise, thermal comfort, or accessibility for people with reduced mobility. In any case, the building process, due to its direct impact on the configuration of spaces, always implies a commitment to functionality, economy, harmony, and environmental balance.<\/p>\n\n\n\n<div class=\"wp-block-columns alignfull has-ast-global-color-5-color has-text-color has-background\" id=\"about-us-mvv\" style=\"background:linear-gradient(180deg,rgb(245,245,245) 0%,rgb(255,255,255) 96%)\">\n<div class=\"wp-block-column\">\n<h3>Vision<\/h3>\n\n\n\n<p>Improve the habitability and invisible comfort of buildings<\/p>\n<\/div>\n\n\n\n<div class=\"wp-block-column\">\n<h3>Mission<\/h3>\n\n\n\n<p>Offer innovative and sustainable solutions to improve the building envelope and the quality of life of people.<\/p>\n<\/div>\n\n\n\n<div class=\"wp-block-column\">\n<h3>Values<\/h3>\n\n\n\n<p>Transparency, collaborative culture, sustainability, efficiency, and continuous improvement. Long-term vision<\/p>\n<\/div>\n<\/div>\n\n\n\n<div class=\"wp-block-cover\" style=\"min-height:52px\"><span aria-hidden=\"true\" class=\"has-ast-global-color-5-background-color has-background-dim-100 wp-block-cover__gradient-background has-background-dim\"><\/span><div class=\"wp-block-cover__inner-container\">\n<p class=\"has-text-align-center has-large-font-size\"><\/p>\n<\/div><\/div>\n\n\n\n<div class=\"wp-block-columns\" id=\"about-us-impulsamos\">\n<div class=\"wp-block-column\" style=\"flex-basis:30%\">\n<h2>We promote a new construction model<\/h2>\n\n\n\n<p>DANOSA is a manufacturer of a wide range of products aimed at covering different technical requirements in buildings such as watertightness, thermal and acoustic insulation, energy-saving, and fire safety.<br>In addition, the evaluation of the sustainable use of resources and the environmental impact of construction works are part of the criteria that drive the development of new products and the design of new construction systems for both new construction and rehabilitation.<\/p>\n<\/div>\n\n\n\n<div class=\"wp-block-column\" style=\"flex-basis:70%\">\n<figure class=\"wp-block-image size-large\"><img loading=\"lazy\" width=\"736\" height=\"416\" src=\"https:\/\/www.danosa.com\/global\/wp-content\/uploads\/sites\/9\/2021\/06\/Rectangle-259.jpg\" alt=\"\" class=\"wp-image-145\" srcset=\"https:\/\/www.danosa.com\/global\/wp-content\/uploads\/sites\/9\/2021\/06\/Rectangle-259.jpg 736w, https:\/\/www.danosa.com\/global\/wp-content\/uploads\/sites\/9\/2021\/06\/Rectangle-259-300x170.jpg 300w\" sizes=\"(max-width: 736px) 100vw, 736px\" \/><\/figure>\n<\/div>\n<\/div>\n\n\n\n<div class=\"wp-block-columns alignfull has-background\" id=\"about-us-damos-respuestas\" style=\"background-color:#eef3f6\">\n<div class=\"wp-block-column\" style=\"flex-basis:1120px\">\n<h2 class=\"alignwide has-text-align-center\" style=\"font-size:40px\">&#8220;We give answers and solutions from innovation and knowledge&#8221;<\/h2>\n<\/div>\n<\/div>\n\n\n\n<div class=\"wp-block-columns\" id=\"about-us-text-2\">\n<div class=\"wp-block-column is-vertically-aligned-top\" style=\"flex-basis:700px\">\n<p>DANOSA proposes different systems to ensure watertightness, thermal insulation of building envelopes as well as acoustic insulation of interior spaces and, if necessary, correct natural lighting and fire protection as a result of the experience of more than 50 years in the sector on 5 continents.<br><br>DANOSA products and systems are certified and technically endorsed by different recognized European organizations, through the Harmonized European Standards (CE marking) and the European Technical Suitability Assessments (ETE), complying with the quality standards accepted throughout the European Union, for the tranquility and security of all building agents.<\/p>\n<\/div>\n<\/div>\n\n\n\n<figure class=\"wp-block-image size-full\" id=\"about-us-img-lab\"><img loading=\"lazy\" width=\"1120\" height=\"352\" src=\"https:\/\/www.danosa.com\/global\/wp-content\/uploads\/sites\/9\/2021\/06\/Rectangle-266.jpg\" alt=\"\" class=\"wp-image-163\" srcset=\"https:\/\/www.danosa.com\/global\/wp-content\/uploads\/sites\/9\/2021\/06\/Rectangle-266.jpg 1120w, https:\/\/www.danosa.com\/global\/wp-content\/uploads\/sites\/9\/2021\/06\/Rectangle-266-300x94.jpg 300w, https:\/\/www.danosa.com\/global\/wp-content\/uploads\/sites\/9\/2021\/06\/Rectangle-266-1024x322.jpg 1024w, https:\/\/www.danosa.com\/global\/wp-content\/uploads\/sites\/9\/2021\/06\/Rectangle-266-768x241.jpg 768w\" sizes=\"(max-width: 1120px) 100vw, 1120px\" \/><\/figure>\n\n\n\n<div class=\"wp-block-columns alignfull has-background\" id=\"about-us-icons\" style=\"background-color:#eef3f6\">\n<div class=\"wp-block-column\">\n<div class=\"wp-block-image is-style-default\"><figure class=\"aligncenter size-large\"><img src=\"https:\/\/www.danosa.com\/global\/wp-content\/uploads\/sites\/9\/2021\/06\/agua.svg\" alt=\"\" class=\"wp-image-173\"\/><\/figure><\/div>\n\n\n\n<h3>Watertightness<\/h3>\n\n\n\n<p>Nuestros sistemas de impermeabilizaci\u00f3n cumplen la<br>funci\u00f3n de protecci\u00f3n frente a la<br>humedad, limitando el riesgo previsible de presencia inadecuada de agua o humedad en el interior de los edificios y en sus cerramientos.<\/p>\n<\/div>\n\n\n\n<div class=\"wp-block-column\">\n<div class=\"wp-block-image\"><figure class=\"aligncenter size-large\"><img src=\"https:\/\/www.danosa.com\/global\/wp-content\/uploads\/sites\/9\/2021\/06\/audio.svg\" alt=\"\" class=\"wp-image-174\"\/><\/figure><\/div>\n\n\n\n<h3>Noise protection<\/h3>\n\n\n\n<p>Our insulation products will help the construction elements that make up the interior enclosures of buildings to have adequate acoustic characteristics to reduce the transmission of airborne noise and impact noise.<\/p>\n<\/div>\n\n\n\n<div class=\"wp-block-column\">\n<div class=\"wp-block-image\"><figure class=\"aligncenter size-large\"><img src=\"https:\/\/www.danosa.com\/global\/wp-content\/uploads\/sites\/9\/2021\/06\/calor.svg\" alt=\"\" class=\"wp-image-175\"\/><\/figure><\/div>\n\n\n\n<h3>Energy saving<\/h3>\n\n\n\n<p>Our goal is to achieve a rational use of the necessary energy in buildings, reducing its consumption to sustainable limits, both in new construction and in rehabilitation, to achieve adequate living conditions for comfortable and healthy use of the home or building.<\/p>\n<\/div>\n\n\n\n<div class=\"wp-block-column\">\n<div class=\"wp-block-image\"><figure class=\"aligncenter size-large\"><img src=\"https:\/\/www.danosa.com\/global\/wp-content\/uploads\/sites\/9\/2021\/06\/drenaje.svg\" alt=\"\" class=\"wp-image-176\"\/><\/figure><\/div>\n\n\n\n<h3>Drains<\/h3>\n\n\n\n<p>The DANODREN product range includes all manufactured high-density polyethylene (HDPE) nodular sheets. Within the product range, the PLUS sheets that incorporate a polypropylene geotextile and the R-20 sheets for green roofs that allow water retention stand out.<\/p>\n<\/div>\n<\/div>\n\n\n\n<p><\/p>\n\n\n\n<h2 class=\"has-text-align-center\"><strong>GLOBAL DANOSA<\/strong><\/h2>\n\n\n\n<p class=\"has-text-align-center\">Our expansion policy is to go further to be closer to our customers every day.<br>Currently, we are leaders in the Spanish market and we rank sixth in Europe.<br>Our technology is exported to more than 70 countries on five continents.<br>We have a factory in Spain, Portugal, and India and subsidiaries in France, Portugal, Morocco, Colombia, Mexico, and the UK.<\/p>\n\n\n\n<p><\/p>\n\n\n\n<p><\/p>\n\n\n\n<div class=\"wp-block-image\"><figure class=\"aligncenter size-large\"><img loading=\"lazy\" width=\"1024\" height=\"462\" src=\"https:\/\/www.danosa.com\/global\/wp-content\/uploads\/sites\/9\/2021\/10\/Danosa-mapa-internacional-1024x462.jpg\" alt=\"\" class=\"wp-image-7109\" srcset=\"https:\/\/www.danosa.com\/global\/wp-content\/uploads\/sites\/9\/2021\/10\/Danosa-mapa-internacional-1024x462.jpg 1024w, https:\/\/www.danosa.com\/global\/wp-content\/uploads\/sites\/9\/2021\/10\/Danosa-mapa-internacional-300x135.jpg 300w, https:\/\/www.danosa.com\/global\/wp-content\/uploads\/sites\/9\/2021\/10\/Danosa-mapa-internacional-768x346.jpg 768w, https:\/\/www.danosa.com\/global\/wp-content\/uploads\/sites\/9\/2021\/10\/Danosa-mapa-internacional-1536x693.jpg 1536w, https:\/\/www.danosa.com\/global\/wp-content\/uploads\/sites\/9\/2021\/10\/Danosa-mapa-internacional.jpg 1800w\" sizes=\"(max-width: 1024px) 100vw, 1024px\" \/><\/figure><\/div>\n\n\n\n<div class=\"wp-container-9 wp-block-group alignfull has-ast-global-color-6-background-color has-background\" id=\"about-us-more\"><div class=\"wp-block-group__inner-container\">\n<div class=\"wp-container-8 wp-block-group\"><div class=\"wp-block-group__inner-container\">\n<h2 class=\"alignfull has-text-align-center has-large-font-size\" id=\"danosa-in-figures\"><strong>DANOSA IN FIGURES<\/strong><\/h2>\n\n\n\n<h2 class=\"alignfull has-text-align-center has-large-font-size\"> <\/h2>\n\n\n\n<div class=\"wp-container-1 wp-block-group\"><div class=\"wp-block-group__inner-container\">\n<div class=\"wp-block-cover is-light\" style=\"min-height:170px\"><span aria-hidden=\"true\" class=\"has-background-dim-0 wp-block-cover__gradient-background has-background-dim\"><\/span><img class=\"wp-block-cover__image-background wp-image-8409\" alt=\"\" src=\"https:\/\/www.danosa.com\/es-es\/wp-content\/uploads\/sites\/2\/2021\/11\/logo_economia_circular_completo.png\" style=\"object-position:50% 50%\" data-object-fit=\"cover\" data-object-position=\"50% 50%\"\/><div class=\"wp-block-cover__inner-container\">\n<p class=\"has-text-align-center has-ast-global-color-1-color has-text-color has-huge-font-size\"><strong>Manufacturers since 1964<\/strong><\/p>\n<\/div><\/div>\n<\/div><\/div>\n\n\n\n<div class=\"wp-block-columns\">\n<div class=\"wp-block-column\">\n<div class=\"wp-container-2 wp-block-group\"><div class=\"wp-block-group__inner-container\">\n<h2 class=\"has-text-align-center has-large-font-size\" id=\"9-7-mill-ebitda\"><strong>13,5 mill \u20ac<\/strong> EBITDA<\/h2>\n<\/div><\/div>\n<\/div>\n\n\n\n<div class=\"wp-block-column\">\n<div class=\"wp-container-3 wp-block-group\"><div class=\"wp-block-group__inner-container\">\n<h2 class=\"has-text-align-center has-large-font-size\" id=\"57-years-of-experience\"><strong>60<\/strong> years of experience<\/h2>\n<\/div><\/div>\n<\/div>\n\n\n\n<div class=\"wp-block-column\">\n<div class=\"wp-container-4 wp-block-group\"><div class=\"wp-block-group__inner-container\">\n<h2 class=\"has-text-align-center has-large-font-size\" id=\"99-mill-turnover-2020\"><strong>159,8 mill \u20ac<\/strong> turnover 2023 <\/h2>\n<\/div><\/div>\n<\/div>\n<\/div>\n\n\n\n<div class=\"wp-block-columns\">\n<div class=\"wp-block-column\">\n<div class=\"wp-container-5 wp-block-group\"><div class=\"wp-block-group__inner-container\">\n<h2 class=\"has-text-align-center has-large-font-size\" id=\"8-000-tons-annual-consumption-of-recycled-plastics\"><strong><strong>&gt;31K tons <\/strong><\/strong>annual consumption of recycled plastics<\/h2>\n\n\n\n<div class=\"wp-block-image\"><figure class=\"aligncenter size-full\"><img src=\"https:\/\/www.danosa.com\/es-es\/wp-content\/uploads\/sites\/2\/2021\/11\/hoja.png\" alt=\"\" class=\"wp-image-8399\"\/><\/figure><\/div>\n<\/div><\/div>\n<\/div>\n\n\n\n<div class=\"wp-block-column\">\n<div class=\"wp-container-6 wp-block-group\"><div class=\"wp-block-group__inner-container\">\n<h2 class=\"has-text-align-center has-large-font-size\" id=\"450-employees\"><strong>&gt;500<\/strong> employees<\/h2>\n\n\n\n<div class=\"wp-block-image\"><figure class=\"aligncenter size-full\"><img src=\"https:\/\/www.danosa.com\/es-es\/wp-content\/uploads\/sites\/2\/2021\/11\/corazon.png\" alt=\"\" class=\"wp-image-8397\"\/><\/figure><\/div>\n<\/div><\/div>\n<\/div>\n\n\n\n<div class=\"wp-block-column\">\n<div class=\"wp-container-7 wp-block-group\"><div class=\"wp-block-group__inner-container\">\n<h2 class=\"has-text-align-center has-large-font-size\" id=\"66-nps-05-2021-100-to-100\"><strong>+66,4% NPS<\/strong> 05\/2023 (-100% to 100%)<\/h2>\n\n\n\n<div class=\"wp-block-image\"><figure class=\"aligncenter size-full\"><img src=\"https:\/\/www.danosa.com\/es-es\/wp-content\/uploads\/sites\/2\/2021\/11\/customer_thermometer.png\" alt=\"\" class=\"wp-image-8395\"\/><\/figure><\/div>\n<\/div><\/div>\n<\/div>\n<\/div>\n<\/div><\/div>\n<\/div><\/div>\n\n\n\n<div class=\"wp-container-12 wp-block-group alignfull\" id=\"about-us-more\"><div class=\"wp-block-group__inner-container\">\n<div class=\"wp-container-11 wp-block-group\"><div class=\"wp-block-group__inner-container\">\n<div class=\"wp-block-columns\">\n<div class=\"wp-block-column\" style=\"flex-basis:66.66%\">\n<div class=\"wp-block-image\"><figure class=\"aligncenter size-large\"><img loading=\"lazy\" width=\"1024\" height=\"576\" src=\"https:\/\/www.danosa.com\/global\/wp-content\/uploads\/sites\/9\/2022\/09\/RRHH_1920x1080-1024x576.jpg\" alt=\"\" class=\"wp-image-9797\" srcset=\"https:\/\/www.danosa.com\/global\/wp-content\/uploads\/sites\/9\/2022\/09\/RRHH_1920x1080-1024x576.jpg 1024w, https:\/\/www.danosa.com\/global\/wp-content\/uploads\/sites\/9\/2022\/09\/RRHH_1920x1080-300x169.jpg 300w, https:\/\/www.danosa.com\/global\/wp-content\/uploads\/sites\/9\/2022\/09\/RRHH_1920x1080-768x432.jpg 768w, https:\/\/www.danosa.com\/global\/wp-content\/uploads\/sites\/9\/2022\/09\/RRHH_1920x1080-1536x864.jpg 1536w, https:\/\/www.danosa.com\/global\/wp-content\/uploads\/sites\/9\/2022\/09\/RRHH_1920x1080.jpg 1920w\" sizes=\"(max-width: 1024px) 100vw, 1024px\" \/><\/figure><\/div>\n<\/div>\n\n\n\n<div class=\"wp-block-column\" style=\"flex-basis:33.33%\">\n<div style=\"height:100px\" aria-hidden=\"true\" class=\"wp-block-spacer\"><\/div>\n\n\n\n<h2 class=\"has-text-align-center\" style=\"font-size:40px\"> We are expanding our team, would you join us? <\/h2>\n\n\n\n<div class=\"wp-container-10 wp-block-buttons\">\n<div class=\"wp-block-button\"><a class=\"wp-block-button__link\" href=\"https:\/\/www.danosa.com\/global\/work-with-us\/\">Work with us<\/a><\/div>\n<\/div>\n<\/div>\n<\/div>\n<\/div><\/div>\n<\/div><\/div>\n\n\n\n<div class=\"wp-block-cover alignfull is-light\" style=\"min-height:437px\" id=\"about-us-header\"><span aria-hidden=\"true\" class=\"has-background-dim-0 wp-block-cover__gradient-background has-background-dim\"><\/span><img loading=\"lazy\" width=\"1920\" height=\"600\" class=\"wp-block-cover__image-background wp-image-7528\" alt=\"\" src=\"https:\/\/www.danosa.com\/global\/wp-content\/uploads\/sites\/9\/2021\/10\/Danosa-entrada-fabrica.jpg\" data-object-fit=\"cover\" srcset=\"https:\/\/www.danosa.com\/global\/wp-content\/uploads\/sites\/9\/2021\/10\/Danosa-entrada-fabrica.jpg 1920w, https:\/\/www.danosa.com\/global\/wp-content\/uploads\/sites\/9\/2021\/10\/Danosa-entrada-fabrica-300x94.jpg 300w, https:\/\/www.danosa.com\/global\/wp-content\/uploads\/sites\/9\/2021\/10\/Danosa-entrada-fabrica-1024x320.jpg 1024w, https:\/\/www.danosa.com\/global\/wp-content\/uploads\/sites\/9\/2021\/10\/Danosa-entrada-fabrica-768x240.jpg 768w, https:\/\/www.danosa.com\/global\/wp-content\/uploads\/sites\/9\/2021\/10\/Danosa-entrada-fabrica-1536x480.jpg 1536w\" sizes=\"(max-width: 1920px) 100vw, 1920px\" \/><div class=\"wp-block-cover__inner-container\">\n<p class=\"has-text-align-center has-large-font-size\"><\/p>\n<\/div><\/div>\n","protected":false},"excerpt":{"rendered":"<p>Danosa&#8217;s history dates back 60 years. Then Spain began a gradual modernization and opening to the outside and Manuel del R\u00edo Dominguez, a young entrepreneurial chemist, wanted to be an active part of this new Spain that was taking shape on the horizon. He knew that neither the cold nor the wind nor the rain&#8230;<\/p>\n","protected":false},"author":1,"featured_media":0,"parent":0,"menu_order":0,"comment_status":"closed","ping_status":"closed","template":"","meta":{"inline_featured_image":false,"site-sidebar-layout":"no-sidebar","site-content-layout":"plain-container","ast-main-header-display":"","ast-hfb-above-header-display":"","ast-hfb-below-header-display":"","ast-hfb-mobile-header-display":"","site-post-title":"disabled","ast-breadcrumbs-content":"","ast-featured-img":"","footer-sml-layout":"","theme-transparent-header-meta":"default","adv-header-id-meta":"","stick-header-meta":"default","header-above-stick-meta":"","header-main-stick-meta":"","header-below-stick-meta":""},"acf":[],"yoast_head":"<!-- This site is optimized with the Yoast SEO plugin v18.1 - https:\/\/yoast.com\/wordpress\/plugins\/seo\/ -->\n<title>About Danosa - Danosa Global<\/title>\n<meta name=\"robots\" content=\"index, follow, max-snippet:-1, max-image-preview:large, max-video-preview:-1\" \/>\n<link rel=\"canonical\" href=\"https:\/\/www.danosa.com\/global\/about-danosa\/\" \/>\n<meta property=\"og:locale\" content=\"en_GB\" \/>\n<meta property=\"og:type\" content=\"article\" \/>\n<meta property=\"og:title\" content=\"About Danosa - Danosa Global\" \/>\n<meta property=\"og:description\" content=\"Danosa&#8217;s history dates back 60 years. Then Spain began a gradual modernization and opening to the outside and Manuel del R\u00edo Dominguez, a young entrepreneurial chemist, wanted to be an active part of this new Spain that was taking shape on the horizon. He knew that neither the cold nor the wind nor the rain...\" \/>\n<meta property=\"og:url\" content=\"https:\/\/www.danosa.com\/global\/about-danosa\/\" \/>\n<meta property=\"og:site_name\" content=\"Danosa Global\" \/>\n<meta property=\"article:modified_time\" content=\"2024-09-18T08:08:44+00:00\" \/>\n<meta property=\"og:image\" content=\"https:\/\/www.danosa.com\/es-es\/wp-content\/uploads\/sites\/2\/2021\/11\/Danosa_confort_invisible.jpg\" \/>\n<meta name=\"twitter:card\" content=\"summary_large_image\" \/>\n<meta name=\"twitter:label1\" content=\"Estimated reading time\" \/>\n\t<meta name=\"twitter:data1\" content=\"6 minutes\" \/>\n<script type=\"application\/ld+json\" class=\"yoast-schema-graph\">{\"@context\":\"https:\/\/schema.org\",\"@graph\":[{\"@type\":\"WebSite\",\"@id\":\"https:\/\/www.danosa.com\/global\/#website\",\"url\":\"https:\/\/www.danosa.com\/global\/\",\"name\":\"Danosa Global\",\"description\":\"Danosa\",\"potentialAction\":[{\"@type\":\"SearchAction\",\"target\":{\"@type\":\"EntryPoint\",\"urlTemplate\":\"https:\/\/www.danosa.com\/global\/?s={search_term_string}\"},\"query-input\":\"required name=search_term_string\"}],\"inLanguage\":\"en-GB\"},{\"@type\":\"ImageObject\",\"@id\":\"https:\/\/www.danosa.com\/global\/about-danosa\/#primaryimage\",\"inLanguage\":\"en-GB\",\"url\":\"https:\/\/www.danosa.com\/es-es\/wp-content\/uploads\/sites\/2\/2021\/11\/Danosa_confort_invisible.jpg\",\"contentUrl\":\"https:\/\/www.danosa.com\/es-es\/wp-content\/uploads\/sites\/2\/2021\/11\/Danosa_confort_invisible.jpg\"},{\"@type\":\"WebPage\",\"@id\":\"https:\/\/www.danosa.com\/global\/about-danosa\/#webpage\",\"url\":\"https:\/\/www.danosa.com\/global\/about-danosa\/\",\"name\":\"About Danosa - Danosa Global\",\"isPartOf\":{\"@id\":\"https:\/\/www.danosa.com\/global\/#website\"},\"primaryImageOfPage\":{\"@id\":\"https:\/\/www.danosa.com\/global\/about-danosa\/#primaryimage\"},\"datePublished\":\"2021-06-22T08:54:27+00:00\",\"dateModified\":\"2024-09-18T08:08:44+00:00\",\"breadcrumb\":{\"@id\":\"https:\/\/www.danosa.com\/global\/about-danosa\/#breadcrumb\"},\"inLanguage\":\"en-GB\",\"potentialAction\":[{\"@type\":\"ReadAction\",\"target\":[\"https:\/\/www.danosa.com\/global\/about-danosa\/\"]}]},{\"@type\":\"BreadcrumbList\",\"@id\":\"https:\/\/www.danosa.com\/global\/about-danosa\/#breadcrumb\",\"itemListElement\":[{\"@type\":\"ListItem\",\"position\":1,\"name\":\"Portada\",\"item\":\"https:\/\/www.danosa.com\/global\/\"},{\"@type\":\"ListItem\",\"position\":2,\"name\":\"About Danosa\"}]}]}<\/script>\n<!-- \/ Yoast SEO plugin. -->","yoast_head_json":{"title":"About Danosa - Danosa Global","robots":{"index":"index","follow":"follow","max-snippet":"max-snippet:-1","max-image-preview":"max-image-preview:large","max-video-preview":"max-video-preview:-1"},"canonical":"https:\/\/www.danosa.com\/global\/about-danosa\/","og_locale":"en_GB","og_type":"article","og_title":"About Danosa - Danosa Global","og_description":"Danosa&#8217;s history dates back 60 years. Then Spain began a gradual modernization and opening to the outside and Manuel del R\u00edo Dominguez, a young entrepreneurial chemist, wanted to be an active part of this new Spain that was taking shape on the horizon. He knew that neither the cold nor the wind nor the rain...","og_url":"https:\/\/www.danosa.com\/global\/about-danosa\/","og_site_name":"Danosa Global","article_modified_time":"2024-09-18T08:08:44+00:00","og_image":[{"url":"https:\/\/www.danosa.com\/es-es\/wp-content\/uploads\/sites\/2\/2021\/11\/Danosa_confort_invisible.jpg"}],"twitter_card":"summary_large_image","twitter_misc":{"Estimated reading time":"6 minutes"},"schema":{"@context":"https:\/\/schema.org","@graph":[{"@type":"WebSite","@id":"https:\/\/www.danosa.com\/global\/#website","url":"https:\/\/www.danosa.com\/global\/","name":"Danosa Global","description":"Danosa","potentialAction":[{"@type":"SearchAction","target":{"@type":"EntryPoint","urlTemplate":"https:\/\/www.danosa.com\/global\/?s={search_term_string}"},"query-input":"required name=search_term_string"}],"inLanguage":"en-GB"},{"@type":"ImageObject","@id":"https:\/\/www.danosa.com\/global\/about-danosa\/#primaryimage","inLanguage":"en-GB","url":"https:\/\/www.danosa.com\/es-es\/wp-content\/uploads\/sites\/2\/2021\/11\/Danosa_confort_invisible.jpg","contentUrl":"https:\/\/www.danosa.com\/es-es\/wp-content\/uploads\/sites\/2\/2021\/11\/Danosa_confort_invisible.jpg"},{"@type":"WebPage","@id":"https:\/\/www.danosa.com\/global\/about-danosa\/#webpage","url":"https:\/\/www.danosa.com\/global\/about-danosa\/","name":"About Danosa - Danosa Global","isPartOf":{"@id":"https:\/\/www.danosa.com\/global\/#website"},"primaryImageOfPage":{"@id":"https:\/\/www.danosa.com\/global\/about-danosa\/#primaryimage"},"datePublished":"2021-06-22T08:54:27+00:00","dateModified":"2024-09-18T08:08:44+00:00","breadcrumb":{"@id":"https:\/\/www.danosa.com\/global\/about-danosa\/#breadcrumb"},"inLanguage":"en-GB","potentialAction":[{"@type":"ReadAction","target":["https:\/\/www.danosa.com\/global\/about-danosa\/"]}]},{"@type":"BreadcrumbList","@id":"https:\/\/www.danosa.com\/global\/about-danosa\/#breadcrumb","itemListElement":[{"@type":"ListItem","position":1,"name":"Portada","item":"https:\/\/www.danosa.com\/global\/"},{"@type":"ListItem","position":2,"name":"About Danosa"}]}]}},"_links":{"self":[{"href":"https:\/\/www.danosa.com\/global\/wp-json\/wp\/v2\/pages\/36"}],"collection":[{"href":"https:\/\/www.danosa.com\/global\/wp-json\/wp\/v2\/pages"}],"about":[{"href":"https:\/\/www.danosa.com\/global\/wp-json\/wp\/v2\/types\/page"}],"author":[{"embeddable":true,"href":"https:\/\/www.danosa.com\/global\/wp-json\/wp\/v2\/users\/1"}],"replies":[{"embeddable":true,"href":"https:\/\/www.danosa.com\/global\/wp-json\/wp\/v2\/comments?post=36"}],"version-history":[{"count":131,"href":"https:\/\/www.danosa.com\/global\/wp-json\/wp\/v2\/pages\/36\/revisions"}],"predecessor-version":[{"id":10793,"href":"https:\/\/www.danosa.com\/global\/wp-json\/wp\/v2\/pages\/36\/revisions\/10793"}],"wp:attachment":[{"href":"https:\/\/www.danosa.com\/global\/wp-json\/wp\/v2\/media?parent=36"}],"curies":[{"name":"wp","href":"https:\/\/api.w.org\/{rel}","templated":true}]}}