{"id":10017,"date":"2023-06-14T11:55:14","date_gmt":"2023-06-14T10:55:14","guid":{"rendered":"https:\/\/www.danosa.com\/pt-pt\/?page_id=10017"},"modified":"2023-06-14T16:15:24","modified_gmt":"2023-06-14T15:15:24","slug":"danotherm-etics-porque-escolher","status":"publish","type":"page","link":"https:\/\/www.danosa.com\/pt-pt\/danotherm-etics-porque-escolher\/","title":{"rendered":"DANOTHERM ETICS PORQUE ESCOLHER"},"content":{"rendered":"\n<div class=\"wp-block-cover alignfull is-light\" style=\"min-height:600px\"><span aria-hidden=\"true\" class=\"has-background-dim-0 wp-block-cover__gradient-background has-background-dim\"><\/span><img loading=\"lazy\" width=\"1943\" height=\"1080\" class=\"wp-block-cover__image-background wp-image-10126\" alt=\"\" src=\"https:\/\/www.danosa.com\/pt-pt\/wp-content\/uploads\/sites\/5\/2023\/06\/Danosa_danotherm_sate.jpg\" style=\"object-position:50% 20%\" data-object-fit=\"cover\" data-object-position=\"50% 20%\" srcset=\"https:\/\/www.danosa.com\/pt-pt\/wp-content\/uploads\/sites\/5\/2023\/06\/Danosa_danotherm_sate.jpg 1943w, https:\/\/www.danosa.com\/pt-pt\/wp-content\/uploads\/sites\/5\/2023\/06\/Danosa_danotherm_sate-300x167.jpg 300w, https:\/\/www.danosa.com\/pt-pt\/wp-content\/uploads\/sites\/5\/2023\/06\/Danosa_danotherm_sate-1024x569.jpg 1024w, https:\/\/www.danosa.com\/pt-pt\/wp-content\/uploads\/sites\/5\/2023\/06\/Danosa_danotherm_sate-768x427.jpg 768w, https:\/\/www.danosa.com\/pt-pt\/wp-content\/uploads\/sites\/5\/2023\/06\/Danosa_danotherm_sate-1536x854.jpg 1536w\" sizes=\"(max-width: 1943px) 100vw, 1943px\" \/><div class=\"wp-block-cover__inner-container\">\n<p class=\"has-text-align-center has-large-font-size\"><\/p>\n<\/div><\/div>\n\n\n\n<div style=\"height:40px\" aria-hidden=\"true\" class=\"wp-block-spacer\"><\/div>\n\n\n\n<h1 class=\"has-ast-global-color-0-color has-text-color\">PORQU\u00ca ESCOLHER <strong>DANOTHERM<sup>\u00ae<\/sup> ETICS?<\/strong><\/h1>\n\n\n\n<div class=\"wp-block-columns\">\n<div class=\"wp-block-column\">\n<div style=\"height:30px\" aria-hidden=\"true\" class=\"wp-block-spacer\"><\/div>\n\n\n\n<p>Passamos cerca de 90% das nossas vidas no interior de edificios. \u00c9 por isso uma prioridade que os edif\u00edcios estejam em condi\u00e7\u00f5es adequadas de habitabilidade, garantindo a preserva\u00e7\u00e3o do nosso bem-estar, sa\u00fade e qualidade de vida. Contudo, n\u00e3o a qualquer pre\u00e7o.<\/p>\n\n\n\n<p>At\u00e9 hoje, os nossos edif\u00edcios s\u00e3o aut\u00eanticos predadores de energia. S\u00e3o necess\u00e1rias enormes quantidades de energia para manter o seu interior nas condi\u00e7\u00f5es ideais de temperatura. Os edif\u00edcios s\u00e3o respons\u00e1veis pelo consumo de 40% da energia a n\u00edvel europeu, representando cerca de 36% das emiss\u00f5es de CO2 da Uni\u00e3o Europeia<\/p>\n<\/div>\n\n\n\n<div class=\"wp-block-column\">\n<div style=\"height:30px\" aria-hidden=\"true\" class=\"wp-block-spacer\"><\/div>\n\n\n\n<p>Assim, \u00e9 essencial renovar os edif\u00edcios de modo a torn\u00e1-los mais eficientes, reduzir o impacto ambiental e, simultaneamente, a fatura energ\u00e9tica.<\/p>\n\n\n\n<p>Uma das a\u00e7\u00f5es habituais na reabilita\u00e7\u00e3o de fachadas \u00e9 a utiliza\u00e7\u00e3o de sistemas ETICS (Sistemas de Isolamento T\u00e9rmico pelo Exterior). Estes sistemas consistem na sobreposi\u00e7\u00e3o de uma camada de isolamento t\u00e9rmico pelo exterior da fachada, mediante fixa\u00e7\u00f5es mec\u00e2nicas e a utiliza\u00e7\u00e3o de produtos adesivos, sobre os quais se aplica uma argamassa de barramento armada e um revestimento com fun\u00e7\u00f5es est\u00e9ticas de acabamento, conforme as necessidades do projeto.<\/p>\n<\/div>\n\n\n\n<div class=\"wp-block-column\">\n<div class=\"wp-block-cover\"><span aria-hidden=\"true\" class=\"has-ast-global-color-4-background-color has-background-dim-100 wp-block-cover__gradient-background has-background-dim\"><\/span><div class=\"wp-block-cover__inner-container\">\n<p class=\"has-ast-global-color-0-color has-text-color\" style=\"font-size:1.2em\"><strong>BENEF\u00cdCIOS PARA O PROPRIET\u00c1RIO<\/strong><\/p>\n\n\n\n<ul class=\"has-ast-global-color-1-color has-text-color\"><li>Melhoria da efici\u00eancia energ\u00e9tica do edif\u00edcio, redu\u00e7\u00e3o do consumo e dos custos energ\u00e9ticos<\/li><li>Redu\u00e7\u00e3o do risco de condensa\u00e7\u00f5es por elimina\u00e7\u00e3o de pontes t\u00e9rmicas<\/li><li>Aumento da \u00e1rea \u00fatil habit\u00e1vel por diminui\u00e7\u00e3o da espessura das paredes<\/li><li>Instala\u00e7\u00e3o pelo exterior sem causar inc\u00f3modo no interior do edif\u00edcio em obras de reabilita\u00e7\u00e3o<\/li><li>M\u00faltiplas possibilidades est\u00e9ticas<\/li><li>Incremento do valor econ\u00f3mico do edif\u00edcio<\/li><li>Acceso a financiamentos p\u00fablicos resultantes de Fundos Europeus e Estatais<\/li><\/ul>\n\n\n\n<p class=\"has-ast-global-color-0-color has-text-color\" style=\"font-size:1.2em\"><strong>BENEF\u00cdCIOS PARA A SOCIEDADE<\/strong><\/p>\n\n\n\n<ul class=\"has-ast-global-color-1-color has-text-color\"><li>Redu\u00e7\u00e3o das emiss\u00f5es de CO2 ao diminuir as necessidades de aquecimento<\/li><li>Contribui\u00e7\u00e3o para a sustentabilidade ao incorporar no fabrico do isolamento DANOPREN\u00ae uma percentagem significativa de mat\u00e9ria-prima reciclada.<\/li><\/ul>\n<\/div><\/div>\n<\/div>\n<\/div>\n\n\n\n<div class=\"wp-block-columns\">\n<div class=\"wp-block-column\" style=\"flex-basis:66.66%\">\n<figure class=\"wp-block-image size-full imgproddanotherm\"><img loading=\"lazy\" width=\"1000\" height=\"391\" src=\"https:\/\/www.danosa.com\/pt-pt\/wp-content\/uploads\/sites\/5\/2023\/06\/DANOTHERM_SATE-ETICS_pt_produtos.png\" alt=\"\" class=\"wp-image-10025\" srcset=\"https:\/\/www.danosa.com\/pt-pt\/wp-content\/uploads\/sites\/5\/2023\/06\/DANOTHERM_SATE-ETICS_pt_produtos.png 1000w, https:\/\/www.danosa.com\/pt-pt\/wp-content\/uploads\/sites\/5\/2023\/06\/DANOTHERM_SATE-ETICS_pt_produtos-300x117.png 300w, https:\/\/www.danosa.com\/pt-pt\/wp-content\/uploads\/sites\/5\/2023\/06\/DANOTHERM_SATE-ETICS_pt_produtos-768x300.png 768w\" sizes=\"(max-width: 1000px) 100vw, 1000px\" \/><\/figure>\n\n\n\n<div class=\"wp-block-columns\">\n<div class=\"wp-block-column\" style=\"flex-basis:66.66%\">\n<div style=\"height:30px\" aria-hidden=\"true\" class=\"wp-block-spacer\"><\/div>\n\n\n\n<p>Produtos especialmente indicados para Edif\u00edcios de Consumo Quase Zero (nZEB) e Passivhaus<\/p>\n<\/div>\n\n\n\n<div class=\"wp-block-column\" style=\"flex-basis:33.33%\">\n<figure class=\"wp-block-image size-thumbnail is-resized\"><img loading=\"lazy\" src=\"https:\/\/www.danosa.com\/pt-pt\/wp-content\/uploads\/sites\/5\/2023\/06\/DANOTHERM_SATE-ETICS_pt_passivhaus-150x150.png\" alt=\"\" class=\"wp-image-10030\" width=\"100\" height=\"100\" srcset=\"https:\/\/www.danosa.com\/pt-pt\/wp-content\/uploads\/sites\/5\/2023\/06\/DANOTHERM_SATE-ETICS_pt_passivhaus-150x150.png 150w, https:\/\/www.danosa.com\/pt-pt\/wp-content\/uploads\/sites\/5\/2023\/06\/DANOTHERM_SATE-ETICS_pt_passivhaus.png 281w\" sizes=\"(max-width: 100px) 100vw, 100px\" \/><\/figure>\n<\/div>\n<\/div>\n<\/div>\n\n\n\n<div class=\"wp-block-column\" style=\"flex-basis:33.33%\"><\/div>\n<\/div>\n\n\n\n<div style=\"height:50px\" aria-hidden=\"true\" class=\"wp-block-spacer\"><\/div>\n\n\n\n<div class=\"wp-block-cover alignfull is-light\" style=\"min-height:870px\"><span aria-hidden=\"true\" class=\"has-background-dim-0 wp-block-cover__gradient-background has-background-dim\"><\/span><img loading=\"lazy\" width=\"1466\" height=\"1038\" class=\"wp-block-cover__image-background wp-image-9903\" alt=\"\" src=\"https:\/\/www.danosa.com\/pt-pt\/wp-content\/uploads\/sites\/5\/2023\/06\/DANOTHERM_SATE-ETICS_pt_fondo_tecnico.png\" style=\"object-position:50% 55%\" data-object-fit=\"cover\" data-object-position=\"50% 55%\" srcset=\"https:\/\/www.danosa.com\/pt-pt\/wp-content\/uploads\/sites\/5\/2023\/06\/DANOTHERM_SATE-ETICS_pt_fondo_tecnico.png 1466w, https:\/\/www.danosa.com\/pt-pt\/wp-content\/uploads\/sites\/5\/2023\/06\/DANOTHERM_SATE-ETICS_pt_fondo_tecnico-300x212.png 300w, https:\/\/www.danosa.com\/pt-pt\/wp-content\/uploads\/sites\/5\/2023\/06\/DANOTHERM_SATE-ETICS_pt_fondo_tecnico-1024x725.png 1024w, https:\/\/www.danosa.com\/pt-pt\/wp-content\/uploads\/sites\/5\/2023\/06\/DANOTHERM_SATE-ETICS_pt_fondo_tecnico-768x544.png 768w\" sizes=\"(max-width: 1466px) 100vw, 1466px\" \/><div class=\"wp-block-cover__inner-container\">\n<h2 class=\"has-ast-global-color-0-color has-text-color\" style=\"font-size:3em\"><strong>ASSIST\u00caNCIA T\u00c9CNICA<\/strong><\/h2>\n\n\n\n<p class=\"has-ast-global-color-0-color has-text-color\"><strong>Acompanhamo-lo durante todo o processo<\/strong><\/p>\n\n\n\n<div class=\"wp-block-columns\">\n<div class=\"wp-block-column\" style=\"flex-basis:33.33%\">\n<ul class=\"has-ast-global-color-0-color has-text-color\"><li><strong>Relat\u00f3rio personalizado e detalhado da execu\u00e7\u00e3o do seu projecto<\/strong><\/li><li><strong>Aconselhamento na presta\u00e7\u00e3o de ajudas e subven\u00e7\u00f5es<\/strong><\/li><li><strong>Disponibilidade de contactos dos melhores instaladores de ETICS<\/strong><\/li><li><strong>Aconselhamento t\u00e9cnico em obra)<\/strong><\/li><\/ul>\n<\/div>\n\n\n\n<div class=\"wp-block-column\" style=\"flex-basis:66.66%\">\n<figure class=\"wp-block-image size-large\"><img loading=\"lazy\" width=\"1024\" height=\"690\" src=\"https:\/\/www.danosa.com\/pt-pt\/wp-content\/uploads\/sites\/5\/2023\/06\/DanosaSuporteTecnico-1024x690.png\" alt=\"\" class=\"wp-image-9894\" srcset=\"https:\/\/www.danosa.com\/pt-pt\/wp-content\/uploads\/sites\/5\/2023\/06\/DanosaSuporteTecnico-1024x690.png 1024w, https:\/\/www.danosa.com\/pt-pt\/wp-content\/uploads\/sites\/5\/2023\/06\/DanosaSuporteTecnico-300x202.png 300w, https:\/\/www.danosa.com\/pt-pt\/wp-content\/uploads\/sites\/5\/2023\/06\/DanosaSuporteTecnico-768x517.png 768w, https:\/\/www.danosa.com\/pt-pt\/wp-content\/uploads\/sites\/5\/2023\/06\/DanosaSuporteTecnico-1536x1035.png 1536w, https:\/\/www.danosa.com\/pt-pt\/wp-content\/uploads\/sites\/5\/2023\/06\/DanosaSuporteTecnico-2048x1380.png 2048w\" sizes=\"(max-width: 1024px) 100vw, 1024px\" \/><\/figure>\n\n\n\n<div style=\"height:60px\" aria-hidden=\"true\" class=\"wp-block-spacer\"><\/div>\n\n\n\n<div class=\"wp-container-1 wp-block-buttons\">\n<div class=\"wp-block-button is-style-fill\"><a class=\"wp-block-button__link\" href=\"https:\/\/www.danosa.com\/pt-pt\/contacto\/soporte-tecnico\/\">Agende uma reuni\u00e3o com o seu t\u00e9cnico Danosa<\/a><\/div>\n<\/div>\n<\/div>\n<\/div>\n<\/div><\/div>\n","protected":false},"excerpt":{"rendered":"<p>PORQU\u00ca ESCOLHER DANOTHERM\u00ae ETICS? Passamos cerca de 90% das nossas vidas no interior de edificios. \u00c9 por isso uma prioridade que os edif\u00edcios estejam em condi\u00e7\u00f5es adequadas de habitabilidade, garantindo a preserva\u00e7\u00e3o do nosso bem-estar, sa\u00fade e qualidade de vida. Contudo, n\u00e3o a qualquer pre\u00e7o. At\u00e9 hoje, os nossos edif\u00edcios s\u00e3o aut\u00eanticos predadores de energia&#8230;.<\/p>\n","protected":false},"author":2,"featured_media":0,"parent":0,"menu_order":0,"comment_status":"closed","ping_status":"closed","template":"","meta":{"inline_featured_image":false,"site-sidebar-layout":"default","site-content-layout":"default","ast-main-header-display":"","ast-hfb-above-header-display":"","ast-hfb-below-header-display":"","ast-hfb-mobile-header-display":"","site-post-title":"disabled","ast-breadcrumbs-content":"","ast-featured-img":"","footer-sml-layout":"","theme-transparent-header-meta":"","adv-header-id-meta":"","stick-header-meta":"","header-above-stick-meta":"","header-main-stick-meta":"","header-below-stick-meta":""},"acf":[],"yoast_head":"<!-- This site is optimized with the Yoast SEO plugin v18.1 - https:\/\/yoast.com\/wordpress\/plugins\/seo\/ -->\n<title>DANOTHERM ETICS PORQUE ESCOLHER - Danosa | Solu\u00e7\u00f5es de constru\u00e7\u00e3o<\/title>\n<meta name=\"robots\" content=\"index, follow, max-snippet:-1, max-image-preview:large, max-video-preview:-1\" \/>\n<link rel=\"canonical\" href=\"https:\/\/www.danosa.com\/pt-pt\/danotherm-etics-porque-escolher\/\" \/>\n<meta property=\"og:locale\" content=\"pt_PT\" \/>\n<meta property=\"og:type\" content=\"article\" \/>\n<meta property=\"og:title\" content=\"DANOTHERM ETICS PORQUE ESCOLHER - Danosa | Solu\u00e7\u00f5es de constru\u00e7\u00e3o\" \/>\n<meta property=\"og:description\" content=\"PORQU\u00ca ESCOLHER DANOTHERM\u00ae ETICS? Passamos cerca de 90% das nossas vidas no interior de edificios. \u00c9 por isso uma prioridade que os edif\u00edcios estejam em condi\u00e7\u00f5es adequadas de habitabilidade, garantindo a preserva\u00e7\u00e3o do nosso bem-estar, sa\u00fade e qualidade de vida. Contudo, n\u00e3o a qualquer pre\u00e7o. At\u00e9 hoje, os nossos edif\u00edcios s\u00e3o aut\u00eanticos predadores de energia....\" \/>\n<meta property=\"og:url\" content=\"https:\/\/www.danosa.com\/pt-pt\/danotherm-etics-porque-escolher\/\" \/>\n<meta property=\"og:site_name\" content=\"Danosa | Solu\u00e7\u00f5es de constru\u00e7\u00e3o\" \/>\n<meta property=\"article:modified_time\" content=\"2023-06-14T15:15:24+00:00\" \/>\n<meta property=\"og:image\" content=\"https:\/\/www.danosa.com\/pt-pt\/wp-content\/uploads\/sites\/5\/2023\/06\/Danosa_danotherm_sate.jpg\" \/>\n<meta name=\"twitter:card\" content=\"summary_large_image\" \/>\n<meta name=\"twitter:label1\" content=\"Tempo estimado de leitura\" \/>\n\t<meta name=\"twitter:data1\" content=\"3 minutos\" \/>\n<script type=\"application\/ld+json\" class=\"yoast-schema-graph\">{\"@context\":\"https:\/\/schema.org\",\"@graph\":[{\"@type\":\"WebSite\",\"@id\":\"https:\/\/www.danosa.com\/pt-pt\/#website\",\"url\":\"https:\/\/www.danosa.com\/pt-pt\/\",\"name\":\"Danosa | Solu\u00e7\u00f5es de constru\u00e7\u00e3o\",\"description\":\"Impermeabiliza\u00e7\u00e3o, isolamento ac\u00fastico e t\u00e9rmico\",\"potentialAction\":[{\"@type\":\"SearchAction\",\"target\":{\"@type\":\"EntryPoint\",\"urlTemplate\":\"https:\/\/www.danosa.com\/pt-pt\/?s={search_term_string}\"},\"query-input\":\"required name=search_term_string\"}],\"inLanguage\":\"pt-PT\"},{\"@type\":\"ImageObject\",\"@id\":\"https:\/\/www.danosa.com\/pt-pt\/danotherm-etics-porque-escolher\/#primaryimage\",\"inLanguage\":\"pt-PT\",\"url\":\"https:\/\/www.danosa.com\/pt-pt\/wp-content\/uploads\/sites\/5\/2023\/06\/Danosa_danotherm_sate.jpg\",\"contentUrl\":\"https:\/\/www.danosa.com\/pt-pt\/wp-content\/uploads\/sites\/5\/2023\/06\/Danosa_danotherm_sate.jpg\",\"width\":1943,\"height\":1080},{\"@type\":\"WebPage\",\"@id\":\"https:\/\/www.danosa.com\/pt-pt\/danotherm-etics-porque-escolher\/#webpage\",\"url\":\"https:\/\/www.danosa.com\/pt-pt\/danotherm-etics-porque-escolher\/\",\"name\":\"DANOTHERM ETICS PORQUE ESCOLHER - Danosa | Solu\u00e7\u00f5es de constru\u00e7\u00e3o\",\"isPartOf\":{\"@id\":\"https:\/\/www.danosa.com\/pt-pt\/#website\"},\"primaryImageOfPage\":{\"@id\":\"https:\/\/www.danosa.com\/pt-pt\/danotherm-etics-porque-escolher\/#primaryimage\"},\"datePublished\":\"2023-06-14T10:55:14+00:00\",\"dateModified\":\"2023-06-14T15:15:24+00:00\",\"breadcrumb\":{\"@id\":\"https:\/\/www.danosa.com\/pt-pt\/danotherm-etics-porque-escolher\/#breadcrumb\"},\"inLanguage\":\"pt-PT\",\"potentialAction\":[{\"@type\":\"ReadAction\",\"target\":[\"https:\/\/www.danosa.com\/pt-pt\/danotherm-etics-porque-escolher\/\"]}]},{\"@type\":\"BreadcrumbList\",\"@id\":\"https:\/\/www.danosa.com\/pt-pt\/danotherm-etics-porque-escolher\/#breadcrumb\",\"itemListElement\":[{\"@type\":\"ListItem\",\"position\":1,\"name\":\"Portada\",\"item\":\"https:\/\/www.danosa.com\/pt-pt\/\"},{\"@type\":\"ListItem\",\"position\":2,\"name\":\"DANOTHERM ETICS PORQUE ESCOLHER\"}]}]}<\/script>\n<!-- \/ Yoast SEO plugin. -->","yoast_head_json":{"title":"DANOTHERM ETICS PORQUE ESCOLHER - Danosa | Solu\u00e7\u00f5es de constru\u00e7\u00e3o","robots":{"index":"index","follow":"follow","max-snippet":"max-snippet:-1","max-image-preview":"max-image-preview:large","max-video-preview":"max-video-preview:-1"},"canonical":"https:\/\/www.danosa.com\/pt-pt\/danotherm-etics-porque-escolher\/","og_locale":"pt_PT","og_type":"article","og_title":"DANOTHERM ETICS PORQUE ESCOLHER - Danosa | Solu\u00e7\u00f5es de constru\u00e7\u00e3o","og_description":"PORQU\u00ca ESCOLHER DANOTHERM\u00ae ETICS? Passamos cerca de 90% das nossas vidas no interior de edificios. \u00c9 por isso uma prioridade que os edif\u00edcios estejam em condi\u00e7\u00f5es adequadas de habitabilidade, garantindo a preserva\u00e7\u00e3o do nosso bem-estar, sa\u00fade e qualidade de vida. Contudo, n\u00e3o a qualquer pre\u00e7o. At\u00e9 hoje, os nossos edif\u00edcios s\u00e3o aut\u00eanticos predadores de energia....","og_url":"https:\/\/www.danosa.com\/pt-pt\/danotherm-etics-porque-escolher\/","og_site_name":"Danosa | Solu\u00e7\u00f5es de constru\u00e7\u00e3o","article_modified_time":"2023-06-14T15:15:24+00:00","og_image":[{"url":"https:\/\/www.danosa.com\/pt-pt\/wp-content\/uploads\/sites\/5\/2023\/06\/Danosa_danotherm_sate.jpg"}],"twitter_card":"summary_large_image","twitter_misc":{"Tempo estimado de leitura":"3 minutos"},"schema":{"@context":"https:\/\/schema.org","@graph":[{"@type":"WebSite","@id":"https:\/\/www.danosa.com\/pt-pt\/#website","url":"https:\/\/www.danosa.com\/pt-pt\/","name":"Danosa | Solu\u00e7\u00f5es de constru\u00e7\u00e3o","description":"Impermeabiliza\u00e7\u00e3o, isolamento ac\u00fastico e t\u00e9rmico","potentialAction":[{"@type":"SearchAction","target":{"@type":"EntryPoint","urlTemplate":"https:\/\/www.danosa.com\/pt-pt\/?s={search_term_string}"},"query-input":"required name=search_term_string"}],"inLanguage":"pt-PT"},{"@type":"ImageObject","@id":"https:\/\/www.danosa.com\/pt-pt\/danotherm-etics-porque-escolher\/#primaryimage","inLanguage":"pt-PT","url":"https:\/\/www.danosa.com\/pt-pt\/wp-content\/uploads\/sites\/5\/2023\/06\/Danosa_danotherm_sate.jpg","contentUrl":"https:\/\/www.danosa.com\/pt-pt\/wp-content\/uploads\/sites\/5\/2023\/06\/Danosa_danotherm_sate.jpg","width":1943,"height":1080},{"@type":"WebPage","@id":"https:\/\/www.danosa.com\/pt-pt\/danotherm-etics-porque-escolher\/#webpage","url":"https:\/\/www.danosa.com\/pt-pt\/danotherm-etics-porque-escolher\/","name":"DANOTHERM ETICS PORQUE ESCOLHER - Danosa | Solu\u00e7\u00f5es de constru\u00e7\u00e3o","isPartOf":{"@id":"https:\/\/www.danosa.com\/pt-pt\/#website"},"primaryImageOfPage":{"@id":"https:\/\/www.danosa.com\/pt-pt\/danotherm-etics-porque-escolher\/#primaryimage"},"datePublished":"2023-06-14T10:55:14+00:00","dateModified":"2023-06-14T15:15:24+00:00","breadcrumb":{"@id":"https:\/\/www.danosa.com\/pt-pt\/danotherm-etics-porque-escolher\/#breadcrumb"},"inLanguage":"pt-PT","potentialAction":[{"@type":"ReadAction","target":["https:\/\/www.danosa.com\/pt-pt\/danotherm-etics-porque-escolher\/"]}]},{"@type":"BreadcrumbList","@id":"https:\/\/www.danosa.com\/pt-pt\/danotherm-etics-porque-escolher\/#breadcrumb","itemListElement":[{"@type":"ListItem","position":1,"name":"Portada","item":"https:\/\/www.danosa.com\/pt-pt\/"},{"@type":"ListItem","position":2,"name":"DANOTHERM ETICS PORQUE ESCOLHER"}]}]}},"_links":{"self":[{"href":"https:\/\/www.danosa.com\/pt-pt\/wp-json\/wp\/v2\/pages\/10017"}],"collection":[{"href":"https:\/\/www.danosa.com\/pt-pt\/wp-json\/wp\/v2\/pages"}],"about":[{"href":"https:\/\/www.danosa.com\/pt-pt\/wp-json\/wp\/v2\/types\/page"}],"author":[{"embeddable":true,"href":"https:\/\/www.danosa.com\/pt-pt\/wp-json\/wp\/v2\/users\/2"}],"replies":[{"embeddable":true,"href":"https:\/\/www.danosa.com\/pt-pt\/wp-json\/wp\/v2\/comments?post=10017"}],"version-history":[{"count":11,"href":"https:\/\/www.danosa.com\/pt-pt\/wp-json\/wp\/v2\/pages\/10017\/revisions"}],"predecessor-version":[{"id":10127,"href":"https:\/\/www.danosa.com\/pt-pt\/wp-json\/wp\/v2\/pages\/10017\/revisions\/10127"}],"wp:attachment":[{"href":"https:\/\/www.danosa.com\/pt-pt\/wp-json\/wp\/v2\/media?parent=10017"}],"curies":[{"name":"wp","href":"https:\/\/api.w.org\/{rel}","templated":true}]}}