{"id":10080,"date":"2023-06-14T14:38:13","date_gmt":"2023-06-14T13:38:13","guid":{"rendered":"https:\/\/www.danosa.com\/pt-pt\/?page_id=10080"},"modified":"2023-06-14T14:51:19","modified_gmt":"2023-06-14T13:51:19","slug":"danotherm-etics-pormenores","status":"publish","type":"page","link":"https:\/\/www.danosa.com\/pt-pt\/danotherm-etics-pormenores\/","title":{"rendered":"DANOTHERM ETICS PORMENORES"},"content":{"rendered":"\n<div class=\"wp-block-columns\">\n<div class=\"wp-block-column\" style=\"flex-basis:66.66%\">\n<div style=\"height:100px\" aria-hidden=\"true\" class=\"wp-block-spacer\"><\/div>\n\n\n\n<h1 class=\"has-ast-global-color-0-color has-text-color\"><strong>PORMENORES CONSTRUTIVOS<\/strong><\/h1>\n<\/div>\n\n\n\n<div class=\"wp-block-column\" style=\"flex-basis:33.33%\">\n<figure class=\"wp-block-image size-full\"><img loading=\"lazy\" width=\"400\" height=\"313\" src=\"https:\/\/www.danosa.com\/pt-pt\/wp-content\/uploads\/sites\/5\/2023\/06\/DANOTHERM_SATE-ETICS_pt_P.png\" alt=\"\" class=\"wp-image-10086\" srcset=\"https:\/\/www.danosa.com\/pt-pt\/wp-content\/uploads\/sites\/5\/2023\/06\/DANOTHERM_SATE-ETICS_pt_P.png 400w, https:\/\/www.danosa.com\/pt-pt\/wp-content\/uploads\/sites\/5\/2023\/06\/DANOTHERM_SATE-ETICS_pt_P-300x235.png 300w\" sizes=\"(max-width: 400px) 100vw, 400px\" \/><\/figure>\n<\/div>\n<\/div>\n\n\n\n<div class=\"wp-block-columns\">\n<div class=\"wp-block-column\">\n<div class=\"wp-block-image\"><figure class=\"aligncenter size-full is-resized\"><img loading=\"lazy\" src=\"https:\/\/www.danosa.com\/pt-pt\/wp-content\/uploads\/sites\/5\/2023\/06\/DANOTHERM_SATE-ETICS_pt_P1.png\" alt=\"\" class=\"wp-image-10081\" width=\"450\" height=\"341\" srcset=\"https:\/\/www.danosa.com\/pt-pt\/wp-content\/uploads\/sites\/5\/2023\/06\/DANOTHERM_SATE-ETICS_pt_P1.png 600w, https:\/\/www.danosa.com\/pt-pt\/wp-content\/uploads\/sites\/5\/2023\/06\/DANOTHERM_SATE-ETICS_pt_P1-300x228.png 300w\" sizes=\"(max-width: 450px) 100vw, 450px\" \/><figcaption><strong>ARRANQUE JUNTO AO SOLO<\/strong><\/figcaption><\/figure><\/div>\n<\/div>\n\n\n\n<div class=\"wp-block-column\">\n<div class=\"wp-block-image\"><figure class=\"aligncenter size-full is-resized\"><img loading=\"lazy\" src=\"https:\/\/www.danosa.com\/pt-pt\/wp-content\/uploads\/sites\/5\/2023\/06\/DANOTHERM_SATE-ETICS_pt_P2.png\" alt=\"\" class=\"wp-image-10082\" width=\"450\" height=\"341\" srcset=\"https:\/\/www.danosa.com\/pt-pt\/wp-content\/uploads\/sites\/5\/2023\/06\/DANOTHERM_SATE-ETICS_pt_P2.png 600w, https:\/\/www.danosa.com\/pt-pt\/wp-content\/uploads\/sites\/5\/2023\/06\/DANOTHERM_SATE-ETICS_pt_P2-300x228.png 300w\" sizes=\"(max-width: 450px) 100vw, 450px\" \/><figcaption><strong>ARRANQUE JUNTO AO SOLO<\/strong><\/figcaption><\/figure><\/div>\n<\/div>\n<\/div>\n\n\n\n<div class=\"wp-block-columns\">\n<div class=\"wp-block-column\">\n<div class=\"wp-block-image\"><figure class=\"aligncenter size-full is-resized\"><img loading=\"lazy\" src=\"https:\/\/www.danosa.com\/pt-pt\/wp-content\/uploads\/sites\/5\/2023\/06\/DANOTHERM_SATE-ETICS_pt_P3.png\" alt=\"\" class=\"wp-image-10084\" width=\"450\" height=\"406\" srcset=\"https:\/\/www.danosa.com\/pt-pt\/wp-content\/uploads\/sites\/5\/2023\/06\/DANOTHERM_SATE-ETICS_pt_P3.png 600w, https:\/\/www.danosa.com\/pt-pt\/wp-content\/uploads\/sites\/5\/2023\/06\/DANOTHERM_SATE-ETICS_pt_P3-300x271.png 300w\" sizes=\"(max-width: 450px) 100vw, 450px\" \/><figcaption><strong>ARRANQUE SOBRE VARANDA OU TERRA\u00c7O<\/strong><\/figcaption><\/figure><\/div>\n<\/div>\n\n\n\n<div class=\"wp-block-column\">\n<div class=\"wp-block-image\"><figure class=\"aligncenter size-full is-resized\"><img loading=\"lazy\" src=\"https:\/\/www.danosa.com\/pt-pt\/wp-content\/uploads\/sites\/5\/2023\/06\/DANOTHERM_SATE-ETICS_pt_P4.png\" alt=\"\" class=\"wp-image-10091\" width=\"450\" height=\"296\" srcset=\"https:\/\/www.danosa.com\/pt-pt\/wp-content\/uploads\/sites\/5\/2023\/06\/DANOTHERM_SATE-ETICS_pt_P4.png 600w, https:\/\/www.danosa.com\/pt-pt\/wp-content\/uploads\/sites\/5\/2023\/06\/DANOTHERM_SATE-ETICS_pt_P4-300x198.png 300w\" sizes=\"(max-width: 450px) 100vw, 450px\" \/><figcaption><strong>REMATE EM OMBREIRAS DE JANELAS<\/strong><\/figcaption><\/figure><\/div>\n<\/div>\n<\/div>\n\n\n\n<div class=\"wp-block-columns\">\n<div class=\"wp-block-column\">\n<div class=\"wp-block-image\"><figure class=\"aligncenter size-full is-resized\"><img loading=\"lazy\" src=\"https:\/\/www.danosa.com\/pt-pt\/wp-content\/uploads\/sites\/5\/2023\/06\/DANOTHERM_SATE-ETICS_pt_P5.png\" alt=\"\" class=\"wp-image-10092\" width=\"450\" height=\"311\" srcset=\"https:\/\/www.danosa.com\/pt-pt\/wp-content\/uploads\/sites\/5\/2023\/06\/DANOTHERM_SATE-ETICS_pt_P5.png 600w, https:\/\/www.danosa.com\/pt-pt\/wp-content\/uploads\/sites\/5\/2023\/06\/DANOTHERM_SATE-ETICS_pt_P5-300x208.png 300w\" sizes=\"(max-width: 450px) 100vw, 450px\" \/><figcaption><strong>REMATE COM PEITORIL<\/strong><\/figcaption><\/figure><\/div>\n<\/div>\n\n\n\n<div class=\"wp-block-column\">\n<div class=\"wp-block-image\"><figure class=\"aligncenter size-full is-resized\"><img loading=\"lazy\" src=\"https:\/\/www.danosa.com\/pt-pt\/wp-content\/uploads\/sites\/5\/2023\/06\/DANOTHERM_SATE-ETICS_pt_P6.png\" alt=\"\" class=\"wp-image-10093\" width=\"450\" height=\"439\" srcset=\"https:\/\/www.danosa.com\/pt-pt\/wp-content\/uploads\/sites\/5\/2023\/06\/DANOTHERM_SATE-ETICS_pt_P6.png 600w, https:\/\/www.danosa.com\/pt-pt\/wp-content\/uploads\/sites\/5\/2023\/06\/DANOTHERM_SATE-ETICS_pt_P6-300x293.png 300w\" sizes=\"(max-width: 450px) 100vw, 450px\" \/><figcaption><strong>REMATE EM ESQUINAS<\/strong><\/figcaption><\/figure><\/div>\n<\/div>\n<\/div>\n\n\n\n<div class=\"wp-block-columns\">\n<div class=\"wp-block-column\">\n<figure class=\"wp-block-image size-full is-resized\"><img loading=\"lazy\" src=\"https:\/\/www.danosa.com\/pt-pt\/wp-content\/uploads\/sites\/5\/2023\/06\/DANOTHERM_SATE-ETICS_pt_P7.png\" alt=\"\" class=\"wp-image-10096\" width=\"450\" height=\"273\" srcset=\"https:\/\/www.danosa.com\/pt-pt\/wp-content\/uploads\/sites\/5\/2023\/06\/DANOTHERM_SATE-ETICS_pt_P7.png 600w, https:\/\/www.danosa.com\/pt-pt\/wp-content\/uploads\/sites\/5\/2023\/06\/DANOTHERM_SATE-ETICS_pt_P7-300x182.png 300w\" sizes=\"(max-width: 450px) 100vw, 450px\" \/><figcaption><strong>REMATE SUPERIOR DE FACHADA (PLATIBANDA) E COBERTURA<\/strong><\/figcaption><\/figure>\n<\/div>\n\n\n\n<div class=\"wp-block-column\">\n<div class=\"wp-block-image\"><figure class=\"aligncenter size-full is-resized\"><img loading=\"lazy\" src=\"https:\/\/www.danosa.com\/pt-pt\/wp-content\/uploads\/sites\/5\/2023\/06\/DANOTHERM_SATE-ETICS_pt_P8.png\" alt=\"\" class=\"wp-image-10097\" width=\"450\" height=\"288\" srcset=\"https:\/\/www.danosa.com\/pt-pt\/wp-content\/uploads\/sites\/5\/2023\/06\/DANOTHERM_SATE-ETICS_pt_P8.png 600w, https:\/\/www.danosa.com\/pt-pt\/wp-content\/uploads\/sites\/5\/2023\/06\/DANOTHERM_SATE-ETICS_pt_P8-300x192.png 300w, https:\/\/www.danosa.com\/pt-pt\/wp-content\/uploads\/sites\/5\/2023\/06\/DANOTHERM_SATE-ETICS_pt_P8-352x224.png 352w\" sizes=\"(max-width: 450px) 100vw, 450px\" \/><figcaption><strong>REMATE SUPERIOR DE FACHADA (PLATIBANDA) E COBERTURA<\/strong><\/figcaption><\/figure><\/div>\n<\/div>\n<\/div>\n\n\n\n<div class=\"wp-block-columns\">\n<div class=\"wp-block-column\">\n<div class=\"wp-block-image\"><figure class=\"aligncenter size-full is-resized\"><img loading=\"lazy\" src=\"https:\/\/www.danosa.com\/pt-pt\/wp-content\/uploads\/sites\/5\/2023\/06\/DANOTHERM_SATE-ETICS_pt_P9.png\" alt=\"\" class=\"wp-image-10098\" width=\"450\" height=\"306\" srcset=\"https:\/\/www.danosa.com\/pt-pt\/wp-content\/uploads\/sites\/5\/2023\/06\/DANOTHERM_SATE-ETICS_pt_P9.png 600w, https:\/\/www.danosa.com\/pt-pt\/wp-content\/uploads\/sites\/5\/2023\/06\/DANOTHERM_SATE-ETICS_pt_P9-300x204.png 300w\" sizes=\"(max-width: 450px) 100vw, 450px\" \/><figcaption><strong>REMATE EM JUNTAS DE DILATA\u00c7\u00c3O<\/strong><\/figcaption><\/figure><\/div>\n<\/div>\n\n\n\n<div class=\"wp-block-column\">\n<div class=\"wp-block-image\"><figure class=\"aligncenter size-full is-resized\"><img loading=\"lazy\" src=\"https:\/\/www.danosa.com\/pt-pt\/wp-content\/uploads\/sites\/5\/2023\/06\/DANOTHERM_SATE-ETICS_pt_P10.png\" alt=\"\" class=\"wp-image-10099\" width=\"450\" height=\"316\" srcset=\"https:\/\/www.danosa.com\/pt-pt\/wp-content\/uploads\/sites\/5\/2023\/06\/DANOTHERM_SATE-ETICS_pt_P10.png 600w, https:\/\/www.danosa.com\/pt-pt\/wp-content\/uploads\/sites\/5\/2023\/06\/DANOTHERM_SATE-ETICS_pt_P10-300x211.png 300w\" sizes=\"(max-width: 450px) 100vw, 450px\" \/><figcaption><strong>REMATE EM CAIXAS DE ESTORE<\/strong><\/figcaption><\/figure><\/div>\n<\/div>\n<\/div>\n\n\n\n<div style=\"height:50px\" aria-hidden=\"true\" class=\"wp-block-spacer\"><\/div>\n\n\n\n<div class=\"wp-block-cover alignfull is-light\" style=\"min-height:870px\"><span aria-hidden=\"true\" class=\"has-background-dim-0 wp-block-cover__gradient-background has-background-dim\"><\/span><img loading=\"lazy\" width=\"1466\" height=\"1038\" class=\"wp-block-cover__image-background wp-image-9903\" alt=\"\" src=\"https:\/\/www.danosa.com\/pt-pt\/wp-content\/uploads\/sites\/5\/2023\/06\/DANOTHERM_SATE-ETICS_pt_fondo_tecnico.png\" style=\"object-position:50% 55%\" data-object-fit=\"cover\" data-object-position=\"50% 55%\" srcset=\"https:\/\/www.danosa.com\/pt-pt\/wp-content\/uploads\/sites\/5\/2023\/06\/DANOTHERM_SATE-ETICS_pt_fondo_tecnico.png 1466w, https:\/\/www.danosa.com\/pt-pt\/wp-content\/uploads\/sites\/5\/2023\/06\/DANOTHERM_SATE-ETICS_pt_fondo_tecnico-300x212.png 300w, https:\/\/www.danosa.com\/pt-pt\/wp-content\/uploads\/sites\/5\/2023\/06\/DANOTHERM_SATE-ETICS_pt_fondo_tecnico-1024x725.png 1024w, https:\/\/www.danosa.com\/pt-pt\/wp-content\/uploads\/sites\/5\/2023\/06\/DANOTHERM_SATE-ETICS_pt_fondo_tecnico-768x544.png 768w\" sizes=\"(max-width: 1466px) 100vw, 1466px\" \/><div class=\"wp-block-cover__inner-container\">\n<h2 class=\"has-ast-global-color-0-color has-text-color\" style=\"font-size:3em\"><strong>ASSIST\u00caNCIA T\u00c9CNICA<\/strong><\/h2>\n\n\n\n<p class=\"has-ast-global-color-0-color has-text-color\"><strong>Acompanhamo-lo durante todo o processo<\/strong><\/p>\n\n\n\n<div class=\"wp-block-columns\">\n<div class=\"wp-block-column\" style=\"flex-basis:33.33%\">\n<ul class=\"has-ast-global-color-0-color has-text-color\"><li><strong>Relat\u00f3rio personalizado e detalhado da execu\u00e7\u00e3o do seu projecto<\/strong><\/li><li><strong>Aconselhamento na presta\u00e7\u00e3o de ajudas e subven\u00e7\u00f5es<\/strong><\/li><li><strong>Disponibilidade de contactos dos melhores instaladores de ETICS<\/strong><\/li><li><strong>Aconselhamento t\u00e9cnico em obra)<\/strong><\/li><\/ul>\n<\/div>\n\n\n\n<div class=\"wp-block-column\" style=\"flex-basis:66.66%\">\n<figure class=\"wp-block-image size-large\"><img loading=\"lazy\" width=\"1024\" height=\"690\" src=\"https:\/\/www.danosa.com\/pt-pt\/wp-content\/uploads\/sites\/5\/2023\/06\/DanosaSuporteTecnico-1024x690.png\" alt=\"\" class=\"wp-image-9894\" srcset=\"https:\/\/www.danosa.com\/pt-pt\/wp-content\/uploads\/sites\/5\/2023\/06\/DanosaSuporteTecnico-1024x690.png 1024w, https:\/\/www.danosa.com\/pt-pt\/wp-content\/uploads\/sites\/5\/2023\/06\/DanosaSuporteTecnico-300x202.png 300w, https:\/\/www.danosa.com\/pt-pt\/wp-content\/uploads\/sites\/5\/2023\/06\/DanosaSuporteTecnico-768x517.png 768w, https:\/\/www.danosa.com\/pt-pt\/wp-content\/uploads\/sites\/5\/2023\/06\/DanosaSuporteTecnico-1536x1035.png 1536w, https:\/\/www.danosa.com\/pt-pt\/wp-content\/uploads\/sites\/5\/2023\/06\/DanosaSuporteTecnico-2048x1380.png 2048w\" sizes=\"(max-width: 1024px) 100vw, 1024px\" \/><\/figure>\n\n\n\n<div style=\"height:60px\" aria-hidden=\"true\" class=\"wp-block-spacer\"><\/div>\n\n\n\n<div class=\"wp-container-1 wp-block-buttons\">\n<div class=\"wp-block-button is-style-fill\"><a class=\"wp-block-button__link\" href=\"https:\/\/www.danosa.com\/pt-pt\/contacto\/soporte-tecnico\/\">Agende uma reuni\u00e3o com o seu t\u00e9cnico Danosa<\/a><\/div>\n<\/div>\n<\/div>\n<\/div>\n<\/div><\/div>\n","protected":false},"excerpt":{"rendered":"<p>PORMENORES CONSTRUTIVOS<\/p>\n","protected":false},"author":2,"featured_media":0,"parent":0,"menu_order":0,"comment_status":"closed","ping_status":"closed","template":"","meta":{"inline_featured_image":false,"site-sidebar-layout":"default","site-content-layout":"default","ast-main-header-display":"","ast-hfb-above-header-display":"","ast-hfb-below-header-display":"","ast-hfb-mobile-header-display":"","site-post-title":"disabled","ast-breadcrumbs-content":"","ast-featured-img":"","footer-sml-layout":"","theme-transparent-header-meta":"","adv-header-id-meta":"","stick-header-meta":"","header-above-stick-meta":"","header-main-stick-meta":"","header-below-stick-meta":""},"acf":[],"yoast_head":"<!-- This site is optimized with the Yoast SEO plugin v18.1 - https:\/\/yoast.com\/wordpress\/plugins\/seo\/ -->\n<title>DANOTHERM ETICS PORMENORES - Danosa | Solu\u00e7\u00f5es de constru\u00e7\u00e3o<\/title>\n<meta name=\"robots\" content=\"index, follow, max-snippet:-1, max-image-preview:large, max-video-preview:-1\" \/>\n<link rel=\"canonical\" href=\"https:\/\/www.danosa.com\/pt-pt\/danotherm-etics-pormenores\/\" \/>\n<meta property=\"og:locale\" content=\"pt_PT\" \/>\n<meta property=\"og:type\" content=\"article\" \/>\n<meta property=\"og:title\" content=\"DANOTHERM ETICS PORMENORES - Danosa | Solu\u00e7\u00f5es de constru\u00e7\u00e3o\" \/>\n<meta property=\"og:description\" content=\"PORMENORES CONSTRUTIVOS\" \/>\n<meta property=\"og:url\" content=\"https:\/\/www.danosa.com\/pt-pt\/danotherm-etics-pormenores\/\" \/>\n<meta property=\"og:site_name\" content=\"Danosa | Solu\u00e7\u00f5es de constru\u00e7\u00e3o\" \/>\n<meta property=\"article:modified_time\" content=\"2023-06-14T13:51:19+00:00\" \/>\n<meta property=\"og:image\" content=\"https:\/\/www.danosa.com\/pt-pt\/wp-content\/uploads\/sites\/5\/2023\/06\/DANOTHERM_SATE-ETICS_pt_P.png\" \/>\n<meta name=\"twitter:card\" content=\"summary_large_image\" \/>\n<meta name=\"twitter:label1\" content=\"Tempo estimado de leitura\" \/>\n\t<meta name=\"twitter:data1\" content=\"4 minutos\" \/>\n<script type=\"application\/ld+json\" class=\"yoast-schema-graph\">{\"@context\":\"https:\/\/schema.org\",\"@graph\":[{\"@type\":\"WebSite\",\"@id\":\"https:\/\/www.danosa.com\/pt-pt\/#website\",\"url\":\"https:\/\/www.danosa.com\/pt-pt\/\",\"name\":\"Danosa | Solu\u00e7\u00f5es de constru\u00e7\u00e3o\",\"description\":\"Impermeabiliza\u00e7\u00e3o, isolamento ac\u00fastico e t\u00e9rmico\",\"potentialAction\":[{\"@type\":\"SearchAction\",\"target\":{\"@type\":\"EntryPoint\",\"urlTemplate\":\"https:\/\/www.danosa.com\/pt-pt\/?s={search_term_string}\"},\"query-input\":\"required name=search_term_string\"}],\"inLanguage\":\"pt-PT\"},{\"@type\":\"ImageObject\",\"@id\":\"https:\/\/www.danosa.com\/pt-pt\/danotherm-etics-pormenores\/#primaryimage\",\"inLanguage\":\"pt-PT\",\"url\":\"https:\/\/www.danosa.com\/pt-pt\/wp-content\/uploads\/sites\/5\/2023\/06\/DANOTHERM_SATE-ETICS_pt_P.png\",\"contentUrl\":\"https:\/\/www.danosa.com\/pt-pt\/wp-content\/uploads\/sites\/5\/2023\/06\/DANOTHERM_SATE-ETICS_pt_P.png\",\"width\":400,\"height\":313},{\"@type\":\"WebPage\",\"@id\":\"https:\/\/www.danosa.com\/pt-pt\/danotherm-etics-pormenores\/#webpage\",\"url\":\"https:\/\/www.danosa.com\/pt-pt\/danotherm-etics-pormenores\/\",\"name\":\"DANOTHERM ETICS PORMENORES - Danosa | Solu\u00e7\u00f5es de constru\u00e7\u00e3o\",\"isPartOf\":{\"@id\":\"https:\/\/www.danosa.com\/pt-pt\/#website\"},\"primaryImageOfPage\":{\"@id\":\"https:\/\/www.danosa.com\/pt-pt\/danotherm-etics-pormenores\/#primaryimage\"},\"datePublished\":\"2023-06-14T13:38:13+00:00\",\"dateModified\":\"2023-06-14T13:51:19+00:00\",\"breadcrumb\":{\"@id\":\"https:\/\/www.danosa.com\/pt-pt\/danotherm-etics-pormenores\/#breadcrumb\"},\"inLanguage\":\"pt-PT\",\"potentialAction\":[{\"@type\":\"ReadAction\",\"target\":[\"https:\/\/www.danosa.com\/pt-pt\/danotherm-etics-pormenores\/\"]}]},{\"@type\":\"BreadcrumbList\",\"@id\":\"https:\/\/www.danosa.com\/pt-pt\/danotherm-etics-pormenores\/#breadcrumb\",\"itemListElement\":[{\"@type\":\"ListItem\",\"position\":1,\"name\":\"Portada\",\"item\":\"https:\/\/www.danosa.com\/pt-pt\/\"},{\"@type\":\"ListItem\",\"position\":2,\"name\":\"DANOTHERM ETICS PORMENORES\"}]}]}<\/script>\n<!-- \/ Yoast SEO plugin. -->","yoast_head_json":{"title":"DANOTHERM ETICS PORMENORES - Danosa | Solu\u00e7\u00f5es de constru\u00e7\u00e3o","robots":{"index":"index","follow":"follow","max-snippet":"max-snippet:-1","max-image-preview":"max-image-preview:large","max-video-preview":"max-video-preview:-1"},"canonical":"https:\/\/www.danosa.com\/pt-pt\/danotherm-etics-pormenores\/","og_locale":"pt_PT","og_type":"article","og_title":"DANOTHERM ETICS PORMENORES - Danosa | Solu\u00e7\u00f5es de constru\u00e7\u00e3o","og_description":"PORMENORES CONSTRUTIVOS","og_url":"https:\/\/www.danosa.com\/pt-pt\/danotherm-etics-pormenores\/","og_site_name":"Danosa | Solu\u00e7\u00f5es de constru\u00e7\u00e3o","article_modified_time":"2023-06-14T13:51:19+00:00","og_image":[{"url":"https:\/\/www.danosa.com\/pt-pt\/wp-content\/uploads\/sites\/5\/2023\/06\/DANOTHERM_SATE-ETICS_pt_P.png"}],"twitter_card":"summary_large_image","twitter_misc":{"Tempo estimado de leitura":"4 minutos"},"schema":{"@context":"https:\/\/schema.org","@graph":[{"@type":"WebSite","@id":"https:\/\/www.danosa.com\/pt-pt\/#website","url":"https:\/\/www.danosa.com\/pt-pt\/","name":"Danosa | Solu\u00e7\u00f5es de constru\u00e7\u00e3o","description":"Impermeabiliza\u00e7\u00e3o, isolamento ac\u00fastico e t\u00e9rmico","potentialAction":[{"@type":"SearchAction","target":{"@type":"EntryPoint","urlTemplate":"https:\/\/www.danosa.com\/pt-pt\/?s={search_term_string}"},"query-input":"required name=search_term_string"}],"inLanguage":"pt-PT"},{"@type":"ImageObject","@id":"https:\/\/www.danosa.com\/pt-pt\/danotherm-etics-pormenores\/#primaryimage","inLanguage":"pt-PT","url":"https:\/\/www.danosa.com\/pt-pt\/wp-content\/uploads\/sites\/5\/2023\/06\/DANOTHERM_SATE-ETICS_pt_P.png","contentUrl":"https:\/\/www.danosa.com\/pt-pt\/wp-content\/uploads\/sites\/5\/2023\/06\/DANOTHERM_SATE-ETICS_pt_P.png","width":400,"height":313},{"@type":"WebPage","@id":"https:\/\/www.danosa.com\/pt-pt\/danotherm-etics-pormenores\/#webpage","url":"https:\/\/www.danosa.com\/pt-pt\/danotherm-etics-pormenores\/","name":"DANOTHERM ETICS PORMENORES - Danosa | Solu\u00e7\u00f5es de constru\u00e7\u00e3o","isPartOf":{"@id":"https:\/\/www.danosa.com\/pt-pt\/#website"},"primaryImageOfPage":{"@id":"https:\/\/www.danosa.com\/pt-pt\/danotherm-etics-pormenores\/#primaryimage"},"datePublished":"2023-06-14T13:38:13+00:00","dateModified":"2023-06-14T13:51:19+00:00","breadcrumb":{"@id":"https:\/\/www.danosa.com\/pt-pt\/danotherm-etics-pormenores\/#breadcrumb"},"inLanguage":"pt-PT","potentialAction":[{"@type":"ReadAction","target":["https:\/\/www.danosa.com\/pt-pt\/danotherm-etics-pormenores\/"]}]},{"@type":"BreadcrumbList","@id":"https:\/\/www.danosa.com\/pt-pt\/danotherm-etics-pormenores\/#breadcrumb","itemListElement":[{"@type":"ListItem","position":1,"name":"Portada","item":"https:\/\/www.danosa.com\/pt-pt\/"},{"@type":"ListItem","position":2,"name":"DANOTHERM ETICS PORMENORES"}]}]}},"_links":{"self":[{"href":"https:\/\/www.danosa.com\/pt-pt\/wp-json\/wp\/v2\/pages\/10080"}],"collection":[{"href":"https:\/\/www.danosa.com\/pt-pt\/wp-json\/wp\/v2\/pages"}],"about":[{"href":"https:\/\/www.danosa.com\/pt-pt\/wp-json\/wp\/v2\/types\/page"}],"author":[{"embeddable":true,"href":"https:\/\/www.danosa.com\/pt-pt\/wp-json\/wp\/v2\/users\/2"}],"replies":[{"embeddable":true,"href":"https:\/\/www.danosa.com\/pt-pt\/wp-json\/wp\/v2\/comments?post=10080"}],"version-history":[{"count":8,"href":"https:\/\/www.danosa.com\/pt-pt\/wp-json\/wp\/v2\/pages\/10080\/revisions"}],"predecessor-version":[{"id":10101,"href":"https:\/\/www.danosa.com\/pt-pt\/wp-json\/wp\/v2\/pages\/10080\/revisions\/10101"}],"wp:attachment":[{"href":"https:\/\/www.danosa.com\/pt-pt\/wp-json\/wp\/v2\/media?parent=10080"}],"curies":[{"name":"wp","href":"https:\/\/api.w.org\/{rel}","templated":true}]}}