{"id":10105,"date":"2023-06-14T14:56:27","date_gmt":"2023-06-14T13:56:27","guid":{"rendered":"https:\/\/www.danosa.com\/pt-pt\/?page_id=10105"},"modified":"2023-06-14T14:56:28","modified_gmt":"2023-06-14T13:56:28","slug":"danotherm-etics-assistencia","status":"publish","type":"page","link":"https:\/\/www.danosa.com\/pt-pt\/danotherm-etics-assistencia\/","title":{"rendered":"danotherm etics assistencia"},"content":{"rendered":"\n<div class=\"wp-block-cover alignfull is-light\" style=\"min-height:870px\"><span aria-hidden=\"true\" class=\"has-background-dim-0 wp-block-cover__gradient-background has-background-dim\"><\/span><img loading=\"lazy\" width=\"1466\" height=\"1038\" class=\"wp-block-cover__image-background wp-image-9903\" alt=\"\" src=\"https:\/\/www.danosa.com\/pt-pt\/wp-content\/uploads\/sites\/5\/2023\/06\/DANOTHERM_SATE-ETICS_pt_fondo_tecnico.png\" style=\"object-position:50% 55%\" data-object-fit=\"cover\" data-object-position=\"50% 55%\" srcset=\"https:\/\/www.danosa.com\/pt-pt\/wp-content\/uploads\/sites\/5\/2023\/06\/DANOTHERM_SATE-ETICS_pt_fondo_tecnico.png 1466w, https:\/\/www.danosa.com\/pt-pt\/wp-content\/uploads\/sites\/5\/2023\/06\/DANOTHERM_SATE-ETICS_pt_fondo_tecnico-300x212.png 300w, https:\/\/www.danosa.com\/pt-pt\/wp-content\/uploads\/sites\/5\/2023\/06\/DANOTHERM_SATE-ETICS_pt_fondo_tecnico-1024x725.png 1024w, https:\/\/www.danosa.com\/pt-pt\/wp-content\/uploads\/sites\/5\/2023\/06\/DANOTHERM_SATE-ETICS_pt_fondo_tecnico-768x544.png 768w\" sizes=\"(max-width: 1466px) 100vw, 1466px\" \/><div class=\"wp-block-cover__inner-container\">\n<h2 class=\"has-ast-global-color-0-color has-text-color\" style=\"font-size:3em\"><strong>ASSIST\u00caNCIA T\u00c9CNICA<\/strong><\/h2>\n\n\n\n<p class=\"has-ast-global-color-0-color has-text-color\"><strong>Acompanhamo-lo durante todo o processo<\/strong><\/p>\n\n\n\n<div class=\"wp-block-columns\">\n<div class=\"wp-block-column\" style=\"flex-basis:33.33%\">\n<ul class=\"has-ast-global-color-0-color has-text-color\"><li><strong>Relat\u00f3rio personalizado e detalhado da execu\u00e7\u00e3o do seu projecto<\/strong><\/li><li><strong>Aconselhamento na presta\u00e7\u00e3o de ajudas e subven\u00e7\u00f5es<\/strong><\/li><li><strong>Disponibilidade de contactos dos melhores instaladores de ETICS<\/strong><\/li><li><strong>Aconselhamento t\u00e9cnico em obra)<\/strong><\/li><\/ul>\n<\/div>\n\n\n\n<div class=\"wp-block-column\" style=\"flex-basis:66.66%\">\n<figure class=\"wp-block-image size-large\"><img loading=\"lazy\" width=\"1024\" height=\"690\" src=\"https:\/\/www.danosa.com\/pt-pt\/wp-content\/uploads\/sites\/5\/2023\/06\/DanosaSuporteTecnico-1024x690.png\" alt=\"\" class=\"wp-image-9894\" srcset=\"https:\/\/www.danosa.com\/pt-pt\/wp-content\/uploads\/sites\/5\/2023\/06\/DanosaSuporteTecnico-1024x690.png 1024w, https:\/\/www.danosa.com\/pt-pt\/wp-content\/uploads\/sites\/5\/2023\/06\/DanosaSuporteTecnico-300x202.png 300w, https:\/\/www.danosa.com\/pt-pt\/wp-content\/uploads\/sites\/5\/2023\/06\/DanosaSuporteTecnico-768x517.png 768w, https:\/\/www.danosa.com\/pt-pt\/wp-content\/uploads\/sites\/5\/2023\/06\/DanosaSuporteTecnico-1536x1035.png 1536w, https:\/\/www.danosa.com\/pt-pt\/wp-content\/uploads\/sites\/5\/2023\/06\/DanosaSuporteTecnico-2048x1380.png 2048w\" sizes=\"(max-width: 1024px) 100vw, 1024px\" \/><\/figure>\n\n\n\n<div style=\"height:60px\" aria-hidden=\"true\" class=\"wp-block-spacer\"><\/div>\n\n\n\n<div class=\"wp-container-1 wp-block-buttons\">\n<div class=\"wp-block-button is-style-fill\"><a class=\"wp-block-button__link\" href=\"https:\/\/www.danosa.com\/pt-pt\/contacto\/soporte-tecnico\/\">Agende uma reuni\u00e3o com o seu t\u00e9cnico Danosa<\/a><\/div>\n<\/div>\n<\/div>\n<\/div>\n<\/div><\/div>\n","protected":false},"excerpt":{"rendered":"","protected":false},"author":2,"featured_media":0,"parent":0,"menu_order":0,"comment_status":"closed","ping_status":"closed","template":"","meta":{"inline_featured_image":false,"site-sidebar-layout":"default","site-content-layout":"default","ast-main-header-display":"","ast-hfb-above-header-display":"","ast-hfb-below-header-display":"","ast-hfb-mobile-header-display":"","site-post-title":"disabled","ast-breadcrumbs-content":"","ast-featured-img":"","footer-sml-layout":"","theme-transparent-header-meta":"","adv-header-id-meta":"","stick-header-meta":"","header-above-stick-meta":"","header-main-stick-meta":"","header-below-stick-meta":""},"acf":[],"yoast_head":"<!-- This site is optimized with the Yoast SEO plugin v18.1 - https:\/\/yoast.com\/wordpress\/plugins\/seo\/ -->\n<title>danotherm etics assistencia - Danosa | Solu\u00e7\u00f5es de constru\u00e7\u00e3o<\/title>\n<meta name=\"robots\" content=\"index, follow, max-snippet:-1, max-image-preview:large, max-video-preview:-1\" \/>\n<link rel=\"canonical\" href=\"https:\/\/www.danosa.com\/pt-pt\/danotherm-etics-assistencia\/\" \/>\n<meta property=\"og:locale\" content=\"pt_PT\" \/>\n<meta property=\"og:type\" content=\"article\" \/>\n<meta property=\"og:title\" content=\"danotherm etics assistencia - Danosa | Solu\u00e7\u00f5es de constru\u00e7\u00e3o\" \/>\n<meta property=\"og:url\" content=\"https:\/\/www.danosa.com\/pt-pt\/danotherm-etics-assistencia\/\" \/>\n<meta property=\"og:site_name\" content=\"Danosa | Solu\u00e7\u00f5es de constru\u00e7\u00e3o\" \/>\n<meta property=\"article:modified_time\" content=\"2023-06-14T13:56:28+00:00\" \/>\n<meta property=\"og:image\" content=\"https:\/\/www.danosa.com\/pt-pt\/wp-content\/uploads\/sites\/5\/2023\/06\/DANOTHERM_SATE-ETICS_pt_fondo_tecnico.png\" \/>\n<meta name=\"twitter:card\" content=\"summary_large_image\" \/>\n<meta name=\"twitter:label1\" content=\"Tempo estimado de leitura\" \/>\n\t<meta name=\"twitter:data1\" content=\"1 minuto\" \/>\n<script type=\"application\/ld+json\" class=\"yoast-schema-graph\">{\"@context\":\"https:\/\/schema.org\",\"@graph\":[{\"@type\":\"WebSite\",\"@id\":\"https:\/\/www.danosa.com\/pt-pt\/#website\",\"url\":\"https:\/\/www.danosa.com\/pt-pt\/\",\"name\":\"Danosa | Solu\u00e7\u00f5es de constru\u00e7\u00e3o\",\"description\":\"Impermeabiliza\u00e7\u00e3o, isolamento ac\u00fastico e t\u00e9rmico\",\"potentialAction\":[{\"@type\":\"SearchAction\",\"target\":{\"@type\":\"EntryPoint\",\"urlTemplate\":\"https:\/\/www.danosa.com\/pt-pt\/?s={search_term_string}\"},\"query-input\":\"required name=search_term_string\"}],\"inLanguage\":\"pt-PT\"},{\"@type\":\"ImageObject\",\"@id\":\"https:\/\/www.danosa.com\/pt-pt\/danotherm-etics-assistencia\/#primaryimage\",\"inLanguage\":\"pt-PT\",\"url\":\"https:\/\/www.danosa.com\/pt-pt\/wp-content\/uploads\/sites\/5\/2023\/06\/DANOTHERM_SATE-ETICS_pt_fondo_tecnico.png\",\"contentUrl\":\"https:\/\/www.danosa.com\/pt-pt\/wp-content\/uploads\/sites\/5\/2023\/06\/DANOTHERM_SATE-ETICS_pt_fondo_tecnico.png\",\"width\":1466,\"height\":1038},{\"@type\":\"WebPage\",\"@id\":\"https:\/\/www.danosa.com\/pt-pt\/danotherm-etics-assistencia\/#webpage\",\"url\":\"https:\/\/www.danosa.com\/pt-pt\/danotherm-etics-assistencia\/\",\"name\":\"danotherm etics assistencia - Danosa | Solu\u00e7\u00f5es de constru\u00e7\u00e3o\",\"isPartOf\":{\"@id\":\"https:\/\/www.danosa.com\/pt-pt\/#website\"},\"primaryImageOfPage\":{\"@id\":\"https:\/\/www.danosa.com\/pt-pt\/danotherm-etics-assistencia\/#primaryimage\"},\"datePublished\":\"2023-06-14T13:56:27+00:00\",\"dateModified\":\"2023-06-14T13:56:28+00:00\",\"breadcrumb\":{\"@id\":\"https:\/\/www.danosa.com\/pt-pt\/danotherm-etics-assistencia\/#breadcrumb\"},\"inLanguage\":\"pt-PT\",\"potentialAction\":[{\"@type\":\"ReadAction\",\"target\":[\"https:\/\/www.danosa.com\/pt-pt\/danotherm-etics-assistencia\/\"]}]},{\"@type\":\"BreadcrumbList\",\"@id\":\"https:\/\/www.danosa.com\/pt-pt\/danotherm-etics-assistencia\/#breadcrumb\",\"itemListElement\":[{\"@type\":\"ListItem\",\"position\":1,\"name\":\"Portada\",\"item\":\"https:\/\/www.danosa.com\/pt-pt\/\"},{\"@type\":\"ListItem\",\"position\":2,\"name\":\"danotherm etics assistencia\"}]}]}<\/script>\n<!-- \/ Yoast SEO plugin. -->","yoast_head_json":{"title":"danotherm etics assistencia - Danosa | Solu\u00e7\u00f5es de constru\u00e7\u00e3o","robots":{"index":"index","follow":"follow","max-snippet":"max-snippet:-1","max-image-preview":"max-image-preview:large","max-video-preview":"max-video-preview:-1"},"canonical":"https:\/\/www.danosa.com\/pt-pt\/danotherm-etics-assistencia\/","og_locale":"pt_PT","og_type":"article","og_title":"danotherm etics assistencia - Danosa | Solu\u00e7\u00f5es de constru\u00e7\u00e3o","og_url":"https:\/\/www.danosa.com\/pt-pt\/danotherm-etics-assistencia\/","og_site_name":"Danosa | Solu\u00e7\u00f5es de constru\u00e7\u00e3o","article_modified_time":"2023-06-14T13:56:28+00:00","og_image":[{"url":"https:\/\/www.danosa.com\/pt-pt\/wp-content\/uploads\/sites\/5\/2023\/06\/DANOTHERM_SATE-ETICS_pt_fondo_tecnico.png"}],"twitter_card":"summary_large_image","twitter_misc":{"Tempo estimado de leitura":"1 minuto"},"schema":{"@context":"https:\/\/schema.org","@graph":[{"@type":"WebSite","@id":"https:\/\/www.danosa.com\/pt-pt\/#website","url":"https:\/\/www.danosa.com\/pt-pt\/","name":"Danosa | Solu\u00e7\u00f5es de constru\u00e7\u00e3o","description":"Impermeabiliza\u00e7\u00e3o, isolamento ac\u00fastico e t\u00e9rmico","potentialAction":[{"@type":"SearchAction","target":{"@type":"EntryPoint","urlTemplate":"https:\/\/www.danosa.com\/pt-pt\/?s={search_term_string}"},"query-input":"required name=search_term_string"}],"inLanguage":"pt-PT"},{"@type":"ImageObject","@id":"https:\/\/www.danosa.com\/pt-pt\/danotherm-etics-assistencia\/#primaryimage","inLanguage":"pt-PT","url":"https:\/\/www.danosa.com\/pt-pt\/wp-content\/uploads\/sites\/5\/2023\/06\/DANOTHERM_SATE-ETICS_pt_fondo_tecnico.png","contentUrl":"https:\/\/www.danosa.com\/pt-pt\/wp-content\/uploads\/sites\/5\/2023\/06\/DANOTHERM_SATE-ETICS_pt_fondo_tecnico.png","width":1466,"height":1038},{"@type":"WebPage","@id":"https:\/\/www.danosa.com\/pt-pt\/danotherm-etics-assistencia\/#webpage","url":"https:\/\/www.danosa.com\/pt-pt\/danotherm-etics-assistencia\/","name":"danotherm etics assistencia - Danosa | Solu\u00e7\u00f5es de constru\u00e7\u00e3o","isPartOf":{"@id":"https:\/\/www.danosa.com\/pt-pt\/#website"},"primaryImageOfPage":{"@id":"https:\/\/www.danosa.com\/pt-pt\/danotherm-etics-assistencia\/#primaryimage"},"datePublished":"2023-06-14T13:56:27+00:00","dateModified":"2023-06-14T13:56:28+00:00","breadcrumb":{"@id":"https:\/\/www.danosa.com\/pt-pt\/danotherm-etics-assistencia\/#breadcrumb"},"inLanguage":"pt-PT","potentialAction":[{"@type":"ReadAction","target":["https:\/\/www.danosa.com\/pt-pt\/danotherm-etics-assistencia\/"]}]},{"@type":"BreadcrumbList","@id":"https:\/\/www.danosa.com\/pt-pt\/danotherm-etics-assistencia\/#breadcrumb","itemListElement":[{"@type":"ListItem","position":1,"name":"Portada","item":"https:\/\/www.danosa.com\/pt-pt\/"},{"@type":"ListItem","position":2,"name":"danotherm etics assistencia"}]}]}},"_links":{"self":[{"href":"https:\/\/www.danosa.com\/pt-pt\/wp-json\/wp\/v2\/pages\/10105"}],"collection":[{"href":"https:\/\/www.danosa.com\/pt-pt\/wp-json\/wp\/v2\/pages"}],"about":[{"href":"https:\/\/www.danosa.com\/pt-pt\/wp-json\/wp\/v2\/types\/page"}],"author":[{"embeddable":true,"href":"https:\/\/www.danosa.com\/pt-pt\/wp-json\/wp\/v2\/users\/2"}],"replies":[{"embeddable":true,"href":"https:\/\/www.danosa.com\/pt-pt\/wp-json\/wp\/v2\/comments?post=10105"}],"version-history":[{"count":1,"href":"https:\/\/www.danosa.com\/pt-pt\/wp-json\/wp\/v2\/pages\/10105\/revisions"}],"predecessor-version":[{"id":10106,"href":"https:\/\/www.danosa.com\/pt-pt\/wp-json\/wp\/v2\/pages\/10105\/revisions\/10106"}],"wp:attachment":[{"href":"https:\/\/www.danosa.com\/pt-pt\/wp-json\/wp\/v2\/media?parent=10105"}],"curies":[{"name":"wp","href":"https:\/\/api.w.org\/{rel}","templated":true}]}}