{"id":1496,"date":"2021-07-13T09:54:53","date_gmt":"2021-07-13T08:54:53","guid":{"rendered":"https:\/\/www.danosa.com\/pt-pt\/?page_id=1496"},"modified":"2024-04-17T18:00:26","modified_gmt":"2024-04-17T17:00:26","slug":"emprego","status":"publish","type":"page","link":"https:\/\/www.danosa.com\/pt-pt\/emprego\/","title":{"rendered":"Emprego"},"content":{"rendered":"\n<div class=\"wp-block-cover alignfull is-light page-header\" style=\"min-height:622px\" id=\"jobs-header\"><span aria-hidden=\"true\" class=\"has-background-dim-40 wp-block-cover__gradient-background has-background-dim\" style=\"background-color:#0069b4\"><\/span><img loading=\"lazy\" width=\"1920\" height=\"1080\" class=\"wp-block-cover__image-background wp-image-9022\" alt=\"\" src=\"https:\/\/www.danosa.com\/pt-pt\/wp-content\/uploads\/sites\/5\/2022\/09\/RRHH_1920x1080.jpg\" style=\"object-position:50% 0%\" data-object-fit=\"cover\" data-object-position=\"50% 0%\" srcset=\"https:\/\/www.danosa.com\/pt-pt\/wp-content\/uploads\/sites\/5\/2022\/09\/RRHH_1920x1080.jpg 1920w, https:\/\/www.danosa.com\/pt-pt\/wp-content\/uploads\/sites\/5\/2022\/09\/RRHH_1920x1080-300x169.jpg 300w, https:\/\/www.danosa.com\/pt-pt\/wp-content\/uploads\/sites\/5\/2022\/09\/RRHH_1920x1080-1024x576.jpg 1024w, https:\/\/www.danosa.com\/pt-pt\/wp-content\/uploads\/sites\/5\/2022\/09\/RRHH_1920x1080-768x432.jpg 768w, https:\/\/www.danosa.com\/pt-pt\/wp-content\/uploads\/sites\/5\/2022\/09\/RRHH_1920x1080-1536x864.jpg 1536w\" sizes=\"(max-width: 1920px) 100vw, 1920px\" \/><div class=\"wp-block-cover__inner-container\">\n<div style=\"height:196px\" aria-hidden=\"true\" class=\"wp-block-spacer\"><\/div>\n\n\n\n<h1 class=\"has-text-align-center has-ast-global-color-5-color has-text-color\">Queremos crescer consigo!<\/h1>\n\n\n\n<p class=\"has-white-color has-text-color\"><\/p>\n<\/div><\/div>\n\n\n\n<div class=\"wp-block-columns\" id=\"jobs-subheader\">\n<div class=\"wp-block-column\"><\/div>\n\n\n\n<div class=\"wp-block-column\" style=\"flex-basis:40%\">\n<h2 class=\"has-text-align-center\">Empregos dispon\u00edveis<\/h2>\n\n\n\n<p class=\"has-text-align-center\">As vagas na Danosa s\u00e3o publicadas aqui<\/p>\n\n\n\n<h5 class=\"has-text-align-center\"><\/h5>\n<\/div>\n\n\n\n<div class=\"wp-block-column\"><\/div>\n<\/div>\n\n\n\n<div class=\"wp-block-columns\">\n<div class=\"wp-block-column\" style=\"flex-basis:15%\"><\/div>\n\n\n\n<div class=\"wp-block-column\" style=\"flex-basis:70%\">                <div class=\"jobs-list fade-top\">\r\n                    <div class=\"job-left\">\r\n                                                <h2><a href=\"https:\/\/www.danosa.com\/pt-pt\/job\/ficha-de-inscricao\/\">Candidatura de Emprego<\/a><\/h2>\r\n                    <\/div>\r\n                    <div class=\"wp-block-button\"><a href=\"https:\/\/www.danosa.com\/pt-pt\/job\/ficha-de-inscricao\/\" class=\"wp-block-button__link\">Ver trabalho<\/a><\/div>\r\n\r\n                <\/div>\r\n\r\n        \r\n\r\n\r\n\r\n \n<\/div>\n\n\n\n<div class=\"wp-block-column\" style=\"flex-basis:15%\"><\/div>\n<\/div>\n\n\n\n<div class=\"wp-container-2 wp-block-group alignfull has-background\" id=\"jobs-work-with-us\" style=\"background-color:#f5f5f5\"><div class=\"wp-block-group__inner-container\">\n<div class=\"wp-block-columns\">\n<div class=\"wp-block-column\" style=\"flex-basis:15%\"><\/div>\n\n\n\n<div class=\"wp-block-column\" style=\"flex-basis:55%\">\n<p>Queremos crescer consigo!<\/p>\n\n\n\n<h2>Quer fazer parte desta equipa?<\/h2>\n\n\n\n<div class=\"wp-container-1 wp-block-buttons\">\n<div class=\"wp-block-button\"><a class=\"wp-block-button__link\" href=\"mailto:rrhh@danosa.com\"><br>Escreva-nos para rrhh@danosa.com<\/a><\/div>\n<\/div>\n\n\n\n<p><\/p>\n<\/div>\n\n\n\n<div class=\"wp-block-column\" style=\"flex-basis:30%\"><\/div>\n<\/div>\n<\/div><\/div>\n","protected":false},"excerpt":{"rendered":"<p>Empregos dispon\u00edveis As vagas na Danosa s\u00e3o publicadas aqui Queremos crescer consigo! Quer fazer parte desta equipa?<\/p>\n","protected":false},"author":1,"featured_media":0,"parent":0,"menu_order":0,"comment_status":"closed","ping_status":"closed","template":"","meta":{"inline_featured_image":false,"site-sidebar-layout":"default","site-content-layout":"plain-container","ast-main-header-display":"","ast-hfb-above-header-display":"","ast-hfb-below-header-display":"","ast-hfb-mobile-header-display":"","site-post-title":"disabled","ast-breadcrumbs-content":"","ast-featured-img":"","footer-sml-layout":"","theme-transparent-header-meta":"default","adv-header-id-meta":"","stick-header-meta":"default","header-above-stick-meta":"","header-main-stick-meta":"","header-below-stick-meta":""},"acf":[],"yoast_head":"<!-- This site is optimized with the Yoast SEO plugin v18.1 - https:\/\/yoast.com\/wordpress\/plugins\/seo\/ -->\n<title>Vagas de emprego Danosa | Queremos crescer com voc\u00ea! em Portugal<\/title>\n<meta name=\"description\" content=\"Estamos \u00e0 procura de profissionais que queiram fazer parte do nosso grande projecto empresarial. Consulte nossas ofertas de emprego actuais.\" \/>\n<meta name=\"robots\" content=\"index, follow, max-snippet:-1, max-image-preview:large, max-video-preview:-1\" \/>\n<link rel=\"canonical\" href=\"https:\/\/www.danosa.com\/pt-pt\/emprego\/\" \/>\n<meta property=\"og:locale\" content=\"pt_PT\" \/>\n<meta property=\"og:type\" content=\"article\" \/>\n<meta property=\"og:title\" content=\"Vagas de emprego Danosa | Queremos crescer com voc\u00ea! em Portugal\" \/>\n<meta property=\"og:description\" content=\"Estamos \u00e0 procura de profissionais que queiram fazer parte do nosso grande projecto empresarial. Consulte nossas ofertas de emprego actuais.\" \/>\n<meta property=\"og:url\" content=\"https:\/\/www.danosa.com\/pt-pt\/emprego\/\" \/>\n<meta property=\"og:site_name\" content=\"Danosa | Solu\u00e7\u00f5es de constru\u00e7\u00e3o\" \/>\n<meta property=\"article:modified_time\" content=\"2024-04-17T17:00:26+00:00\" \/>\n<meta property=\"og:image\" content=\"https:\/\/www.danosa.com\/pt-pt\/wp-content\/uploads\/sites\/5\/2022\/09\/RRHH_1920x1080.jpg\" \/>\n<meta name=\"twitter:card\" content=\"summary_large_image\" \/>\n<meta name=\"twitter:label1\" content=\"Tempo estimado de leitura\" \/>\n\t<meta name=\"twitter:data1\" content=\"1 minuto\" \/>\n<script type=\"application\/ld+json\" class=\"yoast-schema-graph\">{\"@context\":\"https:\/\/schema.org\",\"@graph\":[{\"@type\":\"WebSite\",\"@id\":\"https:\/\/www.danosa.com\/pt-pt\/#website\",\"url\":\"https:\/\/www.danosa.com\/pt-pt\/\",\"name\":\"Danosa | Solu\u00e7\u00f5es de constru\u00e7\u00e3o\",\"description\":\"Impermeabiliza\u00e7\u00e3o, isolamento ac\u00fastico e t\u00e9rmico\",\"potentialAction\":[{\"@type\":\"SearchAction\",\"target\":{\"@type\":\"EntryPoint\",\"urlTemplate\":\"https:\/\/www.danosa.com\/pt-pt\/?s={search_term_string}\"},\"query-input\":\"required name=search_term_string\"}],\"inLanguage\":\"pt-PT\"},{\"@type\":\"ImageObject\",\"@id\":\"https:\/\/www.danosa.com\/pt-pt\/emprego\/#primaryimage\",\"inLanguage\":\"pt-PT\",\"url\":\"https:\/\/www.danosa.com\/pt-pt\/wp-content\/uploads\/sites\/5\/2022\/09\/RRHH_1920x1080.jpg\",\"contentUrl\":\"https:\/\/www.danosa.com\/pt-pt\/wp-content\/uploads\/sites\/5\/2022\/09\/RRHH_1920x1080.jpg\",\"width\":1920,\"height\":1080},{\"@type\":\"WebPage\",\"@id\":\"https:\/\/www.danosa.com\/pt-pt\/emprego\/#webpage\",\"url\":\"https:\/\/www.danosa.com\/pt-pt\/emprego\/\",\"name\":\"Vagas de emprego Danosa | Queremos crescer com voc\u00ea! em Portugal\",\"isPartOf\":{\"@id\":\"https:\/\/www.danosa.com\/pt-pt\/#website\"},\"primaryImageOfPage\":{\"@id\":\"https:\/\/www.danosa.com\/pt-pt\/emprego\/#primaryimage\"},\"datePublished\":\"2021-07-13T08:54:53+00:00\",\"dateModified\":\"2024-04-17T17:00:26+00:00\",\"description\":\"Estamos \u00e0 procura de profissionais que queiram fazer parte do nosso grande projecto empresarial. Consulte nossas ofertas de emprego actuais.\",\"breadcrumb\":{\"@id\":\"https:\/\/www.danosa.com\/pt-pt\/emprego\/#breadcrumb\"},\"inLanguage\":\"pt-PT\",\"potentialAction\":[{\"@type\":\"ReadAction\",\"target\":[\"https:\/\/www.danosa.com\/pt-pt\/emprego\/\"]}]},{\"@type\":\"BreadcrumbList\",\"@id\":\"https:\/\/www.danosa.com\/pt-pt\/emprego\/#breadcrumb\",\"itemListElement\":[{\"@type\":\"ListItem\",\"position\":1,\"name\":\"Portada\",\"item\":\"https:\/\/www.danosa.com\/pt-pt\/\"},{\"@type\":\"ListItem\",\"position\":2,\"name\":\"Emprego\"}]}]}<\/script>\n<!-- \/ Yoast SEO plugin. -->","yoast_head_json":{"title":"Vagas de emprego Danosa | Queremos crescer com voc\u00ea! em Portugal","description":"Estamos \u00e0 procura de profissionais que queiram fazer parte do nosso grande projecto empresarial. Consulte nossas ofertas de emprego actuais.","robots":{"index":"index","follow":"follow","max-snippet":"max-snippet:-1","max-image-preview":"max-image-preview:large","max-video-preview":"max-video-preview:-1"},"canonical":"https:\/\/www.danosa.com\/pt-pt\/emprego\/","og_locale":"pt_PT","og_type":"article","og_title":"Vagas de emprego Danosa | Queremos crescer com voc\u00ea! em Portugal","og_description":"Estamos \u00e0 procura de profissionais que queiram fazer parte do nosso grande projecto empresarial. Consulte nossas ofertas de emprego actuais.","og_url":"https:\/\/www.danosa.com\/pt-pt\/emprego\/","og_site_name":"Danosa | Solu\u00e7\u00f5es de constru\u00e7\u00e3o","article_modified_time":"2024-04-17T17:00:26+00:00","og_image":[{"url":"https:\/\/www.danosa.com\/pt-pt\/wp-content\/uploads\/sites\/5\/2022\/09\/RRHH_1920x1080.jpg"}],"twitter_card":"summary_large_image","twitter_misc":{"Tempo estimado de leitura":"1 minuto"},"schema":{"@context":"https:\/\/schema.org","@graph":[{"@type":"WebSite","@id":"https:\/\/www.danosa.com\/pt-pt\/#website","url":"https:\/\/www.danosa.com\/pt-pt\/","name":"Danosa | Solu\u00e7\u00f5es de constru\u00e7\u00e3o","description":"Impermeabiliza\u00e7\u00e3o, isolamento ac\u00fastico e t\u00e9rmico","potentialAction":[{"@type":"SearchAction","target":{"@type":"EntryPoint","urlTemplate":"https:\/\/www.danosa.com\/pt-pt\/?s={search_term_string}"},"query-input":"required name=search_term_string"}],"inLanguage":"pt-PT"},{"@type":"ImageObject","@id":"https:\/\/www.danosa.com\/pt-pt\/emprego\/#primaryimage","inLanguage":"pt-PT","url":"https:\/\/www.danosa.com\/pt-pt\/wp-content\/uploads\/sites\/5\/2022\/09\/RRHH_1920x1080.jpg","contentUrl":"https:\/\/www.danosa.com\/pt-pt\/wp-content\/uploads\/sites\/5\/2022\/09\/RRHH_1920x1080.jpg","width":1920,"height":1080},{"@type":"WebPage","@id":"https:\/\/www.danosa.com\/pt-pt\/emprego\/#webpage","url":"https:\/\/www.danosa.com\/pt-pt\/emprego\/","name":"Vagas de emprego Danosa | Queremos crescer com voc\u00ea! em Portugal","isPartOf":{"@id":"https:\/\/www.danosa.com\/pt-pt\/#website"},"primaryImageOfPage":{"@id":"https:\/\/www.danosa.com\/pt-pt\/emprego\/#primaryimage"},"datePublished":"2021-07-13T08:54:53+00:00","dateModified":"2024-04-17T17:00:26+00:00","description":"Estamos \u00e0 procura de profissionais que queiram fazer parte do nosso grande projecto empresarial. Consulte nossas ofertas de emprego actuais.","breadcrumb":{"@id":"https:\/\/www.danosa.com\/pt-pt\/emprego\/#breadcrumb"},"inLanguage":"pt-PT","potentialAction":[{"@type":"ReadAction","target":["https:\/\/www.danosa.com\/pt-pt\/emprego\/"]}]},{"@type":"BreadcrumbList","@id":"https:\/\/www.danosa.com\/pt-pt\/emprego\/#breadcrumb","itemListElement":[{"@type":"ListItem","position":1,"name":"Portada","item":"https:\/\/www.danosa.com\/pt-pt\/"},{"@type":"ListItem","position":2,"name":"Emprego"}]}]}},"_links":{"self":[{"href":"https:\/\/www.danosa.com\/pt-pt\/wp-json\/wp\/v2\/pages\/1496"}],"collection":[{"href":"https:\/\/www.danosa.com\/pt-pt\/wp-json\/wp\/v2\/pages"}],"about":[{"href":"https:\/\/www.danosa.com\/pt-pt\/wp-json\/wp\/v2\/types\/page"}],"author":[{"embeddable":true,"href":"https:\/\/www.danosa.com\/pt-pt\/wp-json\/wp\/v2\/users\/1"}],"replies":[{"embeddable":true,"href":"https:\/\/www.danosa.com\/pt-pt\/wp-json\/wp\/v2\/comments?post=1496"}],"version-history":[{"count":31,"href":"https:\/\/www.danosa.com\/pt-pt\/wp-json\/wp\/v2\/pages\/1496\/revisions"}],"predecessor-version":[{"id":10972,"href":"https:\/\/www.danosa.com\/pt-pt\/wp-json\/wp\/v2\/pages\/1496\/revisions\/10972"}],"wp:attachment":[{"href":"https:\/\/www.danosa.com\/pt-pt\/wp-json\/wp\/v2\/media?parent=1496"}],"curies":[{"name":"wp","href":"https:\/\/api.w.org\/{rel}","templated":true}]}}