{"id":1535,"date":"2021-07-14T09:09:19","date_gmt":"2021-07-14T09:09:19","guid":{"rendered":"https:\/\/www.danosa.com\/pt-pt\/?page_id=1535"},"modified":"2025-02-06T12:38:43","modified_gmt":"2025-02-06T12:38:43","slug":"sedes-y-direcciones","status":"publish","type":"page","link":"https:\/\/www.danosa.com\/pt-pt\/contacto\/sedes-y-direcciones\/","title":{"rendered":"Sedes e Dire\u00e7\u00f5es"},"content":{"rendered":"\n<div class=\"wp-block-cover alignfull page-header\" id=\"jobs-header\"><span aria-hidden=\"true\" class=\"wp-block-cover__gradient-background has-background-dim\"><\/span><img loading=\"lazy\" width=\"1920\" height=\"404\" class=\"wp-block-cover__image-background wp-image-6970\" alt=\"\" src=\"https:\/\/www.danosa.com\/pt-pt\/wp-content\/uploads\/sites\/5\/2021\/09\/Danosa-contacto-1.jpg\" data-object-fit=\"cover\" srcset=\"https:\/\/www.danosa.com\/pt-pt\/wp-content\/uploads\/sites\/5\/2021\/09\/Danosa-contacto-1.jpg 1920w, https:\/\/www.danosa.com\/pt-pt\/wp-content\/uploads\/sites\/5\/2021\/09\/Danosa-contacto-1-300x63.jpg 300w, https:\/\/www.danosa.com\/pt-pt\/wp-content\/uploads\/sites\/5\/2021\/09\/Danosa-contacto-1-1024x215.jpg 1024w, https:\/\/www.danosa.com\/pt-pt\/wp-content\/uploads\/sites\/5\/2021\/09\/Danosa-contacto-1-768x162.jpg 768w, https:\/\/www.danosa.com\/pt-pt\/wp-content\/uploads\/sites\/5\/2021\/09\/Danosa-contacto-1-1536x323.jpg 1536w\" sizes=\"(max-width: 1920px) 100vw, 1920px\" \/><div class=\"wp-block-cover__inner-container\">\n<h1 class=\"has-white-color has-text-color\">Sedes e Dire\u00e7\u00f5es<\/h1>\n\n\n\n<p class=\"has-white-color has-text-color\"><\/p>\n<\/div><\/div>\n\n\n<div class=\"menu-contact-container\"><ul id=\"menu-contact\" class=\"menu contact-menu\"><li id=\"menu-item-1534\" class=\"menu-item menu-item-type-post_type menu-item-object-page menu-item-1534\"><a href=\"https:\/\/www.danosa.com\/pt-pt\/contacto\/\" class=\"menu-link\">Formulario de contacto<\/a><\/li>\n<li id=\"menu-item-1539\" class=\"menu-item menu-item-type-post_type menu-item-object-page menu-item-1539\"><a href=\"https:\/\/www.danosa.com\/pt-pt\/contacto\/sedes-y-direcciones\/\" class=\"menu-link\">Sedes e Dire\u00e7\u00f5es<\/a><\/li>\n<li id=\"menu-item-1540\" class=\"menu-item menu-item-type-post_type menu-item-object-page menu-item-1540\"><a href=\"https:\/\/www.danosa.com\/pt-pt\/contacto\/contactos\/\" class=\"menu-link\">Contactos<\/a><\/li>\n<li id=\"menu-item-7009\" class=\"menu-item menu-item-type-post_type menu-item-object-page menu-item-7009\"><a href=\"https:\/\/www.danosa.com\/pt-pt\/contacto\/soporte-tecnico\/\" class=\"menu-link\">Suporte T\u00e9cnico<\/a><\/li>\n<\/ul><\/div>\n\n\n\n<div class=\"wp-container-3 wp-block-group alignfull has-ast-global-color-6-background-color has-background\"><div class=\"wp-block-group__inner-container\">\n<div class=\"wp-container-1 wp-block-group\"><div class=\"wp-block-group__inner-container\">\n<h2>Delega\u00e7\u00f5es<\/h2>\n<\/div><\/div>\n\n\n\n<div class=\"wp-block-columns delegaciones-cols\">\n<div class=\"wp-block-column\"><div id=\"delegation-block_e2b92bf81398a05eba452b9f0865d124\" class=\"delegation fade-top\">\r\n\r\n\t\t<div>\r\n\t        <h4 class=\"delegation-city\">Pombal<\/h4>\r\n\t        <span class=\"delegation-address\">Rua do Norte, Lugar da Quinta do Aduguete 3100-342 Pombal<\/span>\r\n\r\n\t        \t        <span class=\"delegation-phone\">Tel: <span>(+351) 236 029 465<\/span><\/span>\r\n\t    \t\t        \r\n\t        \t        <span class=\"delegation-email\">Email: <a href=\"mailto:portugal@danosa.com\">portugal@danosa.com<\/a><\/span>\r\n\t        \t    <\/div>\r\n\r\n\r\n        \t\t<div class=\"wp-block-button\"><a href=\"https:\/\/www.google.com\/maps\/search\/?api=1&#038;query=Danosa Rua do Norte, Lugar da Quinta do Aduguete 3100-342 Pombal\" target=\"_blank\" class=\"wp-block-button__map\">Localizar no mapa<\/a><\/div>\r\n        \r\n\r\n<\/div>\n\n\n<div class=\"wp-block-columns\">\n<div class=\"wp-block-column\" style=\"flex-basis:100%\">\n<div class=\"wp-container-2 wp-block-group\"><div class=\"wp-block-group__inner-container\"><\/div><\/div>\n<\/div>\n<\/div>\n<\/div>\n\n\n\n<div class=\"wp-block-column\"><div id=\"delegation-block_969691c00a1925f83a0df792c7428f59\" class=\"delegation fade-top\">\r\n\r\n\t\t<div>\r\n\t        <h4 class=\"delegation-city\">Lisboa<\/h4>\r\n\t        <span class=\"delegation-address\">Edif\u00edcio Moldtrans Lisboa Avenida Casal da Serra, 11 &#8211; R\/C Dto P\u00f3voa de Santa Iria, 2625-085 Lisboa<\/span>\r\n\r\n\t        \t        <span class=\"delegation-phone\">Tel: <span>+351 252 600 200<\/span><\/span>\r\n\t    \t\t        \r\n\t        \t        <span class=\"delegation-email\">Email: <a href=\"mailto:slopes@danosa.com cpsantos@danosa.com\">slopes@danosa.com cpsantos@danosa.com<\/a><\/span>\r\n\t        \t    <\/div>\r\n\r\n\r\n        \t\t<div class=\"wp-block-button\"><a href=\"https:\/\/www.google.com\/maps\/search\/?api=1&#038;query=Danosa Edif\u00edcio Moldtrans Lisboa Avenida Casal da Serra, 11 - R\/C Dto P\u00f3voa de Santa Iria, 2625-085 Lisboa\" target=\"_blank\" class=\"wp-block-button__map\">Localizar no mapa<\/a><\/div>\r\n        \r\n\r\n<\/div><\/div>\n\n\n\n<div class=\"wp-block-column is-vertically-aligned-top\">\n<p><\/p>\n<\/div>\n<\/div>\n<\/div><\/div>\n\n\n\n<div class=\"wp-container-4 wp-block-group alignfull has-ast-global-color-6-background-color has-background\"><div class=\"wp-block-group__inner-container\">\n<div class=\"wp-block-columns delegaciones-cols\">\n<div class=\"wp-block-column\"><\/div>\n\n\n\n<div class=\"wp-block-column\"><\/div>\n\n\n\n<div class=\"wp-block-column\"><\/div>\n\n\n\n<div class=\"wp-block-column\"><\/div>\n<\/div>\n<\/div><\/div>\n\n\n\n<h2 class=\"delegaciones-title\">Sedes<\/h2>\n\n\n\n<div class=\"wp-container-5 wp-block-group\"><div class=\"wp-block-group__inner-container\">\n<div class=\"wp-block-columns delegaciones-cols\">\n<div class=\"wp-block-column\"><div id=\"delegation-block_ce9768e0282a45e74f3546f6abf517a6\" class=\"delegation fade-top\">\r\n\r\n\t\t<div>\r\n\t        <h4 class=\"delegation-city\">Danosa Portugal<\/h4>\r\n\t        <span class=\"delegation-address\">Rua do Norte, Lugar da Quinta do Aduguete 3100-342 Pombal<\/span>\r\n\r\n\t        \t        <span class=\"delegation-phone\">Tel: <span>+351 236 029 465<\/span><\/span>\r\n\t    \t\t        \r\n\t        \t        <span class=\"delegation-email\">Email: <a href=\"mailto:portugal@danosa.com\">portugal@danosa.com<\/a><\/span>\r\n\t        \t    <\/div>\r\n\r\n\r\n        \t\t<div class=\"wp-block-button\"><a href=\"https:\/\/www.google.com\/maps\/search\/?api=1&#038;query=Danosa Rua do Norte, Lugar da Quinta do Aduguete 3100-342 Pombal\" target=\"_blank\" class=\"wp-block-button__map\">Localizar no mapa<\/a><\/div>\r\n        \r\n\r\n<\/div><\/div>\n\n\n\n<div class=\"wp-block-column\"><div id=\"delegation-block_48c10769adefc7a2d4c0f829a751b177\" class=\"delegation fade-top\">\r\n\r\n\t\t<div>\r\n\t        <h4 class=\"delegation-city\">Danosa Espa\u00f1a<\/h4>\r\n\t        <span class=\"delegation-address\">Poligono Industrial Sector 9 19290 FONTANAR (Guadalajara) ESPA\u00d1A<\/span>\r\n\r\n\t        \t        <span class=\"delegation-phone\">Tel: <span> +34 949 88 82 10<\/span><\/span>\r\n\t    \t\t        \t        <span class=\"delegation-fax\">Fax: <span>+34 949 888 223<\/span><\/span>\r\n\t    \t\r\n\t        \t        <span class=\"delegation-email\">Email: <a href=\"mailto:info@danosa.com\">info@danosa.com<\/a><\/span>\r\n\t        \t    <\/div>\r\n\r\n\r\n        \t\t<div class=\"wp-block-button\"><a href=\"https:\/\/www.google.com\/maps\/search\/?api=1&#038;query=Danosa Poligono Industrial Sector 9 19290 FONTANAR (Guadalajara) ESPA\u00d1A\" target=\"_blank\" class=\"wp-block-button__map\">Localizar no mapa<\/a><\/div>\r\n        \r\n\r\n<\/div><\/div>\n\n\n\n<div class=\"wp-block-column\"><div id=\"delegation-block_38c3812ded6119d7f89172ef954b8fd2\" class=\"delegation fade-top\">\r\n\r\n\t\t<div>\r\n\t        <h4 class=\"delegation-city\">Danosa France<\/h4>\r\n\t        <span class=\"delegation-address\">23, Route de la Darse &#8211; B\u00e2t XIII A 94380 BONNEUIL-SUR-MARNE FRANCE<\/span>\r\n\r\n\t        \t        <span class=\"delegation-phone\">Tel: <span>+33 (0) 141 941 890<\/span><\/span>\r\n\t    \t\t        \t        <span class=\"delegation-fax\">Fax: <span>+33 (0) 141 941 899<\/span><\/span>\r\n\t    \t\r\n\t        \t        <span class=\"delegation-email\">Email: <a href=\"mailto:france@danosa.com\">france@danosa.com<\/a><\/span>\r\n\t        \t    <\/div>\r\n\r\n\r\n        \t\t<div class=\"wp-block-button\"><a href=\"https:\/\/www.google.com\/maps\/search\/?api=1&#038;query=Danosa 23, Route de la Darse - B\u00e2t XIII A 94380 BONNEUIL-SUR-MARNE FRANCE\" target=\"_blank\" class=\"wp-block-button__map\">Localizar no mapa<\/a><\/div>\r\n        \r\n\r\n<\/div><\/div>\n\n\n\n<div class=\"wp-block-column\"><div id=\"delegation-block_e486251e67f810f6647a246f3f9f6720\" class=\"delegation fade-top\">\r\n\r\n\t\t<div>\r\n\t        <h4 class=\"delegation-city\">Danosa Andina<\/h4>\r\n\t        <span class=\"delegation-address\"><\/span>\r\n\r\n\t        \t        <span class=\"delegation-phone\">Tel: <span>+57 317 372 9559<\/span><\/span>\r\n\t    \t\t        \r\n\t        \t        <span class=\"delegation-email\">Email: <a href=\"mailto:andina@danosa.com\">andina@danosa.com<\/a><\/span>\r\n\t        \t    <\/div>\r\n\r\n\r\n        \r\n\r\n<\/div><\/div>\n<\/div>\n<\/div><\/div>\n\n\n\n<div class=\"wp-container-6 wp-block-group alignfull\"><div class=\"wp-block-group__inner-container\">\n<div class=\"wp-block-columns alignwide delegaciones-cols\">\n<div class=\"wp-block-column\"><div id=\"delegation-block_31dfbadd19b928768e384a81d12ccab6\" class=\"delegation fade-top\">\r\n\r\n\t\t<div>\r\n\t        <h4 class=\"delegation-city\">Danosa UK<\/h4>\r\n\t        <span class=\"delegation-address\">Independence Unit 3, Stanbridge Road Havant, Hampshire, PO9 2NS<\/span>\r\n\r\n\t        \t        <span class=\"delegation-phone\">Tel: <span>+448 450 740 553 <\/span><\/span>\r\n\t    \t\t        \t        <span class=\"delegation-fax\">Fax: <span>+448 450 740 554<\/span><\/span>\r\n\t    \t\r\n\t        \t        <span class=\"delegation-email\">Email: <a href=\"mailto:uksales@danosa.com\">uksales@danosa.com<\/a><\/span>\r\n\t        \t    <\/div>\r\n\r\n\r\n        \t\t<div class=\"wp-block-button\"><a href=\"https:\/\/www.google.com\/maps\/search\/?api=1&#038;query=Danosa Independence Unit 3, Stanbridge Road Havant, Hampshire, PO9 2NS\" target=\"_blank\" class=\"wp-block-button__map\">Localizar no mapa<\/a><\/div>\r\n        \r\n\r\n<\/div><\/div>\n\n\n\n<div class=\"wp-block-column\"><div id=\"delegation-block_72916c34fd12423961edc01ab957742f\" class=\"delegation fade-top\">\r\n\r\n\t\t<div>\r\n\t        <h4 class=\"delegation-city\">Danosa Maroc<\/h4>\r\n\t        <span class=\"delegation-address\">14, Bd de Paris, Premier \u00e9tage, bureau num\u00e9ro 9 &#8211; Casablanca<\/span>\r\n\r\n\t        \t        <span class=\"delegation-phone\">Tel: <span>+212522482057<\/span><\/span>\r\n\t    \t\t        \r\n\t        \t        <span class=\"delegation-email\">Email: <a href=\"mailto:maroc@danosa.com\">maroc@danosa.com<\/a><\/span>\r\n\t        \t    <\/div>\r\n\r\n\r\n        \t\t<div class=\"wp-block-button\"><a href=\"https:\/\/www.google.com\/maps\/search\/?api=1&#038;query=Danosa 14, Bd de Paris, Premier \u00e9tage, bureau num\u00e9ro 9 - Casablanca\" target=\"_blank\" class=\"wp-block-button__map\">Localizar no mapa<\/a><\/div>\r\n        \r\n\r\n<\/div><\/div>\n\n\n\n<div class=\"wp-block-column\"><\/div>\n\n\n\n<div class=\"wp-block-column\"><\/div>\n<\/div>\n<\/div><\/div>\n\n\n\n<div class=\"wp-container-7 wp-block-group\"><div class=\"wp-block-group__inner-container\">\n<div class=\"wp-block-columns delegaciones-cols\">\n<div class=\"wp-block-column\"><\/div>\n\n\n\n<div class=\"wp-block-column\"><\/div>\n\n\n\n<div class=\"wp-block-column\"><\/div>\n<\/div>\n<\/div><\/div>\n","protected":false},"excerpt":{"rendered":"<p>Delega\u00e7\u00f5es Sedes<\/p>\n","protected":false},"author":1,"featured_media":0,"parent":90,"menu_order":0,"comment_status":"closed","ping_status":"closed","template":"","meta":{"inline_featured_image":false,"site-sidebar-layout":"default","site-content-layout":"default","ast-main-header-display":"","ast-hfb-above-header-display":"","ast-hfb-below-header-display":"","ast-hfb-mobile-header-display":"","site-post-title":"disabled","ast-breadcrumbs-content":"","ast-featured-img":"","footer-sml-layout":"","theme-transparent-header-meta":"default","adv-header-id-meta":"","stick-header-meta":"default","header-above-stick-meta":"","header-main-stick-meta":"","header-below-stick-meta":""},"acf":[],"yoast_head":"<!-- This site is optimized with the Yoast SEO plugin v18.1 - https:\/\/yoast.com\/wordpress\/plugins\/seo\/ -->\n<title>Sedes e delega\u00e7\u00f5es Danosa | Nacional e Internacional | Detalhes contato<\/title>\n<meta name=\"description\" content=\"Conhe\u00e7a todos os escrit\u00f3rios e filiais da Danosa em Espanha, Fran\u00e7a, Portugal, Reino Unido, Marrocos... Contacto telef\u00f3nico e e-mail,\" \/>\n<meta name=\"robots\" content=\"index, follow, max-snippet:-1, max-image-preview:large, max-video-preview:-1\" \/>\n<link rel=\"canonical\" href=\"https:\/\/www.danosa.com\/pt-pt\/contacto\/sedes-y-direcciones\/\" \/>\n<meta property=\"og:locale\" content=\"pt_PT\" \/>\n<meta property=\"og:type\" content=\"article\" \/>\n<meta property=\"og:title\" content=\"Sedes e delega\u00e7\u00f5es Danosa | Nacional e Internacional | Detalhes contato\" \/>\n<meta property=\"og:description\" content=\"Conhe\u00e7a todos os escrit\u00f3rios e filiais da Danosa em Espanha, Fran\u00e7a, Portugal, Reino Unido, Marrocos... Contacto telef\u00f3nico e e-mail,\" \/>\n<meta property=\"og:url\" content=\"https:\/\/www.danosa.com\/pt-pt\/contacto\/sedes-y-direcciones\/\" \/>\n<meta property=\"og:site_name\" content=\"Danosa | Solu\u00e7\u00f5es de constru\u00e7\u00e3o\" \/>\n<meta property=\"article:modified_time\" content=\"2025-02-06T12:38:43+00:00\" \/>\n<meta property=\"og:image\" content=\"https:\/\/www.danosa.com\/pt-pt\/wp-content\/uploads\/sites\/5\/2021\/09\/Danosa-contacto-1.jpg\" \/>\n<meta name=\"twitter:card\" content=\"summary_large_image\" \/>\n<meta name=\"twitter:label1\" content=\"Tempo estimado de leitura\" \/>\n\t<meta name=\"twitter:data1\" content=\"1 minuto\" \/>\n<script type=\"application\/ld+json\" class=\"yoast-schema-graph\">{\"@context\":\"https:\/\/schema.org\",\"@graph\":[{\"@type\":\"WebSite\",\"@id\":\"https:\/\/www.danosa.com\/pt-pt\/#website\",\"url\":\"https:\/\/www.danosa.com\/pt-pt\/\",\"name\":\"Danosa | Solu\u00e7\u00f5es de constru\u00e7\u00e3o\",\"description\":\"Impermeabiliza\u00e7\u00e3o, isolamento ac\u00fastico e t\u00e9rmico\",\"potentialAction\":[{\"@type\":\"SearchAction\",\"target\":{\"@type\":\"EntryPoint\",\"urlTemplate\":\"https:\/\/www.danosa.com\/pt-pt\/?s={search_term_string}\"},\"query-input\":\"required name=search_term_string\"}],\"inLanguage\":\"pt-PT\"},{\"@type\":\"ImageObject\",\"@id\":\"https:\/\/www.danosa.com\/pt-pt\/contacto\/sedes-y-direcciones\/#primaryimage\",\"inLanguage\":\"pt-PT\",\"url\":\"https:\/\/www.danosa.com\/pt-pt\/wp-content\/uploads\/sites\/5\/2021\/09\/Danosa-contacto-1.jpg\",\"contentUrl\":\"https:\/\/www.danosa.com\/pt-pt\/wp-content\/uploads\/sites\/5\/2021\/09\/Danosa-contacto-1.jpg\",\"width\":1920,\"height\":404},{\"@type\":\"WebPage\",\"@id\":\"https:\/\/www.danosa.com\/pt-pt\/contacto\/sedes-y-direcciones\/#webpage\",\"url\":\"https:\/\/www.danosa.com\/pt-pt\/contacto\/sedes-y-direcciones\/\",\"name\":\"Sedes e delega\u00e7\u00f5es Danosa | Nacional e Internacional | Detalhes contato\",\"isPartOf\":{\"@id\":\"https:\/\/www.danosa.com\/pt-pt\/#website\"},\"primaryImageOfPage\":{\"@id\":\"https:\/\/www.danosa.com\/pt-pt\/contacto\/sedes-y-direcciones\/#primaryimage\"},\"datePublished\":\"2021-07-14T09:09:19+00:00\",\"dateModified\":\"2025-02-06T12:38:43+00:00\",\"description\":\"Conhe\u00e7a todos os escrit\u00f3rios e filiais da Danosa em Espanha, Fran\u00e7a, Portugal, Reino Unido, Marrocos... Contacto telef\u00f3nico e e-mail,\",\"breadcrumb\":{\"@id\":\"https:\/\/www.danosa.com\/pt-pt\/contacto\/sedes-y-direcciones\/#breadcrumb\"},\"inLanguage\":\"pt-PT\",\"potentialAction\":[{\"@type\":\"ReadAction\",\"target\":[\"https:\/\/www.danosa.com\/pt-pt\/contacto\/sedes-y-direcciones\/\"]}]},{\"@type\":\"BreadcrumbList\",\"@id\":\"https:\/\/www.danosa.com\/pt-pt\/contacto\/sedes-y-direcciones\/#breadcrumb\",\"itemListElement\":[{\"@type\":\"ListItem\",\"position\":1,\"name\":\"Portada\",\"item\":\"https:\/\/www.danosa.com\/pt-pt\/\"},{\"@type\":\"ListItem\",\"position\":2,\"name\":\"Contactos\",\"item\":\"https:\/\/www.danosa.com\/pt-pt\/contacto\/\"},{\"@type\":\"ListItem\",\"position\":3,\"name\":\"Sedes e Dire\u00e7\u00f5es\"}]}]}<\/script>\n<!-- \/ Yoast SEO plugin. -->","yoast_head_json":{"title":"Sedes e delega\u00e7\u00f5es Danosa | Nacional e Internacional | Detalhes contato","description":"Conhe\u00e7a todos os escrit\u00f3rios e filiais da Danosa em Espanha, Fran\u00e7a, Portugal, Reino Unido, Marrocos... Contacto telef\u00f3nico e e-mail,","robots":{"index":"index","follow":"follow","max-snippet":"max-snippet:-1","max-image-preview":"max-image-preview:large","max-video-preview":"max-video-preview:-1"},"canonical":"https:\/\/www.danosa.com\/pt-pt\/contacto\/sedes-y-direcciones\/","og_locale":"pt_PT","og_type":"article","og_title":"Sedes e delega\u00e7\u00f5es Danosa | Nacional e Internacional | Detalhes contato","og_description":"Conhe\u00e7a todos os escrit\u00f3rios e filiais da Danosa em Espanha, Fran\u00e7a, Portugal, Reino Unido, Marrocos... Contacto telef\u00f3nico e e-mail,","og_url":"https:\/\/www.danosa.com\/pt-pt\/contacto\/sedes-y-direcciones\/","og_site_name":"Danosa | Solu\u00e7\u00f5es de constru\u00e7\u00e3o","article_modified_time":"2025-02-06T12:38:43+00:00","og_image":[{"url":"https:\/\/www.danosa.com\/pt-pt\/wp-content\/uploads\/sites\/5\/2021\/09\/Danosa-contacto-1.jpg"}],"twitter_card":"summary_large_image","twitter_misc":{"Tempo estimado de leitura":"1 minuto"},"schema":{"@context":"https:\/\/schema.org","@graph":[{"@type":"WebSite","@id":"https:\/\/www.danosa.com\/pt-pt\/#website","url":"https:\/\/www.danosa.com\/pt-pt\/","name":"Danosa | Solu\u00e7\u00f5es de constru\u00e7\u00e3o","description":"Impermeabiliza\u00e7\u00e3o, isolamento ac\u00fastico e t\u00e9rmico","potentialAction":[{"@type":"SearchAction","target":{"@type":"EntryPoint","urlTemplate":"https:\/\/www.danosa.com\/pt-pt\/?s={search_term_string}"},"query-input":"required name=search_term_string"}],"inLanguage":"pt-PT"},{"@type":"ImageObject","@id":"https:\/\/www.danosa.com\/pt-pt\/contacto\/sedes-y-direcciones\/#primaryimage","inLanguage":"pt-PT","url":"https:\/\/www.danosa.com\/pt-pt\/wp-content\/uploads\/sites\/5\/2021\/09\/Danosa-contacto-1.jpg","contentUrl":"https:\/\/www.danosa.com\/pt-pt\/wp-content\/uploads\/sites\/5\/2021\/09\/Danosa-contacto-1.jpg","width":1920,"height":404},{"@type":"WebPage","@id":"https:\/\/www.danosa.com\/pt-pt\/contacto\/sedes-y-direcciones\/#webpage","url":"https:\/\/www.danosa.com\/pt-pt\/contacto\/sedes-y-direcciones\/","name":"Sedes e delega\u00e7\u00f5es Danosa | Nacional e Internacional | Detalhes contato","isPartOf":{"@id":"https:\/\/www.danosa.com\/pt-pt\/#website"},"primaryImageOfPage":{"@id":"https:\/\/www.danosa.com\/pt-pt\/contacto\/sedes-y-direcciones\/#primaryimage"},"datePublished":"2021-07-14T09:09:19+00:00","dateModified":"2025-02-06T12:38:43+00:00","description":"Conhe\u00e7a todos os escrit\u00f3rios e filiais da Danosa em Espanha, Fran\u00e7a, Portugal, Reino Unido, Marrocos... Contacto telef\u00f3nico e e-mail,","breadcrumb":{"@id":"https:\/\/www.danosa.com\/pt-pt\/contacto\/sedes-y-direcciones\/#breadcrumb"},"inLanguage":"pt-PT","potentialAction":[{"@type":"ReadAction","target":["https:\/\/www.danosa.com\/pt-pt\/contacto\/sedes-y-direcciones\/"]}]},{"@type":"BreadcrumbList","@id":"https:\/\/www.danosa.com\/pt-pt\/contacto\/sedes-y-direcciones\/#breadcrumb","itemListElement":[{"@type":"ListItem","position":1,"name":"Portada","item":"https:\/\/www.danosa.com\/pt-pt\/"},{"@type":"ListItem","position":2,"name":"Contactos","item":"https:\/\/www.danosa.com\/pt-pt\/contacto\/"},{"@type":"ListItem","position":3,"name":"Sedes e Dire\u00e7\u00f5es"}]}]}},"_links":{"self":[{"href":"https:\/\/www.danosa.com\/pt-pt\/wp-json\/wp\/v2\/pages\/1535"}],"collection":[{"href":"https:\/\/www.danosa.com\/pt-pt\/wp-json\/wp\/v2\/pages"}],"about":[{"href":"https:\/\/www.danosa.com\/pt-pt\/wp-json\/wp\/v2\/types\/page"}],"author":[{"embeddable":true,"href":"https:\/\/www.danosa.com\/pt-pt\/wp-json\/wp\/v2\/users\/1"}],"replies":[{"embeddable":true,"href":"https:\/\/www.danosa.com\/pt-pt\/wp-json\/wp\/v2\/comments?post=1535"}],"version-history":[{"count":71,"href":"https:\/\/www.danosa.com\/pt-pt\/wp-json\/wp\/v2\/pages\/1535\/revisions"}],"predecessor-version":[{"id":11865,"href":"https:\/\/www.danosa.com\/pt-pt\/wp-json\/wp\/v2\/pages\/1535\/revisions\/11865"}],"up":[{"embeddable":true,"href":"https:\/\/www.danosa.com\/pt-pt\/wp-json\/wp\/v2\/pages\/90"}],"wp:attachment":[{"href":"https:\/\/www.danosa.com\/pt-pt\/wp-json\/wp\/v2\/media?parent=1535"}],"curies":[{"name":"wp","href":"https:\/\/api.w.org\/{rel}","templated":true}]}}