{"id":190,"date":"2021-06-30T09:44:32","date_gmt":"2021-06-30T08:44:32","guid":{"rendered":"https:\/\/www.danosa.com\/pt-pt\/?page_id=190"},"modified":"2023-02-23T23:08:07","modified_gmt":"2023-02-23T23:08:07","slug":"politica-de-qualidade","status":"publish","type":"page","link":"https:\/\/www.danosa.com\/pt-pt\/sobre-danosa\/politica-de-qualidade\/","title":{"rendered":"Pol\u00edtica de Qualidade"},"content":{"rendered":"\n<p>A DANOSA tem um compromisso firme com a Qualidade, baseado nos seguintes princ\u00edpios:<\/p>\n\n\n\n<ul><li>\u00c9 um pilar fundamental da competitividade, que por sua vez \u00e9 imprescind\u00edvel para alcan\u00e7ar bons resultados empresariais. Esses resultados s\u00e3o a raz\u00e3o de ser das nossas Empresas e o futuro de todos n\u00f3s.<\/li><li>Cumprir com os requisitos, para satisfazer os nossos Clientes, a sua satisfa\u00e7\u00e3o \u00e9 a melhor medida da nossa qualidade.<\/li><li>Estar inerente a todos os departamentos. Todos, em cada fun\u00e7\u00e3o, temos muito que fazer e que dizer para cumprir os objetivos de qualidade.<\/li><li>Ser o resultado da nossa gest\u00e3o. Por isso, a melhoria continua do nosso Sistema de Gest\u00e3o \u00e9 o melhor caminho para alcan\u00e7ar a qualidade. E para tal, o nosso modelo de gest\u00e3o est\u00e1 estruturado e liderado por Processos, e orientado para aproveitar as oportunidades e prevenir os riscos de um contexto complexo e em mudan\u00e7a constante.<\/li><\/ul>\n\n\n\n<figure class=\"wp-block-image size-large is-resized\"><img loading=\"lazy\" src=\"https:\/\/www.danosa.com\/pt-pt\/wp-content\/uploads\/sites\/5\/2021\/10\/Danosa-politica-calidad-1024x274.jpg\" alt=\"\" class=\"wp-image-7442\" width=\"1120\" height=\"300\" srcset=\"https:\/\/www.danosa.com\/pt-pt\/wp-content\/uploads\/sites\/5\/2021\/10\/Danosa-politica-calidad-1024x274.jpg 1024w, https:\/\/www.danosa.com\/pt-pt\/wp-content\/uploads\/sites\/5\/2021\/10\/Danosa-politica-calidad-300x80.jpg 300w, https:\/\/www.danosa.com\/pt-pt\/wp-content\/uploads\/sites\/5\/2021\/10\/Danosa-politica-calidad-768x206.jpg 768w, https:\/\/www.danosa.com\/pt-pt\/wp-content\/uploads\/sites\/5\/2021\/10\/Danosa-politica-calidad.jpg 1120w\" sizes=\"(max-width: 1120px) 100vw, 1120px\" \/><\/figure>\n\n\n\n<p>Esta pol\u00edtica e o correspondente sistema de gest\u00e3o aplicam-se dentro do Grupo DANOSA para toda a atividade industrial e comercial em todos as suas instala\u00e7\u00f5es, consistente genericamente na fabrica\u00e7\u00e3o e distribui\u00e7\u00e3o de produtos e materiais de impermeabiliza\u00e7\u00e3o e isolamento orientados para o setor da constru\u00e7\u00e3o.<\/p>\n\n\n\n<p>Esta pol\u00edtica encontra-se \u00e1 disposi\u00e7\u00e3o das partes interessadas pertinentes.<\/p>\n\n\n\n<figure class=\"wp-block-image size-full\"><img loading=\"lazy\" width=\"247\" height=\"400\" src=\"https:\/\/www.danosa.com\/pt-pt\/wp-content\/uploads\/sites\/5\/2021\/10\/Danosa-documento-politica-calidad-1.jpg\" alt=\"\" class=\"wp-image-7447\" srcset=\"https:\/\/www.danosa.com\/pt-pt\/wp-content\/uploads\/sites\/5\/2021\/10\/Danosa-documento-politica-calidad-1.jpg 247w, https:\/\/www.danosa.com\/pt-pt\/wp-content\/uploads\/sites\/5\/2021\/10\/Danosa-documento-politica-calidad-1-185x300.jpg 185w\" sizes=\"(max-width: 247px) 100vw, 247px\" \/><figcaption><a href=\"https:\/\/www.danosa.com\/pt-pt\/wp-content\/uploads\/sites\/5\/2021\/10\/DANOSA-politica-calidad.pdf\" target=\"_blank\" rel=\"noreferrer noopener\">DANOSA-pol\u00edtica de calidad<\/a><\/figcaption><\/figure>\n","protected":false},"excerpt":{"rendered":"<p>A DANOSA tem um compromisso firme com a Qualidade, baseado nos seguintes princ\u00edpios: \u00c9 um pilar fundamental da competitividade, que por sua vez \u00e9 imprescind\u00edvel para alcan\u00e7ar bons resultados empresariais. Esses resultados s\u00e3o a raz\u00e3o de ser das nossas Empresas e o futuro de todos n\u00f3s. Cumprir com os requisitos, para satisfazer os nossos Clientes,&#8230;<\/p>\n","protected":false},"author":1,"featured_media":0,"parent":36,"menu_order":0,"comment_status":"closed","ping_status":"closed","template":"","meta":{"inline_featured_image":false,"site-sidebar-layout":"default","site-content-layout":"default","ast-main-header-display":"","ast-hfb-above-header-display":"","ast-hfb-below-header-display":"","ast-hfb-mobile-header-display":"","site-post-title":"","ast-breadcrumbs-content":"","ast-featured-img":"","footer-sml-layout":"","theme-transparent-header-meta":"default","adv-header-id-meta":"","stick-header-meta":"default","header-above-stick-meta":"","header-main-stick-meta":"","header-below-stick-meta":""},"acf":[],"yoast_head":"<!-- This site is optimized with the Yoast SEO plugin v18.1 - https:\/\/yoast.com\/wordpress\/plugins\/seo\/ -->\n<title>Pol\u00edticas de Qualidade, Sustentabilidade e Meio Ambiente | Danosa<\/title>\n<meta name=\"description\" content=\"Danosa tem um firme compromisso com a qualidade, a sustentabilidade e o ambiente, o que se reflecte nas suas pol\u00edticas de ac\u00e7\u00e3o.\" \/>\n<meta name=\"robots\" content=\"index, follow, max-snippet:-1, max-image-preview:large, max-video-preview:-1\" \/>\n<link rel=\"canonical\" href=\"https:\/\/www.danosa.com\/pt-pt\/sobre-danosa\/politica-de-qualidade\/\" \/>\n<meta property=\"og:locale\" content=\"pt_PT\" \/>\n<meta property=\"og:type\" content=\"article\" \/>\n<meta property=\"og:title\" content=\"Pol\u00edticas de Qualidade, Sustentabilidade e Meio Ambiente | Danosa\" \/>\n<meta property=\"og:description\" content=\"Danosa tem um firme compromisso com a qualidade, a sustentabilidade e o ambiente, o que se reflecte nas suas pol\u00edticas de ac\u00e7\u00e3o.\" \/>\n<meta property=\"og:url\" content=\"https:\/\/www.danosa.com\/pt-pt\/sobre-danosa\/politica-de-qualidade\/\" \/>\n<meta property=\"og:site_name\" content=\"Danosa | Solu\u00e7\u00f5es de constru\u00e7\u00e3o\" \/>\n<meta property=\"article:modified_time\" content=\"2023-02-23T23:08:07+00:00\" \/>\n<meta property=\"og:image\" content=\"https:\/\/www.danosa.com\/pt-pt\/wp-content\/uploads\/sites\/5\/2021\/10\/Danosa-politica-calidad-1024x274.jpg\" \/>\n<meta name=\"twitter:card\" content=\"summary_large_image\" \/>\n<meta name=\"twitter:label1\" content=\"Tempo estimado de leitura\" \/>\n\t<meta name=\"twitter:data1\" content=\"2 minutos\" \/>\n<script type=\"application\/ld+json\" class=\"yoast-schema-graph\">{\"@context\":\"https:\/\/schema.org\",\"@graph\":[{\"@type\":\"WebSite\",\"@id\":\"https:\/\/www.danosa.com\/pt-pt\/#website\",\"url\":\"https:\/\/www.danosa.com\/pt-pt\/\",\"name\":\"Danosa | Solu\u00e7\u00f5es de constru\u00e7\u00e3o\",\"description\":\"Impermeabiliza\u00e7\u00e3o, isolamento ac\u00fastico e t\u00e9rmico\",\"potentialAction\":[{\"@type\":\"SearchAction\",\"target\":{\"@type\":\"EntryPoint\",\"urlTemplate\":\"https:\/\/www.danosa.com\/pt-pt\/?s={search_term_string}\"},\"query-input\":\"required name=search_term_string\"}],\"inLanguage\":\"pt-PT\"},{\"@type\":\"ImageObject\",\"@id\":\"https:\/\/www.danosa.com\/pt-pt\/sobre-danosa\/politica-de-qualidade\/#primaryimage\",\"inLanguage\":\"pt-PT\",\"url\":\"https:\/\/www.danosa.com\/pt-pt\/wp-content\/uploads\/sites\/5\/2021\/10\/Danosa-politica-calidad.jpg\",\"contentUrl\":\"https:\/\/www.danosa.com\/pt-pt\/wp-content\/uploads\/sites\/5\/2021\/10\/Danosa-politica-calidad.jpg\",\"width\":1120,\"height\":300},{\"@type\":\"WebPage\",\"@id\":\"https:\/\/www.danosa.com\/pt-pt\/sobre-danosa\/politica-de-qualidade\/#webpage\",\"url\":\"https:\/\/www.danosa.com\/pt-pt\/sobre-danosa\/politica-de-qualidade\/\",\"name\":\"Pol\u00edticas de Qualidade, Sustentabilidade e Meio Ambiente | Danosa\",\"isPartOf\":{\"@id\":\"https:\/\/www.danosa.com\/pt-pt\/#website\"},\"primaryImageOfPage\":{\"@id\":\"https:\/\/www.danosa.com\/pt-pt\/sobre-danosa\/politica-de-qualidade\/#primaryimage\"},\"datePublished\":\"2021-06-30T08:44:32+00:00\",\"dateModified\":\"2023-02-23T23:08:07+00:00\",\"description\":\"Danosa tem um firme compromisso com a qualidade, a sustentabilidade e o ambiente, o que se reflecte nas suas pol\u00edticas de ac\u00e7\u00e3o.\",\"breadcrumb\":{\"@id\":\"https:\/\/www.danosa.com\/pt-pt\/sobre-danosa\/politica-de-qualidade\/#breadcrumb\"},\"inLanguage\":\"pt-PT\",\"potentialAction\":[{\"@type\":\"ReadAction\",\"target\":[\"https:\/\/www.danosa.com\/pt-pt\/sobre-danosa\/politica-de-qualidade\/\"]}]},{\"@type\":\"BreadcrumbList\",\"@id\":\"https:\/\/www.danosa.com\/pt-pt\/sobre-danosa\/politica-de-qualidade\/#breadcrumb\",\"itemListElement\":[{\"@type\":\"ListItem\",\"position\":1,\"name\":\"Portada\",\"item\":\"https:\/\/www.danosa.com\/pt-pt\/\"},{\"@type\":\"ListItem\",\"position\":2,\"name\":\"Sobre a Danosa\",\"item\":\"https:\/\/www.danosa.com\/pt-pt\/sobre-danosa\/\"},{\"@type\":\"ListItem\",\"position\":3,\"name\":\"Pol\u00edtica de Qualidade\"}]}]}<\/script>\n<!-- \/ Yoast SEO plugin. -->","yoast_head_json":{"title":"Pol\u00edticas de Qualidade, Sustentabilidade e Meio Ambiente | Danosa","description":"Danosa tem um firme compromisso com a qualidade, a sustentabilidade e o ambiente, o que se reflecte nas suas pol\u00edticas de ac\u00e7\u00e3o.","robots":{"index":"index","follow":"follow","max-snippet":"max-snippet:-1","max-image-preview":"max-image-preview:large","max-video-preview":"max-video-preview:-1"},"canonical":"https:\/\/www.danosa.com\/pt-pt\/sobre-danosa\/politica-de-qualidade\/","og_locale":"pt_PT","og_type":"article","og_title":"Pol\u00edticas de Qualidade, Sustentabilidade e Meio Ambiente | Danosa","og_description":"Danosa tem um firme compromisso com a qualidade, a sustentabilidade e o ambiente, o que se reflecte nas suas pol\u00edticas de ac\u00e7\u00e3o.","og_url":"https:\/\/www.danosa.com\/pt-pt\/sobre-danosa\/politica-de-qualidade\/","og_site_name":"Danosa | Solu\u00e7\u00f5es de constru\u00e7\u00e3o","article_modified_time":"2023-02-23T23:08:07+00:00","og_image":[{"url":"https:\/\/www.danosa.com\/pt-pt\/wp-content\/uploads\/sites\/5\/2021\/10\/Danosa-politica-calidad-1024x274.jpg"}],"twitter_card":"summary_large_image","twitter_misc":{"Tempo estimado de leitura":"2 minutos"},"schema":{"@context":"https:\/\/schema.org","@graph":[{"@type":"WebSite","@id":"https:\/\/www.danosa.com\/pt-pt\/#website","url":"https:\/\/www.danosa.com\/pt-pt\/","name":"Danosa | Solu\u00e7\u00f5es de constru\u00e7\u00e3o","description":"Impermeabiliza\u00e7\u00e3o, isolamento ac\u00fastico e t\u00e9rmico","potentialAction":[{"@type":"SearchAction","target":{"@type":"EntryPoint","urlTemplate":"https:\/\/www.danosa.com\/pt-pt\/?s={search_term_string}"},"query-input":"required name=search_term_string"}],"inLanguage":"pt-PT"},{"@type":"ImageObject","@id":"https:\/\/www.danosa.com\/pt-pt\/sobre-danosa\/politica-de-qualidade\/#primaryimage","inLanguage":"pt-PT","url":"https:\/\/www.danosa.com\/pt-pt\/wp-content\/uploads\/sites\/5\/2021\/10\/Danosa-politica-calidad.jpg","contentUrl":"https:\/\/www.danosa.com\/pt-pt\/wp-content\/uploads\/sites\/5\/2021\/10\/Danosa-politica-calidad.jpg","width":1120,"height":300},{"@type":"WebPage","@id":"https:\/\/www.danosa.com\/pt-pt\/sobre-danosa\/politica-de-qualidade\/#webpage","url":"https:\/\/www.danosa.com\/pt-pt\/sobre-danosa\/politica-de-qualidade\/","name":"Pol\u00edticas de Qualidade, Sustentabilidade e Meio Ambiente | Danosa","isPartOf":{"@id":"https:\/\/www.danosa.com\/pt-pt\/#website"},"primaryImageOfPage":{"@id":"https:\/\/www.danosa.com\/pt-pt\/sobre-danosa\/politica-de-qualidade\/#primaryimage"},"datePublished":"2021-06-30T08:44:32+00:00","dateModified":"2023-02-23T23:08:07+00:00","description":"Danosa tem um firme compromisso com a qualidade, a sustentabilidade e o ambiente, o que se reflecte nas suas pol\u00edticas de ac\u00e7\u00e3o.","breadcrumb":{"@id":"https:\/\/www.danosa.com\/pt-pt\/sobre-danosa\/politica-de-qualidade\/#breadcrumb"},"inLanguage":"pt-PT","potentialAction":[{"@type":"ReadAction","target":["https:\/\/www.danosa.com\/pt-pt\/sobre-danosa\/politica-de-qualidade\/"]}]},{"@type":"BreadcrumbList","@id":"https:\/\/www.danosa.com\/pt-pt\/sobre-danosa\/politica-de-qualidade\/#breadcrumb","itemListElement":[{"@type":"ListItem","position":1,"name":"Portada","item":"https:\/\/www.danosa.com\/pt-pt\/"},{"@type":"ListItem","position":2,"name":"Sobre a Danosa","item":"https:\/\/www.danosa.com\/pt-pt\/sobre-danosa\/"},{"@type":"ListItem","position":3,"name":"Pol\u00edtica de Qualidade"}]}]}},"_links":{"self":[{"href":"https:\/\/www.danosa.com\/pt-pt\/wp-json\/wp\/v2\/pages\/190"}],"collection":[{"href":"https:\/\/www.danosa.com\/pt-pt\/wp-json\/wp\/v2\/pages"}],"about":[{"href":"https:\/\/www.danosa.com\/pt-pt\/wp-json\/wp\/v2\/types\/page"}],"author":[{"embeddable":true,"href":"https:\/\/www.danosa.com\/pt-pt\/wp-json\/wp\/v2\/users\/1"}],"replies":[{"embeddable":true,"href":"https:\/\/www.danosa.com\/pt-pt\/wp-json\/wp\/v2\/comments?post=190"}],"version-history":[{"count":17,"href":"https:\/\/www.danosa.com\/pt-pt\/wp-json\/wp\/v2\/pages\/190\/revisions"}],"predecessor-version":[{"id":9176,"href":"https:\/\/www.danosa.com\/pt-pt\/wp-json\/wp\/v2\/pages\/190\/revisions\/9176"}],"up":[{"embeddable":true,"href":"https:\/\/www.danosa.com\/pt-pt\/wp-json\/wp\/v2\/pages\/36"}],"wp:attachment":[{"href":"https:\/\/www.danosa.com\/pt-pt\/wp-json\/wp\/v2\/media?parent=190"}],"curies":[{"name":"wp","href":"https:\/\/api.w.org\/{rel}","templated":true}]}}