{"id":191,"date":"2021-06-30T09:44:35","date_gmt":"2021-06-30T08:44:35","guid":{"rendered":"https:\/\/www.danosa.com\/pt-pt\/?page_id=191"},"modified":"2025-04-11T12:42:30","modified_gmt":"2025-04-11T11:42:30","slug":"certificados-de-empresa","status":"publish","type":"page","link":"https:\/\/www.danosa.com\/pt-pt\/sobre-danosa\/certificados-de-empresa\/","title":{"rendered":"Certificados de Empresa"},"content":{"rendered":"\n<p>Somos uma empresa comprometida com a qualidade e o planeta.<br>As certifica\u00e7\u00f5es obtidas refor\u00e7am o nosso compromisso de prote\u00e7\u00e3o para com o meio ambiente e a melhoria da nossa efici\u00eancia operativa.<\/p>\n\n\n\n<figure class=\"wp-block-image size-large is-resized\"><img loading=\"lazy\" src=\"https:\/\/www.danosa.com\/pt-pt\/wp-content\/uploads\/sites\/5\/2021\/10\/Danosa-fabrica-fontanar-1-1024x358.jpg\" alt=\"\" class=\"wp-image-7459\" width=\"1120\" height=\"392\" srcset=\"https:\/\/www.danosa.com\/pt-pt\/wp-content\/uploads\/sites\/5\/2021\/10\/Danosa-fabrica-fontanar-1-1024x358.jpg 1024w, https:\/\/www.danosa.com\/pt-pt\/wp-content\/uploads\/sites\/5\/2021\/10\/Danosa-fabrica-fontanar-1-300x105.jpg 300w, https:\/\/www.danosa.com\/pt-pt\/wp-content\/uploads\/sites\/5\/2021\/10\/Danosa-fabrica-fontanar-1-768x269.jpg 768w, https:\/\/www.danosa.com\/pt-pt\/wp-content\/uploads\/sites\/5\/2021\/10\/Danosa-fabrica-fontanar-1.jpg 1120w\" sizes=\"(max-width: 1120px) 100vw, 1120px\" \/><figcaption>F\u00e1brica de Fontanar, Guadalajara<\/figcaption><\/figure>\n\n\n\n<p>Certificados:<\/p>\n\n\n\n<div class=\"wp-block-columns\">\n<div class=\"wp-block-column\" style=\"flex-basis:320px\">\n<figure class=\"wp-block-image size-full\"><img loading=\"lazy\" width=\"280\" height=\"400\" src=\"https:\/\/www.danosa.com\/pt-pt\/wp-content\/uploads\/sites\/5\/2022\/09\/7655366-BUP-GRUPO-DANOSA-PT.jpg\" alt=\"\" class=\"wp-image-9018\" srcset=\"https:\/\/www.danosa.com\/pt-pt\/wp-content\/uploads\/sites\/5\/2022\/09\/7655366-BUP-GRUPO-DANOSA-PT.jpg 280w, https:\/\/www.danosa.com\/pt-pt\/wp-content\/uploads\/sites\/5\/2022\/09\/7655366-BUP-GRUPO-DANOSA-PT-210x300.jpg 210w\" sizes=\"(max-width: 280px) 100vw, 280px\" \/><figcaption><a href=\"https:\/\/www.danosa.com\/pt-pt\/wp-content\/uploads\/sites\/5\/2023\/10\/18496479-BUP-GRUPO-DANOSA-PT.pdf\">ISO 9001 Grupo Danosa<\/a><\/figcaption><\/figure>\n<\/div>\n\n\n\n<div class=\"wp-block-column\" style=\"flex-basis:320px\">\n<figure class=\"wp-block-image size-full\"><img loading=\"lazy\" width=\"633\" height=\"889\" src=\"https:\/\/www.danosa.com\/pt-pt\/wp-content\/uploads\/sites\/5\/2023\/10\/ISO_9001_Fabrica_EUROFOAM.jpg\" alt=\"\" class=\"wp-image-10514\" srcset=\"https:\/\/www.danosa.com\/pt-pt\/wp-content\/uploads\/sites\/5\/2023\/10\/ISO_9001_Fabrica_EUROFOAM.jpg 633w, https:\/\/www.danosa.com\/pt-pt\/wp-content\/uploads\/sites\/5\/2023\/10\/ISO_9001_Fabrica_EUROFOAM-214x300.jpg 214w\" sizes=\"(max-width: 633px) 100vw, 633px\" \/><figcaption><a href=\"https:\/\/www.danosa.com\/pt-pt\/wp-content\/uploads\/sites\/5\/2023\/10\/ISO_9001_Fabrica_EUROFOAM.pdf\" target=\"_blank\" rel=\"noreferrer noopener\">ISO 9001 Fabrica EUROFOAM<\/a><\/figcaption><\/figure>\n\n\n\n<p><\/p>\n<\/div>\n\n\n\n<div class=\"wp-block-column\" style=\"flex-basis:320px\">\n<figure class=\"wp-block-image size-full\"><img loading=\"lazy\" width=\"631\" height=\"892\" src=\"https:\/\/www.danosa.com\/pt-pt\/wp-content\/uploads\/sites\/5\/2024\/05\/DANOSA-ISO14001-PORTUGUES.jpg\" alt=\"\" class=\"wp-image-11008\" srcset=\"https:\/\/www.danosa.com\/pt-pt\/wp-content\/uploads\/sites\/5\/2024\/05\/DANOSA-ISO14001-PORTUGUES.jpg 631w, https:\/\/www.danosa.com\/pt-pt\/wp-content\/uploads\/sites\/5\/2024\/05\/DANOSA-ISO14001-PORTUGUES-212x300.jpg 212w\" sizes=\"(max-width: 631px) 100vw, 631px\" \/><figcaption><a href=\"https:\/\/www.danosa.com\/pt-pt\/wp-content\/uploads\/sites\/5\/2024\/05\/DANOSA-ISO14001-PORTUGUES.pdf\" target=\"_blank\" rel=\"noreferrer noopener\">Bureau Veritas Certification ES144052 \u2013 1<\/a><\/figcaption><\/figure>\n<\/div>\n<\/div>\n\n\n\n<div class=\"wp-block-columns\">\n<div class=\"wp-block-column\" style=\"flex-basis:320px\">\n<figure class=\"wp-block-image size-large\"><img src=\"https:\/\/www.danosa.com\/global\/wp-content\/uploads\/sites\/9\/2025\/04\/Captura.jpg\" alt=\"\"\/><figcaption><a href=\"https:\/\/www.danosa.com\/global\/wp-content\/uploads\/sites\/9\/2025\/04\/Certificacion-SOSTENIBILIDAD-ODS-ing.pdf\">Bureau Veritas Certification ES153663-1<\/a><\/figcaption><\/figure>\n<\/div>\n\n\n\n<div class=\"wp-block-column\" style=\"flex-basis:320px\">\n<div class=\"wp-block-image\"><figure class=\"aligncenter size-full is-resized\"><img loading=\"lazy\" src=\"https:\/\/www.danosa.com\/es-es\/wp-content\/uploads\/sites\/2\/2024\/06\/Captura-1.jpg\" alt=\"\" class=\"wp-image-12966\" width=\"282\" height=\"400\"\/><figcaption><a href=\"https:\/\/www.danosa.com\/es-es\/wp-content\/uploads\/sites\/2\/2024\/06\/Danosa-ISO-50001-Jun2024.pdf\" target=\"_blank\" rel=\"noreferrer noopener\">ISO 5001:2018<\/a><\/figcaption><\/figure><\/div>\n<\/div>\n\n\n\n<div class=\"wp-block-column\" style=\"flex-basis:320px\">\n<p><\/p>\n<\/div>\n<\/div>\n","protected":false},"excerpt":{"rendered":"<p>Somos uma empresa comprometida com a qualidade e o planeta.As certifica\u00e7\u00f5es obtidas refor\u00e7am o nosso compromisso de prote\u00e7\u00e3o para com o meio ambiente e a melhoria da nossa efici\u00eancia operativa. Certificados:<\/p>\n","protected":false},"author":1,"featured_media":0,"parent":36,"menu_order":0,"comment_status":"closed","ping_status":"closed","template":"","meta":{"inline_featured_image":false,"site-sidebar-layout":"default","site-content-layout":"default","ast-main-header-display":"","ast-hfb-above-header-display":"","ast-hfb-below-header-display":"","ast-hfb-mobile-header-display":"","site-post-title":"","ast-breadcrumbs-content":"","ast-featured-img":"","footer-sml-layout":"","theme-transparent-header-meta":"default","adv-header-id-meta":"","stick-header-meta":"default","header-above-stick-meta":"","header-main-stick-meta":"","header-below-stick-meta":""},"acf":[],"yoast_head":"<!-- This site is optimized with the Yoast SEO plugin v18.1 - https:\/\/yoast.com\/wordpress\/plugins\/seo\/ -->\n<title>Certificados qualidade, ambiente e desenvolvimento sustent\u00e1vel | Danosa<\/title>\n<meta name=\"description\" content=\"Estamos empenhados na qualidade, no ambiente e no desenvolvimento sustent\u00e1vel. As certifica\u00e7\u00f5es que obtivemos refor\u00e7am estes compromissos.\" \/>\n<meta name=\"robots\" content=\"index, follow, max-snippet:-1, max-image-preview:large, max-video-preview:-1\" \/>\n<link rel=\"canonical\" href=\"https:\/\/www.danosa.com\/pt-pt\/sobre-danosa\/certificados-de-empresa\/\" \/>\n<meta property=\"og:locale\" content=\"pt_PT\" \/>\n<meta property=\"og:type\" content=\"article\" \/>\n<meta property=\"og:title\" content=\"Certificados qualidade, ambiente e desenvolvimento sustent\u00e1vel | Danosa\" \/>\n<meta property=\"og:description\" content=\"Estamos empenhados na qualidade, no ambiente e no desenvolvimento sustent\u00e1vel. As certifica\u00e7\u00f5es que obtivemos refor\u00e7am estes compromissos.\" \/>\n<meta property=\"og:url\" content=\"https:\/\/www.danosa.com\/pt-pt\/sobre-danosa\/certificados-de-empresa\/\" \/>\n<meta property=\"og:site_name\" content=\"Danosa | Solu\u00e7\u00f5es de constru\u00e7\u00e3o\" \/>\n<meta property=\"article:modified_time\" content=\"2025-04-11T11:42:30+00:00\" \/>\n<meta property=\"og:image\" content=\"https:\/\/www.danosa.com\/pt-pt\/wp-content\/uploads\/sites\/5\/2021\/10\/Danosa-fabrica-fontanar-1-1024x358.jpg\" \/>\n<meta name=\"twitter:card\" content=\"summary_large_image\" \/>\n<meta name=\"twitter:label1\" content=\"Tempo estimado de leitura\" \/>\n\t<meta name=\"twitter:data1\" content=\"2 minutos\" \/>\n<script type=\"application\/ld+json\" class=\"yoast-schema-graph\">{\"@context\":\"https:\/\/schema.org\",\"@graph\":[{\"@type\":\"WebSite\",\"@id\":\"https:\/\/www.danosa.com\/pt-pt\/#website\",\"url\":\"https:\/\/www.danosa.com\/pt-pt\/\",\"name\":\"Danosa | Solu\u00e7\u00f5es de constru\u00e7\u00e3o\",\"description\":\"Impermeabiliza\u00e7\u00e3o, isolamento ac\u00fastico e t\u00e9rmico\",\"potentialAction\":[{\"@type\":\"SearchAction\",\"target\":{\"@type\":\"EntryPoint\",\"urlTemplate\":\"https:\/\/www.danosa.com\/pt-pt\/?s={search_term_string}\"},\"query-input\":\"required name=search_term_string\"}],\"inLanguage\":\"pt-PT\"},{\"@type\":\"ImageObject\",\"@id\":\"https:\/\/www.danosa.com\/pt-pt\/sobre-danosa\/certificados-de-empresa\/#primaryimage\",\"inLanguage\":\"pt-PT\",\"url\":\"https:\/\/www.danosa.com\/pt-pt\/wp-content\/uploads\/sites\/5\/2021\/10\/Danosa-fabrica-fontanar-1.jpg\",\"contentUrl\":\"https:\/\/www.danosa.com\/pt-pt\/wp-content\/uploads\/sites\/5\/2021\/10\/Danosa-fabrica-fontanar-1.jpg\",\"width\":1120,\"height\":392},{\"@type\":\"WebPage\",\"@id\":\"https:\/\/www.danosa.com\/pt-pt\/sobre-danosa\/certificados-de-empresa\/#webpage\",\"url\":\"https:\/\/www.danosa.com\/pt-pt\/sobre-danosa\/certificados-de-empresa\/\",\"name\":\"Certificados qualidade, ambiente e desenvolvimento sustent\u00e1vel | Danosa\",\"isPartOf\":{\"@id\":\"https:\/\/www.danosa.com\/pt-pt\/#website\"},\"primaryImageOfPage\":{\"@id\":\"https:\/\/www.danosa.com\/pt-pt\/sobre-danosa\/certificados-de-empresa\/#primaryimage\"},\"datePublished\":\"2021-06-30T08:44:35+00:00\",\"dateModified\":\"2025-04-11T11:42:30+00:00\",\"description\":\"Estamos empenhados na qualidade, no ambiente e no desenvolvimento sustent\u00e1vel. As certifica\u00e7\u00f5es que obtivemos refor\u00e7am estes compromissos.\",\"breadcrumb\":{\"@id\":\"https:\/\/www.danosa.com\/pt-pt\/sobre-danosa\/certificados-de-empresa\/#breadcrumb\"},\"inLanguage\":\"pt-PT\",\"potentialAction\":[{\"@type\":\"ReadAction\",\"target\":[\"https:\/\/www.danosa.com\/pt-pt\/sobre-danosa\/certificados-de-empresa\/\"]}]},{\"@type\":\"BreadcrumbList\",\"@id\":\"https:\/\/www.danosa.com\/pt-pt\/sobre-danosa\/certificados-de-empresa\/#breadcrumb\",\"itemListElement\":[{\"@type\":\"ListItem\",\"position\":1,\"name\":\"Portada\",\"item\":\"https:\/\/www.danosa.com\/pt-pt\/\"},{\"@type\":\"ListItem\",\"position\":2,\"name\":\"Sobre a Danosa\",\"item\":\"https:\/\/www.danosa.com\/pt-pt\/sobre-danosa\/\"},{\"@type\":\"ListItem\",\"position\":3,\"name\":\"Certificados de Empresa\"}]}]}<\/script>\n<!-- \/ Yoast SEO plugin. -->","yoast_head_json":{"title":"Certificados qualidade, ambiente e desenvolvimento sustent\u00e1vel | Danosa","description":"Estamos empenhados na qualidade, no ambiente e no desenvolvimento sustent\u00e1vel. As certifica\u00e7\u00f5es que obtivemos refor\u00e7am estes compromissos.","robots":{"index":"index","follow":"follow","max-snippet":"max-snippet:-1","max-image-preview":"max-image-preview:large","max-video-preview":"max-video-preview:-1"},"canonical":"https:\/\/www.danosa.com\/pt-pt\/sobre-danosa\/certificados-de-empresa\/","og_locale":"pt_PT","og_type":"article","og_title":"Certificados qualidade, ambiente e desenvolvimento sustent\u00e1vel | Danosa","og_description":"Estamos empenhados na qualidade, no ambiente e no desenvolvimento sustent\u00e1vel. As certifica\u00e7\u00f5es que obtivemos refor\u00e7am estes compromissos.","og_url":"https:\/\/www.danosa.com\/pt-pt\/sobre-danosa\/certificados-de-empresa\/","og_site_name":"Danosa | Solu\u00e7\u00f5es de constru\u00e7\u00e3o","article_modified_time":"2025-04-11T11:42:30+00:00","og_image":[{"url":"https:\/\/www.danosa.com\/pt-pt\/wp-content\/uploads\/sites\/5\/2021\/10\/Danosa-fabrica-fontanar-1-1024x358.jpg"}],"twitter_card":"summary_large_image","twitter_misc":{"Tempo estimado de leitura":"2 minutos"},"schema":{"@context":"https:\/\/schema.org","@graph":[{"@type":"WebSite","@id":"https:\/\/www.danosa.com\/pt-pt\/#website","url":"https:\/\/www.danosa.com\/pt-pt\/","name":"Danosa | Solu\u00e7\u00f5es de constru\u00e7\u00e3o","description":"Impermeabiliza\u00e7\u00e3o, isolamento ac\u00fastico e t\u00e9rmico","potentialAction":[{"@type":"SearchAction","target":{"@type":"EntryPoint","urlTemplate":"https:\/\/www.danosa.com\/pt-pt\/?s={search_term_string}"},"query-input":"required name=search_term_string"}],"inLanguage":"pt-PT"},{"@type":"ImageObject","@id":"https:\/\/www.danosa.com\/pt-pt\/sobre-danosa\/certificados-de-empresa\/#primaryimage","inLanguage":"pt-PT","url":"https:\/\/www.danosa.com\/pt-pt\/wp-content\/uploads\/sites\/5\/2021\/10\/Danosa-fabrica-fontanar-1.jpg","contentUrl":"https:\/\/www.danosa.com\/pt-pt\/wp-content\/uploads\/sites\/5\/2021\/10\/Danosa-fabrica-fontanar-1.jpg","width":1120,"height":392},{"@type":"WebPage","@id":"https:\/\/www.danosa.com\/pt-pt\/sobre-danosa\/certificados-de-empresa\/#webpage","url":"https:\/\/www.danosa.com\/pt-pt\/sobre-danosa\/certificados-de-empresa\/","name":"Certificados qualidade, ambiente e desenvolvimento sustent\u00e1vel | Danosa","isPartOf":{"@id":"https:\/\/www.danosa.com\/pt-pt\/#website"},"primaryImageOfPage":{"@id":"https:\/\/www.danosa.com\/pt-pt\/sobre-danosa\/certificados-de-empresa\/#primaryimage"},"datePublished":"2021-06-30T08:44:35+00:00","dateModified":"2025-04-11T11:42:30+00:00","description":"Estamos empenhados na qualidade, no ambiente e no desenvolvimento sustent\u00e1vel. As certifica\u00e7\u00f5es que obtivemos refor\u00e7am estes compromissos.","breadcrumb":{"@id":"https:\/\/www.danosa.com\/pt-pt\/sobre-danosa\/certificados-de-empresa\/#breadcrumb"},"inLanguage":"pt-PT","potentialAction":[{"@type":"ReadAction","target":["https:\/\/www.danosa.com\/pt-pt\/sobre-danosa\/certificados-de-empresa\/"]}]},{"@type":"BreadcrumbList","@id":"https:\/\/www.danosa.com\/pt-pt\/sobre-danosa\/certificados-de-empresa\/#breadcrumb","itemListElement":[{"@type":"ListItem","position":1,"name":"Portada","item":"https:\/\/www.danosa.com\/pt-pt\/"},{"@type":"ListItem","position":2,"name":"Sobre a Danosa","item":"https:\/\/www.danosa.com\/pt-pt\/sobre-danosa\/"},{"@type":"ListItem","position":3,"name":"Certificados de Empresa"}]}]}},"_links":{"self":[{"href":"https:\/\/www.danosa.com\/pt-pt\/wp-json\/wp\/v2\/pages\/191"}],"collection":[{"href":"https:\/\/www.danosa.com\/pt-pt\/wp-json\/wp\/v2\/pages"}],"about":[{"href":"https:\/\/www.danosa.com\/pt-pt\/wp-json\/wp\/v2\/types\/page"}],"author":[{"embeddable":true,"href":"https:\/\/www.danosa.com\/pt-pt\/wp-json\/wp\/v2\/users\/1"}],"replies":[{"embeddable":true,"href":"https:\/\/www.danosa.com\/pt-pt\/wp-json\/wp\/v2\/comments?post=191"}],"version-history":[{"count":18,"href":"https:\/\/www.danosa.com\/pt-pt\/wp-json\/wp\/v2\/pages\/191\/revisions"}],"predecessor-version":[{"id":11983,"href":"https:\/\/www.danosa.com\/pt-pt\/wp-json\/wp\/v2\/pages\/191\/revisions\/11983"}],"up":[{"embeddable":true,"href":"https:\/\/www.danosa.com\/pt-pt\/wp-json\/wp\/v2\/pages\/36"}],"wp:attachment":[{"href":"https:\/\/www.danosa.com\/pt-pt\/wp-json\/wp\/v2\/media?parent=191"}],"curies":[{"name":"wp","href":"https:\/\/api.w.org\/{rel}","templated":true}]}}