{"id":192,"date":"2021-06-30T09:44:37","date_gmt":"2021-06-30T09:44:37","guid":{"rendered":"https:\/\/www.danosa.com\/pt-pt\/?page_id=192"},"modified":"2023-09-15T11:07:12","modified_gmt":"2023-09-15T10:07:12","slug":"codigo-etico","status":"publish","type":"page","link":"https:\/\/www.danosa.com\/pt-pt\/sobre-danosa\/codigo-etico\/","title":{"rendered":"C\u00f3digo \u00c9tico"},"content":{"rendered":"\n<p>O C\u00f3digo estabelece os crit\u00e9rios de atua\u00e7\u00e3o que devem ser respeitados pela&nbsp;<strong>DANOSA<\/strong>&nbsp;no desempenho das suas responsabilidades empresariais.<\/p>\n\n\n\n<figure class=\"wp-block-image size-large is-resized\"><img src=\"https:\/\/www.danosa.com\/pt-pt\/wp-content\/uploads\/sites\/5\/2021\/10\/Danosa-codigo-etico-2-1024x366.jpg\" alt=\"\" class=\"wp-image-7477\" width=\"1120\" srcset=\"https:\/\/www.danosa.com\/pt-pt\/wp-content\/uploads\/sites\/5\/2021\/10\/Danosa-codigo-etico-2-1024x366.jpg 1024w, https:\/\/www.danosa.com\/pt-pt\/wp-content\/uploads\/sites\/5\/2021\/10\/Danosa-codigo-etico-2-300x107.jpg 300w, https:\/\/www.danosa.com\/pt-pt\/wp-content\/uploads\/sites\/5\/2021\/10\/Danosa-codigo-etico-2-768x274.jpg 768w, https:\/\/www.danosa.com\/pt-pt\/wp-content\/uploads\/sites\/5\/2021\/10\/Danosa-codigo-etico-2.jpg 1120w\" sizes=\"(max-width: 1024px) 100vw, 1024px\" \/><\/figure>\n\n\n\n<p>O objetivo do presente C\u00f3digo \u00e9 procurar um comportamento profissional, \u00e9tico e respons\u00e1vel da DANOSA e de todos os seus empregados, no desenvolvimento das suas atividades, como elemento b\u00e1sico da sua cultura empresarial na qual assenta a forma\u00e7\u00e3o e o desenvolvimento pessoal e profissional dos seus empregados.<br>Assim, sa\u00f5 definidos os princ\u00edpios e valores que devem regir as rela\u00e7\u00f5es da DANOSA com os seus grupos de interesse (empregados, fornecedores, clientes, diretivos, acionistas e pessoas e administra\u00e7\u00f5es da envolvente na qual se desenvolven as suas atividades).<\/p>\n\n\n\n<figure class=\"wp-block-image size-full\"><a href=\"https:\/\/www.danosa.com\/pt-pt\/wp-content\/uploads\/sites\/5\/2023\/09\/DANOSA-CodigoEtico-CERT-1_027500a_PT.pdf\" target=\"_blank\" rel=\"noopener\"><img loading=\"lazy\" width=\"280\" height=\"400\" src=\"https:\/\/www.danosa.com\/pt-pt\/wp-content\/uploads\/sites\/5\/2021\/10\/Danosa-codigo-etico.jpg\" alt=\"\" class=\"wp-image-7473\" srcset=\"https:\/\/www.danosa.com\/pt-pt\/wp-content\/uploads\/sites\/5\/2021\/10\/Danosa-codigo-etico.jpg 280w, https:\/\/www.danosa.com\/pt-pt\/wp-content\/uploads\/sites\/5\/2021\/10\/Danosa-codigo-etico-210x300.jpg 210w\" sizes=\"(max-width: 280px) 100vw, 280px\" \/><\/a><figcaption><a href=\"https:\/\/www.danosa.com\/pt-pt\/wp-content\/uploads\/sites\/5\/2023\/09\/DANOSA-CodigoEtico-CERT-1_027500a_PT.pdf\">Danosa c\u00f3digo \u00e9tico<\/a><\/figcaption><\/figure>\n","protected":false},"excerpt":{"rendered":"<p>O C\u00f3digo estabelece os crit\u00e9rios de atua\u00e7\u00e3o que devem ser respeitados pela&nbsp;DANOSA&nbsp;no desempenho das suas responsabilidades empresariais. O objetivo do presente C\u00f3digo \u00e9 procurar um comportamento profissional, \u00e9tico e respons\u00e1vel da DANOSA e de todos os seus empregados, no desenvolvimento das suas atividades, como elemento b\u00e1sico da sua cultura empresarial na qual assenta a forma\u00e7\u00e3o&#8230;<\/p>\n","protected":false},"author":1,"featured_media":0,"parent":36,"menu_order":0,"comment_status":"closed","ping_status":"closed","template":"","meta":{"inline_featured_image":false,"site-sidebar-layout":"default","site-content-layout":"default","ast-main-header-display":"","ast-hfb-above-header-display":"","ast-hfb-below-header-display":"","ast-hfb-mobile-header-display":"","site-post-title":"","ast-breadcrumbs-content":"","ast-featured-img":"","footer-sml-layout":"","theme-transparent-header-meta":"default","adv-header-id-meta":"","stick-header-meta":"default","header-above-stick-meta":"","header-main-stick-meta":"","header-below-stick-meta":""},"acf":[],"yoast_head":"<!-- This site is optimized with the Yoast SEO plugin v18.1 - https:\/\/yoast.com\/wordpress\/plugins\/seo\/ -->\n<title>C\u00f3digo de conduta \u00e9tica, profissional e respons\u00e1vel | Danosa<\/title>\n<meta name=\"description\" content=\"O C\u00f3digo estabelece os crit\u00e9rios de ac\u00e7\u00e3o que devem ser observados pela Danosa no desempenho das suas responsabilidades empresariais.\" \/>\n<meta name=\"robots\" content=\"index, follow, max-snippet:-1, max-image-preview:large, max-video-preview:-1\" \/>\n<link rel=\"canonical\" href=\"https:\/\/www.danosa.com\/pt-pt\/sobre-danosa\/codigo-etico\/\" \/>\n<meta property=\"og:locale\" content=\"pt_PT\" \/>\n<meta property=\"og:type\" content=\"article\" \/>\n<meta property=\"og:title\" content=\"C\u00f3digo de conduta \u00e9tica, profissional e respons\u00e1vel | Danosa\" \/>\n<meta property=\"og:description\" content=\"O C\u00f3digo estabelece os crit\u00e9rios de ac\u00e7\u00e3o que devem ser observados pela Danosa no desempenho das suas responsabilidades empresariais.\" \/>\n<meta property=\"og:url\" content=\"https:\/\/www.danosa.com\/pt-pt\/sobre-danosa\/codigo-etico\/\" \/>\n<meta property=\"og:site_name\" content=\"Danosa | Solu\u00e7\u00f5es de constru\u00e7\u00e3o\" \/>\n<meta property=\"article:modified_time\" content=\"2023-09-15T10:07:12+00:00\" \/>\n<meta property=\"og:image\" content=\"https:\/\/www.danosa.com\/pt-pt\/wp-content\/uploads\/sites\/5\/2021\/10\/Danosa-codigo-etico-2-1024x366.jpg\" \/>\n<meta name=\"twitter:card\" content=\"summary_large_image\" \/>\n<meta name=\"twitter:label1\" content=\"Tempo estimado de leitura\" \/>\n\t<meta name=\"twitter:data1\" content=\"1 minuto\" \/>\n<script type=\"application\/ld+json\" class=\"yoast-schema-graph\">{\"@context\":\"https:\/\/schema.org\",\"@graph\":[{\"@type\":\"WebSite\",\"@id\":\"https:\/\/www.danosa.com\/pt-pt\/#website\",\"url\":\"https:\/\/www.danosa.com\/pt-pt\/\",\"name\":\"Danosa | Solu\u00e7\u00f5es de constru\u00e7\u00e3o\",\"description\":\"Impermeabiliza\u00e7\u00e3o, isolamento ac\u00fastico e t\u00e9rmico\",\"potentialAction\":[{\"@type\":\"SearchAction\",\"target\":{\"@type\":\"EntryPoint\",\"urlTemplate\":\"https:\/\/www.danosa.com\/pt-pt\/?s={search_term_string}\"},\"query-input\":\"required name=search_term_string\"}],\"inLanguage\":\"pt-PT\"},{\"@type\":\"ImageObject\",\"@id\":\"https:\/\/www.danosa.com\/pt-pt\/sobre-danosa\/codigo-etico\/#primaryimage\",\"inLanguage\":\"pt-PT\",\"url\":\"https:\/\/www.danosa.com\/pt-pt\/wp-content\/uploads\/sites\/5\/2021\/10\/Danosa-codigo-etico-2.jpg\",\"contentUrl\":\"https:\/\/www.danosa.com\/pt-pt\/wp-content\/uploads\/sites\/5\/2021\/10\/Danosa-codigo-etico-2.jpg\",\"width\":1120,\"height\":400},{\"@type\":\"WebPage\",\"@id\":\"https:\/\/www.danosa.com\/pt-pt\/sobre-danosa\/codigo-etico\/#webpage\",\"url\":\"https:\/\/www.danosa.com\/pt-pt\/sobre-danosa\/codigo-etico\/\",\"name\":\"C\u00f3digo de conduta \u00e9tica, profissional e respons\u00e1vel | Danosa\",\"isPartOf\":{\"@id\":\"https:\/\/www.danosa.com\/pt-pt\/#website\"},\"primaryImageOfPage\":{\"@id\":\"https:\/\/www.danosa.com\/pt-pt\/sobre-danosa\/codigo-etico\/#primaryimage\"},\"datePublished\":\"2021-06-30T09:44:37+00:00\",\"dateModified\":\"2023-09-15T10:07:12+00:00\",\"description\":\"O C\u00f3digo estabelece os crit\u00e9rios de ac\u00e7\u00e3o que devem ser observados pela Danosa no desempenho das suas responsabilidades empresariais.\",\"breadcrumb\":{\"@id\":\"https:\/\/www.danosa.com\/pt-pt\/sobre-danosa\/codigo-etico\/#breadcrumb\"},\"inLanguage\":\"pt-PT\",\"potentialAction\":[{\"@type\":\"ReadAction\",\"target\":[\"https:\/\/www.danosa.com\/pt-pt\/sobre-danosa\/codigo-etico\/\"]}]},{\"@type\":\"BreadcrumbList\",\"@id\":\"https:\/\/www.danosa.com\/pt-pt\/sobre-danosa\/codigo-etico\/#breadcrumb\",\"itemListElement\":[{\"@type\":\"ListItem\",\"position\":1,\"name\":\"Portada\",\"item\":\"https:\/\/www.danosa.com\/pt-pt\/\"},{\"@type\":\"ListItem\",\"position\":2,\"name\":\"Sobre a Danosa\",\"item\":\"https:\/\/www.danosa.com\/pt-pt\/sobre-danosa\/\"},{\"@type\":\"ListItem\",\"position\":3,\"name\":\"C\u00f3digo \u00c9tico\"}]}]}<\/script>\n<!-- \/ Yoast SEO plugin. -->","yoast_head_json":{"title":"C\u00f3digo de conduta \u00e9tica, profissional e respons\u00e1vel | Danosa","description":"O C\u00f3digo estabelece os crit\u00e9rios de ac\u00e7\u00e3o que devem ser observados pela Danosa no desempenho das suas responsabilidades empresariais.","robots":{"index":"index","follow":"follow","max-snippet":"max-snippet:-1","max-image-preview":"max-image-preview:large","max-video-preview":"max-video-preview:-1"},"canonical":"https:\/\/www.danosa.com\/pt-pt\/sobre-danosa\/codigo-etico\/","og_locale":"pt_PT","og_type":"article","og_title":"C\u00f3digo de conduta \u00e9tica, profissional e respons\u00e1vel | Danosa","og_description":"O C\u00f3digo estabelece os crit\u00e9rios de ac\u00e7\u00e3o que devem ser observados pela Danosa no desempenho das suas responsabilidades empresariais.","og_url":"https:\/\/www.danosa.com\/pt-pt\/sobre-danosa\/codigo-etico\/","og_site_name":"Danosa | Solu\u00e7\u00f5es de constru\u00e7\u00e3o","article_modified_time":"2023-09-15T10:07:12+00:00","og_image":[{"url":"https:\/\/www.danosa.com\/pt-pt\/wp-content\/uploads\/sites\/5\/2021\/10\/Danosa-codigo-etico-2-1024x366.jpg"}],"twitter_card":"summary_large_image","twitter_misc":{"Tempo estimado de leitura":"1 minuto"},"schema":{"@context":"https:\/\/schema.org","@graph":[{"@type":"WebSite","@id":"https:\/\/www.danosa.com\/pt-pt\/#website","url":"https:\/\/www.danosa.com\/pt-pt\/","name":"Danosa | Solu\u00e7\u00f5es de constru\u00e7\u00e3o","description":"Impermeabiliza\u00e7\u00e3o, isolamento ac\u00fastico e t\u00e9rmico","potentialAction":[{"@type":"SearchAction","target":{"@type":"EntryPoint","urlTemplate":"https:\/\/www.danosa.com\/pt-pt\/?s={search_term_string}"},"query-input":"required name=search_term_string"}],"inLanguage":"pt-PT"},{"@type":"ImageObject","@id":"https:\/\/www.danosa.com\/pt-pt\/sobre-danosa\/codigo-etico\/#primaryimage","inLanguage":"pt-PT","url":"https:\/\/www.danosa.com\/pt-pt\/wp-content\/uploads\/sites\/5\/2021\/10\/Danosa-codigo-etico-2.jpg","contentUrl":"https:\/\/www.danosa.com\/pt-pt\/wp-content\/uploads\/sites\/5\/2021\/10\/Danosa-codigo-etico-2.jpg","width":1120,"height":400},{"@type":"WebPage","@id":"https:\/\/www.danosa.com\/pt-pt\/sobre-danosa\/codigo-etico\/#webpage","url":"https:\/\/www.danosa.com\/pt-pt\/sobre-danosa\/codigo-etico\/","name":"C\u00f3digo de conduta \u00e9tica, profissional e respons\u00e1vel | Danosa","isPartOf":{"@id":"https:\/\/www.danosa.com\/pt-pt\/#website"},"primaryImageOfPage":{"@id":"https:\/\/www.danosa.com\/pt-pt\/sobre-danosa\/codigo-etico\/#primaryimage"},"datePublished":"2021-06-30T09:44:37+00:00","dateModified":"2023-09-15T10:07:12+00:00","description":"O C\u00f3digo estabelece os crit\u00e9rios de ac\u00e7\u00e3o que devem ser observados pela Danosa no desempenho das suas responsabilidades empresariais.","breadcrumb":{"@id":"https:\/\/www.danosa.com\/pt-pt\/sobre-danosa\/codigo-etico\/#breadcrumb"},"inLanguage":"pt-PT","potentialAction":[{"@type":"ReadAction","target":["https:\/\/www.danosa.com\/pt-pt\/sobre-danosa\/codigo-etico\/"]}]},{"@type":"BreadcrumbList","@id":"https:\/\/www.danosa.com\/pt-pt\/sobre-danosa\/codigo-etico\/#breadcrumb","itemListElement":[{"@type":"ListItem","position":1,"name":"Portada","item":"https:\/\/www.danosa.com\/pt-pt\/"},{"@type":"ListItem","position":2,"name":"Sobre a Danosa","item":"https:\/\/www.danosa.com\/pt-pt\/sobre-danosa\/"},{"@type":"ListItem","position":3,"name":"C\u00f3digo \u00c9tico"}]}]}},"_links":{"self":[{"href":"https:\/\/www.danosa.com\/pt-pt\/wp-json\/wp\/v2\/pages\/192"}],"collection":[{"href":"https:\/\/www.danosa.com\/pt-pt\/wp-json\/wp\/v2\/pages"}],"about":[{"href":"https:\/\/www.danosa.com\/pt-pt\/wp-json\/wp\/v2\/types\/page"}],"author":[{"embeddable":true,"href":"https:\/\/www.danosa.com\/pt-pt\/wp-json\/wp\/v2\/users\/1"}],"replies":[{"embeddable":true,"href":"https:\/\/www.danosa.com\/pt-pt\/wp-json\/wp\/v2\/comments?post=192"}],"version-history":[{"count":9,"href":"https:\/\/www.danosa.com\/pt-pt\/wp-json\/wp\/v2\/pages\/192\/revisions"}],"predecessor-version":[{"id":10403,"href":"https:\/\/www.danosa.com\/pt-pt\/wp-json\/wp\/v2\/pages\/192\/revisions\/10403"}],"up":[{"embeddable":true,"href":"https:\/\/www.danosa.com\/pt-pt\/wp-json\/wp\/v2\/pages\/36"}],"wp:attachment":[{"href":"https:\/\/www.danosa.com\/pt-pt\/wp-json\/wp\/v2\/media?parent=192"}],"curies":[{"name":"wp","href":"https:\/\/api.w.org\/{rel}","templated":true}]}}