{"id":2,"date":"2021-06-08T08:15:03","date_gmt":"2021-06-08T08:15:03","guid":{"rendered":"https:\/\/www.danosa.com\/pt-pt\/?page_id=2"},"modified":"2023-02-23T22:51:31","modified_gmt":"2023-02-23T22:51:31","slug":"produtos","status":"publish","type":"page","link":"https:\/\/www.danosa.com\/pt-pt\/produtos\/","title":{"rendered":"Produtos"},"content":{"rendered":"\n<div class=\"wp-block-columns\">\n<div class=\"wp-block-column\" style=\"flex-basis:33.34%\">\n<figure class=\"wp-block-image size-large is-style-default\"><img loading=\"lazy\" width=\"1024\" height=\"402\" src=\"https:\/\/www.danosa.com\/pt-pt\/wp-content\/uploads\/sites\/5\/2021\/07\/Rectangle-86-1024x402.jpg\" alt=\"\" class=\"wp-image-3348\" srcset=\"https:\/\/www.danosa.com\/pt-pt\/wp-content\/uploads\/sites\/5\/2021\/07\/Rectangle-86-1024x402.jpg 1024w, https:\/\/www.danosa.com\/pt-pt\/wp-content\/uploads\/sites\/5\/2021\/07\/Rectangle-86-300x118.jpg 300w, https:\/\/www.danosa.com\/pt-pt\/wp-content\/uploads\/sites\/5\/2021\/07\/Rectangle-86-768x302.jpg 768w, https:\/\/www.danosa.com\/pt-pt\/wp-content\/uploads\/sites\/5\/2021\/07\/Rectangle-86.jpg 1120w\" sizes=\"(max-width: 1024px) 100vw, 1024px\" \/><\/figure>\n\n\n\n<h2>Estanqueidad al agua<\/h2>\n\n\n\n<p>Lorem ipsum dolor sit amet, consectetur adipiscing elit. Fusce ex nisi, commodo sit amet nunc sit amet, porttitor iaculis dolor. Integer vehicula velit vitae lectus.<\/p>\n<\/div>\n\n\n\n<div class=\"wp-block-column\" style=\"flex-basis:33.34%\">\n<figure class=\"wp-block-image size-large\"><img loading=\"lazy\" width=\"1024\" height=\"402\" src=\"https:\/\/www.danosa.com\/pt-pt\/wp-content\/uploads\/sites\/5\/2021\/07\/Rectangle-86-1024x402.jpg\" alt=\"\" class=\"wp-image-3348\" srcset=\"https:\/\/www.danosa.com\/pt-pt\/wp-content\/uploads\/sites\/5\/2021\/07\/Rectangle-86-1024x402.jpg 1024w, https:\/\/www.danosa.com\/pt-pt\/wp-content\/uploads\/sites\/5\/2021\/07\/Rectangle-86-300x118.jpg 300w, https:\/\/www.danosa.com\/pt-pt\/wp-content\/uploads\/sites\/5\/2021\/07\/Rectangle-86-768x302.jpg 768w, https:\/\/www.danosa.com\/pt-pt\/wp-content\/uploads\/sites\/5\/2021\/07\/Rectangle-86.jpg 1120w\" sizes=\"(max-width: 1024px) 100vw, 1024px\" \/><\/figure>\n<\/div>\n\n\n\n<div class=\"wp-block-column\" style=\"flex-basis:33.33%\">\n<figure class=\"wp-block-image size-large\"><img loading=\"lazy\" width=\"1024\" height=\"402\" src=\"https:\/\/www.danosa.com\/pt-pt\/wp-content\/uploads\/sites\/5\/2021\/07\/Rectangle-86-1024x402.jpg\" alt=\"\" class=\"wp-image-3348\" srcset=\"https:\/\/www.danosa.com\/pt-pt\/wp-content\/uploads\/sites\/5\/2021\/07\/Rectangle-86-1024x402.jpg 1024w, https:\/\/www.danosa.com\/pt-pt\/wp-content\/uploads\/sites\/5\/2021\/07\/Rectangle-86-300x118.jpg 300w, https:\/\/www.danosa.com\/pt-pt\/wp-content\/uploads\/sites\/5\/2021\/07\/Rectangle-86-768x302.jpg 768w, https:\/\/www.danosa.com\/pt-pt\/wp-content\/uploads\/sites\/5\/2021\/07\/Rectangle-86.jpg 1120w\" sizes=\"(max-width: 1024px) 100vw, 1024px\" \/><\/figure>\n<\/div>\n<\/div>\n\n\n\n<p><\/p>\n","protected":false},"excerpt":{"rendered":"<p>Estanqueidad al agua Lorem ipsum dolor sit amet, consectetur adipiscing elit. Fusce ex nisi, commodo sit amet nunc sit amet, porttitor iaculis dolor. Integer vehicula velit vitae lectus.<\/p>\n","protected":false},"author":1,"featured_media":0,"parent":0,"menu_order":0,"comment_status":"closed","ping_status":"open","template":"tp-products.php","meta":{"inline_featured_image":false,"site-sidebar-layout":"no-sidebar","site-content-layout":"plain-container","ast-main-header-display":"","ast-hfb-above-header-display":"","ast-hfb-below-header-display":"","ast-hfb-mobile-header-display":"","site-post-title":"","ast-breadcrumbs-content":"","ast-featured-img":"","footer-sml-layout":"","theme-transparent-header-meta":"default","adv-header-id-meta":"","stick-header-meta":"default","header-above-stick-meta":"","header-main-stick-meta":"","header-below-stick-meta":""},"acf":[],"yoast_head":"<!-- This site is optimized with the Yoast SEO plugin v18.1 - https:\/\/yoast.com\/wordpress\/plugins\/seo\/ -->\n<title>Impermeabiliza\u00e7\u00e3o, isolamento ac\u00fastico e t\u00e9rmico | Produtos e solu\u00e7\u00f5es<\/title>\n<meta name=\"description\" content=\"Descubra nossa gama profissional de impermeabiliza\u00e7\u00e3o, isolamento ac\u00fastico, isolamento t\u00e9rmico, drenagem, geot\u00eaxteis, argamassas e clarab\u00f3ias.\" \/>\n<meta name=\"robots\" content=\"index, follow, max-snippet:-1, max-image-preview:large, max-video-preview:-1\" \/>\n<link rel=\"canonical\" href=\"https:\/\/www.danosa.com\/pt-pt\/produtos\/\" \/>\n<meta property=\"og:locale\" content=\"pt_PT\" \/>\n<meta property=\"og:type\" content=\"article\" \/>\n<meta property=\"og:title\" content=\"Impermeabiliza\u00e7\u00e3o, isolamento ac\u00fastico e t\u00e9rmico | Produtos e solu\u00e7\u00f5es\" \/>\n<meta property=\"og:description\" content=\"Descubra nossa gama profissional de impermeabiliza\u00e7\u00e3o, isolamento ac\u00fastico, isolamento t\u00e9rmico, drenagem, geot\u00eaxteis, argamassas e clarab\u00f3ias.\" \/>\n<meta property=\"og:url\" content=\"https:\/\/www.danosa.com\/pt-pt\/produtos\/\" \/>\n<meta property=\"og:site_name\" content=\"Danosa | Solu\u00e7\u00f5es de constru\u00e7\u00e3o\" \/>\n<meta property=\"article:modified_time\" content=\"2023-02-23T22:51:31+00:00\" \/>\n<meta property=\"og:image\" content=\"https:\/\/www.danosa.com\/pt-pt\/wp-content\/uploads\/sites\/5\/2021\/07\/Rectangle-86-1024x402.jpg\" \/>\n<meta name=\"twitter:card\" content=\"summary_large_image\" \/>\n<meta name=\"twitter:label1\" content=\"Tempo estimado de leitura\" \/>\n\t<meta name=\"twitter:data1\" content=\"1 minuto\" \/>\n<script type=\"application\/ld+json\" class=\"yoast-schema-graph\">{\"@context\":\"https:\/\/schema.org\",\"@graph\":[{\"@type\":\"WebSite\",\"@id\":\"https:\/\/www.danosa.com\/pt-pt\/#website\",\"url\":\"https:\/\/www.danosa.com\/pt-pt\/\",\"name\":\"Danosa | Solu\u00e7\u00f5es de constru\u00e7\u00e3o\",\"description\":\"Impermeabiliza\u00e7\u00e3o, isolamento ac\u00fastico e t\u00e9rmico\",\"potentialAction\":[{\"@type\":\"SearchAction\",\"target\":{\"@type\":\"EntryPoint\",\"urlTemplate\":\"https:\/\/www.danosa.com\/pt-pt\/?s={search_term_string}\"},\"query-input\":\"required name=search_term_string\"}],\"inLanguage\":\"pt-PT\"},{\"@type\":\"ImageObject\",\"@id\":\"https:\/\/www.danosa.com\/pt-pt\/produtos\/#primaryimage\",\"inLanguage\":\"pt-PT\",\"url\":\"https:\/\/www.danosa.com\/pt-pt\/wp-content\/uploads\/sites\/5\/2021\/07\/Rectangle-86.jpg\",\"contentUrl\":\"https:\/\/www.danosa.com\/pt-pt\/wp-content\/uploads\/sites\/5\/2021\/07\/Rectangle-86.jpg\",\"width\":1120,\"height\":440},{\"@type\":\"WebPage\",\"@id\":\"https:\/\/www.danosa.com\/pt-pt\/produtos\/#webpage\",\"url\":\"https:\/\/www.danosa.com\/pt-pt\/produtos\/\",\"name\":\"Impermeabiliza\u00e7\u00e3o, isolamento ac\u00fastico e t\u00e9rmico | Produtos e solu\u00e7\u00f5es\",\"isPartOf\":{\"@id\":\"https:\/\/www.danosa.com\/pt-pt\/#website\"},\"primaryImageOfPage\":{\"@id\":\"https:\/\/www.danosa.com\/pt-pt\/produtos\/#primaryimage\"},\"datePublished\":\"2021-06-08T08:15:03+00:00\",\"dateModified\":\"2023-02-23T22:51:31+00:00\",\"description\":\"Descubra nossa gama profissional de impermeabiliza\u00e7\u00e3o, isolamento ac\u00fastico, isolamento t\u00e9rmico, drenagem, geot\u00eaxteis, argamassas e clarab\u00f3ias.\",\"breadcrumb\":{\"@id\":\"https:\/\/www.danosa.com\/pt-pt\/produtos\/#breadcrumb\"},\"inLanguage\":\"pt-PT\",\"potentialAction\":[{\"@type\":\"ReadAction\",\"target\":[\"https:\/\/www.danosa.com\/pt-pt\/produtos\/\"]}]},{\"@type\":\"BreadcrumbList\",\"@id\":\"https:\/\/www.danosa.com\/pt-pt\/produtos\/#breadcrumb\",\"itemListElement\":[{\"@type\":\"ListItem\",\"position\":1,\"name\":\"Portada\",\"item\":\"https:\/\/www.danosa.com\/pt-pt\/\"},{\"@type\":\"ListItem\",\"position\":2,\"name\":\"Produtos\"}]}]}<\/script>\n<!-- \/ Yoast SEO plugin. -->","yoast_head_json":{"title":"Impermeabiliza\u00e7\u00e3o, isolamento ac\u00fastico e t\u00e9rmico | Produtos e solu\u00e7\u00f5es","description":"Descubra nossa gama profissional de impermeabiliza\u00e7\u00e3o, isolamento ac\u00fastico, isolamento t\u00e9rmico, drenagem, geot\u00eaxteis, argamassas e clarab\u00f3ias.","robots":{"index":"index","follow":"follow","max-snippet":"max-snippet:-1","max-image-preview":"max-image-preview:large","max-video-preview":"max-video-preview:-1"},"canonical":"https:\/\/www.danosa.com\/pt-pt\/produtos\/","og_locale":"pt_PT","og_type":"article","og_title":"Impermeabiliza\u00e7\u00e3o, isolamento ac\u00fastico e t\u00e9rmico | Produtos e solu\u00e7\u00f5es","og_description":"Descubra nossa gama profissional de impermeabiliza\u00e7\u00e3o, isolamento ac\u00fastico, isolamento t\u00e9rmico, drenagem, geot\u00eaxteis, argamassas e clarab\u00f3ias.","og_url":"https:\/\/www.danosa.com\/pt-pt\/produtos\/","og_site_name":"Danosa | Solu\u00e7\u00f5es de constru\u00e7\u00e3o","article_modified_time":"2023-02-23T22:51:31+00:00","og_image":[{"url":"https:\/\/www.danosa.com\/pt-pt\/wp-content\/uploads\/sites\/5\/2021\/07\/Rectangle-86-1024x402.jpg"}],"twitter_card":"summary_large_image","twitter_misc":{"Tempo estimado de leitura":"1 minuto"},"schema":{"@context":"https:\/\/schema.org","@graph":[{"@type":"WebSite","@id":"https:\/\/www.danosa.com\/pt-pt\/#website","url":"https:\/\/www.danosa.com\/pt-pt\/","name":"Danosa | Solu\u00e7\u00f5es de constru\u00e7\u00e3o","description":"Impermeabiliza\u00e7\u00e3o, isolamento ac\u00fastico e t\u00e9rmico","potentialAction":[{"@type":"SearchAction","target":{"@type":"EntryPoint","urlTemplate":"https:\/\/www.danosa.com\/pt-pt\/?s={search_term_string}"},"query-input":"required name=search_term_string"}],"inLanguage":"pt-PT"},{"@type":"ImageObject","@id":"https:\/\/www.danosa.com\/pt-pt\/produtos\/#primaryimage","inLanguage":"pt-PT","url":"https:\/\/www.danosa.com\/pt-pt\/wp-content\/uploads\/sites\/5\/2021\/07\/Rectangle-86.jpg","contentUrl":"https:\/\/www.danosa.com\/pt-pt\/wp-content\/uploads\/sites\/5\/2021\/07\/Rectangle-86.jpg","width":1120,"height":440},{"@type":"WebPage","@id":"https:\/\/www.danosa.com\/pt-pt\/produtos\/#webpage","url":"https:\/\/www.danosa.com\/pt-pt\/produtos\/","name":"Impermeabiliza\u00e7\u00e3o, isolamento ac\u00fastico e t\u00e9rmico | Produtos e solu\u00e7\u00f5es","isPartOf":{"@id":"https:\/\/www.danosa.com\/pt-pt\/#website"},"primaryImageOfPage":{"@id":"https:\/\/www.danosa.com\/pt-pt\/produtos\/#primaryimage"},"datePublished":"2021-06-08T08:15:03+00:00","dateModified":"2023-02-23T22:51:31+00:00","description":"Descubra nossa gama profissional de impermeabiliza\u00e7\u00e3o, isolamento ac\u00fastico, isolamento t\u00e9rmico, drenagem, geot\u00eaxteis, argamassas e clarab\u00f3ias.","breadcrumb":{"@id":"https:\/\/www.danosa.com\/pt-pt\/produtos\/#breadcrumb"},"inLanguage":"pt-PT","potentialAction":[{"@type":"ReadAction","target":["https:\/\/www.danosa.com\/pt-pt\/produtos\/"]}]},{"@type":"BreadcrumbList","@id":"https:\/\/www.danosa.com\/pt-pt\/produtos\/#breadcrumb","itemListElement":[{"@type":"ListItem","position":1,"name":"Portada","item":"https:\/\/www.danosa.com\/pt-pt\/"},{"@type":"ListItem","position":2,"name":"Produtos"}]}]}},"_links":{"self":[{"href":"https:\/\/www.danosa.com\/pt-pt\/wp-json\/wp\/v2\/pages\/2"}],"collection":[{"href":"https:\/\/www.danosa.com\/pt-pt\/wp-json\/wp\/v2\/pages"}],"about":[{"href":"https:\/\/www.danosa.com\/pt-pt\/wp-json\/wp\/v2\/types\/page"}],"author":[{"embeddable":true,"href":"https:\/\/www.danosa.com\/pt-pt\/wp-json\/wp\/v2\/users\/1"}],"replies":[{"embeddable":true,"href":"https:\/\/www.danosa.com\/pt-pt\/wp-json\/wp\/v2\/comments?post=2"}],"version-history":[{"count":18,"href":"https:\/\/www.danosa.com\/pt-pt\/wp-json\/wp\/v2\/pages\/2\/revisions"}],"predecessor-version":[{"id":8434,"href":"https:\/\/www.danosa.com\/pt-pt\/wp-json\/wp\/v2\/pages\/2\/revisions\/8434"}],"wp:attachment":[{"href":"https:\/\/www.danosa.com\/pt-pt\/wp-json\/wp\/v2\/media?parent=2"}],"curies":[{"name":"wp","href":"https:\/\/api.w.org\/{rel}","templated":true}]}}