{"id":263,"date":"2021-07-02T11:48:16","date_gmt":"2021-07-02T11:48:16","guid":{"rendered":"https:\/\/www.danosa.com\/pt-pt\/?page_id=263"},"modified":"2023-02-23T22:53:36","modified_gmt":"2023-02-23T22:53:36","slug":"rehabilitacion","status":"publish","type":"page","link":"https:\/\/www.danosa.com\/pt-pt\/rehabilitacion\/","title":{"rendered":"Reabilita\u00e7\u00e3o"},"content":{"rendered":"\n<div class=\"wp-block-cover alignfull is-light\" style=\"min-height:804px\" id=\"rehabilitacion-header\"><span aria-hidden=\"true\" class=\"has-background-dim-0 wp-block-cover__gradient-background has-background-dim\"><\/span><img loading=\"lazy\" width=\"1980\" height=\"1320\" class=\"wp-block-cover__image-background wp-image-6827\" alt=\"\" src=\"https:\/\/www.danosa.com\/pt-pt\/wp-content\/uploads\/sites\/5\/2021\/09\/8W6B7809-e1632307996761.jpg\" style=\"object-position:31% 38%\" data-object-fit=\"cover\" data-object-position=\"31% 38%\" srcset=\"https:\/\/www.danosa.com\/pt-pt\/wp-content\/uploads\/sites\/5\/2021\/09\/8W6B7809-e1632307996761.jpg 1980w, https:\/\/www.danosa.com\/pt-pt\/wp-content\/uploads\/sites\/5\/2021\/09\/8W6B7809-e1632307996761-300x200.jpg 300w, https:\/\/www.danosa.com\/pt-pt\/wp-content\/uploads\/sites\/5\/2021\/09\/8W6B7809-e1632307996761-1024x683.jpg 1024w, https:\/\/www.danosa.com\/pt-pt\/wp-content\/uploads\/sites\/5\/2021\/09\/8W6B7809-e1632307996761-768x512.jpg 768w, https:\/\/www.danosa.com\/pt-pt\/wp-content\/uploads\/sites\/5\/2021\/09\/8W6B7809-e1632307996761-1536x1024.jpg 1536w\" sizes=\"(max-width: 1980px) 100vw, 1980px\" \/><div class=\"wp-block-cover__inner-container\">\n<div class=\"wp-block-columns\">\n<div class=\"wp-block-column\" style=\"flex-basis:50%\">\n<h1 class=\"has-white-color has-text-color\">REABILITA\u00c7\u00c3O \u00c9 O INVESTIMENTO MAIS RENT\u00c1VEL PARA UM EDIF\u00cdCIO <\/h1>\n\n\n\n<p>Passamos cerca de 90% das nossas vidas dentro de edif\u00edcios. Posto isto, \u00e9 uma prioridade que os edif\u00edcios se encontrem em condi\u00e7\u00f5es adequadas de habitabilidade para preservar o nosso bem-estar, sa\u00fade e qualidade de vida. <\/p>\n<\/div>\n\n\n\n<div class=\"wp-block-column\" style=\"flex-basis:50%\"><\/div>\n<\/div>\n<\/div><\/div>\n\n\n\n<div id=\"rehabilitacion-azoteas\" class=\"wp-container-1 wp-block-group rehabilitacion-white\"><div class=\"wp-block-group__inner-container\">\n<div class=\"wp-block-media-text is-stacked-on-mobile\" style=\"grid-template-columns:77% auto\" id=\"rehabilitacion-azoteas\"><figure class=\"wp-block-media-text__media\"><img loading=\"lazy\" width=\"720\" height=\"398\" src=\"https:\/\/www.danosa.com\/pt-pt\/wp-content\/uploads\/sites\/5\/2021\/09\/Danosa-rehabilitacion-azoteas-4.jpg\" alt=\"\" class=\"wp-image-6867 size-full\" srcset=\"https:\/\/www.danosa.com\/pt-pt\/wp-content\/uploads\/sites\/5\/2021\/09\/Danosa-rehabilitacion-azoteas-4.jpg 720w, https:\/\/www.danosa.com\/pt-pt\/wp-content\/uploads\/sites\/5\/2021\/09\/Danosa-rehabilitacion-azoteas-4-300x166.jpg 300w\" sizes=\"(max-width: 720px) 100vw, 720px\" \/><\/figure><div class=\"wp-block-media-text__content\">\n<h2>ROOFTOP<\/h2>\n\n\n\n<p>CONVERTA A SUA COBERTURA NUM NOVO ESPA\u00c7O FUNCIONAL<\/p>\n\n\n<ul class=\"product-landing-list\"><li><a href=\"https:\/\/www.danosa.com\/pt-pt\/produto\/danopren-tr-p\/\"><span>DANOPREN TR-P<\/span> <i class=\"danosa-arrow-go\"><\/i><\/a><\/li><li><a href=\"https:\/\/www.danosa.com\/pt-pt\/produto\/danoprimer-ep\/\"><span>DANOPRIMER EP<\/span> <i class=\"danosa-arrow-go\"><\/i><\/a><\/li><li><a href=\"https:\/\/www.danosa.com\/pt-pt\/produto\/danecran-100\/\"><span>DANECRAN 100<\/span> <i class=\"danosa-arrow-go\"><\/i><\/a><\/li><li><a href=\"https:\/\/www.danosa.com\/pt-pt\/produto\/danocoat-250\/\"><span>DANOCOAT 250<\/span> <i class=\"danosa-arrow-go\"><\/i><\/a><\/li><\/ul>\n<\/div><\/div>\n\n\n\n<div class=\"wp-block-columns\">\n<div class=\"wp-block-column\">\n<h3>REUTILIZA\u00c7\u00c3O DE ESPA\u00c7OS<\/h3>\n\n\n\n<p class=\"has-text-align-left\">As coberturas sempre foram lugares esquecidos, apenas nos lembramos delas quando h\u00e1 um problema de humidade ou infiltra\u00e7\u00f5es. No caso das coberturas planas, e gra\u00e7as \u00e0 reabilita\u00e7\u00e3o, podemos transformar essas \u00e1reas em espa\u00e7os \u00fateis para uso<br>p\u00fablico e privado, transformando-as em \u00e1reas de lazer, jardins, jardins urbanos e \u00e1reas comunit\u00e1rias.<\/p>\n<\/div>\n\n\n\n<div class=\"wp-block-column\">\n<h3>CONFORTO T\u00c9RMICO E AC\u00daSTICO<\/h3>\n\n\n\n<p>As coberturas s\u00e3o o \u00faltimo piso do edif\u00edcio, por isso \u00e9 essencial que nos protejam adequadamente das altas e baixas temperaturas do exterior, bem como dos ru\u00eddos provenientes das cidades e dos ambientes ruidosos. Para isso, usamos sistemas de isolamento t\u00e9rmico e ac\u00fastico que contribuem em definitivo para o conforto adequado no interior do edif\u00edcio.<\/p>\n<\/div>\n\n\n\n<div class=\"wp-block-column\">\n<h3>PROTE\u00c7\u00c3O DO EDIF\u00cdCIO<\/h3>\n\n\n\n<p>Para manter em p\u00e9 um  edif\u00edcio \u00e9 necess\u00e1rio proteger a sua estrutura contra as intemp\u00e9ries. \u00c9 portanto indispens\u00e1vel renovar a impermeabiliza\u00e7\u00e3o das coberturas para garantir uma correta estanquidade \u00e0 \u00e1gua, sem a qual as coberturas s\u00e3o uma falha do ponto de vista funcional e t\u00e9cnico.<\/p>\n<\/div>\n<\/div>\n<\/div><\/div>\n\n\n\n<div class=\"wp-container-3 wp-block-group alignfull rehabilitacion-blue has-background\" id=\"rehabilitacion-fachadas\" style=\"background-color:#eef3f6\"><div class=\"wp-block-group__inner-container\">\n<div class=\"wp-block-media-text alignwide has-media-on-the-right is-stacked-on-mobile\" style=\"grid-template-columns:auto 76%\"><figure class=\"wp-block-media-text__media\"><img loading=\"lazy\" width=\"1024\" height=\"752\" src=\"https:\/\/www.danosa.com\/pt-pt\/wp-content\/uploads\/sites\/5\/2021\/06\/image-3-1-1024x752.jpg\" alt=\"\" class=\"wp-image-117 size-full\" srcset=\"https:\/\/www.danosa.com\/pt-pt\/wp-content\/uploads\/sites\/5\/2021\/06\/image-3-1-1024x752.jpg 1024w, https:\/\/www.danosa.com\/pt-pt\/wp-content\/uploads\/sites\/5\/2021\/06\/image-3-1-300x220.jpg 300w, https:\/\/www.danosa.com\/pt-pt\/wp-content\/uploads\/sites\/5\/2021\/06\/image-3-1-768x564.jpg 768w, https:\/\/www.danosa.com\/pt-pt\/wp-content\/uploads\/sites\/5\/2021\/06\/image-3-1.jpg 1440w\" sizes=\"(max-width: 1024px) 100vw, 1024px\" \/><\/figure><div class=\"wp-block-media-text__content\">\n<h2>FACHADAS<\/h2>\n\n\n\n<p>REDUZA OS GASTOS DE ENERGIA COM CLIMATIZA\u00c7\u00c3O E REFRIGERA\u00c7\u00c3O AT\u00c9 70%. *<\/p>\n\n\n\n<div class=\"wp-container-2 wp-block-buttons\">\n<div class=\"wp-block-button has-custom-width wp-block-button__width-100 is-style-outline\"><a class=\"wp-block-button__link no-border-radius\" href=\"\/pt-pt\/family\/ahorro-de-energia\/\">ECONOMIA DE ENERGIA<\/a><\/div>\n<\/div>\n<\/div><\/div>\n\n\n\n<div class=\"wp-block-columns\">\n<div class=\"wp-block-column\">\n<h3>MELHORIA DA IMAGEM<\/h3>\n\n\n\n<p>A fachada \u00e9 provavelmente a melhor carta de apresenta\u00e7\u00e3o de um edif\u00edcio, no que diz respeito \u00e0 sua arquitetura, hist\u00f3ria e at\u00e9 mesmo \u00e0 cultura em que o edif\u00edcio est\u00e1 integrado. Em alguns casos as fachadas dos edif\u00edcios antigos apresentam uma est\u00e9tica pobre e degradada que geralmente reflete pouco valor imobili\u00e1rio. A reabilita\u00e7\u00e3o das fachadas \u00e9, sem d\u00favida, a melhor op\u00e7\u00e3o para revalorizar o edif\u00edcio e transform\u00e1-lo num bem de interesse, bem como para alcan\u00e7ar uma est\u00e9tica adequada para os usu\u00e1rios do edif\u00edcio. <\/p>\n<\/div>\n\n\n\n<div class=\"wp-block-column\">\n<h3>CONFORTO T\u00c9RMICO E AC\u00daSTICO<\/h3>\n\n\n\n<p>Nos edif\u00edcios do s\u00e9culo XX, as fachadas geralmente apresentam graves defici\u00eancias no que diz respeito ao isolamento t\u00e9rmico-ac\u00fastico, o que promove o consumo de grandes quantidades de energia para manter temperaturas confort\u00e1veis no seu interior. Por outro lado, tamb\u00e9m n\u00e3o oferecem a privacidade indispens\u00e1vel para a realiza\u00e7\u00e3o de atividades espec\u00edficas ou mesmo para o pr\u00f3prio descanso, no caso de habita\u00e7\u00e3o, devido ao ru\u00eddo do exterior. A reabilita\u00e7\u00e3o da envolvente opaca, bem como dos envidra\u00e7ados, evita estes inconvenientes nos edif\u00edcios antigos.<\/p>\n<\/div>\n\n\n\n<div class=\"wp-block-column\">\n<h3>PROTE\u00c7\u00c3O DO EDIF\u00cdCIO<\/h3>\n\n\n\n<p>Por vezes as fachadas dos edif\u00edcios antigos apresentam uma est\u00e9tica pobre e degradada que normalmente est\u00e1 inerente a patologias provocadas por humidades que afetam a durabilidade dos materiais e a estrutura do pr\u00f3prio edif\u00edcio. Al\u00e9m disso, afetam o seu comportamento t\u00e9rmico, originando pontes t\u00e9rmicas e problemas de condensa\u00e7\u00e3o. A renova\u00e7\u00e3o das fachadas protege os edif\u00edcios contra as intemp\u00e9ries.<\/p>\n<\/div>\n<\/div>\n<\/div><\/div>\n\n\n\n<div class=\"wp-container-4 wp-block-group alignwide rehabilitacion-white\" id=\"rehabilitacion-zonas-comunes\"><div class=\"wp-block-group__inner-container\">\n<div class=\"wp-block-media-text alignwide is-stacked-on-mobile\" style=\"grid-template-columns:64% auto\"><figure class=\"wp-block-media-text__media\"><img loading=\"lazy\" width=\"701\" height=\"505\" src=\"https:\/\/www.danosa.com\/pt-pt\/wp-content\/uploads\/sites\/5\/2021\/09\/Danosa-rehabilitacion-azoteas-2.jpg\" alt=\"\" class=\"wp-image-6863 size-full\" srcset=\"https:\/\/www.danosa.com\/pt-pt\/wp-content\/uploads\/sites\/5\/2021\/09\/Danosa-rehabilitacion-azoteas-2.jpg 701w, https:\/\/www.danosa.com\/pt-pt\/wp-content\/uploads\/sites\/5\/2021\/09\/Danosa-rehabilitacion-azoteas-2-300x216.jpg 300w\" sizes=\"(max-width: 701px) 100vw, 701px\" \/><\/figure><div class=\"wp-block-media-text__content\">\n<h2>ZONAS COMUNS<\/h2>\n\n\n\n<p>RENOVE A IMAGEM DAS ZONAS COMUNS DOS EDIF\u00cdCIOS E VALORIZE O EDIF\u00cdCIO AT\u00c9 20%. *<\/p>\n\n\n<ul class=\"product-landing-list\"><li><a href=\"https:\/\/www.danosa.com\/pt-pt\/produto\/danocoat-250\/\"><span>DANOCOAT 250<\/span> <i class=\"danosa-arrow-go\"><\/i><\/a><\/li><\/ul>\n<\/div><\/div>\n\n\n\n<div class=\"wp-block-columns\">\n<div class=\"wp-block-column\">\n<h3>MELHORIA DA IMAGEM<\/h3>\n\n\n\n<p>Um dos aspetos mais valorizados num edif\u00edcio \u00e9 a presen\u00e7a de \u00e1reas comuns \u00fateis e atrativas para os seus utilizadores. A reabilita\u00e7\u00e3o de \u00e1reas comuns, como parques de estacionamento, salas de m\u00e1quinas e instala\u00e7\u00f5es, revitaliza um espa\u00e7o condenado \u00e0 degrada\u00e7\u00e3o pela passagem do tempo, recuperando, assim, a sua funcionalidade. Desta forma, podemos obter um incremento do valor do edif\u00edcio at\u00e9 20%.<\/p>\n<\/div>\n\n\n\n<div class=\"wp-block-column\">\n<h3>CONFORTO T\u00c9RMICO E AC\u00daSTICO<\/h3>\n\n\n\n<p>Por vezes o isolamento ac\u00fastico inadequado em \u00e1reas comuns, especialmente em salas de m\u00e1quinas e instala\u00e7\u00f5es, ou mesmo em \u00e1reas de estacionamento ou lazer, \u00e9 uma fonte de desconforto para os utilizadores dos edif\u00edcios. Para manter a sua funcionalidade e o pr\u00f3prio valor do edif\u00edcio, devemos isolar corretamente os ru\u00eddos indesejados dessas \u00e1reas.<\/p>\n<\/div>\n\n\n\n<div class=\"wp-block-column\">\n<h3>PROTE\u00c7\u00c3O DO EDIF\u00cdCIO<\/h3>\n\n\n\n<p>Investir em sistemas de estanquidade \u00e0 \u00e1gua protege a estrutura do edif\u00edcio e prolonga a sua vida \u00fatil. Coberturas, estacionamentos, muros de suporte, salas de m\u00e1quinas, vesti\u00e1rios e outras \u00e1reas potencialmente h\u00famidas devem ser reabilitadas para evitar grandes danos que afetem a estrutura do edif\u00edcio. No caso dos parques de estacionamento, tamb\u00e9m dever\u00e1 ser colocado um revestimento impermeabilizante que permita a circula\u00e7\u00e3o de ve\u00edculos.<\/p>\n<\/div>\n<\/div>\n<\/div><\/div>\n\n\n\n<div class=\"wp-container-6 wp-block-group alignfull rehabilitacion-blue has-ast-global-color-6-background-color has-background\" id=\"rehabilitacion-interiores\"><div class=\"wp-block-group__inner-container\">\n<div class=\"wp-block-media-text alignwide has-media-on-the-right is-stacked-on-mobile\" style=\"grid-template-columns:auto 77%\"><figure class=\"wp-block-media-text__media\"><img loading=\"lazy\" width=\"736\" height=\"416\" src=\"https:\/\/www.danosa.com\/pt-pt\/wp-content\/uploads\/sites\/5\/2021\/09\/Danosa-rehabilitacion-interiores-1.jpg\" alt=\"\" class=\"wp-image-6861 size-full\" srcset=\"https:\/\/www.danosa.com\/pt-pt\/wp-content\/uploads\/sites\/5\/2021\/09\/Danosa-rehabilitacion-interiores-1.jpg 736w, https:\/\/www.danosa.com\/pt-pt\/wp-content\/uploads\/sites\/5\/2021\/09\/Danosa-rehabilitacion-interiores-1-300x170.jpg 300w\" sizes=\"(max-width: 736px) 100vw, 736px\" \/><\/figure><div class=\"wp-block-media-text__content\">\n<h2>INTERIORES<\/h2>\n\n\n\n<p>MELHORE O CONFORTO AC\u00daSTICO DE SUA CASA REDUZINDO AT\u00c9 10 dB O RU\u00cdDO PROVENIENTE DOS VIZINHOS. *<\/p>\n\n\n\n<div class=\"wp-container-5 wp-block-buttons\">\n<div class=\"wp-block-button is-style-outline\"><a class=\"wp-block-button__link\" href=\"\/pt-pt\/family\/proteccion-frente-al-ruido\/\">PROTE\u00c7\u00c3O CONTRA RU\u00cdDO<\/a><\/div>\n<\/div>\n<\/div><\/div>\n\n\n\n<div class=\"wp-block-columns\">\n<div class=\"wp-block-column\">\n<h3>MELHORIA DA IMAGEM<\/h3>\n\n\n\n<p>Al\u00e9m da sua est\u00e9tica, o aspeto interior de um edif\u00edcio tamb\u00e9m reflete o grau de conforto e habitabilidade do mesmo. Descolora\u00e7\u00f5es, humidades e condensa\u00e7\u00e3o nas paredes, tectos e pavimentos revelam a passagem do tempo e as adversidades sofridas pelo edif\u00edcio. \u00c9 a altura de reabilitar de forma a que uma nova est\u00e9tica atrativa e funcional perdure ao longo do tempo e seja prova fidedigna do conforto e habitabilidade que o edif\u00edcio oferece.<\/p>\n<\/div>\n\n\n\n<div class=\"wp-block-column\">\n<h3>CONFORTO T\u00c9RMICO E AC\u00daSTICO<\/h3>\n\n\n\n<p>Al\u00e9m de cuidar da est\u00e9tica interior dos edif\u00edcios, devemos preservar a sua funcionalidade do ponto de vista termo-ac\u00fastico. Para isso, \u00e9 necess\u00e1rio realizar renova\u00e7\u00f5es e reabilita\u00e7\u00f5es, que permitam atender aos requisitos m\u00ednimos relativamente ao isolamento t\u00e9rmico e ac\u00fastico. Isso, sem d\u00favida, contribuir\u00e1 para reduzir o gasto de energia do edif\u00edcio, bem como para evitar inconvenientes causados por ru\u00eddo que por vezes pode levar a conflitos entre vizinhos.<\/p>\n<\/div>\n\n\n\n<div class=\"wp-block-column\">\n<h3>PROTE\u00c7\u00c3O DO EDIF\u00cdCIO<\/h3>\n\n\n\n<p>Em muitas ocasi\u00f5es, a renova\u00e7\u00e3o interior n\u00e3o contempla a impermeabiliza\u00e7\u00e3o correta de \u00e1reas h\u00famidas, como casas de banho ou cozinhas. \u00c9 necess\u00e1rio impermeabilizar adequadamente essas \u00e1reas de modo a garantir a estanquidade \u00e0 \u00e1gua da estrutura do edif\u00edcio e assim n\u00e3o reduzir o seu tempo de vida \u00fatil.<\/p>\n<\/div>\n<\/div>\n<\/div><\/div>\n\n\n\n<div class=\"wp-container-7 wp-block-group alignfull has-ast-global-color-5-background-color has-background\" id=\"rehabilitacion-system\"><div class=\"wp-block-group__inner-container\">\n<h2 class=\"has-text-align-center\">Solu\u00e7\u00f5es de reabilita\u00e7\u00e3o<\/h2>\n\n\n\r\n        <div id=\"rehabilitacion\" class=\"wp-block-column content-list fade-top\">\r\n                        <a href=\"https:\/\/www.danosa.com\/pt-pt\/sistemas\/reabilitacao\/\">\r\n                <figure class=\"wp-block-image size-large content-list-image\">\r\n                    <img loading=\"lazy\" src=\"https:\/\/d7rh5s3nxmpy4.cloudfront.net\/CMP1814\/Rehabilitacion.jpg\" alt=\"Rehabilitaci\u00f3n\"><\/figure>\r\n                <\/figure>\r\n            <\/a>\r\n                        <div class=\"wp-block-group\">\r\n                <div class=\"wp-block-group__inner-container\">\r\n                        <h5>Solu\u00e7\u00f5es<\/h5>\r\n                        <h2>Rehabilitaci\u00f3n<\/h2>\r\n                        <p>A DANOSA \u00e9 uma empresa comprometida com a sustentabilidade, que aposta na reabilita\u00e7\u00e3o como alavanca para potenciar um desenvolvimento sustent\u00e1vel comprometido com o meio ambiente e o bem estar das pessoas. Para tal, oferecemos uma multiplicidade de solu\u00e7\u00f5es para uma reabilita\u00e7\u00e3o mais eficiente.<\/p>\r\n\r\n                        <ul class=\"subsystems\">\r\n\r\n                                                <\/ul>\r\n                <\/div>\r\n            <\/div>\r\n            <div class=\"wp-block-columns\">\r\n                <div class=\"wp-block-column\">\r\n                    <a href=\"https:\/\/www.danosa.com\/pt-pt\/sistemas\/reabilitacao\/\">Ver solu\u00e7\u00f5es <i class=\"danosa-arrow-go\"><\/i><\/a>\r\n                <\/div>\r\n            <\/div>\r\n        <\/div>\r\n\r\n\r\n\r\n\r\n\r\n\r\n \n<\/div><\/div>\n","protected":false},"excerpt":{"rendered":"<p>ROOFTOP CONVERTA A SUA COBERTURA NUM NOVO ESPA\u00c7O FUNCIONAL REUTILIZA\u00c7\u00c3O DE ESPA\u00c7OS As coberturas sempre foram lugares esquecidos, apenas nos lembramos delas quando h\u00e1 um problema de humidade ou infiltra\u00e7\u00f5es. No caso das coberturas planas, e gra\u00e7as \u00e0 reabilita\u00e7\u00e3o, podemos transformar essas \u00e1reas em espa\u00e7os \u00fateis para usop\u00fablico e privado, transformando-as em \u00e1reas de lazer,&#8230;<\/p>\n","protected":false},"author":1,"featured_media":0,"parent":0,"menu_order":0,"comment_status":"closed","ping_status":"closed","template":"","meta":{"inline_featured_image":false,"site-sidebar-layout":"no-sidebar","site-content-layout":"plain-container","ast-main-header-display":"","ast-hfb-above-header-display":"","ast-hfb-below-header-display":"","ast-hfb-mobile-header-display":"","site-post-title":"disabled","ast-breadcrumbs-content":"","ast-featured-img":"","footer-sml-layout":"","theme-transparent-header-meta":"default","adv-header-id-meta":"","stick-header-meta":"default","header-above-stick-meta":"","header-main-stick-meta":"","header-below-stick-meta":""},"acf":[],"yoast_head":"<!-- This site is optimized with the Yoast SEO plugin v18.1 - https:\/\/yoast.com\/wordpress\/plugins\/seo\/ -->\n<title>Solu\u00e7\u00f5es para reabilita\u00e7\u00e3o de fachadas e edif\u00edcios | Danosa Portugal<\/title>\n<meta name=\"description\" content=\"Solu\u00e7\u00f5es para impermeabiliza\u00e7\u00e3o e protec\u00e7\u00e3o termo-ac\u00fastica de telhados, reabilita\u00e7\u00e3o de fachadas, \u00e1reas comuns e interiores de edif\u00edcios.\" \/>\n<meta name=\"robots\" content=\"index, follow, max-snippet:-1, max-image-preview:large, max-video-preview:-1\" \/>\n<link rel=\"canonical\" href=\"https:\/\/www.danosa.com\/pt-pt\/rehabilitacion\/\" \/>\n<meta property=\"og:locale\" content=\"pt_PT\" \/>\n<meta property=\"og:type\" content=\"article\" \/>\n<meta property=\"og:title\" content=\"Solu\u00e7\u00f5es para reabilita\u00e7\u00e3o de fachadas e edif\u00edcios | Danosa Portugal\" \/>\n<meta property=\"og:description\" content=\"Solu\u00e7\u00f5es para impermeabiliza\u00e7\u00e3o e protec\u00e7\u00e3o termo-ac\u00fastica de telhados, reabilita\u00e7\u00e3o de fachadas, \u00e1reas comuns e interiores de edif\u00edcios.\" \/>\n<meta property=\"og:url\" content=\"https:\/\/www.danosa.com\/pt-pt\/rehabilitacion\/\" \/>\n<meta property=\"og:site_name\" content=\"Danosa | Solu\u00e7\u00f5es de constru\u00e7\u00e3o\" \/>\n<meta property=\"article:modified_time\" content=\"2023-02-23T22:53:36+00:00\" \/>\n<meta property=\"og:image\" content=\"https:\/\/www.danosa.com\/pt-pt\/wp-content\/uploads\/sites\/5\/2021\/09\/8W6B7809-e1632307996761.jpg\" \/>\n<meta name=\"twitter:card\" content=\"summary_large_image\" \/>\n<meta name=\"twitter:label1\" content=\"Tempo estimado de leitura\" \/>\n\t<meta name=\"twitter:data1\" content=\"6 minutos\" \/>\n<script type=\"application\/ld+json\" class=\"yoast-schema-graph\">{\"@context\":\"https:\/\/schema.org\",\"@graph\":[{\"@type\":\"WebSite\",\"@id\":\"https:\/\/www.danosa.com\/pt-pt\/#website\",\"url\":\"https:\/\/www.danosa.com\/pt-pt\/\",\"name\":\"Danosa | Solu\u00e7\u00f5es de constru\u00e7\u00e3o\",\"description\":\"Impermeabiliza\u00e7\u00e3o, isolamento ac\u00fastico e t\u00e9rmico\",\"potentialAction\":[{\"@type\":\"SearchAction\",\"target\":{\"@type\":\"EntryPoint\",\"urlTemplate\":\"https:\/\/www.danosa.com\/pt-pt\/?s={search_term_string}\"},\"query-input\":\"required name=search_term_string\"}],\"inLanguage\":\"pt-PT\"},{\"@type\":\"ImageObject\",\"@id\":\"https:\/\/www.danosa.com\/pt-pt\/rehabilitacion\/#primaryimage\",\"inLanguage\":\"pt-PT\",\"url\":\"https:\/\/www.danosa.com\/pt-pt\/wp-content\/uploads\/sites\/5\/2021\/09\/8W6B7809-e1632307996761.jpg\",\"contentUrl\":\"https:\/\/www.danosa.com\/pt-pt\/wp-content\/uploads\/sites\/5\/2021\/09\/8W6B7809-e1632307996761.jpg\",\"width\":1980,\"height\":1320},{\"@type\":\"WebPage\",\"@id\":\"https:\/\/www.danosa.com\/pt-pt\/rehabilitacion\/#webpage\",\"url\":\"https:\/\/www.danosa.com\/pt-pt\/rehabilitacion\/\",\"name\":\"Solu\u00e7\u00f5es para reabilita\u00e7\u00e3o de fachadas e edif\u00edcios | Danosa Portugal\",\"isPartOf\":{\"@id\":\"https:\/\/www.danosa.com\/pt-pt\/#website\"},\"primaryImageOfPage\":{\"@id\":\"https:\/\/www.danosa.com\/pt-pt\/rehabilitacion\/#primaryimage\"},\"datePublished\":\"2021-07-02T11:48:16+00:00\",\"dateModified\":\"2023-02-23T22:53:36+00:00\",\"description\":\"Solu\u00e7\u00f5es para impermeabiliza\u00e7\u00e3o e protec\u00e7\u00e3o termo-ac\u00fastica de telhados, reabilita\u00e7\u00e3o de fachadas, \u00e1reas comuns e interiores de edif\u00edcios.\",\"breadcrumb\":{\"@id\":\"https:\/\/www.danosa.com\/pt-pt\/rehabilitacion\/#breadcrumb\"},\"inLanguage\":\"pt-PT\",\"potentialAction\":[{\"@type\":\"ReadAction\",\"target\":[\"https:\/\/www.danosa.com\/pt-pt\/rehabilitacion\/\"]}]},{\"@type\":\"BreadcrumbList\",\"@id\":\"https:\/\/www.danosa.com\/pt-pt\/rehabilitacion\/#breadcrumb\",\"itemListElement\":[{\"@type\":\"ListItem\",\"position\":1,\"name\":\"Portada\",\"item\":\"https:\/\/www.danosa.com\/pt-pt\/\"},{\"@type\":\"ListItem\",\"position\":2,\"name\":\"Reabilita\u00e7\u00e3o\"}]}]}<\/script>\n<!-- \/ Yoast SEO plugin. -->","yoast_head_json":{"title":"Solu\u00e7\u00f5es para reabilita\u00e7\u00e3o de fachadas e edif\u00edcios | Danosa Portugal","description":"Solu\u00e7\u00f5es para impermeabiliza\u00e7\u00e3o e protec\u00e7\u00e3o termo-ac\u00fastica de telhados, reabilita\u00e7\u00e3o de fachadas, \u00e1reas comuns e interiores de edif\u00edcios.","robots":{"index":"index","follow":"follow","max-snippet":"max-snippet:-1","max-image-preview":"max-image-preview:large","max-video-preview":"max-video-preview:-1"},"canonical":"https:\/\/www.danosa.com\/pt-pt\/rehabilitacion\/","og_locale":"pt_PT","og_type":"article","og_title":"Solu\u00e7\u00f5es para reabilita\u00e7\u00e3o de fachadas e edif\u00edcios | Danosa Portugal","og_description":"Solu\u00e7\u00f5es para impermeabiliza\u00e7\u00e3o e protec\u00e7\u00e3o termo-ac\u00fastica de telhados, reabilita\u00e7\u00e3o de fachadas, \u00e1reas comuns e interiores de edif\u00edcios.","og_url":"https:\/\/www.danosa.com\/pt-pt\/rehabilitacion\/","og_site_name":"Danosa | Solu\u00e7\u00f5es de constru\u00e7\u00e3o","article_modified_time":"2023-02-23T22:53:36+00:00","og_image":[{"url":"https:\/\/www.danosa.com\/pt-pt\/wp-content\/uploads\/sites\/5\/2021\/09\/8W6B7809-e1632307996761.jpg"}],"twitter_card":"summary_large_image","twitter_misc":{"Tempo estimado de leitura":"6 minutos"},"schema":{"@context":"https:\/\/schema.org","@graph":[{"@type":"WebSite","@id":"https:\/\/www.danosa.com\/pt-pt\/#website","url":"https:\/\/www.danosa.com\/pt-pt\/","name":"Danosa | Solu\u00e7\u00f5es de constru\u00e7\u00e3o","description":"Impermeabiliza\u00e7\u00e3o, isolamento ac\u00fastico e t\u00e9rmico","potentialAction":[{"@type":"SearchAction","target":{"@type":"EntryPoint","urlTemplate":"https:\/\/www.danosa.com\/pt-pt\/?s={search_term_string}"},"query-input":"required name=search_term_string"}],"inLanguage":"pt-PT"},{"@type":"ImageObject","@id":"https:\/\/www.danosa.com\/pt-pt\/rehabilitacion\/#primaryimage","inLanguage":"pt-PT","url":"https:\/\/www.danosa.com\/pt-pt\/wp-content\/uploads\/sites\/5\/2021\/09\/8W6B7809-e1632307996761.jpg","contentUrl":"https:\/\/www.danosa.com\/pt-pt\/wp-content\/uploads\/sites\/5\/2021\/09\/8W6B7809-e1632307996761.jpg","width":1980,"height":1320},{"@type":"WebPage","@id":"https:\/\/www.danosa.com\/pt-pt\/rehabilitacion\/#webpage","url":"https:\/\/www.danosa.com\/pt-pt\/rehabilitacion\/","name":"Solu\u00e7\u00f5es para reabilita\u00e7\u00e3o de fachadas e edif\u00edcios | Danosa Portugal","isPartOf":{"@id":"https:\/\/www.danosa.com\/pt-pt\/#website"},"primaryImageOfPage":{"@id":"https:\/\/www.danosa.com\/pt-pt\/rehabilitacion\/#primaryimage"},"datePublished":"2021-07-02T11:48:16+00:00","dateModified":"2023-02-23T22:53:36+00:00","description":"Solu\u00e7\u00f5es para impermeabiliza\u00e7\u00e3o e protec\u00e7\u00e3o termo-ac\u00fastica de telhados, reabilita\u00e7\u00e3o de fachadas, \u00e1reas comuns e interiores de edif\u00edcios.","breadcrumb":{"@id":"https:\/\/www.danosa.com\/pt-pt\/rehabilitacion\/#breadcrumb"},"inLanguage":"pt-PT","potentialAction":[{"@type":"ReadAction","target":["https:\/\/www.danosa.com\/pt-pt\/rehabilitacion\/"]}]},{"@type":"BreadcrumbList","@id":"https:\/\/www.danosa.com\/pt-pt\/rehabilitacion\/#breadcrumb","itemListElement":[{"@type":"ListItem","position":1,"name":"Portada","item":"https:\/\/www.danosa.com\/pt-pt\/"},{"@type":"ListItem","position":2,"name":"Reabilita\u00e7\u00e3o"}]}]}},"_links":{"self":[{"href":"https:\/\/www.danosa.com\/pt-pt\/wp-json\/wp\/v2\/pages\/263"}],"collection":[{"href":"https:\/\/www.danosa.com\/pt-pt\/wp-json\/wp\/v2\/pages"}],"about":[{"href":"https:\/\/www.danosa.com\/pt-pt\/wp-json\/wp\/v2\/types\/page"}],"author":[{"embeddable":true,"href":"https:\/\/www.danosa.com\/pt-pt\/wp-json\/wp\/v2\/users\/1"}],"replies":[{"embeddable":true,"href":"https:\/\/www.danosa.com\/pt-pt\/wp-json\/wp\/v2\/comments?post=263"}],"version-history":[{"count":61,"href":"https:\/\/www.danosa.com\/pt-pt\/wp-json\/wp\/v2\/pages\/263\/revisions"}],"predecessor-version":[{"id":9174,"href":"https:\/\/www.danosa.com\/pt-pt\/wp-json\/wp\/v2\/pages\/263\/revisions\/9174"}],"wp:attachment":[{"href":"https:\/\/www.danosa.com\/pt-pt\/wp-json\/wp\/v2\/media?parent=263"}],"curies":[{"name":"wp","href":"https:\/\/api.w.org\/{rel}","templated":true}]}}