{"id":6999,"date":"2021-09-30T06:14:51","date_gmt":"2021-09-30T06:14:51","guid":{"rendered":"https:\/\/www.danosa.com\/pt-pt\/?page_id=6999"},"modified":"2023-02-23T22:02:44","modified_gmt":"2023-02-23T22:02:44","slug":"soporte-tecnico","status":"publish","type":"page","link":"https:\/\/www.danosa.com\/pt-pt\/contacto\/soporte-tecnico\/","title":{"rendered":"Suporte T\u00e9cnico"},"content":{"rendered":"\n<div class=\"wp-block-cover alignfull is-light page-header\" style=\"min-height:600px\" id=\"jobs-header\"><span aria-hidden=\"true\" class=\"wp-block-cover__gradient-background has-background-dim\"><\/span><img loading=\"lazy\" width=\"1920\" height=\"626\" class=\"wp-block-cover__image-background wp-image-8124\" alt=\"\" src=\"https:\/\/www.danosa.com\/pt-pt\/wp-content\/uploads\/sites\/5\/2021\/11\/Danosa_Tech4U.jpg\" data-object-fit=\"cover\" srcset=\"https:\/\/www.danosa.com\/pt-pt\/wp-content\/uploads\/sites\/5\/2021\/11\/Danosa_Tech4U.jpg 1920w, https:\/\/www.danosa.com\/pt-pt\/wp-content\/uploads\/sites\/5\/2021\/11\/Danosa_Tech4U-300x98.jpg 300w, https:\/\/www.danosa.com\/pt-pt\/wp-content\/uploads\/sites\/5\/2021\/11\/Danosa_Tech4U-1024x334.jpg 1024w, https:\/\/www.danosa.com\/pt-pt\/wp-content\/uploads\/sites\/5\/2021\/11\/Danosa_Tech4U-768x250.jpg 768w, https:\/\/www.danosa.com\/pt-pt\/wp-content\/uploads\/sites\/5\/2021\/11\/Danosa_Tech4U-1536x501.jpg 1536w\" sizes=\"(max-width: 1920px) 100vw, 1920px\" \/><div class=\"wp-block-cover__inner-container\">\n<h1 class=\"has-white-color has-text-color\"><strong>TECH4U<\/strong> <\/h1>\n\n\n\n<h1 class=\"has-white-color has-text-color\">Suporte T\u00e9cnico On Line <\/h1>\n\n\n\n<p class=\"has-white-color has-text-color\"><\/p>\n<\/div><\/div>\n\n\n<div class=\"menu-contact-container\"><ul id=\"menu-contact\" class=\"menu contact-menu\"><li id=\"menu-item-1534\" class=\"menu-item menu-item-type-post_type menu-item-object-page menu-item-1534\"><a href=\"https:\/\/www.danosa.com\/pt-pt\/contacto\/\" class=\"menu-link\">Formulario de contacto<\/a><\/li>\n<li id=\"menu-item-1539\" class=\"menu-item menu-item-type-post_type menu-item-object-page menu-item-1539\"><a href=\"https:\/\/www.danosa.com\/pt-pt\/contacto\/sedes-y-direcciones\/\" class=\"menu-link\">Sedes e Dire\u00e7\u00f5es<\/a><\/li>\n<li id=\"menu-item-1540\" class=\"menu-item menu-item-type-post_type menu-item-object-page menu-item-1540\"><a href=\"https:\/\/www.danosa.com\/pt-pt\/contacto\/contactos\/\" class=\"menu-link\">Contactos<\/a><\/li>\n<li id=\"menu-item-7009\" class=\"menu-item menu-item-type-post_type menu-item-object-page menu-item-7009\"><a href=\"https:\/\/www.danosa.com\/pt-pt\/contacto\/soporte-tecnico\/\" class=\"menu-link\">Suporte T\u00e9cnico<\/a><\/li>\n<\/ul><\/div>\n\n\n\n<div style=\"height:60px\" aria-hidden=\"true\" class=\"wp-block-spacer\"><\/div>\n\n\n\n<h2>A Danosa coloca ao seu dispor t\u00e9cnicos no momento em que necessita. Precisa de n\u00f3s?<\/h2>\n\n\n\n<p>Tire as suas d\u00favidas agendando uma reuni\u00e3o com um dos t\u00e9cnicos da Danosa especializado na \u00e1rea que procura .<br>Colocamos a nossa equipa t\u00e9cnica \u00e0 disposi\u00e7\u00e3o dos nossos clientes, para que lhe possamos dar solu\u00e7\u00f5es r\u00e1pidas e eficazes.<\/p>\n\n\n\n<div class=\"wp-container-1 wp-block-group\"><div class=\"wp-block-group__inner-container\">\n<div class=\"wp-block-columns\">\n<div class=\"wp-block-column\">\n<figure class=\"wp-block-image size-full is-resized\"><img loading=\"lazy\" src=\"https:\/\/www.danosa.com\/pt-pt\/wp-content\/uploads\/sites\/5\/2021\/11\/Danosa_Tech4U_p11.jpg\" alt=\"\" class=\"wp-image-8115\" width=\"260\" height=\"170\"\/><\/figure>\n\n\n\n<ol><li><strong>Selecione o tipo de servi\u00e7o (impermeabiliza\u00e7\u00e3o, isolamento \u2026) o dia e hora que pretende<\/strong><\/li><\/ol>\n<\/div>\n\n\n\n<div class=\"wp-block-column\" style=\"flex-basis:100px\">\n<figure class=\"wp-block-image size-full\"><img loading=\"lazy\" width=\"102\" height=\"150\" src=\"https:\/\/www.danosa.com\/pt-pt\/wp-content\/uploads\/sites\/5\/2021\/11\/Danosa_Tech4U_p.jpg\" alt=\"\" class=\"wp-image-8117\"\/><\/figure>\n<\/div>\n\n\n\n<div class=\"wp-block-column\">\n<figure class=\"wp-block-image size-full is-resized\"><img loading=\"lazy\" src=\"https:\/\/www.danosa.com\/pt-pt\/wp-content\/uploads\/sites\/5\/2021\/11\/Danosa_Tech4U_p12.jpg\" alt=\"\" class=\"wp-image-8120\" width=\"260\" height=\"170\"\/><\/figure>\n\n\n\n<ol start=\"2\"><li><strong>Preencha as suas informa\u00e7\u00f5es de contacto e outras que considere<\/strong> que sejam relevantes<\/li><\/ol>\n<\/div>\n\n\n\n<div class=\"wp-block-column\" style=\"flex-basis:100px\">\n<figure class=\"wp-block-image size-full\"><img loading=\"lazy\" width=\"102\" height=\"150\" src=\"https:\/\/www.danosa.com\/pt-pt\/wp-content\/uploads\/sites\/5\/2021\/11\/Danosa_Tech4U_p.jpg\" alt=\"\" class=\"wp-image-8117\"\/><\/figure>\n<\/div>\n\n\n\n<div class=\"wp-block-column\">\n<figure class=\"wp-block-image size-full is-resized\"><img loading=\"lazy\" src=\"https:\/\/www.danosa.com\/pt-pt\/wp-content\/uploads\/sites\/5\/2021\/11\/Danosa_Tech4U_p13.jpg\" alt=\"\" class=\"wp-image-8119\" width=\"260\" height=\"170\"\/><\/figure>\n\n\n\n<ol start=\"3\"><li><strong>O nosso t\u00e9cnico especialista, entrar\u00e1 em contato consigo por telefone, videoconfer\u00eancia ou correio<\/strong> eletr\u00f3nico<\/li><\/ol>\n<\/div>\n<\/div>\n<\/div><\/div>\n\n\n\n<div class=\"wp-container-2 wp-block-group\"><div class=\"wp-block-group__inner-container\">\n<iframe loading=\"lazy\" src=\"https:\/\/outlook.office365.com\/owa\/calendar\/ServioTcnicoDanosa@danosa.com\/bookings\/\" width=\"1021\" height=\"2050\" frameborder=\"0\" style=\"margin-top:0px;padding:top:0px;text-align:center\"><\/iframe>\n<\/div><\/div>\n","protected":false},"excerpt":{"rendered":"<p>A Danosa coloca ao seu dispor t\u00e9cnicos no momento em que necessita. Precisa de n\u00f3s? Tire as suas d\u00favidas agendando uma reuni\u00e3o com um dos t\u00e9cnicos da Danosa especializado na \u00e1rea que procura .Colocamos a nossa equipa t\u00e9cnica \u00e0 disposi\u00e7\u00e3o dos nossos clientes, para que lhe possamos dar solu\u00e7\u00f5es r\u00e1pidas e eficazes. Selecione o tipo&#8230;<\/p>\n","protected":false},"author":1,"featured_media":0,"parent":90,"menu_order":0,"comment_status":"closed","ping_status":"closed","template":"","meta":{"inline_featured_image":false,"site-sidebar-layout":"default","site-content-layout":"default","ast-main-header-display":"","ast-hfb-above-header-display":"","ast-hfb-below-header-display":"","ast-hfb-mobile-header-display":"","site-post-title":"disabled","ast-breadcrumbs-content":"","ast-featured-img":"","footer-sml-layout":"","theme-transparent-header-meta":"default","adv-header-id-meta":"","stick-header-meta":"default","header-above-stick-meta":"","header-main-stick-meta":"","header-below-stick-meta":""},"acf":[],"yoast_head":"<!-- This site is optimized with the Yoast SEO plugin v18.1 - https:\/\/yoast.com\/wordpress\/plugins\/seo\/ -->\n<title>Danosa suporte t\u00e9cnico online | Falar mais tarde? N\u00f3s te chamamos<\/title>\n<meta name=\"description\" content=\"Resolva imediatamente qualquer d\u00favida contactando o seu t\u00e9cnico especializado Danosa por telefone, videoconfer\u00eancia ou e-mail. Como preferir.\" \/>\n<meta name=\"robots\" content=\"index, follow, max-snippet:-1, max-image-preview:large, max-video-preview:-1\" \/>\n<link rel=\"canonical\" href=\"https:\/\/www.danosa.com\/pt-pt\/contacto\/soporte-tecnico\/\" \/>\n<meta property=\"og:locale\" content=\"pt_PT\" \/>\n<meta property=\"og:type\" content=\"article\" \/>\n<meta property=\"og:title\" content=\"Danosa suporte t\u00e9cnico online | Falar mais tarde? N\u00f3s te chamamos\" \/>\n<meta property=\"og:description\" content=\"Resolva imediatamente qualquer d\u00favida contactando o seu t\u00e9cnico especializado Danosa por telefone, videoconfer\u00eancia ou e-mail. Como preferir.\" \/>\n<meta property=\"og:url\" content=\"https:\/\/www.danosa.com\/pt-pt\/contacto\/soporte-tecnico\/\" \/>\n<meta property=\"og:site_name\" content=\"Danosa | Solu\u00e7\u00f5es de constru\u00e7\u00e3o\" \/>\n<meta property=\"article:modified_time\" content=\"2023-02-23T22:02:44+00:00\" \/>\n<meta property=\"og:image\" content=\"https:\/\/www.danosa.com\/pt-pt\/wp-content\/uploads\/sites\/5\/2021\/11\/Danosa_Tech4U.jpg\" \/>\n<meta name=\"twitter:card\" content=\"summary_large_image\" \/>\n<meta name=\"twitter:label1\" content=\"Tempo estimado de leitura\" \/>\n\t<meta name=\"twitter:data1\" content=\"2 minutos\" \/>\n<script type=\"application\/ld+json\" class=\"yoast-schema-graph\">{\"@context\":\"https:\/\/schema.org\",\"@graph\":[{\"@type\":\"WebSite\",\"@id\":\"https:\/\/www.danosa.com\/pt-pt\/#website\",\"url\":\"https:\/\/www.danosa.com\/pt-pt\/\",\"name\":\"Danosa | Solu\u00e7\u00f5es de constru\u00e7\u00e3o\",\"description\":\"Impermeabiliza\u00e7\u00e3o, isolamento ac\u00fastico e t\u00e9rmico\",\"potentialAction\":[{\"@type\":\"SearchAction\",\"target\":{\"@type\":\"EntryPoint\",\"urlTemplate\":\"https:\/\/www.danosa.com\/pt-pt\/?s={search_term_string}\"},\"query-input\":\"required name=search_term_string\"}],\"inLanguage\":\"pt-PT\"},{\"@type\":\"ImageObject\",\"@id\":\"https:\/\/www.danosa.com\/pt-pt\/contacto\/soporte-tecnico\/#primaryimage\",\"inLanguage\":\"pt-PT\",\"url\":\"https:\/\/www.danosa.com\/pt-pt\/wp-content\/uploads\/sites\/5\/2021\/11\/Danosa_Tech4U.jpg\",\"contentUrl\":\"https:\/\/www.danosa.com\/pt-pt\/wp-content\/uploads\/sites\/5\/2021\/11\/Danosa_Tech4U.jpg\",\"width\":1920,\"height\":626},{\"@type\":\"WebPage\",\"@id\":\"https:\/\/www.danosa.com\/pt-pt\/contacto\/soporte-tecnico\/#webpage\",\"url\":\"https:\/\/www.danosa.com\/pt-pt\/contacto\/soporte-tecnico\/\",\"name\":\"Danosa suporte t\u00e9cnico online | Falar mais tarde? N\u00f3s te chamamos\",\"isPartOf\":{\"@id\":\"https:\/\/www.danosa.com\/pt-pt\/#website\"},\"primaryImageOfPage\":{\"@id\":\"https:\/\/www.danosa.com\/pt-pt\/contacto\/soporte-tecnico\/#primaryimage\"},\"datePublished\":\"2021-09-30T06:14:51+00:00\",\"dateModified\":\"2023-02-23T22:02:44+00:00\",\"description\":\"Resolva imediatamente qualquer d\u00favida contactando o seu t\u00e9cnico especializado Danosa por telefone, videoconfer\u00eancia ou e-mail. Como preferir.\",\"breadcrumb\":{\"@id\":\"https:\/\/www.danosa.com\/pt-pt\/contacto\/soporte-tecnico\/#breadcrumb\"},\"inLanguage\":\"pt-PT\",\"potentialAction\":[{\"@type\":\"ReadAction\",\"target\":[\"https:\/\/www.danosa.com\/pt-pt\/contacto\/soporte-tecnico\/\"]}]},{\"@type\":\"BreadcrumbList\",\"@id\":\"https:\/\/www.danosa.com\/pt-pt\/contacto\/soporte-tecnico\/#breadcrumb\",\"itemListElement\":[{\"@type\":\"ListItem\",\"position\":1,\"name\":\"Portada\",\"item\":\"https:\/\/www.danosa.com\/pt-pt\/\"},{\"@type\":\"ListItem\",\"position\":2,\"name\":\"Contactos\",\"item\":\"https:\/\/www.danosa.com\/pt-pt\/contacto\/\"},{\"@type\":\"ListItem\",\"position\":3,\"name\":\"Suporte T\u00e9cnico\"}]}]}<\/script>\n<!-- \/ Yoast SEO plugin. -->","yoast_head_json":{"title":"Danosa suporte t\u00e9cnico online | Falar mais tarde? N\u00f3s te chamamos","description":"Resolva imediatamente qualquer d\u00favida contactando o seu t\u00e9cnico especializado Danosa por telefone, videoconfer\u00eancia ou e-mail. Como preferir.","robots":{"index":"index","follow":"follow","max-snippet":"max-snippet:-1","max-image-preview":"max-image-preview:large","max-video-preview":"max-video-preview:-1"},"canonical":"https:\/\/www.danosa.com\/pt-pt\/contacto\/soporte-tecnico\/","og_locale":"pt_PT","og_type":"article","og_title":"Danosa suporte t\u00e9cnico online | Falar mais tarde? N\u00f3s te chamamos","og_description":"Resolva imediatamente qualquer d\u00favida contactando o seu t\u00e9cnico especializado Danosa por telefone, videoconfer\u00eancia ou e-mail. Como preferir.","og_url":"https:\/\/www.danosa.com\/pt-pt\/contacto\/soporte-tecnico\/","og_site_name":"Danosa | Solu\u00e7\u00f5es de constru\u00e7\u00e3o","article_modified_time":"2023-02-23T22:02:44+00:00","og_image":[{"url":"https:\/\/www.danosa.com\/pt-pt\/wp-content\/uploads\/sites\/5\/2021\/11\/Danosa_Tech4U.jpg"}],"twitter_card":"summary_large_image","twitter_misc":{"Tempo estimado de leitura":"2 minutos"},"schema":{"@context":"https:\/\/schema.org","@graph":[{"@type":"WebSite","@id":"https:\/\/www.danosa.com\/pt-pt\/#website","url":"https:\/\/www.danosa.com\/pt-pt\/","name":"Danosa | Solu\u00e7\u00f5es de constru\u00e7\u00e3o","description":"Impermeabiliza\u00e7\u00e3o, isolamento ac\u00fastico e t\u00e9rmico","potentialAction":[{"@type":"SearchAction","target":{"@type":"EntryPoint","urlTemplate":"https:\/\/www.danosa.com\/pt-pt\/?s={search_term_string}"},"query-input":"required name=search_term_string"}],"inLanguage":"pt-PT"},{"@type":"ImageObject","@id":"https:\/\/www.danosa.com\/pt-pt\/contacto\/soporte-tecnico\/#primaryimage","inLanguage":"pt-PT","url":"https:\/\/www.danosa.com\/pt-pt\/wp-content\/uploads\/sites\/5\/2021\/11\/Danosa_Tech4U.jpg","contentUrl":"https:\/\/www.danosa.com\/pt-pt\/wp-content\/uploads\/sites\/5\/2021\/11\/Danosa_Tech4U.jpg","width":1920,"height":626},{"@type":"WebPage","@id":"https:\/\/www.danosa.com\/pt-pt\/contacto\/soporte-tecnico\/#webpage","url":"https:\/\/www.danosa.com\/pt-pt\/contacto\/soporte-tecnico\/","name":"Danosa suporte t\u00e9cnico online | Falar mais tarde? N\u00f3s te chamamos","isPartOf":{"@id":"https:\/\/www.danosa.com\/pt-pt\/#website"},"primaryImageOfPage":{"@id":"https:\/\/www.danosa.com\/pt-pt\/contacto\/soporte-tecnico\/#primaryimage"},"datePublished":"2021-09-30T06:14:51+00:00","dateModified":"2023-02-23T22:02:44+00:00","description":"Resolva imediatamente qualquer d\u00favida contactando o seu t\u00e9cnico especializado Danosa por telefone, videoconfer\u00eancia ou e-mail. Como preferir.","breadcrumb":{"@id":"https:\/\/www.danosa.com\/pt-pt\/contacto\/soporte-tecnico\/#breadcrumb"},"inLanguage":"pt-PT","potentialAction":[{"@type":"ReadAction","target":["https:\/\/www.danosa.com\/pt-pt\/contacto\/soporte-tecnico\/"]}]},{"@type":"BreadcrumbList","@id":"https:\/\/www.danosa.com\/pt-pt\/contacto\/soporte-tecnico\/#breadcrumb","itemListElement":[{"@type":"ListItem","position":1,"name":"Portada","item":"https:\/\/www.danosa.com\/pt-pt\/"},{"@type":"ListItem","position":2,"name":"Contactos","item":"https:\/\/www.danosa.com\/pt-pt\/contacto\/"},{"@type":"ListItem","position":3,"name":"Suporte T\u00e9cnico"}]}]}},"_links":{"self":[{"href":"https:\/\/www.danosa.com\/pt-pt\/wp-json\/wp\/v2\/pages\/6999"}],"collection":[{"href":"https:\/\/www.danosa.com\/pt-pt\/wp-json\/wp\/v2\/pages"}],"about":[{"href":"https:\/\/www.danosa.com\/pt-pt\/wp-json\/wp\/v2\/types\/page"}],"author":[{"embeddable":true,"href":"https:\/\/www.danosa.com\/pt-pt\/wp-json\/wp\/v2\/users\/1"}],"replies":[{"embeddable":true,"href":"https:\/\/www.danosa.com\/pt-pt\/wp-json\/wp\/v2\/comments?post=6999"}],"version-history":[{"count":23,"href":"https:\/\/www.danosa.com\/pt-pt\/wp-json\/wp\/v2\/pages\/6999\/revisions"}],"predecessor-version":[{"id":9172,"href":"https:\/\/www.danosa.com\/pt-pt\/wp-json\/wp\/v2\/pages\/6999\/revisions\/9172"}],"up":[{"embeddable":true,"href":"https:\/\/www.danosa.com\/pt-pt\/wp-json\/wp\/v2\/pages\/90"}],"wp:attachment":[{"href":"https:\/\/www.danosa.com\/pt-pt\/wp-json\/wp\/v2\/media?parent=6999"}],"curies":[{"name":"wp","href":"https:\/\/api.w.org\/{rel}","templated":true}]}}