{"id":7017,"date":"2021-09-30T07:45:09","date_gmt":"2021-09-30T07:45:09","guid":{"rendered":"https:\/\/www.danosa.com\/pt-pt\/?page_id=7017"},"modified":"2023-02-23T22:48:36","modified_gmt":"2023-02-23T22:48:36","slug":"biblioteca-cad","status":"publish","type":"page","link":"https:\/\/www.danosa.com\/pt-pt\/prescripcion\/biblioteca-cad\/","title":{"rendered":"Biblioteca CAD"},"content":{"rendered":"","protected":false},"excerpt":{"rendered":"","protected":false},"author":1,"featured_media":0,"parent":82,"menu_order":0,"comment_status":"closed","ping_status":"closed","template":"tp-cad.php","meta":{"inline_featured_image":false,"site-sidebar-layout":"default","site-content-layout":"default","ast-main-header-display":"","ast-hfb-above-header-display":"","ast-hfb-below-header-display":"","ast-hfb-mobile-header-display":"","site-post-title":"","ast-breadcrumbs-content":"","ast-featured-img":"","footer-sml-layout":"","theme-transparent-header-meta":"default","adv-header-id-meta":"","stick-header-meta":"default","header-above-stick-meta":"","header-main-stick-meta":"","header-below-stick-meta":""},"acf":[],"yoast_head":"<!-- This site is optimized with the Yoast SEO plugin v18.1 - https:\/\/yoast.com\/wordpress\/plugins\/seo\/ -->\n<title>Biblioteca CAD | Produtos e sistemas impermeabiliza\u00e7\u00e3o e isolamento<\/title>\n<meta name=\"description\" content=\"Descarregue ficheiros CAD da nossa vasta gama de produtos, sistemas e solu\u00e7\u00f5es para a constru\u00e7\u00e3o civil, comercial e residencial.\" \/>\n<meta name=\"robots\" content=\"index, follow, max-snippet:-1, max-image-preview:large, max-video-preview:-1\" \/>\n<link rel=\"canonical\" href=\"https:\/\/www.danosa.com\/pt-pt\/prescripcion\/biblioteca-cad\/\" \/>\n<meta property=\"og:locale\" content=\"pt_PT\" \/>\n<meta property=\"og:type\" content=\"article\" \/>\n<meta property=\"og:title\" content=\"Biblioteca CAD | Produtos e sistemas impermeabiliza\u00e7\u00e3o e isolamento\" \/>\n<meta property=\"og:description\" content=\"Descarregue ficheiros CAD da nossa vasta gama de produtos, sistemas e solu\u00e7\u00f5es para a constru\u00e7\u00e3o civil, comercial e residencial.\" \/>\n<meta property=\"og:url\" content=\"https:\/\/www.danosa.com\/pt-pt\/prescripcion\/biblioteca-cad\/\" \/>\n<meta property=\"og:site_name\" content=\"Danosa | Solu\u00e7\u00f5es de constru\u00e7\u00e3o\" \/>\n<meta property=\"article:modified_time\" content=\"2023-02-23T22:48:36+00:00\" \/>\n<meta name=\"twitter:card\" content=\"summary_large_image\" \/>\n<script type=\"application\/ld+json\" class=\"yoast-schema-graph\">{\"@context\":\"https:\/\/schema.org\",\"@graph\":[{\"@type\":\"WebSite\",\"@id\":\"https:\/\/www.danosa.com\/pt-pt\/#website\",\"url\":\"https:\/\/www.danosa.com\/pt-pt\/\",\"name\":\"Danosa | Solu\u00e7\u00f5es de constru\u00e7\u00e3o\",\"description\":\"Impermeabiliza\u00e7\u00e3o, isolamento ac\u00fastico e t\u00e9rmico\",\"potentialAction\":[{\"@type\":\"SearchAction\",\"target\":{\"@type\":\"EntryPoint\",\"urlTemplate\":\"https:\/\/www.danosa.com\/pt-pt\/?s={search_term_string}\"},\"query-input\":\"required name=search_term_string\"}],\"inLanguage\":\"pt-PT\"},{\"@type\":\"WebPage\",\"@id\":\"https:\/\/www.danosa.com\/pt-pt\/prescripcion\/biblioteca-cad\/#webpage\",\"url\":\"https:\/\/www.danosa.com\/pt-pt\/prescripcion\/biblioteca-cad\/\",\"name\":\"Biblioteca CAD | Produtos e sistemas impermeabiliza\u00e7\u00e3o e isolamento\",\"isPartOf\":{\"@id\":\"https:\/\/www.danosa.com\/pt-pt\/#website\"},\"datePublished\":\"2021-09-30T07:45:09+00:00\",\"dateModified\":\"2023-02-23T22:48:36+00:00\",\"description\":\"Descarregue ficheiros CAD da nossa vasta gama de produtos, sistemas e solu\u00e7\u00f5es para a constru\u00e7\u00e3o civil, comercial e residencial.\",\"breadcrumb\":{\"@id\":\"https:\/\/www.danosa.com\/pt-pt\/prescripcion\/biblioteca-cad\/#breadcrumb\"},\"inLanguage\":\"pt-PT\",\"potentialAction\":[{\"@type\":\"ReadAction\",\"target\":[\"https:\/\/www.danosa.com\/pt-pt\/prescripcion\/biblioteca-cad\/\"]}]},{\"@type\":\"BreadcrumbList\",\"@id\":\"https:\/\/www.danosa.com\/pt-pt\/prescripcion\/biblioteca-cad\/#breadcrumb\",\"itemListElement\":[{\"@type\":\"ListItem\",\"position\":1,\"name\":\"Portada\",\"item\":\"https:\/\/www.danosa.com\/pt-pt\/\"},{\"@type\":\"ListItem\",\"position\":2,\"name\":\"Prescri\u00e7\u00e3o\",\"item\":\"https:\/\/www.danosa.com\/pt-pt\/prescripcion\/\"},{\"@type\":\"ListItem\",\"position\":3,\"name\":\"Biblioteca CAD\"}]}]}<\/script>\n<!-- \/ Yoast SEO plugin. -->","yoast_head_json":{"title":"Biblioteca CAD | Produtos e sistemas impermeabiliza\u00e7\u00e3o e isolamento","description":"Descarregue ficheiros CAD da nossa vasta gama de produtos, sistemas e solu\u00e7\u00f5es para a constru\u00e7\u00e3o civil, comercial e residencial.","robots":{"index":"index","follow":"follow","max-snippet":"max-snippet:-1","max-image-preview":"max-image-preview:large","max-video-preview":"max-video-preview:-1"},"canonical":"https:\/\/www.danosa.com\/pt-pt\/prescripcion\/biblioteca-cad\/","og_locale":"pt_PT","og_type":"article","og_title":"Biblioteca CAD | Produtos e sistemas impermeabiliza\u00e7\u00e3o e isolamento","og_description":"Descarregue ficheiros CAD da nossa vasta gama de produtos, sistemas e solu\u00e7\u00f5es para a constru\u00e7\u00e3o civil, comercial e residencial.","og_url":"https:\/\/www.danosa.com\/pt-pt\/prescripcion\/biblioteca-cad\/","og_site_name":"Danosa | Solu\u00e7\u00f5es de constru\u00e7\u00e3o","article_modified_time":"2023-02-23T22:48:36+00:00","twitter_card":"summary_large_image","schema":{"@context":"https:\/\/schema.org","@graph":[{"@type":"WebSite","@id":"https:\/\/www.danosa.com\/pt-pt\/#website","url":"https:\/\/www.danosa.com\/pt-pt\/","name":"Danosa | Solu\u00e7\u00f5es de constru\u00e7\u00e3o","description":"Impermeabiliza\u00e7\u00e3o, isolamento ac\u00fastico e t\u00e9rmico","potentialAction":[{"@type":"SearchAction","target":{"@type":"EntryPoint","urlTemplate":"https:\/\/www.danosa.com\/pt-pt\/?s={search_term_string}"},"query-input":"required name=search_term_string"}],"inLanguage":"pt-PT"},{"@type":"WebPage","@id":"https:\/\/www.danosa.com\/pt-pt\/prescripcion\/biblioteca-cad\/#webpage","url":"https:\/\/www.danosa.com\/pt-pt\/prescripcion\/biblioteca-cad\/","name":"Biblioteca CAD | Produtos e sistemas impermeabiliza\u00e7\u00e3o e isolamento","isPartOf":{"@id":"https:\/\/www.danosa.com\/pt-pt\/#website"},"datePublished":"2021-09-30T07:45:09+00:00","dateModified":"2023-02-23T22:48:36+00:00","description":"Descarregue ficheiros CAD da nossa vasta gama de produtos, sistemas e solu\u00e7\u00f5es para a constru\u00e7\u00e3o civil, comercial e residencial.","breadcrumb":{"@id":"https:\/\/www.danosa.com\/pt-pt\/prescripcion\/biblioteca-cad\/#breadcrumb"},"inLanguage":"pt-PT","potentialAction":[{"@type":"ReadAction","target":["https:\/\/www.danosa.com\/pt-pt\/prescripcion\/biblioteca-cad\/"]}]},{"@type":"BreadcrumbList","@id":"https:\/\/www.danosa.com\/pt-pt\/prescripcion\/biblioteca-cad\/#breadcrumb","itemListElement":[{"@type":"ListItem","position":1,"name":"Portada","item":"https:\/\/www.danosa.com\/pt-pt\/"},{"@type":"ListItem","position":2,"name":"Prescri\u00e7\u00e3o","item":"https:\/\/www.danosa.com\/pt-pt\/prescripcion\/"},{"@type":"ListItem","position":3,"name":"Biblioteca CAD"}]}]}},"_links":{"self":[{"href":"https:\/\/www.danosa.com\/pt-pt\/wp-json\/wp\/v2\/pages\/7017"}],"collection":[{"href":"https:\/\/www.danosa.com\/pt-pt\/wp-json\/wp\/v2\/pages"}],"about":[{"href":"https:\/\/www.danosa.com\/pt-pt\/wp-json\/wp\/v2\/types\/page"}],"author":[{"embeddable":true,"href":"https:\/\/www.danosa.com\/pt-pt\/wp-json\/wp\/v2\/users\/1"}],"replies":[{"embeddable":true,"href":"https:\/\/www.danosa.com\/pt-pt\/wp-json\/wp\/v2\/comments?post=7017"}],"version-history":[{"count":6,"href":"https:\/\/www.danosa.com\/pt-pt\/wp-json\/wp\/v2\/pages\/7017\/revisions"}],"predecessor-version":[{"id":7499,"href":"https:\/\/www.danosa.com\/pt-pt\/wp-json\/wp\/v2\/pages\/7017\/revisions\/7499"}],"up":[{"embeddable":true,"href":"https:\/\/www.danosa.com\/pt-pt\/wp-json\/wp\/v2\/pages\/82"}],"wp:attachment":[{"href":"https:\/\/www.danosa.com\/pt-pt\/wp-json\/wp\/v2\/media?parent=7017"}],"curies":[{"name":"wp","href":"https:\/\/api.w.org\/{rel}","templated":true}]}}