{"id":7187,"date":"2021-10-04T16:29:57","date_gmt":"2021-10-04T15:29:57","guid":{"rendered":"https:\/\/www.danosa.com\/pt-pt\/?page_id=7187"},"modified":"2023-02-23T23:00:36","modified_gmt":"2023-02-23T23:00:36","slug":"sustentabilidade","status":"publish","type":"page","link":"https:\/\/www.danosa.com\/pt-pt\/sistemas\/sustentabilidade\/","title":{"rendered":"Sustentabilidade"},"content":{"rendered":"","protected":false},"excerpt":{"rendered":"","protected":false},"author":1,"featured_media":0,"parent":80,"menu_order":0,"comment_status":"closed","ping_status":"closed","template":"tp-systems.php","meta":{"inline_featured_image":false,"site-sidebar-layout":"default","site-content-layout":"default","ast-main-header-display":"","ast-hfb-above-header-display":"","ast-hfb-below-header-display":"","ast-hfb-mobile-header-display":"","site-post-title":"","ast-breadcrumbs-content":"","ast-featured-img":"","footer-sml-layout":"","theme-transparent-header-meta":"default","adv-header-id-meta":"","stick-header-meta":"default","header-above-stick-meta":"","header-main-stick-meta":"","header-below-stick-meta":""},"acf":[],"yoast_head":"<!-- This site is optimized with the Yoast SEO plugin v18.1 - https:\/\/yoast.com\/wordpress\/plugins\/seo\/ -->\n<title>As solu\u00e7\u00f5es t\u00e9cnicas mais sustent\u00e1veis \u200b\u200bpara a constru\u00e7\u00e3o | Danosa<\/title>\n<meta name=\"description\" content=\"Solu\u00e7\u00f5es sustent\u00e1veis para impermeabiliza\u00e7\u00e3o, drenagem, isolamento t\u00e9rmico e ac\u00fastico de telhados, fachadas, edif\u00edcios, pavimentos e lajes.\" \/>\n<meta name=\"robots\" content=\"index, follow, max-snippet:-1, max-image-preview:large, max-video-preview:-1\" \/>\n<link rel=\"canonical\" href=\"https:\/\/www.danosa.com\/pt-pt\/sistemas\/sustentabilidade\/\" \/>\n<meta property=\"og:locale\" content=\"pt_PT\" \/>\n<meta property=\"og:type\" content=\"article\" \/>\n<meta property=\"og:title\" content=\"As solu\u00e7\u00f5es t\u00e9cnicas mais sustent\u00e1veis \u200b\u200bpara a constru\u00e7\u00e3o | Danosa\" \/>\n<meta property=\"og:description\" content=\"Solu\u00e7\u00f5es sustent\u00e1veis para impermeabiliza\u00e7\u00e3o, drenagem, isolamento t\u00e9rmico e ac\u00fastico de telhados, fachadas, edif\u00edcios, pavimentos e lajes.\" \/>\n<meta property=\"og:url\" content=\"https:\/\/www.danosa.com\/pt-pt\/sistemas\/sustentabilidade\/\" \/>\n<meta property=\"og:site_name\" content=\"Danosa | Solu\u00e7\u00f5es de constru\u00e7\u00e3o\" \/>\n<meta property=\"article:modified_time\" content=\"2023-02-23T23:00:36+00:00\" \/>\n<meta name=\"twitter:card\" content=\"summary_large_image\" \/>\n<script type=\"application\/ld+json\" class=\"yoast-schema-graph\">{\"@context\":\"https:\/\/schema.org\",\"@graph\":[{\"@type\":\"WebSite\",\"@id\":\"https:\/\/www.danosa.com\/pt-pt\/#website\",\"url\":\"https:\/\/www.danosa.com\/pt-pt\/\",\"name\":\"Danosa | Solu\u00e7\u00f5es de constru\u00e7\u00e3o\",\"description\":\"Impermeabiliza\u00e7\u00e3o, isolamento ac\u00fastico e t\u00e9rmico\",\"potentialAction\":[{\"@type\":\"SearchAction\",\"target\":{\"@type\":\"EntryPoint\",\"urlTemplate\":\"https:\/\/www.danosa.com\/pt-pt\/?s={search_term_string}\"},\"query-input\":\"required name=search_term_string\"}],\"inLanguage\":\"pt-PT\"},{\"@type\":\"WebPage\",\"@id\":\"https:\/\/www.danosa.com\/pt-pt\/sistemas\/sustentabilidade\/#webpage\",\"url\":\"https:\/\/www.danosa.com\/pt-pt\/sistemas\/sustentabilidade\/\",\"name\":\"As solu\u00e7\u00f5es t\u00e9cnicas mais sustent\u00e1veis \u200b\u200bpara a constru\u00e7\u00e3o | Danosa\",\"isPartOf\":{\"@id\":\"https:\/\/www.danosa.com\/pt-pt\/#website\"},\"datePublished\":\"2021-10-04T15:29:57+00:00\",\"dateModified\":\"2023-02-23T23:00:36+00:00\",\"description\":\"Solu\u00e7\u00f5es sustent\u00e1veis para impermeabiliza\u00e7\u00e3o, drenagem, isolamento t\u00e9rmico e ac\u00fastico de telhados, fachadas, edif\u00edcios, pavimentos e lajes.\",\"breadcrumb\":{\"@id\":\"https:\/\/www.danosa.com\/pt-pt\/sistemas\/sustentabilidade\/#breadcrumb\"},\"inLanguage\":\"pt-PT\",\"potentialAction\":[{\"@type\":\"ReadAction\",\"target\":[\"https:\/\/www.danosa.com\/pt-pt\/sistemas\/sustentabilidade\/\"]}]},{\"@type\":\"BreadcrumbList\",\"@id\":\"https:\/\/www.danosa.com\/pt-pt\/sistemas\/sustentabilidade\/#breadcrumb\",\"itemListElement\":[{\"@type\":\"ListItem\",\"position\":1,\"name\":\"Portada\",\"item\":\"https:\/\/www.danosa.com\/pt-pt\/\"},{\"@type\":\"ListItem\",\"position\":2,\"name\":\"Sistemas\",\"item\":\"https:\/\/www.danosa.com\/pt-pt\/sistemas\/\"},{\"@type\":\"ListItem\",\"position\":3,\"name\":\"Sustentabilidade\"}]}]}<\/script>\n<!-- \/ Yoast SEO plugin. -->","yoast_head_json":{"title":"As solu\u00e7\u00f5es t\u00e9cnicas mais sustent\u00e1veis \u200b\u200bpara a constru\u00e7\u00e3o | Danosa","description":"Solu\u00e7\u00f5es sustent\u00e1veis para impermeabiliza\u00e7\u00e3o, drenagem, isolamento t\u00e9rmico e ac\u00fastico de telhados, fachadas, edif\u00edcios, pavimentos e lajes.","robots":{"index":"index","follow":"follow","max-snippet":"max-snippet:-1","max-image-preview":"max-image-preview:large","max-video-preview":"max-video-preview:-1"},"canonical":"https:\/\/www.danosa.com\/pt-pt\/sistemas\/sustentabilidade\/","og_locale":"pt_PT","og_type":"article","og_title":"As solu\u00e7\u00f5es t\u00e9cnicas mais sustent\u00e1veis \u200b\u200bpara a constru\u00e7\u00e3o | Danosa","og_description":"Solu\u00e7\u00f5es sustent\u00e1veis para impermeabiliza\u00e7\u00e3o, drenagem, isolamento t\u00e9rmico e ac\u00fastico de telhados, fachadas, edif\u00edcios, pavimentos e lajes.","og_url":"https:\/\/www.danosa.com\/pt-pt\/sistemas\/sustentabilidade\/","og_site_name":"Danosa | Solu\u00e7\u00f5es de constru\u00e7\u00e3o","article_modified_time":"2023-02-23T23:00:36+00:00","twitter_card":"summary_large_image","schema":{"@context":"https:\/\/schema.org","@graph":[{"@type":"WebSite","@id":"https:\/\/www.danosa.com\/pt-pt\/#website","url":"https:\/\/www.danosa.com\/pt-pt\/","name":"Danosa | Solu\u00e7\u00f5es de constru\u00e7\u00e3o","description":"Impermeabiliza\u00e7\u00e3o, isolamento ac\u00fastico e t\u00e9rmico","potentialAction":[{"@type":"SearchAction","target":{"@type":"EntryPoint","urlTemplate":"https:\/\/www.danosa.com\/pt-pt\/?s={search_term_string}"},"query-input":"required name=search_term_string"}],"inLanguage":"pt-PT"},{"@type":"WebPage","@id":"https:\/\/www.danosa.com\/pt-pt\/sistemas\/sustentabilidade\/#webpage","url":"https:\/\/www.danosa.com\/pt-pt\/sistemas\/sustentabilidade\/","name":"As solu\u00e7\u00f5es t\u00e9cnicas mais sustent\u00e1veis \u200b\u200bpara a constru\u00e7\u00e3o | Danosa","isPartOf":{"@id":"https:\/\/www.danosa.com\/pt-pt\/#website"},"datePublished":"2021-10-04T15:29:57+00:00","dateModified":"2023-02-23T23:00:36+00:00","description":"Solu\u00e7\u00f5es sustent\u00e1veis para impermeabiliza\u00e7\u00e3o, drenagem, isolamento t\u00e9rmico e ac\u00fastico de telhados, fachadas, edif\u00edcios, pavimentos e lajes.","breadcrumb":{"@id":"https:\/\/www.danosa.com\/pt-pt\/sistemas\/sustentabilidade\/#breadcrumb"},"inLanguage":"pt-PT","potentialAction":[{"@type":"ReadAction","target":["https:\/\/www.danosa.com\/pt-pt\/sistemas\/sustentabilidade\/"]}]},{"@type":"BreadcrumbList","@id":"https:\/\/www.danosa.com\/pt-pt\/sistemas\/sustentabilidade\/#breadcrumb","itemListElement":[{"@type":"ListItem","position":1,"name":"Portada","item":"https:\/\/www.danosa.com\/pt-pt\/"},{"@type":"ListItem","position":2,"name":"Sistemas","item":"https:\/\/www.danosa.com\/pt-pt\/sistemas\/"},{"@type":"ListItem","position":3,"name":"Sustentabilidade"}]}]}},"_links":{"self":[{"href":"https:\/\/www.danosa.com\/pt-pt\/wp-json\/wp\/v2\/pages\/7187"}],"collection":[{"href":"https:\/\/www.danosa.com\/pt-pt\/wp-json\/wp\/v2\/pages"}],"about":[{"href":"https:\/\/www.danosa.com\/pt-pt\/wp-json\/wp\/v2\/types\/page"}],"author":[{"embeddable":true,"href":"https:\/\/www.danosa.com\/pt-pt\/wp-json\/wp\/v2\/users\/1"}],"replies":[{"embeddable":true,"href":"https:\/\/www.danosa.com\/pt-pt\/wp-json\/wp\/v2\/comments?post=7187"}],"version-history":[{"count":8,"href":"https:\/\/www.danosa.com\/pt-pt\/wp-json\/wp\/v2\/pages\/7187\/revisions"}],"predecessor-version":[{"id":8520,"href":"https:\/\/www.danosa.com\/pt-pt\/wp-json\/wp\/v2\/pages\/7187\/revisions\/8520"}],"up":[{"embeddable":true,"href":"https:\/\/www.danosa.com\/pt-pt\/wp-json\/wp\/v2\/pages\/80"}],"wp:attachment":[{"href":"https:\/\/www.danosa.com\/pt-pt\/wp-json\/wp\/v2\/media?parent=7187"}],"curies":[{"name":"wp","href":"https:\/\/api.w.org\/{rel}","templated":true}]}}