{"id":86,"date":"2021-06-22T11:26:30","date_gmt":"2021-06-22T10:26:30","guid":{"rendered":"https:\/\/www.danosa.com\/pt-pt\/?page_id=86"},"modified":"2023-02-23T22:09:20","modified_gmt":"2023-02-23T22:09:20","slug":"download","status":"publish","type":"page","link":"https:\/\/www.danosa.com\/pt-pt\/download\/","title":{"rendered":"Documenta\u00e7\u00e3o"},"content":{"rendered":"","protected":false},"excerpt":{"rendered":"","protected":false},"author":1,"featured_media":0,"parent":0,"menu_order":0,"comment_status":"closed","ping_status":"closed","template":"tp-tools.php","meta":{"inline_featured_image":false,"site-sidebar-layout":"default","site-content-layout":"default","ast-main-header-display":"","ast-hfb-above-header-display":"","ast-hfb-below-header-display":"","ast-hfb-mobile-header-display":"","site-post-title":"","ast-breadcrumbs-content":"","ast-featured-img":"","footer-sml-layout":"","theme-transparent-header-meta":"default","adv-header-id-meta":"","stick-header-meta":"default","header-above-stick-meta":"","header-main-stick-meta":"","header-below-stick-meta":""},"acf":[],"yoast_head":"<!-- This site is optimized with the Yoast SEO plugin v18.1 - https:\/\/yoast.com\/wordpress\/plugins\/seo\/ -->\n<title>Danosa Downloads | Cat\u00e1logos, BIM, Certifica\u00e7\u00f5es, CAD, Tabelas pre\u00e7os<\/title>\n<meta name=\"description\" content=\"Nesta sec\u00e7\u00e3o pode descarregar cat\u00e1logos, produtos e solu\u00e7\u00f5es, certifica\u00e7\u00f5es, pre\u00e7os e condi\u00e7\u00f5es, ficheiros BIM e CAD, e v\u00eddeos.\" \/>\n<meta name=\"robots\" content=\"index, follow, max-snippet:-1, max-image-preview:large, max-video-preview:-1\" \/>\n<link rel=\"canonical\" href=\"https:\/\/www.danosa.com\/pt-pt\/download\/\" \/>\n<meta property=\"og:locale\" content=\"pt_PT\" \/>\n<meta property=\"og:type\" content=\"article\" \/>\n<meta property=\"og:title\" content=\"Danosa Downloads | Cat\u00e1logos, BIM, Certifica\u00e7\u00f5es, CAD, Tabelas pre\u00e7os\" \/>\n<meta property=\"og:description\" content=\"Nesta sec\u00e7\u00e3o pode descarregar cat\u00e1logos, produtos e solu\u00e7\u00f5es, certifica\u00e7\u00f5es, pre\u00e7os e condi\u00e7\u00f5es, ficheiros BIM e CAD, e v\u00eddeos.\" \/>\n<meta property=\"og:url\" content=\"https:\/\/www.danosa.com\/pt-pt\/download\/\" \/>\n<meta property=\"og:site_name\" content=\"Danosa | Solu\u00e7\u00f5es de constru\u00e7\u00e3o\" \/>\n<meta property=\"article:modified_time\" content=\"2023-02-23T22:09:20+00:00\" \/>\n<meta name=\"twitter:card\" content=\"summary_large_image\" \/>\n<script type=\"application\/ld+json\" class=\"yoast-schema-graph\">{\"@context\":\"https:\/\/schema.org\",\"@graph\":[{\"@type\":\"WebSite\",\"@id\":\"https:\/\/www.danosa.com\/pt-pt\/#website\",\"url\":\"https:\/\/www.danosa.com\/pt-pt\/\",\"name\":\"Danosa | Solu\u00e7\u00f5es de constru\u00e7\u00e3o\",\"description\":\"Impermeabiliza\u00e7\u00e3o, isolamento ac\u00fastico e t\u00e9rmico\",\"potentialAction\":[{\"@type\":\"SearchAction\",\"target\":{\"@type\":\"EntryPoint\",\"urlTemplate\":\"https:\/\/www.danosa.com\/pt-pt\/?s={search_term_string}\"},\"query-input\":\"required name=search_term_string\"}],\"inLanguage\":\"pt-PT\"},{\"@type\":\"WebPage\",\"@id\":\"https:\/\/www.danosa.com\/pt-pt\/download\/#webpage\",\"url\":\"https:\/\/www.danosa.com\/pt-pt\/download\/\",\"name\":\"Danosa Downloads | Cat\u00e1logos, BIM, Certifica\u00e7\u00f5es, CAD, Tabelas pre\u00e7os\",\"isPartOf\":{\"@id\":\"https:\/\/www.danosa.com\/pt-pt\/#website\"},\"datePublished\":\"2021-06-22T10:26:30+00:00\",\"dateModified\":\"2023-02-23T22:09:20+00:00\",\"description\":\"Nesta sec\u00e7\u00e3o pode descarregar cat\u00e1logos, produtos e solu\u00e7\u00f5es, certifica\u00e7\u00f5es, pre\u00e7os e condi\u00e7\u00f5es, ficheiros BIM e CAD, e v\u00eddeos.\",\"breadcrumb\":{\"@id\":\"https:\/\/www.danosa.com\/pt-pt\/download\/#breadcrumb\"},\"inLanguage\":\"pt-PT\",\"potentialAction\":[{\"@type\":\"ReadAction\",\"target\":[\"https:\/\/www.danosa.com\/pt-pt\/download\/\"]}]},{\"@type\":\"BreadcrumbList\",\"@id\":\"https:\/\/www.danosa.com\/pt-pt\/download\/#breadcrumb\",\"itemListElement\":[{\"@type\":\"ListItem\",\"position\":1,\"name\":\"Portada\",\"item\":\"https:\/\/www.danosa.com\/pt-pt\/\"},{\"@type\":\"ListItem\",\"position\":2,\"name\":\"Documenta\u00e7\u00e3o\"}]}]}<\/script>\n<!-- \/ Yoast SEO plugin. -->","yoast_head_json":{"title":"Danosa Downloads | Cat\u00e1logos, BIM, Certifica\u00e7\u00f5es, CAD, Tabelas pre\u00e7os","description":"Nesta sec\u00e7\u00e3o pode descarregar cat\u00e1logos, produtos e solu\u00e7\u00f5es, certifica\u00e7\u00f5es, pre\u00e7os e condi\u00e7\u00f5es, ficheiros BIM e CAD, e v\u00eddeos.","robots":{"index":"index","follow":"follow","max-snippet":"max-snippet:-1","max-image-preview":"max-image-preview:large","max-video-preview":"max-video-preview:-1"},"canonical":"https:\/\/www.danosa.com\/pt-pt\/download\/","og_locale":"pt_PT","og_type":"article","og_title":"Danosa Downloads | Cat\u00e1logos, BIM, Certifica\u00e7\u00f5es, CAD, Tabelas pre\u00e7os","og_description":"Nesta sec\u00e7\u00e3o pode descarregar cat\u00e1logos, produtos e solu\u00e7\u00f5es, certifica\u00e7\u00f5es, pre\u00e7os e condi\u00e7\u00f5es, ficheiros BIM e CAD, e v\u00eddeos.","og_url":"https:\/\/www.danosa.com\/pt-pt\/download\/","og_site_name":"Danosa | Solu\u00e7\u00f5es de constru\u00e7\u00e3o","article_modified_time":"2023-02-23T22:09:20+00:00","twitter_card":"summary_large_image","schema":{"@context":"https:\/\/schema.org","@graph":[{"@type":"WebSite","@id":"https:\/\/www.danosa.com\/pt-pt\/#website","url":"https:\/\/www.danosa.com\/pt-pt\/","name":"Danosa | Solu\u00e7\u00f5es de constru\u00e7\u00e3o","description":"Impermeabiliza\u00e7\u00e3o, isolamento ac\u00fastico e t\u00e9rmico","potentialAction":[{"@type":"SearchAction","target":{"@type":"EntryPoint","urlTemplate":"https:\/\/www.danosa.com\/pt-pt\/?s={search_term_string}"},"query-input":"required name=search_term_string"}],"inLanguage":"pt-PT"},{"@type":"WebPage","@id":"https:\/\/www.danosa.com\/pt-pt\/download\/#webpage","url":"https:\/\/www.danosa.com\/pt-pt\/download\/","name":"Danosa Downloads | Cat\u00e1logos, BIM, Certifica\u00e7\u00f5es, CAD, Tabelas pre\u00e7os","isPartOf":{"@id":"https:\/\/www.danosa.com\/pt-pt\/#website"},"datePublished":"2021-06-22T10:26:30+00:00","dateModified":"2023-02-23T22:09:20+00:00","description":"Nesta sec\u00e7\u00e3o pode descarregar cat\u00e1logos, produtos e solu\u00e7\u00f5es, certifica\u00e7\u00f5es, pre\u00e7os e condi\u00e7\u00f5es, ficheiros BIM e CAD, e v\u00eddeos.","breadcrumb":{"@id":"https:\/\/www.danosa.com\/pt-pt\/download\/#breadcrumb"},"inLanguage":"pt-PT","potentialAction":[{"@type":"ReadAction","target":["https:\/\/www.danosa.com\/pt-pt\/download\/"]}]},{"@type":"BreadcrumbList","@id":"https:\/\/www.danosa.com\/pt-pt\/download\/#breadcrumb","itemListElement":[{"@type":"ListItem","position":1,"name":"Portada","item":"https:\/\/www.danosa.com\/pt-pt\/"},{"@type":"ListItem","position":2,"name":"Documenta\u00e7\u00e3o"}]}]}},"_links":{"self":[{"href":"https:\/\/www.danosa.com\/pt-pt\/wp-json\/wp\/v2\/pages\/86"}],"collection":[{"href":"https:\/\/www.danosa.com\/pt-pt\/wp-json\/wp\/v2\/pages"}],"about":[{"href":"https:\/\/www.danosa.com\/pt-pt\/wp-json\/wp\/v2\/types\/page"}],"author":[{"embeddable":true,"href":"https:\/\/www.danosa.com\/pt-pt\/wp-json\/wp\/v2\/users\/1"}],"replies":[{"embeddable":true,"href":"https:\/\/www.danosa.com\/pt-pt\/wp-json\/wp\/v2\/comments?post=86"}],"version-history":[{"count":12,"href":"https:\/\/www.danosa.com\/pt-pt\/wp-json\/wp\/v2\/pages\/86\/revisions"}],"predecessor-version":[{"id":8860,"href":"https:\/\/www.danosa.com\/pt-pt\/wp-json\/wp\/v2\/pages\/86\/revisions\/8860"}],"wp:attachment":[{"href":"https:\/\/www.danosa.com\/pt-pt\/wp-json\/wp\/v2\/media?parent=86"}],"curies":[{"name":"wp","href":"https:\/\/api.w.org\/{rel}","templated":true}]}}