{"id":9977,"date":"2024-07-08T17:02:45","date_gmt":"2024-07-08T16:02:45","guid":{"rendered":"https:\/\/www.danosa.com\/pt-pt\/?page_id=9977"},"modified":"2024-07-08T17:02:50","modified_gmt":"2024-07-08T16:02:50","slug":"danotherm-etics-xps","status":"publish","type":"page","link":"https:\/\/www.danosa.com\/pt-pt\/danotherm-etics-xps\/","title":{"rendered":"danotherm etics xps"},"content":{"rendered":"\n<div class=\"wp-container-1 wp-block-group alignfull detsistdanotherm\"><div class=\"wp-block-group__inner-container\">\n<div class=\"wp-block-cover alignfull\" style=\"min-height:135px\"><span aria-hidden=\"true\" class=\"has-ast-global-color-7-background-color has-background-dim-100 wp-block-cover__gradient-background has-background-dim\"><\/span><div class=\"wp-block-cover__inner-container\">\n<h1 class=\"has-ast-global-color-5-color has-text-color\"><strong>DANOTHERM<sup><strong>\u00ae<\/strong><\/sup> XPS<\/strong><\/h1>\n\n\n\n<h2 class=\"has-ast-global-color-5-color has-text-color\">EXCEL\u00caNCIA T\u00c9RMICA INALTER\u00c1VEL COM O DECORRER DO TEMPO<\/h2>\n<\/div><\/div>\n\n\n\n<figure class=\"wp-block-image size-full is-resized\"><img loading=\"lazy\" src=\"https:\/\/www.danosa.com\/pt-pt\/wp-content\/uploads\/sites\/5\/2024\/07\/Sistemas_ETICS_1260x520_XPS-1024x423-1.png\" alt=\"\" class=\"wp-image-11136\" width=\"1121\" height=\"463\" srcset=\"https:\/\/www.danosa.com\/pt-pt\/wp-content\/uploads\/sites\/5\/2024\/07\/Sistemas_ETICS_1260x520_XPS-1024x423-1.png 1024w, https:\/\/www.danosa.com\/pt-pt\/wp-content\/uploads\/sites\/5\/2024\/07\/Sistemas_ETICS_1260x520_XPS-1024x423-1-300x124.png 300w, https:\/\/www.danosa.com\/pt-pt\/wp-content\/uploads\/sites\/5\/2024\/07\/Sistemas_ETICS_1260x520_XPS-1024x423-1-768x317.png 768w\" sizes=\"(max-width: 1121px) 100vw, 1121px\" \/><figcaption>*Apenas para casas Passive House<\/figcaption><\/figure>\n\n\n\n<div class=\"wp-block-columns\">\n<div class=\"wp-block-column\">\n<div class=\"wp-block-cover\" style=\"min-height:155px\"><span aria-hidden=\"true\" class=\"has-ast-global-color-0-background-color has-background-dim-100 wp-block-cover__gradient-background has-background-dim\"><\/span><div class=\"wp-block-cover__inner-container\">\n<h2 class=\"has-ast-global-color-5-color has-text-color\"><strong>Excel\u00eancia t\u00e9rmica<\/strong><\/h2>\n\n\n\n<p>O sistema ETICS, composto pelo painel termoisolante <strong>DANOPREN\u00a9 FS<\/strong>, oferece a m\u00e1xima seguran\u00e7a e durabilidade em qualquer condi\u00e7\u00e3o climat\u00e9rica. A m\u00e1xima resist\u00eancia a impactos e perfura\u00e7\u00e3o, superior aos sistemas tradicionais e o isolamento duradouro s\u00e3o os pontes fortes do <strong>DANOTHERM\u00a9 XPS<\/strong>.<br>Compat\u00edvel com acabamentos cer\u00e2micos como revestimento decorativo.<\/p>\n<\/div><\/div>\n\n\n\n<div style=\"height:30px\" aria-hidden=\"true\" class=\"wp-block-spacer\"><\/div>\n\n\n\n<p><strong>Aplica\u00e7\u00e3o:<\/strong> Edif\u00edcios novos e reabilita\u00e7\u00e3o, zonas de arranque do sistema ou com exig\u00eancia de resist\u00eancia mec\u00e2nica melhorada<\/p>\n\n\n\n<p><strong>Suportes:<\/strong> Bet\u00e3o, tijolo, blocos de bet\u00e3o, pain\u00e9is de madeira,rebocos e alvenaria<\/p>\n\n\n\n<p><strong>Presta\u00e7\u00f5es:<\/strong>  Resist\u00eancia ao impacto, a microorganismos, \u00e0 forma\u00e7\u00e3o de fissuras, capacidade e durabilidade do isolamento t\u00e9rmico nas piores condi\u00e7\u00f5es climat\u00e9ricas e permeabilidade ao vapor de \u00e1gua. Adequado para acabamentos cer\u00e2micos.<br>Rea\u00e7\u00e3o ao fogo: <strong>Euroclasse B-s1,d0<\/strong> (sistema)<\/p>\n<\/div>\n\n\n\n<div class=\"wp-block-column\">\n<p style=\"font-size:1.5em\"><strong>O sistema<\/strong><\/p>\n\n\n\n<p><strong style=\"color:#ffffff; background:#4b4f58;padding:5px;\">Argamassa de colagem<\/strong><br><strong>ARGOTEC\u00ae Fixtherm NetZero:<\/strong> argamassa hidr\u00e1ulica polim\u00e9rica, com elevada ader\u00eancia e plasticidade<\/p>\n\n\n\n<p><strong style=\"color:#ffffff; background:#4b4f58;padding:5px;\">Isolamento<\/strong><br><strong>DANOPREN\u00ae FS:<\/strong> painel termoisolante de espuma r\u00edgida de poliestireno extrudido, com uma absor\u00e7\u00e3o de \u00e1gua praticamente nula.<br>Condutibilidade t\u00e9rmica (\u03bb) = 0,033 &#8211; 0,036 W\/m.K, de acordo com a espessura<\/p>\n\n\n\n<p><strong style=\"color:#ffffff; background:#4b4f58;padding:5px;\">Fixa\u00e7\u00e3o mec\u00e2nica<\/strong><br><strong>DANOTHERM\u00ae Fixa\u00e7\u00e3o mec\u00e2nica:<\/strong> fixa\u00e7\u00e3o f\u00e1cil, r\u00e1pida e segura do painel termoisolante<\/p>\n\n\n\n<p><strong style=\"color:#ffffff; background:#4b4f58;padding:5px;\">Regulariza\u00e7\u00e3o e prote\u00e7\u00e3o<\/strong><br><strong>ARGOTEC\u00ae Fixtherm NetZero:<\/strong> argamassa hidr\u00e1ulica polim\u00e9rica, com elevada ader\u00eancia e plasticidade acabamento em cor branca, que facilita os acabamentos claros<\/p>\n\n\n\n<p><strong style=\"color:#ffffff; background:#4b4f58;padding:5px;\">Armadura de refor\u00e7o<\/strong><br><strong>DANOTHERM\u00ae Malha FV 160: <\/strong>rede de fibra de vidro com tratamento anti-alcalino ETAG 004<\/p>\n\n\n\n<p><strong style=\"color:#ffffff; background:#4b4f58;padding:5px;\">Acabamentos decorativos<\/strong><br><strong>REVESTIDAN\u00ae SATE Acr\u00edlico, COOL, SLX, NOx e SLX NOx: <\/strong>revestimentos decorativos de altas presta\u00e7\u00f5es, em resina acr\u00edlica ou polissiloxano, para acabamento e prote\u00e7\u00e3o dos sistemas DANOTHERM<\/p>\n\n\n\n<p><strong>REVESTIDAN\u00ae SATE Mineral:<\/strong> revestimento decorativo mineral de altas presta\u00e7\u00f5es, para acabamento e prote\u00e7\u00e3o dos sistemas DANOTHERM<\/p>\n\n\n\n<p><strong>Revestimento cer\u00e2mico:<\/strong> sistema espec\u00edfico para acabamentos cer\u00e2micos com dimens\u00e3o \u2264 0,10 m\u00b2 e carga m\u00e1xima inferior a 20 kg\/m\u00b2<\/p>\n\n\n\n<p><\/p>\n<\/div>\n<\/div>\n<\/div><\/div>\n","protected":false},"excerpt":{"rendered":"<p>Aplica\u00e7\u00e3o: Edif\u00edcios novos e reabilita\u00e7\u00e3o, zonas de arranque do sistema ou com exig\u00eancia de resist\u00eancia mec\u00e2nica melhorada Suportes: Bet\u00e3o, tijolo, blocos de bet\u00e3o, pain\u00e9is de madeira,rebocos e alvenaria Presta\u00e7\u00f5es: Resist\u00eancia ao impacto, a microorganismos, \u00e0 forma\u00e7\u00e3o de fissuras, capacidade e durabilidade do isolamento t\u00e9rmico nas piores condi\u00e7\u00f5es climat\u00e9ricas e permeabilidade ao vapor de \u00e1gua. Adequado&#8230;<\/p>\n","protected":false},"author":2,"featured_media":0,"parent":0,"menu_order":0,"comment_status":"closed","ping_status":"closed","template":"","meta":{"inline_featured_image":false,"site-sidebar-layout":"default","site-content-layout":"default","ast-main-header-display":"","ast-hfb-above-header-display":"","ast-hfb-below-header-display":"","ast-hfb-mobile-header-display":"","site-post-title":"disabled","ast-breadcrumbs-content":"","ast-featured-img":"","footer-sml-layout":"","theme-transparent-header-meta":"","adv-header-id-meta":"","stick-header-meta":"","header-above-stick-meta":"","header-main-stick-meta":"","header-below-stick-meta":""},"acf":[],"yoast_head":"<!-- This site is optimized with the Yoast SEO plugin v18.1 - https:\/\/yoast.com\/wordpress\/plugins\/seo\/ -->\n<title>danotherm etics xps - Danosa | Solu\u00e7\u00f5es de constru\u00e7\u00e3o<\/title>\n<meta name=\"robots\" content=\"index, follow, max-snippet:-1, max-image-preview:large, max-video-preview:-1\" \/>\n<link rel=\"canonical\" href=\"https:\/\/www.danosa.com\/pt-pt\/danotherm-etics-xps\/\" \/>\n<meta property=\"og:locale\" content=\"pt_PT\" \/>\n<meta property=\"og:type\" content=\"article\" \/>\n<meta property=\"og:title\" content=\"danotherm etics xps - Danosa | Solu\u00e7\u00f5es de constru\u00e7\u00e3o\" \/>\n<meta property=\"og:description\" content=\"Aplica\u00e7\u00e3o: Edif\u00edcios novos e reabilita\u00e7\u00e3o, zonas de arranque do sistema ou com exig\u00eancia de resist\u00eancia mec\u00e2nica melhorada Suportes: Bet\u00e3o, tijolo, blocos de bet\u00e3o, pain\u00e9is de madeira,rebocos e alvenaria Presta\u00e7\u00f5es: Resist\u00eancia ao impacto, a microorganismos, \u00e0 forma\u00e7\u00e3o de fissuras, capacidade e durabilidade do isolamento t\u00e9rmico nas piores condi\u00e7\u00f5es climat\u00e9ricas e permeabilidade ao vapor de \u00e1gua. Adequado...\" \/>\n<meta property=\"og:url\" content=\"https:\/\/www.danosa.com\/pt-pt\/danotherm-etics-xps\/\" \/>\n<meta property=\"og:site_name\" content=\"Danosa | Solu\u00e7\u00f5es de constru\u00e7\u00e3o\" \/>\n<meta property=\"article:modified_time\" content=\"2024-07-08T16:02:50+00:00\" \/>\n<meta property=\"og:image\" content=\"https:\/\/www.danosa.com\/pt-pt\/wp-content\/uploads\/sites\/5\/2024\/07\/Sistemas_ETICS_1260x520_XPS-1024x423-1.png\" \/>\n<meta name=\"twitter:card\" content=\"summary_large_image\" \/>\n<meta name=\"twitter:label1\" content=\"Tempo estimado de leitura\" \/>\n\t<meta name=\"twitter:data1\" content=\"2 minutos\" \/>\n<script type=\"application\/ld+json\" class=\"yoast-schema-graph\">{\"@context\":\"https:\/\/schema.org\",\"@graph\":[{\"@type\":\"WebSite\",\"@id\":\"https:\/\/www.danosa.com\/pt-pt\/#website\",\"url\":\"https:\/\/www.danosa.com\/pt-pt\/\",\"name\":\"Danosa | Solu\u00e7\u00f5es de constru\u00e7\u00e3o\",\"description\":\"Impermeabiliza\u00e7\u00e3o, isolamento ac\u00fastico e t\u00e9rmico\",\"potentialAction\":[{\"@type\":\"SearchAction\",\"target\":{\"@type\":\"EntryPoint\",\"urlTemplate\":\"https:\/\/www.danosa.com\/pt-pt\/?s={search_term_string}\"},\"query-input\":\"required name=search_term_string\"}],\"inLanguage\":\"pt-PT\"},{\"@type\":\"ImageObject\",\"@id\":\"https:\/\/www.danosa.com\/pt-pt\/danotherm-etics-xps\/#primaryimage\",\"inLanguage\":\"pt-PT\",\"url\":\"https:\/\/www.danosa.com\/pt-pt\/wp-content\/uploads\/sites\/5\/2024\/07\/Sistemas_ETICS_1260x520_XPS-1024x423-1.png\",\"contentUrl\":\"https:\/\/www.danosa.com\/pt-pt\/wp-content\/uploads\/sites\/5\/2024\/07\/Sistemas_ETICS_1260x520_XPS-1024x423-1.png\",\"width\":1024,\"height\":423},{\"@type\":\"WebPage\",\"@id\":\"https:\/\/www.danosa.com\/pt-pt\/danotherm-etics-xps\/#webpage\",\"url\":\"https:\/\/www.danosa.com\/pt-pt\/danotherm-etics-xps\/\",\"name\":\"danotherm etics xps - Danosa | Solu\u00e7\u00f5es de constru\u00e7\u00e3o\",\"isPartOf\":{\"@id\":\"https:\/\/www.danosa.com\/pt-pt\/#website\"},\"primaryImageOfPage\":{\"@id\":\"https:\/\/www.danosa.com\/pt-pt\/danotherm-etics-xps\/#primaryimage\"},\"datePublished\":\"2024-07-08T16:02:45+00:00\",\"dateModified\":\"2024-07-08T16:02:50+00:00\",\"breadcrumb\":{\"@id\":\"https:\/\/www.danosa.com\/pt-pt\/danotherm-etics-xps\/#breadcrumb\"},\"inLanguage\":\"pt-PT\",\"potentialAction\":[{\"@type\":\"ReadAction\",\"target\":[\"https:\/\/www.danosa.com\/pt-pt\/danotherm-etics-xps\/\"]}]},{\"@type\":\"BreadcrumbList\",\"@id\":\"https:\/\/www.danosa.com\/pt-pt\/danotherm-etics-xps\/#breadcrumb\",\"itemListElement\":[{\"@type\":\"ListItem\",\"position\":1,\"name\":\"Portada\",\"item\":\"https:\/\/www.danosa.com\/pt-pt\/\"},{\"@type\":\"ListItem\",\"position\":2,\"name\":\"danotherm etics xps\"}]}]}<\/script>\n<!-- \/ Yoast SEO plugin. -->","yoast_head_json":{"title":"danotherm etics xps - Danosa | Solu\u00e7\u00f5es de constru\u00e7\u00e3o","robots":{"index":"index","follow":"follow","max-snippet":"max-snippet:-1","max-image-preview":"max-image-preview:large","max-video-preview":"max-video-preview:-1"},"canonical":"https:\/\/www.danosa.com\/pt-pt\/danotherm-etics-xps\/","og_locale":"pt_PT","og_type":"article","og_title":"danotherm etics xps - Danosa | Solu\u00e7\u00f5es de constru\u00e7\u00e3o","og_description":"Aplica\u00e7\u00e3o: Edif\u00edcios novos e reabilita\u00e7\u00e3o, zonas de arranque do sistema ou com exig\u00eancia de resist\u00eancia mec\u00e2nica melhorada Suportes: Bet\u00e3o, tijolo, blocos de bet\u00e3o, pain\u00e9is de madeira,rebocos e alvenaria Presta\u00e7\u00f5es: Resist\u00eancia ao impacto, a microorganismos, \u00e0 forma\u00e7\u00e3o de fissuras, capacidade e durabilidade do isolamento t\u00e9rmico nas piores condi\u00e7\u00f5es climat\u00e9ricas e permeabilidade ao vapor de \u00e1gua. Adequado...","og_url":"https:\/\/www.danosa.com\/pt-pt\/danotherm-etics-xps\/","og_site_name":"Danosa | Solu\u00e7\u00f5es de constru\u00e7\u00e3o","article_modified_time":"2024-07-08T16:02:50+00:00","og_image":[{"url":"https:\/\/www.danosa.com\/pt-pt\/wp-content\/uploads\/sites\/5\/2024\/07\/Sistemas_ETICS_1260x520_XPS-1024x423-1.png"}],"twitter_card":"summary_large_image","twitter_misc":{"Tempo estimado de leitura":"2 minutos"},"schema":{"@context":"https:\/\/schema.org","@graph":[{"@type":"WebSite","@id":"https:\/\/www.danosa.com\/pt-pt\/#website","url":"https:\/\/www.danosa.com\/pt-pt\/","name":"Danosa | Solu\u00e7\u00f5es de constru\u00e7\u00e3o","description":"Impermeabiliza\u00e7\u00e3o, isolamento ac\u00fastico e t\u00e9rmico","potentialAction":[{"@type":"SearchAction","target":{"@type":"EntryPoint","urlTemplate":"https:\/\/www.danosa.com\/pt-pt\/?s={search_term_string}"},"query-input":"required name=search_term_string"}],"inLanguage":"pt-PT"},{"@type":"ImageObject","@id":"https:\/\/www.danosa.com\/pt-pt\/danotherm-etics-xps\/#primaryimage","inLanguage":"pt-PT","url":"https:\/\/www.danosa.com\/pt-pt\/wp-content\/uploads\/sites\/5\/2024\/07\/Sistemas_ETICS_1260x520_XPS-1024x423-1.png","contentUrl":"https:\/\/www.danosa.com\/pt-pt\/wp-content\/uploads\/sites\/5\/2024\/07\/Sistemas_ETICS_1260x520_XPS-1024x423-1.png","width":1024,"height":423},{"@type":"WebPage","@id":"https:\/\/www.danosa.com\/pt-pt\/danotherm-etics-xps\/#webpage","url":"https:\/\/www.danosa.com\/pt-pt\/danotherm-etics-xps\/","name":"danotherm etics xps - Danosa | Solu\u00e7\u00f5es de constru\u00e7\u00e3o","isPartOf":{"@id":"https:\/\/www.danosa.com\/pt-pt\/#website"},"primaryImageOfPage":{"@id":"https:\/\/www.danosa.com\/pt-pt\/danotherm-etics-xps\/#primaryimage"},"datePublished":"2024-07-08T16:02:45+00:00","dateModified":"2024-07-08T16:02:50+00:00","breadcrumb":{"@id":"https:\/\/www.danosa.com\/pt-pt\/danotherm-etics-xps\/#breadcrumb"},"inLanguage":"pt-PT","potentialAction":[{"@type":"ReadAction","target":["https:\/\/www.danosa.com\/pt-pt\/danotherm-etics-xps\/"]}]},{"@type":"BreadcrumbList","@id":"https:\/\/www.danosa.com\/pt-pt\/danotherm-etics-xps\/#breadcrumb","itemListElement":[{"@type":"ListItem","position":1,"name":"Portada","item":"https:\/\/www.danosa.com\/pt-pt\/"},{"@type":"ListItem","position":2,"name":"danotherm etics xps"}]}]}},"_links":{"self":[{"href":"https:\/\/www.danosa.com\/pt-pt\/wp-json\/wp\/v2\/pages\/9977"}],"collection":[{"href":"https:\/\/www.danosa.com\/pt-pt\/wp-json\/wp\/v2\/pages"}],"about":[{"href":"https:\/\/www.danosa.com\/pt-pt\/wp-json\/wp\/v2\/types\/page"}],"author":[{"embeddable":true,"href":"https:\/\/www.danosa.com\/pt-pt\/wp-json\/wp\/v2\/users\/2"}],"replies":[{"embeddable":true,"href":"https:\/\/www.danosa.com\/pt-pt\/wp-json\/wp\/v2\/comments?post=9977"}],"version-history":[{"count":14,"href":"https:\/\/www.danosa.com\/pt-pt\/wp-json\/wp\/v2\/pages\/9977\/revisions"}],"predecessor-version":[{"id":11138,"href":"https:\/\/www.danosa.com\/pt-pt\/wp-json\/wp\/v2\/pages\/9977\/revisions\/11138"}],"wp:attachment":[{"href":"https:\/\/www.danosa.com\/pt-pt\/wp-json\/wp\/v2\/media?parent=9977"}],"curies":[{"name":"wp","href":"https:\/\/api.w.org\/{rel}","templated":true}]}}