{"id":9990,"date":"2023-06-14T10:57:07","date_gmt":"2023-06-14T09:57:07","guid":{"rendered":"https:\/\/www.danosa.com\/pt-pt\/?page_id=9990"},"modified":"2025-11-17T12:28:58","modified_gmt":"2025-11-17T12:28:58","slug":"danotherm-etics-mw","status":"publish","type":"page","link":"https:\/\/www.danosa.com\/pt-pt\/danotherm-etics-mw\/","title":{"rendered":"DANOTHERM ETICS MW"},"content":{"rendered":"\n<div class=\"wp-container-1 wp-block-group alignfull detsistdanotherm\"><div class=\"wp-block-group__inner-container\">\n<div class=\"wp-block-cover alignfull\" style=\"min-height:135px\"><span aria-hidden=\"true\" class=\"has-ast-global-color-7-background-color has-background-dim-100 wp-block-cover__gradient-background has-background-dim\"><\/span><div class=\"wp-block-cover__inner-container\">\n<h1 class=\"has-ast-global-color-5-color has-text-color\"><strong>DANOTHERM<strong><strong><sup>\u00ae<\/sup><\/strong><\/strong> MW<\/strong><\/h1>\n\n\n\n<h2 class=\"has-ast-global-color-5-color has-text-color\">REA\u00c7\u00c3O AO FOGO MELHORADA<\/h2>\n<\/div><\/div>\n\n\n\n<figure class=\"wp-block-image size-full\"><img loading=\"lazy\" width=\"1260\" height=\"520\" src=\"https:\/\/www.danosa.com\/pt-pt\/wp-content\/uploads\/sites\/5\/2023\/06\/Danosa_dnotherm_etics_mw.png\" alt=\"\" class=\"wp-image-10051\" srcset=\"https:\/\/www.danosa.com\/pt-pt\/wp-content\/uploads\/sites\/5\/2023\/06\/Danosa_dnotherm_etics_mw.png 1260w, https:\/\/www.danosa.com\/pt-pt\/wp-content\/uploads\/sites\/5\/2023\/06\/Danosa_dnotherm_etics_mw-300x124.png 300w, https:\/\/www.danosa.com\/pt-pt\/wp-content\/uploads\/sites\/5\/2023\/06\/Danosa_dnotherm_etics_mw-1024x423.png 1024w, https:\/\/www.danosa.com\/pt-pt\/wp-content\/uploads\/sites\/5\/2023\/06\/Danosa_dnotherm_etics_mw-768x317.png 768w\" sizes=\"(max-width: 1260px) 100vw, 1260px\" \/><figcaption>*Apenas para casas Passive House<\/figcaption><\/figure>\n\n\n\n<div class=\"wp-block-columns\">\n<div class=\"wp-block-column\">\n<div class=\"wp-block-cover\" style=\"min-height:155px\"><span aria-hidden=\"true\" class=\"has-ast-global-color-0-background-color has-background-dim-100 wp-block-cover__gradient-background has-background-dim\"><\/span><div class=\"wp-block-cover__inner-container\">\n<h2 class=\"has-ast-global-color-5-color has-text-color\"><strong>Prote\u00e7\u00e3o contra o fogo<\/strong><\/h2>\n\n\n\n<p>O sistema \u00e9 composto por um painel r\u00edgido de l\u00e3 de rocha mineral sem prim\u00e1rio, incombust\u00edvel na rea\u00e7\u00e3o ao fogo (A1) e n\u00e3o hidr\u00f3filo. Em conformidade com os requisitos da \u201cETA Guidance 004\u201de a Norma EN 13500.<\/p>\n<\/div><\/div>\n\n\n\n<div style=\"height:30px\" aria-hidden=\"true\" class=\"wp-block-spacer\"><\/div>\n\n\n\n<p><strong>Aplica\u00e7\u00e3o:<\/strong> Edif\u00edcios novos e reabilita\u00e7\u00e3o, locais com exig\u00eancias de comportamento ao fogo (edif\u00edcios &gt; 28 m), ou desempenhos ac\u00fasticos melhorados<\/p>\n\n\n\n<p><strong>Suportes:<\/strong> Bet\u00e3o, tijolo, blocos de bet\u00e3o, pain\u00e9is de madeira,rebocos e alvenaria<\/p>\n\n\n\n<p><strong>Presta\u00e7\u00f5es:<\/strong> Resist\u00eancia a microorganismos, \u00e0 forma\u00e7\u00e3o de fissuras e boa permeabilidade ao vapor de \u00e1gua. Bom comportamento ac\u00fastico.<br>Rea\u00e7\u00e3o ao fogo: Euroclasse <strong>A2-s1,d0<\/strong> (sistema) e <strong>Euroclasse A1<\/strong> (isolante)<\/p>\n<\/div>\n\n\n\n<div class=\"wp-block-column\">\n<p style=\"font-size:1.5em\"><strong>O sistema<\/strong><\/p>\n\n\n\n<p><strong style=\"color:#ffffff; background:#4b4f58;padding:5px;\">Argamassa de colagem<\/strong><br><strong>ARGOTEC\u00ae Fixtherm \u00c9lite: <\/strong>argamassa hidr\u00e1ulica polim\u00e9rica de elevada ader\u00eancia<\/p>\n\n\n\n<p><strong style=\"color:#ffffff; background:#4b4f58;padding:5px;\">Isolamento<\/strong><br><strong>L\u00e3 mineral de rocha: <\/strong>painel r\u00edgido de l\u00e3 de rocha mineral sem prim\u00e1rio.<br>Condutibilidade t\u00e9rmica (\u03bb) = 0,035 W\/m.K<\/p>\n\n\n\n<p><strong style=\"color:#ffffff; background:#4b4f58;padding:5px;\">Fixa\u00e7\u00e3o mec\u00e2nica<\/strong><br><strong>DANOTHERM\u00ae Fixa\u00e7\u00e3o mec\u00e2nica: <\/strong>fixa\u00e7\u00e3o f\u00e1cil, r\u00e1pida e segura do painel termoisolante<\/p>\n\n\n\n<p><strong style=\"color:#ffffff; background:#4b4f58;padding:5px;\">Regulariza\u00e7\u00e3o e prote\u00e7\u00e3o<\/strong><br><\/p>\n\n\n\n<p><strong>ARGOTEC\u00ae Fixtherm \u00c9lite:<\/strong> argamassa hidr\u00e1ulica polim\u00e9rica de elevada ader\u00eancia<br><strong>ARGOTEC\u00ae Fixtherm Ready:<\/strong> argamassa pronta ausar, sem cimento, melhoria da resist\u00eancia mec\u00e2nica<\/p>\n\n\n\n<p><strong style=\"color:#ffffff; background:#4b4f58;padding:5px;\">Armadura de refor\u00e7o<\/strong><br><strong>DANOTHERM\u00ae Malha FV 160: <\/strong>rede de fibra de vidro com tratamento anti-alcalino ETAG 004<\/p>\n\n\n\n<p><strong style=\"color:#ffffff; background:#4b4f58;padding:5px;\">Acabamentos decorativos<\/strong><br><strong>REVESTIDAN\u00ae SATE Acr\u00edlico, COOL, SLX, NOx e SLX NOx: <\/strong>revestimentos decorativos de altas presta\u00e7\u00f5es, em resina acr\u00edlica ou polissiloxano, para acabamento e prote\u00e7\u00e3o dos sistemas DANOTHERM<\/p>\n\n\n\n<p><strong>REVESTIDAN\u00ae SATE Mineral:<\/strong> revestimento decorativo mineral de altas presta\u00e7\u00f5es, para acabamento e prote\u00e7\u00e3o dos sistemas DANOTHERM<\/p>\n\n\n\n<p><\/p>\n<\/div>\n<\/div>\n<\/div><\/div>\n","protected":false},"excerpt":{"rendered":"<p>Aplica\u00e7\u00e3o: Edif\u00edcios novos e reabilita\u00e7\u00e3o, locais com exig\u00eancias de comportamento ao fogo (edif\u00edcios &gt; 28 m), ou desempenhos ac\u00fasticos melhorados Suportes: Bet\u00e3o, tijolo, blocos de bet\u00e3o, pain\u00e9is de madeira,rebocos e alvenaria Presta\u00e7\u00f5es: Resist\u00eancia a microorganismos, \u00e0 forma\u00e7\u00e3o de fissuras e boa permeabilidade ao vapor de \u00e1gua. Bom comportamento ac\u00fastico.Rea\u00e7\u00e3o ao fogo: Euroclasse A2-s1,d0 (sistema) e&#8230;<\/p>\n","protected":false},"author":2,"featured_media":0,"parent":0,"menu_order":0,"comment_status":"closed","ping_status":"closed","template":"","meta":{"inline_featured_image":false,"site-sidebar-layout":"default","site-content-layout":"default","ast-main-header-display":"","ast-hfb-above-header-display":"","ast-hfb-below-header-display":"","ast-hfb-mobile-header-display":"","site-post-title":"disabled","ast-breadcrumbs-content":"","ast-featured-img":"","footer-sml-layout":"","theme-transparent-header-meta":"","adv-header-id-meta":"","stick-header-meta":"","header-above-stick-meta":"","header-main-stick-meta":"","header-below-stick-meta":""},"acf":[],"yoast_head":"<!-- This site is optimized with the Yoast SEO plugin v18.1 - https:\/\/yoast.com\/wordpress\/plugins\/seo\/ -->\n<title>DANOTHERM ETICS MW - Danosa | Solu\u00e7\u00f5es de constru\u00e7\u00e3o<\/title>\n<meta name=\"robots\" content=\"index, follow, max-snippet:-1, max-image-preview:large, max-video-preview:-1\" \/>\n<link rel=\"canonical\" href=\"https:\/\/www.danosa.com\/pt-pt\/danotherm-etics-mw\/\" \/>\n<meta property=\"og:locale\" content=\"pt_PT\" \/>\n<meta property=\"og:type\" content=\"article\" \/>\n<meta property=\"og:title\" content=\"DANOTHERM ETICS MW - Danosa | Solu\u00e7\u00f5es de constru\u00e7\u00e3o\" \/>\n<meta property=\"og:description\" content=\"Aplica\u00e7\u00e3o: Edif\u00edcios novos e reabilita\u00e7\u00e3o, locais com exig\u00eancias de comportamento ao fogo (edif\u00edcios &gt; 28 m), ou desempenhos ac\u00fasticos melhorados Suportes: Bet\u00e3o, tijolo, blocos de bet\u00e3o, pain\u00e9is de madeira,rebocos e alvenaria Presta\u00e7\u00f5es: Resist\u00eancia a microorganismos, \u00e0 forma\u00e7\u00e3o de fissuras e boa permeabilidade ao vapor de \u00e1gua. Bom comportamento ac\u00fastico.Rea\u00e7\u00e3o ao fogo: Euroclasse A2-s1,d0 (sistema) e...\" \/>\n<meta property=\"og:url\" content=\"https:\/\/www.danosa.com\/pt-pt\/danotherm-etics-mw\/\" \/>\n<meta property=\"og:site_name\" content=\"Danosa | Solu\u00e7\u00f5es de constru\u00e7\u00e3o\" \/>\n<meta property=\"article:modified_time\" content=\"2025-11-17T12:28:58+00:00\" \/>\n<meta property=\"og:image\" content=\"https:\/\/www.danosa.com\/pt-pt\/wp-content\/uploads\/sites\/5\/2023\/06\/Danosa_dnotherm_etics_mw.png\" \/>\n<meta name=\"twitter:card\" content=\"summary_large_image\" \/>\n<meta name=\"twitter:label1\" content=\"Tempo estimado de leitura\" \/>\n\t<meta name=\"twitter:data1\" content=\"2 minutos\" \/>\n<script type=\"application\/ld+json\" class=\"yoast-schema-graph\">{\"@context\":\"https:\/\/schema.org\",\"@graph\":[{\"@type\":\"WebSite\",\"@id\":\"https:\/\/www.danosa.com\/pt-pt\/#website\",\"url\":\"https:\/\/www.danosa.com\/pt-pt\/\",\"name\":\"Danosa | Solu\u00e7\u00f5es de constru\u00e7\u00e3o\",\"description\":\"Impermeabiliza\u00e7\u00e3o, isolamento ac\u00fastico e t\u00e9rmico\",\"potentialAction\":[{\"@type\":\"SearchAction\",\"target\":{\"@type\":\"EntryPoint\",\"urlTemplate\":\"https:\/\/www.danosa.com\/pt-pt\/?s={search_term_string}\"},\"query-input\":\"required name=search_term_string\"}],\"inLanguage\":\"pt-PT\"},{\"@type\":\"ImageObject\",\"@id\":\"https:\/\/www.danosa.com\/pt-pt\/danotherm-etics-mw\/#primaryimage\",\"inLanguage\":\"pt-PT\",\"url\":\"https:\/\/www.danosa.com\/pt-pt\/wp-content\/uploads\/sites\/5\/2023\/06\/Danosa_dnotherm_etics_mw.png\",\"contentUrl\":\"https:\/\/www.danosa.com\/pt-pt\/wp-content\/uploads\/sites\/5\/2023\/06\/Danosa_dnotherm_etics_mw.png\",\"width\":1260,\"height\":520},{\"@type\":\"WebPage\",\"@id\":\"https:\/\/www.danosa.com\/pt-pt\/danotherm-etics-mw\/#webpage\",\"url\":\"https:\/\/www.danosa.com\/pt-pt\/danotherm-etics-mw\/\",\"name\":\"DANOTHERM ETICS MW - Danosa | Solu\u00e7\u00f5es de constru\u00e7\u00e3o\",\"isPartOf\":{\"@id\":\"https:\/\/www.danosa.com\/pt-pt\/#website\"},\"primaryImageOfPage\":{\"@id\":\"https:\/\/www.danosa.com\/pt-pt\/danotherm-etics-mw\/#primaryimage\"},\"datePublished\":\"2023-06-14T09:57:07+00:00\",\"dateModified\":\"2025-11-17T12:28:58+00:00\",\"breadcrumb\":{\"@id\":\"https:\/\/www.danosa.com\/pt-pt\/danotherm-etics-mw\/#breadcrumb\"},\"inLanguage\":\"pt-PT\",\"potentialAction\":[{\"@type\":\"ReadAction\",\"target\":[\"https:\/\/www.danosa.com\/pt-pt\/danotherm-etics-mw\/\"]}]},{\"@type\":\"BreadcrumbList\",\"@id\":\"https:\/\/www.danosa.com\/pt-pt\/danotherm-etics-mw\/#breadcrumb\",\"itemListElement\":[{\"@type\":\"ListItem\",\"position\":1,\"name\":\"Portada\",\"item\":\"https:\/\/www.danosa.com\/pt-pt\/\"},{\"@type\":\"ListItem\",\"position\":2,\"name\":\"DANOTHERM ETICS MW\"}]}]}<\/script>\n<!-- \/ Yoast SEO plugin. -->","yoast_head_json":{"title":"DANOTHERM ETICS MW - Danosa | Solu\u00e7\u00f5es de constru\u00e7\u00e3o","robots":{"index":"index","follow":"follow","max-snippet":"max-snippet:-1","max-image-preview":"max-image-preview:large","max-video-preview":"max-video-preview:-1"},"canonical":"https:\/\/www.danosa.com\/pt-pt\/danotherm-etics-mw\/","og_locale":"pt_PT","og_type":"article","og_title":"DANOTHERM ETICS MW - Danosa | Solu\u00e7\u00f5es de constru\u00e7\u00e3o","og_description":"Aplica\u00e7\u00e3o: Edif\u00edcios novos e reabilita\u00e7\u00e3o, locais com exig\u00eancias de comportamento ao fogo (edif\u00edcios &gt; 28 m), ou desempenhos ac\u00fasticos melhorados Suportes: Bet\u00e3o, tijolo, blocos de bet\u00e3o, pain\u00e9is de madeira,rebocos e alvenaria Presta\u00e7\u00f5es: Resist\u00eancia a microorganismos, \u00e0 forma\u00e7\u00e3o de fissuras e boa permeabilidade ao vapor de \u00e1gua. Bom comportamento ac\u00fastico.Rea\u00e7\u00e3o ao fogo: Euroclasse A2-s1,d0 (sistema) e...","og_url":"https:\/\/www.danosa.com\/pt-pt\/danotherm-etics-mw\/","og_site_name":"Danosa | Solu\u00e7\u00f5es de constru\u00e7\u00e3o","article_modified_time":"2025-11-17T12:28:58+00:00","og_image":[{"url":"https:\/\/www.danosa.com\/pt-pt\/wp-content\/uploads\/sites\/5\/2023\/06\/Danosa_dnotherm_etics_mw.png"}],"twitter_card":"summary_large_image","twitter_misc":{"Tempo estimado de leitura":"2 minutos"},"schema":{"@context":"https:\/\/schema.org","@graph":[{"@type":"WebSite","@id":"https:\/\/www.danosa.com\/pt-pt\/#website","url":"https:\/\/www.danosa.com\/pt-pt\/","name":"Danosa | Solu\u00e7\u00f5es de constru\u00e7\u00e3o","description":"Impermeabiliza\u00e7\u00e3o, isolamento ac\u00fastico e t\u00e9rmico","potentialAction":[{"@type":"SearchAction","target":{"@type":"EntryPoint","urlTemplate":"https:\/\/www.danosa.com\/pt-pt\/?s={search_term_string}"},"query-input":"required name=search_term_string"}],"inLanguage":"pt-PT"},{"@type":"ImageObject","@id":"https:\/\/www.danosa.com\/pt-pt\/danotherm-etics-mw\/#primaryimage","inLanguage":"pt-PT","url":"https:\/\/www.danosa.com\/pt-pt\/wp-content\/uploads\/sites\/5\/2023\/06\/Danosa_dnotherm_etics_mw.png","contentUrl":"https:\/\/www.danosa.com\/pt-pt\/wp-content\/uploads\/sites\/5\/2023\/06\/Danosa_dnotherm_etics_mw.png","width":1260,"height":520},{"@type":"WebPage","@id":"https:\/\/www.danosa.com\/pt-pt\/danotherm-etics-mw\/#webpage","url":"https:\/\/www.danosa.com\/pt-pt\/danotherm-etics-mw\/","name":"DANOTHERM ETICS MW - Danosa | Solu\u00e7\u00f5es de constru\u00e7\u00e3o","isPartOf":{"@id":"https:\/\/www.danosa.com\/pt-pt\/#website"},"primaryImageOfPage":{"@id":"https:\/\/www.danosa.com\/pt-pt\/danotherm-etics-mw\/#primaryimage"},"datePublished":"2023-06-14T09:57:07+00:00","dateModified":"2025-11-17T12:28:58+00:00","breadcrumb":{"@id":"https:\/\/www.danosa.com\/pt-pt\/danotherm-etics-mw\/#breadcrumb"},"inLanguage":"pt-PT","potentialAction":[{"@type":"ReadAction","target":["https:\/\/www.danosa.com\/pt-pt\/danotherm-etics-mw\/"]}]},{"@type":"BreadcrumbList","@id":"https:\/\/www.danosa.com\/pt-pt\/danotherm-etics-mw\/#breadcrumb","itemListElement":[{"@type":"ListItem","position":1,"name":"Portada","item":"https:\/\/www.danosa.com\/pt-pt\/"},{"@type":"ListItem","position":2,"name":"DANOTHERM ETICS MW"}]}]}},"_links":{"self":[{"href":"https:\/\/www.danosa.com\/pt-pt\/wp-json\/wp\/v2\/pages\/9990"}],"collection":[{"href":"https:\/\/www.danosa.com\/pt-pt\/wp-json\/wp\/v2\/pages"}],"about":[{"href":"https:\/\/www.danosa.com\/pt-pt\/wp-json\/wp\/v2\/types\/page"}],"author":[{"embeddable":true,"href":"https:\/\/www.danosa.com\/pt-pt\/wp-json\/wp\/v2\/users\/2"}],"replies":[{"embeddable":true,"href":"https:\/\/www.danosa.com\/pt-pt\/wp-json\/wp\/v2\/comments?post=9990"}],"version-history":[{"count":5,"href":"https:\/\/www.danosa.com\/pt-pt\/wp-json\/wp\/v2\/pages\/9990\/revisions"}],"predecessor-version":[{"id":12140,"href":"https:\/\/www.danosa.com\/pt-pt\/wp-json\/wp\/v2\/pages\/9990\/revisions\/12140"}],"wp:attachment":[{"href":"https:\/\/www.danosa.com\/pt-pt\/wp-json\/wp\/v2\/media?parent=9990"}],"curies":[{"name":"wp","href":"https:\/\/api.w.org\/{rel}","templated":true}]}}