{"id":9997,"date":"2023-06-14T11:35:45","date_gmt":"2023-06-14T10:35:45","guid":{"rendered":"https:\/\/www.danosa.com\/pt-pt\/?page_id=9997"},"modified":"2023-06-14T15:36:48","modified_gmt":"2023-06-14T14:36:48","slug":"danotherm-etics-enquadramento","status":"publish","type":"page","link":"https:\/\/www.danosa.com\/pt-pt\/danotherm-etics-enquadramento\/","title":{"rendered":"DANOTHERM ETICS ENQUADRAMENTO"},"content":{"rendered":"\n<div style=\"height:40px\" aria-hidden=\"true\" class=\"wp-block-spacer\"><\/div>\n\n\n\n<h1 class=\"has-ast-global-color-0-color has-text-color\"><strong>ENQUADRAMENTO GERAL E REGULAMENTAR<\/strong><\/h1>\n\n\n\n<div style=\"height:30px\" aria-hidden=\"true\" class=\"wp-block-spacer\"><\/div>\n\n\n\n<div class=\"wp-block-columns\">\n<div class=\"wp-block-column\">\n<figure class=\"wp-block-image size-large\"><img loading=\"lazy\" width=\"980\" height=\"1024\" src=\"https:\/\/www.danosa.com\/pt-pt\/wp-content\/uploads\/sites\/5\/2023\/06\/DANOTHERM_SATE-ETICS_pt_MAPA-980x1024.png\" alt=\"\" class=\"wp-image-10001\" srcset=\"https:\/\/www.danosa.com\/pt-pt\/wp-content\/uploads\/sites\/5\/2023\/06\/DANOTHERM_SATE-ETICS_pt_MAPA-980x1024.png 980w, https:\/\/www.danosa.com\/pt-pt\/wp-content\/uploads\/sites\/5\/2023\/06\/DANOTHERM_SATE-ETICS_pt_MAPA-287x300.png 287w, https:\/\/www.danosa.com\/pt-pt\/wp-content\/uploads\/sites\/5\/2023\/06\/DANOTHERM_SATE-ETICS_pt_MAPA-768x802.png 768w, https:\/\/www.danosa.com\/pt-pt\/wp-content\/uploads\/sites\/5\/2023\/06\/DANOTHERM_SATE-ETICS_pt_MAPA.png 1071w\" sizes=\"(max-width: 980px) 100vw, 980px\" \/><\/figure>\n\n\n\n<p><strong>Coeficientes de t<\/strong>r<strong>ansmiss\u00e3o t\u00e9rmica de refer\u00eancia Uref (W\/(m2.K)), e m\u00e1ximos Um\u00e1x (W\/(m2.K)), segundo REH &#8211; Portaria 379-A\/2015<\/strong><\/p>\n\n\n\n<figure class=\"wp-block-image size-large\"><img loading=\"lazy\" width=\"1024\" height=\"583\" src=\"https:\/\/www.danosa.com\/pt-pt\/wp-content\/uploads\/sites\/5\/2023\/06\/Catalogo_DANOTHERM_SATE-ETICS_pt_tabla_clima-1024x583.png\" alt=\"\" class=\"wp-image-10003\" srcset=\"https:\/\/www.danosa.com\/pt-pt\/wp-content\/uploads\/sites\/5\/2023\/06\/Catalogo_DANOTHERM_SATE-ETICS_pt_tabla_clima-1024x583.png 1024w, https:\/\/www.danosa.com\/pt-pt\/wp-content\/uploads\/sites\/5\/2023\/06\/Catalogo_DANOTHERM_SATE-ETICS_pt_tabla_clima-300x171.png 300w, https:\/\/www.danosa.com\/pt-pt\/wp-content\/uploads\/sites\/5\/2023\/06\/Catalogo_DANOTHERM_SATE-ETICS_pt_tabla_clima-768x437.png 768w, https:\/\/www.danosa.com\/pt-pt\/wp-content\/uploads\/sites\/5\/2023\/06\/Catalogo_DANOTHERM_SATE-ETICS_pt_tabla_clima.png 1071w\" sizes=\"(max-width: 1024px) 100vw, 1024px\" \/><\/figure>\n<\/div>\n\n\n\n<div class=\"wp-block-column\">\n<p>A aposta na efici\u00eancia energ\u00e9tica dos edif\u00edcios \u00e9 uma prioridade para a recupera\u00e7\u00e3o econ\u00f3mica, alinhada com a transi\u00e7\u00e3o clim\u00e1tica, de acordo com os objetivos do Pacto Ecol\u00f3gico Europeu.<\/p>\n\n\n\n<p>Segundo um estudo publicado pelo IHRU em 2018, existem em Portugal 14.748 edif\u00edcios e 31.526 fogos sem condi\u00e7\u00f5es m\u00ednimas de habitabilidade. De forma a incentivar e ajudar as fam\u00edlias neste desafio est\u00e3o dispon\u00edveis apoios do Estado, entre os quais se destaca o Plano de Recupera\u00e7\u00e3o e Resili\u00eancia (PRR) que, para Portugal, prev\u00ea a operacionaliza\u00e7\u00e3o destas iniciativas atrav\u00e9s do Fundo Ambiental (FA).<\/p>\n\n\n\n<p>A taxa de comparticipa\u00e7\u00e3o \u00e9 valorizada quando se recorre a materiais de base natural, ou que incorporem materiais reciclados.<\/p>\n\n\n\n<p>No \u00e2mbito da Legisla\u00e7\u00e3o em vigor, de que resultam o SCE &#8211; Sistema de Certifica\u00e7\u00e3o Energ\u00e9tica dos Edif\u00edcios e o REH &#8211; Regulamento de Desempenho Energ\u00e9tico dos Edif\u00edcios de Habita\u00e7\u00e3o, \u00e9 estabelecido o enquadramento geral para uma metodologia de c\u00e1lculo do desempenho energ\u00e9tico integrado dos edif\u00edcios, assim como a sua aplica\u00e7\u00e3o em edif\u00edcios novos e em edif\u00edcios existentes que sejam sujeitos a importantes obras de renova\u00e7\u00e3o.<\/p>\n\n\n\n<p>Os valores m\u00e1ximos para os Coeficientes de Transmiss\u00e3o T\u00e9rmica passam a ser os valores de refer\u00eancia indicados no REH &#8211; Portaria 379-A\/2015.<\/p>\n\n\n\n<p>De acordo com o SCE, existe a obrigatoriedade da emiss\u00e3o do Certificado de Desempenho Energ\u00e9tico e da Qualidade do Ar Interior dos edif\u00edcios e respetivas fra\u00e7\u00f5es utiliz\u00e1veis, que atribui uma classifica\u00e7\u00e3o baseada no respetivo desempenho, em termos de consumo energ\u00e9tico.<\/p>\n\n\n\n<p>Com o certificado \u00e9 poss\u00edvel obter informa\u00e7\u00f5es sobre a classe energ\u00e9tica do edif\u00edcio, as componentes e o seu desempenho e as medidas para reduzir o consumo de energia e melhorar o conforto. Para al\u00e9m disso, \u00e9 poss\u00edvel obter informa\u00e7\u00f5es de benef\u00edcios fiscais e acessos a financiamentos dispon\u00edveis.<\/p>\n\n\n\n<div class=\"wp-block-columns\">\n<div class=\"wp-block-column\" style=\"flex-basis:33.33%\">\n<div class=\"wp-block-image\"><figure class=\"aligncenter size-medium\"><img loading=\"lazy\" width=\"231\" height=\"300\" src=\"https:\/\/www.danosa.com\/pt-pt\/wp-content\/uploads\/sites\/5\/2023\/06\/DANOTHERM_SATE-ETICS_pt_clasienerg-231x300.png\" alt=\"\" class=\"wp-image-10006\" srcset=\"https:\/\/www.danosa.com\/pt-pt\/wp-content\/uploads\/sites\/5\/2023\/06\/DANOTHERM_SATE-ETICS_pt_clasienerg-231x300.png 231w, https:\/\/www.danosa.com\/pt-pt\/wp-content\/uploads\/sites\/5\/2023\/06\/DANOTHERM_SATE-ETICS_pt_clasienerg.png 573w\" sizes=\"(max-width: 231px) 100vw, 231px\" \/><figcaption><a href=\"https:\/\/www.sce.pt\/\">https:\/\/www.sce.pt\/<\/a><\/figcaption><\/figure><\/div>\n<\/div>\n\n\n\n<div class=\"wp-block-column\" style=\"flex-basis:66.66%\">\n<p>Adicionalmente \u00e0s medidas de melhoria do edif\u00edcio, o certificado apresenta-se como uma importante ferramenta de valoriza\u00e7\u00e3o do im\u00f3vel no mercado imobili\u00e1rio.<\/p>\n<\/div>\n<\/div>\n<\/div>\n<\/div>\n\n\n\n<div style=\"height:50px\" aria-hidden=\"true\" class=\"wp-block-spacer\"><\/div>\n\n\n\n<div class=\"wp-block-cover alignfull is-light\" style=\"min-height:870px\"><span aria-hidden=\"true\" class=\"has-background-dim-0 wp-block-cover__gradient-background has-background-dim\"><\/span><img loading=\"lazy\" width=\"1466\" height=\"1038\" class=\"wp-block-cover__image-background wp-image-9903\" alt=\"\" src=\"https:\/\/www.danosa.com\/pt-pt\/wp-content\/uploads\/sites\/5\/2023\/06\/DANOTHERM_SATE-ETICS_pt_fondo_tecnico.png\" style=\"object-position:50% 55%\" data-object-fit=\"cover\" data-object-position=\"50% 55%\" srcset=\"https:\/\/www.danosa.com\/pt-pt\/wp-content\/uploads\/sites\/5\/2023\/06\/DANOTHERM_SATE-ETICS_pt_fondo_tecnico.png 1466w, https:\/\/www.danosa.com\/pt-pt\/wp-content\/uploads\/sites\/5\/2023\/06\/DANOTHERM_SATE-ETICS_pt_fondo_tecnico-300x212.png 300w, https:\/\/www.danosa.com\/pt-pt\/wp-content\/uploads\/sites\/5\/2023\/06\/DANOTHERM_SATE-ETICS_pt_fondo_tecnico-1024x725.png 1024w, https:\/\/www.danosa.com\/pt-pt\/wp-content\/uploads\/sites\/5\/2023\/06\/DANOTHERM_SATE-ETICS_pt_fondo_tecnico-768x544.png 768w\" sizes=\"(max-width: 1466px) 100vw, 1466px\" \/><div class=\"wp-block-cover__inner-container\">\n<h2 class=\"has-ast-global-color-0-color has-text-color\" style=\"font-size:3em\"><strong>ASSIST\u00caNCIA T\u00c9CNICA<\/strong><\/h2>\n\n\n\n<p class=\"has-ast-global-color-0-color has-text-color\"><strong>Acompanhamo-lo durante todo o processo<\/strong><\/p>\n\n\n\n<div class=\"wp-block-columns\">\n<div class=\"wp-block-column\" style=\"flex-basis:33.33%\">\n<ul class=\"has-ast-global-color-0-color has-text-color\"><li><strong>Relat\u00f3rio personalizado e detalhado da execu\u00e7\u00e3o do seu projecto<\/strong><\/li><li><strong>Aconselhamento na presta\u00e7\u00e3o de ajudas e subven\u00e7\u00f5es<\/strong><\/li><li><strong>Disponibilidade de contactos dos melhores instaladores de ETICS<\/strong><\/li><li><strong>Aconselhamento t\u00e9cnico em obra)<\/strong><\/li><\/ul>\n<\/div>\n\n\n\n<div class=\"wp-block-column\" style=\"flex-basis:66.66%\">\n<figure class=\"wp-block-image size-large\"><img loading=\"lazy\" width=\"1024\" height=\"690\" src=\"https:\/\/www.danosa.com\/pt-pt\/wp-content\/uploads\/sites\/5\/2023\/06\/DanosaSuporteTecnico-1024x690.png\" alt=\"\" class=\"wp-image-9894\" srcset=\"https:\/\/www.danosa.com\/pt-pt\/wp-content\/uploads\/sites\/5\/2023\/06\/DanosaSuporteTecnico-1024x690.png 1024w, https:\/\/www.danosa.com\/pt-pt\/wp-content\/uploads\/sites\/5\/2023\/06\/DanosaSuporteTecnico-300x202.png 300w, https:\/\/www.danosa.com\/pt-pt\/wp-content\/uploads\/sites\/5\/2023\/06\/DanosaSuporteTecnico-768x517.png 768w, https:\/\/www.danosa.com\/pt-pt\/wp-content\/uploads\/sites\/5\/2023\/06\/DanosaSuporteTecnico-1536x1035.png 1536w, https:\/\/www.danosa.com\/pt-pt\/wp-content\/uploads\/sites\/5\/2023\/06\/DanosaSuporteTecnico-2048x1380.png 2048w\" sizes=\"(max-width: 1024px) 100vw, 1024px\" \/><\/figure>\n\n\n\n<div style=\"height:60px\" aria-hidden=\"true\" class=\"wp-block-spacer\"><\/div>\n\n\n\n<div class=\"wp-container-1 wp-block-buttons\">\n<div class=\"wp-block-button is-style-fill\"><a class=\"wp-block-button__link\" href=\"https:\/\/www.danosa.com\/pt-pt\/contacto\/soporte-tecnico\/\">Agende uma reuni\u00e3o com o seu t\u00e9cnico Danosa<\/a><\/div>\n<\/div>\n<\/div>\n<\/div>\n<\/div><\/div>\n","protected":false},"excerpt":{"rendered":"<p>ENQUADRAMENTO GERAL E REGULAMENTAR Coeficientes de transmiss\u00e3o t\u00e9rmica de refer\u00eancia Uref (W\/(m2.K)), e m\u00e1ximos Um\u00e1x (W\/(m2.K)), segundo REH &#8211; Portaria 379-A\/2015 A aposta na efici\u00eancia energ\u00e9tica dos edif\u00edcios \u00e9 uma prioridade para a recupera\u00e7\u00e3o econ\u00f3mica, alinhada com a transi\u00e7\u00e3o clim\u00e1tica, de acordo com os objetivos do Pacto Ecol\u00f3gico Europeu. Segundo um estudo publicado pelo IHRU&#8230;<\/p>\n","protected":false},"author":2,"featured_media":0,"parent":0,"menu_order":0,"comment_status":"closed","ping_status":"closed","template":"","meta":{"inline_featured_image":false,"site-sidebar-layout":"default","site-content-layout":"default","ast-main-header-display":"","ast-hfb-above-header-display":"","ast-hfb-below-header-display":"","ast-hfb-mobile-header-display":"","site-post-title":"disabled","ast-breadcrumbs-content":"","ast-featured-img":"","footer-sml-layout":"","theme-transparent-header-meta":"","adv-header-id-meta":"","stick-header-meta":"","header-above-stick-meta":"","header-main-stick-meta":"","header-below-stick-meta":""},"acf":[],"yoast_head":"<!-- This site is optimized with the Yoast SEO plugin v18.1 - https:\/\/yoast.com\/wordpress\/plugins\/seo\/ -->\n<title>DANOTHERM ETICS ENQUADRAMENTO - Danosa | Solu\u00e7\u00f5es de constru\u00e7\u00e3o<\/title>\n<meta name=\"robots\" content=\"index, follow, max-snippet:-1, max-image-preview:large, max-video-preview:-1\" \/>\n<link rel=\"canonical\" href=\"https:\/\/www.danosa.com\/pt-pt\/danotherm-etics-enquadramento\/\" \/>\n<meta property=\"og:locale\" content=\"pt_PT\" \/>\n<meta property=\"og:type\" content=\"article\" \/>\n<meta property=\"og:title\" content=\"DANOTHERM ETICS ENQUADRAMENTO - Danosa | Solu\u00e7\u00f5es de constru\u00e7\u00e3o\" \/>\n<meta property=\"og:description\" content=\"ENQUADRAMENTO GERAL E REGULAMENTAR Coeficientes de transmiss\u00e3o t\u00e9rmica de refer\u00eancia Uref (W\/(m2.K)), e m\u00e1ximos Um\u00e1x (W\/(m2.K)), segundo REH &#8211; Portaria 379-A\/2015 A aposta na efici\u00eancia energ\u00e9tica dos edif\u00edcios \u00e9 uma prioridade para a recupera\u00e7\u00e3o econ\u00f3mica, alinhada com a transi\u00e7\u00e3o clim\u00e1tica, de acordo com os objetivos do Pacto Ecol\u00f3gico Europeu. Segundo um estudo publicado pelo IHRU...\" \/>\n<meta property=\"og:url\" content=\"https:\/\/www.danosa.com\/pt-pt\/danotherm-etics-enquadramento\/\" \/>\n<meta property=\"og:site_name\" content=\"Danosa | Solu\u00e7\u00f5es de constru\u00e7\u00e3o\" \/>\n<meta property=\"article:modified_time\" content=\"2023-06-14T14:36:48+00:00\" \/>\n<meta property=\"og:image\" content=\"https:\/\/www.danosa.com\/pt-pt\/wp-content\/uploads\/sites\/5\/2023\/06\/DANOTHERM_SATE-ETICS_pt_MAPA-980x1024.png\" \/>\n<meta name=\"twitter:card\" content=\"summary_large_image\" \/>\n<meta name=\"twitter:label1\" content=\"Tempo estimado de leitura\" \/>\n\t<meta name=\"twitter:data1\" content=\"4 minutos\" \/>\n<script type=\"application\/ld+json\" class=\"yoast-schema-graph\">{\"@context\":\"https:\/\/schema.org\",\"@graph\":[{\"@type\":\"WebSite\",\"@id\":\"https:\/\/www.danosa.com\/pt-pt\/#website\",\"url\":\"https:\/\/www.danosa.com\/pt-pt\/\",\"name\":\"Danosa | Solu\u00e7\u00f5es de constru\u00e7\u00e3o\",\"description\":\"Impermeabiliza\u00e7\u00e3o, isolamento ac\u00fastico e t\u00e9rmico\",\"potentialAction\":[{\"@type\":\"SearchAction\",\"target\":{\"@type\":\"EntryPoint\",\"urlTemplate\":\"https:\/\/www.danosa.com\/pt-pt\/?s={search_term_string}\"},\"query-input\":\"required name=search_term_string\"}],\"inLanguage\":\"pt-PT\"},{\"@type\":\"ImageObject\",\"@id\":\"https:\/\/www.danosa.com\/pt-pt\/danotherm-etics-enquadramento\/#primaryimage\",\"inLanguage\":\"pt-PT\",\"url\":\"https:\/\/www.danosa.com\/pt-pt\/wp-content\/uploads\/sites\/5\/2023\/06\/DANOTHERM_SATE-ETICS_pt_MAPA.png\",\"contentUrl\":\"https:\/\/www.danosa.com\/pt-pt\/wp-content\/uploads\/sites\/5\/2023\/06\/DANOTHERM_SATE-ETICS_pt_MAPA.png\",\"width\":1071,\"height\":1119},{\"@type\":\"WebPage\",\"@id\":\"https:\/\/www.danosa.com\/pt-pt\/danotherm-etics-enquadramento\/#webpage\",\"url\":\"https:\/\/www.danosa.com\/pt-pt\/danotherm-etics-enquadramento\/\",\"name\":\"DANOTHERM ETICS ENQUADRAMENTO - Danosa | Solu\u00e7\u00f5es de constru\u00e7\u00e3o\",\"isPartOf\":{\"@id\":\"https:\/\/www.danosa.com\/pt-pt\/#website\"},\"primaryImageOfPage\":{\"@id\":\"https:\/\/www.danosa.com\/pt-pt\/danotherm-etics-enquadramento\/#primaryimage\"},\"datePublished\":\"2023-06-14T10:35:45+00:00\",\"dateModified\":\"2023-06-14T14:36:48+00:00\",\"breadcrumb\":{\"@id\":\"https:\/\/www.danosa.com\/pt-pt\/danotherm-etics-enquadramento\/#breadcrumb\"},\"inLanguage\":\"pt-PT\",\"potentialAction\":[{\"@type\":\"ReadAction\",\"target\":[\"https:\/\/www.danosa.com\/pt-pt\/danotherm-etics-enquadramento\/\"]}]},{\"@type\":\"BreadcrumbList\",\"@id\":\"https:\/\/www.danosa.com\/pt-pt\/danotherm-etics-enquadramento\/#breadcrumb\",\"itemListElement\":[{\"@type\":\"ListItem\",\"position\":1,\"name\":\"Portada\",\"item\":\"https:\/\/www.danosa.com\/pt-pt\/\"},{\"@type\":\"ListItem\",\"position\":2,\"name\":\"DANOTHERM ETICS ENQUADRAMENTO\"}]}]}<\/script>\n<!-- \/ Yoast SEO plugin. -->","yoast_head_json":{"title":"DANOTHERM ETICS ENQUADRAMENTO - Danosa | Solu\u00e7\u00f5es de constru\u00e7\u00e3o","robots":{"index":"index","follow":"follow","max-snippet":"max-snippet:-1","max-image-preview":"max-image-preview:large","max-video-preview":"max-video-preview:-1"},"canonical":"https:\/\/www.danosa.com\/pt-pt\/danotherm-etics-enquadramento\/","og_locale":"pt_PT","og_type":"article","og_title":"DANOTHERM ETICS ENQUADRAMENTO - Danosa | Solu\u00e7\u00f5es de constru\u00e7\u00e3o","og_description":"ENQUADRAMENTO GERAL E REGULAMENTAR Coeficientes de transmiss\u00e3o t\u00e9rmica de refer\u00eancia Uref (W\/(m2.K)), e m\u00e1ximos Um\u00e1x (W\/(m2.K)), segundo REH &#8211; Portaria 379-A\/2015 A aposta na efici\u00eancia energ\u00e9tica dos edif\u00edcios \u00e9 uma prioridade para a recupera\u00e7\u00e3o econ\u00f3mica, alinhada com a transi\u00e7\u00e3o clim\u00e1tica, de acordo com os objetivos do Pacto Ecol\u00f3gico Europeu. Segundo um estudo publicado pelo IHRU...","og_url":"https:\/\/www.danosa.com\/pt-pt\/danotherm-etics-enquadramento\/","og_site_name":"Danosa | Solu\u00e7\u00f5es de constru\u00e7\u00e3o","article_modified_time":"2023-06-14T14:36:48+00:00","og_image":[{"url":"https:\/\/www.danosa.com\/pt-pt\/wp-content\/uploads\/sites\/5\/2023\/06\/DANOTHERM_SATE-ETICS_pt_MAPA-980x1024.png"}],"twitter_card":"summary_large_image","twitter_misc":{"Tempo estimado de leitura":"4 minutos"},"schema":{"@context":"https:\/\/schema.org","@graph":[{"@type":"WebSite","@id":"https:\/\/www.danosa.com\/pt-pt\/#website","url":"https:\/\/www.danosa.com\/pt-pt\/","name":"Danosa | Solu\u00e7\u00f5es de constru\u00e7\u00e3o","description":"Impermeabiliza\u00e7\u00e3o, isolamento ac\u00fastico e t\u00e9rmico","potentialAction":[{"@type":"SearchAction","target":{"@type":"EntryPoint","urlTemplate":"https:\/\/www.danosa.com\/pt-pt\/?s={search_term_string}"},"query-input":"required name=search_term_string"}],"inLanguage":"pt-PT"},{"@type":"ImageObject","@id":"https:\/\/www.danosa.com\/pt-pt\/danotherm-etics-enquadramento\/#primaryimage","inLanguage":"pt-PT","url":"https:\/\/www.danosa.com\/pt-pt\/wp-content\/uploads\/sites\/5\/2023\/06\/DANOTHERM_SATE-ETICS_pt_MAPA.png","contentUrl":"https:\/\/www.danosa.com\/pt-pt\/wp-content\/uploads\/sites\/5\/2023\/06\/DANOTHERM_SATE-ETICS_pt_MAPA.png","width":1071,"height":1119},{"@type":"WebPage","@id":"https:\/\/www.danosa.com\/pt-pt\/danotherm-etics-enquadramento\/#webpage","url":"https:\/\/www.danosa.com\/pt-pt\/danotherm-etics-enquadramento\/","name":"DANOTHERM ETICS ENQUADRAMENTO - Danosa | Solu\u00e7\u00f5es de constru\u00e7\u00e3o","isPartOf":{"@id":"https:\/\/www.danosa.com\/pt-pt\/#website"},"primaryImageOfPage":{"@id":"https:\/\/www.danosa.com\/pt-pt\/danotherm-etics-enquadramento\/#primaryimage"},"datePublished":"2023-06-14T10:35:45+00:00","dateModified":"2023-06-14T14:36:48+00:00","breadcrumb":{"@id":"https:\/\/www.danosa.com\/pt-pt\/danotherm-etics-enquadramento\/#breadcrumb"},"inLanguage":"pt-PT","potentialAction":[{"@type":"ReadAction","target":["https:\/\/www.danosa.com\/pt-pt\/danotherm-etics-enquadramento\/"]}]},{"@type":"BreadcrumbList","@id":"https:\/\/www.danosa.com\/pt-pt\/danotherm-etics-enquadramento\/#breadcrumb","itemListElement":[{"@type":"ListItem","position":1,"name":"Portada","item":"https:\/\/www.danosa.com\/pt-pt\/"},{"@type":"ListItem","position":2,"name":"DANOTHERM ETICS ENQUADRAMENTO"}]}]}},"_links":{"self":[{"href":"https:\/\/www.danosa.com\/pt-pt\/wp-json\/wp\/v2\/pages\/9997"}],"collection":[{"href":"https:\/\/www.danosa.com\/pt-pt\/wp-json\/wp\/v2\/pages"}],"about":[{"href":"https:\/\/www.danosa.com\/pt-pt\/wp-json\/wp\/v2\/types\/page"}],"author":[{"embeddable":true,"href":"https:\/\/www.danosa.com\/pt-pt\/wp-json\/wp\/v2\/users\/2"}],"replies":[{"embeddable":true,"href":"https:\/\/www.danosa.com\/pt-pt\/wp-json\/wp\/v2\/comments?post=9997"}],"version-history":[{"count":16,"href":"https:\/\/www.danosa.com\/pt-pt\/wp-json\/wp\/v2\/pages\/9997\/revisions"}],"predecessor-version":[{"id":10122,"href":"https:\/\/www.danosa.com\/pt-pt\/wp-json\/wp\/v2\/pages\/9997\/revisions\/10122"}],"wp:attachment":[{"href":"https:\/\/www.danosa.com\/pt-pt\/wp-json\/wp\/v2\/media?parent=9997"}],"curies":[{"name":"wp","href":"https:\/\/api.w.org\/{rel}","templated":true}]}}