{"id":11062,"date":"2026-04-17T16:26:10","date_gmt":"2026-04-17T15:26:10","guid":{"rendered":"https:\/\/www.danosa.com\/pt-pt\/produto\/polydan-pro-nox-40-gp-2\/"},"modified":"2026-04-17T16:26:13","modified_gmt":"2026-04-17T15:26:13","slug":"polydan-pro-nox-40-gp","status":"publish","type":"product","link":"https:\/\/www.danosa.com\/pt-pt\/produto\/polydan-pro-nox-40-gp\/","title":{"rendered":"POLYDAN PRO NOX 40\/GP."},"content":{"rendered":"<p>O POLYDAN PRO NOX 40\/GP \u00e9 uma\u00a0membrana impermeabilizante betuminosa de superf\u00edcie auto-protegida de 5.0 kg\/m\u00b2. <br \/>\u00c9\u00a0composta por uma armadura de feltro de poli\u00e9ster de grande gramagem, recoberta\u00a0nas duas faces\u00a0com um m\u00e1stico de\u00a0de betume modificado com elast\u00f3mero (SBS). \u00a0usando como material de protec\u00e7\u00e3o\u00a0na face externa da membrana, gr\u00e2nulo mineral e revestimento fotocatal\u00edtico de cor branco. Como material anti-aderente,\u00a0na face\u00a0interna\u00a0usa-se um filme pl\u00e1stico.<\/p>\n","protected":false},"excerpt":{"rendered":"<p>Membrana\u00a0impermeabilizante de  betume elastom\u00e9rico SBS de alto desempenho  com auto-protec\u00e7\u00e3o mineral. Descontaminante e refletivo.<\/p>\n","protected":false},"featured_media":0,"parent":0,"menu_order":0,"template":"","meta":{"inline_featured_image":false,"site-sidebar-layout":"default","site-content-layout":"default","ast-main-header-display":"","ast-hfb-above-header-display":"","ast-hfb-below-header-display":"","ast-hfb-mobile-header-display":"","site-post-title":"","ast-breadcrumbs-content":"","ast-featured-img":"","footer-sml-layout":"","theme-transparent-header-meta":"","adv-header-id-meta":"","stick-header-meta":"","header-above-stick-meta":"","header-main-stick-meta":"","header-below-stick-meta":""},"family":[6782],"product_notice":[120531],"product_icon":[],"product_application":[119316,119337,130356],"product_standards_certification":[120780,120794,120801,120802,120803,120813,120817],"product_benefits":[118719,118725,118732,118735,118737,118741,118748,118788,118820,118896,118974],"product_support":[120336,120343,120345],"product_substrate_preparation":[],"product_important_indications":[119648,119650,119652,119654,119680,119701,119702,119746,119785,119798,119801,119825,119867,119885],"product_conservation":[119898,119924,119931,119983,120016],"product_warning":[120163],"product_safety_hygiene":[],"system_certification":[7128,6848],"product_maintenance":[40592],"product_safety_datasheet":[4867],"filter_special_uses":[6862,7127],"acf":[],"yoast_head":"<!-- This site is optimized with the Yoast SEO plugin v18.1 - https:\/\/yoast.com\/wordpress\/plugins\/seo\/ -->\n<title>POLYDAN PRONOX 40\/GP | Impermeabiliza\u00e7\u00e3o de cobertura asf\u00e1ltica<\/title>\n<meta name=\"description\" content=\"POLYDAN \u00e9 uma placa impermeabilizante de betume elastom\u00e9rico SBS de alto desempenho. Autoprotegido e reflexivo. Danosa.\" \/>\n<meta name=\"robots\" content=\"index, follow, max-snippet:-1, max-image-preview:large, max-video-preview:-1\" \/>\n<link rel=\"canonical\" href=\"https:\/\/www.danosa.com\/pt-pt\/produto\/polydan-pro-nox-40-gp\/\" \/>\n<meta property=\"og:locale\" content=\"pt_PT\" \/>\n<meta property=\"og:type\" content=\"article\" \/>\n<meta property=\"og:title\" content=\"POLYDAN PRONOX 40\/GP | Impermeabiliza\u00e7\u00e3o de cobertura asf\u00e1ltica\" \/>\n<meta property=\"og:description\" content=\"POLYDAN \u00e9 uma placa impermeabilizante de betume elastom\u00e9rico SBS de alto desempenho. Autoprotegido e reflexivo. Danosa.\" \/>\n<meta property=\"og:url\" content=\"https:\/\/www.danosa.com\/pt-pt\/produto\/polydan-pro-nox-40-gp\/\" \/>\n<meta property=\"og:site_name\" content=\"Danosa | Solu\u00e7\u00f5es de constru\u00e7\u00e3o\" \/>\n<meta property=\"article:modified_time\" content=\"2026-04-17T15:26:13+00:00\" \/>\n<meta name=\"twitter:card\" content=\"summary_large_image\" \/>\n<script type=\"application\/ld+json\" class=\"yoast-schema-graph\">{\"@context\":\"https:\/\/schema.org\",\"@graph\":[{\"@type\":\"WebSite\",\"@id\":\"https:\/\/www.danosa.com\/pt-pt\/#website\",\"url\":\"https:\/\/www.danosa.com\/pt-pt\/\",\"name\":\"Danosa | Solu\u00e7\u00f5es de constru\u00e7\u00e3o\",\"description\":\"Impermeabiliza\u00e7\u00e3o, isolamento ac\u00fastico e t\u00e9rmico\",\"potentialAction\":[{\"@type\":\"SearchAction\",\"target\":{\"@type\":\"EntryPoint\",\"urlTemplate\":\"https:\/\/www.danosa.com\/pt-pt\/?s={search_term_string}\"},\"query-input\":\"required name=search_term_string\"}],\"inLanguage\":\"pt-PT\"},{\"@type\":\"WebPage\",\"@id\":\"https:\/\/www.danosa.com\/pt-pt\/produto\/polydan-pro-nox-40-gp\/#webpage\",\"url\":\"https:\/\/www.danosa.com\/pt-pt\/produto\/polydan-pro-nox-40-gp\/\",\"name\":\"POLYDAN PRONOX 40\/GP | Impermeabiliza\u00e7\u00e3o de cobertura asf\u00e1ltica\",\"isPartOf\":{\"@id\":\"https:\/\/www.danosa.com\/pt-pt\/#website\"},\"datePublished\":\"2026-04-17T15:26:10+00:00\",\"dateModified\":\"2026-04-17T15:26:13+00:00\",\"description\":\"POLYDAN \u00e9 uma placa impermeabilizante de betume elastom\u00e9rico SBS de alto desempenho. Autoprotegido e reflexivo. Danosa.\",\"breadcrumb\":{\"@id\":\"https:\/\/www.danosa.com\/pt-pt\/produto\/polydan-pro-nox-40-gp\/#breadcrumb\"},\"inLanguage\":\"pt-PT\",\"potentialAction\":[{\"@type\":\"ReadAction\",\"target\":[\"https:\/\/www.danosa.com\/pt-pt\/produto\/polydan-pro-nox-40-gp\/\"]}]},{\"@type\":\"BreadcrumbList\",\"@id\":\"https:\/\/www.danosa.com\/pt-pt\/produto\/polydan-pro-nox-40-gp\/#breadcrumb\",\"itemListElement\":[{\"@type\":\"ListItem\",\"position\":1,\"name\":\"Portada\",\"item\":\"https:\/\/www.danosa.com\/pt-pt\/\"},{\"@type\":\"ListItem\",\"position\":2,\"name\":\"POLYDAN PRO NOX 40\/GP.\"}]}]}<\/script>\n<!-- \/ Yoast SEO plugin. -->","yoast_head_json":{"title":"POLYDAN PRONOX 40\/GP | Impermeabiliza\u00e7\u00e3o de cobertura asf\u00e1ltica","description":"POLYDAN \u00e9 uma placa impermeabilizante de betume elastom\u00e9rico SBS de alto desempenho. Autoprotegido e reflexivo. Danosa.","robots":{"index":"index","follow":"follow","max-snippet":"max-snippet:-1","max-image-preview":"max-image-preview:large","max-video-preview":"max-video-preview:-1"},"canonical":"https:\/\/www.danosa.com\/pt-pt\/produto\/polydan-pro-nox-40-gp\/","og_locale":"pt_PT","og_type":"article","og_title":"POLYDAN PRONOX 40\/GP | Impermeabiliza\u00e7\u00e3o de cobertura asf\u00e1ltica","og_description":"POLYDAN \u00e9 uma placa impermeabilizante de betume elastom\u00e9rico SBS de alto desempenho. Autoprotegido e reflexivo. Danosa.","og_url":"https:\/\/www.danosa.com\/pt-pt\/produto\/polydan-pro-nox-40-gp\/","og_site_name":"Danosa | Solu\u00e7\u00f5es de constru\u00e7\u00e3o","article_modified_time":"2026-04-17T15:26:13+00:00","twitter_card":"summary_large_image","schema":{"@context":"https:\/\/schema.org","@graph":[{"@type":"WebSite","@id":"https:\/\/www.danosa.com\/pt-pt\/#website","url":"https:\/\/www.danosa.com\/pt-pt\/","name":"Danosa | Solu\u00e7\u00f5es de constru\u00e7\u00e3o","description":"Impermeabiliza\u00e7\u00e3o, isolamento ac\u00fastico e t\u00e9rmico","potentialAction":[{"@type":"SearchAction","target":{"@type":"EntryPoint","urlTemplate":"https:\/\/www.danosa.com\/pt-pt\/?s={search_term_string}"},"query-input":"required name=search_term_string"}],"inLanguage":"pt-PT"},{"@type":"WebPage","@id":"https:\/\/www.danosa.com\/pt-pt\/produto\/polydan-pro-nox-40-gp\/#webpage","url":"https:\/\/www.danosa.com\/pt-pt\/produto\/polydan-pro-nox-40-gp\/","name":"POLYDAN PRONOX 40\/GP | Impermeabiliza\u00e7\u00e3o de cobertura asf\u00e1ltica","isPartOf":{"@id":"https:\/\/www.danosa.com\/pt-pt\/#website"},"datePublished":"2026-04-17T15:26:10+00:00","dateModified":"2026-04-17T15:26:13+00:00","description":"POLYDAN \u00e9 uma placa impermeabilizante de betume elastom\u00e9rico SBS de alto desempenho. Autoprotegido e reflexivo. Danosa.","breadcrumb":{"@id":"https:\/\/www.danosa.com\/pt-pt\/produto\/polydan-pro-nox-40-gp\/#breadcrumb"},"inLanguage":"pt-PT","potentialAction":[{"@type":"ReadAction","target":["https:\/\/www.danosa.com\/pt-pt\/produto\/polydan-pro-nox-40-gp\/"]}]},{"@type":"BreadcrumbList","@id":"https:\/\/www.danosa.com\/pt-pt\/produto\/polydan-pro-nox-40-gp\/#breadcrumb","itemListElement":[{"@type":"ListItem","position":1,"name":"Portada","item":"https:\/\/www.danosa.com\/pt-pt\/"},{"@type":"ListItem","position":2,"name":"POLYDAN PRO NOX 40\/GP."}]}]}},"_links":{"self":[{"href":"https:\/\/www.danosa.com\/pt-pt\/wp-json\/wp\/v2\/product\/11062"}],"collection":[{"href":"https:\/\/www.danosa.com\/pt-pt\/wp-json\/wp\/v2\/product"}],"about":[{"href":"https:\/\/www.danosa.com\/pt-pt\/wp-json\/wp\/v2\/types\/product"}],"wp:attachment":[{"href":"https:\/\/www.danosa.com\/pt-pt\/wp-json\/wp\/v2\/media?parent=11062"}],"wp:term":[{"taxonomy":"family","embeddable":true,"href":"https:\/\/www.danosa.com\/pt-pt\/wp-json\/wp\/v2\/family?post=11062"},{"taxonomy":"product_notice","embeddable":true,"href":"https:\/\/www.danosa.com\/pt-pt\/wp-json\/wp\/v2\/product_notice?post=11062"},{"taxonomy":"product_icon","embeddable":true,"href":"https:\/\/www.danosa.com\/pt-pt\/wp-json\/wp\/v2\/product_icon?post=11062"},{"taxonomy":"product_application","embeddable":true,"href":"https:\/\/www.danosa.com\/pt-pt\/wp-json\/wp\/v2\/product_application?post=11062"},{"taxonomy":"product_standards_certification","embeddable":true,"href":"https:\/\/www.danosa.com\/pt-pt\/wp-json\/wp\/v2\/product_standards_certification?post=11062"},{"taxonomy":"product_benefits","embeddable":true,"href":"https:\/\/www.danosa.com\/pt-pt\/wp-json\/wp\/v2\/product_benefits?post=11062"},{"taxonomy":"product_support","embeddable":true,"href":"https:\/\/www.danosa.com\/pt-pt\/wp-json\/wp\/v2\/product_support?post=11062"},{"taxonomy":"product_substrate_preparation","embeddable":true,"href":"https:\/\/www.danosa.com\/pt-pt\/wp-json\/wp\/v2\/product_substrate_preparation?post=11062"},{"taxonomy":"product_important_indications","embeddable":true,"href":"https:\/\/www.danosa.com\/pt-pt\/wp-json\/wp\/v2\/product_important_indications?post=11062"},{"taxonomy":"product_conservation","embeddable":true,"href":"https:\/\/www.danosa.com\/pt-pt\/wp-json\/wp\/v2\/product_conservation?post=11062"},{"taxonomy":"product_warning","embeddable":true,"href":"https:\/\/www.danosa.com\/pt-pt\/wp-json\/wp\/v2\/product_warning?post=11062"},{"taxonomy":"product_safety_hygiene","embeddable":true,"href":"https:\/\/www.danosa.com\/pt-pt\/wp-json\/wp\/v2\/product_safety_hygiene?post=11062"},{"taxonomy":"system_certification","embeddable":true,"href":"https:\/\/www.danosa.com\/pt-pt\/wp-json\/wp\/v2\/system_certification?post=11062"},{"taxonomy":"product_maintenance","embeddable":true,"href":"https:\/\/www.danosa.com\/pt-pt\/wp-json\/wp\/v2\/product_maintenance?post=11062"},{"taxonomy":"product_safety_datasheet","embeddable":true,"href":"https:\/\/www.danosa.com\/pt-pt\/wp-json\/wp\/v2\/product_safety_datasheet?post=11062"},{"taxonomy":"filter_special_uses","embeddable":true,"href":"https:\/\/www.danosa.com\/pt-pt\/wp-json\/wp\/v2\/filter_special_uses?post=11062"}],"curies":[{"name":"wp","href":"https:\/\/api.w.org\/{rel}","templated":true}]}}