{"id":11144,"date":"2026-04-16T16:26:17","date_gmt":"2026-04-16T15:26:17","guid":{"rendered":"https:\/\/www.danosa.com\/pt-pt\/produto\/revestidan-water-stop-fiber\/"},"modified":"2026-04-16T16:26:18","modified_gmt":"2026-04-16T15:26:18","slug":"revestidan-water-stop-fiber","status":"publish","type":"product","link":"https:\/\/www.danosa.com\/pt-pt\/produto\/revestidan-water-stop-fiber\/","title":{"rendered":"REVESTIDAN WATER STOP FIBER"},"content":{"rendered":"<p>Revestimento acr\u00edlico monocomponente \u00e0 base de \u00e1gua para impermeabiliza\u00e7\u00e3o com elevada elasticidade e flexibilidade, com excelente estanquidade \u00e0 \u00e1gua e aos l\u00edquidos em geral. Forte resist\u00eancia \u00e0 tra\u00e7\u00e3o e alongamento na rutura. Extraordin\u00e1ria resist\u00eancia ao envelhecimento, \u00e0 abras\u00e3o e \u00e0 perfura\u00e7\u00e3o. Boa homogeneiza\u00e7\u00e3o do produto e f\u00e1cil aplica\u00e7\u00e3o. Pel\u00edcula resistente \u00e0s intemp\u00e9ries e aos raios UV. Excelente resist\u00eancia \u00e0 abras\u00e3o. Bom preenchimento de fissuras e resist\u00eancia \u00e0 microfissura\u00e7\u00e3o. Aumento da resist\u00eancia mec\u00e2nica com a utiliza\u00e7\u00e3o de malha de fibra de vidro. Elevada elasticidade e flexibilidade. Excelente durabilidade. Indicado para evitar infiltra\u00e7\u00f5es de \u00e1gua em terra\u00e7os, coberturas, telhados, juntas de dilata\u00e7\u00e3o, tubos de queda, etc. Na repara\u00e7\u00e3o de zonas com fissuras existentes ou com tend\u00eancia para se formarem.<\/p>\n","protected":false},"excerpt":{"rendered":"<p>Revestimento el\u00e1stico com fibras para impermeabiliza\u00e7\u00e3o de coberturas m\u00e1xima durabilidade e efic\u00e1cia no ponteamento de fissuras<\/p>\n","protected":false},"featured_media":0,"parent":0,"menu_order":0,"template":"","meta":{"inline_featured_image":false,"site-sidebar-layout":"default","site-content-layout":"default","ast-main-header-display":"","ast-hfb-above-header-display":"","ast-hfb-below-header-display":"","ast-hfb-mobile-header-display":"","site-post-title":"","ast-breadcrumbs-content":"","ast-featured-img":"","footer-sml-layout":"","theme-transparent-header-meta":"","adv-header-id-meta":"","stick-header-meta":"","header-above-stick-meta":"","header-main-stick-meta":"","header-below-stick-meta":""},"family":[62908],"product_notice":[120531],"product_icon":[],"product_application":[119476,119581],"product_standards_certification":[],"product_benefits":[118533,118743,119050,119051,119052,119053,119054,119055],"product_support":[],"product_substrate_preparation":[120511],"product_important_indications":[],"product_conservation":[120077,120078],"product_warning":[120136,120191,120240,120257,120258,120259],"product_safety_hygiene":[],"system_certification":[],"product_maintenance":[],"product_safety_datasheet":[61074],"filter_special_uses":[],"acf":[],"yoast_head":"<!-- This site is optimized with the Yoast SEO plugin v18.1 - https:\/\/yoast.com\/wordpress\/plugins\/seo\/ -->\n<title>REVESTIDAN WATER STOP FIBER - Danosa | Solu\u00e7\u00f5es de constru\u00e7\u00e3o<\/title>\n<meta name=\"robots\" content=\"index, follow, max-snippet:-1, max-image-preview:large, max-video-preview:-1\" \/>\n<link rel=\"canonical\" href=\"https:\/\/www.danosa.com\/pt-pt\/produto\/revestidan-water-stop-fiber\/\" \/>\n<meta property=\"og:locale\" content=\"pt_PT\" \/>\n<meta property=\"og:type\" content=\"article\" \/>\n<meta property=\"og:title\" content=\"REVESTIDAN WATER STOP FIBER - Danosa | Solu\u00e7\u00f5es de constru\u00e7\u00e3o\" \/>\n<meta property=\"og:description\" content=\"Revestimento el\u00e1stico com fibras para impermeabiliza\u00e7\u00e3o de coberturas m\u00e1xima durabilidade e efic\u00e1cia no ponteamento de fissuras\" \/>\n<meta property=\"og:url\" content=\"https:\/\/www.danosa.com\/pt-pt\/produto\/revestidan-water-stop-fiber\/\" \/>\n<meta property=\"og:site_name\" content=\"Danosa | Solu\u00e7\u00f5es de constru\u00e7\u00e3o\" \/>\n<meta property=\"article:modified_time\" content=\"2026-04-16T15:26:18+00:00\" \/>\n<meta name=\"twitter:card\" content=\"summary_large_image\" \/>\n<meta name=\"twitter:label1\" content=\"Tempo estimado de leitura\" \/>\n\t<meta name=\"twitter:data1\" content=\"1 minuto\" \/>\n<script type=\"application\/ld+json\" class=\"yoast-schema-graph\">{\"@context\":\"https:\/\/schema.org\",\"@graph\":[{\"@type\":\"WebSite\",\"@id\":\"https:\/\/www.danosa.com\/pt-pt\/#website\",\"url\":\"https:\/\/www.danosa.com\/pt-pt\/\",\"name\":\"Danosa | Solu\u00e7\u00f5es de constru\u00e7\u00e3o\",\"description\":\"Impermeabiliza\u00e7\u00e3o, isolamento ac\u00fastico e t\u00e9rmico\",\"potentialAction\":[{\"@type\":\"SearchAction\",\"target\":{\"@type\":\"EntryPoint\",\"urlTemplate\":\"https:\/\/www.danosa.com\/pt-pt\/?s={search_term_string}\"},\"query-input\":\"required name=search_term_string\"}],\"inLanguage\":\"pt-PT\"},{\"@type\":\"WebPage\",\"@id\":\"https:\/\/www.danosa.com\/pt-pt\/produto\/revestidan-water-stop-fiber\/#webpage\",\"url\":\"https:\/\/www.danosa.com\/pt-pt\/produto\/revestidan-water-stop-fiber\/\",\"name\":\"REVESTIDAN WATER STOP FIBER - Danosa | Solu\u00e7\u00f5es de constru\u00e7\u00e3o\",\"isPartOf\":{\"@id\":\"https:\/\/www.danosa.com\/pt-pt\/#website\"},\"datePublished\":\"2026-04-16T15:26:17+00:00\",\"dateModified\":\"2026-04-16T15:26:18+00:00\",\"breadcrumb\":{\"@id\":\"https:\/\/www.danosa.com\/pt-pt\/produto\/revestidan-water-stop-fiber\/#breadcrumb\"},\"inLanguage\":\"pt-PT\",\"potentialAction\":[{\"@type\":\"ReadAction\",\"target\":[\"https:\/\/www.danosa.com\/pt-pt\/produto\/revestidan-water-stop-fiber\/\"]}]},{\"@type\":\"BreadcrumbList\",\"@id\":\"https:\/\/www.danosa.com\/pt-pt\/produto\/revestidan-water-stop-fiber\/#breadcrumb\",\"itemListElement\":[{\"@type\":\"ListItem\",\"position\":1,\"name\":\"Portada\",\"item\":\"https:\/\/www.danosa.com\/pt-pt\/\"},{\"@type\":\"ListItem\",\"position\":2,\"name\":\"REVESTIDAN WATER STOP FIBER\"}]}]}<\/script>\n<!-- \/ Yoast SEO plugin. -->","yoast_head_json":{"title":"REVESTIDAN WATER STOP FIBER - Danosa | Solu\u00e7\u00f5es de constru\u00e7\u00e3o","robots":{"index":"index","follow":"follow","max-snippet":"max-snippet:-1","max-image-preview":"max-image-preview:large","max-video-preview":"max-video-preview:-1"},"canonical":"https:\/\/www.danosa.com\/pt-pt\/produto\/revestidan-water-stop-fiber\/","og_locale":"pt_PT","og_type":"article","og_title":"REVESTIDAN WATER STOP FIBER - Danosa | Solu\u00e7\u00f5es de constru\u00e7\u00e3o","og_description":"Revestimento el\u00e1stico com fibras para impermeabiliza\u00e7\u00e3o de coberturas m\u00e1xima durabilidade e efic\u00e1cia no ponteamento de fissuras","og_url":"https:\/\/www.danosa.com\/pt-pt\/produto\/revestidan-water-stop-fiber\/","og_site_name":"Danosa | Solu\u00e7\u00f5es de constru\u00e7\u00e3o","article_modified_time":"2026-04-16T15:26:18+00:00","twitter_card":"summary_large_image","twitter_misc":{"Tempo estimado de leitura":"1 minuto"},"schema":{"@context":"https:\/\/schema.org","@graph":[{"@type":"WebSite","@id":"https:\/\/www.danosa.com\/pt-pt\/#website","url":"https:\/\/www.danosa.com\/pt-pt\/","name":"Danosa | Solu\u00e7\u00f5es de constru\u00e7\u00e3o","description":"Impermeabiliza\u00e7\u00e3o, isolamento ac\u00fastico e t\u00e9rmico","potentialAction":[{"@type":"SearchAction","target":{"@type":"EntryPoint","urlTemplate":"https:\/\/www.danosa.com\/pt-pt\/?s={search_term_string}"},"query-input":"required name=search_term_string"}],"inLanguage":"pt-PT"},{"@type":"WebPage","@id":"https:\/\/www.danosa.com\/pt-pt\/produto\/revestidan-water-stop-fiber\/#webpage","url":"https:\/\/www.danosa.com\/pt-pt\/produto\/revestidan-water-stop-fiber\/","name":"REVESTIDAN WATER STOP FIBER - Danosa | Solu\u00e7\u00f5es de constru\u00e7\u00e3o","isPartOf":{"@id":"https:\/\/www.danosa.com\/pt-pt\/#website"},"datePublished":"2026-04-16T15:26:17+00:00","dateModified":"2026-04-16T15:26:18+00:00","breadcrumb":{"@id":"https:\/\/www.danosa.com\/pt-pt\/produto\/revestidan-water-stop-fiber\/#breadcrumb"},"inLanguage":"pt-PT","potentialAction":[{"@type":"ReadAction","target":["https:\/\/www.danosa.com\/pt-pt\/produto\/revestidan-water-stop-fiber\/"]}]},{"@type":"BreadcrumbList","@id":"https:\/\/www.danosa.com\/pt-pt\/produto\/revestidan-water-stop-fiber\/#breadcrumb","itemListElement":[{"@type":"ListItem","position":1,"name":"Portada","item":"https:\/\/www.danosa.com\/pt-pt\/"},{"@type":"ListItem","position":2,"name":"REVESTIDAN WATER STOP FIBER"}]}]}},"_links":{"self":[{"href":"https:\/\/www.danosa.com\/pt-pt\/wp-json\/wp\/v2\/product\/11144"}],"collection":[{"href":"https:\/\/www.danosa.com\/pt-pt\/wp-json\/wp\/v2\/product"}],"about":[{"href":"https:\/\/www.danosa.com\/pt-pt\/wp-json\/wp\/v2\/types\/product"}],"wp:attachment":[{"href":"https:\/\/www.danosa.com\/pt-pt\/wp-json\/wp\/v2\/media?parent=11144"}],"wp:term":[{"taxonomy":"family","embeddable":true,"href":"https:\/\/www.danosa.com\/pt-pt\/wp-json\/wp\/v2\/family?post=11144"},{"taxonomy":"product_notice","embeddable":true,"href":"https:\/\/www.danosa.com\/pt-pt\/wp-json\/wp\/v2\/product_notice?post=11144"},{"taxonomy":"product_icon","embeddable":true,"href":"https:\/\/www.danosa.com\/pt-pt\/wp-json\/wp\/v2\/product_icon?post=11144"},{"taxonomy":"product_application","embeddable":true,"href":"https:\/\/www.danosa.com\/pt-pt\/wp-json\/wp\/v2\/product_application?post=11144"},{"taxonomy":"product_standards_certification","embeddable":true,"href":"https:\/\/www.danosa.com\/pt-pt\/wp-json\/wp\/v2\/product_standards_certification?post=11144"},{"taxonomy":"product_benefits","embeddable":true,"href":"https:\/\/www.danosa.com\/pt-pt\/wp-json\/wp\/v2\/product_benefits?post=11144"},{"taxonomy":"product_support","embeddable":true,"href":"https:\/\/www.danosa.com\/pt-pt\/wp-json\/wp\/v2\/product_support?post=11144"},{"taxonomy":"product_substrate_preparation","embeddable":true,"href":"https:\/\/www.danosa.com\/pt-pt\/wp-json\/wp\/v2\/product_substrate_preparation?post=11144"},{"taxonomy":"product_important_indications","embeddable":true,"href":"https:\/\/www.danosa.com\/pt-pt\/wp-json\/wp\/v2\/product_important_indications?post=11144"},{"taxonomy":"product_conservation","embeddable":true,"href":"https:\/\/www.danosa.com\/pt-pt\/wp-json\/wp\/v2\/product_conservation?post=11144"},{"taxonomy":"product_warning","embeddable":true,"href":"https:\/\/www.danosa.com\/pt-pt\/wp-json\/wp\/v2\/product_warning?post=11144"},{"taxonomy":"product_safety_hygiene","embeddable":true,"href":"https:\/\/www.danosa.com\/pt-pt\/wp-json\/wp\/v2\/product_safety_hygiene?post=11144"},{"taxonomy":"system_certification","embeddable":true,"href":"https:\/\/www.danosa.com\/pt-pt\/wp-json\/wp\/v2\/system_certification?post=11144"},{"taxonomy":"product_maintenance","embeddable":true,"href":"https:\/\/www.danosa.com\/pt-pt\/wp-json\/wp\/v2\/product_maintenance?post=11144"},{"taxonomy":"product_safety_datasheet","embeddable":true,"href":"https:\/\/www.danosa.com\/pt-pt\/wp-json\/wp\/v2\/product_safety_datasheet?post=11144"},{"taxonomy":"filter_special_uses","embeddable":true,"href":"https:\/\/www.danosa.com\/pt-pt\/wp-json\/wp\/v2\/filter_special_uses?post=11144"}],"curies":[{"name":"wp","href":"https:\/\/api.w.org\/{rel}","templated":true}]}}