{"id":12002,"date":"2026-04-09T04:26:12","date_gmt":"2026-04-09T03:26:12","guid":{"rendered":"https:\/\/www.danosa.com\/pt-pt\/produto\/self-dan-al-pro\/"},"modified":"2026-04-09T04:26:13","modified_gmt":"2026-04-09T03:26:13","slug":"self-dan-al-pro","status":"publish","type":"product","link":"https:\/\/www.danosa.com\/pt-pt\/produto\/self-dan-al-pro\/","title":{"rendered":"SELF-DAN AL PRO"},"content":{"rendered":"<p>Inovadora camada autoadesiva de controle de ar e vapor refor\u00e7ada com elast\u00f4mero e betume (AVCL). Ela \u00e9 equipada com um revestimento de folha de alum\u00ednio para garantir a impermeabilidade ao vapor. Ao contr\u00e1rio de outras camadas de controle de ar e vapor, \u00e9 mais fina e mais leve. Quando usada em um sistema totalmente aderido, pode ser necess\u00e1rio um primer. Al\u00e9m disso, este produto oferece vantagens, como instala\u00e7\u00e3o mais limpa, segura e r\u00e1pida em compara\u00e7\u00e3o com as membranas tradicionais aplicadas com ma\u00e7arico. Pode ser aplicado diretamente sobre decks de metal.<\/p>\n","protected":false},"excerpt":{"rendered":"<p>Folha autoadesiva de controle de ar e vapor (AVCL)<\/p>\n","protected":false},"featured_media":0,"parent":0,"menu_order":0,"template":"","meta":{"inline_featured_image":false,"site-sidebar-layout":"default","site-content-layout":"default","ast-main-header-display":"","ast-hfb-above-header-display":"","ast-hfb-below-header-display":"","ast-hfb-mobile-header-display":"","site-post-title":"","ast-breadcrumbs-content":"","ast-featured-img":"","footer-sml-layout":"","theme-transparent-header-meta":"","adv-header-id-meta":"","stick-header-meta":"","header-above-stick-meta":"","header-main-stick-meta":"","header-below-stick-meta":""},"family":[6782,6786],"product_notice":[120531],"product_icon":[],"product_application":[119137,119139],"product_standards_certification":[120780,120784],"product_benefits":[118488,118636,118662,118704,118842,118962],"product_support":[120289,120344,120367],"product_substrate_preparation":[],"product_important_indications":[119650,119651,119655,119666,119680,119690,119760,119801,119804,119808,119830,119885],"product_conservation":[119919,119924,119930,119932,119944,119957,119960,120009,120016,120020,120021,120087,120088,120090],"product_warning":[],"product_safety_hygiene":[],"system_certification":[],"product_maintenance":[40592],"product_safety_datasheet":[4867],"filter_special_uses":[6878,6862],"acf":[],"yoast_head":"<!-- This site is optimized with the Yoast SEO plugin v18.1 - https:\/\/yoast.com\/wordpress\/plugins\/seo\/ -->\n<title>Membrana autoadesiva com autoprote\u00e7\u00e3o met\u00e1lica | SELF-DAN AL PRO<\/title>\n<meta name=\"description\" content=\"Membrana autoadesiva com autoprote\u00e7\u00e3o met\u00e1lica para impermeabiliza\u00e7\u00e3o e veda\u00e7\u00e3o de chamin\u00e9s, tubula\u00e7\u00f5es, claraboias, rachaduras, etc. Danosa.\" \/>\n<meta name=\"robots\" content=\"index, follow, max-snippet:-1, max-image-preview:large, max-video-preview:-1\" \/>\n<link rel=\"canonical\" href=\"https:\/\/www.danosa.com\/pt-pt\/produto\/self-dan-al-pro\/\" \/>\n<meta property=\"og:locale\" content=\"pt_PT\" \/>\n<meta property=\"og:type\" content=\"article\" \/>\n<meta property=\"og:title\" content=\"Membrana autoadesiva com autoprote\u00e7\u00e3o met\u00e1lica | SELF-DAN AL PRO\" \/>\n<meta property=\"og:description\" content=\"Membrana autoadesiva com autoprote\u00e7\u00e3o met\u00e1lica para impermeabiliza\u00e7\u00e3o e veda\u00e7\u00e3o de chamin\u00e9s, tubula\u00e7\u00f5es, claraboias, rachaduras, etc. Danosa.\" \/>\n<meta property=\"og:url\" content=\"https:\/\/www.danosa.com\/pt-pt\/produto\/self-dan-al-pro\/\" \/>\n<meta property=\"og:site_name\" content=\"Danosa | Solu\u00e7\u00f5es de constru\u00e7\u00e3o\" \/>\n<meta property=\"article:modified_time\" content=\"2026-04-09T03:26:13+00:00\" \/>\n<meta name=\"twitter:card\" content=\"summary_large_image\" \/>\n<script type=\"application\/ld+json\" class=\"yoast-schema-graph\">{\"@context\":\"https:\/\/schema.org\",\"@graph\":[{\"@type\":\"WebSite\",\"@id\":\"https:\/\/www.danosa.com\/pt-pt\/#website\",\"url\":\"https:\/\/www.danosa.com\/pt-pt\/\",\"name\":\"Danosa | Solu\u00e7\u00f5es de constru\u00e7\u00e3o\",\"description\":\"Impermeabiliza\u00e7\u00e3o, isolamento ac\u00fastico e t\u00e9rmico\",\"potentialAction\":[{\"@type\":\"SearchAction\",\"target\":{\"@type\":\"EntryPoint\",\"urlTemplate\":\"https:\/\/www.danosa.com\/pt-pt\/?s={search_term_string}\"},\"query-input\":\"required name=search_term_string\"}],\"inLanguage\":\"pt-PT\"},{\"@type\":\"WebPage\",\"@id\":\"https:\/\/www.danosa.com\/pt-pt\/produto\/self-dan-al-pro\/#webpage\",\"url\":\"https:\/\/www.danosa.com\/pt-pt\/produto\/self-dan-al-pro\/\",\"name\":\"Membrana autoadesiva com autoprote\u00e7\u00e3o met\u00e1lica | SELF-DAN AL PRO\",\"isPartOf\":{\"@id\":\"https:\/\/www.danosa.com\/pt-pt\/#website\"},\"datePublished\":\"2026-04-09T03:26:12+00:00\",\"dateModified\":\"2026-04-09T03:26:13+00:00\",\"description\":\"Membrana autoadesiva com autoprote\u00e7\u00e3o met\u00e1lica para impermeabiliza\u00e7\u00e3o e veda\u00e7\u00e3o de chamin\u00e9s, tubula\u00e7\u00f5es, claraboias, rachaduras, etc. Danosa.\",\"breadcrumb\":{\"@id\":\"https:\/\/www.danosa.com\/pt-pt\/produto\/self-dan-al-pro\/#breadcrumb\"},\"inLanguage\":\"pt-PT\",\"potentialAction\":[{\"@type\":\"ReadAction\",\"target\":[\"https:\/\/www.danosa.com\/pt-pt\/produto\/self-dan-al-pro\/\"]}]},{\"@type\":\"BreadcrumbList\",\"@id\":\"https:\/\/www.danosa.com\/pt-pt\/produto\/self-dan-al-pro\/#breadcrumb\",\"itemListElement\":[{\"@type\":\"ListItem\",\"position\":1,\"name\":\"Portada\",\"item\":\"https:\/\/www.danosa.com\/pt-pt\/\"},{\"@type\":\"ListItem\",\"position\":2,\"name\":\"SELF-DAN AL PRO\"}]}]}<\/script>\n<!-- \/ Yoast SEO plugin. -->","yoast_head_json":{"title":"Membrana autoadesiva com autoprote\u00e7\u00e3o met\u00e1lica | SELF-DAN AL PRO","description":"Membrana autoadesiva com autoprote\u00e7\u00e3o met\u00e1lica para impermeabiliza\u00e7\u00e3o e veda\u00e7\u00e3o de chamin\u00e9s, tubula\u00e7\u00f5es, claraboias, rachaduras, etc. Danosa.","robots":{"index":"index","follow":"follow","max-snippet":"max-snippet:-1","max-image-preview":"max-image-preview:large","max-video-preview":"max-video-preview:-1"},"canonical":"https:\/\/www.danosa.com\/pt-pt\/produto\/self-dan-al-pro\/","og_locale":"pt_PT","og_type":"article","og_title":"Membrana autoadesiva com autoprote\u00e7\u00e3o met\u00e1lica | SELF-DAN AL PRO","og_description":"Membrana autoadesiva com autoprote\u00e7\u00e3o met\u00e1lica para impermeabiliza\u00e7\u00e3o e veda\u00e7\u00e3o de chamin\u00e9s, tubula\u00e7\u00f5es, claraboias, rachaduras, etc. Danosa.","og_url":"https:\/\/www.danosa.com\/pt-pt\/produto\/self-dan-al-pro\/","og_site_name":"Danosa | Solu\u00e7\u00f5es de constru\u00e7\u00e3o","article_modified_time":"2026-04-09T03:26:13+00:00","twitter_card":"summary_large_image","schema":{"@context":"https:\/\/schema.org","@graph":[{"@type":"WebSite","@id":"https:\/\/www.danosa.com\/pt-pt\/#website","url":"https:\/\/www.danosa.com\/pt-pt\/","name":"Danosa | Solu\u00e7\u00f5es de constru\u00e7\u00e3o","description":"Impermeabiliza\u00e7\u00e3o, isolamento ac\u00fastico e t\u00e9rmico","potentialAction":[{"@type":"SearchAction","target":{"@type":"EntryPoint","urlTemplate":"https:\/\/www.danosa.com\/pt-pt\/?s={search_term_string}"},"query-input":"required name=search_term_string"}],"inLanguage":"pt-PT"},{"@type":"WebPage","@id":"https:\/\/www.danosa.com\/pt-pt\/produto\/self-dan-al-pro\/#webpage","url":"https:\/\/www.danosa.com\/pt-pt\/produto\/self-dan-al-pro\/","name":"Membrana autoadesiva com autoprote\u00e7\u00e3o met\u00e1lica | SELF-DAN AL PRO","isPartOf":{"@id":"https:\/\/www.danosa.com\/pt-pt\/#website"},"datePublished":"2026-04-09T03:26:12+00:00","dateModified":"2026-04-09T03:26:13+00:00","description":"Membrana autoadesiva com autoprote\u00e7\u00e3o met\u00e1lica para impermeabiliza\u00e7\u00e3o e veda\u00e7\u00e3o de chamin\u00e9s, tubula\u00e7\u00f5es, claraboias, rachaduras, etc. Danosa.","breadcrumb":{"@id":"https:\/\/www.danosa.com\/pt-pt\/produto\/self-dan-al-pro\/#breadcrumb"},"inLanguage":"pt-PT","potentialAction":[{"@type":"ReadAction","target":["https:\/\/www.danosa.com\/pt-pt\/produto\/self-dan-al-pro\/"]}]},{"@type":"BreadcrumbList","@id":"https:\/\/www.danosa.com\/pt-pt\/produto\/self-dan-al-pro\/#breadcrumb","itemListElement":[{"@type":"ListItem","position":1,"name":"Portada","item":"https:\/\/www.danosa.com\/pt-pt\/"},{"@type":"ListItem","position":2,"name":"SELF-DAN AL PRO"}]}]}},"_links":{"self":[{"href":"https:\/\/www.danosa.com\/pt-pt\/wp-json\/wp\/v2\/product\/12002"}],"collection":[{"href":"https:\/\/www.danosa.com\/pt-pt\/wp-json\/wp\/v2\/product"}],"about":[{"href":"https:\/\/www.danosa.com\/pt-pt\/wp-json\/wp\/v2\/types\/product"}],"wp:attachment":[{"href":"https:\/\/www.danosa.com\/pt-pt\/wp-json\/wp\/v2\/media?parent=12002"}],"wp:term":[{"taxonomy":"family","embeddable":true,"href":"https:\/\/www.danosa.com\/pt-pt\/wp-json\/wp\/v2\/family?post=12002"},{"taxonomy":"product_notice","embeddable":true,"href":"https:\/\/www.danosa.com\/pt-pt\/wp-json\/wp\/v2\/product_notice?post=12002"},{"taxonomy":"product_icon","embeddable":true,"href":"https:\/\/www.danosa.com\/pt-pt\/wp-json\/wp\/v2\/product_icon?post=12002"},{"taxonomy":"product_application","embeddable":true,"href":"https:\/\/www.danosa.com\/pt-pt\/wp-json\/wp\/v2\/product_application?post=12002"},{"taxonomy":"product_standards_certification","embeddable":true,"href":"https:\/\/www.danosa.com\/pt-pt\/wp-json\/wp\/v2\/product_standards_certification?post=12002"},{"taxonomy":"product_benefits","embeddable":true,"href":"https:\/\/www.danosa.com\/pt-pt\/wp-json\/wp\/v2\/product_benefits?post=12002"},{"taxonomy":"product_support","embeddable":true,"href":"https:\/\/www.danosa.com\/pt-pt\/wp-json\/wp\/v2\/product_support?post=12002"},{"taxonomy":"product_substrate_preparation","embeddable":true,"href":"https:\/\/www.danosa.com\/pt-pt\/wp-json\/wp\/v2\/product_substrate_preparation?post=12002"},{"taxonomy":"product_important_indications","embeddable":true,"href":"https:\/\/www.danosa.com\/pt-pt\/wp-json\/wp\/v2\/product_important_indications?post=12002"},{"taxonomy":"product_conservation","embeddable":true,"href":"https:\/\/www.danosa.com\/pt-pt\/wp-json\/wp\/v2\/product_conservation?post=12002"},{"taxonomy":"product_warning","embeddable":true,"href":"https:\/\/www.danosa.com\/pt-pt\/wp-json\/wp\/v2\/product_warning?post=12002"},{"taxonomy":"product_safety_hygiene","embeddable":true,"href":"https:\/\/www.danosa.com\/pt-pt\/wp-json\/wp\/v2\/product_safety_hygiene?post=12002"},{"taxonomy":"system_certification","embeddable":true,"href":"https:\/\/www.danosa.com\/pt-pt\/wp-json\/wp\/v2\/system_certification?post=12002"},{"taxonomy":"product_maintenance","embeddable":true,"href":"https:\/\/www.danosa.com\/pt-pt\/wp-json\/wp\/v2\/product_maintenance?post=12002"},{"taxonomy":"product_safety_datasheet","embeddable":true,"href":"https:\/\/www.danosa.com\/pt-pt\/wp-json\/wp\/v2\/product_safety_datasheet?post=12002"},{"taxonomy":"filter_special_uses","embeddable":true,"href":"https:\/\/www.danosa.com\/pt-pt\/wp-json\/wp\/v2\/filter_special_uses?post=12002"}],"curies":[{"name":"wp","href":"https:\/\/api.w.org\/{rel}","templated":true}]}}