{"id":12046,"date":"2026-04-16T16:21:44","date_gmt":"2026-04-16T15:21:44","guid":{"rendered":"https:\/\/www.danosa.com\/pt-pt\/produto\/esterdan-p-50-gp-rojo-pasillos-tecnicos\/"},"modified":"2026-04-16T16:21:48","modified_gmt":"2026-04-16T15:21:48","slug":"esterdan-p-50-gp-rojo-pasillos-tecnicos","status":"publish","type":"product","link":"https:\/\/www.danosa.com\/pt-pt\/produto\/esterdan-p-50-gp-rojo-pasillos-tecnicos\/","title":{"rendered":"ESTERDAN P 50\/GP ROJO PASILLOS TECNICOS."},"content":{"rendered":"<p>O ESTERDAN PLUS 50\/GP CORREDORES T\u00c9CNICOS VERMELHO\u00a0\u00e9 uma\u00a0membrana impermeabilizante betuminosa de superf\u00edcie auto-protegida de 5.0 kg\/m\u00b2.<br \/>\n\u00c9\u00a0composta por uma armadura de feltro de poli\u00e9ster refor\u00e7ado, recoberta\u00a0nas duas faces\u00a0com um m\u00e1stico de betume modificado com elast\u00f3meros (SBS), usando como material de protec\u00e7\u00e3o\u00a0na face externa da membrana, protec\u00e7\u00e3o mineral de cor vermelho. Como material anti-aderente,\u00a0na face\u00a0interna\u00a0usa-se um filme pl\u00e1stico.<br \/>\nUtiliza-se\u00a0para refor\u00e7ar as zonas de manuten\u00e7\u00e3o\u00a0e acesso aos equipamentos, em coberturas n\u00e3o-transit\u00e1veis auto-protegidas.<\/p>\n","protected":false},"excerpt":{"rendered":"<p>Membrana de refor\u00e7o para zonas t\u00e9cnicas e de manuten\u00e7\u00e3o.<\/p>\n","protected":false},"featured_media":0,"parent":0,"menu_order":0,"template":"","meta":{"inline_featured_image":false,"site-sidebar-layout":"default","site-content-layout":"default","ast-main-header-display":"","ast-hfb-above-header-display":"","ast-hfb-below-header-display":"","ast-hfb-mobile-header-display":"","site-post-title":"","ast-breadcrumbs-content":"","ast-featured-img":"","footer-sml-layout":"","theme-transparent-header-meta":"","adv-header-id-meta":"","stick-header-meta":"","header-above-stick-meta":"","header-main-stick-meta":"","header-below-stick-meta":""},"family":[6785],"product_notice":[120531],"product_icon":[],"product_application":[119354],"product_standards_certification":[120780,120794],"product_benefits":[118466,118483,118573,118575,118585,118725,118732,118735,118737,118748,118766,118781,118820,118867],"product_support":[],"product_substrate_preparation":[],"product_important_indications":[119648,119650,119652,119680,119701,119746,119785,119798,119801,119825,119885],"product_conservation":[119898,119924,119931,119932,119959,119960,120009,120016,120020,120021,120087,120088,120090],"product_warning":[],"product_safety_hygiene":[],"system_certification":[6848],"product_maintenance":[40592],"product_safety_datasheet":[4867],"filter_special_uses":[],"acf":[],"yoast_head":"<!-- This site is optimized with the Yoast SEO plugin v18.1 - https:\/\/yoast.com\/wordpress\/plugins\/seo\/ -->\n<title>Faixa betuminosa | Corredores T\u00e9cnicos Vermelhos ESTERDAN P 50\/GP<\/title>\n<meta name=\"description\" content=\"Tira de betume com superf\u00edcie autoprotegida tipo LBM (SBS)-50\/G-FP composta por refor\u00e7o de feltro de poli\u00e9ster refor\u00e7ado. Danosa.\" \/>\n<meta name=\"robots\" content=\"index, follow, max-snippet:-1, max-image-preview:large, max-video-preview:-1\" \/>\n<link rel=\"canonical\" href=\"https:\/\/www.danosa.com\/pt-pt\/produto\/esterdan-p-50-gp-rojo-pasillos-tecnicos\/\" \/>\n<meta property=\"og:locale\" content=\"pt_PT\" \/>\n<meta property=\"og:type\" content=\"article\" \/>\n<meta property=\"og:title\" content=\"Faixa betuminosa | Corredores T\u00e9cnicos Vermelhos ESTERDAN P 50\/GP\" \/>\n<meta property=\"og:description\" content=\"Tira de betume com superf\u00edcie autoprotegida tipo LBM (SBS)-50\/G-FP composta por refor\u00e7o de feltro de poli\u00e9ster refor\u00e7ado. Danosa.\" \/>\n<meta property=\"og:url\" content=\"https:\/\/www.danosa.com\/pt-pt\/produto\/esterdan-p-50-gp-rojo-pasillos-tecnicos\/\" \/>\n<meta property=\"og:site_name\" content=\"Danosa | Solu\u00e7\u00f5es de constru\u00e7\u00e3o\" \/>\n<meta property=\"article:modified_time\" content=\"2026-04-16T15:21:48+00:00\" \/>\n<meta name=\"twitter:card\" content=\"summary_large_image\" \/>\n<script type=\"application\/ld+json\" class=\"yoast-schema-graph\">{\"@context\":\"https:\/\/schema.org\",\"@graph\":[{\"@type\":\"WebSite\",\"@id\":\"https:\/\/www.danosa.com\/pt-pt\/#website\",\"url\":\"https:\/\/www.danosa.com\/pt-pt\/\",\"name\":\"Danosa | Solu\u00e7\u00f5es de constru\u00e7\u00e3o\",\"description\":\"Impermeabiliza\u00e7\u00e3o, isolamento ac\u00fastico e t\u00e9rmico\",\"potentialAction\":[{\"@type\":\"SearchAction\",\"target\":{\"@type\":\"EntryPoint\",\"urlTemplate\":\"https:\/\/www.danosa.com\/pt-pt\/?s={search_term_string}\"},\"query-input\":\"required name=search_term_string\"}],\"inLanguage\":\"pt-PT\"},{\"@type\":\"WebPage\",\"@id\":\"https:\/\/www.danosa.com\/pt-pt\/produto\/esterdan-p-50-gp-rojo-pasillos-tecnicos\/#webpage\",\"url\":\"https:\/\/www.danosa.com\/pt-pt\/produto\/esterdan-p-50-gp-rojo-pasillos-tecnicos\/\",\"name\":\"Faixa betuminosa | Corredores T\u00e9cnicos Vermelhos ESTERDAN P 50\/GP\",\"isPartOf\":{\"@id\":\"https:\/\/www.danosa.com\/pt-pt\/#website\"},\"datePublished\":\"2026-04-16T15:21:44+00:00\",\"dateModified\":\"2026-04-16T15:21:48+00:00\",\"description\":\"Tira de betume com superf\u00edcie autoprotegida tipo LBM (SBS)-50\/G-FP composta por refor\u00e7o de feltro de poli\u00e9ster refor\u00e7ado. Danosa.\",\"breadcrumb\":{\"@id\":\"https:\/\/www.danosa.com\/pt-pt\/produto\/esterdan-p-50-gp-rojo-pasillos-tecnicos\/#breadcrumb\"},\"inLanguage\":\"pt-PT\",\"potentialAction\":[{\"@type\":\"ReadAction\",\"target\":[\"https:\/\/www.danosa.com\/pt-pt\/produto\/esterdan-p-50-gp-rojo-pasillos-tecnicos\/\"]}]},{\"@type\":\"BreadcrumbList\",\"@id\":\"https:\/\/www.danosa.com\/pt-pt\/produto\/esterdan-p-50-gp-rojo-pasillos-tecnicos\/#breadcrumb\",\"itemListElement\":[{\"@type\":\"ListItem\",\"position\":1,\"name\":\"Portada\",\"item\":\"https:\/\/www.danosa.com\/pt-pt\/\"},{\"@type\":\"ListItem\",\"position\":2,\"name\":\"ESTERDAN P 50\/GP ROJO PASILLOS TECNICOS.\"}]}]}<\/script>\n<!-- \/ Yoast SEO plugin. -->","yoast_head_json":{"title":"Faixa betuminosa | Corredores T\u00e9cnicos Vermelhos ESTERDAN P 50\/GP","description":"Tira de betume com superf\u00edcie autoprotegida tipo LBM (SBS)-50\/G-FP composta por refor\u00e7o de feltro de poli\u00e9ster refor\u00e7ado. Danosa.","robots":{"index":"index","follow":"follow","max-snippet":"max-snippet:-1","max-image-preview":"max-image-preview:large","max-video-preview":"max-video-preview:-1"},"canonical":"https:\/\/www.danosa.com\/pt-pt\/produto\/esterdan-p-50-gp-rojo-pasillos-tecnicos\/","og_locale":"pt_PT","og_type":"article","og_title":"Faixa betuminosa | Corredores T\u00e9cnicos Vermelhos ESTERDAN P 50\/GP","og_description":"Tira de betume com superf\u00edcie autoprotegida tipo LBM (SBS)-50\/G-FP composta por refor\u00e7o de feltro de poli\u00e9ster refor\u00e7ado. Danosa.","og_url":"https:\/\/www.danosa.com\/pt-pt\/produto\/esterdan-p-50-gp-rojo-pasillos-tecnicos\/","og_site_name":"Danosa | Solu\u00e7\u00f5es de constru\u00e7\u00e3o","article_modified_time":"2026-04-16T15:21:48+00:00","twitter_card":"summary_large_image","schema":{"@context":"https:\/\/schema.org","@graph":[{"@type":"WebSite","@id":"https:\/\/www.danosa.com\/pt-pt\/#website","url":"https:\/\/www.danosa.com\/pt-pt\/","name":"Danosa | Solu\u00e7\u00f5es de constru\u00e7\u00e3o","description":"Impermeabiliza\u00e7\u00e3o, isolamento ac\u00fastico e t\u00e9rmico","potentialAction":[{"@type":"SearchAction","target":{"@type":"EntryPoint","urlTemplate":"https:\/\/www.danosa.com\/pt-pt\/?s={search_term_string}"},"query-input":"required name=search_term_string"}],"inLanguage":"pt-PT"},{"@type":"WebPage","@id":"https:\/\/www.danosa.com\/pt-pt\/produto\/esterdan-p-50-gp-rojo-pasillos-tecnicos\/#webpage","url":"https:\/\/www.danosa.com\/pt-pt\/produto\/esterdan-p-50-gp-rojo-pasillos-tecnicos\/","name":"Faixa betuminosa | Corredores T\u00e9cnicos Vermelhos ESTERDAN P 50\/GP","isPartOf":{"@id":"https:\/\/www.danosa.com\/pt-pt\/#website"},"datePublished":"2026-04-16T15:21:44+00:00","dateModified":"2026-04-16T15:21:48+00:00","description":"Tira de betume com superf\u00edcie autoprotegida tipo LBM (SBS)-50\/G-FP composta por refor\u00e7o de feltro de poli\u00e9ster refor\u00e7ado. Danosa.","breadcrumb":{"@id":"https:\/\/www.danosa.com\/pt-pt\/produto\/esterdan-p-50-gp-rojo-pasillos-tecnicos\/#breadcrumb"},"inLanguage":"pt-PT","potentialAction":[{"@type":"ReadAction","target":["https:\/\/www.danosa.com\/pt-pt\/produto\/esterdan-p-50-gp-rojo-pasillos-tecnicos\/"]}]},{"@type":"BreadcrumbList","@id":"https:\/\/www.danosa.com\/pt-pt\/produto\/esterdan-p-50-gp-rojo-pasillos-tecnicos\/#breadcrumb","itemListElement":[{"@type":"ListItem","position":1,"name":"Portada","item":"https:\/\/www.danosa.com\/pt-pt\/"},{"@type":"ListItem","position":2,"name":"ESTERDAN P 50\/GP ROJO PASILLOS TECNICOS."}]}]}},"_links":{"self":[{"href":"https:\/\/www.danosa.com\/pt-pt\/wp-json\/wp\/v2\/product\/12046"}],"collection":[{"href":"https:\/\/www.danosa.com\/pt-pt\/wp-json\/wp\/v2\/product"}],"about":[{"href":"https:\/\/www.danosa.com\/pt-pt\/wp-json\/wp\/v2\/types\/product"}],"wp:attachment":[{"href":"https:\/\/www.danosa.com\/pt-pt\/wp-json\/wp\/v2\/media?parent=12046"}],"wp:term":[{"taxonomy":"family","embeddable":true,"href":"https:\/\/www.danosa.com\/pt-pt\/wp-json\/wp\/v2\/family?post=12046"},{"taxonomy":"product_notice","embeddable":true,"href":"https:\/\/www.danosa.com\/pt-pt\/wp-json\/wp\/v2\/product_notice?post=12046"},{"taxonomy":"product_icon","embeddable":true,"href":"https:\/\/www.danosa.com\/pt-pt\/wp-json\/wp\/v2\/product_icon?post=12046"},{"taxonomy":"product_application","embeddable":true,"href":"https:\/\/www.danosa.com\/pt-pt\/wp-json\/wp\/v2\/product_application?post=12046"},{"taxonomy":"product_standards_certification","embeddable":true,"href":"https:\/\/www.danosa.com\/pt-pt\/wp-json\/wp\/v2\/product_standards_certification?post=12046"},{"taxonomy":"product_benefits","embeddable":true,"href":"https:\/\/www.danosa.com\/pt-pt\/wp-json\/wp\/v2\/product_benefits?post=12046"},{"taxonomy":"product_support","embeddable":true,"href":"https:\/\/www.danosa.com\/pt-pt\/wp-json\/wp\/v2\/product_support?post=12046"},{"taxonomy":"product_substrate_preparation","embeddable":true,"href":"https:\/\/www.danosa.com\/pt-pt\/wp-json\/wp\/v2\/product_substrate_preparation?post=12046"},{"taxonomy":"product_important_indications","embeddable":true,"href":"https:\/\/www.danosa.com\/pt-pt\/wp-json\/wp\/v2\/product_important_indications?post=12046"},{"taxonomy":"product_conservation","embeddable":true,"href":"https:\/\/www.danosa.com\/pt-pt\/wp-json\/wp\/v2\/product_conservation?post=12046"},{"taxonomy":"product_warning","embeddable":true,"href":"https:\/\/www.danosa.com\/pt-pt\/wp-json\/wp\/v2\/product_warning?post=12046"},{"taxonomy":"product_safety_hygiene","embeddable":true,"href":"https:\/\/www.danosa.com\/pt-pt\/wp-json\/wp\/v2\/product_safety_hygiene?post=12046"},{"taxonomy":"system_certification","embeddable":true,"href":"https:\/\/www.danosa.com\/pt-pt\/wp-json\/wp\/v2\/system_certification?post=12046"},{"taxonomy":"product_maintenance","embeddable":true,"href":"https:\/\/www.danosa.com\/pt-pt\/wp-json\/wp\/v2\/product_maintenance?post=12046"},{"taxonomy":"product_safety_datasheet","embeddable":true,"href":"https:\/\/www.danosa.com\/pt-pt\/wp-json\/wp\/v2\/product_safety_datasheet?post=12046"},{"taxonomy":"filter_special_uses","embeddable":true,"href":"https:\/\/www.danosa.com\/pt-pt\/wp-json\/wp\/v2\/filter_special_uses?post=12046"}],"curies":[{"name":"wp","href":"https:\/\/api.w.org\/{rel}","templated":true}]}}