{"id":12128,"date":"2026-04-16T16:26:22","date_gmt":"2026-04-16T15:26:22","guid":{"rendered":"https:\/\/www.danosa.com\/pt-pt\/produto\/nexalon-tpo-1-5-sin-armar\/"},"modified":"2026-04-16T16:26:24","modified_gmt":"2026-04-16T15:26:24","slug":"nexalon-tpo-1-5-sin-armar","status":"publish","type":"product","link":"https:\/\/www.danosa.com\/pt-pt\/produto\/nexalon-tpo-1-5-sin-armar\/","title":{"rendered":"NEXALON TPO 1.5 SIN ARMAR"},"content":{"rendered":"<p>NEXALON TPO 1.5 SEM ARMAR \u00e9 uma membrana sint\u00e9tica feita de poliolefina TPO, fabricada por extrus\u00e3o. Resistente \u00e0s intemp\u00e9ries e aos raios UV.<\/p>\n","protected":false},"excerpt":{"rendered":"<p>Membrana sint\u00e9tica de TPO resistente \u00e0s intemp\u00e9ries.<\/p>\n","protected":false},"featured_media":0,"parent":0,"menu_order":0,"template":"","meta":{"inline_featured_image":false,"site-sidebar-layout":"default","site-content-layout":"default","ast-main-header-display":"","ast-hfb-above-header-display":"","ast-hfb-below-header-display":"","ast-hfb-mobile-header-display":"","site-post-title":"","ast-breadcrumbs-content":"","ast-featured-img":"","footer-sml-layout":"","theme-transparent-header-meta":"","adv-header-id-meta":"","stick-header-meta":"","header-above-stick-meta":"","header-main-stick-meta":"","header-below-stick-meta":""},"family":[92114],"product_notice":[120531],"product_icon":[],"product_application":[119490],"product_standards_certification":[120782],"product_benefits":[118466,118624,118625,118721,118816,118818,118842,118867],"product_support":[],"product_substrate_preparation":[],"product_important_indications":[],"product_conservation":[],"product_warning":[],"product_safety_hygiene":[],"system_certification":[],"product_maintenance":[],"product_safety_datasheet":[137758],"filter_special_uses":[],"acf":[],"yoast_head":"<!-- This site is optimized with the Yoast SEO plugin v18.1 - https:\/\/yoast.com\/wordpress\/plugins\/seo\/ -->\n<title>Impermeabiliza\u00e7\u00e3o de pontos singulares em coberturas | NEXALON TPO H<\/title>\n<meta name=\"description\" content=\"Placa sint\u00e9tica \u00e0 base de TPO para impermeabiliza\u00e7\u00e3o de pontos singulares em coberturas: \u00e2ngulos, cantos, copas, clarab\u00f3ias, mastros.\" \/>\n<meta name=\"robots\" content=\"index, follow, max-snippet:-1, max-image-preview:large, max-video-preview:-1\" \/>\n<link rel=\"canonical\" href=\"https:\/\/www.danosa.com\/pt-pt\/produto\/nexalon-tpo-1-5-sin-armar\/\" \/>\n<meta property=\"og:locale\" content=\"pt_PT\" \/>\n<meta property=\"og:type\" content=\"article\" \/>\n<meta property=\"og:title\" content=\"Impermeabiliza\u00e7\u00e3o de pontos singulares em coberturas | NEXALON TPO H\" \/>\n<meta property=\"og:description\" content=\"Placa sint\u00e9tica \u00e0 base de TPO para impermeabiliza\u00e7\u00e3o de pontos singulares em coberturas: \u00e2ngulos, cantos, copas, clarab\u00f3ias, mastros.\" \/>\n<meta property=\"og:url\" content=\"https:\/\/www.danosa.com\/pt-pt\/produto\/nexalon-tpo-1-5-sin-armar\/\" \/>\n<meta property=\"og:site_name\" content=\"Danosa | Solu\u00e7\u00f5es de constru\u00e7\u00e3o\" \/>\n<meta property=\"article:modified_time\" content=\"2026-04-16T15:26:24+00:00\" \/>\n<meta name=\"twitter:card\" content=\"summary_large_image\" \/>\n<script type=\"application\/ld+json\" class=\"yoast-schema-graph\">{\"@context\":\"https:\/\/schema.org\",\"@graph\":[{\"@type\":\"WebSite\",\"@id\":\"https:\/\/www.danosa.com\/pt-pt\/#website\",\"url\":\"https:\/\/www.danosa.com\/pt-pt\/\",\"name\":\"Danosa | Solu\u00e7\u00f5es de constru\u00e7\u00e3o\",\"description\":\"Impermeabiliza\u00e7\u00e3o, isolamento ac\u00fastico e t\u00e9rmico\",\"potentialAction\":[{\"@type\":\"SearchAction\",\"target\":{\"@type\":\"EntryPoint\",\"urlTemplate\":\"https:\/\/www.danosa.com\/pt-pt\/?s={search_term_string}\"},\"query-input\":\"required name=search_term_string\"}],\"inLanguage\":\"pt-PT\"},{\"@type\":\"WebPage\",\"@id\":\"https:\/\/www.danosa.com\/pt-pt\/produto\/nexalon-tpo-1-5-sin-armar\/#webpage\",\"url\":\"https:\/\/www.danosa.com\/pt-pt\/produto\/nexalon-tpo-1-5-sin-armar\/\",\"name\":\"Impermeabiliza\u00e7\u00e3o de pontos singulares em coberturas | NEXALON TPO H\",\"isPartOf\":{\"@id\":\"https:\/\/www.danosa.com\/pt-pt\/#website\"},\"datePublished\":\"2026-04-16T15:26:22+00:00\",\"dateModified\":\"2026-04-16T15:26:24+00:00\",\"description\":\"Placa sint\u00e9tica \u00e0 base de TPO para impermeabiliza\u00e7\u00e3o de pontos singulares em coberturas: \u00e2ngulos, cantos, copas, clarab\u00f3ias, mastros.\",\"breadcrumb\":{\"@id\":\"https:\/\/www.danosa.com\/pt-pt\/produto\/nexalon-tpo-1-5-sin-armar\/#breadcrumb\"},\"inLanguage\":\"pt-PT\",\"potentialAction\":[{\"@type\":\"ReadAction\",\"target\":[\"https:\/\/www.danosa.com\/pt-pt\/produto\/nexalon-tpo-1-5-sin-armar\/\"]}]},{\"@type\":\"BreadcrumbList\",\"@id\":\"https:\/\/www.danosa.com\/pt-pt\/produto\/nexalon-tpo-1-5-sin-armar\/#breadcrumb\",\"itemListElement\":[{\"@type\":\"ListItem\",\"position\":1,\"name\":\"Portada\",\"item\":\"https:\/\/www.danosa.com\/pt-pt\/\"},{\"@type\":\"ListItem\",\"position\":2,\"name\":\"NEXALON TPO 1.5 SIN ARMAR\"}]}]}<\/script>\n<!-- \/ Yoast SEO plugin. -->","yoast_head_json":{"title":"Impermeabiliza\u00e7\u00e3o de pontos singulares em coberturas | NEXALON TPO H","description":"Placa sint\u00e9tica \u00e0 base de TPO para impermeabiliza\u00e7\u00e3o de pontos singulares em coberturas: \u00e2ngulos, cantos, copas, clarab\u00f3ias, mastros.","robots":{"index":"index","follow":"follow","max-snippet":"max-snippet:-1","max-image-preview":"max-image-preview:large","max-video-preview":"max-video-preview:-1"},"canonical":"https:\/\/www.danosa.com\/pt-pt\/produto\/nexalon-tpo-1-5-sin-armar\/","og_locale":"pt_PT","og_type":"article","og_title":"Impermeabiliza\u00e7\u00e3o de pontos singulares em coberturas | NEXALON TPO H","og_description":"Placa sint\u00e9tica \u00e0 base de TPO para impermeabiliza\u00e7\u00e3o de pontos singulares em coberturas: \u00e2ngulos, cantos, copas, clarab\u00f3ias, mastros.","og_url":"https:\/\/www.danosa.com\/pt-pt\/produto\/nexalon-tpo-1-5-sin-armar\/","og_site_name":"Danosa | Solu\u00e7\u00f5es de constru\u00e7\u00e3o","article_modified_time":"2026-04-16T15:26:24+00:00","twitter_card":"summary_large_image","schema":{"@context":"https:\/\/schema.org","@graph":[{"@type":"WebSite","@id":"https:\/\/www.danosa.com\/pt-pt\/#website","url":"https:\/\/www.danosa.com\/pt-pt\/","name":"Danosa | Solu\u00e7\u00f5es de constru\u00e7\u00e3o","description":"Impermeabiliza\u00e7\u00e3o, isolamento ac\u00fastico e t\u00e9rmico","potentialAction":[{"@type":"SearchAction","target":{"@type":"EntryPoint","urlTemplate":"https:\/\/www.danosa.com\/pt-pt\/?s={search_term_string}"},"query-input":"required name=search_term_string"}],"inLanguage":"pt-PT"},{"@type":"WebPage","@id":"https:\/\/www.danosa.com\/pt-pt\/produto\/nexalon-tpo-1-5-sin-armar\/#webpage","url":"https:\/\/www.danosa.com\/pt-pt\/produto\/nexalon-tpo-1-5-sin-armar\/","name":"Impermeabiliza\u00e7\u00e3o de pontos singulares em coberturas | NEXALON TPO H","isPartOf":{"@id":"https:\/\/www.danosa.com\/pt-pt\/#website"},"datePublished":"2026-04-16T15:26:22+00:00","dateModified":"2026-04-16T15:26:24+00:00","description":"Placa sint\u00e9tica \u00e0 base de TPO para impermeabiliza\u00e7\u00e3o de pontos singulares em coberturas: \u00e2ngulos, cantos, copas, clarab\u00f3ias, mastros.","breadcrumb":{"@id":"https:\/\/www.danosa.com\/pt-pt\/produto\/nexalon-tpo-1-5-sin-armar\/#breadcrumb"},"inLanguage":"pt-PT","potentialAction":[{"@type":"ReadAction","target":["https:\/\/www.danosa.com\/pt-pt\/produto\/nexalon-tpo-1-5-sin-armar\/"]}]},{"@type":"BreadcrumbList","@id":"https:\/\/www.danosa.com\/pt-pt\/produto\/nexalon-tpo-1-5-sin-armar\/#breadcrumb","itemListElement":[{"@type":"ListItem","position":1,"name":"Portada","item":"https:\/\/www.danosa.com\/pt-pt\/"},{"@type":"ListItem","position":2,"name":"NEXALON TPO 1.5 SIN ARMAR"}]}]}},"_links":{"self":[{"href":"https:\/\/www.danosa.com\/pt-pt\/wp-json\/wp\/v2\/product\/12128"}],"collection":[{"href":"https:\/\/www.danosa.com\/pt-pt\/wp-json\/wp\/v2\/product"}],"about":[{"href":"https:\/\/www.danosa.com\/pt-pt\/wp-json\/wp\/v2\/types\/product"}],"wp:attachment":[{"href":"https:\/\/www.danosa.com\/pt-pt\/wp-json\/wp\/v2\/media?parent=12128"}],"wp:term":[{"taxonomy":"family","embeddable":true,"href":"https:\/\/www.danosa.com\/pt-pt\/wp-json\/wp\/v2\/family?post=12128"},{"taxonomy":"product_notice","embeddable":true,"href":"https:\/\/www.danosa.com\/pt-pt\/wp-json\/wp\/v2\/product_notice?post=12128"},{"taxonomy":"product_icon","embeddable":true,"href":"https:\/\/www.danosa.com\/pt-pt\/wp-json\/wp\/v2\/product_icon?post=12128"},{"taxonomy":"product_application","embeddable":true,"href":"https:\/\/www.danosa.com\/pt-pt\/wp-json\/wp\/v2\/product_application?post=12128"},{"taxonomy":"product_standards_certification","embeddable":true,"href":"https:\/\/www.danosa.com\/pt-pt\/wp-json\/wp\/v2\/product_standards_certification?post=12128"},{"taxonomy":"product_benefits","embeddable":true,"href":"https:\/\/www.danosa.com\/pt-pt\/wp-json\/wp\/v2\/product_benefits?post=12128"},{"taxonomy":"product_support","embeddable":true,"href":"https:\/\/www.danosa.com\/pt-pt\/wp-json\/wp\/v2\/product_support?post=12128"},{"taxonomy":"product_substrate_preparation","embeddable":true,"href":"https:\/\/www.danosa.com\/pt-pt\/wp-json\/wp\/v2\/product_substrate_preparation?post=12128"},{"taxonomy":"product_important_indications","embeddable":true,"href":"https:\/\/www.danosa.com\/pt-pt\/wp-json\/wp\/v2\/product_important_indications?post=12128"},{"taxonomy":"product_conservation","embeddable":true,"href":"https:\/\/www.danosa.com\/pt-pt\/wp-json\/wp\/v2\/product_conservation?post=12128"},{"taxonomy":"product_warning","embeddable":true,"href":"https:\/\/www.danosa.com\/pt-pt\/wp-json\/wp\/v2\/product_warning?post=12128"},{"taxonomy":"product_safety_hygiene","embeddable":true,"href":"https:\/\/www.danosa.com\/pt-pt\/wp-json\/wp\/v2\/product_safety_hygiene?post=12128"},{"taxonomy":"system_certification","embeddable":true,"href":"https:\/\/www.danosa.com\/pt-pt\/wp-json\/wp\/v2\/system_certification?post=12128"},{"taxonomy":"product_maintenance","embeddable":true,"href":"https:\/\/www.danosa.com\/pt-pt\/wp-json\/wp\/v2\/product_maintenance?post=12128"},{"taxonomy":"product_safety_datasheet","embeddable":true,"href":"https:\/\/www.danosa.com\/pt-pt\/wp-json\/wp\/v2\/product_safety_datasheet?post=12128"},{"taxonomy":"filter_special_uses","embeddable":true,"href":"https:\/\/www.danosa.com\/pt-pt\/wp-json\/wp\/v2\/filter_special_uses?post=12128"}],"curies":[{"name":"wp","href":"https:\/\/api.w.org\/{rel}","templated":true}]}}