{"id":12158,"date":"2026-04-09T04:26:01","date_gmt":"2026-04-09T03:26:01","guid":{"rendered":"https:\/\/www.danosa.com\/pt-pt\/produto\/danodren-h25-plus\/"},"modified":"2026-04-09T04:26:03","modified_gmt":"2026-04-09T03:26:03","slug":"danodren-h25-plus","status":"publish","type":"product","link":"https:\/\/www.danosa.com\/pt-pt\/produto\/danodren-h25-plus\/","title":{"rendered":"DANODREN H25 PLUS"},"content":{"rendered":"<p>DANODREN<sup>\u00ae<\/sup> H25 PLUS \u00e9 uma membrana nodular fabricada em polietileno de alta densidade (PEAD) e de c\u00f4r castanha unida por termofus\u00e3o a um geot\u00eaxtil n\u00e3o tecido de polipropileno calandrado para prote\u00e7\u00e3o e drenagem vertical, principalmente. Oferece maior resist\u00eancia que DANODREN<sup>\u00ae<\/sup> H 15 PLUS.<\/p>\n","protected":false},"excerpt":{"rendered":"<p>DANODREN H25 PLUS \u00e9 uma membrana nodular fabricada em polietileno de alta densidade (PEAD) e de c\u00f4r castanha unida por termofus\u00e3o a um geot\u00eaxtil n\u00e3o tecido de polipropileno calandrado para prote\u00e7\u00e3o e drenagem horizontal, principalmente.<\/p>\n","protected":false},"featured_media":0,"parent":0,"menu_order":0,"template":"","meta":{"inline_featured_image":false,"site-sidebar-layout":"default","site-content-layout":"default","ast-main-header-display":"","ast-hfb-above-header-display":"","ast-hfb-below-header-display":"","ast-hfb-mobile-header-display":"","site-post-title":"","ast-breadcrumbs-content":"","ast-featured-img":"","footer-sml-layout":"","theme-transparent-header-meta":"","adv-header-id-meta":"","stick-header-meta":"","header-above-stick-meta":"","header-main-stick-meta":"","header-below-stick-meta":""},"family":[6819],"product_notice":[120531],"product_icon":[],"product_application":[119182,119183,119184],"product_standards_certification":[120769,120777,120783,120797,120798,120799,120826,120827,120828],"product_benefits":[118610,118710,118748,118749,118878,118882,118884,118902],"product_support":[],"product_substrate_preparation":[],"product_important_indications":[119611,119645,119786,119792,119831],"product_conservation":[119924,119931,119960,120089],"product_warning":[],"product_safety_hygiene":[],"system_certification":[91835,62236,32981],"product_maintenance":[],"product_safety_datasheet":[6969],"filter_special_uses":[],"acf":[],"yoast_head":"<!-- This site is optimized with the Yoast SEO plugin v18.1 - https:\/\/yoast.com\/wordpress\/plugins\/seo\/ -->\n<title>Manta drenante com geot\u00eaxtil | DANODREN H25 PLUS | Betonilhas<\/title>\n<meta name=\"description\" content=\"Placa de drenagem nodular de polietileno de alta densidade (HDPE) com geot\u00eaxtil de polipropileno (PP) calandrado para drenagem de betonilha.\" \/>\n<meta name=\"robots\" content=\"index, follow, max-snippet:-1, max-image-preview:large, max-video-preview:-1\" \/>\n<link rel=\"canonical\" href=\"https:\/\/www.danosa.com\/pt-pt\/produto\/danodren-h25-plus\/\" \/>\n<meta property=\"og:locale\" content=\"pt_PT\" \/>\n<meta property=\"og:type\" content=\"article\" \/>\n<meta property=\"og:title\" content=\"Manta drenante com geot\u00eaxtil | DANODREN H25 PLUS | Betonilhas\" \/>\n<meta property=\"og:description\" content=\"Placa de drenagem nodular de polietileno de alta densidade (HDPE) com geot\u00eaxtil de polipropileno (PP) calandrado para drenagem de betonilha.\" \/>\n<meta property=\"og:url\" content=\"https:\/\/www.danosa.com\/pt-pt\/produto\/danodren-h25-plus\/\" \/>\n<meta property=\"og:site_name\" content=\"Danosa | Solu\u00e7\u00f5es de constru\u00e7\u00e3o\" \/>\n<meta property=\"article:modified_time\" content=\"2026-04-09T03:26:03+00:00\" \/>\n<meta name=\"twitter:card\" content=\"summary_large_image\" \/>\n<script type=\"application\/ld+json\" class=\"yoast-schema-graph\">{\"@context\":\"https:\/\/schema.org\",\"@graph\":[{\"@type\":\"WebSite\",\"@id\":\"https:\/\/www.danosa.com\/pt-pt\/#website\",\"url\":\"https:\/\/www.danosa.com\/pt-pt\/\",\"name\":\"Danosa | Solu\u00e7\u00f5es de constru\u00e7\u00e3o\",\"description\":\"Impermeabiliza\u00e7\u00e3o, isolamento ac\u00fastico e t\u00e9rmico\",\"potentialAction\":[{\"@type\":\"SearchAction\",\"target\":{\"@type\":\"EntryPoint\",\"urlTemplate\":\"https:\/\/www.danosa.com\/pt-pt\/?s={search_term_string}\"},\"query-input\":\"required name=search_term_string\"}],\"inLanguage\":\"pt-PT\"},{\"@type\":\"WebPage\",\"@id\":\"https:\/\/www.danosa.com\/pt-pt\/produto\/danodren-h25-plus\/#webpage\",\"url\":\"https:\/\/www.danosa.com\/pt-pt\/produto\/danodren-h25-plus\/\",\"name\":\"Manta drenante com geot\u00eaxtil | DANODREN H25 PLUS | Betonilhas\",\"isPartOf\":{\"@id\":\"https:\/\/www.danosa.com\/pt-pt\/#website\"},\"datePublished\":\"2026-04-09T03:26:01+00:00\",\"dateModified\":\"2026-04-09T03:26:03+00:00\",\"description\":\"Placa de drenagem nodular de polietileno de alta densidade (HDPE) com geot\u00eaxtil de polipropileno (PP) calandrado para drenagem de betonilha.\",\"breadcrumb\":{\"@id\":\"https:\/\/www.danosa.com\/pt-pt\/produto\/danodren-h25-plus\/#breadcrumb\"},\"inLanguage\":\"pt-PT\",\"potentialAction\":[{\"@type\":\"ReadAction\",\"target\":[\"https:\/\/www.danosa.com\/pt-pt\/produto\/danodren-h25-plus\/\"]}]},{\"@type\":\"BreadcrumbList\",\"@id\":\"https:\/\/www.danosa.com\/pt-pt\/produto\/danodren-h25-plus\/#breadcrumb\",\"itemListElement\":[{\"@type\":\"ListItem\",\"position\":1,\"name\":\"Portada\",\"item\":\"https:\/\/www.danosa.com\/pt-pt\/\"},{\"@type\":\"ListItem\",\"position\":2,\"name\":\"DANODREN H25 PLUS\"}]}]}<\/script>\n<!-- \/ Yoast SEO plugin. -->","yoast_head_json":{"title":"Manta drenante com geot\u00eaxtil | DANODREN H25 PLUS | Betonilhas","description":"Placa de drenagem nodular de polietileno de alta densidade (HDPE) com geot\u00eaxtil de polipropileno (PP) calandrado para drenagem de betonilha.","robots":{"index":"index","follow":"follow","max-snippet":"max-snippet:-1","max-image-preview":"max-image-preview:large","max-video-preview":"max-video-preview:-1"},"canonical":"https:\/\/www.danosa.com\/pt-pt\/produto\/danodren-h25-plus\/","og_locale":"pt_PT","og_type":"article","og_title":"Manta drenante com geot\u00eaxtil | DANODREN H25 PLUS | Betonilhas","og_description":"Placa de drenagem nodular de polietileno de alta densidade (HDPE) com geot\u00eaxtil de polipropileno (PP) calandrado para drenagem de betonilha.","og_url":"https:\/\/www.danosa.com\/pt-pt\/produto\/danodren-h25-plus\/","og_site_name":"Danosa | Solu\u00e7\u00f5es de constru\u00e7\u00e3o","article_modified_time":"2026-04-09T03:26:03+00:00","twitter_card":"summary_large_image","schema":{"@context":"https:\/\/schema.org","@graph":[{"@type":"WebSite","@id":"https:\/\/www.danosa.com\/pt-pt\/#website","url":"https:\/\/www.danosa.com\/pt-pt\/","name":"Danosa | Solu\u00e7\u00f5es de constru\u00e7\u00e3o","description":"Impermeabiliza\u00e7\u00e3o, isolamento ac\u00fastico e t\u00e9rmico","potentialAction":[{"@type":"SearchAction","target":{"@type":"EntryPoint","urlTemplate":"https:\/\/www.danosa.com\/pt-pt\/?s={search_term_string}"},"query-input":"required name=search_term_string"}],"inLanguage":"pt-PT"},{"@type":"WebPage","@id":"https:\/\/www.danosa.com\/pt-pt\/produto\/danodren-h25-plus\/#webpage","url":"https:\/\/www.danosa.com\/pt-pt\/produto\/danodren-h25-plus\/","name":"Manta drenante com geot\u00eaxtil | DANODREN H25 PLUS | Betonilhas","isPartOf":{"@id":"https:\/\/www.danosa.com\/pt-pt\/#website"},"datePublished":"2026-04-09T03:26:01+00:00","dateModified":"2026-04-09T03:26:03+00:00","description":"Placa de drenagem nodular de polietileno de alta densidade (HDPE) com geot\u00eaxtil de polipropileno (PP) calandrado para drenagem de betonilha.","breadcrumb":{"@id":"https:\/\/www.danosa.com\/pt-pt\/produto\/danodren-h25-plus\/#breadcrumb"},"inLanguage":"pt-PT","potentialAction":[{"@type":"ReadAction","target":["https:\/\/www.danosa.com\/pt-pt\/produto\/danodren-h25-plus\/"]}]},{"@type":"BreadcrumbList","@id":"https:\/\/www.danosa.com\/pt-pt\/produto\/danodren-h25-plus\/#breadcrumb","itemListElement":[{"@type":"ListItem","position":1,"name":"Portada","item":"https:\/\/www.danosa.com\/pt-pt\/"},{"@type":"ListItem","position":2,"name":"DANODREN H25 PLUS"}]}]}},"_links":{"self":[{"href":"https:\/\/www.danosa.com\/pt-pt\/wp-json\/wp\/v2\/product\/12158"}],"collection":[{"href":"https:\/\/www.danosa.com\/pt-pt\/wp-json\/wp\/v2\/product"}],"about":[{"href":"https:\/\/www.danosa.com\/pt-pt\/wp-json\/wp\/v2\/types\/product"}],"wp:attachment":[{"href":"https:\/\/www.danosa.com\/pt-pt\/wp-json\/wp\/v2\/media?parent=12158"}],"wp:term":[{"taxonomy":"family","embeddable":true,"href":"https:\/\/www.danosa.com\/pt-pt\/wp-json\/wp\/v2\/family?post=12158"},{"taxonomy":"product_notice","embeddable":true,"href":"https:\/\/www.danosa.com\/pt-pt\/wp-json\/wp\/v2\/product_notice?post=12158"},{"taxonomy":"product_icon","embeddable":true,"href":"https:\/\/www.danosa.com\/pt-pt\/wp-json\/wp\/v2\/product_icon?post=12158"},{"taxonomy":"product_application","embeddable":true,"href":"https:\/\/www.danosa.com\/pt-pt\/wp-json\/wp\/v2\/product_application?post=12158"},{"taxonomy":"product_standards_certification","embeddable":true,"href":"https:\/\/www.danosa.com\/pt-pt\/wp-json\/wp\/v2\/product_standards_certification?post=12158"},{"taxonomy":"product_benefits","embeddable":true,"href":"https:\/\/www.danosa.com\/pt-pt\/wp-json\/wp\/v2\/product_benefits?post=12158"},{"taxonomy":"product_support","embeddable":true,"href":"https:\/\/www.danosa.com\/pt-pt\/wp-json\/wp\/v2\/product_support?post=12158"},{"taxonomy":"product_substrate_preparation","embeddable":true,"href":"https:\/\/www.danosa.com\/pt-pt\/wp-json\/wp\/v2\/product_substrate_preparation?post=12158"},{"taxonomy":"product_important_indications","embeddable":true,"href":"https:\/\/www.danosa.com\/pt-pt\/wp-json\/wp\/v2\/product_important_indications?post=12158"},{"taxonomy":"product_conservation","embeddable":true,"href":"https:\/\/www.danosa.com\/pt-pt\/wp-json\/wp\/v2\/product_conservation?post=12158"},{"taxonomy":"product_warning","embeddable":true,"href":"https:\/\/www.danosa.com\/pt-pt\/wp-json\/wp\/v2\/product_warning?post=12158"},{"taxonomy":"product_safety_hygiene","embeddable":true,"href":"https:\/\/www.danosa.com\/pt-pt\/wp-json\/wp\/v2\/product_safety_hygiene?post=12158"},{"taxonomy":"system_certification","embeddable":true,"href":"https:\/\/www.danosa.com\/pt-pt\/wp-json\/wp\/v2\/system_certification?post=12158"},{"taxonomy":"product_maintenance","embeddable":true,"href":"https:\/\/www.danosa.com\/pt-pt\/wp-json\/wp\/v2\/product_maintenance?post=12158"},{"taxonomy":"product_safety_datasheet","embeddable":true,"href":"https:\/\/www.danosa.com\/pt-pt\/wp-json\/wp\/v2\/product_safety_datasheet?post=12158"},{"taxonomy":"filter_special_uses","embeddable":true,"href":"https:\/\/www.danosa.com\/pt-pt\/wp-json\/wp\/v2\/filter_special_uses?post=12158"}],"curies":[{"name":"wp","href":"https:\/\/api.w.org\/{rel}","templated":true}]}}