{"id":12161,"date":"2026-04-09T04:26:26","date_gmt":"2026-04-09T03:26:26","guid":{"rendered":"https:\/\/www.danosa.com\/pt-pt\/produto\/impridan-100\/"},"modified":"2026-04-09T04:26:28","modified_gmt":"2026-04-09T03:26:28","slug":"impridan-100","status":"publish","type":"product","link":"https:\/\/www.danosa.com\/pt-pt\/produto\/impridan-100\/","title":{"rendered":"IMPRIDAN 100"},"content":{"rendered":"<p>O IMPRIDAN 100 \u00e9 uma pintura betuminosa, para aplica\u00e7\u00e3o a frio. <br \/>Este produto \u00e9 obtido pela dissolu\u00e7\u00e3o de particulas de betume asf\u00e1ltico modificado e cargas minerais em um meio solvente.<\/p>\n","protected":false},"excerpt":{"rendered":"<p>Imprimador de base org\u00e2nica para superf\u00edcies horizontais e verticais.<\/p>\n","protected":false},"featured_media":0,"parent":0,"menu_order":0,"template":"","meta":{"inline_featured_image":false,"site-sidebar-layout":"default","site-content-layout":"default","ast-main-header-display":"","ast-hfb-above-header-display":"","ast-hfb-below-header-display":"","ast-hfb-mobile-header-display":"","site-post-title":"","ast-breadcrumbs-content":"","ast-featured-img":"","footer-sml-layout":"","theme-transparent-header-meta":"","adv-header-id-meta":"","stick-header-meta":"","header-above-stick-meta":"","header-main-stick-meta":"","header-below-stick-meta":""},"family":[6784],"product_notice":[120531],"product_icon":[],"product_application":[119271,119366,119379],"product_standards_certification":[],"product_benefits":[118514,118547,118562,118584,118698,118909,119033],"product_support":[120344,120349,120367,120368],"product_substrate_preparation":[],"product_important_indications":[119622,119752,119839,119871],"product_conservation":[119924,119932,120050,120068,120069,120087,120088,120090],"product_warning":[120146,120257],"product_safety_hygiene":[],"system_certification":[],"product_maintenance":[],"product_safety_datasheet":[7167],"filter_special_uses":[],"acf":[],"yoast_head":"<!-- This site is optimized with the Yoast SEO plugin v18.1 - https:\/\/yoast.com\/wordpress\/plugins\/seo\/ -->\n<title>Pintura asf\u00e1ltica imperme\u00e1vel de alta ader\u00eancia | IMPRIMIR 100 | Danosa<\/title>\n<meta name=\"description\" content=\"Tinta asf\u00e1ltica imperme\u00e1vel de alta ader\u00eancia, \u00e0 base de solvente para aplica\u00e7\u00e3o a frio. Prote\u00e7\u00e3o anticorrosiva de a\u00e7os e metais.\" \/>\n<meta name=\"robots\" content=\"index, follow, max-snippet:-1, max-image-preview:large, max-video-preview:-1\" \/>\n<link rel=\"canonical\" href=\"https:\/\/www.danosa.com\/pt-pt\/produto\/impridan-100\/\" \/>\n<meta property=\"og:locale\" content=\"pt_PT\" \/>\n<meta property=\"og:type\" content=\"article\" \/>\n<meta property=\"og:title\" content=\"Pintura asf\u00e1ltica imperme\u00e1vel de alta ader\u00eancia | IMPRIMIR 100 | Danosa\" \/>\n<meta property=\"og:description\" content=\"Tinta asf\u00e1ltica imperme\u00e1vel de alta ader\u00eancia, \u00e0 base de solvente para aplica\u00e7\u00e3o a frio. Prote\u00e7\u00e3o anticorrosiva de a\u00e7os e metais.\" \/>\n<meta property=\"og:url\" content=\"https:\/\/www.danosa.com\/pt-pt\/produto\/impridan-100\/\" \/>\n<meta property=\"og:site_name\" content=\"Danosa | Solu\u00e7\u00f5es de constru\u00e7\u00e3o\" \/>\n<meta property=\"article:modified_time\" content=\"2026-04-09T03:26:28+00:00\" \/>\n<meta name=\"twitter:card\" content=\"summary_large_image\" \/>\n<script type=\"application\/ld+json\" class=\"yoast-schema-graph\">{\"@context\":\"https:\/\/schema.org\",\"@graph\":[{\"@type\":\"WebSite\",\"@id\":\"https:\/\/www.danosa.com\/pt-pt\/#website\",\"url\":\"https:\/\/www.danosa.com\/pt-pt\/\",\"name\":\"Danosa | Solu\u00e7\u00f5es de constru\u00e7\u00e3o\",\"description\":\"Impermeabiliza\u00e7\u00e3o, isolamento ac\u00fastico e t\u00e9rmico\",\"potentialAction\":[{\"@type\":\"SearchAction\",\"target\":{\"@type\":\"EntryPoint\",\"urlTemplate\":\"https:\/\/www.danosa.com\/pt-pt\/?s={search_term_string}\"},\"query-input\":\"required name=search_term_string\"}],\"inLanguage\":\"pt-PT\"},{\"@type\":\"WebPage\",\"@id\":\"https:\/\/www.danosa.com\/pt-pt\/produto\/impridan-100\/#webpage\",\"url\":\"https:\/\/www.danosa.com\/pt-pt\/produto\/impridan-100\/\",\"name\":\"Pintura asf\u00e1ltica imperme\u00e1vel de alta ader\u00eancia | IMPRIMIR 100 | Danosa\",\"isPartOf\":{\"@id\":\"https:\/\/www.danosa.com\/pt-pt\/#website\"},\"datePublished\":\"2026-04-09T03:26:26+00:00\",\"dateModified\":\"2026-04-09T03:26:28+00:00\",\"description\":\"Tinta asf\u00e1ltica imperme\u00e1vel de alta ader\u00eancia, \u00e0 base de solvente para aplica\u00e7\u00e3o a frio. Prote\u00e7\u00e3o anticorrosiva de a\u00e7os e metais.\",\"breadcrumb\":{\"@id\":\"https:\/\/www.danosa.com\/pt-pt\/produto\/impridan-100\/#breadcrumb\"},\"inLanguage\":\"pt-PT\",\"potentialAction\":[{\"@type\":\"ReadAction\",\"target\":[\"https:\/\/www.danosa.com\/pt-pt\/produto\/impridan-100\/\"]}]},{\"@type\":\"BreadcrumbList\",\"@id\":\"https:\/\/www.danosa.com\/pt-pt\/produto\/impridan-100\/#breadcrumb\",\"itemListElement\":[{\"@type\":\"ListItem\",\"position\":1,\"name\":\"Portada\",\"item\":\"https:\/\/www.danosa.com\/pt-pt\/\"},{\"@type\":\"ListItem\",\"position\":2,\"name\":\"IMPRIDAN 100\"}]}]}<\/script>\n<!-- \/ Yoast SEO plugin. -->","yoast_head_json":{"title":"Pintura asf\u00e1ltica imperme\u00e1vel de alta ader\u00eancia | IMPRIMIR 100 | Danosa","description":"Tinta asf\u00e1ltica imperme\u00e1vel de alta ader\u00eancia, \u00e0 base de solvente para aplica\u00e7\u00e3o a frio. Prote\u00e7\u00e3o anticorrosiva de a\u00e7os e metais.","robots":{"index":"index","follow":"follow","max-snippet":"max-snippet:-1","max-image-preview":"max-image-preview:large","max-video-preview":"max-video-preview:-1"},"canonical":"https:\/\/www.danosa.com\/pt-pt\/produto\/impridan-100\/","og_locale":"pt_PT","og_type":"article","og_title":"Pintura asf\u00e1ltica imperme\u00e1vel de alta ader\u00eancia | IMPRIMIR 100 | Danosa","og_description":"Tinta asf\u00e1ltica imperme\u00e1vel de alta ader\u00eancia, \u00e0 base de solvente para aplica\u00e7\u00e3o a frio. Prote\u00e7\u00e3o anticorrosiva de a\u00e7os e metais.","og_url":"https:\/\/www.danosa.com\/pt-pt\/produto\/impridan-100\/","og_site_name":"Danosa | Solu\u00e7\u00f5es de constru\u00e7\u00e3o","article_modified_time":"2026-04-09T03:26:28+00:00","twitter_card":"summary_large_image","schema":{"@context":"https:\/\/schema.org","@graph":[{"@type":"WebSite","@id":"https:\/\/www.danosa.com\/pt-pt\/#website","url":"https:\/\/www.danosa.com\/pt-pt\/","name":"Danosa | Solu\u00e7\u00f5es de constru\u00e7\u00e3o","description":"Impermeabiliza\u00e7\u00e3o, isolamento ac\u00fastico e t\u00e9rmico","potentialAction":[{"@type":"SearchAction","target":{"@type":"EntryPoint","urlTemplate":"https:\/\/www.danosa.com\/pt-pt\/?s={search_term_string}"},"query-input":"required name=search_term_string"}],"inLanguage":"pt-PT"},{"@type":"WebPage","@id":"https:\/\/www.danosa.com\/pt-pt\/produto\/impridan-100\/#webpage","url":"https:\/\/www.danosa.com\/pt-pt\/produto\/impridan-100\/","name":"Pintura asf\u00e1ltica imperme\u00e1vel de alta ader\u00eancia | IMPRIMIR 100 | Danosa","isPartOf":{"@id":"https:\/\/www.danosa.com\/pt-pt\/#website"},"datePublished":"2026-04-09T03:26:26+00:00","dateModified":"2026-04-09T03:26:28+00:00","description":"Tinta asf\u00e1ltica imperme\u00e1vel de alta ader\u00eancia, \u00e0 base de solvente para aplica\u00e7\u00e3o a frio. Prote\u00e7\u00e3o anticorrosiva de a\u00e7os e metais.","breadcrumb":{"@id":"https:\/\/www.danosa.com\/pt-pt\/produto\/impridan-100\/#breadcrumb"},"inLanguage":"pt-PT","potentialAction":[{"@type":"ReadAction","target":["https:\/\/www.danosa.com\/pt-pt\/produto\/impridan-100\/"]}]},{"@type":"BreadcrumbList","@id":"https:\/\/www.danosa.com\/pt-pt\/produto\/impridan-100\/#breadcrumb","itemListElement":[{"@type":"ListItem","position":1,"name":"Portada","item":"https:\/\/www.danosa.com\/pt-pt\/"},{"@type":"ListItem","position":2,"name":"IMPRIDAN 100"}]}]}},"_links":{"self":[{"href":"https:\/\/www.danosa.com\/pt-pt\/wp-json\/wp\/v2\/product\/12161"}],"collection":[{"href":"https:\/\/www.danosa.com\/pt-pt\/wp-json\/wp\/v2\/product"}],"about":[{"href":"https:\/\/www.danosa.com\/pt-pt\/wp-json\/wp\/v2\/types\/product"}],"wp:attachment":[{"href":"https:\/\/www.danosa.com\/pt-pt\/wp-json\/wp\/v2\/media?parent=12161"}],"wp:term":[{"taxonomy":"family","embeddable":true,"href":"https:\/\/www.danosa.com\/pt-pt\/wp-json\/wp\/v2\/family?post=12161"},{"taxonomy":"product_notice","embeddable":true,"href":"https:\/\/www.danosa.com\/pt-pt\/wp-json\/wp\/v2\/product_notice?post=12161"},{"taxonomy":"product_icon","embeddable":true,"href":"https:\/\/www.danosa.com\/pt-pt\/wp-json\/wp\/v2\/product_icon?post=12161"},{"taxonomy":"product_application","embeddable":true,"href":"https:\/\/www.danosa.com\/pt-pt\/wp-json\/wp\/v2\/product_application?post=12161"},{"taxonomy":"product_standards_certification","embeddable":true,"href":"https:\/\/www.danosa.com\/pt-pt\/wp-json\/wp\/v2\/product_standards_certification?post=12161"},{"taxonomy":"product_benefits","embeddable":true,"href":"https:\/\/www.danosa.com\/pt-pt\/wp-json\/wp\/v2\/product_benefits?post=12161"},{"taxonomy":"product_support","embeddable":true,"href":"https:\/\/www.danosa.com\/pt-pt\/wp-json\/wp\/v2\/product_support?post=12161"},{"taxonomy":"product_substrate_preparation","embeddable":true,"href":"https:\/\/www.danosa.com\/pt-pt\/wp-json\/wp\/v2\/product_substrate_preparation?post=12161"},{"taxonomy":"product_important_indications","embeddable":true,"href":"https:\/\/www.danosa.com\/pt-pt\/wp-json\/wp\/v2\/product_important_indications?post=12161"},{"taxonomy":"product_conservation","embeddable":true,"href":"https:\/\/www.danosa.com\/pt-pt\/wp-json\/wp\/v2\/product_conservation?post=12161"},{"taxonomy":"product_warning","embeddable":true,"href":"https:\/\/www.danosa.com\/pt-pt\/wp-json\/wp\/v2\/product_warning?post=12161"},{"taxonomy":"product_safety_hygiene","embeddable":true,"href":"https:\/\/www.danosa.com\/pt-pt\/wp-json\/wp\/v2\/product_safety_hygiene?post=12161"},{"taxonomy":"system_certification","embeddable":true,"href":"https:\/\/www.danosa.com\/pt-pt\/wp-json\/wp\/v2\/system_certification?post=12161"},{"taxonomy":"product_maintenance","embeddable":true,"href":"https:\/\/www.danosa.com\/pt-pt\/wp-json\/wp\/v2\/product_maintenance?post=12161"},{"taxonomy":"product_safety_datasheet","embeddable":true,"href":"https:\/\/www.danosa.com\/pt-pt\/wp-json\/wp\/v2\/product_safety_datasheet?post=12161"},{"taxonomy":"filter_special_uses","embeddable":true,"href":"https:\/\/www.danosa.com\/pt-pt\/wp-json\/wp\/v2\/filter_special_uses?post=12161"}],"curies":[{"name":"wp","href":"https:\/\/api.w.org\/{rel}","templated":true}]}}