{"id":3898,"date":"2026-04-17T04:21:03","date_gmt":"2026-04-17T03:21:03","guid":{"rendered":"https:\/\/www.danosa.com\/pt-pt\/blog\/product\/argocola-elite-400-rapido\/"},"modified":"2026-04-17T04:21:05","modified_gmt":"2026-04-17T03:21:05","slug":"argocola-elite-400-rapido","status":"publish","type":"product","link":"https:\/\/www.danosa.com\/pt-pt\/produto\/argocola-elite-400-rapido\/","title":{"rendered":"ARGOCOLA ELITE 400 RAPIDO"},"content":{"rendered":"<p>ARGOCOLA \u00c9LITE 400 \u00e9 uma argamassa de colagem de altas presta\u00e7\u00f5es formulada \u00e0 base de cimentos especiais, agregados selecionados, aditivos org\u00e2nicos e pol\u00edmeros que lhe conferem uma extraordin\u00e1ria capacidade de deforma\u00e7\u00e3o, ader\u00eancia e durabilidade para uma secagem r\u00e1pida.<\/p>\n","protected":false},"excerpt":{"rendered":"<p>Argamassa ciment\u00edcia flex\u00edvel C2FTES1. Colagem r\u00e1pida de cer\u00e2mico.<\/p>\n","protected":false},"featured_media":0,"parent":0,"menu_order":0,"template":"","meta":{"inline_featured_image":false,"site-sidebar-layout":"default","site-content-layout":"default","ast-main-header-display":"","ast-hfb-above-header-display":"","ast-hfb-below-header-display":"","ast-hfb-mobile-header-display":"","site-post-title":"","ast-breadcrumbs-content":"","ast-featured-img":"","footer-sml-layout":"","theme-transparent-header-meta":"","adv-header-id-meta":"","stick-header-meta":"","header-above-stick-meta":"","header-main-stick-meta":"","header-below-stick-meta":""},"family":[7204],"product_notice":[120531],"product_icon":[],"product_application":[119108,119113,119146],"product_standards_certification":[],"product_benefits":[118626,118628,118728,118819,118847,118891,118934],"product_support":[120297,120338,120346,120350,120352],"product_substrate_preparation":[120472,120488],"product_important_indications":[],"product_conservation":[120038],"product_warning":[120104,120142,120145,120147,120153,120159,120162,120210,120223],"product_safety_hygiene":[],"system_certification":[7119,7059,46951,29324],"product_maintenance":[],"product_safety_datasheet":[45922],"filter_special_uses":[],"acf":[],"yoast_head":"<!-- This site is optimized with the Yoast SEO plugin v18.1 - https:\/\/yoast.com\/wordpress\/plugins\/seo\/ -->\n<title>Cimento cola r\u00e1pido | ARGOCOLA ELITE 400 R\u00c1PIDO | Solo radiante<\/title>\n<meta name=\"description\" content=\"Cimento cola r\u00e1pido C2TES1 de altas presta\u00e7\u00f5es para pavimentos radiantes e para coloca\u00e7\u00e3o de pavimentos cer\u00e2micos e gr\u00e9s porcel\u00e2nico.\" \/>\n<meta name=\"robots\" content=\"index, follow, max-snippet:-1, max-image-preview:large, max-video-preview:-1\" \/>\n<link rel=\"canonical\" href=\"https:\/\/www.danosa.com\/pt-pt\/produto\/argocola-elite-400-rapido\/\" \/>\n<meta property=\"og:locale\" content=\"pt_PT\" \/>\n<meta property=\"og:type\" content=\"article\" \/>\n<meta property=\"og:title\" content=\"Cimento cola r\u00e1pido | ARGOCOLA ELITE 400 R\u00c1PIDO | Solo radiante\" \/>\n<meta property=\"og:description\" content=\"Cimento cola r\u00e1pido C2TES1 de altas presta\u00e7\u00f5es para pavimentos radiantes e para coloca\u00e7\u00e3o de pavimentos cer\u00e2micos e gr\u00e9s porcel\u00e2nico.\" \/>\n<meta property=\"og:url\" content=\"https:\/\/www.danosa.com\/pt-pt\/produto\/argocola-elite-400-rapido\/\" \/>\n<meta property=\"og:site_name\" content=\"Danosa | Solu\u00e7\u00f5es de constru\u00e7\u00e3o\" \/>\n<meta property=\"article:modified_time\" content=\"2026-04-17T03:21:05+00:00\" \/>\n<meta name=\"twitter:card\" content=\"summary_large_image\" \/>\n<script type=\"application\/ld+json\" class=\"yoast-schema-graph\">{\"@context\":\"https:\/\/schema.org\",\"@graph\":[{\"@type\":\"WebSite\",\"@id\":\"https:\/\/www.danosa.com\/pt-pt\/#website\",\"url\":\"https:\/\/www.danosa.com\/pt-pt\/\",\"name\":\"Danosa | Solu\u00e7\u00f5es de constru\u00e7\u00e3o\",\"description\":\"Impermeabiliza\u00e7\u00e3o, isolamento ac\u00fastico e t\u00e9rmico\",\"potentialAction\":[{\"@type\":\"SearchAction\",\"target\":{\"@type\":\"EntryPoint\",\"urlTemplate\":\"https:\/\/www.danosa.com\/pt-pt\/?s={search_term_string}\"},\"query-input\":\"required name=search_term_string\"}],\"inLanguage\":\"pt-PT\"},{\"@type\":\"WebPage\",\"@id\":\"https:\/\/www.danosa.com\/pt-pt\/produto\/argocola-elite-400-rapido\/#webpage\",\"url\":\"https:\/\/www.danosa.com\/pt-pt\/produto\/argocola-elite-400-rapido\/\",\"name\":\"Cimento cola r\u00e1pido | ARGOCOLA ELITE 400 R\u00c1PIDO | Solo radiante\",\"isPartOf\":{\"@id\":\"https:\/\/www.danosa.com\/pt-pt\/#website\"},\"datePublished\":\"2026-04-17T03:21:03+00:00\",\"dateModified\":\"2026-04-17T03:21:05+00:00\",\"description\":\"Cimento cola r\u00e1pido C2TES1 de altas presta\u00e7\u00f5es para pavimentos radiantes e para coloca\u00e7\u00e3o de pavimentos cer\u00e2micos e gr\u00e9s porcel\u00e2nico.\",\"breadcrumb\":{\"@id\":\"https:\/\/www.danosa.com\/pt-pt\/produto\/argocola-elite-400-rapido\/#breadcrumb\"},\"inLanguage\":\"pt-PT\",\"potentialAction\":[{\"@type\":\"ReadAction\",\"target\":[\"https:\/\/www.danosa.com\/pt-pt\/produto\/argocola-elite-400-rapido\/\"]}]},{\"@type\":\"BreadcrumbList\",\"@id\":\"https:\/\/www.danosa.com\/pt-pt\/produto\/argocola-elite-400-rapido\/#breadcrumb\",\"itemListElement\":[{\"@type\":\"ListItem\",\"position\":1,\"name\":\"Portada\",\"item\":\"https:\/\/www.danosa.com\/pt-pt\/\"},{\"@type\":\"ListItem\",\"position\":2,\"name\":\"ARGOCOLA ELITE 400 RAPIDO\"}]}]}<\/script>\n<!-- \/ Yoast SEO plugin. -->","yoast_head_json":{"title":"Cimento cola r\u00e1pido | ARGOCOLA ELITE 400 R\u00c1PIDO | Solo radiante","description":"Cimento cola r\u00e1pido C2TES1 de altas presta\u00e7\u00f5es para pavimentos radiantes e para coloca\u00e7\u00e3o de pavimentos cer\u00e2micos e gr\u00e9s porcel\u00e2nico.","robots":{"index":"index","follow":"follow","max-snippet":"max-snippet:-1","max-image-preview":"max-image-preview:large","max-video-preview":"max-video-preview:-1"},"canonical":"https:\/\/www.danosa.com\/pt-pt\/produto\/argocola-elite-400-rapido\/","og_locale":"pt_PT","og_type":"article","og_title":"Cimento cola r\u00e1pido | ARGOCOLA ELITE 400 R\u00c1PIDO | Solo radiante","og_description":"Cimento cola r\u00e1pido C2TES1 de altas presta\u00e7\u00f5es para pavimentos radiantes e para coloca\u00e7\u00e3o de pavimentos cer\u00e2micos e gr\u00e9s porcel\u00e2nico.","og_url":"https:\/\/www.danosa.com\/pt-pt\/produto\/argocola-elite-400-rapido\/","og_site_name":"Danosa | Solu\u00e7\u00f5es de constru\u00e7\u00e3o","article_modified_time":"2026-04-17T03:21:05+00:00","twitter_card":"summary_large_image","schema":{"@context":"https:\/\/schema.org","@graph":[{"@type":"WebSite","@id":"https:\/\/www.danosa.com\/pt-pt\/#website","url":"https:\/\/www.danosa.com\/pt-pt\/","name":"Danosa | Solu\u00e7\u00f5es de constru\u00e7\u00e3o","description":"Impermeabiliza\u00e7\u00e3o, isolamento ac\u00fastico e t\u00e9rmico","potentialAction":[{"@type":"SearchAction","target":{"@type":"EntryPoint","urlTemplate":"https:\/\/www.danosa.com\/pt-pt\/?s={search_term_string}"},"query-input":"required name=search_term_string"}],"inLanguage":"pt-PT"},{"@type":"WebPage","@id":"https:\/\/www.danosa.com\/pt-pt\/produto\/argocola-elite-400-rapido\/#webpage","url":"https:\/\/www.danosa.com\/pt-pt\/produto\/argocola-elite-400-rapido\/","name":"Cimento cola r\u00e1pido | ARGOCOLA ELITE 400 R\u00c1PIDO | Solo radiante","isPartOf":{"@id":"https:\/\/www.danosa.com\/pt-pt\/#website"},"datePublished":"2026-04-17T03:21:03+00:00","dateModified":"2026-04-17T03:21:05+00:00","description":"Cimento cola r\u00e1pido C2TES1 de altas presta\u00e7\u00f5es para pavimentos radiantes e para coloca\u00e7\u00e3o de pavimentos cer\u00e2micos e gr\u00e9s porcel\u00e2nico.","breadcrumb":{"@id":"https:\/\/www.danosa.com\/pt-pt\/produto\/argocola-elite-400-rapido\/#breadcrumb"},"inLanguage":"pt-PT","potentialAction":[{"@type":"ReadAction","target":["https:\/\/www.danosa.com\/pt-pt\/produto\/argocola-elite-400-rapido\/"]}]},{"@type":"BreadcrumbList","@id":"https:\/\/www.danosa.com\/pt-pt\/produto\/argocola-elite-400-rapido\/#breadcrumb","itemListElement":[{"@type":"ListItem","position":1,"name":"Portada","item":"https:\/\/www.danosa.com\/pt-pt\/"},{"@type":"ListItem","position":2,"name":"ARGOCOLA ELITE 400 RAPIDO"}]}]}},"_links":{"self":[{"href":"https:\/\/www.danosa.com\/pt-pt\/wp-json\/wp\/v2\/product\/3898"}],"collection":[{"href":"https:\/\/www.danosa.com\/pt-pt\/wp-json\/wp\/v2\/product"}],"about":[{"href":"https:\/\/www.danosa.com\/pt-pt\/wp-json\/wp\/v2\/types\/product"}],"wp:attachment":[{"href":"https:\/\/www.danosa.com\/pt-pt\/wp-json\/wp\/v2\/media?parent=3898"}],"wp:term":[{"taxonomy":"family","embeddable":true,"href":"https:\/\/www.danosa.com\/pt-pt\/wp-json\/wp\/v2\/family?post=3898"},{"taxonomy":"product_notice","embeddable":true,"href":"https:\/\/www.danosa.com\/pt-pt\/wp-json\/wp\/v2\/product_notice?post=3898"},{"taxonomy":"product_icon","embeddable":true,"href":"https:\/\/www.danosa.com\/pt-pt\/wp-json\/wp\/v2\/product_icon?post=3898"},{"taxonomy":"product_application","embeddable":true,"href":"https:\/\/www.danosa.com\/pt-pt\/wp-json\/wp\/v2\/product_application?post=3898"},{"taxonomy":"product_standards_certification","embeddable":true,"href":"https:\/\/www.danosa.com\/pt-pt\/wp-json\/wp\/v2\/product_standards_certification?post=3898"},{"taxonomy":"product_benefits","embeddable":true,"href":"https:\/\/www.danosa.com\/pt-pt\/wp-json\/wp\/v2\/product_benefits?post=3898"},{"taxonomy":"product_support","embeddable":true,"href":"https:\/\/www.danosa.com\/pt-pt\/wp-json\/wp\/v2\/product_support?post=3898"},{"taxonomy":"product_substrate_preparation","embeddable":true,"href":"https:\/\/www.danosa.com\/pt-pt\/wp-json\/wp\/v2\/product_substrate_preparation?post=3898"},{"taxonomy":"product_important_indications","embeddable":true,"href":"https:\/\/www.danosa.com\/pt-pt\/wp-json\/wp\/v2\/product_important_indications?post=3898"},{"taxonomy":"product_conservation","embeddable":true,"href":"https:\/\/www.danosa.com\/pt-pt\/wp-json\/wp\/v2\/product_conservation?post=3898"},{"taxonomy":"product_warning","embeddable":true,"href":"https:\/\/www.danosa.com\/pt-pt\/wp-json\/wp\/v2\/product_warning?post=3898"},{"taxonomy":"product_safety_hygiene","embeddable":true,"href":"https:\/\/www.danosa.com\/pt-pt\/wp-json\/wp\/v2\/product_safety_hygiene?post=3898"},{"taxonomy":"system_certification","embeddable":true,"href":"https:\/\/www.danosa.com\/pt-pt\/wp-json\/wp\/v2\/system_certification?post=3898"},{"taxonomy":"product_maintenance","embeddable":true,"href":"https:\/\/www.danosa.com\/pt-pt\/wp-json\/wp\/v2\/product_maintenance?post=3898"},{"taxonomy":"product_safety_datasheet","embeddable":true,"href":"https:\/\/www.danosa.com\/pt-pt\/wp-json\/wp\/v2\/product_safety_datasheet?post=3898"},{"taxonomy":"filter_special_uses","embeddable":true,"href":"https:\/\/www.danosa.com\/pt-pt\/wp-json\/wp\/v2\/filter_special_uses?post=3898"}],"curies":[{"name":"wp","href":"https:\/\/api.w.org\/{rel}","templated":true}]}}