{"id":3911,"date":"2026-04-16T16:21:06","date_gmt":"2026-04-16T15:21:06","guid":{"rendered":"https:\/\/www.danosa.com\/pt-pt\/blog\/product\/argotec-hermetic\/"},"modified":"2026-04-16T16:21:09","modified_gmt":"2026-04-16T15:21:09","slug":"argotec-hermetic","status":"publish","type":"product","link":"https:\/\/www.danosa.com\/pt-pt\/produto\/argotec-hermetic\/","title":{"rendered":"ARGOTEC HERMETIC"},"content":{"rendered":"<p>ARGOTEC\u00ae HERMETIC \u00e9 uma argamassa super flex\u00edvel e monocomponente pol\u00edmero modificada (PCC) para a uni\u00e3o de diversos materiais, formulada \u00e0 base de pol\u00edmeros especiais, ligantes e cargas multifuncionais que lhe conferem extraordin\u00e1ria elasticidade, capacidade herm\u00e9tica e ader\u00eancia a diferentes suportes.<\/p>\n","protected":false},"excerpt":{"rendered":"<p>Membrana herm\u00e9tica \u00e0 base de cimento para Edif\u00edcio deConsumo Quase Zero e Casas Passivas<\/p>\n","protected":false},"featured_media":0,"parent":0,"menu_order":0,"template":"","meta":{"inline_featured_image":false,"site-sidebar-layout":"default","site-content-layout":"default","ast-main-header-display":"","ast-hfb-above-header-display":"","ast-hfb-below-header-display":"","ast-hfb-mobile-header-display":"","site-post-title":"","ast-breadcrumbs-content":"","ast-featured-img":"","footer-sml-layout":"","theme-transparent-header-meta":"","adv-header-id-meta":"","stick-header-meta":"","header-above-stick-meta":"","header-main-stick-meta":"","header-below-stick-meta":""},"family":[6980],"product_notice":[120531],"product_icon":[],"product_application":[119365,119481],"product_standards_certification":[],"product_benefits":[118504,118519,118634,118662,118666,118672,118744,118840,118923],"product_support":[120272,120274,120285,120297,120306,120311,120315,120328],"product_substrate_preparation":[120488],"product_important_indications":[],"product_conservation":[120034],"product_warning":[120096,120120,120138,120145,120153,120204],"product_safety_hygiene":[120851,120854],"system_certification":[27863,27864],"product_maintenance":[],"product_safety_datasheet":[7037],"filter_special_uses":[],"acf":[],"yoast_head":"<!-- This site is optimized with the Yoast SEO plugin v18.1 - https:\/\/yoast.com\/wordpress\/plugins\/seo\/ -->\n<title>Argamassa superflex\u00edvel modificada com pol\u00edmeros PCC Argotec Hermetic<\/title>\n<meta name=\"description\" content=\"Argotec Hermetic: argamassa modificada de pol\u00edmero (PCC) super flex\u00edvel, de um componente, para edif\u00edcios de consumo quase zero e Passivhaus\" \/>\n<meta name=\"robots\" content=\"index, follow, max-snippet:-1, max-image-preview:large, max-video-preview:-1\" \/>\n<link rel=\"canonical\" href=\"https:\/\/www.danosa.com\/pt-pt\/produto\/argotec-hermetic\/\" \/>\n<meta property=\"og:locale\" content=\"pt_PT\" \/>\n<meta property=\"og:type\" content=\"article\" \/>\n<meta property=\"og:title\" content=\"Argamassa superflex\u00edvel modificada com pol\u00edmeros PCC Argotec Hermetic\" \/>\n<meta property=\"og:description\" content=\"Argotec Hermetic: argamassa modificada de pol\u00edmero (PCC) super flex\u00edvel, de um componente, para edif\u00edcios de consumo quase zero e Passivhaus\" \/>\n<meta property=\"og:url\" content=\"https:\/\/www.danosa.com\/pt-pt\/produto\/argotec-hermetic\/\" \/>\n<meta property=\"og:site_name\" content=\"Danosa | Solu\u00e7\u00f5es de constru\u00e7\u00e3o\" \/>\n<meta property=\"article:modified_time\" content=\"2026-04-16T15:21:09+00:00\" \/>\n<meta name=\"twitter:card\" content=\"summary_large_image\" \/>\n<script type=\"application\/ld+json\" class=\"yoast-schema-graph\">{\"@context\":\"https:\/\/schema.org\",\"@graph\":[{\"@type\":\"WebSite\",\"@id\":\"https:\/\/www.danosa.com\/pt-pt\/#website\",\"url\":\"https:\/\/www.danosa.com\/pt-pt\/\",\"name\":\"Danosa | Solu\u00e7\u00f5es de constru\u00e7\u00e3o\",\"description\":\"Impermeabiliza\u00e7\u00e3o, isolamento ac\u00fastico e t\u00e9rmico\",\"potentialAction\":[{\"@type\":\"SearchAction\",\"target\":{\"@type\":\"EntryPoint\",\"urlTemplate\":\"https:\/\/www.danosa.com\/pt-pt\/?s={search_term_string}\"},\"query-input\":\"required name=search_term_string\"}],\"inLanguage\":\"pt-PT\"},{\"@type\":\"WebPage\",\"@id\":\"https:\/\/www.danosa.com\/pt-pt\/produto\/argotec-hermetic\/#webpage\",\"url\":\"https:\/\/www.danosa.com\/pt-pt\/produto\/argotec-hermetic\/\",\"name\":\"Argamassa superflex\u00edvel modificada com pol\u00edmeros PCC Argotec Hermetic\",\"isPartOf\":{\"@id\":\"https:\/\/www.danosa.com\/pt-pt\/#website\"},\"datePublished\":\"2026-04-16T15:21:06+00:00\",\"dateModified\":\"2026-04-16T15:21:09+00:00\",\"description\":\"Argotec Hermetic: argamassa modificada de pol\u00edmero (PCC) super flex\u00edvel, de um componente, para edif\u00edcios de consumo quase zero e Passivhaus\",\"breadcrumb\":{\"@id\":\"https:\/\/www.danosa.com\/pt-pt\/produto\/argotec-hermetic\/#breadcrumb\"},\"inLanguage\":\"pt-PT\",\"potentialAction\":[{\"@type\":\"ReadAction\",\"target\":[\"https:\/\/www.danosa.com\/pt-pt\/produto\/argotec-hermetic\/\"]}]},{\"@type\":\"BreadcrumbList\",\"@id\":\"https:\/\/www.danosa.com\/pt-pt\/produto\/argotec-hermetic\/#breadcrumb\",\"itemListElement\":[{\"@type\":\"ListItem\",\"position\":1,\"name\":\"Portada\",\"item\":\"https:\/\/www.danosa.com\/pt-pt\/\"},{\"@type\":\"ListItem\",\"position\":2,\"name\":\"ARGOTEC HERMETIC\"}]}]}<\/script>\n<!-- \/ Yoast SEO plugin. -->","yoast_head_json":{"title":"Argamassa superflex\u00edvel modificada com pol\u00edmeros PCC Argotec Hermetic","description":"Argotec Hermetic: argamassa modificada de pol\u00edmero (PCC) super flex\u00edvel, de um componente, para edif\u00edcios de consumo quase zero e Passivhaus","robots":{"index":"index","follow":"follow","max-snippet":"max-snippet:-1","max-image-preview":"max-image-preview:large","max-video-preview":"max-video-preview:-1"},"canonical":"https:\/\/www.danosa.com\/pt-pt\/produto\/argotec-hermetic\/","og_locale":"pt_PT","og_type":"article","og_title":"Argamassa superflex\u00edvel modificada com pol\u00edmeros PCC Argotec Hermetic","og_description":"Argotec Hermetic: argamassa modificada de pol\u00edmero (PCC) super flex\u00edvel, de um componente, para edif\u00edcios de consumo quase zero e Passivhaus","og_url":"https:\/\/www.danosa.com\/pt-pt\/produto\/argotec-hermetic\/","og_site_name":"Danosa | Solu\u00e7\u00f5es de constru\u00e7\u00e3o","article_modified_time":"2026-04-16T15:21:09+00:00","twitter_card":"summary_large_image","schema":{"@context":"https:\/\/schema.org","@graph":[{"@type":"WebSite","@id":"https:\/\/www.danosa.com\/pt-pt\/#website","url":"https:\/\/www.danosa.com\/pt-pt\/","name":"Danosa | Solu\u00e7\u00f5es de constru\u00e7\u00e3o","description":"Impermeabiliza\u00e7\u00e3o, isolamento ac\u00fastico e t\u00e9rmico","potentialAction":[{"@type":"SearchAction","target":{"@type":"EntryPoint","urlTemplate":"https:\/\/www.danosa.com\/pt-pt\/?s={search_term_string}"},"query-input":"required name=search_term_string"}],"inLanguage":"pt-PT"},{"@type":"WebPage","@id":"https:\/\/www.danosa.com\/pt-pt\/produto\/argotec-hermetic\/#webpage","url":"https:\/\/www.danosa.com\/pt-pt\/produto\/argotec-hermetic\/","name":"Argamassa superflex\u00edvel modificada com pol\u00edmeros PCC Argotec Hermetic","isPartOf":{"@id":"https:\/\/www.danosa.com\/pt-pt\/#website"},"datePublished":"2026-04-16T15:21:06+00:00","dateModified":"2026-04-16T15:21:09+00:00","description":"Argotec Hermetic: argamassa modificada de pol\u00edmero (PCC) super flex\u00edvel, de um componente, para edif\u00edcios de consumo quase zero e Passivhaus","breadcrumb":{"@id":"https:\/\/www.danosa.com\/pt-pt\/produto\/argotec-hermetic\/#breadcrumb"},"inLanguage":"pt-PT","potentialAction":[{"@type":"ReadAction","target":["https:\/\/www.danosa.com\/pt-pt\/produto\/argotec-hermetic\/"]}]},{"@type":"BreadcrumbList","@id":"https:\/\/www.danosa.com\/pt-pt\/produto\/argotec-hermetic\/#breadcrumb","itemListElement":[{"@type":"ListItem","position":1,"name":"Portada","item":"https:\/\/www.danosa.com\/pt-pt\/"},{"@type":"ListItem","position":2,"name":"ARGOTEC HERMETIC"}]}]}},"_links":{"self":[{"href":"https:\/\/www.danosa.com\/pt-pt\/wp-json\/wp\/v2\/product\/3911"}],"collection":[{"href":"https:\/\/www.danosa.com\/pt-pt\/wp-json\/wp\/v2\/product"}],"about":[{"href":"https:\/\/www.danosa.com\/pt-pt\/wp-json\/wp\/v2\/types\/product"}],"wp:attachment":[{"href":"https:\/\/www.danosa.com\/pt-pt\/wp-json\/wp\/v2\/media?parent=3911"}],"wp:term":[{"taxonomy":"family","embeddable":true,"href":"https:\/\/www.danosa.com\/pt-pt\/wp-json\/wp\/v2\/family?post=3911"},{"taxonomy":"product_notice","embeddable":true,"href":"https:\/\/www.danosa.com\/pt-pt\/wp-json\/wp\/v2\/product_notice?post=3911"},{"taxonomy":"product_icon","embeddable":true,"href":"https:\/\/www.danosa.com\/pt-pt\/wp-json\/wp\/v2\/product_icon?post=3911"},{"taxonomy":"product_application","embeddable":true,"href":"https:\/\/www.danosa.com\/pt-pt\/wp-json\/wp\/v2\/product_application?post=3911"},{"taxonomy":"product_standards_certification","embeddable":true,"href":"https:\/\/www.danosa.com\/pt-pt\/wp-json\/wp\/v2\/product_standards_certification?post=3911"},{"taxonomy":"product_benefits","embeddable":true,"href":"https:\/\/www.danosa.com\/pt-pt\/wp-json\/wp\/v2\/product_benefits?post=3911"},{"taxonomy":"product_support","embeddable":true,"href":"https:\/\/www.danosa.com\/pt-pt\/wp-json\/wp\/v2\/product_support?post=3911"},{"taxonomy":"product_substrate_preparation","embeddable":true,"href":"https:\/\/www.danosa.com\/pt-pt\/wp-json\/wp\/v2\/product_substrate_preparation?post=3911"},{"taxonomy":"product_important_indications","embeddable":true,"href":"https:\/\/www.danosa.com\/pt-pt\/wp-json\/wp\/v2\/product_important_indications?post=3911"},{"taxonomy":"product_conservation","embeddable":true,"href":"https:\/\/www.danosa.com\/pt-pt\/wp-json\/wp\/v2\/product_conservation?post=3911"},{"taxonomy":"product_warning","embeddable":true,"href":"https:\/\/www.danosa.com\/pt-pt\/wp-json\/wp\/v2\/product_warning?post=3911"},{"taxonomy":"product_safety_hygiene","embeddable":true,"href":"https:\/\/www.danosa.com\/pt-pt\/wp-json\/wp\/v2\/product_safety_hygiene?post=3911"},{"taxonomy":"system_certification","embeddable":true,"href":"https:\/\/www.danosa.com\/pt-pt\/wp-json\/wp\/v2\/system_certification?post=3911"},{"taxonomy":"product_maintenance","embeddable":true,"href":"https:\/\/www.danosa.com\/pt-pt\/wp-json\/wp\/v2\/product_maintenance?post=3911"},{"taxonomy":"product_safety_datasheet","embeddable":true,"href":"https:\/\/www.danosa.com\/pt-pt\/wp-json\/wp\/v2\/product_safety_datasheet?post=3911"},{"taxonomy":"filter_special_uses","embeddable":true,"href":"https:\/\/www.danosa.com\/pt-pt\/wp-json\/wp\/v2\/filter_special_uses?post=3911"}],"curies":[{"name":"wp","href":"https:\/\/api.w.org\/{rel}","templated":true}]}}