{"id":3918,"date":"2026-04-16T16:21:10","date_gmt":"2026-04-16T15:21:10","guid":{"rendered":"https:\/\/www.danosa.com\/pt-pt\/blog\/product\/argotec-reparacion-r4-fluido\/"},"modified":"2026-04-16T16:21:13","modified_gmt":"2026-04-16T15:21:13","slug":"argotec-reparacion-r4-fluido","status":"publish","type":"product","link":"https:\/\/www.danosa.com\/pt-pt\/produto\/argotec-reparacion-r4-fluido\/","title":{"rendered":"ARGOTEC REPARACION R4 FLUIDO"},"content":{"rendered":"<p>ARGOTEC REPARA\u00c7\u00c3O R4 FLUIDO \u00e9 uma argamassa polim\u00e9rica tixotr\u00f3pica modificada (PCC) flu\u00edda monocomponente, de alta resist\u00eancia, anti-retrac\u00e7\u00e3o, para repara\u00e7\u00e3o estrutural de elementos de bet\u00e3o, formulada a partir de uma mistura de ligantes hidr\u00e1ulicos, agregados seleccionados, pol\u00edmeros e fibras que proporcionam uma excelente ader\u00eancia e propriedades mec\u00e2nicas.<\/p>\n","protected":false},"excerpt":{"rendered":"<p>Argamassa flu\u00edda de repara\u00e7\u00e3o estrutural de bet\u00e3o<\/p>\n","protected":false},"featured_media":0,"parent":0,"menu_order":0,"template":"","meta":{"inline_featured_image":false,"site-sidebar-layout":"default","site-content-layout":"default","ast-main-header-display":"","ast-hfb-above-header-display":"","ast-hfb-below-header-display":"","ast-hfb-mobile-header-display":"","site-post-title":"","ast-breadcrumbs-content":"","ast-featured-img":"","footer-sml-layout":"","theme-transparent-header-meta":"","adv-header-id-meta":"","stick-header-meta":"","header-above-stick-meta":"","header-main-stick-meta":"","header-below-stick-meta":""},"family":[7210],"product_notice":[120531],"product_icon":[],"product_application":[119166,119418,119472,119473,119600],"product_standards_certification":[],"product_benefits":[118662,118673,118678,118691,118920,118929,118935,118993],"product_support":[120325],"product_substrate_preparation":[120476,120486,120487,120488,120489,120502],"product_important_indications":[],"product_conservation":[120038],"product_warning":[120145,120153,120160,120161,120186,120204],"product_safety_hygiene":[120851,120854],"system_certification":[],"product_maintenance":[],"product_safety_datasheet":[46035],"filter_special_uses":[],"acf":[],"yoast_head":"<!-- This site is optimized with the Yoast SEO plugin v18.1 - https:\/\/yoast.com\/wordpress\/plugins\/seo\/ -->\n<title>Argamassa fluida para repara\u00e7\u00e3o de bet\u00e3o | Argotec R4 R\u00e1pido<\/title>\n<meta name=\"description\" content=\"Argamassa fluida R4 para repara\u00e7\u00e3o estrutural de elementos de concreto e pr\u00e9-moldados. Reabilita\u00e7\u00e3o de pavimentos por remendos. Danosa.\" \/>\n<meta name=\"robots\" content=\"index, follow, max-snippet:-1, max-image-preview:large, max-video-preview:-1\" \/>\n<link rel=\"canonical\" href=\"https:\/\/www.danosa.com\/pt-pt\/produto\/argotec-reparacion-r4-fluido\/\" \/>\n<meta property=\"og:locale\" content=\"pt_PT\" \/>\n<meta property=\"og:type\" content=\"article\" \/>\n<meta property=\"og:title\" content=\"Argamassa fluida para repara\u00e7\u00e3o de bet\u00e3o | Argotec R4 R\u00e1pido\" \/>\n<meta property=\"og:description\" content=\"Argamassa fluida R4 para repara\u00e7\u00e3o estrutural de elementos de concreto e pr\u00e9-moldados. Reabilita\u00e7\u00e3o de pavimentos por remendos. Danosa.\" \/>\n<meta property=\"og:url\" content=\"https:\/\/www.danosa.com\/pt-pt\/produto\/argotec-reparacion-r4-fluido\/\" \/>\n<meta property=\"og:site_name\" content=\"Danosa | Solu\u00e7\u00f5es de constru\u00e7\u00e3o\" \/>\n<meta property=\"article:modified_time\" content=\"2026-04-16T15:21:13+00:00\" \/>\n<meta name=\"twitter:card\" content=\"summary_large_image\" \/>\n<script type=\"application\/ld+json\" class=\"yoast-schema-graph\">{\"@context\":\"https:\/\/schema.org\",\"@graph\":[{\"@type\":\"WebSite\",\"@id\":\"https:\/\/www.danosa.com\/pt-pt\/#website\",\"url\":\"https:\/\/www.danosa.com\/pt-pt\/\",\"name\":\"Danosa | Solu\u00e7\u00f5es de constru\u00e7\u00e3o\",\"description\":\"Impermeabiliza\u00e7\u00e3o, isolamento ac\u00fastico e t\u00e9rmico\",\"potentialAction\":[{\"@type\":\"SearchAction\",\"target\":{\"@type\":\"EntryPoint\",\"urlTemplate\":\"https:\/\/www.danosa.com\/pt-pt\/?s={search_term_string}\"},\"query-input\":\"required name=search_term_string\"}],\"inLanguage\":\"pt-PT\"},{\"@type\":\"WebPage\",\"@id\":\"https:\/\/www.danosa.com\/pt-pt\/produto\/argotec-reparacion-r4-fluido\/#webpage\",\"url\":\"https:\/\/www.danosa.com\/pt-pt\/produto\/argotec-reparacion-r4-fluido\/\",\"name\":\"Argamassa fluida para repara\u00e7\u00e3o de bet\u00e3o | Argotec R4 R\u00e1pido\",\"isPartOf\":{\"@id\":\"https:\/\/www.danosa.com\/pt-pt\/#website\"},\"datePublished\":\"2026-04-16T15:21:10+00:00\",\"dateModified\":\"2026-04-16T15:21:13+00:00\",\"description\":\"Argamassa fluida R4 para repara\u00e7\u00e3o estrutural de elementos de concreto e pr\u00e9-moldados. Reabilita\u00e7\u00e3o de pavimentos por remendos. Danosa.\",\"breadcrumb\":{\"@id\":\"https:\/\/www.danosa.com\/pt-pt\/produto\/argotec-reparacion-r4-fluido\/#breadcrumb\"},\"inLanguage\":\"pt-PT\",\"potentialAction\":[{\"@type\":\"ReadAction\",\"target\":[\"https:\/\/www.danosa.com\/pt-pt\/produto\/argotec-reparacion-r4-fluido\/\"]}]},{\"@type\":\"BreadcrumbList\",\"@id\":\"https:\/\/www.danosa.com\/pt-pt\/produto\/argotec-reparacion-r4-fluido\/#breadcrumb\",\"itemListElement\":[{\"@type\":\"ListItem\",\"position\":1,\"name\":\"Portada\",\"item\":\"https:\/\/www.danosa.com\/pt-pt\/\"},{\"@type\":\"ListItem\",\"position\":2,\"name\":\"ARGOTEC REPARACION R4 FLUIDO\"}]}]}<\/script>\n<!-- \/ Yoast SEO plugin. -->","yoast_head_json":{"title":"Argamassa fluida para repara\u00e7\u00e3o de bet\u00e3o | Argotec R4 R\u00e1pido","description":"Argamassa fluida R4 para repara\u00e7\u00e3o estrutural de elementos de concreto e pr\u00e9-moldados. Reabilita\u00e7\u00e3o de pavimentos por remendos. Danosa.","robots":{"index":"index","follow":"follow","max-snippet":"max-snippet:-1","max-image-preview":"max-image-preview:large","max-video-preview":"max-video-preview:-1"},"canonical":"https:\/\/www.danosa.com\/pt-pt\/produto\/argotec-reparacion-r4-fluido\/","og_locale":"pt_PT","og_type":"article","og_title":"Argamassa fluida para repara\u00e7\u00e3o de bet\u00e3o | Argotec R4 R\u00e1pido","og_description":"Argamassa fluida R4 para repara\u00e7\u00e3o estrutural de elementos de concreto e pr\u00e9-moldados. Reabilita\u00e7\u00e3o de pavimentos por remendos. Danosa.","og_url":"https:\/\/www.danosa.com\/pt-pt\/produto\/argotec-reparacion-r4-fluido\/","og_site_name":"Danosa | Solu\u00e7\u00f5es de constru\u00e7\u00e3o","article_modified_time":"2026-04-16T15:21:13+00:00","twitter_card":"summary_large_image","schema":{"@context":"https:\/\/schema.org","@graph":[{"@type":"WebSite","@id":"https:\/\/www.danosa.com\/pt-pt\/#website","url":"https:\/\/www.danosa.com\/pt-pt\/","name":"Danosa | Solu\u00e7\u00f5es de constru\u00e7\u00e3o","description":"Impermeabiliza\u00e7\u00e3o, isolamento ac\u00fastico e t\u00e9rmico","potentialAction":[{"@type":"SearchAction","target":{"@type":"EntryPoint","urlTemplate":"https:\/\/www.danosa.com\/pt-pt\/?s={search_term_string}"},"query-input":"required name=search_term_string"}],"inLanguage":"pt-PT"},{"@type":"WebPage","@id":"https:\/\/www.danosa.com\/pt-pt\/produto\/argotec-reparacion-r4-fluido\/#webpage","url":"https:\/\/www.danosa.com\/pt-pt\/produto\/argotec-reparacion-r4-fluido\/","name":"Argamassa fluida para repara\u00e7\u00e3o de bet\u00e3o | Argotec R4 R\u00e1pido","isPartOf":{"@id":"https:\/\/www.danosa.com\/pt-pt\/#website"},"datePublished":"2026-04-16T15:21:10+00:00","dateModified":"2026-04-16T15:21:13+00:00","description":"Argamassa fluida R4 para repara\u00e7\u00e3o estrutural de elementos de concreto e pr\u00e9-moldados. Reabilita\u00e7\u00e3o de pavimentos por remendos. Danosa.","breadcrumb":{"@id":"https:\/\/www.danosa.com\/pt-pt\/produto\/argotec-reparacion-r4-fluido\/#breadcrumb"},"inLanguage":"pt-PT","potentialAction":[{"@type":"ReadAction","target":["https:\/\/www.danosa.com\/pt-pt\/produto\/argotec-reparacion-r4-fluido\/"]}]},{"@type":"BreadcrumbList","@id":"https:\/\/www.danosa.com\/pt-pt\/produto\/argotec-reparacion-r4-fluido\/#breadcrumb","itemListElement":[{"@type":"ListItem","position":1,"name":"Portada","item":"https:\/\/www.danosa.com\/pt-pt\/"},{"@type":"ListItem","position":2,"name":"ARGOTEC REPARACION R4 FLUIDO"}]}]}},"_links":{"self":[{"href":"https:\/\/www.danosa.com\/pt-pt\/wp-json\/wp\/v2\/product\/3918"}],"collection":[{"href":"https:\/\/www.danosa.com\/pt-pt\/wp-json\/wp\/v2\/product"}],"about":[{"href":"https:\/\/www.danosa.com\/pt-pt\/wp-json\/wp\/v2\/types\/product"}],"wp:attachment":[{"href":"https:\/\/www.danosa.com\/pt-pt\/wp-json\/wp\/v2\/media?parent=3918"}],"wp:term":[{"taxonomy":"family","embeddable":true,"href":"https:\/\/www.danosa.com\/pt-pt\/wp-json\/wp\/v2\/family?post=3918"},{"taxonomy":"product_notice","embeddable":true,"href":"https:\/\/www.danosa.com\/pt-pt\/wp-json\/wp\/v2\/product_notice?post=3918"},{"taxonomy":"product_icon","embeddable":true,"href":"https:\/\/www.danosa.com\/pt-pt\/wp-json\/wp\/v2\/product_icon?post=3918"},{"taxonomy":"product_application","embeddable":true,"href":"https:\/\/www.danosa.com\/pt-pt\/wp-json\/wp\/v2\/product_application?post=3918"},{"taxonomy":"product_standards_certification","embeddable":true,"href":"https:\/\/www.danosa.com\/pt-pt\/wp-json\/wp\/v2\/product_standards_certification?post=3918"},{"taxonomy":"product_benefits","embeddable":true,"href":"https:\/\/www.danosa.com\/pt-pt\/wp-json\/wp\/v2\/product_benefits?post=3918"},{"taxonomy":"product_support","embeddable":true,"href":"https:\/\/www.danosa.com\/pt-pt\/wp-json\/wp\/v2\/product_support?post=3918"},{"taxonomy":"product_substrate_preparation","embeddable":true,"href":"https:\/\/www.danosa.com\/pt-pt\/wp-json\/wp\/v2\/product_substrate_preparation?post=3918"},{"taxonomy":"product_important_indications","embeddable":true,"href":"https:\/\/www.danosa.com\/pt-pt\/wp-json\/wp\/v2\/product_important_indications?post=3918"},{"taxonomy":"product_conservation","embeddable":true,"href":"https:\/\/www.danosa.com\/pt-pt\/wp-json\/wp\/v2\/product_conservation?post=3918"},{"taxonomy":"product_warning","embeddable":true,"href":"https:\/\/www.danosa.com\/pt-pt\/wp-json\/wp\/v2\/product_warning?post=3918"},{"taxonomy":"product_safety_hygiene","embeddable":true,"href":"https:\/\/www.danosa.com\/pt-pt\/wp-json\/wp\/v2\/product_safety_hygiene?post=3918"},{"taxonomy":"system_certification","embeddable":true,"href":"https:\/\/www.danosa.com\/pt-pt\/wp-json\/wp\/v2\/system_certification?post=3918"},{"taxonomy":"product_maintenance","embeddable":true,"href":"https:\/\/www.danosa.com\/pt-pt\/wp-json\/wp\/v2\/product_maintenance?post=3918"},{"taxonomy":"product_safety_datasheet","embeddable":true,"href":"https:\/\/www.danosa.com\/pt-pt\/wp-json\/wp\/v2\/product_safety_datasheet?post=3918"},{"taxonomy":"filter_special_uses","embeddable":true,"href":"https:\/\/www.danosa.com\/pt-pt\/wp-json\/wp\/v2\/filter_special_uses?post=3918"}],"curies":[{"name":"wp","href":"https:\/\/api.w.org\/{rel}","templated":true}]}}