{"id":3921,"date":"2026-04-09T04:21:08","date_gmt":"2026-04-09T03:21:08","guid":{"rendered":"https:\/\/www.danosa.com\/pt-pt\/blog\/product\/arjunt-universal\/"},"modified":"2026-04-09T04:21:11","modified_gmt":"2026-04-09T03:21:11","slug":"arjunt-universal","status":"publish","type":"product","link":"https:\/\/www.danosa.com\/pt-pt\/produto\/arjunt-universal\/","title":{"rendered":"ARJUNT UNIVERSAL"},"content":{"rendered":"<p>ARJUNT UNIVERSAL \u00e9 uma argamassa polim\u00e9rica modificada colorida \u00e0 base de ligantes hidr\u00e1ulicos, resinas e aditivos, al\u00e9m de incorporar um agente biocida de amplo espectro que confere ao produto uma capacidade algicida e fungicida para uso em contato com \u00e1gua e \u00e1reas h\u00famidas.<\/p>\n","protected":false},"excerpt":{"rendered":"<p>Argamassa de betuma\u00e7\u00e3o para cer\u00e2mica<\/p>\n","protected":false},"featured_media":0,"parent":0,"menu_order":0,"template":"","meta":{"inline_featured_image":false,"site-sidebar-layout":"default","site-content-layout":"default","ast-main-header-display":"","ast-hfb-above-header-display":"","ast-hfb-below-header-display":"","ast-hfb-mobile-header-display":"","site-post-title":"","ast-breadcrumbs-content":"","ast-featured-img":"","footer-sml-layout":"","theme-transparent-header-meta":"","adv-header-id-meta":"","stick-header-meta":"","header-above-stick-meta":"","header-main-stick-meta":"","header-below-stick-meta":""},"family":[7206],"product_notice":[120531],"product_icon":[],"product_application":[119104,119274,119325,119501],"product_standards_certification":[],"product_benefits":[118494,118520,118606,118626,118667,118672,118675,118698,118706],"product_support":[120346],"product_substrate_preparation":[120473,120484,120488,120500],"product_important_indications":[],"product_conservation":[120037],"product_warning":[120093,120145,120153,120160,120162],"product_safety_hygiene":[],"system_certification":[],"product_maintenance":[],"product_safety_datasheet":[7143],"filter_special_uses":[],"acf":[],"yoast_head":"<!-- This site is optimized with the Yoast SEO plugin v18.1 - https:\/\/yoast.com\/wordpress\/plugins\/seo\/ -->\n<title>Argamassa de rejuntamento de cer\u00e2mica | Gama cores | Arjunt Universal<\/title>\n<meta name=\"description\" content=\"Argamassa de rejunte para cer\u00e2mica, porcelanato, m\u00e1rmore, pedra natural, pol\u00edmero colorido modificado. Grande capacidade algicida e fungicida\" \/>\n<meta name=\"robots\" content=\"index, follow, max-snippet:-1, max-image-preview:large, max-video-preview:-1\" \/>\n<link rel=\"canonical\" href=\"https:\/\/www.danosa.com\/pt-pt\/produto\/arjunt-universal\/\" \/>\n<meta property=\"og:locale\" content=\"pt_PT\" \/>\n<meta property=\"og:type\" content=\"article\" \/>\n<meta property=\"og:title\" content=\"Argamassa de rejuntamento de cer\u00e2mica | Gama cores | Arjunt Universal\" \/>\n<meta property=\"og:description\" content=\"Argamassa de rejunte para cer\u00e2mica, porcelanato, m\u00e1rmore, pedra natural, pol\u00edmero colorido modificado. Grande capacidade algicida e fungicida\" \/>\n<meta property=\"og:url\" content=\"https:\/\/www.danosa.com\/pt-pt\/produto\/arjunt-universal\/\" \/>\n<meta property=\"og:site_name\" content=\"Danosa | Solu\u00e7\u00f5es de constru\u00e7\u00e3o\" \/>\n<meta property=\"article:modified_time\" content=\"2026-04-09T03:21:11+00:00\" \/>\n<meta name=\"twitter:card\" content=\"summary_large_image\" \/>\n<script type=\"application\/ld+json\" class=\"yoast-schema-graph\">{\"@context\":\"https:\/\/schema.org\",\"@graph\":[{\"@type\":\"WebSite\",\"@id\":\"https:\/\/www.danosa.com\/pt-pt\/#website\",\"url\":\"https:\/\/www.danosa.com\/pt-pt\/\",\"name\":\"Danosa | Solu\u00e7\u00f5es de constru\u00e7\u00e3o\",\"description\":\"Impermeabiliza\u00e7\u00e3o, isolamento ac\u00fastico e t\u00e9rmico\",\"potentialAction\":[{\"@type\":\"SearchAction\",\"target\":{\"@type\":\"EntryPoint\",\"urlTemplate\":\"https:\/\/www.danosa.com\/pt-pt\/?s={search_term_string}\"},\"query-input\":\"required name=search_term_string\"}],\"inLanguage\":\"pt-PT\"},{\"@type\":\"WebPage\",\"@id\":\"https:\/\/www.danosa.com\/pt-pt\/produto\/arjunt-universal\/#webpage\",\"url\":\"https:\/\/www.danosa.com\/pt-pt\/produto\/arjunt-universal\/\",\"name\":\"Argamassa de rejuntamento de cer\u00e2mica | Gama cores | Arjunt Universal\",\"isPartOf\":{\"@id\":\"https:\/\/www.danosa.com\/pt-pt\/#website\"},\"datePublished\":\"2026-04-09T03:21:08+00:00\",\"dateModified\":\"2026-04-09T03:21:11+00:00\",\"description\":\"Argamassa de rejunte para cer\u00e2mica, porcelanato, m\u00e1rmore, pedra natural, pol\u00edmero colorido modificado. Grande capacidade algicida e fungicida\",\"breadcrumb\":{\"@id\":\"https:\/\/www.danosa.com\/pt-pt\/produto\/arjunt-universal\/#breadcrumb\"},\"inLanguage\":\"pt-PT\",\"potentialAction\":[{\"@type\":\"ReadAction\",\"target\":[\"https:\/\/www.danosa.com\/pt-pt\/produto\/arjunt-universal\/\"]}]},{\"@type\":\"BreadcrumbList\",\"@id\":\"https:\/\/www.danosa.com\/pt-pt\/produto\/arjunt-universal\/#breadcrumb\",\"itemListElement\":[{\"@type\":\"ListItem\",\"position\":1,\"name\":\"Portada\",\"item\":\"https:\/\/www.danosa.com\/pt-pt\/\"},{\"@type\":\"ListItem\",\"position\":2,\"name\":\"ARJUNT UNIVERSAL\"}]}]}<\/script>\n<!-- \/ Yoast SEO plugin. -->","yoast_head_json":{"title":"Argamassa de rejuntamento de cer\u00e2mica | Gama cores | Arjunt Universal","description":"Argamassa de rejunte para cer\u00e2mica, porcelanato, m\u00e1rmore, pedra natural, pol\u00edmero colorido modificado. Grande capacidade algicida e fungicida","robots":{"index":"index","follow":"follow","max-snippet":"max-snippet:-1","max-image-preview":"max-image-preview:large","max-video-preview":"max-video-preview:-1"},"canonical":"https:\/\/www.danosa.com\/pt-pt\/produto\/arjunt-universal\/","og_locale":"pt_PT","og_type":"article","og_title":"Argamassa de rejuntamento de cer\u00e2mica | Gama cores | Arjunt Universal","og_description":"Argamassa de rejunte para cer\u00e2mica, porcelanato, m\u00e1rmore, pedra natural, pol\u00edmero colorido modificado. Grande capacidade algicida e fungicida","og_url":"https:\/\/www.danosa.com\/pt-pt\/produto\/arjunt-universal\/","og_site_name":"Danosa | Solu\u00e7\u00f5es de constru\u00e7\u00e3o","article_modified_time":"2026-04-09T03:21:11+00:00","twitter_card":"summary_large_image","schema":{"@context":"https:\/\/schema.org","@graph":[{"@type":"WebSite","@id":"https:\/\/www.danosa.com\/pt-pt\/#website","url":"https:\/\/www.danosa.com\/pt-pt\/","name":"Danosa | Solu\u00e7\u00f5es de constru\u00e7\u00e3o","description":"Impermeabiliza\u00e7\u00e3o, isolamento ac\u00fastico e t\u00e9rmico","potentialAction":[{"@type":"SearchAction","target":{"@type":"EntryPoint","urlTemplate":"https:\/\/www.danosa.com\/pt-pt\/?s={search_term_string}"},"query-input":"required name=search_term_string"}],"inLanguage":"pt-PT"},{"@type":"WebPage","@id":"https:\/\/www.danosa.com\/pt-pt\/produto\/arjunt-universal\/#webpage","url":"https:\/\/www.danosa.com\/pt-pt\/produto\/arjunt-universal\/","name":"Argamassa de rejuntamento de cer\u00e2mica | Gama cores | Arjunt Universal","isPartOf":{"@id":"https:\/\/www.danosa.com\/pt-pt\/#website"},"datePublished":"2026-04-09T03:21:08+00:00","dateModified":"2026-04-09T03:21:11+00:00","description":"Argamassa de rejunte para cer\u00e2mica, porcelanato, m\u00e1rmore, pedra natural, pol\u00edmero colorido modificado. Grande capacidade algicida e fungicida","breadcrumb":{"@id":"https:\/\/www.danosa.com\/pt-pt\/produto\/arjunt-universal\/#breadcrumb"},"inLanguage":"pt-PT","potentialAction":[{"@type":"ReadAction","target":["https:\/\/www.danosa.com\/pt-pt\/produto\/arjunt-universal\/"]}]},{"@type":"BreadcrumbList","@id":"https:\/\/www.danosa.com\/pt-pt\/produto\/arjunt-universal\/#breadcrumb","itemListElement":[{"@type":"ListItem","position":1,"name":"Portada","item":"https:\/\/www.danosa.com\/pt-pt\/"},{"@type":"ListItem","position":2,"name":"ARJUNT UNIVERSAL"}]}]}},"_links":{"self":[{"href":"https:\/\/www.danosa.com\/pt-pt\/wp-json\/wp\/v2\/product\/3921"}],"collection":[{"href":"https:\/\/www.danosa.com\/pt-pt\/wp-json\/wp\/v2\/product"}],"about":[{"href":"https:\/\/www.danosa.com\/pt-pt\/wp-json\/wp\/v2\/types\/product"}],"wp:attachment":[{"href":"https:\/\/www.danosa.com\/pt-pt\/wp-json\/wp\/v2\/media?parent=3921"}],"wp:term":[{"taxonomy":"family","embeddable":true,"href":"https:\/\/www.danosa.com\/pt-pt\/wp-json\/wp\/v2\/family?post=3921"},{"taxonomy":"product_notice","embeddable":true,"href":"https:\/\/www.danosa.com\/pt-pt\/wp-json\/wp\/v2\/product_notice?post=3921"},{"taxonomy":"product_icon","embeddable":true,"href":"https:\/\/www.danosa.com\/pt-pt\/wp-json\/wp\/v2\/product_icon?post=3921"},{"taxonomy":"product_application","embeddable":true,"href":"https:\/\/www.danosa.com\/pt-pt\/wp-json\/wp\/v2\/product_application?post=3921"},{"taxonomy":"product_standards_certification","embeddable":true,"href":"https:\/\/www.danosa.com\/pt-pt\/wp-json\/wp\/v2\/product_standards_certification?post=3921"},{"taxonomy":"product_benefits","embeddable":true,"href":"https:\/\/www.danosa.com\/pt-pt\/wp-json\/wp\/v2\/product_benefits?post=3921"},{"taxonomy":"product_support","embeddable":true,"href":"https:\/\/www.danosa.com\/pt-pt\/wp-json\/wp\/v2\/product_support?post=3921"},{"taxonomy":"product_substrate_preparation","embeddable":true,"href":"https:\/\/www.danosa.com\/pt-pt\/wp-json\/wp\/v2\/product_substrate_preparation?post=3921"},{"taxonomy":"product_important_indications","embeddable":true,"href":"https:\/\/www.danosa.com\/pt-pt\/wp-json\/wp\/v2\/product_important_indications?post=3921"},{"taxonomy":"product_conservation","embeddable":true,"href":"https:\/\/www.danosa.com\/pt-pt\/wp-json\/wp\/v2\/product_conservation?post=3921"},{"taxonomy":"product_warning","embeddable":true,"href":"https:\/\/www.danosa.com\/pt-pt\/wp-json\/wp\/v2\/product_warning?post=3921"},{"taxonomy":"product_safety_hygiene","embeddable":true,"href":"https:\/\/www.danosa.com\/pt-pt\/wp-json\/wp\/v2\/product_safety_hygiene?post=3921"},{"taxonomy":"system_certification","embeddable":true,"href":"https:\/\/www.danosa.com\/pt-pt\/wp-json\/wp\/v2\/system_certification?post=3921"},{"taxonomy":"product_maintenance","embeddable":true,"href":"https:\/\/www.danosa.com\/pt-pt\/wp-json\/wp\/v2\/product_maintenance?post=3921"},{"taxonomy":"product_safety_datasheet","embeddable":true,"href":"https:\/\/www.danosa.com\/pt-pt\/wp-json\/wp\/v2\/product_safety_datasheet?post=3921"},{"taxonomy":"filter_special_uses","embeddable":true,"href":"https:\/\/www.danosa.com\/pt-pt\/wp-json\/wp\/v2\/filter_special_uses?post=3921"}],"curies":[{"name":"wp","href":"https:\/\/api.w.org\/{rel}","templated":true}]}}